{"id":4763,"date":"2024-10-05T16:03:34","date_gmt":"2024-10-05T19:03:34","guid":{"rendered":"https:\/\/atividademapa.com\/?post_type=product&#038;p=4763"},"modified":"2024-11-21T11:41:42","modified_gmt":"2024-11-21T14:41:42","slug":"mapa-tecnico-em-desenvolvimento-de-sistemas-modulo-94","status":"publish","type":"product","link":"https:\/\/atividademapa.com\/?product=mapa-tecnico-em-desenvolvimento-de-sistemas-modulo-94","title":{"rendered":"MAPA &#8211; T\u00e9cnico em Desenvolvimento de Sistemas &#8211; M\u00f3dulo 94"},"content":{"rendered":"<p><strong>T\u00c9CNICO EM DESENVOLVIMENTO DE SISTEMAS \u2013 M\u00f3dulo 94<\/strong><\/p>\n<p>A Programa\u00e7\u00e3o Orientada a Objetos (POO) e o uso de Banco de Dados s\u00e3o conceitos essenciais para um t\u00e9cnico em Desenvolvimento de Sistemas, pois s\u00e3o necessariamente a base o desenvolvimento de aplica\u00e7\u00f5es robustas, escal\u00e1veis e pass\u00edveis de manutenibilidade. A POO permite organizar o c\u00f3digo em torno de objetos, que representam entidades do mundo real. Isso facilita a modelagem de sistemas complexos, promovendo a reutiliza\u00e7\u00e3o de c\u00f3digo, empregando os conceitos de heran\u00e7a, a flexibilidade do polimorfismo, e a prote\u00e7\u00e3o de dados com o encapsulamento. Ao pensar em termos de objetos e suas intera\u00e7\u00f5es, o desenvolvedor cria sistemas mais modulares e adapt\u00e1veis a mudan\u00e7as. Bancos de dados, por sua vez, s\u00e3o necess\u00e1rios para armazenar, gerenciar e recuperar grandes volumes de informa\u00e7\u00f5es de forma eficiente e segura. A integra\u00e7\u00e3o de POO com bancos de dados permite criar aplica\u00e7\u00f5es que n\u00e3o apenas manipulam dados de forma eficaz, mas tamb\u00e9m mant\u00eam a l\u00f3gica de neg\u00f3cios clara e organizada. A capacidade de criar e gerenciar tabelas, consultas e relacionamentos entre dados \u00e9 vital para que as aplica\u00e7\u00f5es funcionem de forma integrada e responsiva. Espera-se que um T\u00e9cnico em Desenvolvimento de Sistemas seja capaz de desenvolver sistemas confi\u00e1veis que atendam \u00e0s necessidades dos stakeholders, al\u00e9m de facilitar a manuten\u00e7\u00e3o e evolu\u00e7\u00e3o cont\u00ednua das aplica\u00e7\u00f5es.<br \/>\nO diagrama de classes \u00e9 uma ferramenta essencial na Programa\u00e7\u00e3o Orientada a Objetos (POO) pois permite a visualiza\u00e7\u00e3o e o planejamento da estrutura de um sistema antes de sua implementa\u00e7\u00e3o. Geralmente descrita em Linguagem UML (Unified Modeling Language) o diagrama de classes oferece uma representa\u00e7\u00e3o gr\u00e1fica das classes, seus atributos, m\u00e9todos e as rela\u00e7\u00f5es entre elas, oferecendo uma vis\u00e3o estruturada e planejada do sistema, ajudando a manter a coes\u00e3o, modularidade e clareza durante o desenvolvimento do software.<\/p>\n<p>Tendo em vista o que foi apresentado e os conte\u00fados aprendidos durante o m\u00f3dulo, chegou a hora de realizar sua atividade MAPA! Vamos l\u00e1?<\/p>\n<p>1. Realize a leitura\/interpreta\u00e7\u00e3o do diagrama de classes abaixo escrito em linguagem UML\u200b:<\/p>\n<p><img data-recalc-dims=\"1\" loading=\"lazy\" decoding=\"async\" class=\"alignnone  wp-image-4768\" src=\"https:\/\/i0.wp.com\/atividademapa.com\/wp-content\/uploads\/2024\/10\/Tecnico-em-Desenvolvimento-de-Sistemas-94.png?resize=344%2C250&#038;ssl=1\" alt=\"\" width=\"344\" height=\"250\" srcset=\"https:\/\/i0.wp.com\/atividademapa.com\/wp-content\/uploads\/2024\/10\/Tecnico-em-Desenvolvimento-de-Sistemas-94.png?resize=300%2C218&amp;ssl=1 300w, https:\/\/i0.wp.com\/atividademapa.com\/wp-content\/uploads\/2024\/10\/Tecnico-em-Desenvolvimento-de-Sistemas-94.png?resize=150%2C109&amp;ssl=1 150w, https:\/\/i0.wp.com\/atividademapa.com\/wp-content\/uploads\/2024\/10\/Tecnico-em-Desenvolvimento-de-Sistemas-94.png?w=551&amp;ssl=1 551w\" sizes=\"auto, (max-width: 344px) 100vw, 344px\" \/><\/p>\n<p>2. Implemente utilizando a linguagem de programa\u00e7\u00e3o Java as classes, entidades, atributos e relacionamentos descritos no diagrama do item \u201c1\u201d.<br \/>\n3. Na classe \u201cMain\u201d deste projeto Java, implemente um array de ve\u00edculos, \u00f4nibus e caminh\u00f5es, respons\u00e1vel por armazenar objetos criados para exemplo e teste do seu c\u00f3digo. Implemente uma forma de exibi\u00e7\u00e3o deste teste no console do seu ambiente integrado de desenvolvimento (IDE).<br \/>\n4. Para entrega desta atividade, voc\u00ea dever\u00e1 fornecer:<\/p>\n<p>a) C\u00f3digo fonte da classe \u201cMain\u201d, \u201cVeiculo\u201d, \u201cOnibus\u201d e \u201cCaminhao\u201d.<br \/>\nb) Registro de tela do console da sua IDE ap\u00f3s a execu\u00e7\u00e3o da classe \u201cMain\u201d implementando o que foi solicitado no item \u201c3\u201d desta atividade;<br \/>\nc) C\u00f3digo fonte em SQL para cria\u00e7\u00e3o do banco de dados que reflete o diagrama de classes fornecido e o projeto implementado em Java.<\/p>\n<p>5. O c\u00f3digo-fonte fornecido dever\u00e1 estar comentado para que o(a) Professor(a) respons\u00e1vel pela corre\u00e7\u00e3o da atividade possa compreender sua l\u00f3gica e a implementa\u00e7\u00e3o do c\u00f3digo. Aten\u00e7\u00e3o, voc\u00ea N\u00c3O precisar\u00e1 criar o banco de dados (BD), persistir os objetos instanciados e\/ou instalar um gerenciador de banco de dados em seu ambiente. Voc\u00ea dever\u00e1 somente fornecer o c\u00f3digo SQL para criar o um BD considerando as classes, atributos e relacionamentos descritos no diagrama de classes fornecido.<\/p>\n","protected":false},"excerpt":{"rendered":"<p>T\u00c9CNICO EM DESENVOLVIMENTO DE SISTEMAS \u2013 M\u00f3dulo 94 A Programa\u00e7\u00e3o Orientada a Objetos (POO) e o uso de Banco de<\/p>\n","protected":false},"featured_media":2326,"template":"","meta":{"_monsterinsights_skip_tracking":false,"_monsterinsights_sitenote_active":false,"_monsterinsights_sitenote_note":"","_monsterinsights_sitenote_category":0},"product_brand":[],"product_cat":[138],"product_tag":[],"class_list":{"0":"post-4763","1":"product","2":"type-product","3":"status-publish","4":"has-post-thumbnail","6":"product_cat-tecnico-em-desenvolvimento-de-sistemas","8":"first","9":"instock","10":"sale","11":"downloadable","12":"virtual","13":"purchasable","14":"product-type-simple"},"yoast_head":"<!-- This site is optimized with the Yoast SEO plugin v27.4 - https:\/\/yoast.com\/product\/yoast-seo-wordpress\/ -->\n<title>MAPA - T\u00e9cnico em Desenvolvimento de Sistemas - M\u00f3dulo 94<\/title>\n<meta name=\"description\" content=\"Atividade MAPA - T\u00e9cnico em Desenvolvimento de Sistemas - M\u00f3dulo 94 &#8902; Unicesumar. Baixe agora mesmo um Mapa Pronto resolvido!\" \/>\n<meta name=\"robots\" content=\"index, follow, max-snippet:-1, max-image-preview:large, max-video-preview:-1\" \/>\n<link rel=\"canonical\" href=\"https:\/\/atividademapa.com\/?product=mapa-tecnico-em-desenvolvimento-de-sistemas-modulo-94\" \/>\n<meta property=\"og:locale\" content=\"pt_BR\" \/>\n<meta property=\"og:type\" content=\"article\" \/>\n<meta property=\"og:title\" content=\"MAPA - T\u00e9cnico em Desenvolvimento de Sistemas - M\u00f3dulo 94\" \/>\n<meta property=\"og:description\" content=\"Atividade MAPA - T\u00e9cnico em Desenvolvimento de Sistemas - M\u00f3dulo 94 &#8902; Unicesumar. Baixe agora mesmo um Mapa Pronto resolvido!\" \/>\n<meta property=\"og:url\" content=\"https:\/\/atividademapa.com\/?product=mapa-tecnico-em-desenvolvimento-de-sistemas-modulo-94\" \/>\n<meta property=\"og:site_name\" content=\"Atividade Mapa\" \/>\n<meta property=\"article:modified_time\" content=\"2024-11-21T14:41:42+00:00\" \/>\n<meta property=\"og:image\" content=\"https:\/\/i0.wp.com\/atividademapa.com\/wp-content\/uploads\/2023\/03\/Atividade-M.A.P.A-3.png?fit=300%2C300&ssl=1\" \/>\n\t<meta property=\"og:image:width\" content=\"300\" \/>\n\t<meta property=\"og:image:height\" content=\"300\" \/>\n\t<meta property=\"og:image:type\" content=\"image\/png\" \/>\n<meta name=\"twitter:card\" content=\"summary_large_image\" \/>\n<meta name=\"twitter:label1\" content=\"Est. tempo de leitura\" \/>\n\t<meta name=\"twitter:data1\" content=\"3 minutos\" \/>\n<script type=\"application\/ld+json\" class=\"yoast-schema-graph\">{\"@context\":\"https:\\\/\\\/schema.org\",\"@graph\":[{\"@type\":\"WebPage\",\"@id\":\"https:\\\/\\\/atividademapa.com\\\/?product=mapa-tecnico-em-desenvolvimento-de-sistemas-modulo-94\",\"url\":\"https:\\\/\\\/atividademapa.com\\\/?product=mapa-tecnico-em-desenvolvimento-de-sistemas-modulo-94\",\"name\":\"MAPA - T\u00e9cnico em Desenvolvimento de Sistemas - M\u00f3dulo 94\",\"isPartOf\":{\"@id\":\"https:\\\/\\\/atividademapa.com\\\/#website\"},\"primaryImageOfPage\":{\"@id\":\"https:\\\/\\\/atividademapa.com\\\/?product=mapa-tecnico-em-desenvolvimento-de-sistemas-modulo-94#primaryimage\"},\"image\":{\"@id\":\"https:\\\/\\\/atividademapa.com\\\/?product=mapa-tecnico-em-desenvolvimento-de-sistemas-modulo-94#primaryimage\"},\"thumbnailUrl\":\"https:\\\/\\\/i0.wp.com\\\/atividademapa.com\\\/wp-content\\\/uploads\\\/2023\\\/03\\\/Atividade-M.A.P.A-3.png?fit=300%2C300&ssl=1\",\"datePublished\":\"2024-10-05T19:03:34+00:00\",\"dateModified\":\"2024-11-21T14:41:42+00:00\",\"description\":\"Atividade MAPA - T\u00e9cnico em Desenvolvimento de Sistemas - M\u00f3dulo 94 &#8902; Unicesumar. Baixe agora mesmo um Mapa Pronto resolvido!\",\"breadcrumb\":{\"@id\":\"https:\\\/\\\/atividademapa.com\\\/?product=mapa-tecnico-em-desenvolvimento-de-sistemas-modulo-94#breadcrumb\"},\"inLanguage\":\"pt-BR\",\"potentialAction\":[{\"@type\":\"ReadAction\",\"target\":[\"https:\\\/\\\/atividademapa.com\\\/?product=mapa-tecnico-em-desenvolvimento-de-sistemas-modulo-94\"]}]},{\"@type\":\"ImageObject\",\"inLanguage\":\"pt-BR\",\"@id\":\"https:\\\/\\\/atividademapa.com\\\/?product=mapa-tecnico-em-desenvolvimento-de-sistemas-modulo-94#primaryimage\",\"url\":\"https:\\\/\\\/i0.wp.com\\\/atividademapa.com\\\/wp-content\\\/uploads\\\/2023\\\/03\\\/Atividade-M.A.P.A-3.png?fit=300%2C300&ssl=1\",\"contentUrl\":\"https:\\\/\\\/i0.wp.com\\\/atividademapa.com\\\/wp-content\\\/uploads\\\/2023\\\/03\\\/Atividade-M.A.P.A-3.png?fit=300%2C300&ssl=1\",\"width\":300,\"height\":300,\"caption\":\"Mapa Unicesumar Atividade\"},{\"@type\":\"BreadcrumbList\",\"@id\":\"https:\\\/\\\/atividademapa.com\\\/?product=mapa-tecnico-em-desenvolvimento-de-sistemas-modulo-94#breadcrumb\",\"itemListElement\":[{\"@type\":\"ListItem\",\"position\":1,\"name\":\"In\u00edcio\",\"item\":\"https:\\\/\\\/atividademapa.com\\\/\"},{\"@type\":\"ListItem\",\"position\":2,\"name\":\"MAPAS\",\"item\":\"https:\\\/\\\/atividademapa.com\\\/?page_id=5\"},{\"@type\":\"ListItem\",\"position\":3,\"name\":\"MAPA &#8211; T\u00e9cnico em Desenvolvimento de Sistemas &#8211; M\u00f3dulo 94\"}]},{\"@type\":\"WebSite\",\"@id\":\"https:\\\/\\\/atividademapa.com\\\/#website\",\"url\":\"https:\\\/\\\/atividademapa.com\\\/\",\"name\":\"Atividade Mapa\",\"description\":\"StudeO | Unicesumar\",\"publisher\":{\"@id\":\"https:\\\/\\\/atividademapa.com\\\/#organization\"},\"potentialAction\":[{\"@type\":\"SearchAction\",\"target\":{\"@type\":\"EntryPoint\",\"urlTemplate\":\"https:\\\/\\\/atividademapa.com\\\/?s={search_term_string}\"},\"query-input\":{\"@type\":\"PropertyValueSpecification\",\"valueRequired\":true,\"valueName\":\"search_term_string\"}}],\"inLanguage\":\"pt-BR\"},{\"@type\":\"Organization\",\"@id\":\"https:\\\/\\\/atividademapa.com\\\/#organization\",\"name\":\"Atividade MAPA\",\"url\":\"https:\\\/\\\/atividademapa.com\\\/\",\"logo\":{\"@type\":\"ImageObject\",\"inLanguage\":\"pt-BR\",\"@id\":\"https:\\\/\\\/atividademapa.com\\\/#\\\/schema\\\/logo\\\/image\\\/\",\"url\":\"https:\\\/\\\/i0.wp.com\\\/atividademapa.com\\\/wp-content\\\/uploads\\\/2023\\\/02\\\/ATIVIDADE.png?fit=600%2C300&ssl=1\",\"contentUrl\":\"https:\\\/\\\/i0.wp.com\\\/atividademapa.com\\\/wp-content\\\/uploads\\\/2023\\\/02\\\/ATIVIDADE.png?fit=600%2C300&ssl=1\",\"width\":600,\"height\":300,\"caption\":\"Atividade MAPA\"},\"image\":{\"@id\":\"https:\\\/\\\/atividademapa.com\\\/#\\\/schema\\\/logo\\\/image\\\/\"}}]}<\/script>\n<!-- \/ Yoast SEO plugin. -->","yoast_head_json":{"title":"MAPA - T\u00e9cnico em Desenvolvimento de Sistemas - M\u00f3dulo 94","description":"Atividade MAPA - T\u00e9cnico em Desenvolvimento de Sistemas - M\u00f3dulo 94 &#8902; Unicesumar. Baixe agora mesmo um Mapa Pronto resolvido!","robots":{"index":"index","follow":"follow","max-snippet":"max-snippet:-1","max-image-preview":"max-image-preview:large","max-video-preview":"max-video-preview:-1"},"canonical":"https:\/\/atividademapa.com\/?product=mapa-tecnico-em-desenvolvimento-de-sistemas-modulo-94","og_locale":"pt_BR","og_type":"article","og_title":"MAPA - T\u00e9cnico em Desenvolvimento de Sistemas - M\u00f3dulo 94","og_description":"Atividade MAPA - T\u00e9cnico em Desenvolvimento de Sistemas - M\u00f3dulo 94 &#8902; Unicesumar. Baixe agora mesmo um Mapa Pronto resolvido!","og_url":"https:\/\/atividademapa.com\/?product=mapa-tecnico-em-desenvolvimento-de-sistemas-modulo-94","og_site_name":"Atividade Mapa","article_modified_time":"2024-11-21T14:41:42+00:00","og_image":[{"width":300,"height":300,"url":"https:\/\/i0.wp.com\/atividademapa.com\/wp-content\/uploads\/2023\/03\/Atividade-M.A.P.A-3.png?fit=300%2C300&ssl=1","type":"image\/png"}],"twitter_card":"summary_large_image","twitter_misc":{"Est. tempo de leitura":"3 minutos"},"schema":{"@context":"https:\/\/schema.org","@graph":[{"@type":"WebPage","@id":"https:\/\/atividademapa.com\/?product=mapa-tecnico-em-desenvolvimento-de-sistemas-modulo-94","url":"https:\/\/atividademapa.com\/?product=mapa-tecnico-em-desenvolvimento-de-sistemas-modulo-94","name":"MAPA - T\u00e9cnico em Desenvolvimento de Sistemas - M\u00f3dulo 94","isPartOf":{"@id":"https:\/\/atividademapa.com\/#website"},"primaryImageOfPage":{"@id":"https:\/\/atividademapa.com\/?product=mapa-tecnico-em-desenvolvimento-de-sistemas-modulo-94#primaryimage"},"image":{"@id":"https:\/\/atividademapa.com\/?product=mapa-tecnico-em-desenvolvimento-de-sistemas-modulo-94#primaryimage"},"thumbnailUrl":"https:\/\/i0.wp.com\/atividademapa.com\/wp-content\/uploads\/2023\/03\/Atividade-M.A.P.A-3.png?fit=300%2C300&ssl=1","datePublished":"2024-10-05T19:03:34+00:00","dateModified":"2024-11-21T14:41:42+00:00","description":"Atividade MAPA - T\u00e9cnico em Desenvolvimento de Sistemas - M\u00f3dulo 94 &#8902; Unicesumar. Baixe agora mesmo um Mapa Pronto resolvido!","breadcrumb":{"@id":"https:\/\/atividademapa.com\/?product=mapa-tecnico-em-desenvolvimento-de-sistemas-modulo-94#breadcrumb"},"inLanguage":"pt-BR","potentialAction":[{"@type":"ReadAction","target":["https:\/\/atividademapa.com\/?product=mapa-tecnico-em-desenvolvimento-de-sistemas-modulo-94"]}]},{"@type":"ImageObject","inLanguage":"pt-BR","@id":"https:\/\/atividademapa.com\/?product=mapa-tecnico-em-desenvolvimento-de-sistemas-modulo-94#primaryimage","url":"https:\/\/i0.wp.com\/atividademapa.com\/wp-content\/uploads\/2023\/03\/Atividade-M.A.P.A-3.png?fit=300%2C300&ssl=1","contentUrl":"https:\/\/i0.wp.com\/atividademapa.com\/wp-content\/uploads\/2023\/03\/Atividade-M.A.P.A-3.png?fit=300%2C300&ssl=1","width":300,"height":300,"caption":"Mapa Unicesumar Atividade"},{"@type":"BreadcrumbList","@id":"https:\/\/atividademapa.com\/?product=mapa-tecnico-em-desenvolvimento-de-sistemas-modulo-94#breadcrumb","itemListElement":[{"@type":"ListItem","position":1,"name":"In\u00edcio","item":"https:\/\/atividademapa.com\/"},{"@type":"ListItem","position":2,"name":"MAPAS","item":"https:\/\/atividademapa.com\/?page_id=5"},{"@type":"ListItem","position":3,"name":"MAPA &#8211; T\u00e9cnico em Desenvolvimento de Sistemas &#8211; M\u00f3dulo 94"}]},{"@type":"WebSite","@id":"https:\/\/atividademapa.com\/#website","url":"https:\/\/atividademapa.com\/","name":"Atividade Mapa","description":"StudeO | Unicesumar","publisher":{"@id":"https:\/\/atividademapa.com\/#organization"},"potentialAction":[{"@type":"SearchAction","target":{"@type":"EntryPoint","urlTemplate":"https:\/\/atividademapa.com\/?s={search_term_string}"},"query-input":{"@type":"PropertyValueSpecification","valueRequired":true,"valueName":"search_term_string"}}],"inLanguage":"pt-BR"},{"@type":"Organization","@id":"https:\/\/atividademapa.com\/#organization","name":"Atividade MAPA","url":"https:\/\/atividademapa.com\/","logo":{"@type":"ImageObject","inLanguage":"pt-BR","@id":"https:\/\/atividademapa.com\/#\/schema\/logo\/image\/","url":"https:\/\/i0.wp.com\/atividademapa.com\/wp-content\/uploads\/2023\/02\/ATIVIDADE.png?fit=600%2C300&ssl=1","contentUrl":"https:\/\/i0.wp.com\/atividademapa.com\/wp-content\/uploads\/2023\/02\/ATIVIDADE.png?fit=600%2C300&ssl=1","width":600,"height":300,"caption":"Atividade MAPA"},"image":{"@id":"https:\/\/atividademapa.com\/#\/schema\/logo\/image\/"}}]}},"_links":{"self":[{"href":"https:\/\/atividademapa.com\/index.php?rest_route=\/wp\/v2\/product\/4763","targetHints":{"allow":["GET"]}}],"collection":[{"href":"https:\/\/atividademapa.com\/index.php?rest_route=\/wp\/v2\/product"}],"about":[{"href":"https:\/\/atividademapa.com\/index.php?rest_route=\/wp\/v2\/types\/product"}],"version-history":[{"count":3,"href":"https:\/\/atividademapa.com\/index.php?rest_route=\/wp\/v2\/product\/4763\/revisions"}],"predecessor-version":[{"id":4769,"href":"https:\/\/atividademapa.com\/index.php?rest_route=\/wp\/v2\/product\/4763\/revisions\/4769"}],"wp:featuredmedia":[{"embeddable":true,"href":"https:\/\/atividademapa.com\/index.php?rest_route=\/wp\/v2\/media\/2326"}],"wp:attachment":[{"href":"https:\/\/atividademapa.com\/index.php?rest_route=%2Fwp%2Fv2%2Fmedia&parent=4763"}],"wp:term":[{"taxonomy":"product_brand","embeddable":true,"href":"https:\/\/atividademapa.com\/index.php?rest_route=%2Fwp%2Fv2%2Fproduct_brand&post=4763"},{"taxonomy":"product_cat","embeddable":true,"href":"https:\/\/atividademapa.com\/index.php?rest_route=%2Fwp%2Fv2%2Fproduct_cat&post=4763"},{"taxonomy":"product_tag","embeddable":true,"href":"https:\/\/atividademapa.com\/index.php?rest_route=%2Fwp%2Fv2%2Fproduct_tag&post=4763"}],"curies":[{"name":"wp","href":"https:\/\/api.w.org\/{rel}","templated":true}]}}