{"id":4782,"date":"2024-10-07T23:16:18","date_gmt":"2024-10-08T02:16:18","guid":{"rendered":"https:\/\/atividademapa.com\/?post_type=product&#038;p=4782"},"modified":"2024-10-07T23:16:44","modified_gmt":"2024-10-08T02:16:44","slug":"mapa-gh-acreditacao-hospitalar-54_2024","status":"publish","type":"product","link":"https:\/\/atividademapa.com\/?product=mapa-gh-acreditacao-hospitalar-54_2024","title":{"rendered":"MAPA &#8211; GH &#8211; ACREDITA\u00c7\u00c3O HOSPITALAR &#8211; 54_2024"},"content":{"rendered":"<p>MAPA &#8211; GH &#8211; ACREDITA\u00c7\u00c3O HOSPITALAR &#8211; 54_2024<\/p>\n<p><strong class=\"ng-scope\">REPORTAGEM: Acredita\u00e7\u00e3o de hospitais promove melhoria cont\u00ednua e foco na seguran\u00e7a dos pacientes<\/strong><\/p>\n<div class=\"ng-scope\">&#8220;[&#8230;]\u00a0A import\u00e2ncia de uma organiza\u00e7\u00e3o ser acreditada para os pacientes est\u00e1 relacionada \u00e0 garantia de que eles est\u00e3o recebendo cuidados de sa\u00fade de qualidade, com procedimentos seguros e eficazes. Para os colaboradores, a acredita\u00e7\u00e3o significa trabalhar em um ambiente que valoriza a qualidade, seguran\u00e7a e melhoria cont\u00ednua dos processos, o que pode levar a uma maior satisfa\u00e7\u00e3o no trabalho e um ambiente mais seguro para exercer suas fun\u00e7\u00f5es [&#8230;].&#8221;<\/div>\n<p><br class=\"ng-scope\" \/>Fonte: https:\/\/www.isgh.org.br\/noticias\/acreditacao-de-hospitais-promove-melhoria-continua-e-foco-na-seguranca-dos-pacientes. Acesso em: 11 set. 2024.<\/p>\n<div class=\"ng-scope\">As institui\u00e7\u00f5es de sa\u00fade est\u00e3o cada vez mais buscando se qualificar, obter selos de certifica\u00e7\u00f5es e, consequentemente, se destacar junto aos pacientes e sociedade. Embora a import\u00e2ncia da acredita\u00e7\u00e3o hospitalar para qualifica\u00e7\u00e3o do atendimento em sa\u00fade, \u00e9 necess\u00e1rio preparo, amadurecimento institucional e investimentos para obter \u00eaxito neste processo.<\/div>\n<div class=\"ng-scope\">Ap\u00f3s a leitura do texto I, das nossas aulas e do contido no material did\u00e1tico acerca do tema, vamos \u00e0 atividade?\u200b<\/div>\n<p><br class=\"ng-scope\" \/><u class=\"ng-scope\"><strong>ATIVIDADE\/AVALIA\u00c7\u00c3O:<\/strong><\/u><\/p>\n<div class=\"ng-scope\"><strong>Imagine na pr\u00e1tica profissional, voc\u00ea como gestor\u00a0de qualidade de um hospital de pequeno porte, e\u00a0deseja submeter a institui\u00e7\u00e3o ao processo de Acredita\u00e7\u00e3o, ao analisar o atual contexto do servi\u00e7o identifica as seguintes informa\u00e7\u00f5es:<\/strong><\/div>\n<div class=\"ng-scope\">&#8211;\u00a0 Recente aumento na rotatividade de profissionais, em especial, setores assistenciais;<br \/>\n&#8211; Em virtude da pandemia da Covid-19, a institui\u00e7\u00e3o precisou destinar praticamente todo dinheiro reservado para atender aos pacientes, assim n\u00e3o sendo poss\u00edvel adquirir novos materiais e equipamentos. A equipe de Manuten\u00e7\u00e3o Predial tamb\u00e9m informou que no momento n\u00e3o ser\u00e1 poss\u00edvel dar continuidade em algumas de estrutura f\u00edsica;<br \/>\n&#8211; Recentemente, o hospital recebeu visita da Vigil\u00e2ncia Sanit\u00e1ria, sendo bem avaliado e com pouqu\u00edssimas n\u00e3o conformidades identificadas no requisito Seguran\u00e7a do Paciente. Embora o feedback positivo, uma das pend\u00eancias ressaltadas foi a necessidade de estruturar e alinhar processos, m\u00e9todos e resultados esperados para as a\u00e7\u00f5es em sa\u00fade;<\/div>\n<div class=\"ng-scope\">&#8211; Ap\u00f3s treinamento realizado, aos l\u00edderes e gestores da institui\u00e7\u00e3o, os mesmos demonstram interesse pelo processo de acredita\u00e7\u00e3o e reestruturar a gest\u00e3o institucional. Em especial, ap\u00f3s identificar que a cultura organizacional est\u00e1 fr\u00e1gil e sem engajamento entre os profissionais atuantes;<br \/>\n&#8211; Ao analisar os dados da ouvidoria, identificou-se que o n\u00famero de avalia\u00e7\u00f5es coletadas \u00e9 menor comparada ao n\u00famero de paciente atendidos. E dentre estas poucas avalia\u00e7\u00f5es, foi identificado que o principal problema apontado foi a falha de comunica\u00e7\u00e3o entre profissionais. Enquanto, o principal elogio foi a comunica\u00e7\u00e3o entre profissionais e os pacientes.<\/div>\n<div class=\"ng-scope\"><strong>&#8211; Diante das informa\u00e7\u00f5es coletadas, aponte e justifique quais caracter\u00edsticas podem ser consideradas potencialidades e quais seriam fragilidades para o processo de certifica\u00e7\u00e3o desta institui\u00e7\u00e3o. Al\u00e9m disso, pontue como as potencialidades podem ser aproveitadas pela institui\u00e7\u00e3o para facilitar o processo, e como as fragilidades podem ser tratadas para atender aos preceitos da Acredita\u00e7\u00e3o.<\/strong><\/div>\n","protected":false},"excerpt":{"rendered":"<p>MAPA &#8211; GH &#8211; ACREDITA\u00c7\u00c3O HOSPITALAR &#8211; 54_2024 REPORTAGEM: Acredita\u00e7\u00e3o de hospitais promove melhoria cont\u00ednua e foco na seguran\u00e7a dos<\/p>\n","protected":false},"featured_media":2326,"template":"","meta":{"_monsterinsights_skip_tracking":false,"_monsterinsights_sitenote_active":false,"_monsterinsights_sitenote_note":"","_monsterinsights_sitenote_category":0},"product_brand":[],"product_cat":[44],"product_tag":[],"class_list":{"0":"post-4782","1":"product","2":"type-product","3":"status-publish","4":"has-post-thumbnail","6":"product_cat-gestao-hospitalar","8":"first","9":"instock","10":"downloadable","11":"virtual","12":"purchasable","13":"product-type-simple"},"yoast_head":"<!-- This site is optimized with the Yoast SEO plugin v27.4 - https:\/\/yoast.com\/product\/yoast-seo-wordpress\/ -->\n<title>MAPA - GH - ACREDITA\u00c7\u00c3O HOSPITALAR - 54_2024<\/title>\n<meta name=\"description\" content=\"Atividade MAPA - GH - ACREDITA\u00c7\u00c3O HOSPITALAR - 54_2024 &#8902; Unicesumar. Baixe agora mesmo um Mapa Pronto resolvido!\" \/>\n<meta name=\"robots\" content=\"index, follow, max-snippet:-1, max-image-preview:large, max-video-preview:-1\" \/>\n<link rel=\"canonical\" href=\"https:\/\/atividademapa.com\/?product=mapa-gh-acreditacao-hospitalar-54_2024\" \/>\n<meta property=\"og:locale\" content=\"pt_BR\" \/>\n<meta property=\"og:type\" content=\"article\" \/>\n<meta property=\"og:title\" content=\"MAPA - GH - ACREDITA\u00c7\u00c3O HOSPITALAR - 54_2024\" \/>\n<meta property=\"og:description\" content=\"Atividade MAPA - GH - ACREDITA\u00c7\u00c3O HOSPITALAR - 54_2024 &#8902; Unicesumar. Baixe agora mesmo um Mapa Pronto resolvido!\" \/>\n<meta property=\"og:url\" content=\"https:\/\/atividademapa.com\/?product=mapa-gh-acreditacao-hospitalar-54_2024\" \/>\n<meta property=\"og:site_name\" content=\"Atividade Mapa\" \/>\n<meta property=\"article:modified_time\" content=\"2024-10-08T02:16:44+00:00\" \/>\n<meta property=\"og:image\" content=\"https:\/\/i0.wp.com\/atividademapa.com\/wp-content\/uploads\/2023\/03\/Atividade-M.A.P.A-3.png?fit=300%2C300&ssl=1\" \/>\n\t<meta property=\"og:image:width\" content=\"300\" \/>\n\t<meta property=\"og:image:height\" content=\"300\" \/>\n\t<meta property=\"og:image:type\" content=\"image\/png\" \/>\n<meta name=\"twitter:card\" content=\"summary_large_image\" \/>\n<meta name=\"twitter:label1\" content=\"Est. tempo de leitura\" \/>\n\t<meta name=\"twitter:data1\" content=\"3 minutos\" \/>\n<script type=\"application\/ld+json\" class=\"yoast-schema-graph\">{\"@context\":\"https:\\\/\\\/schema.org\",\"@graph\":[{\"@type\":\"WebPage\",\"@id\":\"https:\\\/\\\/atividademapa.com\\\/?product=mapa-gh-acreditacao-hospitalar-54_2024\",\"url\":\"https:\\\/\\\/atividademapa.com\\\/?product=mapa-gh-acreditacao-hospitalar-54_2024\",\"name\":\"MAPA - GH - ACREDITA\u00c7\u00c3O HOSPITALAR - 54_2024\",\"isPartOf\":{\"@id\":\"https:\\\/\\\/atividademapa.com\\\/#website\"},\"primaryImageOfPage\":{\"@id\":\"https:\\\/\\\/atividademapa.com\\\/?product=mapa-gh-acreditacao-hospitalar-54_2024#primaryimage\"},\"image\":{\"@id\":\"https:\\\/\\\/atividademapa.com\\\/?product=mapa-gh-acreditacao-hospitalar-54_2024#primaryimage\"},\"thumbnailUrl\":\"https:\\\/\\\/i0.wp.com\\\/atividademapa.com\\\/wp-content\\\/uploads\\\/2023\\\/03\\\/Atividade-M.A.P.A-3.png?fit=300%2C300&ssl=1\",\"datePublished\":\"2024-10-08T02:16:18+00:00\",\"dateModified\":\"2024-10-08T02:16:44+00:00\",\"description\":\"Atividade MAPA - GH - ACREDITA\u00c7\u00c3O HOSPITALAR - 54_2024 &#8902; Unicesumar. Baixe agora mesmo um Mapa Pronto resolvido!\",\"breadcrumb\":{\"@id\":\"https:\\\/\\\/atividademapa.com\\\/?product=mapa-gh-acreditacao-hospitalar-54_2024#breadcrumb\"},\"inLanguage\":\"pt-BR\",\"potentialAction\":[{\"@type\":\"ReadAction\",\"target\":[\"https:\\\/\\\/atividademapa.com\\\/?product=mapa-gh-acreditacao-hospitalar-54_2024\"]}]},{\"@type\":\"ImageObject\",\"inLanguage\":\"pt-BR\",\"@id\":\"https:\\\/\\\/atividademapa.com\\\/?product=mapa-gh-acreditacao-hospitalar-54_2024#primaryimage\",\"url\":\"https:\\\/\\\/i0.wp.com\\\/atividademapa.com\\\/wp-content\\\/uploads\\\/2023\\\/03\\\/Atividade-M.A.P.A-3.png?fit=300%2C300&ssl=1\",\"contentUrl\":\"https:\\\/\\\/i0.wp.com\\\/atividademapa.com\\\/wp-content\\\/uploads\\\/2023\\\/03\\\/Atividade-M.A.P.A-3.png?fit=300%2C300&ssl=1\",\"width\":300,\"height\":300,\"caption\":\"Mapa Unicesumar Atividade\"},{\"@type\":\"BreadcrumbList\",\"@id\":\"https:\\\/\\\/atividademapa.com\\\/?product=mapa-gh-acreditacao-hospitalar-54_2024#breadcrumb\",\"itemListElement\":[{\"@type\":\"ListItem\",\"position\":1,\"name\":\"In\u00edcio\",\"item\":\"https:\\\/\\\/atividademapa.com\\\/\"},{\"@type\":\"ListItem\",\"position\":2,\"name\":\"MAPAS\",\"item\":\"https:\\\/\\\/atividademapa.com\\\/?page_id=5\"},{\"@type\":\"ListItem\",\"position\":3,\"name\":\"MAPA &#8211; GH &#8211; ACREDITA\u00c7\u00c3O HOSPITALAR &#8211; 54_2024\"}]},{\"@type\":\"WebSite\",\"@id\":\"https:\\\/\\\/atividademapa.com\\\/#website\",\"url\":\"https:\\\/\\\/atividademapa.com\\\/\",\"name\":\"Atividade Mapa\",\"description\":\"StudeO | Unicesumar\",\"publisher\":{\"@id\":\"https:\\\/\\\/atividademapa.com\\\/#organization\"},\"potentialAction\":[{\"@type\":\"SearchAction\",\"target\":{\"@type\":\"EntryPoint\",\"urlTemplate\":\"https:\\\/\\\/atividademapa.com\\\/?s={search_term_string}\"},\"query-input\":{\"@type\":\"PropertyValueSpecification\",\"valueRequired\":true,\"valueName\":\"search_term_string\"}}],\"inLanguage\":\"pt-BR\"},{\"@type\":\"Organization\",\"@id\":\"https:\\\/\\\/atividademapa.com\\\/#organization\",\"name\":\"Atividade MAPA\",\"url\":\"https:\\\/\\\/atividademapa.com\\\/\",\"logo\":{\"@type\":\"ImageObject\",\"inLanguage\":\"pt-BR\",\"@id\":\"https:\\\/\\\/atividademapa.com\\\/#\\\/schema\\\/logo\\\/image\\\/\",\"url\":\"https:\\\/\\\/i0.wp.com\\\/atividademapa.com\\\/wp-content\\\/uploads\\\/2023\\\/02\\\/ATIVIDADE.png?fit=600%2C300&ssl=1\",\"contentUrl\":\"https:\\\/\\\/i0.wp.com\\\/atividademapa.com\\\/wp-content\\\/uploads\\\/2023\\\/02\\\/ATIVIDADE.png?fit=600%2C300&ssl=1\",\"width\":600,\"height\":300,\"caption\":\"Atividade MAPA\"},\"image\":{\"@id\":\"https:\\\/\\\/atividademapa.com\\\/#\\\/schema\\\/logo\\\/image\\\/\"}}]}<\/script>\n<!-- \/ Yoast SEO plugin. -->","yoast_head_json":{"title":"MAPA - GH - ACREDITA\u00c7\u00c3O HOSPITALAR - 54_2024","description":"Atividade MAPA - GH - ACREDITA\u00c7\u00c3O HOSPITALAR - 54_2024 &#8902; Unicesumar. Baixe agora mesmo um Mapa Pronto resolvido!","robots":{"index":"index","follow":"follow","max-snippet":"max-snippet:-1","max-image-preview":"max-image-preview:large","max-video-preview":"max-video-preview:-1"},"canonical":"https:\/\/atividademapa.com\/?product=mapa-gh-acreditacao-hospitalar-54_2024","og_locale":"pt_BR","og_type":"article","og_title":"MAPA - GH - ACREDITA\u00c7\u00c3O HOSPITALAR - 54_2024","og_description":"Atividade MAPA - GH - ACREDITA\u00c7\u00c3O HOSPITALAR - 54_2024 &#8902; Unicesumar. Baixe agora mesmo um Mapa Pronto resolvido!","og_url":"https:\/\/atividademapa.com\/?product=mapa-gh-acreditacao-hospitalar-54_2024","og_site_name":"Atividade Mapa","article_modified_time":"2024-10-08T02:16:44+00:00","og_image":[{"width":300,"height":300,"url":"https:\/\/i0.wp.com\/atividademapa.com\/wp-content\/uploads\/2023\/03\/Atividade-M.A.P.A-3.png?fit=300%2C300&ssl=1","type":"image\/png"}],"twitter_card":"summary_large_image","twitter_misc":{"Est. tempo de leitura":"3 minutos"},"schema":{"@context":"https:\/\/schema.org","@graph":[{"@type":"WebPage","@id":"https:\/\/atividademapa.com\/?product=mapa-gh-acreditacao-hospitalar-54_2024","url":"https:\/\/atividademapa.com\/?product=mapa-gh-acreditacao-hospitalar-54_2024","name":"MAPA - GH - ACREDITA\u00c7\u00c3O HOSPITALAR - 54_2024","isPartOf":{"@id":"https:\/\/atividademapa.com\/#website"},"primaryImageOfPage":{"@id":"https:\/\/atividademapa.com\/?product=mapa-gh-acreditacao-hospitalar-54_2024#primaryimage"},"image":{"@id":"https:\/\/atividademapa.com\/?product=mapa-gh-acreditacao-hospitalar-54_2024#primaryimage"},"thumbnailUrl":"https:\/\/i0.wp.com\/atividademapa.com\/wp-content\/uploads\/2023\/03\/Atividade-M.A.P.A-3.png?fit=300%2C300&ssl=1","datePublished":"2024-10-08T02:16:18+00:00","dateModified":"2024-10-08T02:16:44+00:00","description":"Atividade MAPA - GH - ACREDITA\u00c7\u00c3O HOSPITALAR - 54_2024 &#8902; Unicesumar. Baixe agora mesmo um Mapa Pronto resolvido!","breadcrumb":{"@id":"https:\/\/atividademapa.com\/?product=mapa-gh-acreditacao-hospitalar-54_2024#breadcrumb"},"inLanguage":"pt-BR","potentialAction":[{"@type":"ReadAction","target":["https:\/\/atividademapa.com\/?product=mapa-gh-acreditacao-hospitalar-54_2024"]}]},{"@type":"ImageObject","inLanguage":"pt-BR","@id":"https:\/\/atividademapa.com\/?product=mapa-gh-acreditacao-hospitalar-54_2024#primaryimage","url":"https:\/\/i0.wp.com\/atividademapa.com\/wp-content\/uploads\/2023\/03\/Atividade-M.A.P.A-3.png?fit=300%2C300&ssl=1","contentUrl":"https:\/\/i0.wp.com\/atividademapa.com\/wp-content\/uploads\/2023\/03\/Atividade-M.A.P.A-3.png?fit=300%2C300&ssl=1","width":300,"height":300,"caption":"Mapa Unicesumar Atividade"},{"@type":"BreadcrumbList","@id":"https:\/\/atividademapa.com\/?product=mapa-gh-acreditacao-hospitalar-54_2024#breadcrumb","itemListElement":[{"@type":"ListItem","position":1,"name":"In\u00edcio","item":"https:\/\/atividademapa.com\/"},{"@type":"ListItem","position":2,"name":"MAPAS","item":"https:\/\/atividademapa.com\/?page_id=5"},{"@type":"ListItem","position":3,"name":"MAPA &#8211; GH &#8211; ACREDITA\u00c7\u00c3O HOSPITALAR &#8211; 54_2024"}]},{"@type":"WebSite","@id":"https:\/\/atividademapa.com\/#website","url":"https:\/\/atividademapa.com\/","name":"Atividade Mapa","description":"StudeO | Unicesumar","publisher":{"@id":"https:\/\/atividademapa.com\/#organization"},"potentialAction":[{"@type":"SearchAction","target":{"@type":"EntryPoint","urlTemplate":"https:\/\/atividademapa.com\/?s={search_term_string}"},"query-input":{"@type":"PropertyValueSpecification","valueRequired":true,"valueName":"search_term_string"}}],"inLanguage":"pt-BR"},{"@type":"Organization","@id":"https:\/\/atividademapa.com\/#organization","name":"Atividade MAPA","url":"https:\/\/atividademapa.com\/","logo":{"@type":"ImageObject","inLanguage":"pt-BR","@id":"https:\/\/atividademapa.com\/#\/schema\/logo\/image\/","url":"https:\/\/i0.wp.com\/atividademapa.com\/wp-content\/uploads\/2023\/02\/ATIVIDADE.png?fit=600%2C300&ssl=1","contentUrl":"https:\/\/i0.wp.com\/atividademapa.com\/wp-content\/uploads\/2023\/02\/ATIVIDADE.png?fit=600%2C300&ssl=1","width":600,"height":300,"caption":"Atividade MAPA"},"image":{"@id":"https:\/\/atividademapa.com\/#\/schema\/logo\/image\/"}}]}},"_links":{"self":[{"href":"https:\/\/atividademapa.com\/index.php?rest_route=\/wp\/v2\/product\/4782","targetHints":{"allow":["GET"]}}],"collection":[{"href":"https:\/\/atividademapa.com\/index.php?rest_route=\/wp\/v2\/product"}],"about":[{"href":"https:\/\/atividademapa.com\/index.php?rest_route=\/wp\/v2\/types\/product"}],"version-history":[{"count":2,"href":"https:\/\/atividademapa.com\/index.php?rest_route=\/wp\/v2\/product\/4782\/revisions"}],"predecessor-version":[{"id":4785,"href":"https:\/\/atividademapa.com\/index.php?rest_route=\/wp\/v2\/product\/4782\/revisions\/4785"}],"wp:featuredmedia":[{"embeddable":true,"href":"https:\/\/atividademapa.com\/index.php?rest_route=\/wp\/v2\/media\/2326"}],"wp:attachment":[{"href":"https:\/\/atividademapa.com\/index.php?rest_route=%2Fwp%2Fv2%2Fmedia&parent=4782"}],"wp:term":[{"taxonomy":"product_brand","embeddable":true,"href":"https:\/\/atividademapa.com\/index.php?rest_route=%2Fwp%2Fv2%2Fproduct_brand&post=4782"},{"taxonomy":"product_cat","embeddable":true,"href":"https:\/\/atividademapa.com\/index.php?rest_route=%2Fwp%2Fv2%2Fproduct_cat&post=4782"},{"taxonomy":"product_tag","embeddable":true,"href":"https:\/\/atividademapa.com\/index.php?rest_route=%2Fwp%2Fv2%2Fproduct_tag&post=4782"}],"curies":[{"name":"wp","href":"https:\/\/api.w.org\/{rel}","templated":true}]}}