{"id":4793,"date":"2024-10-08T13:13:55","date_gmt":"2024-10-08T16:13:55","guid":{"rendered":"https:\/\/atividademapa.com\/?post_type=product&#038;p=4793"},"modified":"2024-10-18T21:53:48","modified_gmt":"2024-10-19T00:53:48","slug":"mapa-seg-ergonomia-e-doencas-ocupacionais-54_2024","status":"publish","type":"product","link":"https:\/\/atividademapa.com\/?product=mapa-seg-ergonomia-e-doencas-ocupacionais-54_2024","title":{"rendered":"MAPA &#8211; SEG &#8211; ERGONOMIA E DOEN\u00c7AS OCUPACIONAIS &#8211; 54_2024"},"content":{"rendered":"<p>MAPA &#8211; SEG &#8211; ERGONOMIA E DOEN\u00c7AS OCUPACIONAIS &#8211; 54_2024<\/p>\n<p>Voc\u00ea sabe as vantagens da postura de trabalho sentado? Voc\u00ea sabe se a postura sentada \u00e9 melhor ou pior que a postura de trabalho em p\u00e9? Voc\u00ea sabe quais os cuidados de manter uma postura de trabalho sentado?<\/p>\n<p>A postura de trabalho sentado \u00e9 melhor que a postura de trabalho em p\u00e9, pois o corpo fica melhor apoiado no assento e nos bra\u00e7os da cadeira. Sendo assim, essa postura \u00e9 menos cansativa, entretanto, em atividades que necessitam de mais for\u00e7a ou quando precisa de grandes movimentos do corpo, a postura em p\u00e9 \u00e9 mais indicada. Apesar de a postura sentada ser melhor para a realiza\u00e7\u00e3o do trabalho que a postura em p\u00e9, deve-se evitar o trabalho por longos per\u00edodos na mesma posi\u00e7\u00e3o. Os trabalhos que exigem longos per\u00edodos na postura sentada, devem ser alternados pela postura em p\u00e9.<\/p>\n<p>Leia o case a seguir:<\/p>\n<p>\u201cSupondo que um tecn\u00f3logo em seguran\u00e7a no trabalho, foi contratado para avaliar preliminarmente se os ambientes administrativos de uma ind\u00fastria metal\u00fargica est\u00e3o conforme ou se precisa contratar um profissional habilitado para realizar essa avalia\u00e7\u00e3o. No caso dessa ind\u00fastria metal\u00fargica o setor administrativo possui ar condicionado em todas as salas que o controle fica \u00e0 disposi\u00e7\u00e3o do colaborador, pois a recomenda\u00e7\u00e3o \u00e9 de manter uma temperatura entre 18 \u00baC e 25 \u00baC. O ru\u00eddo medido nesses ambientes n\u00e3o ultrapassaram 62dB(A) e a ilumina\u00e7\u00e3o est\u00e1 conforme a NHO 11. Alguns colaboradores possuem queixas de dor no pesco\u00e7o e nas costas. A foto a seguir ilustra a posi\u00e7\u00e3o que esses trabalhadores ficam durante as 8 horas de trabalho&#8221;.<\/p>\n<p>&nbsp;<\/p>\n<p><img data-recalc-dims=\"1\" decoding=\"async\" src=\"https:\/\/i0.wp.com\/s3.static.brasilescola.uol.com.br\/be\/2020\/11\/dor-nas-costas.jpg?ssl=1\" alt=\"A boa postura evita problemas, como dores nas costas e desvios na coluna.\" \/><\/p>\n<p>Fonte: o autor.<\/p>\n<p>A posi\u00e7\u00e3o sentada precisa ser avaliada quanto a altura do trabalhador e os equipamentos que o mesmo utiliza para que a adequa\u00e7\u00e3o seja realizada de forma adequada, al\u00e9m de orientar o trabalhador de como realizar as regulagens nas cadeiras caso seja um posto que seja ocupado por mais de um colaborador durante os turnos de trabalho.<\/p>\n<p>Diante disso, leia o excerto a seguir:<\/p>\n<p>Segundo Raquel Casarotto, passar longos per\u00edodos trabalhando sentado aumenta o risco de surgimento dos chamados problemas musculoesquel\u00e9ticos, os quais s\u00e3o dist\u00farbios e les\u00f5es que ocorrem nos m\u00fasculos, nervos, articula\u00e7\u00f5es, cartilagens e discos da coluna vertebral e costumam ser acompanhados de dores e inc\u00f4modos. Ela conta que os problemas posturais mais comuns afetam duas regi\u00f5es da coluna: a cervical, que fica na regi\u00e3o do pesco\u00e7o, e a lombar, a parte de baixo das costas.<br \/>\n\u201cAl\u00e9m das dores na coluna cervical, na regi\u00e3o do pesco\u00e7o, e na coluna lombar, sendo a parte de baixo da coluna, se uma pessoa trabalha sentado e tem um posto de trabalho que n\u00e3o est\u00e1 ajustado adequadamente a ela, tamb\u00e9m podem ocorrer dores em outros locais, como no ombro, no joelho, no quadril, tornozelo e nos membros superiores, como punho e cotovelos\u201d, afirma.<br \/>\nDe acordo com Raquel Casarotto, as pausas e movimenta\u00e7\u00f5es no trabalho reduzem os riscos de adquirir as doen\u00e7as cardiovasculares, mas, para amenizar os problemas musculoesquel\u00e9ticos, \u00e9 fundamental ajustar o ambiente de trabalho. Ela diz que os trabalhadores que t\u00eam essas dores geralmente possuem cadeiras que n\u00e3o est\u00e3o adequadas \u00e0s medidas antropom\u00e9tricas do seu corpo, al\u00e9m de uma disposi\u00e7\u00e3o ruim do mobili\u00e1rio.<br \/>\nConforme a professora, as vari\u00e1veis relacionadas ao ambiente de trabalho que geram mais dores no sistema musculoesquel\u00e9tico envolvem utilizar cadeiras que apoiam apenas a regi\u00e3o lombar, ter o mouse afastado do teclado, ter a cabe\u00e7a inclinada 45\u00ba para baixo e trabalhar mantendo os dois bra\u00e7os acima do n\u00edvel da mesa. Ela alerta, contudo, que n\u00e3o adianta ter o posto de trabalho adequado e continuar sentado por longas horas, pois os problemas v\u00e3o continuar.<br \/>\n\u201cO ideal \u00e9, quando voc\u00ea ficar cansado, come\u00e7ar a se sentir incomodado, voc\u00ea levantar, tem um trabalho que mostra que, a partir de 40 minutos sentado, j\u00e1 come\u00e7am a aparecer os sinais de fadiga. N\u00e3o temos uma recomenda\u00e7\u00e3o precisa de horas, mas a recomenda\u00e7\u00e3o em geral, que n\u00f3s especialistas damos, \u00e9 que a cada uma hora as pessoas se levantem\u201d, finaliza.<\/p>\n<p>Fonte: https:\/\/jornal.usp.br\/radio-usp\/trabalhar-sentado-por-longos-periodos-sem-pausas-pode-aumentar-o-risco-de-doencas-cardiovasculares\/. Acesso em: 7 ago. 2024.<\/p>\n<p>A partir das descri\u00e7\u00f5es sobre posi\u00e7\u00e3o de trabalho sentado e as orienta\u00e7\u00f5es do material da disciplina e considerando os conceitos de posicionamento correto do trabalho na posi\u00e7\u00e3o sentado, no Mapa da disciplina de Ergonomia e Doen\u00e7as Ocupacionais. Seu papel \u00e9 analisar a foto e responder as seguintes quest\u00f5es:<\/p>\n<p>a) Quais foram os problemas identificados na foto em manter essa posi\u00e7\u00e3o sentada desta forma (cite no m\u00ednimo 3 itens).<br \/>\nb) Quais s\u00e3o as a\u00e7\u00f5es que podem ser adotadas para melhorar ou corrigir a postura deste trabalhador na posi\u00e7\u00e3o sentada (cite no m\u00ednimo 3 a\u00e7\u00f5es, uma para cada item exposto na letra A).<br \/>\nc) Quais doen\u00e7as que podem ser acometidos os trabalhadores que ficarem toda a jornada na posi\u00e7\u00e3o sentada, por muitos anos seguidos, sem as devidas corre\u00e7\u00f5es nesta postura.<br \/>\nd) Para finalizar explique com suas palavras qual a import\u00e2ncia de os trabalhadores realizarem sua atividade de forma adequada com os equipamentos e materiais dispon\u00edveis para ele utilizar.<\/p>\n","protected":false},"excerpt":{"rendered":"<p>MAPA &#8211; SEG &#8211; ERGONOMIA E DOEN\u00c7AS OCUPACIONAIS &#8211; 54_2024 Voc\u00ea sabe as vantagens da postura de trabalho sentado? Voc\u00ea<\/p>\n","protected":false},"featured_media":2326,"template":"","meta":{"_monsterinsights_skip_tracking":false,"_monsterinsights_sitenote_active":false,"_monsterinsights_sitenote_note":"","_monsterinsights_sitenote_category":0},"product_brand":[],"product_cat":[113],"product_tag":[],"class_list":{"0":"post-4793","1":"product","2":"type-product","3":"status-publish","4":"has-post-thumbnail","6":"product_cat-seguranca-do-trabalho","8":"first","9":"instock","10":"downloadable","11":"virtual","12":"purchasable","13":"product-type-simple"},"yoast_head":"<!-- This site is optimized with the Yoast SEO plugin v27.4 - https:\/\/yoast.com\/product\/yoast-seo-wordpress\/ -->\n<title>MAPA - SEG - ERGONOMIA E DOEN\u00c7AS OCUPACIONAIS - 54_2024<\/title>\n<meta name=\"description\" content=\"Atividade MAPA - SEG - ERGONOMIA E DOEN\u00c7AS OCUPACIONAIS - 54_2024 &#8902; Unicesumar. Baixe agora mesmo um Mapa Pronto resolvido!\" \/>\n<meta name=\"robots\" content=\"index, follow, max-snippet:-1, max-image-preview:large, max-video-preview:-1\" \/>\n<link rel=\"canonical\" href=\"https:\/\/atividademapa.com\/?product=mapa-seg-ergonomia-e-doencas-ocupacionais-54_2024\" \/>\n<meta property=\"og:locale\" content=\"pt_BR\" \/>\n<meta property=\"og:type\" content=\"article\" \/>\n<meta property=\"og:title\" content=\"MAPA - SEG - ERGONOMIA E DOEN\u00c7AS OCUPACIONAIS - 54_2024\" \/>\n<meta property=\"og:description\" content=\"Atividade MAPA - SEG - ERGONOMIA E DOEN\u00c7AS OCUPACIONAIS - 54_2024 &#8902; Unicesumar. Baixe agora mesmo um Mapa Pronto resolvido!\" \/>\n<meta property=\"og:url\" content=\"https:\/\/atividademapa.com\/?product=mapa-seg-ergonomia-e-doencas-ocupacionais-54_2024\" \/>\n<meta property=\"og:site_name\" content=\"Atividade Mapa\" \/>\n<meta property=\"article:modified_time\" content=\"2024-10-19T00:53:48+00:00\" \/>\n<meta property=\"og:image\" content=\"https:\/\/i0.wp.com\/atividademapa.com\/wp-content\/uploads\/2023\/03\/Atividade-M.A.P.A-3.png?fit=300%2C300&ssl=1\" \/>\n\t<meta property=\"og:image:width\" content=\"300\" \/>\n\t<meta property=\"og:image:height\" content=\"300\" \/>\n\t<meta property=\"og:image:type\" content=\"image\/png\" \/>\n<meta name=\"twitter:card\" content=\"summary_large_image\" \/>\n<meta name=\"twitter:label1\" content=\"Est. tempo de leitura\" \/>\n\t<meta name=\"twitter:data1\" content=\"4 minutos\" \/>\n<script type=\"application\/ld+json\" class=\"yoast-schema-graph\">{\"@context\":\"https:\\\/\\\/schema.org\",\"@graph\":[{\"@type\":\"WebPage\",\"@id\":\"https:\\\/\\\/atividademapa.com\\\/?product=mapa-seg-ergonomia-e-doencas-ocupacionais-54_2024\",\"url\":\"https:\\\/\\\/atividademapa.com\\\/?product=mapa-seg-ergonomia-e-doencas-ocupacionais-54_2024\",\"name\":\"MAPA - SEG - ERGONOMIA E DOEN\u00c7AS OCUPACIONAIS - 54_2024\",\"isPartOf\":{\"@id\":\"https:\\\/\\\/atividademapa.com\\\/#website\"},\"primaryImageOfPage\":{\"@id\":\"https:\\\/\\\/atividademapa.com\\\/?product=mapa-seg-ergonomia-e-doencas-ocupacionais-54_2024#primaryimage\"},\"image\":{\"@id\":\"https:\\\/\\\/atividademapa.com\\\/?product=mapa-seg-ergonomia-e-doencas-ocupacionais-54_2024#primaryimage\"},\"thumbnailUrl\":\"https:\\\/\\\/i0.wp.com\\\/atividademapa.com\\\/wp-content\\\/uploads\\\/2023\\\/03\\\/Atividade-M.A.P.A-3.png?fit=300%2C300&ssl=1\",\"datePublished\":\"2024-10-08T16:13:55+00:00\",\"dateModified\":\"2024-10-19T00:53:48+00:00\",\"description\":\"Atividade MAPA - SEG - ERGONOMIA E DOEN\u00c7AS OCUPACIONAIS - 54_2024 &#8902; Unicesumar. Baixe agora mesmo um Mapa Pronto resolvido!\",\"breadcrumb\":{\"@id\":\"https:\\\/\\\/atividademapa.com\\\/?product=mapa-seg-ergonomia-e-doencas-ocupacionais-54_2024#breadcrumb\"},\"inLanguage\":\"pt-BR\",\"potentialAction\":[{\"@type\":\"ReadAction\",\"target\":[\"https:\\\/\\\/atividademapa.com\\\/?product=mapa-seg-ergonomia-e-doencas-ocupacionais-54_2024\"]}]},{\"@type\":\"ImageObject\",\"inLanguage\":\"pt-BR\",\"@id\":\"https:\\\/\\\/atividademapa.com\\\/?product=mapa-seg-ergonomia-e-doencas-ocupacionais-54_2024#primaryimage\",\"url\":\"https:\\\/\\\/i0.wp.com\\\/atividademapa.com\\\/wp-content\\\/uploads\\\/2023\\\/03\\\/Atividade-M.A.P.A-3.png?fit=300%2C300&ssl=1\",\"contentUrl\":\"https:\\\/\\\/i0.wp.com\\\/atividademapa.com\\\/wp-content\\\/uploads\\\/2023\\\/03\\\/Atividade-M.A.P.A-3.png?fit=300%2C300&ssl=1\",\"width\":300,\"height\":300,\"caption\":\"Mapa Unicesumar Atividade\"},{\"@type\":\"BreadcrumbList\",\"@id\":\"https:\\\/\\\/atividademapa.com\\\/?product=mapa-seg-ergonomia-e-doencas-ocupacionais-54_2024#breadcrumb\",\"itemListElement\":[{\"@type\":\"ListItem\",\"position\":1,\"name\":\"In\u00edcio\",\"item\":\"https:\\\/\\\/atividademapa.com\\\/\"},{\"@type\":\"ListItem\",\"position\":2,\"name\":\"MAPAS\",\"item\":\"https:\\\/\\\/atividademapa.com\\\/?page_id=5\"},{\"@type\":\"ListItem\",\"position\":3,\"name\":\"MAPA &#8211; SEG &#8211; ERGONOMIA E DOEN\u00c7AS OCUPACIONAIS &#8211; 54_2024\"}]},{\"@type\":\"WebSite\",\"@id\":\"https:\\\/\\\/atividademapa.com\\\/#website\",\"url\":\"https:\\\/\\\/atividademapa.com\\\/\",\"name\":\"Atividade Mapa\",\"description\":\"StudeO | Unicesumar\",\"publisher\":{\"@id\":\"https:\\\/\\\/atividademapa.com\\\/#organization\"},\"potentialAction\":[{\"@type\":\"SearchAction\",\"target\":{\"@type\":\"EntryPoint\",\"urlTemplate\":\"https:\\\/\\\/atividademapa.com\\\/?s={search_term_string}\"},\"query-input\":{\"@type\":\"PropertyValueSpecification\",\"valueRequired\":true,\"valueName\":\"search_term_string\"}}],\"inLanguage\":\"pt-BR\"},{\"@type\":\"Organization\",\"@id\":\"https:\\\/\\\/atividademapa.com\\\/#organization\",\"name\":\"Atividade MAPA\",\"url\":\"https:\\\/\\\/atividademapa.com\\\/\",\"logo\":{\"@type\":\"ImageObject\",\"inLanguage\":\"pt-BR\",\"@id\":\"https:\\\/\\\/atividademapa.com\\\/#\\\/schema\\\/logo\\\/image\\\/\",\"url\":\"https:\\\/\\\/i0.wp.com\\\/atividademapa.com\\\/wp-content\\\/uploads\\\/2023\\\/02\\\/ATIVIDADE.png?fit=600%2C300&ssl=1\",\"contentUrl\":\"https:\\\/\\\/i0.wp.com\\\/atividademapa.com\\\/wp-content\\\/uploads\\\/2023\\\/02\\\/ATIVIDADE.png?fit=600%2C300&ssl=1\",\"width\":600,\"height\":300,\"caption\":\"Atividade MAPA\"},\"image\":{\"@id\":\"https:\\\/\\\/atividademapa.com\\\/#\\\/schema\\\/logo\\\/image\\\/\"}}]}<\/script>\n<!-- \/ Yoast SEO plugin. -->","yoast_head_json":{"title":"MAPA - SEG - ERGONOMIA E DOEN\u00c7AS OCUPACIONAIS - 54_2024","description":"Atividade MAPA - SEG - ERGONOMIA E DOEN\u00c7AS OCUPACIONAIS - 54_2024 &#8902; Unicesumar. Baixe agora mesmo um Mapa Pronto resolvido!","robots":{"index":"index","follow":"follow","max-snippet":"max-snippet:-1","max-image-preview":"max-image-preview:large","max-video-preview":"max-video-preview:-1"},"canonical":"https:\/\/atividademapa.com\/?product=mapa-seg-ergonomia-e-doencas-ocupacionais-54_2024","og_locale":"pt_BR","og_type":"article","og_title":"MAPA - SEG - ERGONOMIA E DOEN\u00c7AS OCUPACIONAIS - 54_2024","og_description":"Atividade MAPA - SEG - ERGONOMIA E DOEN\u00c7AS OCUPACIONAIS - 54_2024 &#8902; Unicesumar. Baixe agora mesmo um Mapa Pronto resolvido!","og_url":"https:\/\/atividademapa.com\/?product=mapa-seg-ergonomia-e-doencas-ocupacionais-54_2024","og_site_name":"Atividade Mapa","article_modified_time":"2024-10-19T00:53:48+00:00","og_image":[{"width":300,"height":300,"url":"https:\/\/i0.wp.com\/atividademapa.com\/wp-content\/uploads\/2023\/03\/Atividade-M.A.P.A-3.png?fit=300%2C300&ssl=1","type":"image\/png"}],"twitter_card":"summary_large_image","twitter_misc":{"Est. tempo de leitura":"4 minutos"},"schema":{"@context":"https:\/\/schema.org","@graph":[{"@type":"WebPage","@id":"https:\/\/atividademapa.com\/?product=mapa-seg-ergonomia-e-doencas-ocupacionais-54_2024","url":"https:\/\/atividademapa.com\/?product=mapa-seg-ergonomia-e-doencas-ocupacionais-54_2024","name":"MAPA - SEG - ERGONOMIA E DOEN\u00c7AS OCUPACIONAIS - 54_2024","isPartOf":{"@id":"https:\/\/atividademapa.com\/#website"},"primaryImageOfPage":{"@id":"https:\/\/atividademapa.com\/?product=mapa-seg-ergonomia-e-doencas-ocupacionais-54_2024#primaryimage"},"image":{"@id":"https:\/\/atividademapa.com\/?product=mapa-seg-ergonomia-e-doencas-ocupacionais-54_2024#primaryimage"},"thumbnailUrl":"https:\/\/i0.wp.com\/atividademapa.com\/wp-content\/uploads\/2023\/03\/Atividade-M.A.P.A-3.png?fit=300%2C300&ssl=1","datePublished":"2024-10-08T16:13:55+00:00","dateModified":"2024-10-19T00:53:48+00:00","description":"Atividade MAPA - SEG - ERGONOMIA E DOEN\u00c7AS OCUPACIONAIS - 54_2024 &#8902; Unicesumar. Baixe agora mesmo um Mapa Pronto resolvido!","breadcrumb":{"@id":"https:\/\/atividademapa.com\/?product=mapa-seg-ergonomia-e-doencas-ocupacionais-54_2024#breadcrumb"},"inLanguage":"pt-BR","potentialAction":[{"@type":"ReadAction","target":["https:\/\/atividademapa.com\/?product=mapa-seg-ergonomia-e-doencas-ocupacionais-54_2024"]}]},{"@type":"ImageObject","inLanguage":"pt-BR","@id":"https:\/\/atividademapa.com\/?product=mapa-seg-ergonomia-e-doencas-ocupacionais-54_2024#primaryimage","url":"https:\/\/i0.wp.com\/atividademapa.com\/wp-content\/uploads\/2023\/03\/Atividade-M.A.P.A-3.png?fit=300%2C300&ssl=1","contentUrl":"https:\/\/i0.wp.com\/atividademapa.com\/wp-content\/uploads\/2023\/03\/Atividade-M.A.P.A-3.png?fit=300%2C300&ssl=1","width":300,"height":300,"caption":"Mapa Unicesumar Atividade"},{"@type":"BreadcrumbList","@id":"https:\/\/atividademapa.com\/?product=mapa-seg-ergonomia-e-doencas-ocupacionais-54_2024#breadcrumb","itemListElement":[{"@type":"ListItem","position":1,"name":"In\u00edcio","item":"https:\/\/atividademapa.com\/"},{"@type":"ListItem","position":2,"name":"MAPAS","item":"https:\/\/atividademapa.com\/?page_id=5"},{"@type":"ListItem","position":3,"name":"MAPA &#8211; SEG &#8211; ERGONOMIA E DOEN\u00c7AS OCUPACIONAIS &#8211; 54_2024"}]},{"@type":"WebSite","@id":"https:\/\/atividademapa.com\/#website","url":"https:\/\/atividademapa.com\/","name":"Atividade Mapa","description":"StudeO | Unicesumar","publisher":{"@id":"https:\/\/atividademapa.com\/#organization"},"potentialAction":[{"@type":"SearchAction","target":{"@type":"EntryPoint","urlTemplate":"https:\/\/atividademapa.com\/?s={search_term_string}"},"query-input":{"@type":"PropertyValueSpecification","valueRequired":true,"valueName":"search_term_string"}}],"inLanguage":"pt-BR"},{"@type":"Organization","@id":"https:\/\/atividademapa.com\/#organization","name":"Atividade MAPA","url":"https:\/\/atividademapa.com\/","logo":{"@type":"ImageObject","inLanguage":"pt-BR","@id":"https:\/\/atividademapa.com\/#\/schema\/logo\/image\/","url":"https:\/\/i0.wp.com\/atividademapa.com\/wp-content\/uploads\/2023\/02\/ATIVIDADE.png?fit=600%2C300&ssl=1","contentUrl":"https:\/\/i0.wp.com\/atividademapa.com\/wp-content\/uploads\/2023\/02\/ATIVIDADE.png?fit=600%2C300&ssl=1","width":600,"height":300,"caption":"Atividade MAPA"},"image":{"@id":"https:\/\/atividademapa.com\/#\/schema\/logo\/image\/"}}]}},"_links":{"self":[{"href":"https:\/\/atividademapa.com\/index.php?rest_route=\/wp\/v2\/product\/4793","targetHints":{"allow":["GET"]}}],"collection":[{"href":"https:\/\/atividademapa.com\/index.php?rest_route=\/wp\/v2\/product"}],"about":[{"href":"https:\/\/atividademapa.com\/index.php?rest_route=\/wp\/v2\/types\/product"}],"version-history":[{"count":1,"href":"https:\/\/atividademapa.com\/index.php?rest_route=\/wp\/v2\/product\/4793\/revisions"}],"predecessor-version":[{"id":4794,"href":"https:\/\/atividademapa.com\/index.php?rest_route=\/wp\/v2\/product\/4793\/revisions\/4794"}],"wp:featuredmedia":[{"embeddable":true,"href":"https:\/\/atividademapa.com\/index.php?rest_route=\/wp\/v2\/media\/2326"}],"wp:attachment":[{"href":"https:\/\/atividademapa.com\/index.php?rest_route=%2Fwp%2Fv2%2Fmedia&parent=4793"}],"wp:term":[{"taxonomy":"product_brand","embeddable":true,"href":"https:\/\/atividademapa.com\/index.php?rest_route=%2Fwp%2Fv2%2Fproduct_brand&post=4793"},{"taxonomy":"product_cat","embeddable":true,"href":"https:\/\/atividademapa.com\/index.php?rest_route=%2Fwp%2Fv2%2Fproduct_cat&post=4793"},{"taxonomy":"product_tag","embeddable":true,"href":"https:\/\/atividademapa.com\/index.php?rest_route=%2Fwp%2Fv2%2Fproduct_tag&post=4793"}],"curies":[{"name":"wp","href":"https:\/\/api.w.org\/{rel}","templated":true}]}}