{"id":4796,"date":"2024-10-08T23:33:22","date_gmt":"2024-10-09T02:33:22","guid":{"rendered":"https:\/\/atividademapa.com\/?post_type=product&#038;p=4796"},"modified":"2024-10-08T23:33:23","modified_gmt":"2024-10-09T02:33:23","slug":"mapa-engenharia-economica-54-2024","status":"publish","type":"product","link":"https:\/\/atividademapa.com\/?product=mapa-engenharia-economica-54-2024","title":{"rendered":"MAPA &#8211; Engenharia Econ\u00f4mica &#8211; 54\/2024"},"content":{"rendered":"<p>&nbsp;<\/p>\n<p>Bem-vindo \u00e0\u00a0atividade MAPA da disciplina de Engenharia Econ\u00f4mica. Chegou o momento de voc\u00ea colocar em pr\u00e1tica o que aprendeu nas nossas aulas. Para isso, a atividade consiste em decidir quanto a viabilidade econ\u00f4mica de um projeto de investimento em uma usina solar. Para isso, voc\u00ea foi contratado como consultor financeiro da empresa de energia renov\u00e1vel ABC que est\u00e1 considerando a constru\u00e7\u00e3o de uma usina solar em uma regi\u00e3o rural em um determinado munic\u00edpio brasileiro. O projeto tem como objetivos principais gerar energia limpa, criar empregos locais e contribuir para a sustentabilidade ambiental. No entanto, a empresa precisa analisar a viabilidade econ\u00f4mica do projeto e, caso seja vi\u00e1vel, encontrar a melhor forma de pagamento. Para atingir o objetivo, a atividade est\u00e1 dividida em tr\u00eas etapas:<\/p>\n<p><strong>Etapa 1:<\/strong>\u00a0Na primeira etapa, voc\u00ea dever\u00e1 analisar a viabilidade econ\u00f4mica do projeto.\u00a0Para isso,<u>\u00a0calcule, utilizando de prefer\u00eancia uma planilha eletr\u00f4nica, como o Excel, o Valor Presente L\u00edquido (VPL) e a Taxa Interna de Retorno (TIR) do projeto e dizer se o projeto \u00e9 economicamente vi\u00e1vel.<\/u>\u00a0Para isso, voc\u00ea deve considerar os dados que obteve do projeto e que s\u00e3o apresentados a seguir:<\/p>\n<p><strong>Custos Iniciais:<\/strong><\/p>\n<p>Terreno: R$1.000.000,00<\/p>\n<p>Equipamentos: R$5.000.000,00<\/p>\n<p>Instala\u00e7\u00e3o: R$2.000.000,00<\/p>\n<p>Custos de Licenciamento: R$500.000,00<\/p>\n<p><strong>Receitas Anuais Estimadas:<\/strong><\/p>\n<p>Venda de Energia: R$2.000.000,00<\/p>\n<p>Incentivos Governamentais: R$500.000,00<\/p>\n<p><strong>Custos Operacionais Anuais:<\/strong><\/p>\n<p>Manuten\u00e7\u00e3o: R$200.000,00<\/p>\n<p>Sal\u00e1rios: R$300.000,00<\/p>\n<p>Outros Custos: R$100.000,00<\/p>\n<p>O projeto tem uma vida \u00fatil de 20 anos e a Taxa M\u00ednima de Atratividade (TMA) \u00e9 de 8% a.a.<\/p>\n<p><strong>ATEN\u00c7\u00c3O:<\/strong>\u00a0<em>Caso o projeto n\u00e3o seja vi\u00e1vel economicamente, proponha uma nova Taxa M\u00ednima de Atratividade (TMA) que fa\u00e7a o projeto ser vi\u00e1vel.<\/em><\/p>\n<p><strong>Etapa 2:<\/strong>\u00a0Agora que o projeto \u00e9 vi\u00e1vel economicamente, chegou o momento de voc\u00ea definir a melhor forma de pagamento. O propriet\u00e1rio da empresa ABC comunicou que, por quest\u00f5es estrat\u00e9gicas, obter\u00e1 100% do\u00a0<u>capital inicial necess\u00e1rio<\/u>\u00a0para a constru\u00e7\u00e3o da usina solar no mercado financeiro. A partir dessa informa\u00e7\u00e3o e ap\u00f3s pesquisas no mercado financeiro, o banco AA ofereceu o\u00a0<u>financiamento total a uma taxa de juros de 1,5% a.a., que ser\u00e3o pagos em 20 anos e o pagamento ser\u00e1 feito via sistema de amortiza\u00e7\u00e3o constante (SAC)<\/u>. \u00a0Diante do exposto,\u00a0<u>construa a planilha financeira utilizando o SAC (a<\/u>presentar o valor total pago das parcelas).\u200b<\/p>\n<p><strong>Etapa 3:<\/strong>\u00a0Chegou o momento de voc\u00ea enviar o parecer de viabilidade ao propriet\u00e1rio da empresa ABC.\u00a0<u>Para isso, fa\u00e7a um resumo das suas an\u00e1lises e discuss\u00f5es das etapas 1 e 2, e envie o seu parecer.<\/u>\u00a0Essa etapa deve ser direta, com um par\u00e1grafo.<\/p>\n<p>&nbsp;<\/p>\n","protected":false},"excerpt":{"rendered":"<p>&nbsp; Bem-vindo \u00e0\u00a0atividade MAPA da disciplina de Engenharia Econ\u00f4mica. Chegou o momento de voc\u00ea colocar em pr\u00e1tica o que aprendeu<\/p>\n","protected":false},"featured_media":2326,"template":"","meta":{"_monsterinsights_skip_tracking":false,"_monsterinsights_sitenote_active":false,"_monsterinsights_sitenote_note":"","_monsterinsights_sitenote_category":0},"product_brand":[],"product_cat":[45],"product_tag":[],"class_list":{"0":"post-4796","1":"product","2":"type-product","3":"status-publish","4":"has-post-thumbnail","6":"product_cat-engenharias","8":"first","9":"instock","10":"downloadable","11":"virtual","12":"purchasable","13":"product-type-simple"},"yoast_head":"<!-- This site is optimized with the Yoast SEO plugin v27.4 - https:\/\/yoast.com\/product\/yoast-seo-wordpress\/ -->\n<title>MAPA - Engenharia Econ\u00f4mica - 54\/2024<\/title>\n<meta name=\"description\" content=\"Atividade MAPA - Engenharia Econ\u00f4mica - 54\/2024 &#8902; Unicesumar. Baixe agora mesmo um Mapa Pronto resolvido!\" \/>\n<meta name=\"robots\" content=\"index, follow, max-snippet:-1, max-image-preview:large, max-video-preview:-1\" \/>\n<link rel=\"canonical\" href=\"https:\/\/atividademapa.com\/?product=mapa-engenharia-economica-54-2024\" \/>\n<meta property=\"og:locale\" content=\"pt_BR\" \/>\n<meta property=\"og:type\" content=\"article\" \/>\n<meta property=\"og:title\" content=\"MAPA - Engenharia Econ\u00f4mica - 54\/2024\" \/>\n<meta property=\"og:description\" content=\"Atividade MAPA - Engenharia Econ\u00f4mica - 54\/2024 &#8902; Unicesumar. Baixe agora mesmo um Mapa Pronto resolvido!\" \/>\n<meta property=\"og:url\" content=\"https:\/\/atividademapa.com\/?product=mapa-engenharia-economica-54-2024\" \/>\n<meta property=\"og:site_name\" content=\"Atividade Mapa\" \/>\n<meta property=\"article:modified_time\" content=\"2024-10-09T02:33:23+00:00\" \/>\n<meta property=\"og:image\" content=\"https:\/\/i0.wp.com\/atividademapa.com\/wp-content\/uploads\/2023\/03\/Atividade-M.A.P.A-3.png?fit=300%2C300&ssl=1\" \/>\n\t<meta property=\"og:image:width\" content=\"300\" \/>\n\t<meta property=\"og:image:height\" content=\"300\" \/>\n\t<meta property=\"og:image:type\" content=\"image\/png\" \/>\n<meta name=\"twitter:card\" content=\"summary_large_image\" \/>\n<meta name=\"twitter:label1\" content=\"Est. tempo de leitura\" \/>\n\t<meta name=\"twitter:data1\" content=\"2 minutos\" \/>\n<script type=\"application\/ld+json\" class=\"yoast-schema-graph\">{\"@context\":\"https:\\\/\\\/schema.org\",\"@graph\":[{\"@type\":\"WebPage\",\"@id\":\"https:\\\/\\\/atividademapa.com\\\/?product=mapa-engenharia-economica-54-2024\",\"url\":\"https:\\\/\\\/atividademapa.com\\\/?product=mapa-engenharia-economica-54-2024\",\"name\":\"MAPA - Engenharia Econ\u00f4mica - 54\\\/2024\",\"isPartOf\":{\"@id\":\"https:\\\/\\\/atividademapa.com\\\/#website\"},\"primaryImageOfPage\":{\"@id\":\"https:\\\/\\\/atividademapa.com\\\/?product=mapa-engenharia-economica-54-2024#primaryimage\"},\"image\":{\"@id\":\"https:\\\/\\\/atividademapa.com\\\/?product=mapa-engenharia-economica-54-2024#primaryimage\"},\"thumbnailUrl\":\"https:\\\/\\\/i0.wp.com\\\/atividademapa.com\\\/wp-content\\\/uploads\\\/2023\\\/03\\\/Atividade-M.A.P.A-3.png?fit=300%2C300&ssl=1\",\"datePublished\":\"2024-10-09T02:33:22+00:00\",\"dateModified\":\"2024-10-09T02:33:23+00:00\",\"description\":\"Atividade MAPA - Engenharia Econ\u00f4mica - 54\\\/2024 &#8902; Unicesumar. Baixe agora mesmo um Mapa Pronto resolvido!\",\"breadcrumb\":{\"@id\":\"https:\\\/\\\/atividademapa.com\\\/?product=mapa-engenharia-economica-54-2024#breadcrumb\"},\"inLanguage\":\"pt-BR\",\"potentialAction\":[{\"@type\":\"ReadAction\",\"target\":[\"https:\\\/\\\/atividademapa.com\\\/?product=mapa-engenharia-economica-54-2024\"]}]},{\"@type\":\"ImageObject\",\"inLanguage\":\"pt-BR\",\"@id\":\"https:\\\/\\\/atividademapa.com\\\/?product=mapa-engenharia-economica-54-2024#primaryimage\",\"url\":\"https:\\\/\\\/i0.wp.com\\\/atividademapa.com\\\/wp-content\\\/uploads\\\/2023\\\/03\\\/Atividade-M.A.P.A-3.png?fit=300%2C300&ssl=1\",\"contentUrl\":\"https:\\\/\\\/i0.wp.com\\\/atividademapa.com\\\/wp-content\\\/uploads\\\/2023\\\/03\\\/Atividade-M.A.P.A-3.png?fit=300%2C300&ssl=1\",\"width\":300,\"height\":300,\"caption\":\"Mapa Unicesumar Atividade\"},{\"@type\":\"BreadcrumbList\",\"@id\":\"https:\\\/\\\/atividademapa.com\\\/?product=mapa-engenharia-economica-54-2024#breadcrumb\",\"itemListElement\":[{\"@type\":\"ListItem\",\"position\":1,\"name\":\"In\u00edcio\",\"item\":\"https:\\\/\\\/atividademapa.com\\\/\"},{\"@type\":\"ListItem\",\"position\":2,\"name\":\"MAPAS\",\"item\":\"https:\\\/\\\/atividademapa.com\\\/?page_id=5\"},{\"@type\":\"ListItem\",\"position\":3,\"name\":\"MAPA &#8211; Engenharia Econ\u00f4mica &#8211; 54\\\/2024\"}]},{\"@type\":\"WebSite\",\"@id\":\"https:\\\/\\\/atividademapa.com\\\/#website\",\"url\":\"https:\\\/\\\/atividademapa.com\\\/\",\"name\":\"Atividade Mapa\",\"description\":\"StudeO | Unicesumar\",\"publisher\":{\"@id\":\"https:\\\/\\\/atividademapa.com\\\/#organization\"},\"potentialAction\":[{\"@type\":\"SearchAction\",\"target\":{\"@type\":\"EntryPoint\",\"urlTemplate\":\"https:\\\/\\\/atividademapa.com\\\/?s={search_term_string}\"},\"query-input\":{\"@type\":\"PropertyValueSpecification\",\"valueRequired\":true,\"valueName\":\"search_term_string\"}}],\"inLanguage\":\"pt-BR\"},{\"@type\":\"Organization\",\"@id\":\"https:\\\/\\\/atividademapa.com\\\/#organization\",\"name\":\"Atividade MAPA\",\"url\":\"https:\\\/\\\/atividademapa.com\\\/\",\"logo\":{\"@type\":\"ImageObject\",\"inLanguage\":\"pt-BR\",\"@id\":\"https:\\\/\\\/atividademapa.com\\\/#\\\/schema\\\/logo\\\/image\\\/\",\"url\":\"https:\\\/\\\/i0.wp.com\\\/atividademapa.com\\\/wp-content\\\/uploads\\\/2023\\\/02\\\/ATIVIDADE.png?fit=600%2C300&ssl=1\",\"contentUrl\":\"https:\\\/\\\/i0.wp.com\\\/atividademapa.com\\\/wp-content\\\/uploads\\\/2023\\\/02\\\/ATIVIDADE.png?fit=600%2C300&ssl=1\",\"width\":600,\"height\":300,\"caption\":\"Atividade MAPA\"},\"image\":{\"@id\":\"https:\\\/\\\/atividademapa.com\\\/#\\\/schema\\\/logo\\\/image\\\/\"}}]}<\/script>\n<!-- \/ Yoast SEO plugin. -->","yoast_head_json":{"title":"MAPA - Engenharia Econ\u00f4mica - 54\/2024","description":"Atividade MAPA - Engenharia Econ\u00f4mica - 54\/2024 &#8902; Unicesumar. Baixe agora mesmo um Mapa Pronto resolvido!","robots":{"index":"index","follow":"follow","max-snippet":"max-snippet:-1","max-image-preview":"max-image-preview:large","max-video-preview":"max-video-preview:-1"},"canonical":"https:\/\/atividademapa.com\/?product=mapa-engenharia-economica-54-2024","og_locale":"pt_BR","og_type":"article","og_title":"MAPA - Engenharia Econ\u00f4mica - 54\/2024","og_description":"Atividade MAPA - Engenharia Econ\u00f4mica - 54\/2024 &#8902; Unicesumar. Baixe agora mesmo um Mapa Pronto resolvido!","og_url":"https:\/\/atividademapa.com\/?product=mapa-engenharia-economica-54-2024","og_site_name":"Atividade Mapa","article_modified_time":"2024-10-09T02:33:23+00:00","og_image":[{"width":300,"height":300,"url":"https:\/\/i0.wp.com\/atividademapa.com\/wp-content\/uploads\/2023\/03\/Atividade-M.A.P.A-3.png?fit=300%2C300&ssl=1","type":"image\/png"}],"twitter_card":"summary_large_image","twitter_misc":{"Est. tempo de leitura":"2 minutos"},"schema":{"@context":"https:\/\/schema.org","@graph":[{"@type":"WebPage","@id":"https:\/\/atividademapa.com\/?product=mapa-engenharia-economica-54-2024","url":"https:\/\/atividademapa.com\/?product=mapa-engenharia-economica-54-2024","name":"MAPA - Engenharia Econ\u00f4mica - 54\/2024","isPartOf":{"@id":"https:\/\/atividademapa.com\/#website"},"primaryImageOfPage":{"@id":"https:\/\/atividademapa.com\/?product=mapa-engenharia-economica-54-2024#primaryimage"},"image":{"@id":"https:\/\/atividademapa.com\/?product=mapa-engenharia-economica-54-2024#primaryimage"},"thumbnailUrl":"https:\/\/i0.wp.com\/atividademapa.com\/wp-content\/uploads\/2023\/03\/Atividade-M.A.P.A-3.png?fit=300%2C300&ssl=1","datePublished":"2024-10-09T02:33:22+00:00","dateModified":"2024-10-09T02:33:23+00:00","description":"Atividade MAPA - Engenharia Econ\u00f4mica - 54\/2024 &#8902; Unicesumar. Baixe agora mesmo um Mapa Pronto resolvido!","breadcrumb":{"@id":"https:\/\/atividademapa.com\/?product=mapa-engenharia-economica-54-2024#breadcrumb"},"inLanguage":"pt-BR","potentialAction":[{"@type":"ReadAction","target":["https:\/\/atividademapa.com\/?product=mapa-engenharia-economica-54-2024"]}]},{"@type":"ImageObject","inLanguage":"pt-BR","@id":"https:\/\/atividademapa.com\/?product=mapa-engenharia-economica-54-2024#primaryimage","url":"https:\/\/i0.wp.com\/atividademapa.com\/wp-content\/uploads\/2023\/03\/Atividade-M.A.P.A-3.png?fit=300%2C300&ssl=1","contentUrl":"https:\/\/i0.wp.com\/atividademapa.com\/wp-content\/uploads\/2023\/03\/Atividade-M.A.P.A-3.png?fit=300%2C300&ssl=1","width":300,"height":300,"caption":"Mapa Unicesumar Atividade"},{"@type":"BreadcrumbList","@id":"https:\/\/atividademapa.com\/?product=mapa-engenharia-economica-54-2024#breadcrumb","itemListElement":[{"@type":"ListItem","position":1,"name":"In\u00edcio","item":"https:\/\/atividademapa.com\/"},{"@type":"ListItem","position":2,"name":"MAPAS","item":"https:\/\/atividademapa.com\/?page_id=5"},{"@type":"ListItem","position":3,"name":"MAPA &#8211; Engenharia Econ\u00f4mica &#8211; 54\/2024"}]},{"@type":"WebSite","@id":"https:\/\/atividademapa.com\/#website","url":"https:\/\/atividademapa.com\/","name":"Atividade Mapa","description":"StudeO | Unicesumar","publisher":{"@id":"https:\/\/atividademapa.com\/#organization"},"potentialAction":[{"@type":"SearchAction","target":{"@type":"EntryPoint","urlTemplate":"https:\/\/atividademapa.com\/?s={search_term_string}"},"query-input":{"@type":"PropertyValueSpecification","valueRequired":true,"valueName":"search_term_string"}}],"inLanguage":"pt-BR"},{"@type":"Organization","@id":"https:\/\/atividademapa.com\/#organization","name":"Atividade MAPA","url":"https:\/\/atividademapa.com\/","logo":{"@type":"ImageObject","inLanguage":"pt-BR","@id":"https:\/\/atividademapa.com\/#\/schema\/logo\/image\/","url":"https:\/\/i0.wp.com\/atividademapa.com\/wp-content\/uploads\/2023\/02\/ATIVIDADE.png?fit=600%2C300&ssl=1","contentUrl":"https:\/\/i0.wp.com\/atividademapa.com\/wp-content\/uploads\/2023\/02\/ATIVIDADE.png?fit=600%2C300&ssl=1","width":600,"height":300,"caption":"Atividade MAPA"},"image":{"@id":"https:\/\/atividademapa.com\/#\/schema\/logo\/image\/"}}]}},"_links":{"self":[{"href":"https:\/\/atividademapa.com\/index.php?rest_route=\/wp\/v2\/product\/4796","targetHints":{"allow":["GET"]}}],"collection":[{"href":"https:\/\/atividademapa.com\/index.php?rest_route=\/wp\/v2\/product"}],"about":[{"href":"https:\/\/atividademapa.com\/index.php?rest_route=\/wp\/v2\/types\/product"}],"version-history":[{"count":1,"href":"https:\/\/atividademapa.com\/index.php?rest_route=\/wp\/v2\/product\/4796\/revisions"}],"predecessor-version":[{"id":4798,"href":"https:\/\/atividademapa.com\/index.php?rest_route=\/wp\/v2\/product\/4796\/revisions\/4798"}],"wp:featuredmedia":[{"embeddable":true,"href":"https:\/\/atividademapa.com\/index.php?rest_route=\/wp\/v2\/media\/2326"}],"wp:attachment":[{"href":"https:\/\/atividademapa.com\/index.php?rest_route=%2Fwp%2Fv2%2Fmedia&parent=4796"}],"wp:term":[{"taxonomy":"product_brand","embeddable":true,"href":"https:\/\/atividademapa.com\/index.php?rest_route=%2Fwp%2Fv2%2Fproduct_brand&post=4796"},{"taxonomy":"product_cat","embeddable":true,"href":"https:\/\/atividademapa.com\/index.php?rest_route=%2Fwp%2Fv2%2Fproduct_cat&post=4796"},{"taxonomy":"product_tag","embeddable":true,"href":"https:\/\/atividademapa.com\/index.php?rest_route=%2Fwp%2Fv2%2Fproduct_tag&post=4796"}],"curies":[{"name":"wp","href":"https:\/\/api.w.org\/{rel}","templated":true}]}}