{"id":4812,"date":"2024-10-09T18:19:36","date_gmt":"2024-10-09T21:19:36","guid":{"rendered":"https:\/\/atividademapa.com\/?post_type=product&#038;p=4812"},"modified":"2024-10-10T18:07:44","modified_gmt":"2024-10-10T21:07:44","slug":"mapa-adm-abordagens-inovadoras-em-administracao-54_2024","status":"publish","type":"product","link":"https:\/\/atividademapa.com\/?product=mapa-adm-abordagens-inovadoras-em-administracao-54_2024","title":{"rendered":"MAPA &#8211; ADM &#8211; ABORDAGENS INOVADORAS EM ADMINISTRA\u00c7\u00c3O &#8211; 54_2024"},"content":{"rendered":"<p><strong>MAPA &#8211; ADM &#8211; ABORDAGENS INOVADORAS EM ADMINISTRA\u00c7\u00c3O &#8211; 54_2024<\/strong><\/p>\n<p><strong>QUEST\u00c3O 1<\/strong><\/p>\n<p><strong>Contextualizando o assunto<\/strong><\/p>\n<p>Para ter um produto bem aceito no mercado \u00e9 necess\u00e1rio mais que boa vontade, comprometimento ou boa equipe de trabalho. O desenvolvimento de estrat\u00e9gias bem articuladas \u00e9 preciso para conseguir se manter no mercado. O estabelecimento de parcerias e facilitar ofertas vis\u00edveis ou que existem diversas op\u00e7\u00f5es no mercado para compra tanto online, quanto de forma f\u00edsica.<\/p>\n<p>Quando fazemos parte de um neg\u00f3cio que disponibiliza produtos para clientes temos que pensar o que o p\u00fablico v\u00ea em si, ou seja, cada produto tem determinados usos conhecidos pelos criadores do neg\u00f3cio, entretanto, cada produto possui utilidades para cada pessoa que nem sempre s\u00e3o as mais conhecidas, por\u00e9m, os tributos e os determinados usos devem ser investigados visando encontrar as utilidades de um produto.<\/p>\n<p>Os gestores precisam desenvolver o esp\u00edrito de cocria\u00e7\u00e3o que \u00e9 uma tend\u00eancia de cria\u00e7\u00e3o de produtos a partir do interesse deles e n\u00e3o mais criar algo e tentar vender para os consumidores.<\/p>\n<p>Neste contexto, a ferramenta Job To Be Done tem sido bastante explorada no mundo das startups e pode auxiliar no desenvolvimento de solu\u00e7\u00f5es por ter uma metodologia que visa encontrar o que \u00e9 essencial para os consumidores e disponibilizar solu\u00e7\u00f5es mais adequadas e validadas para o cliente.<\/p>\n<p><strong>Estudo de caso<\/strong><\/p>\n<p>Para a realiza\u00e7\u00e3o da atividade, consideramos um produto bastante conhecido do p\u00fablico que \u00e9 um bloco de anota\u00e7\u00e3o sem capa dura com 50 folhas coloridas (amarelo, azul, verde e branco) com tamanho de metade de papel A4.<\/p>\n<p>Para determinado grupo de pessoas, como os professores, pode ser bastante \u00f3bvio a utiliza\u00e7\u00e3o, mas cada professor pode utilizar de formas \u00fanicas, como, por exemplo, para separar o bloco de provas com as atividades de estudo, os di\u00e1rios de classe, dentre outros. Dessa forma, uma empresa pode estabelecer estrat\u00e9gias espec\u00edficas se conhecer como alinhar aos clientes.<\/p>\n<p>Para realizar a atividade, voc\u00ea deve escolher tr\u00eas pessoas (n\u00e3o podem ser professores) que costumam utilizar o produto mencionado anteriormente. Vamos descrever o passo a passo da metodologia que precisa ser desenvolvida para a atividade:<\/p>\n<p>a) Converse com cada pessoa para perguntar as utiliza\u00e7\u00f5es do bloco de anota\u00e7\u00e3o. Anote e descreva os usos citados por cada um.<\/p>\n<p>b) Classifique as utiliza\u00e7\u00f5es citadas em grupos que re\u00fanam as cita\u00e7\u00f5es de todos os tr\u00eas pesquisados.<\/p>\n<p>c) A partir da classifica\u00e7\u00e3o escolha um Job que deve ser priorizado e justifique a resposta.<\/p>\n<p>d) Considerando a solu\u00e7\u00e3o escolhida, identifique outro produto que tenha o mesmo uso e justifique a resposta.<\/p>\n<p>e) Elabore uma experi\u00eancia de consumo que auxilie o cliente a perceber a import\u00e2ncia do produto.<\/p>\n<p>f) Elabore uma estrat\u00e9gia de como agradar os clientes e gerar novas vendas.<\/p>\n","protected":false},"excerpt":{"rendered":"<p>MAPA &#8211; ADM &#8211; ABORDAGENS INOVADORAS EM ADMINISTRA\u00c7\u00c3O &#8211; 54_2024 QUEST\u00c3O 1 Contextualizando o assunto Para ter um produto bem<\/p>\n","protected":false},"featured_media":2326,"template":"","meta":{"_monsterinsights_skip_tracking":false,"_monsterinsights_sitenote_active":false,"_monsterinsights_sitenote_note":"","_monsterinsights_sitenote_category":0},"product_brand":[],"product_cat":[22],"product_tag":[],"class_list":{"0":"post-4812","1":"product","2":"type-product","3":"status-publish","4":"has-post-thumbnail","6":"product_cat-administracao","8":"first","9":"instock","10":"downloadable","11":"virtual","12":"purchasable","13":"product-type-simple"},"yoast_head":"<!-- This site is optimized with the Yoast SEO plugin v27.4 - https:\/\/yoast.com\/product\/yoast-seo-wordpress\/ -->\n<title>MAPA - ADM - ABORDAGENS INOVADORAS EM ADMINISTRA\u00c7\u00c3O - 54_2024<\/title>\n<meta name=\"description\" content=\"Atividade MAPA - ADM - ABORDAGENS INOVADORAS EM ADMINISTRA\u00c7\u00c3O - 54_2024 &#8902; Unicesumar. Baixe agora mesmo um Mapa Pronto resolvido!\" \/>\n<meta name=\"robots\" content=\"index, follow, max-snippet:-1, max-image-preview:large, max-video-preview:-1\" \/>\n<link rel=\"canonical\" href=\"https:\/\/atividademapa.com\/?product=mapa-adm-abordagens-inovadoras-em-administracao-54_2024\" \/>\n<meta property=\"og:locale\" content=\"pt_BR\" \/>\n<meta property=\"og:type\" content=\"article\" \/>\n<meta property=\"og:title\" content=\"MAPA - ADM - ABORDAGENS INOVADORAS EM ADMINISTRA\u00c7\u00c3O - 54_2024\" \/>\n<meta property=\"og:description\" content=\"Atividade MAPA - ADM - ABORDAGENS INOVADORAS EM ADMINISTRA\u00c7\u00c3O - 54_2024 &#8902; Unicesumar. Baixe agora mesmo um Mapa Pronto resolvido!\" \/>\n<meta property=\"og:url\" content=\"https:\/\/atividademapa.com\/?product=mapa-adm-abordagens-inovadoras-em-administracao-54_2024\" \/>\n<meta property=\"og:site_name\" content=\"Atividade Mapa\" \/>\n<meta property=\"article:modified_time\" content=\"2024-10-10T21:07:44+00:00\" \/>\n<meta property=\"og:image\" content=\"https:\/\/i0.wp.com\/atividademapa.com\/wp-content\/uploads\/2023\/03\/Atividade-M.A.P.A-3.png?fit=300%2C300&ssl=1\" \/>\n\t<meta property=\"og:image:width\" content=\"300\" \/>\n\t<meta property=\"og:image:height\" content=\"300\" \/>\n\t<meta property=\"og:image:type\" content=\"image\/png\" \/>\n<meta name=\"twitter:card\" content=\"summary_large_image\" \/>\n<meta name=\"twitter:label1\" content=\"Est. tempo de leitura\" \/>\n\t<meta name=\"twitter:data1\" content=\"2 minutos\" \/>\n<script type=\"application\/ld+json\" class=\"yoast-schema-graph\">{\"@context\":\"https:\\\/\\\/schema.org\",\"@graph\":[{\"@type\":\"WebPage\",\"@id\":\"https:\\\/\\\/atividademapa.com\\\/?product=mapa-adm-abordagens-inovadoras-em-administracao-54_2024\",\"url\":\"https:\\\/\\\/atividademapa.com\\\/?product=mapa-adm-abordagens-inovadoras-em-administracao-54_2024\",\"name\":\"MAPA - ADM - ABORDAGENS INOVADORAS EM ADMINISTRA\u00c7\u00c3O - 54_2024\",\"isPartOf\":{\"@id\":\"https:\\\/\\\/atividademapa.com\\\/#website\"},\"primaryImageOfPage\":{\"@id\":\"https:\\\/\\\/atividademapa.com\\\/?product=mapa-adm-abordagens-inovadoras-em-administracao-54_2024#primaryimage\"},\"image\":{\"@id\":\"https:\\\/\\\/atividademapa.com\\\/?product=mapa-adm-abordagens-inovadoras-em-administracao-54_2024#primaryimage\"},\"thumbnailUrl\":\"https:\\\/\\\/i0.wp.com\\\/atividademapa.com\\\/wp-content\\\/uploads\\\/2023\\\/03\\\/Atividade-M.A.P.A-3.png?fit=300%2C300&ssl=1\",\"datePublished\":\"2024-10-09T21:19:36+00:00\",\"dateModified\":\"2024-10-10T21:07:44+00:00\",\"description\":\"Atividade MAPA - ADM - ABORDAGENS INOVADORAS EM ADMINISTRA\u00c7\u00c3O - 54_2024 &#8902; Unicesumar. Baixe agora mesmo um Mapa Pronto resolvido!\",\"breadcrumb\":{\"@id\":\"https:\\\/\\\/atividademapa.com\\\/?product=mapa-adm-abordagens-inovadoras-em-administracao-54_2024#breadcrumb\"},\"inLanguage\":\"pt-BR\",\"potentialAction\":[{\"@type\":\"ReadAction\",\"target\":[\"https:\\\/\\\/atividademapa.com\\\/?product=mapa-adm-abordagens-inovadoras-em-administracao-54_2024\"]}]},{\"@type\":\"ImageObject\",\"inLanguage\":\"pt-BR\",\"@id\":\"https:\\\/\\\/atividademapa.com\\\/?product=mapa-adm-abordagens-inovadoras-em-administracao-54_2024#primaryimage\",\"url\":\"https:\\\/\\\/i0.wp.com\\\/atividademapa.com\\\/wp-content\\\/uploads\\\/2023\\\/03\\\/Atividade-M.A.P.A-3.png?fit=300%2C300&ssl=1\",\"contentUrl\":\"https:\\\/\\\/i0.wp.com\\\/atividademapa.com\\\/wp-content\\\/uploads\\\/2023\\\/03\\\/Atividade-M.A.P.A-3.png?fit=300%2C300&ssl=1\",\"width\":300,\"height\":300,\"caption\":\"Mapa Unicesumar Atividade\"},{\"@type\":\"BreadcrumbList\",\"@id\":\"https:\\\/\\\/atividademapa.com\\\/?product=mapa-adm-abordagens-inovadoras-em-administracao-54_2024#breadcrumb\",\"itemListElement\":[{\"@type\":\"ListItem\",\"position\":1,\"name\":\"In\u00edcio\",\"item\":\"https:\\\/\\\/atividademapa.com\\\/\"},{\"@type\":\"ListItem\",\"position\":2,\"name\":\"MAPAS\",\"item\":\"https:\\\/\\\/atividademapa.com\\\/?page_id=5\"},{\"@type\":\"ListItem\",\"position\":3,\"name\":\"MAPA &#8211; ADM &#8211; ABORDAGENS INOVADORAS EM ADMINISTRA\u00c7\u00c3O &#8211; 54_2024\"}]},{\"@type\":\"WebSite\",\"@id\":\"https:\\\/\\\/atividademapa.com\\\/#website\",\"url\":\"https:\\\/\\\/atividademapa.com\\\/\",\"name\":\"Atividade Mapa\",\"description\":\"StudeO | Unicesumar\",\"publisher\":{\"@id\":\"https:\\\/\\\/atividademapa.com\\\/#organization\"},\"potentialAction\":[{\"@type\":\"SearchAction\",\"target\":{\"@type\":\"EntryPoint\",\"urlTemplate\":\"https:\\\/\\\/atividademapa.com\\\/?s={search_term_string}\"},\"query-input\":{\"@type\":\"PropertyValueSpecification\",\"valueRequired\":true,\"valueName\":\"search_term_string\"}}],\"inLanguage\":\"pt-BR\"},{\"@type\":\"Organization\",\"@id\":\"https:\\\/\\\/atividademapa.com\\\/#organization\",\"name\":\"Atividade MAPA\",\"url\":\"https:\\\/\\\/atividademapa.com\\\/\",\"logo\":{\"@type\":\"ImageObject\",\"inLanguage\":\"pt-BR\",\"@id\":\"https:\\\/\\\/atividademapa.com\\\/#\\\/schema\\\/logo\\\/image\\\/\",\"url\":\"https:\\\/\\\/i0.wp.com\\\/atividademapa.com\\\/wp-content\\\/uploads\\\/2023\\\/02\\\/ATIVIDADE.png?fit=600%2C300&ssl=1\",\"contentUrl\":\"https:\\\/\\\/i0.wp.com\\\/atividademapa.com\\\/wp-content\\\/uploads\\\/2023\\\/02\\\/ATIVIDADE.png?fit=600%2C300&ssl=1\",\"width\":600,\"height\":300,\"caption\":\"Atividade MAPA\"},\"image\":{\"@id\":\"https:\\\/\\\/atividademapa.com\\\/#\\\/schema\\\/logo\\\/image\\\/\"}}]}<\/script>\n<!-- \/ Yoast SEO plugin. -->","yoast_head_json":{"title":"MAPA - ADM - ABORDAGENS INOVADORAS EM ADMINISTRA\u00c7\u00c3O - 54_2024","description":"Atividade MAPA - ADM - ABORDAGENS INOVADORAS EM ADMINISTRA\u00c7\u00c3O - 54_2024 &#8902; Unicesumar. Baixe agora mesmo um Mapa Pronto resolvido!","robots":{"index":"index","follow":"follow","max-snippet":"max-snippet:-1","max-image-preview":"max-image-preview:large","max-video-preview":"max-video-preview:-1"},"canonical":"https:\/\/atividademapa.com\/?product=mapa-adm-abordagens-inovadoras-em-administracao-54_2024","og_locale":"pt_BR","og_type":"article","og_title":"MAPA - ADM - ABORDAGENS INOVADORAS EM ADMINISTRA\u00c7\u00c3O - 54_2024","og_description":"Atividade MAPA - ADM - ABORDAGENS INOVADORAS EM ADMINISTRA\u00c7\u00c3O - 54_2024 &#8902; Unicesumar. Baixe agora mesmo um Mapa Pronto resolvido!","og_url":"https:\/\/atividademapa.com\/?product=mapa-adm-abordagens-inovadoras-em-administracao-54_2024","og_site_name":"Atividade Mapa","article_modified_time":"2024-10-10T21:07:44+00:00","og_image":[{"width":300,"height":300,"url":"https:\/\/i0.wp.com\/atividademapa.com\/wp-content\/uploads\/2023\/03\/Atividade-M.A.P.A-3.png?fit=300%2C300&ssl=1","type":"image\/png"}],"twitter_card":"summary_large_image","twitter_misc":{"Est. tempo de leitura":"2 minutos"},"schema":{"@context":"https:\/\/schema.org","@graph":[{"@type":"WebPage","@id":"https:\/\/atividademapa.com\/?product=mapa-adm-abordagens-inovadoras-em-administracao-54_2024","url":"https:\/\/atividademapa.com\/?product=mapa-adm-abordagens-inovadoras-em-administracao-54_2024","name":"MAPA - ADM - ABORDAGENS INOVADORAS EM ADMINISTRA\u00c7\u00c3O - 54_2024","isPartOf":{"@id":"https:\/\/atividademapa.com\/#website"},"primaryImageOfPage":{"@id":"https:\/\/atividademapa.com\/?product=mapa-adm-abordagens-inovadoras-em-administracao-54_2024#primaryimage"},"image":{"@id":"https:\/\/atividademapa.com\/?product=mapa-adm-abordagens-inovadoras-em-administracao-54_2024#primaryimage"},"thumbnailUrl":"https:\/\/i0.wp.com\/atividademapa.com\/wp-content\/uploads\/2023\/03\/Atividade-M.A.P.A-3.png?fit=300%2C300&ssl=1","datePublished":"2024-10-09T21:19:36+00:00","dateModified":"2024-10-10T21:07:44+00:00","description":"Atividade MAPA - ADM - ABORDAGENS INOVADORAS EM ADMINISTRA\u00c7\u00c3O - 54_2024 &#8902; Unicesumar. Baixe agora mesmo um Mapa Pronto resolvido!","breadcrumb":{"@id":"https:\/\/atividademapa.com\/?product=mapa-adm-abordagens-inovadoras-em-administracao-54_2024#breadcrumb"},"inLanguage":"pt-BR","potentialAction":[{"@type":"ReadAction","target":["https:\/\/atividademapa.com\/?product=mapa-adm-abordagens-inovadoras-em-administracao-54_2024"]}]},{"@type":"ImageObject","inLanguage":"pt-BR","@id":"https:\/\/atividademapa.com\/?product=mapa-adm-abordagens-inovadoras-em-administracao-54_2024#primaryimage","url":"https:\/\/i0.wp.com\/atividademapa.com\/wp-content\/uploads\/2023\/03\/Atividade-M.A.P.A-3.png?fit=300%2C300&ssl=1","contentUrl":"https:\/\/i0.wp.com\/atividademapa.com\/wp-content\/uploads\/2023\/03\/Atividade-M.A.P.A-3.png?fit=300%2C300&ssl=1","width":300,"height":300,"caption":"Mapa Unicesumar Atividade"},{"@type":"BreadcrumbList","@id":"https:\/\/atividademapa.com\/?product=mapa-adm-abordagens-inovadoras-em-administracao-54_2024#breadcrumb","itemListElement":[{"@type":"ListItem","position":1,"name":"In\u00edcio","item":"https:\/\/atividademapa.com\/"},{"@type":"ListItem","position":2,"name":"MAPAS","item":"https:\/\/atividademapa.com\/?page_id=5"},{"@type":"ListItem","position":3,"name":"MAPA &#8211; ADM &#8211; ABORDAGENS INOVADORAS EM ADMINISTRA\u00c7\u00c3O &#8211; 54_2024"}]},{"@type":"WebSite","@id":"https:\/\/atividademapa.com\/#website","url":"https:\/\/atividademapa.com\/","name":"Atividade Mapa","description":"StudeO | Unicesumar","publisher":{"@id":"https:\/\/atividademapa.com\/#organization"},"potentialAction":[{"@type":"SearchAction","target":{"@type":"EntryPoint","urlTemplate":"https:\/\/atividademapa.com\/?s={search_term_string}"},"query-input":{"@type":"PropertyValueSpecification","valueRequired":true,"valueName":"search_term_string"}}],"inLanguage":"pt-BR"},{"@type":"Organization","@id":"https:\/\/atividademapa.com\/#organization","name":"Atividade MAPA","url":"https:\/\/atividademapa.com\/","logo":{"@type":"ImageObject","inLanguage":"pt-BR","@id":"https:\/\/atividademapa.com\/#\/schema\/logo\/image\/","url":"https:\/\/i0.wp.com\/atividademapa.com\/wp-content\/uploads\/2023\/02\/ATIVIDADE.png?fit=600%2C300&ssl=1","contentUrl":"https:\/\/i0.wp.com\/atividademapa.com\/wp-content\/uploads\/2023\/02\/ATIVIDADE.png?fit=600%2C300&ssl=1","width":600,"height":300,"caption":"Atividade MAPA"},"image":{"@id":"https:\/\/atividademapa.com\/#\/schema\/logo\/image\/"}}]}},"_links":{"self":[{"href":"https:\/\/atividademapa.com\/index.php?rest_route=\/wp\/v2\/product\/4812","targetHints":{"allow":["GET"]}}],"collection":[{"href":"https:\/\/atividademapa.com\/index.php?rest_route=\/wp\/v2\/product"}],"about":[{"href":"https:\/\/atividademapa.com\/index.php?rest_route=\/wp\/v2\/types\/product"}],"version-history":[{"count":1,"href":"https:\/\/atividademapa.com\/index.php?rest_route=\/wp\/v2\/product\/4812\/revisions"}],"predecessor-version":[{"id":4814,"href":"https:\/\/atividademapa.com\/index.php?rest_route=\/wp\/v2\/product\/4812\/revisions\/4814"}],"wp:featuredmedia":[{"embeddable":true,"href":"https:\/\/atividademapa.com\/index.php?rest_route=\/wp\/v2\/media\/2326"}],"wp:attachment":[{"href":"https:\/\/atividademapa.com\/index.php?rest_route=%2Fwp%2Fv2%2Fmedia&parent=4812"}],"wp:term":[{"taxonomy":"product_brand","embeddable":true,"href":"https:\/\/atividademapa.com\/index.php?rest_route=%2Fwp%2Fv2%2Fproduct_brand&post=4812"},{"taxonomy":"product_cat","embeddable":true,"href":"https:\/\/atividademapa.com\/index.php?rest_route=%2Fwp%2Fv2%2Fproduct_cat&post=4812"},{"taxonomy":"product_tag","embeddable":true,"href":"https:\/\/atividademapa.com\/index.php?rest_route=%2Fwp%2Fv2%2Fproduct_tag&post=4812"}],"curies":[{"name":"wp","href":"https:\/\/api.w.org\/{rel}","templated":true}]}}