{"id":4818,"date":"2024-10-10T11:39:55","date_gmt":"2024-10-10T14:39:55","guid":{"rendered":"https:\/\/atividademapa.com\/?post_type=product&#038;p=4818"},"modified":"2024-10-11T20:24:49","modified_gmt":"2024-10-11T23:24:49","slug":"mapa-ccont-estrutura-das-demonstracoes-contabeis-54_2024","status":"publish","type":"product","link":"https:\/\/atividademapa.com\/?product=mapa-ccont-estrutura-das-demonstracoes-contabeis-54_2024","title":{"rendered":"MAPA &#8211; CCONT &#8211; Estrutura das Demonstra\u00e7\u00f5es Cont\u00e1beis &#8211; 54_2024"},"content":{"rendered":"<p>MAPA &#8211; CCONT &#8211; Estrutura das Demonstra\u00e7\u00f5es Cont\u00e1beis &#8211; 54_2024<\/p>\n<p>Chegou o momento de explorar de forma PR\u00c1TICA os conte\u00fados aprendidos na disciplina de Estrutura das Demonstra\u00e7\u00f5es Cont\u00e1beis!<\/p>\n<p>Para isso, a atividade proposta corresponde ao MAPA (Material de Avalia\u00e7\u00e3o Pr\u00e1tica de Aprendizagem). O objetivo desta atividade \u00e9 que voc\u00ea se sinta imerso em rela\u00e7\u00e3o \u00e0 estrutura do Balan\u00e7o Patrimonial e DRE. Vamos l\u00e1?!<\/p>\n<p>Qual a import\u00e2ncia do Balan\u00e7o Patrimonial e da Demonstra\u00e7\u00e3o do Resultado do Exerc\u00edcio (DRE) para as empresas? Como s\u00e3o as suas estruturas? Voc\u00ea j\u00e1 verificou como \u00e9 o Balan\u00e7o Patrimonial e a DRE de uma organiza\u00e7\u00e3o? Conseguiu identificar quais s\u00e3o as contas patrimoniais e as de resultado incorporadas nelas?<\/p>\n<p>O profissional da contabilidade deve seguir, sempre, as normas e procedimentos cont\u00e1beis para a elabora\u00e7\u00e3o de qualquer uma das demonstra\u00e7\u00f5es financeiras.<\/p>\n<p>O Balan\u00e7o Patrimonial destaca os ativos e passivos e apresenta a posi\u00e7\u00e3o financeira de uma organiza\u00e7\u00e3o. Por\u00e9m, a Demonstra\u00e7\u00e3o do Resultado do Exerc\u00edcio (DRE) \u00e9 a apresenta\u00e7\u00e3o, em forma resumida, das receitas e despesas decorrentes das opera\u00e7\u00f5es realizadas pela empresa durante o exerc\u00edcio social, com o objetivo de demonstrar a forma\u00e7\u00e3o do resultado l\u00edquido do per\u00edodo.<\/p>\n<div>Elaborado pelo Professor, 2024.\n<\/div>\n<p><strong><u>ATIVIDADE PROPOSTA:<\/u><\/strong><\/p>\n<p>A empresa Festa dos Sonhos Com\u00e9rcio Ltda., iniciou suas atividades em 02\/01\/20X1 no ramo de artigos de festas. A organiza\u00e7\u00e3o trabalhou todo o ano de 20X1 e agora, em 31\/12\/X1 o contador da empresa precisa apurar o resultado cont\u00e1bil anual.<br \/>\nConsidere que o contador da empresa \u00e9 voc\u00ea, acad\u00eamico(a) e, portanto,\u00a0<strong>para realizar essa atividade voc\u00ea dever\u00e1, primeiramente, observar os saldos das contas cont\u00e1beis abaixo.<\/strong><\/p>\n<p><strong>Saldos das contas cont\u00e1beis patrimoniais e de resultado do ano corrente:<\/strong><br \/>\n<img data-recalc-dims=\"1\" decoding=\"async\" src=\"https:\/\/i0.wp.com\/sistemasead.unicesumar.edu.br\/flex\/amfphp\/services\/Portal\/ImagemQuestionario2\/QUE_231469_608977_1.jpg?ssl=1\" alt=\"\" \/><br \/>\n<img data-recalc-dims=\"1\" decoding=\"async\" src=\"https:\/\/i0.wp.com\/sistemasead.unicesumar.edu.br\/flex\/amfphp\/services\/Portal\/ImagemQuestionario2\/QUE_231469_608977_2.jpg\" alt=\"\" \/><br \/>\n<strong>Fonte:<\/strong>\u00a0O Autor<\/p>\n<div>\n<strong>Ap\u00f3s, utilizando como\u00a0base o quadro acima, pede-se:<\/strong><\/p>\n<p><strong>a)<\/strong>\u00a0Elaborar o Balancete de Verifica\u00e7\u00e3o com todas as contas patrimoniais e de resultado;<br \/>\n<strong>b)\u00a0<\/strong>Realizar os lan\u00e7amentos cont\u00e1beis de transfer\u00eancia dos saldos das receitas e despesas ou custos para a conta transit\u00f3ria &#8220;Resultado do Exerc\u00edcio&#8221; (partidas dobradas simples ou mistas), no Livro Di\u00e1rio;<br \/>\n<strong>c)<\/strong>\u00a0Levantar o saldo da conta transit\u00f3ria &#8220;Resultado do Exerc\u00edcio&#8221; no Razonete;<br \/>\n<strong>d)<\/strong>\u00a0Realizar o lan\u00e7amento cont\u00e1bil de transfer\u00eancia do saldo da conta &#8220;Resultado do Exerc\u00edcio&#8221; para conta patrimonial &#8220;Lucros Acumulados&#8221;, no Livro Di\u00e1rio;<br \/>\n<strong>e)<\/strong>\u00a0Levantar o saldo da conta\u00a0&#8220;Lucros Acumulados&#8221;,\u00a0no Razonete;<br \/>\n<strong>f)\u00a0<\/strong>Elaborar o Balan\u00e7o Patrimonial;<br \/>\n<strong>g)\u00a0<\/strong>Elaborar a DRE.<\/div>\n","protected":false},"excerpt":{"rendered":"<p>MAPA &#8211; CCONT &#8211; Estrutura das Demonstra\u00e7\u00f5es Cont\u00e1beis &#8211; 54_2024 Chegou o momento de explorar de forma PR\u00c1TICA os conte\u00fados<\/p>\n","protected":false},"featured_media":2326,"template":"","meta":{"_monsterinsights_skip_tracking":false,"_monsterinsights_sitenote_active":false,"_monsterinsights_sitenote_note":"","_monsterinsights_sitenote_category":0},"product_brand":[],"product_cat":[46],"product_tag":[],"class_list":{"0":"post-4818","1":"product","2":"type-product","3":"status-publish","4":"has-post-thumbnail","6":"product_cat-ciencias-contabeis","8":"first","9":"instock","10":"sale","11":"featured","12":"downloadable","13":"virtual","14":"purchasable","15":"product-type-simple"},"yoast_head":"<!-- This site is optimized with the Yoast SEO plugin v27.4 - https:\/\/yoast.com\/product\/yoast-seo-wordpress\/ -->\n<title>MAPA - CCONT - Estrutura das Demonstra\u00e7\u00f5es Cont\u00e1beis - 54_2024<\/title>\n<meta name=\"description\" content=\"Atividade MAPA - CCONT - Estrutura das Demonstra\u00e7\u00f5es Cont\u00e1beis - 54_2024 &#8902; Unicesumar. Baixe agora mesmo um Mapa Pronto resolvido!\" \/>\n<meta name=\"robots\" content=\"index, follow, max-snippet:-1, max-image-preview:large, max-video-preview:-1\" \/>\n<link rel=\"canonical\" href=\"https:\/\/atividademapa.com\/?product=mapa-ccont-estrutura-das-demonstracoes-contabeis-54_2024\" \/>\n<meta property=\"og:locale\" content=\"pt_BR\" \/>\n<meta property=\"og:type\" content=\"article\" \/>\n<meta property=\"og:title\" content=\"MAPA - CCONT - Estrutura das Demonstra\u00e7\u00f5es Cont\u00e1beis - 54_2024\" \/>\n<meta property=\"og:description\" content=\"Atividade MAPA - CCONT - Estrutura das Demonstra\u00e7\u00f5es Cont\u00e1beis - 54_2024 &#8902; Unicesumar. Baixe agora mesmo um Mapa Pronto resolvido!\" \/>\n<meta property=\"og:url\" content=\"https:\/\/atividademapa.com\/?product=mapa-ccont-estrutura-das-demonstracoes-contabeis-54_2024\" \/>\n<meta property=\"og:site_name\" content=\"Atividade Mapa\" \/>\n<meta property=\"article:modified_time\" content=\"2024-10-11T23:24:49+00:00\" \/>\n<meta property=\"og:image\" content=\"https:\/\/i0.wp.com\/atividademapa.com\/wp-content\/uploads\/2023\/03\/Atividade-M.A.P.A-3.png?fit=300%2C300&ssl=1\" \/>\n\t<meta property=\"og:image:width\" content=\"300\" \/>\n\t<meta property=\"og:image:height\" content=\"300\" \/>\n\t<meta property=\"og:image:type\" content=\"image\/png\" \/>\n<meta name=\"twitter:card\" content=\"summary_large_image\" \/>\n<meta name=\"twitter:label1\" content=\"Est. tempo de leitura\" \/>\n\t<meta name=\"twitter:data1\" content=\"2 minutos\" \/>\n<script type=\"application\/ld+json\" class=\"yoast-schema-graph\">{\"@context\":\"https:\\\/\\\/schema.org\",\"@graph\":[{\"@type\":\"WebPage\",\"@id\":\"https:\\\/\\\/atividademapa.com\\\/?product=mapa-ccont-estrutura-das-demonstracoes-contabeis-54_2024\",\"url\":\"https:\\\/\\\/atividademapa.com\\\/?product=mapa-ccont-estrutura-das-demonstracoes-contabeis-54_2024\",\"name\":\"MAPA - CCONT - Estrutura das Demonstra\u00e7\u00f5es Cont\u00e1beis - 54_2024\",\"isPartOf\":{\"@id\":\"https:\\\/\\\/atividademapa.com\\\/#website\"},\"primaryImageOfPage\":{\"@id\":\"https:\\\/\\\/atividademapa.com\\\/?product=mapa-ccont-estrutura-das-demonstracoes-contabeis-54_2024#primaryimage\"},\"image\":{\"@id\":\"https:\\\/\\\/atividademapa.com\\\/?product=mapa-ccont-estrutura-das-demonstracoes-contabeis-54_2024#primaryimage\"},\"thumbnailUrl\":\"https:\\\/\\\/i0.wp.com\\\/atividademapa.com\\\/wp-content\\\/uploads\\\/2023\\\/03\\\/Atividade-M.A.P.A-3.png?fit=300%2C300&ssl=1\",\"datePublished\":\"2024-10-10T14:39:55+00:00\",\"dateModified\":\"2024-10-11T23:24:49+00:00\",\"description\":\"Atividade MAPA - CCONT - Estrutura das Demonstra\u00e7\u00f5es Cont\u00e1beis - 54_2024 &#8902; Unicesumar. Baixe agora mesmo um Mapa Pronto resolvido!\",\"breadcrumb\":{\"@id\":\"https:\\\/\\\/atividademapa.com\\\/?product=mapa-ccont-estrutura-das-demonstracoes-contabeis-54_2024#breadcrumb\"},\"inLanguage\":\"pt-BR\",\"potentialAction\":[{\"@type\":\"ReadAction\",\"target\":[\"https:\\\/\\\/atividademapa.com\\\/?product=mapa-ccont-estrutura-das-demonstracoes-contabeis-54_2024\"]}]},{\"@type\":\"ImageObject\",\"inLanguage\":\"pt-BR\",\"@id\":\"https:\\\/\\\/atividademapa.com\\\/?product=mapa-ccont-estrutura-das-demonstracoes-contabeis-54_2024#primaryimage\",\"url\":\"https:\\\/\\\/i0.wp.com\\\/atividademapa.com\\\/wp-content\\\/uploads\\\/2023\\\/03\\\/Atividade-M.A.P.A-3.png?fit=300%2C300&ssl=1\",\"contentUrl\":\"https:\\\/\\\/i0.wp.com\\\/atividademapa.com\\\/wp-content\\\/uploads\\\/2023\\\/03\\\/Atividade-M.A.P.A-3.png?fit=300%2C300&ssl=1\",\"width\":300,\"height\":300,\"caption\":\"Mapa Unicesumar Atividade\"},{\"@type\":\"BreadcrumbList\",\"@id\":\"https:\\\/\\\/atividademapa.com\\\/?product=mapa-ccont-estrutura-das-demonstracoes-contabeis-54_2024#breadcrumb\",\"itemListElement\":[{\"@type\":\"ListItem\",\"position\":1,\"name\":\"In\u00edcio\",\"item\":\"https:\\\/\\\/atividademapa.com\\\/\"},{\"@type\":\"ListItem\",\"position\":2,\"name\":\"MAPAS\",\"item\":\"https:\\\/\\\/atividademapa.com\\\/?page_id=5\"},{\"@type\":\"ListItem\",\"position\":3,\"name\":\"MAPA &#8211; CCONT &#8211; Estrutura das Demonstra\u00e7\u00f5es Cont\u00e1beis &#8211; 54_2024\"}]},{\"@type\":\"WebSite\",\"@id\":\"https:\\\/\\\/atividademapa.com\\\/#website\",\"url\":\"https:\\\/\\\/atividademapa.com\\\/\",\"name\":\"Atividade Mapa\",\"description\":\"StudeO | Unicesumar\",\"publisher\":{\"@id\":\"https:\\\/\\\/atividademapa.com\\\/#organization\"},\"potentialAction\":[{\"@type\":\"SearchAction\",\"target\":{\"@type\":\"EntryPoint\",\"urlTemplate\":\"https:\\\/\\\/atividademapa.com\\\/?s={search_term_string}\"},\"query-input\":{\"@type\":\"PropertyValueSpecification\",\"valueRequired\":true,\"valueName\":\"search_term_string\"}}],\"inLanguage\":\"pt-BR\"},{\"@type\":\"Organization\",\"@id\":\"https:\\\/\\\/atividademapa.com\\\/#organization\",\"name\":\"Atividade MAPA\",\"url\":\"https:\\\/\\\/atividademapa.com\\\/\",\"logo\":{\"@type\":\"ImageObject\",\"inLanguage\":\"pt-BR\",\"@id\":\"https:\\\/\\\/atividademapa.com\\\/#\\\/schema\\\/logo\\\/image\\\/\",\"url\":\"https:\\\/\\\/i0.wp.com\\\/atividademapa.com\\\/wp-content\\\/uploads\\\/2023\\\/02\\\/ATIVIDADE.png?fit=600%2C300&ssl=1\",\"contentUrl\":\"https:\\\/\\\/i0.wp.com\\\/atividademapa.com\\\/wp-content\\\/uploads\\\/2023\\\/02\\\/ATIVIDADE.png?fit=600%2C300&ssl=1\",\"width\":600,\"height\":300,\"caption\":\"Atividade MAPA\"},\"image\":{\"@id\":\"https:\\\/\\\/atividademapa.com\\\/#\\\/schema\\\/logo\\\/image\\\/\"}}]}<\/script>\n<!-- \/ Yoast SEO plugin. -->","yoast_head_json":{"title":"MAPA - CCONT - Estrutura das Demonstra\u00e7\u00f5es Cont\u00e1beis - 54_2024","description":"Atividade MAPA - CCONT - Estrutura das Demonstra\u00e7\u00f5es Cont\u00e1beis - 54_2024 &#8902; Unicesumar. Baixe agora mesmo um Mapa Pronto resolvido!","robots":{"index":"index","follow":"follow","max-snippet":"max-snippet:-1","max-image-preview":"max-image-preview:large","max-video-preview":"max-video-preview:-1"},"canonical":"https:\/\/atividademapa.com\/?product=mapa-ccont-estrutura-das-demonstracoes-contabeis-54_2024","og_locale":"pt_BR","og_type":"article","og_title":"MAPA - CCONT - Estrutura das Demonstra\u00e7\u00f5es Cont\u00e1beis - 54_2024","og_description":"Atividade MAPA - CCONT - Estrutura das Demonstra\u00e7\u00f5es Cont\u00e1beis - 54_2024 &#8902; Unicesumar. Baixe agora mesmo um Mapa Pronto resolvido!","og_url":"https:\/\/atividademapa.com\/?product=mapa-ccont-estrutura-das-demonstracoes-contabeis-54_2024","og_site_name":"Atividade Mapa","article_modified_time":"2024-10-11T23:24:49+00:00","og_image":[{"width":300,"height":300,"url":"https:\/\/i0.wp.com\/atividademapa.com\/wp-content\/uploads\/2023\/03\/Atividade-M.A.P.A-3.png?fit=300%2C300&ssl=1","type":"image\/png"}],"twitter_card":"summary_large_image","twitter_misc":{"Est. tempo de leitura":"2 minutos"},"schema":{"@context":"https:\/\/schema.org","@graph":[{"@type":"WebPage","@id":"https:\/\/atividademapa.com\/?product=mapa-ccont-estrutura-das-demonstracoes-contabeis-54_2024","url":"https:\/\/atividademapa.com\/?product=mapa-ccont-estrutura-das-demonstracoes-contabeis-54_2024","name":"MAPA - CCONT - Estrutura das Demonstra\u00e7\u00f5es Cont\u00e1beis - 54_2024","isPartOf":{"@id":"https:\/\/atividademapa.com\/#website"},"primaryImageOfPage":{"@id":"https:\/\/atividademapa.com\/?product=mapa-ccont-estrutura-das-demonstracoes-contabeis-54_2024#primaryimage"},"image":{"@id":"https:\/\/atividademapa.com\/?product=mapa-ccont-estrutura-das-demonstracoes-contabeis-54_2024#primaryimage"},"thumbnailUrl":"https:\/\/i0.wp.com\/atividademapa.com\/wp-content\/uploads\/2023\/03\/Atividade-M.A.P.A-3.png?fit=300%2C300&ssl=1","datePublished":"2024-10-10T14:39:55+00:00","dateModified":"2024-10-11T23:24:49+00:00","description":"Atividade MAPA - CCONT - Estrutura das Demonstra\u00e7\u00f5es Cont\u00e1beis - 54_2024 &#8902; Unicesumar. Baixe agora mesmo um Mapa Pronto resolvido!","breadcrumb":{"@id":"https:\/\/atividademapa.com\/?product=mapa-ccont-estrutura-das-demonstracoes-contabeis-54_2024#breadcrumb"},"inLanguage":"pt-BR","potentialAction":[{"@type":"ReadAction","target":["https:\/\/atividademapa.com\/?product=mapa-ccont-estrutura-das-demonstracoes-contabeis-54_2024"]}]},{"@type":"ImageObject","inLanguage":"pt-BR","@id":"https:\/\/atividademapa.com\/?product=mapa-ccont-estrutura-das-demonstracoes-contabeis-54_2024#primaryimage","url":"https:\/\/i0.wp.com\/atividademapa.com\/wp-content\/uploads\/2023\/03\/Atividade-M.A.P.A-3.png?fit=300%2C300&ssl=1","contentUrl":"https:\/\/i0.wp.com\/atividademapa.com\/wp-content\/uploads\/2023\/03\/Atividade-M.A.P.A-3.png?fit=300%2C300&ssl=1","width":300,"height":300,"caption":"Mapa Unicesumar Atividade"},{"@type":"BreadcrumbList","@id":"https:\/\/atividademapa.com\/?product=mapa-ccont-estrutura-das-demonstracoes-contabeis-54_2024#breadcrumb","itemListElement":[{"@type":"ListItem","position":1,"name":"In\u00edcio","item":"https:\/\/atividademapa.com\/"},{"@type":"ListItem","position":2,"name":"MAPAS","item":"https:\/\/atividademapa.com\/?page_id=5"},{"@type":"ListItem","position":3,"name":"MAPA &#8211; CCONT &#8211; Estrutura das Demonstra\u00e7\u00f5es Cont\u00e1beis &#8211; 54_2024"}]},{"@type":"WebSite","@id":"https:\/\/atividademapa.com\/#website","url":"https:\/\/atividademapa.com\/","name":"Atividade Mapa","description":"StudeO | Unicesumar","publisher":{"@id":"https:\/\/atividademapa.com\/#organization"},"potentialAction":[{"@type":"SearchAction","target":{"@type":"EntryPoint","urlTemplate":"https:\/\/atividademapa.com\/?s={search_term_string}"},"query-input":{"@type":"PropertyValueSpecification","valueRequired":true,"valueName":"search_term_string"}}],"inLanguage":"pt-BR"},{"@type":"Organization","@id":"https:\/\/atividademapa.com\/#organization","name":"Atividade MAPA","url":"https:\/\/atividademapa.com\/","logo":{"@type":"ImageObject","inLanguage":"pt-BR","@id":"https:\/\/atividademapa.com\/#\/schema\/logo\/image\/","url":"https:\/\/i0.wp.com\/atividademapa.com\/wp-content\/uploads\/2023\/02\/ATIVIDADE.png?fit=600%2C300&ssl=1","contentUrl":"https:\/\/i0.wp.com\/atividademapa.com\/wp-content\/uploads\/2023\/02\/ATIVIDADE.png?fit=600%2C300&ssl=1","width":600,"height":300,"caption":"Atividade MAPA"},"image":{"@id":"https:\/\/atividademapa.com\/#\/schema\/logo\/image\/"}}]}},"_links":{"self":[{"href":"https:\/\/atividademapa.com\/index.php?rest_route=\/wp\/v2\/product\/4818","targetHints":{"allow":["GET"]}}],"collection":[{"href":"https:\/\/atividademapa.com\/index.php?rest_route=\/wp\/v2\/product"}],"about":[{"href":"https:\/\/atividademapa.com\/index.php?rest_route=\/wp\/v2\/types\/product"}],"version-history":[{"count":1,"href":"https:\/\/atividademapa.com\/index.php?rest_route=\/wp\/v2\/product\/4818\/revisions"}],"predecessor-version":[{"id":4820,"href":"https:\/\/atividademapa.com\/index.php?rest_route=\/wp\/v2\/product\/4818\/revisions\/4820"}],"wp:featuredmedia":[{"embeddable":true,"href":"https:\/\/atividademapa.com\/index.php?rest_route=\/wp\/v2\/media\/2326"}],"wp:attachment":[{"href":"https:\/\/atividademapa.com\/index.php?rest_route=%2Fwp%2Fv2%2Fmedia&parent=4818"}],"wp:term":[{"taxonomy":"product_brand","embeddable":true,"href":"https:\/\/atividademapa.com\/index.php?rest_route=%2Fwp%2Fv2%2Fproduct_brand&post=4818"},{"taxonomy":"product_cat","embeddable":true,"href":"https:\/\/atividademapa.com\/index.php?rest_route=%2Fwp%2Fv2%2Fproduct_cat&post=4818"},{"taxonomy":"product_tag","embeddable":true,"href":"https:\/\/atividademapa.com\/index.php?rest_route=%2Fwp%2Fv2%2Fproduct_tag&post=4818"}],"curies":[{"name":"wp","href":"https:\/\/api.w.org\/{rel}","templated":true}]}}