{"id":4826,"date":"2024-10-11T20:05:54","date_gmt":"2024-10-11T23:05:54","guid":{"rendered":"https:\/\/atividademapa.com\/?post_type=product&#038;p=4826"},"modified":"2024-10-13T01:37:45","modified_gmt":"2024-10-13T04:37:45","slug":"mapa-sustentabilidade-e-responsabilidade-social-54_2024","status":"publish","type":"product","link":"https:\/\/atividademapa.com\/?product=mapa-sustentabilidade-e-responsabilidade-social-54_2024","title":{"rendered":"MAPA &#8211; Sustentabilidade e Responsabilidade Social &#8211; 54_2024"},"content":{"rendered":"<p>MAPA &#8211; Sustentabilidade e Responsabilidade Social &#8211; 54_2024<\/p>\n<p>Ol\u00e1, acad\u00eamico(a), seja bem-vindo(a) ao M.A.P.A. da disciplina de Sustentabilidade e Responsabilidade<br \/>\nSocial! Chegou o momento de explorar, de forma pr\u00e1tica, os conte\u00fados aprendidos na disciplina. Esta<br \/>\natividade ter\u00e1 como foco a Demonstra\u00e7\u00e3o do Valor Adicionado (DVA), abordada na Unidade V do Livro da<br \/>\nDisciplina.<br \/>\nPara realizar a Atividade, realize as etapas passos a seguir:<br \/>\n1. Leia o texto-base;<br \/>\n2. Estruture a DVA a partir das informa\u00e7\u00f5es do Quadro 1, aplicando a NBC TG 09 \u2013 Demonstra\u00e7\u00e3o do Valor<br \/>\nAdicionado;<br \/>\n3. Responda as quest\u00f5es \u201ca\u201d, \u201cb\u201d, \u201cc\u201d, \u201cd\u201d e \u201ce\u201d.<br \/>\nTexto-base:<br \/>\nO Valor Adicionado representa a riqueza criada pela empresa, que \u00e9 medida pela diferen\u00e7a entre o valor das<br \/>\nvendas e os insumos adquiridos de terceiros. O Valor Adicionado tamb\u00e9m inclui o valor adicionado recebido<br \/>\nem transfer\u00eancia, ou seja, riqueza que \u00e9 produzida por terceiros e transferido \u00e0 entidade (CFC, 2008).<br \/>\nAs empresas est\u00e3o inseridas na sociedade e a sua atua\u00e7\u00e3o impacta diretamente e indiretamente os<br \/>\nstakeholders. Desta forma, torna-se oportuno (e relevante) que as elas evidenciem a DVA, demonstrando<br \/>\nqual \u00e9 o valor gerado e distribu\u00eddo aos stakeholders por meio de suas opera\u00e7\u00f5es.<br \/>\nEm 2008, o Conselho Federal de Contabilidade (CFC) publicou a NBC TG 09 \u2013 Demonstra\u00e7\u00e3o do Valor<br \/>\nAdicionado, uma Norma Brasileira de Contabilidade que aborda a DVA. Esta demonstra\u00e7\u00e3o produz<br \/>\ninforma\u00e7\u00f5es \u00fateis e relevantes aos usu\u00e1rios da informa\u00e7\u00e3o, que contribuem para suas tomadas de decis\u00e3o<br \/>\n(CFC, 2008).<br \/>\nFonte: CHATALOV, R. C. S.; MATOS, N. C. S.; AYRES, W. D. Sustentabilidade e Responsabilidade Social.<br \/>\nMaring\u00e1 &#8211; PR.: UniCesumar, 2021. Conselho Federal de Contabilidade (CFC). NBC TG 09 \u2013 Demonstra\u00e7\u00e3o do<br \/>\nValor Adicionado. Ano: 2008. Dispon\u00edvel em: https:\/\/www1.cfc.org.br\/sisweb\/sre\/detalhes_sre.aspx?<br \/>\nCodigo=2008\/001138. Acesso em: 25 ago. 2023.<br \/>\nNara Gaspar \u00e9 contadora da Brasileira Ltda (fict\u00edcia), uma ind\u00fastria de pequeno porte, do munic\u00edpio de Rio<br \/>\nde Janeiro, estado do Rio de Janeiro. Nara Gaspar precisa estruturar a Demonstra\u00e7\u00e3o do Valor Adicionado<br \/>\n(DVA) da Brasileira Ltda referente ao per\u00edodo de 01\/01\/20&#215;1 a 31\/12\/20&#215;1. O Quadro 01 apresenta os<br \/>\nvalores para elabora\u00e7\u00e3o da DVA da Brasileira Ltda:<br \/>\nQuadro 01: Contas de Resultado da DVA da Brasileira Ltda<\/p>\n<p>Demonstra\u00e7\u00e3o do Valor Adicionado (DVA) &#8211; Brasileira Ltda &#8211; Per\u00edodo: 01\/01\/20&#215;1 a 31\/12\/20&#215;1 &#8211; Valores em reais &#8211; sem arrendondamento<br \/>\nC\u00f3d. DESCRI\u00c7\u00c3O 01\/01\/20&#215;1 a 31\/12\/20&#215;1 01\/01\/20X0 a 31\/12\/20&#215;0<\/p>\n<p>1. RECEITAS (CALCULAR) (CALCULAR)<br \/>\n1.1. Vendas de mercadorias, produtos e servi\u00e7os R$ 1.144.034,84 R$ 2.450.184,72<br \/>\n1.2 Outras receitas R$ 23.754,56 R$ 50.875,02<br \/>\n1.3 Receitas relativas \u00e0 constru\u00e7\u00e3o de ativos pr\u00f3prios R$ 6.297,36 R$ 13.486,95<br \/>\n1.4. Provis\u00e3o para cr\u00e9ditos de liquida\u00e7\u00e3o duvidosa \u2013 Revers\u00e3o \/ (Constitui\u00e7\u00e3o) R$ (3.885,69) R$ (8.322,22)<br \/>\n2. INSUMOS ADQUIRIDOS DE TERCEIROS (CALCULAR) (CALCULAR)<br \/>\n2.1. Custos dos produtos, das mercadorias e dos servi\u00e7os vendidos R$ (823.717,07) R$ (1.764.158,85)<br \/>\n2.2. Materiais, energia, servi\u00e7os de terceiros e outros R$ (136.782,14) R$ (292.946,96)<br \/>\n2.3 Perda \/ Recupera\u00e7\u00e3o de valores ativos R$ (1.039,68) R$ (2.226,54)<br \/>\n3. VALOR ADICIONADO BRUTO (1-2) (CALCULAR) (CALCULAR)<br \/>\n4. DEPRECIA\u00c7\u00c3O, AMORTIZA\u00c7\u00c3O E EXAUST\u00c3O R$ (20.371,99) R$ (43.630,81)<br \/>\n5. VALOR ADICIONADO L\u00cdQUIDO PRODUZIDO PELA ENTIDADE (3 &#8211; 4) (CALCULAR) (CALCULAR)<br \/>\n6. VALOR ADICIONADO RECEBIDO EM TRANSFER\u00caNCIA (CALCULAR) (CALCULAR)<br \/>\n6.1 Resultado de equival\u00eancia patrimonial R$ 13.050,72 R$ 27.950,86<br \/>\n6.2 Receitas financeiras R$ 4.837,40 R$ 10.360,42<br \/>\n7. VALOR ADICIONADO TOTAL A DISTRIBUIR (5+6) (CALCULAR) (CALCULAR)<br \/>\n8. DISTRIBUI\u00c7\u00c3O DO VALOR ADICIONADO (8.1 + 8.2 + 8.3 + 8.4) (CALCULAR) (CALCULAR)<br \/>\n8.1 Pessoal (CALCULAR) (CALCULAR)<br \/>\n8.1.1 Remunera\u00e7\u00e3o direta R$ 55.505,46 R$ 118.876,08<br \/>\n8.1.2 Benef\u00edcios R$ 12.477,87 R$ 26.723,64<br \/>\n8.1.3 F.G.T.S R$ 3.959,98 R$ 8.481,32<br \/>\n8.2 Impostos, taxas e contribui\u00e7\u00f5es (CALCULAR) (CALCULAR)<br \/>\n8.2.1 Federais R$ 420,28 R$ 900,42<br \/>\n8.2.2 Estaduais R$ 80.282,98 R$ 171.942,38<br \/>\n8.2.3 Municipais R$ 2.200,39 R$ 4.711,94<br \/>\n8.3 Remunera\u00e7\u00e3o de capitais de terceiros (CALCULAR) (CALCULAR)<br \/>\n8.3.1 Juros R$ 24.578,78 R$ 52.640,60<br \/>\n8.3.2 Alugu\u00e9is R$ 1.744,39 R$ 3.735,84<br \/>\n8.3.3 Outras R$ 2.704,46 R$ 5.792,10<br \/>\n8.4 Remunera\u00e7\u00e3o de capitais pr\u00f3prios (CALCULAR) (CALCULAR)<br \/>\n8.4.3 Lucros retidos \/ Preju\u00edzo do exerc\u00edcio R$ 22.303,72 R$ 47.768,27<\/p>\n<p>Etapa 2: Nesta etapa voc\u00ea ajudar\u00e1 Nara Gaspar a estruturar a DVA da Brasileira Ltda. Os valores<br \/>\napresentados no Quadro 01 est\u00e3o em ordem alfab\u00e9tica e, portanto, voc\u00ea precisa organizar as contas de<br \/>\nresultado, calcular os subgrupos, estruturar a DVA e analisar os indicadores da DVA. Para estruturar a DVA a<br \/>\nBrasileira Ltda utilize a NBC TG 09, Modelo I. Para isto, considere apenas os valores disponibilizados no<br \/>\nQuadro 01, n\u00e3o realize compensa\u00e7\u00f5es de saldos, compensa\u00e7\u00f5es de impostos ou outros efeitos fiscais que<br \/>\ngerem modifica\u00e7\u00f5es em saldos das contas de resultado.<br \/>\nA partir da etapa 2, responda as quest\u00f5es \u201ca\u201d, \u201cb\u201d, \u201cc\u201d, \u201cd\u201d e \u201ce\u201d:<br \/>\na) Calcule os subgrupos de 20&#215;1 e 20&#215;0 da DVA da Brasileira Ltda. Os subgrupos s\u00e3o: (1) Receitas; (2)<br \/>\nInsumos adquiridos de terceiros; (3) Valor adicionado bruto; (5) Valor adicionado l\u00edquido produzido pela<br \/>\nentidade; (6). Valor adicionado recebido em transfer\u00eancia; (7). Valor adicionado total a distribuir; (8).<br \/>\nDistribui\u00e7\u00e3o Do Valor Adicionado; (8.1) Pessoal; (8.2) Impostos, taxas e contribui\u00e7\u00f5es; (8.3) Remunera\u00e7\u00e3o de<br \/>\ncapitais de terceiros; (8.4) Remunera\u00e7\u00e3o de capitais pr\u00f3prios.<br \/>\nb) Explique (em at\u00e9 5 linhas), com base na NBC TG 09, se h\u00e1 diferen\u00e7as nos montantes apurados como valor<br \/>\nadicionado l\u00edquido e no valor distribu\u00eddo na DVA das organiza\u00e7\u00f5es.<br \/>\nc) Argumente (em at\u00e9 5 linhas), com base nos valores apurados, quais foram os stakeholders que receberam<br \/>\nmaior riqueza (valor distribu\u00eddo) da Brasileira Ltda em 20&#215;1.<br \/>\nd) Explique (em at\u00e9 5 linhas), se a Brasileira Ltda distribuiu maior riqueza (em reais) aos stakeholders<br \/>\nfuncion\u00e1rios no exerc\u00edcio social de 20&#215;0 ou em 20&#215;1.<br \/>\ne) Explique (em at\u00e9 5 linhas), se a Brasileira Ltda distribuiu maior riqueza (em reais) aos stakeholders<\/p>\n","protected":false},"excerpt":{"rendered":"<p>MAPA &#8211; Sustentabilidade e Responsabilidade Social &#8211; 54_2024 Ol\u00e1, acad\u00eamico(a), seja bem-vindo(a) ao M.A.P.A. da disciplina de Sustentabilidade e Responsabilidade<\/p>\n","protected":false},"featured_media":2326,"template":"","meta":{"_monsterinsights_skip_tracking":false,"_monsterinsights_sitenote_active":false,"_monsterinsights_sitenote_note":"","_monsterinsights_sitenote_category":0},"product_brand":[],"product_cat":[46],"product_tag":[],"class_list":{"0":"post-4826","1":"product","2":"type-product","3":"status-publish","4":"has-post-thumbnail","6":"product_cat-ciencias-contabeis","8":"first","9":"instock","10":"downloadable","11":"virtual","12":"purchasable","13":"product-type-simple"},"yoast_head":"<!-- This site is optimized with the Yoast SEO plugin v27.4 - https:\/\/yoast.com\/product\/yoast-seo-wordpress\/ -->\n<title>MAPA - Sustentabilidade e Responsabilidade Social - 54_2024<\/title>\n<meta name=\"description\" content=\"Atividade MAPA - Sustentabilidade e Responsabilidade Social 54\/2024. Baixe a planilha resolvida do Mapa Pronto agora.Contabilidade\" \/>\n<meta name=\"robots\" content=\"index, follow, max-snippet:-1, max-image-preview:large, max-video-preview:-1\" \/>\n<link rel=\"canonical\" href=\"https:\/\/atividademapa.com\/?product=mapa-sustentabilidade-e-responsabilidade-social-54_2024\" \/>\n<meta property=\"og:locale\" content=\"pt_BR\" \/>\n<meta property=\"og:type\" content=\"article\" \/>\n<meta property=\"og:title\" content=\"MAPA - Sustentabilidade e Responsabilidade Social - 54_2024\" \/>\n<meta property=\"og:description\" content=\"Atividade MAPA - Sustentabilidade e Responsabilidade Social 54\/2024. Baixe a planilha resolvida do Mapa Pronto agora.Contabilidade\" \/>\n<meta property=\"og:url\" content=\"https:\/\/atividademapa.com\/?product=mapa-sustentabilidade-e-responsabilidade-social-54_2024\" \/>\n<meta property=\"og:site_name\" content=\"Atividade Mapa\" \/>\n<meta property=\"article:modified_time\" content=\"2024-10-13T04:37:45+00:00\" \/>\n<meta property=\"og:image\" content=\"https:\/\/i0.wp.com\/atividademapa.com\/wp-content\/uploads\/2023\/03\/Atividade-M.A.P.A-3.png?fit=300%2C300&ssl=1\" \/>\n\t<meta property=\"og:image:width\" content=\"300\" \/>\n\t<meta property=\"og:image:height\" content=\"300\" \/>\n\t<meta property=\"og:image:type\" content=\"image\/png\" \/>\n<meta name=\"twitter:card\" content=\"summary_large_image\" \/>\n<meta name=\"twitter:label1\" content=\"Est. tempo de leitura\" \/>\n\t<meta name=\"twitter:data1\" content=\"4 minutos\" \/>\n<script type=\"application\/ld+json\" class=\"yoast-schema-graph\">{\"@context\":\"https:\\\/\\\/schema.org\",\"@graph\":[{\"@type\":\"WebPage\",\"@id\":\"https:\\\/\\\/atividademapa.com\\\/?product=mapa-sustentabilidade-e-responsabilidade-social-54_2024\",\"url\":\"https:\\\/\\\/atividademapa.com\\\/?product=mapa-sustentabilidade-e-responsabilidade-social-54_2024\",\"name\":\"MAPA - Sustentabilidade e Responsabilidade Social - 54_2024\",\"isPartOf\":{\"@id\":\"https:\\\/\\\/atividademapa.com\\\/#website\"},\"primaryImageOfPage\":{\"@id\":\"https:\\\/\\\/atividademapa.com\\\/?product=mapa-sustentabilidade-e-responsabilidade-social-54_2024#primaryimage\"},\"image\":{\"@id\":\"https:\\\/\\\/atividademapa.com\\\/?product=mapa-sustentabilidade-e-responsabilidade-social-54_2024#primaryimage\"},\"thumbnailUrl\":\"https:\\\/\\\/i0.wp.com\\\/atividademapa.com\\\/wp-content\\\/uploads\\\/2023\\\/03\\\/Atividade-M.A.P.A-3.png?fit=300%2C300&ssl=1\",\"datePublished\":\"2024-10-11T23:05:54+00:00\",\"dateModified\":\"2024-10-13T04:37:45+00:00\",\"description\":\"Atividade MAPA - Sustentabilidade e Responsabilidade Social 54\\\/2024. Baixe a planilha resolvida do Mapa Pronto agora.Contabilidade\",\"breadcrumb\":{\"@id\":\"https:\\\/\\\/atividademapa.com\\\/?product=mapa-sustentabilidade-e-responsabilidade-social-54_2024#breadcrumb\"},\"inLanguage\":\"pt-BR\",\"potentialAction\":[{\"@type\":\"ReadAction\",\"target\":[\"https:\\\/\\\/atividademapa.com\\\/?product=mapa-sustentabilidade-e-responsabilidade-social-54_2024\"]}]},{\"@type\":\"ImageObject\",\"inLanguage\":\"pt-BR\",\"@id\":\"https:\\\/\\\/atividademapa.com\\\/?product=mapa-sustentabilidade-e-responsabilidade-social-54_2024#primaryimage\",\"url\":\"https:\\\/\\\/i0.wp.com\\\/atividademapa.com\\\/wp-content\\\/uploads\\\/2023\\\/03\\\/Atividade-M.A.P.A-3.png?fit=300%2C300&ssl=1\",\"contentUrl\":\"https:\\\/\\\/i0.wp.com\\\/atividademapa.com\\\/wp-content\\\/uploads\\\/2023\\\/03\\\/Atividade-M.A.P.A-3.png?fit=300%2C300&ssl=1\",\"width\":300,\"height\":300,\"caption\":\"Mapa Unicesumar Atividade\"},{\"@type\":\"BreadcrumbList\",\"@id\":\"https:\\\/\\\/atividademapa.com\\\/?product=mapa-sustentabilidade-e-responsabilidade-social-54_2024#breadcrumb\",\"itemListElement\":[{\"@type\":\"ListItem\",\"position\":1,\"name\":\"In\u00edcio\",\"item\":\"https:\\\/\\\/atividademapa.com\\\/\"},{\"@type\":\"ListItem\",\"position\":2,\"name\":\"MAPAS\",\"item\":\"https:\\\/\\\/atividademapa.com\\\/?page_id=5\"},{\"@type\":\"ListItem\",\"position\":3,\"name\":\"MAPA &#8211; Sustentabilidade e Responsabilidade Social &#8211; 54_2024\"}]},{\"@type\":\"WebSite\",\"@id\":\"https:\\\/\\\/atividademapa.com\\\/#website\",\"url\":\"https:\\\/\\\/atividademapa.com\\\/\",\"name\":\"Atividade Mapa\",\"description\":\"StudeO | Unicesumar\",\"publisher\":{\"@id\":\"https:\\\/\\\/atividademapa.com\\\/#organization\"},\"potentialAction\":[{\"@type\":\"SearchAction\",\"target\":{\"@type\":\"EntryPoint\",\"urlTemplate\":\"https:\\\/\\\/atividademapa.com\\\/?s={search_term_string}\"},\"query-input\":{\"@type\":\"PropertyValueSpecification\",\"valueRequired\":true,\"valueName\":\"search_term_string\"}}],\"inLanguage\":\"pt-BR\"},{\"@type\":\"Organization\",\"@id\":\"https:\\\/\\\/atividademapa.com\\\/#organization\",\"name\":\"Atividade MAPA\",\"url\":\"https:\\\/\\\/atividademapa.com\\\/\",\"logo\":{\"@type\":\"ImageObject\",\"inLanguage\":\"pt-BR\",\"@id\":\"https:\\\/\\\/atividademapa.com\\\/#\\\/schema\\\/logo\\\/image\\\/\",\"url\":\"https:\\\/\\\/i0.wp.com\\\/atividademapa.com\\\/wp-content\\\/uploads\\\/2023\\\/02\\\/ATIVIDADE.png?fit=600%2C300&ssl=1\",\"contentUrl\":\"https:\\\/\\\/i0.wp.com\\\/atividademapa.com\\\/wp-content\\\/uploads\\\/2023\\\/02\\\/ATIVIDADE.png?fit=600%2C300&ssl=1\",\"width\":600,\"height\":300,\"caption\":\"Atividade MAPA\"},\"image\":{\"@id\":\"https:\\\/\\\/atividademapa.com\\\/#\\\/schema\\\/logo\\\/image\\\/\"}}]}<\/script>\n<!-- \/ Yoast SEO plugin. -->","yoast_head_json":{"title":"MAPA - Sustentabilidade e Responsabilidade Social - 54_2024","description":"Atividade MAPA - Sustentabilidade e Responsabilidade Social 54\/2024. Baixe a planilha resolvida do Mapa Pronto agora.Contabilidade","robots":{"index":"index","follow":"follow","max-snippet":"max-snippet:-1","max-image-preview":"max-image-preview:large","max-video-preview":"max-video-preview:-1"},"canonical":"https:\/\/atividademapa.com\/?product=mapa-sustentabilidade-e-responsabilidade-social-54_2024","og_locale":"pt_BR","og_type":"article","og_title":"MAPA - Sustentabilidade e Responsabilidade Social - 54_2024","og_description":"Atividade MAPA - Sustentabilidade e Responsabilidade Social 54\/2024. Baixe a planilha resolvida do Mapa Pronto agora.Contabilidade","og_url":"https:\/\/atividademapa.com\/?product=mapa-sustentabilidade-e-responsabilidade-social-54_2024","og_site_name":"Atividade Mapa","article_modified_time":"2024-10-13T04:37:45+00:00","og_image":[{"width":300,"height":300,"url":"https:\/\/i0.wp.com\/atividademapa.com\/wp-content\/uploads\/2023\/03\/Atividade-M.A.P.A-3.png?fit=300%2C300&ssl=1","type":"image\/png"}],"twitter_card":"summary_large_image","twitter_misc":{"Est. tempo de leitura":"4 minutos"},"schema":{"@context":"https:\/\/schema.org","@graph":[{"@type":"WebPage","@id":"https:\/\/atividademapa.com\/?product=mapa-sustentabilidade-e-responsabilidade-social-54_2024","url":"https:\/\/atividademapa.com\/?product=mapa-sustentabilidade-e-responsabilidade-social-54_2024","name":"MAPA - Sustentabilidade e Responsabilidade Social - 54_2024","isPartOf":{"@id":"https:\/\/atividademapa.com\/#website"},"primaryImageOfPage":{"@id":"https:\/\/atividademapa.com\/?product=mapa-sustentabilidade-e-responsabilidade-social-54_2024#primaryimage"},"image":{"@id":"https:\/\/atividademapa.com\/?product=mapa-sustentabilidade-e-responsabilidade-social-54_2024#primaryimage"},"thumbnailUrl":"https:\/\/i0.wp.com\/atividademapa.com\/wp-content\/uploads\/2023\/03\/Atividade-M.A.P.A-3.png?fit=300%2C300&ssl=1","datePublished":"2024-10-11T23:05:54+00:00","dateModified":"2024-10-13T04:37:45+00:00","description":"Atividade MAPA - Sustentabilidade e Responsabilidade Social 54\/2024. Baixe a planilha resolvida do Mapa Pronto agora.Contabilidade","breadcrumb":{"@id":"https:\/\/atividademapa.com\/?product=mapa-sustentabilidade-e-responsabilidade-social-54_2024#breadcrumb"},"inLanguage":"pt-BR","potentialAction":[{"@type":"ReadAction","target":["https:\/\/atividademapa.com\/?product=mapa-sustentabilidade-e-responsabilidade-social-54_2024"]}]},{"@type":"ImageObject","inLanguage":"pt-BR","@id":"https:\/\/atividademapa.com\/?product=mapa-sustentabilidade-e-responsabilidade-social-54_2024#primaryimage","url":"https:\/\/i0.wp.com\/atividademapa.com\/wp-content\/uploads\/2023\/03\/Atividade-M.A.P.A-3.png?fit=300%2C300&ssl=1","contentUrl":"https:\/\/i0.wp.com\/atividademapa.com\/wp-content\/uploads\/2023\/03\/Atividade-M.A.P.A-3.png?fit=300%2C300&ssl=1","width":300,"height":300,"caption":"Mapa Unicesumar Atividade"},{"@type":"BreadcrumbList","@id":"https:\/\/atividademapa.com\/?product=mapa-sustentabilidade-e-responsabilidade-social-54_2024#breadcrumb","itemListElement":[{"@type":"ListItem","position":1,"name":"In\u00edcio","item":"https:\/\/atividademapa.com\/"},{"@type":"ListItem","position":2,"name":"MAPAS","item":"https:\/\/atividademapa.com\/?page_id=5"},{"@type":"ListItem","position":3,"name":"MAPA &#8211; Sustentabilidade e Responsabilidade Social &#8211; 54_2024"}]},{"@type":"WebSite","@id":"https:\/\/atividademapa.com\/#website","url":"https:\/\/atividademapa.com\/","name":"Atividade Mapa","description":"StudeO | Unicesumar","publisher":{"@id":"https:\/\/atividademapa.com\/#organization"},"potentialAction":[{"@type":"SearchAction","target":{"@type":"EntryPoint","urlTemplate":"https:\/\/atividademapa.com\/?s={search_term_string}"},"query-input":{"@type":"PropertyValueSpecification","valueRequired":true,"valueName":"search_term_string"}}],"inLanguage":"pt-BR"},{"@type":"Organization","@id":"https:\/\/atividademapa.com\/#organization","name":"Atividade MAPA","url":"https:\/\/atividademapa.com\/","logo":{"@type":"ImageObject","inLanguage":"pt-BR","@id":"https:\/\/atividademapa.com\/#\/schema\/logo\/image\/","url":"https:\/\/i0.wp.com\/atividademapa.com\/wp-content\/uploads\/2023\/02\/ATIVIDADE.png?fit=600%2C300&ssl=1","contentUrl":"https:\/\/i0.wp.com\/atividademapa.com\/wp-content\/uploads\/2023\/02\/ATIVIDADE.png?fit=600%2C300&ssl=1","width":600,"height":300,"caption":"Atividade MAPA"},"image":{"@id":"https:\/\/atividademapa.com\/#\/schema\/logo\/image\/"}}]}},"_links":{"self":[{"href":"https:\/\/atividademapa.com\/index.php?rest_route=\/wp\/v2\/product\/4826","targetHints":{"allow":["GET"]}}],"collection":[{"href":"https:\/\/atividademapa.com\/index.php?rest_route=\/wp\/v2\/product"}],"about":[{"href":"https:\/\/atividademapa.com\/index.php?rest_route=\/wp\/v2\/types\/product"}],"version-history":[{"count":1,"href":"https:\/\/atividademapa.com\/index.php?rest_route=\/wp\/v2\/product\/4826\/revisions"}],"predecessor-version":[{"id":4827,"href":"https:\/\/atividademapa.com\/index.php?rest_route=\/wp\/v2\/product\/4826\/revisions\/4827"}],"wp:featuredmedia":[{"embeddable":true,"href":"https:\/\/atividademapa.com\/index.php?rest_route=\/wp\/v2\/media\/2326"}],"wp:attachment":[{"href":"https:\/\/atividademapa.com\/index.php?rest_route=%2Fwp%2Fv2%2Fmedia&parent=4826"}],"wp:term":[{"taxonomy":"product_brand","embeddable":true,"href":"https:\/\/atividademapa.com\/index.php?rest_route=%2Fwp%2Fv2%2Fproduct_brand&post=4826"},{"taxonomy":"product_cat","embeddable":true,"href":"https:\/\/atividademapa.com\/index.php?rest_route=%2Fwp%2Fv2%2Fproduct_cat&post=4826"},{"taxonomy":"product_tag","embeddable":true,"href":"https:\/\/atividademapa.com\/index.php?rest_route=%2Fwp%2Fv2%2Fproduct_tag&post=4826"}],"curies":[{"name":"wp","href":"https:\/\/api.w.org\/{rel}","templated":true}]}}