{"id":4850,"date":"2024-10-17T17:21:24","date_gmt":"2024-10-17T20:21:24","guid":{"rendered":"https:\/\/atividademapa.com\/?post_type=product&#038;p=4850"},"modified":"2024-10-17T21:13:03","modified_gmt":"2024-10-18T00:13:03","slug":"mapa-gcom-legislacao-empresarial-54-2024","status":"publish","type":"product","link":"https:\/\/atividademapa.com\/?product=mapa-gcom-legislacao-empresarial-54-2024","title":{"rendered":"MAPA &#8211; GCOM &#8211; Legisla\u00e7\u00e3o Empresarial 54\/2024"},"content":{"rendered":"<p>PROBLEMATIZA\u00c7\u00c3O:<br \/>\nA responsabilidade civil \u00e9 um conceito do direito que se refere \u00e0 obriga\u00e7\u00e3o de uma pessoa, f\u00edsica ou<br \/>\njur\u00eddica, de reparar os danos causados a outra, seja por a\u00e7\u00e3o ou omiss\u00e3o. Ela visa proteger o patrim\u00f4nio e os<br \/>\ndireitos de indiv\u00edduos, responsabilizando aquele que causou preju\u00edzos ou ofensas, normalmente, a<br \/>\nrepara\u00e7\u00e3o ocorre por meio de indeniza\u00e7\u00f5es financeiras, mas pode incluir outras formas de compensa\u00e7\u00e3o.<br \/>\nDentro do nosso ordenamento jur\u00eddico, existem dois tipos principais de responsabilidade civil: (a)<br \/>\nResponsabilidade civil subjetiva, a qual, baseia-se na exist\u00eancia de dolo (inten\u00e7\u00e3o) ou culpa (neglig\u00eancia,<br \/>\nimprud\u00eancia ou imper\u00edcia), e, (b) Responsabilidade civil objetiva, na qual independe da culpa do agente,<br \/>\nbastando que se prove o dano e o nexo causal entre a a\u00e7\u00e3o ou omiss\u00e3o do agente e o preju\u00edzo sofrido.<br \/>\nSIGNIFICA\u00c7\u00c3O:<br \/>\nQuando falamos de responsabiliza\u00e7\u00e3o das empresas, imposs\u00edvel n\u00e3o tratar daquelas responsabiliza\u00e7\u00f5es<br \/>\nadvindas das rela\u00e7\u00f5es de consumo.<br \/>\nComo sabemos, o C\u00f3digo de Defesa do Consumidor (CDC) \u00e9 um importante normativo brasileiro, institu\u00eddo<br \/>\npela Lei n\u00ba 8.078, de 11 de setembro de 1990, na qual estabelece os direitos e deveres dos consumidores e<br \/>\nfornecedores, al\u00e9m de regulamentar as rela\u00e7\u00f5es de consumo no Brasil. O CDC \u00e9 considerado uma das<br \/>\nlegisla\u00e7\u00f5es mais avan\u00e7adas do mundo em termos de prote\u00e7\u00e3o ao consumidor.<br \/>\nAssim, conhecer estes institutos \u00e9 de suma import\u00e2ncia, seja na esfera pessoal, pois todos n\u00f3s somos<br \/>\nconsumidores, ou na esfera profissional, visto que poderemos estar atuando em organiza\u00e7\u00f5es empresariais<br \/>\nque ser\u00e3o consideradas fornecedoras de acordo com a concep\u00e7\u00e3o do CDC.<br \/>\nEXPERIMENTA\u00c7\u00c3O:<br \/>\nEm 15 de mar\u00e7o de 1962, o ent\u00e3o presidente dos Estados Unidos, John F. Kennedy, fez um discurso hist\u00f3rico<br \/>\nao Congresso que \u00e9 considerado um marco na defesa dos direitos dos consumidores. Durante esse discurso,<br \/>\nKennedy estabeleceu quatro direitos fundamentais dos consumidores, que se tornaram conhecidos como a<br \/>\n&#8220;Carta dos Direitos do Consumidor&#8221;, esses direitos s\u00e3o os pilares do movimento de defesa do consumidor<br \/>\nem todo o mundo.<br \/>\nNota-se que a preocupa\u00e7\u00e3o em salvaguardar os direitos dos consumidores \u00e9 antiga, assim, conhecer as<br \/>\npeculiaridades deste ramo do Direito \u00e9 de suma import\u00e2ncia para a nossa rela\u00e7\u00e3o pessoal e profissional.<br \/>\nDefesa do consumidor: responsabilidade do fornecedor por v\u00edcio e por defeito do produto ou servi\u00e7o.<br \/>\nAcesso em: 04 set 2024. Dispon\u00edvel em: https: https:\/\/www.migalhas.com.br\/depeso\/120332\/defesa-doconsumidor&#8211;responsabilidade-do-fornecedor-por-vicio-e-por-defeito-do-produto-ou-servico<br \/>\nRESPONSABILIDADE CIVIL NO CDC. Acesso em: 04 set 2024. Dispon\u00edvel em: https:<br \/>\nhttps:\/\/www.univates.br\/media\/graduacao\/direito\/RESPONSABILIDADE_CIVIL_NO_CDC.pdf<br \/>\nCONCEITUALIZA\u00c7\u00c3O:<br \/>\nO nosso livro did\u00e1tico, as aulas, bem como os materiais extras, poder\u00e3o te auxiliar na realiza\u00e7\u00e3o dessa<br \/>\natividade.<br \/>\nA\u00c7\u00c3O\/AVALIA\u00c7\u00c3O: MAPA<br \/>\nConforme apresentado em nosso livro did\u00e1tico, a responsabilidade da empresa se estende aos produtos,<br \/>\nservi\u00e7os ou instala\u00e7\u00f5es que ela oferece. Dessa forma, surge a sua responsabilidade perante os<br \/>\nconsumidores, os quais s\u00e3o amparados por um tratamento jur\u00eddico e principiol\u00f3gico diferenciado.<br \/>\nDe forma direta ou indireta, como falado anteriormente, todos n\u00f3s somos consumidores, assim, para a<br \/>\nresolu\u00e7\u00e3o da presente atividade nos colocaremos nas vestes de um consumidor que adquiriu um produto<br \/>\nimpr\u00f3prio para consumo. Para tanto, analise o caso hipot\u00e9tico:<\/p>\n<p>Jo\u00e3o Paulo, aluno da Unicesumar, adquiriu um computador para usar no seu dia a dia de estudos, junto a<br \/>\nEmpresa PC Bom, todavia, ap\u00f3s uma semana de uso, sem qualquer motivo aparente o aparelho parou de<br \/>\nfuncionar. Com o problema surgido no aparelho, Jo\u00e3o Paulo vai at\u00e9 a empresa solicitando que lhe seja<br \/>\nprestada a assist\u00eancia t\u00e9cnica no dispositivo, por\u00e9m, a Empresa se nega a realizar qualquer tipo de<br \/>\natendimento, dizendo que o computador vendido n\u00e3o possui qualquer tipo de garantia.<br \/>\nDe acordo com o caso hipot\u00e9tico relatado e os conceitos adquiridos, responda:<br \/>\nQuest\u00e3o 1: Com base no C\u00f3digo de Defesa do Consumidor (CDC), Jo\u00e3o Paulo pode ser considerado um<br \/>\nconsumidor vulner\u00e1vel? Justifique sua resposta considerando os direitos assegurados aos consumidores.<br \/>\nQuest\u00e3o 2: A empresa PC Bom alega que o computador vendido a Jo\u00e3o Paulo n\u00e3o possui garantia. Essa<br \/>\npostura \u00e9 compat\u00edvel com o disposto no CDC sobre a responsabilidade do fornecedor por v\u00edcio ou defeito<br \/>\nno produto? Explique como o CDC regulamenta a obrigatoriedade de garantia e o que isso implica neste<br \/>\ncaso.<br \/>\nQuest\u00e3o 3: Qual tipo de responsabilidade civil, objetiva ou subjetiva, se aplica ao caso de Jo\u00e3o Paulo?<br \/>\nExplique sua resposta.<br \/>\nQuest\u00e3o 4: Considerando os princ\u00edpios fundamentais das rela\u00e7\u00f5es de consumo, como o princ\u00edpio da boa-f\u00e9<br \/>\nobjetiva, avalie se a recusa da PC Bom em prestar assist\u00eancia t\u00e9cnica pode ser considerada uma pr\u00e1tica<br \/>\nabusiva. Em sua resposta, mencione qual seria o tratamento adequado da empresa segundo a legisla\u00e7\u00e3o.<\/p>\n","protected":false},"excerpt":{"rendered":"<p>PROBLEMATIZA\u00c7\u00c3O: A responsabilidade civil \u00e9 um conceito do direito que se refere \u00e0 obriga\u00e7\u00e3o de uma pessoa, f\u00edsica ou jur\u00eddica,<\/p>\n","protected":false},"featured_media":2326,"template":"","meta":{"_monsterinsights_skip_tracking":false,"_monsterinsights_sitenote_active":false,"_monsterinsights_sitenote_note":"","_monsterinsights_sitenote_category":0},"product_brand":[],"product_cat":[25],"product_tag":[],"class_list":{"0":"post-4850","1":"product","2":"type-product","3":"status-publish","4":"has-post-thumbnail","6":"product_cat-gestao-comercial","8":"first","9":"instock","10":"downloadable","11":"virtual","12":"purchasable","13":"product-type-simple"},"yoast_head":"<!-- This site is optimized with the Yoast SEO plugin v27.4 - https:\/\/yoast.com\/product\/yoast-seo-wordpress\/ -->\n<title>MAPA - GCOM - Legisla\u00e7\u00e3o Empresarial 54\/2024<\/title>\n<meta name=\"description\" content=\"Atividade MAPA - GCOM - Legisla\u00e7\u00e3o Empresarial 54\/2024 &#8902; Unicesumar. Baixe agora mesmo um Mapa Pronto resolvido!\" \/>\n<meta name=\"robots\" content=\"index, follow, max-snippet:-1, max-image-preview:large, max-video-preview:-1\" \/>\n<link rel=\"canonical\" href=\"https:\/\/atividademapa.com\/?product=mapa-gcom-legislacao-empresarial-54-2024\" \/>\n<meta property=\"og:locale\" content=\"pt_BR\" \/>\n<meta property=\"og:type\" content=\"article\" \/>\n<meta property=\"og:title\" content=\"MAPA - GCOM - Legisla\u00e7\u00e3o Empresarial 54\/2024\" \/>\n<meta property=\"og:description\" content=\"Atividade MAPA - GCOM - Legisla\u00e7\u00e3o Empresarial 54\/2024 &#8902; Unicesumar. Baixe agora mesmo um Mapa Pronto resolvido!\" \/>\n<meta property=\"og:url\" content=\"https:\/\/atividademapa.com\/?product=mapa-gcom-legislacao-empresarial-54-2024\" \/>\n<meta property=\"og:site_name\" content=\"Atividade Mapa\" \/>\n<meta property=\"article:modified_time\" content=\"2024-10-18T00:13:03+00:00\" \/>\n<meta property=\"og:image\" content=\"https:\/\/i0.wp.com\/atividademapa.com\/wp-content\/uploads\/2023\/03\/Atividade-M.A.P.A-3.png?fit=300%2C300&ssl=1\" \/>\n\t<meta property=\"og:image:width\" content=\"300\" \/>\n\t<meta property=\"og:image:height\" content=\"300\" \/>\n\t<meta property=\"og:image:type\" content=\"image\/png\" \/>\n<meta name=\"twitter:card\" content=\"summary_large_image\" \/>\n<meta name=\"twitter:label1\" content=\"Est. tempo de leitura\" \/>\n\t<meta name=\"twitter:data1\" content=\"4 minutos\" \/>\n<script type=\"application\/ld+json\" class=\"yoast-schema-graph\">{\"@context\":\"https:\\\/\\\/schema.org\",\"@graph\":[{\"@type\":\"WebPage\",\"@id\":\"https:\\\/\\\/atividademapa.com\\\/?product=mapa-gcom-legislacao-empresarial-54-2024\",\"url\":\"https:\\\/\\\/atividademapa.com\\\/?product=mapa-gcom-legislacao-empresarial-54-2024\",\"name\":\"MAPA - GCOM - Legisla\u00e7\u00e3o Empresarial 54\\\/2024\",\"isPartOf\":{\"@id\":\"https:\\\/\\\/atividademapa.com\\\/#website\"},\"primaryImageOfPage\":{\"@id\":\"https:\\\/\\\/atividademapa.com\\\/?product=mapa-gcom-legislacao-empresarial-54-2024#primaryimage\"},\"image\":{\"@id\":\"https:\\\/\\\/atividademapa.com\\\/?product=mapa-gcom-legislacao-empresarial-54-2024#primaryimage\"},\"thumbnailUrl\":\"https:\\\/\\\/i0.wp.com\\\/atividademapa.com\\\/wp-content\\\/uploads\\\/2023\\\/03\\\/Atividade-M.A.P.A-3.png?fit=300%2C300&ssl=1\",\"datePublished\":\"2024-10-17T20:21:24+00:00\",\"dateModified\":\"2024-10-18T00:13:03+00:00\",\"description\":\"Atividade MAPA - GCOM - Legisla\u00e7\u00e3o Empresarial 54\\\/2024 &#8902; Unicesumar. Baixe agora mesmo um Mapa Pronto resolvido!\",\"breadcrumb\":{\"@id\":\"https:\\\/\\\/atividademapa.com\\\/?product=mapa-gcom-legislacao-empresarial-54-2024#breadcrumb\"},\"inLanguage\":\"pt-BR\",\"potentialAction\":[{\"@type\":\"ReadAction\",\"target\":[\"https:\\\/\\\/atividademapa.com\\\/?product=mapa-gcom-legislacao-empresarial-54-2024\"]}]},{\"@type\":\"ImageObject\",\"inLanguage\":\"pt-BR\",\"@id\":\"https:\\\/\\\/atividademapa.com\\\/?product=mapa-gcom-legislacao-empresarial-54-2024#primaryimage\",\"url\":\"https:\\\/\\\/i0.wp.com\\\/atividademapa.com\\\/wp-content\\\/uploads\\\/2023\\\/03\\\/Atividade-M.A.P.A-3.png?fit=300%2C300&ssl=1\",\"contentUrl\":\"https:\\\/\\\/i0.wp.com\\\/atividademapa.com\\\/wp-content\\\/uploads\\\/2023\\\/03\\\/Atividade-M.A.P.A-3.png?fit=300%2C300&ssl=1\",\"width\":300,\"height\":300,\"caption\":\"Mapa Unicesumar Atividade\"},{\"@type\":\"BreadcrumbList\",\"@id\":\"https:\\\/\\\/atividademapa.com\\\/?product=mapa-gcom-legislacao-empresarial-54-2024#breadcrumb\",\"itemListElement\":[{\"@type\":\"ListItem\",\"position\":1,\"name\":\"In\u00edcio\",\"item\":\"https:\\\/\\\/atividademapa.com\\\/\"},{\"@type\":\"ListItem\",\"position\":2,\"name\":\"MAPAS\",\"item\":\"https:\\\/\\\/atividademapa.com\\\/?page_id=5\"},{\"@type\":\"ListItem\",\"position\":3,\"name\":\"MAPA &#8211; GCOM &#8211; Legisla\u00e7\u00e3o Empresarial 54\\\/2024\"}]},{\"@type\":\"WebSite\",\"@id\":\"https:\\\/\\\/atividademapa.com\\\/#website\",\"url\":\"https:\\\/\\\/atividademapa.com\\\/\",\"name\":\"Atividade Mapa\",\"description\":\"StudeO | Unicesumar\",\"publisher\":{\"@id\":\"https:\\\/\\\/atividademapa.com\\\/#organization\"},\"potentialAction\":[{\"@type\":\"SearchAction\",\"target\":{\"@type\":\"EntryPoint\",\"urlTemplate\":\"https:\\\/\\\/atividademapa.com\\\/?s={search_term_string}\"},\"query-input\":{\"@type\":\"PropertyValueSpecification\",\"valueRequired\":true,\"valueName\":\"search_term_string\"}}],\"inLanguage\":\"pt-BR\"},{\"@type\":\"Organization\",\"@id\":\"https:\\\/\\\/atividademapa.com\\\/#organization\",\"name\":\"Atividade MAPA\",\"url\":\"https:\\\/\\\/atividademapa.com\\\/\",\"logo\":{\"@type\":\"ImageObject\",\"inLanguage\":\"pt-BR\",\"@id\":\"https:\\\/\\\/atividademapa.com\\\/#\\\/schema\\\/logo\\\/image\\\/\",\"url\":\"https:\\\/\\\/i0.wp.com\\\/atividademapa.com\\\/wp-content\\\/uploads\\\/2023\\\/02\\\/ATIVIDADE.png?fit=600%2C300&ssl=1\",\"contentUrl\":\"https:\\\/\\\/i0.wp.com\\\/atividademapa.com\\\/wp-content\\\/uploads\\\/2023\\\/02\\\/ATIVIDADE.png?fit=600%2C300&ssl=1\",\"width\":600,\"height\":300,\"caption\":\"Atividade MAPA\"},\"image\":{\"@id\":\"https:\\\/\\\/atividademapa.com\\\/#\\\/schema\\\/logo\\\/image\\\/\"}}]}<\/script>\n<!-- \/ Yoast SEO plugin. -->","yoast_head_json":{"title":"MAPA - GCOM - Legisla\u00e7\u00e3o Empresarial 54\/2024","description":"Atividade MAPA - GCOM - Legisla\u00e7\u00e3o Empresarial 54\/2024 &#8902; Unicesumar. Baixe agora mesmo um Mapa Pronto resolvido!","robots":{"index":"index","follow":"follow","max-snippet":"max-snippet:-1","max-image-preview":"max-image-preview:large","max-video-preview":"max-video-preview:-1"},"canonical":"https:\/\/atividademapa.com\/?product=mapa-gcom-legislacao-empresarial-54-2024","og_locale":"pt_BR","og_type":"article","og_title":"MAPA - GCOM - Legisla\u00e7\u00e3o Empresarial 54\/2024","og_description":"Atividade MAPA - GCOM - Legisla\u00e7\u00e3o Empresarial 54\/2024 &#8902; Unicesumar. Baixe agora mesmo um Mapa Pronto resolvido!","og_url":"https:\/\/atividademapa.com\/?product=mapa-gcom-legislacao-empresarial-54-2024","og_site_name":"Atividade Mapa","article_modified_time":"2024-10-18T00:13:03+00:00","og_image":[{"width":300,"height":300,"url":"https:\/\/i0.wp.com\/atividademapa.com\/wp-content\/uploads\/2023\/03\/Atividade-M.A.P.A-3.png?fit=300%2C300&ssl=1","type":"image\/png"}],"twitter_card":"summary_large_image","twitter_misc":{"Est. tempo de leitura":"4 minutos"},"schema":{"@context":"https:\/\/schema.org","@graph":[{"@type":"WebPage","@id":"https:\/\/atividademapa.com\/?product=mapa-gcom-legislacao-empresarial-54-2024","url":"https:\/\/atividademapa.com\/?product=mapa-gcom-legislacao-empresarial-54-2024","name":"MAPA - GCOM - Legisla\u00e7\u00e3o Empresarial 54\/2024","isPartOf":{"@id":"https:\/\/atividademapa.com\/#website"},"primaryImageOfPage":{"@id":"https:\/\/atividademapa.com\/?product=mapa-gcom-legislacao-empresarial-54-2024#primaryimage"},"image":{"@id":"https:\/\/atividademapa.com\/?product=mapa-gcom-legislacao-empresarial-54-2024#primaryimage"},"thumbnailUrl":"https:\/\/i0.wp.com\/atividademapa.com\/wp-content\/uploads\/2023\/03\/Atividade-M.A.P.A-3.png?fit=300%2C300&ssl=1","datePublished":"2024-10-17T20:21:24+00:00","dateModified":"2024-10-18T00:13:03+00:00","description":"Atividade MAPA - GCOM - Legisla\u00e7\u00e3o Empresarial 54\/2024 &#8902; Unicesumar. Baixe agora mesmo um Mapa Pronto resolvido!","breadcrumb":{"@id":"https:\/\/atividademapa.com\/?product=mapa-gcom-legislacao-empresarial-54-2024#breadcrumb"},"inLanguage":"pt-BR","potentialAction":[{"@type":"ReadAction","target":["https:\/\/atividademapa.com\/?product=mapa-gcom-legislacao-empresarial-54-2024"]}]},{"@type":"ImageObject","inLanguage":"pt-BR","@id":"https:\/\/atividademapa.com\/?product=mapa-gcom-legislacao-empresarial-54-2024#primaryimage","url":"https:\/\/i0.wp.com\/atividademapa.com\/wp-content\/uploads\/2023\/03\/Atividade-M.A.P.A-3.png?fit=300%2C300&ssl=1","contentUrl":"https:\/\/i0.wp.com\/atividademapa.com\/wp-content\/uploads\/2023\/03\/Atividade-M.A.P.A-3.png?fit=300%2C300&ssl=1","width":300,"height":300,"caption":"Mapa Unicesumar Atividade"},{"@type":"BreadcrumbList","@id":"https:\/\/atividademapa.com\/?product=mapa-gcom-legislacao-empresarial-54-2024#breadcrumb","itemListElement":[{"@type":"ListItem","position":1,"name":"In\u00edcio","item":"https:\/\/atividademapa.com\/"},{"@type":"ListItem","position":2,"name":"MAPAS","item":"https:\/\/atividademapa.com\/?page_id=5"},{"@type":"ListItem","position":3,"name":"MAPA &#8211; GCOM &#8211; Legisla\u00e7\u00e3o Empresarial 54\/2024"}]},{"@type":"WebSite","@id":"https:\/\/atividademapa.com\/#website","url":"https:\/\/atividademapa.com\/","name":"Atividade Mapa","description":"StudeO | Unicesumar","publisher":{"@id":"https:\/\/atividademapa.com\/#organization"},"potentialAction":[{"@type":"SearchAction","target":{"@type":"EntryPoint","urlTemplate":"https:\/\/atividademapa.com\/?s={search_term_string}"},"query-input":{"@type":"PropertyValueSpecification","valueRequired":true,"valueName":"search_term_string"}}],"inLanguage":"pt-BR"},{"@type":"Organization","@id":"https:\/\/atividademapa.com\/#organization","name":"Atividade MAPA","url":"https:\/\/atividademapa.com\/","logo":{"@type":"ImageObject","inLanguage":"pt-BR","@id":"https:\/\/atividademapa.com\/#\/schema\/logo\/image\/","url":"https:\/\/i0.wp.com\/atividademapa.com\/wp-content\/uploads\/2023\/02\/ATIVIDADE.png?fit=600%2C300&ssl=1","contentUrl":"https:\/\/i0.wp.com\/atividademapa.com\/wp-content\/uploads\/2023\/02\/ATIVIDADE.png?fit=600%2C300&ssl=1","width":600,"height":300,"caption":"Atividade MAPA"},"image":{"@id":"https:\/\/atividademapa.com\/#\/schema\/logo\/image\/"}}]}},"_links":{"self":[{"href":"https:\/\/atividademapa.com\/index.php?rest_route=\/wp\/v2\/product\/4850","targetHints":{"allow":["GET"]}}],"collection":[{"href":"https:\/\/atividademapa.com\/index.php?rest_route=\/wp\/v2\/product"}],"about":[{"href":"https:\/\/atividademapa.com\/index.php?rest_route=\/wp\/v2\/types\/product"}],"version-history":[{"count":2,"href":"https:\/\/atividademapa.com\/index.php?rest_route=\/wp\/v2\/product\/4850\/revisions"}],"predecessor-version":[{"id":4853,"href":"https:\/\/atividademapa.com\/index.php?rest_route=\/wp\/v2\/product\/4850\/revisions\/4853"}],"wp:featuredmedia":[{"embeddable":true,"href":"https:\/\/atividademapa.com\/index.php?rest_route=\/wp\/v2\/media\/2326"}],"wp:attachment":[{"href":"https:\/\/atividademapa.com\/index.php?rest_route=%2Fwp%2Fv2%2Fmedia&parent=4850"}],"wp:term":[{"taxonomy":"product_brand","embeddable":true,"href":"https:\/\/atividademapa.com\/index.php?rest_route=%2Fwp%2Fv2%2Fproduct_brand&post=4850"},{"taxonomy":"product_cat","embeddable":true,"href":"https:\/\/atividademapa.com\/index.php?rest_route=%2Fwp%2Fv2%2Fproduct_cat&post=4850"},{"taxonomy":"product_tag","embeddable":true,"href":"https:\/\/atividademapa.com\/index.php?rest_route=%2Fwp%2Fv2%2Fproduct_tag&post=4850"}],"curies":[{"name":"wp","href":"https:\/\/api.w.org\/{rel}","templated":true}]}}