{"id":4891,"date":"2024-10-26T12:37:14","date_gmt":"2024-10-26T15:37:14","guid":{"rendered":"https:\/\/atividademapa.com\/?post_type=product&#038;p=4891"},"modified":"2024-10-26T12:42:10","modified_gmt":"2024-10-26T15:42:10","slug":"mapa-anatomia-humana-aplicada-a-educacao-fisica-54_2024","status":"publish","type":"product","link":"https:\/\/atividademapa.com\/?product=mapa-anatomia-humana-aplicada-a-educacao-fisica-54_2024","title":{"rendered":"MAPA &#8211; ANATOMIA HUMANA APLICADA \u00c0 EDUCA\u00c7\u00c3O F\u00cdSICA &#8211; 54_2024"},"content":{"rendered":"<h2>MAPA &#8211; ANATOMIA HUMANA APLICADA \u00c0 EDUCA\u00c7\u00c3O F\u00cdSICA &#8211; 54_2024<\/h2>\n<div class=\"enunciado\">\n<div class=\"panel-body p-t-20 b-t b-grey\">\n<div class=\"painel-questao\">\n<div class=\"painel-questao-titulo cursor\">QUEST\u00c3O 1<\/div>\n<\/div>\n<\/div>\n<\/div>\n<div class=\"enunciado ng-binding\">\n<div class=\"ng-scope\">O estudo da anatomia humana \u00e9 imprescind\u00edvel para o completo entendimento do corpo humano e sua intera\u00e7\u00e3o com os \u00f3rg\u00e3os. O corpo humano, do ponto de vista biomec\u00e2nico, pode ser brevemente definido como uma composi\u00e7\u00e3o de estruturas intimamente associadas que permitem movimento (DANGELO e FATTINI, 2007).<\/div>\n<div class=\"ng-scope\">Fonte: DANGELO, J. G.; FATTINI, C. C.\u00a0<strong>Anatomia Sist\u00eamica e Segmentar<\/strong>. 3.ed. S\u00e3o Paulo: Atheneu, 2007 .<\/div>\n<div class=\"ng-scope\">Para melhor compreens\u00e3o deste sistema, \u00e9 fundamental ressaltar a posi\u00e7\u00e3o anat\u00f4mica, os planos e eixos imagin\u00e1rios onde os movimentos ocorrem. Estas condi\u00e7\u00f5es, s\u00e3o necess\u00e1rias para a amplia\u00e7\u00e3o do entendimento e a aprecia\u00e7\u00e3o da beleza e da sutileza com que os deslocamentos s\u00e3o realizados (NORKIN; LEVANGIE, 2001).<\/div>\n<div class=\"ng-scope\">Fonte: NORKIN, C. C.; LEVANGIE, P. K.\u00a0<strong>Articula\u00e7\u00f5es: estrutura e fun\u00e7\u00e3o<\/strong>\u00a0\u2013 Uma abordagem pr\u00e1tica e abrangente. 2\u00ba ed. Rio de Janeiro, 2001.<\/div>\n<div class=\"ng-scope\">Recentemente, devido \u00e0s necessidades emerg\u00eancias da sociedade e o distanciamento social, todos os profissionais tiveram que se remodelar ao novo \u201cNormal\u201d. Por esta raz\u00e3o, os futuros profissionais devem constantemente repensar e buscar m\u00e9todos inovadores, sendo mais criativo. Neste sentido, estrat\u00e9gias que proporcionem o desenvolvimento e motiva\u00e7\u00e3o ser\u00e3o sempre fundamentais para cercear o constante processo de ensino e aprendizagem. Nesse sentido propomos que voc\u00ea:<\/div>\n<div class=\"ng-scope\">&#8211; Descreva a constru\u00e7\u00e3o de um material did\u00e1tico pedag\u00f3gico que possa ser utilizado em aulas sobre o conte\u00fado de anatomia para a explica\u00e7\u00e3o dos tr\u00eas planos e tr\u00eas eixos anat\u00f4micos. O modelo did\u00e1tico a ser utilizado em aulas pr\u00e1ticas deve ser constru\u00eddo utilizando um boneco pl\u00e1stico\u00a0<strong><u>OU<\/u><\/strong>\u00a0de massinha caseira\u00a0<strong><u>OU<\/u><\/strong>\u00a0material recicl\u00e1vel. Voc\u00ea pode escolher. Use sua criatividade. O Objetivo deste projeto \u00e9 apresentar um modelo visual e esquem\u00e1tico para explicar os planos e eixos que acontecem os\u00a0<strong><u>movimentos<\/u><\/strong>.<\/div>\n<div class=\"ng-scope\">-Posteriormente, voc\u00ea dever\u00e1 analisar as tr\u00eas imagens para: nomear o movimento, o plano, o eixo e descrever o movimento justificando o plano e eixo escolhido para o mesmo.<\/p>\n<p>PARA ESSA ATIVIDADE MAPA VOC\u00ca DEVER\u00c1 SEGUIR OS SEGUINTES PASSOS:<\/p>\n<p>1-Fazer o download do\u00a0<u>modelo de mapa<\/u>\u00a0no MATERIAL DA DISCIPLINA;<br \/>\n2-Fazer o download do\u00a0<u>material de apoio<\/u>\u00a0sobre planos e eixos no MATERIAL DA DISCIPLINA;<br \/>\n3-Fazer a leitura do livro\u00a0<u>M\u00daSCULOS PROVAS E FUN\u00c7\u00d5ES &#8211; COM POSTURA E DOR<\/u>\u00a0que est\u00e1 dispon\u00edvel em\u00a0<strong>minha biblioteca<\/strong>\u00a0em seu Studeo para suporte na realiza\u00e7\u00e3o dessa atividade mapa;<br \/>\n4-Descrever a constru\u00e7\u00e3o de um modelo did\u00e1tico a ser utilizado em aulas pr\u00e1ticas de anatomia que contemple os tr\u00eas planos e tr\u00eas eixos anat\u00f4micos que acontecem o movimento e insira duas fotos do modelo did\u00e1tico desenvolvido, uma destacando planos e a outra destacando os eixos;<br \/>\n5-Apresentar em cada uma das tr\u00eas fichas o nome do movimento que est\u00e1 na imagem, em qual plano ele acontece, em qual eixo ele acontece e descrever como o ocorre o movimento para justificar os planos e eixos escolhidos.<\/div>\n<\/div>\n","protected":false},"excerpt":{"rendered":"<p>MAPA &#8211; ANATOMIA HUMANA APLICADA \u00c0 EDUCA\u00c7\u00c3O F\u00cdSICA &#8211; 54_2024 QUEST\u00c3O 1 O estudo da anatomia humana \u00e9 imprescind\u00edvel para<\/p>\n","protected":false},"featured_media":2326,"template":"","meta":{"_monsterinsights_skip_tracking":false,"_monsterinsights_sitenote_active":false,"_monsterinsights_sitenote_note":"","_monsterinsights_sitenote_category":0},"product_brand":[],"product_cat":[42],"product_tag":[],"class_list":{"0":"post-4891","1":"product","2":"type-product","3":"status-publish","4":"has-post-thumbnail","6":"product_cat-educacao-fisica","8":"first","9":"instock","10":"featured","11":"downloadable","12":"virtual","13":"purchasable","14":"product-type-simple"},"yoast_head":"<!-- This site is optimized with the Yoast SEO plugin v27.4 - https:\/\/yoast.com\/product\/yoast-seo-wordpress\/ -->\n<title>MAPA - ANATOMIA HUMANA APLICADA \u00c0 EDUCA\u00c7\u00c3O F\u00cdSICA - 54_2024<\/title>\n<meta name=\"description\" content=\"Atividade MAPA - ANATOMIA HUMANA APLICADA \u00c0 EDUCA\u00c7\u00c3O F\u00cdSICA - 54_2024 &#8902; Unicesumar. Baixe agora mesmo um Mapa Pronto resolvido!\" \/>\n<meta name=\"robots\" content=\"index, follow, max-snippet:-1, max-image-preview:large, max-video-preview:-1\" \/>\n<link rel=\"canonical\" href=\"https:\/\/atividademapa.com\/?product=mapa-anatomia-humana-aplicada-a-educacao-fisica-54_2024\" \/>\n<meta property=\"og:locale\" content=\"pt_BR\" \/>\n<meta property=\"og:type\" content=\"article\" \/>\n<meta property=\"og:title\" content=\"MAPA - ANATOMIA HUMANA APLICADA \u00c0 EDUCA\u00c7\u00c3O F\u00cdSICA - 54_2024\" \/>\n<meta property=\"og:description\" content=\"Atividade MAPA - ANATOMIA HUMANA APLICADA \u00c0 EDUCA\u00c7\u00c3O F\u00cdSICA - 54_2024 &#8902; Unicesumar. Baixe agora mesmo um Mapa Pronto resolvido!\" \/>\n<meta property=\"og:url\" content=\"https:\/\/atividademapa.com\/?product=mapa-anatomia-humana-aplicada-a-educacao-fisica-54_2024\" \/>\n<meta property=\"og:site_name\" content=\"Atividade Mapa\" \/>\n<meta property=\"article:modified_time\" content=\"2024-10-26T15:42:10+00:00\" \/>\n<meta property=\"og:image\" content=\"https:\/\/i0.wp.com\/atividademapa.com\/wp-content\/uploads\/2023\/03\/Atividade-M.A.P.A-3.png?fit=300%2C300&ssl=1\" \/>\n\t<meta property=\"og:image:width\" content=\"300\" \/>\n\t<meta property=\"og:image:height\" content=\"300\" \/>\n\t<meta property=\"og:image:type\" content=\"image\/png\" \/>\n<meta name=\"twitter:card\" content=\"summary_large_image\" \/>\n<meta name=\"twitter:label1\" content=\"Est. tempo de leitura\" \/>\n\t<meta name=\"twitter:data1\" content=\"3 minutos\" \/>\n<script type=\"application\/ld+json\" class=\"yoast-schema-graph\">{\"@context\":\"https:\\\/\\\/schema.org\",\"@graph\":[{\"@type\":\"WebPage\",\"@id\":\"https:\\\/\\\/atividademapa.com\\\/?product=mapa-anatomia-humana-aplicada-a-educacao-fisica-54_2024\",\"url\":\"https:\\\/\\\/atividademapa.com\\\/?product=mapa-anatomia-humana-aplicada-a-educacao-fisica-54_2024\",\"name\":\"MAPA - ANATOMIA HUMANA APLICADA \u00c0 EDUCA\u00c7\u00c3O F\u00cdSICA - 54_2024\",\"isPartOf\":{\"@id\":\"https:\\\/\\\/atividademapa.com\\\/#website\"},\"primaryImageOfPage\":{\"@id\":\"https:\\\/\\\/atividademapa.com\\\/?product=mapa-anatomia-humana-aplicada-a-educacao-fisica-54_2024#primaryimage\"},\"image\":{\"@id\":\"https:\\\/\\\/atividademapa.com\\\/?product=mapa-anatomia-humana-aplicada-a-educacao-fisica-54_2024#primaryimage\"},\"thumbnailUrl\":\"https:\\\/\\\/i0.wp.com\\\/atividademapa.com\\\/wp-content\\\/uploads\\\/2023\\\/03\\\/Atividade-M.A.P.A-3.png?fit=300%2C300&ssl=1\",\"datePublished\":\"2024-10-26T15:37:14+00:00\",\"dateModified\":\"2024-10-26T15:42:10+00:00\",\"description\":\"Atividade MAPA - ANATOMIA HUMANA APLICADA \u00c0 EDUCA\u00c7\u00c3O F\u00cdSICA - 54_2024 &#8902; Unicesumar. Baixe agora mesmo um Mapa Pronto resolvido!\",\"breadcrumb\":{\"@id\":\"https:\\\/\\\/atividademapa.com\\\/?product=mapa-anatomia-humana-aplicada-a-educacao-fisica-54_2024#breadcrumb\"},\"inLanguage\":\"pt-BR\",\"potentialAction\":[{\"@type\":\"ReadAction\",\"target\":[\"https:\\\/\\\/atividademapa.com\\\/?product=mapa-anatomia-humana-aplicada-a-educacao-fisica-54_2024\"]}]},{\"@type\":\"ImageObject\",\"inLanguage\":\"pt-BR\",\"@id\":\"https:\\\/\\\/atividademapa.com\\\/?product=mapa-anatomia-humana-aplicada-a-educacao-fisica-54_2024#primaryimage\",\"url\":\"https:\\\/\\\/i0.wp.com\\\/atividademapa.com\\\/wp-content\\\/uploads\\\/2023\\\/03\\\/Atividade-M.A.P.A-3.png?fit=300%2C300&ssl=1\",\"contentUrl\":\"https:\\\/\\\/i0.wp.com\\\/atividademapa.com\\\/wp-content\\\/uploads\\\/2023\\\/03\\\/Atividade-M.A.P.A-3.png?fit=300%2C300&ssl=1\",\"width\":300,\"height\":300,\"caption\":\"Mapa Unicesumar Atividade\"},{\"@type\":\"BreadcrumbList\",\"@id\":\"https:\\\/\\\/atividademapa.com\\\/?product=mapa-anatomia-humana-aplicada-a-educacao-fisica-54_2024#breadcrumb\",\"itemListElement\":[{\"@type\":\"ListItem\",\"position\":1,\"name\":\"In\u00edcio\",\"item\":\"https:\\\/\\\/atividademapa.com\\\/\"},{\"@type\":\"ListItem\",\"position\":2,\"name\":\"MAPAS\",\"item\":\"https:\\\/\\\/atividademapa.com\\\/?page_id=5\"},{\"@type\":\"ListItem\",\"position\":3,\"name\":\"MAPA &#8211; ANATOMIA HUMANA APLICADA \u00c0 EDUCA\u00c7\u00c3O F\u00cdSICA &#8211; 54_2024\"}]},{\"@type\":\"WebSite\",\"@id\":\"https:\\\/\\\/atividademapa.com\\\/#website\",\"url\":\"https:\\\/\\\/atividademapa.com\\\/\",\"name\":\"Atividade Mapa\",\"description\":\"StudeO | Unicesumar\",\"publisher\":{\"@id\":\"https:\\\/\\\/atividademapa.com\\\/#organization\"},\"potentialAction\":[{\"@type\":\"SearchAction\",\"target\":{\"@type\":\"EntryPoint\",\"urlTemplate\":\"https:\\\/\\\/atividademapa.com\\\/?s={search_term_string}\"},\"query-input\":{\"@type\":\"PropertyValueSpecification\",\"valueRequired\":true,\"valueName\":\"search_term_string\"}}],\"inLanguage\":\"pt-BR\"},{\"@type\":\"Organization\",\"@id\":\"https:\\\/\\\/atividademapa.com\\\/#organization\",\"name\":\"Atividade MAPA\",\"url\":\"https:\\\/\\\/atividademapa.com\\\/\",\"logo\":{\"@type\":\"ImageObject\",\"inLanguage\":\"pt-BR\",\"@id\":\"https:\\\/\\\/atividademapa.com\\\/#\\\/schema\\\/logo\\\/image\\\/\",\"url\":\"https:\\\/\\\/i0.wp.com\\\/atividademapa.com\\\/wp-content\\\/uploads\\\/2023\\\/02\\\/ATIVIDADE.png?fit=600%2C300&ssl=1\",\"contentUrl\":\"https:\\\/\\\/i0.wp.com\\\/atividademapa.com\\\/wp-content\\\/uploads\\\/2023\\\/02\\\/ATIVIDADE.png?fit=600%2C300&ssl=1\",\"width\":600,\"height\":300,\"caption\":\"Atividade MAPA\"},\"image\":{\"@id\":\"https:\\\/\\\/atividademapa.com\\\/#\\\/schema\\\/logo\\\/image\\\/\"}}]}<\/script>\n<!-- \/ Yoast SEO plugin. -->","yoast_head_json":{"title":"MAPA - ANATOMIA HUMANA APLICADA \u00c0 EDUCA\u00c7\u00c3O F\u00cdSICA - 54_2024","description":"Atividade MAPA - ANATOMIA HUMANA APLICADA \u00c0 EDUCA\u00c7\u00c3O F\u00cdSICA - 54_2024 &#8902; Unicesumar. Baixe agora mesmo um Mapa Pronto resolvido!","robots":{"index":"index","follow":"follow","max-snippet":"max-snippet:-1","max-image-preview":"max-image-preview:large","max-video-preview":"max-video-preview:-1"},"canonical":"https:\/\/atividademapa.com\/?product=mapa-anatomia-humana-aplicada-a-educacao-fisica-54_2024","og_locale":"pt_BR","og_type":"article","og_title":"MAPA - ANATOMIA HUMANA APLICADA \u00c0 EDUCA\u00c7\u00c3O F\u00cdSICA - 54_2024","og_description":"Atividade MAPA - ANATOMIA HUMANA APLICADA \u00c0 EDUCA\u00c7\u00c3O F\u00cdSICA - 54_2024 &#8902; Unicesumar. Baixe agora mesmo um Mapa Pronto resolvido!","og_url":"https:\/\/atividademapa.com\/?product=mapa-anatomia-humana-aplicada-a-educacao-fisica-54_2024","og_site_name":"Atividade Mapa","article_modified_time":"2024-10-26T15:42:10+00:00","og_image":[{"width":300,"height":300,"url":"https:\/\/i0.wp.com\/atividademapa.com\/wp-content\/uploads\/2023\/03\/Atividade-M.A.P.A-3.png?fit=300%2C300&ssl=1","type":"image\/png"}],"twitter_card":"summary_large_image","twitter_misc":{"Est. tempo de leitura":"3 minutos"},"schema":{"@context":"https:\/\/schema.org","@graph":[{"@type":"WebPage","@id":"https:\/\/atividademapa.com\/?product=mapa-anatomia-humana-aplicada-a-educacao-fisica-54_2024","url":"https:\/\/atividademapa.com\/?product=mapa-anatomia-humana-aplicada-a-educacao-fisica-54_2024","name":"MAPA - ANATOMIA HUMANA APLICADA \u00c0 EDUCA\u00c7\u00c3O F\u00cdSICA - 54_2024","isPartOf":{"@id":"https:\/\/atividademapa.com\/#website"},"primaryImageOfPage":{"@id":"https:\/\/atividademapa.com\/?product=mapa-anatomia-humana-aplicada-a-educacao-fisica-54_2024#primaryimage"},"image":{"@id":"https:\/\/atividademapa.com\/?product=mapa-anatomia-humana-aplicada-a-educacao-fisica-54_2024#primaryimage"},"thumbnailUrl":"https:\/\/i0.wp.com\/atividademapa.com\/wp-content\/uploads\/2023\/03\/Atividade-M.A.P.A-3.png?fit=300%2C300&ssl=1","datePublished":"2024-10-26T15:37:14+00:00","dateModified":"2024-10-26T15:42:10+00:00","description":"Atividade MAPA - ANATOMIA HUMANA APLICADA \u00c0 EDUCA\u00c7\u00c3O F\u00cdSICA - 54_2024 &#8902; Unicesumar. Baixe agora mesmo um Mapa Pronto resolvido!","breadcrumb":{"@id":"https:\/\/atividademapa.com\/?product=mapa-anatomia-humana-aplicada-a-educacao-fisica-54_2024#breadcrumb"},"inLanguage":"pt-BR","potentialAction":[{"@type":"ReadAction","target":["https:\/\/atividademapa.com\/?product=mapa-anatomia-humana-aplicada-a-educacao-fisica-54_2024"]}]},{"@type":"ImageObject","inLanguage":"pt-BR","@id":"https:\/\/atividademapa.com\/?product=mapa-anatomia-humana-aplicada-a-educacao-fisica-54_2024#primaryimage","url":"https:\/\/i0.wp.com\/atividademapa.com\/wp-content\/uploads\/2023\/03\/Atividade-M.A.P.A-3.png?fit=300%2C300&ssl=1","contentUrl":"https:\/\/i0.wp.com\/atividademapa.com\/wp-content\/uploads\/2023\/03\/Atividade-M.A.P.A-3.png?fit=300%2C300&ssl=1","width":300,"height":300,"caption":"Mapa Unicesumar Atividade"},{"@type":"BreadcrumbList","@id":"https:\/\/atividademapa.com\/?product=mapa-anatomia-humana-aplicada-a-educacao-fisica-54_2024#breadcrumb","itemListElement":[{"@type":"ListItem","position":1,"name":"In\u00edcio","item":"https:\/\/atividademapa.com\/"},{"@type":"ListItem","position":2,"name":"MAPAS","item":"https:\/\/atividademapa.com\/?page_id=5"},{"@type":"ListItem","position":3,"name":"MAPA &#8211; ANATOMIA HUMANA APLICADA \u00c0 EDUCA\u00c7\u00c3O F\u00cdSICA &#8211; 54_2024"}]},{"@type":"WebSite","@id":"https:\/\/atividademapa.com\/#website","url":"https:\/\/atividademapa.com\/","name":"Atividade Mapa","description":"StudeO | Unicesumar","publisher":{"@id":"https:\/\/atividademapa.com\/#organization"},"potentialAction":[{"@type":"SearchAction","target":{"@type":"EntryPoint","urlTemplate":"https:\/\/atividademapa.com\/?s={search_term_string}"},"query-input":{"@type":"PropertyValueSpecification","valueRequired":true,"valueName":"search_term_string"}}],"inLanguage":"pt-BR"},{"@type":"Organization","@id":"https:\/\/atividademapa.com\/#organization","name":"Atividade MAPA","url":"https:\/\/atividademapa.com\/","logo":{"@type":"ImageObject","inLanguage":"pt-BR","@id":"https:\/\/atividademapa.com\/#\/schema\/logo\/image\/","url":"https:\/\/i0.wp.com\/atividademapa.com\/wp-content\/uploads\/2023\/02\/ATIVIDADE.png?fit=600%2C300&ssl=1","contentUrl":"https:\/\/i0.wp.com\/atividademapa.com\/wp-content\/uploads\/2023\/02\/ATIVIDADE.png?fit=600%2C300&ssl=1","width":600,"height":300,"caption":"Atividade MAPA"},"image":{"@id":"https:\/\/atividademapa.com\/#\/schema\/logo\/image\/"}}]}},"_links":{"self":[{"href":"https:\/\/atividademapa.com\/index.php?rest_route=\/wp\/v2\/product\/4891","targetHints":{"allow":["GET"]}}],"collection":[{"href":"https:\/\/atividademapa.com\/index.php?rest_route=\/wp\/v2\/product"}],"about":[{"href":"https:\/\/atividademapa.com\/index.php?rest_route=\/wp\/v2\/types\/product"}],"version-history":[{"count":1,"href":"https:\/\/atividademapa.com\/index.php?rest_route=\/wp\/v2\/product\/4891\/revisions"}],"predecessor-version":[{"id":4893,"href":"https:\/\/atividademapa.com\/index.php?rest_route=\/wp\/v2\/product\/4891\/revisions\/4893"}],"wp:featuredmedia":[{"embeddable":true,"href":"https:\/\/atividademapa.com\/index.php?rest_route=\/wp\/v2\/media\/2326"}],"wp:attachment":[{"href":"https:\/\/atividademapa.com\/index.php?rest_route=%2Fwp%2Fv2%2Fmedia&parent=4891"}],"wp:term":[{"taxonomy":"product_brand","embeddable":true,"href":"https:\/\/atividademapa.com\/index.php?rest_route=%2Fwp%2Fv2%2Fproduct_brand&post=4891"},{"taxonomy":"product_cat","embeddable":true,"href":"https:\/\/atividademapa.com\/index.php?rest_route=%2Fwp%2Fv2%2Fproduct_cat&post=4891"},{"taxonomy":"product_tag","embeddable":true,"href":"https:\/\/atividademapa.com\/index.php?rest_route=%2Fwp%2Fv2%2Fproduct_tag&post=4891"}],"curies":[{"name":"wp","href":"https:\/\/api.w.org\/{rel}","templated":true}]}}