{"id":4919,"date":"2024-10-29T23:01:32","date_gmt":"2024-10-30T02:01:32","guid":{"rendered":"https:\/\/atividademapa.com\/?post_type=product&#038;p=4919"},"modified":"2024-10-29T23:01:53","modified_gmt":"2024-10-30T02:01:53","slug":"mapa-imersao-planejamento-financeiro-54-2024","status":"publish","type":"product","link":"https:\/\/atividademapa.com\/?product=mapa-imersao-planejamento-financeiro-54-2024","title":{"rendered":"MAPA Imers\u00e3o Planejamento Financeiro 54\/2024"},"content":{"rendered":"<p>MAPA Imers\u00e3o Planejamento Financeiro 54\/2024<\/p>\n<p>Chegou o momento de explorar de forma pr\u00e1tica os conte\u00fados aprendidos na disciplina de Imers\u00e3o profissional: Planejamento financeiro! Para isso, voc\u00ea precisa cumprir tr\u00eas etapas, a saber:<\/p>\n<p><strong>Primeira etapa:<\/strong> LER atentamente o texto de apoio.<\/p>\n<p><strong>Segunda etapa:<\/strong> CONSIDERAR a situa\u00e7\u00e3o-problema e REALIZAR a atividade.<\/p>\n<p><strong>Terceira etapa:<\/strong> ENVIAR a atividade solicitada.<\/p>\n<p><strong>PRIMEIRA ETAPA:<\/strong> Aquecimento<\/p>\n<p><strong>Leitura do texto de apoio<\/strong><\/p>\n<p>A empresa Automacenter Limitada, atuante no ramo de automa\u00e7\u00e3o industrial com venda em todo o pa\u00eds, decidiu fazer a contrata\u00e7\u00e3o de um gestor financeiro e voc\u00ea j\u00e1 habilitado e com compet\u00eancias necess\u00e1rias \u00e0 fun\u00e7\u00e3o foi selecionado em um concorrido processo seletivo. Diante disso, seu primeiro desafio foi realizar um ajuste no fluxo de caixa, visto que os prazos de recebimento e pagamento n\u00e3o estavam alinhados.<\/p>\n<p>Assim, recordando das aulas do curso de Tecnologia em Gest\u00e3o Financeira voc\u00ea decide implementar um fluxo de caixa projetado, pois, a Proje\u00e7\u00e3o do Fluxo de Caixa proporciona ao gestor do caixa conhecer antecipadamente, com certo grau de precis\u00e3o, os valores de necessidades de recursos financeiros e\/ou disponibilidades ociosas, permitindo a\u00e7\u00f5es programadas de busca ou aplica\u00e7\u00e3o de recursos financeiros.<\/p>\n<p>\u00c9 tamb\u00e9m de grande utilidade para o acompanhamento dos recebimentos e pagamentos, possibilitando a\u00e7\u00f5es administrativas para corre\u00e7\u00f5es necess\u00e1rias no desenvolvimento do fluxo de caixa.<\/p>\n<p><strong>Segunda etapa:<\/strong> CONSIDERAR a situa\u00e7\u00e3o-problema e REALIZAR a atividade.<\/p>\n<p>A seguir, \u00e9 apresentada uma de Proje\u00e7\u00e3o do Fluxo de Caixa, montado para demonstrar as necessidades e\/ou sobras de dinheiro ao longo de um m\u00eas. Com as seguintes instru\u00e7\u00f5es a seguir:<\/p>\n<ol>\n<li>Perceba que a planilha possui duas colunas preenchidas (semana 1\u00aa e 2\u00aa semana, essas colunas foram deixadas como refer\u00eancia para voc\u00eas realizarem as colunas faltantes (semana 3\u00aa, semana 4\u00aa e a totaliza\u00e7\u00e3o).<\/li>\n<li>S\u00e3o apontadas as seguintes proje\u00e7\u00f5es de recebimento:\n<ul>\n<li>Segunda semana \u2013 <strong>(EXEMPLO)<\/strong> Recebimentos totais a prazo no valor de R$ 355.000,00 distribu\u00eddos da seguinte maneira: Cliente A representa 84,5% dos recebimentos; Cliente C representa D 4,3% do total de recebimento; Cliente E representa 8,4% do total de recebimento; e Cliente H representa2,8% do total de recebimentos. Recebimentos \u00e0 vista 10.000,00.\n<ul>\n<li><strong>Terceira semana<\/strong> \u2013 Recebimentos totais no valor de R$ 365.000,00 distribu\u00eddos da seguinte maneira: Cliente B representa 13,7% dos recebimentos; Cliente C representa 54,8% do total de recebimento; Cliente E representa 13,6% do total de recebimento; e Cliente G representa 13,6% do total de recebimentos. Recebimentos \u00e0 vista 10.000,00. Recebimentos \u00e0 vista 10.000,00.<\/li>\n<li><strong>Quarta semana<\/strong> \u2013 Recebimentos totais no valor de R$ 235.000,00 distribu\u00eddos da seguinte maneira: Cliente B representa 21,3% dos recebimentos; Cliente C representa 6,9% do total de recebimento; Cliente D representa 42% do total de recebimento; e Cliente H representa 29,8% do total de recebimentos. Recebimentos \u00e0 vista 10.000,00.<\/li>\n<\/ul>\n<ol start=\"3\">\n<li>S\u00e3o apontadas as seguintes proje\u00e7\u00f5es de pagamento:\n<ul>\n<li>Na terceira semana \u2013 Pagamentos de R$ 200.000,00 para o fornecedor A; Pagamentos de R$ 40.000,00 para o fornecedor E; Pagamentos de impostos no valor de R$ 20.000,00; Pagamento de Energia El\u00e9trica no valor de R$ 100,00; pagamentos com despesas comerciais no valor de R$ 3.000,00; Pagamento de equipamentos R$3.800,00.<\/li>\n<li>Na quarta semana \u2013 Pagamentos de R$ 200.000,00 para o fornecedor A; Pagamentos de R$ 30.000,00 para o fornecedor D; Pagamentos de impostos no valor de R$8.000,00; Pagamento de R$500,00 com gastos de combust\u00edveis; e pagamento de Despesas com manuten\u00e7\u00e3o no valor de R$200,00.<\/li>\n<\/ul>\n<\/li>\n<\/ol>\n<p>Ap\u00f3s preencher as informa\u00e7\u00f5es voc\u00ea dever\u00e1 apresentar as totaliza\u00e7\u00f5es do item 1 contas a receber e do item 2 contas a pagar. Na sequ\u00eancia deve-se realizar as seguintes totaliza\u00e7\u00f5es na planilha como segue:<\/p>\n<ul>\n<li><strong>Item 3 da planilha<\/strong> \u2013 Fluxo L\u00edquido da semana que \u00e9 obtido a partir da subtra\u00e7\u00e3o dos itens 1 Recebimentos e 2 pagamentos;<\/li>\n<li><strong>Item 4 da planilha<\/strong> \u2013 Saldo de caixa da semana anterior;<\/li>\n<li><strong>Item 5 da planilha<\/strong> \u2013 Saldo de Caixa da semana que \u00e9 obtido a partir da soma dos itens 3 Fluxo l\u00edquido da semana e 4 Saldo de caixa da semana anterior;<\/li>\n<li><strong>Item 6 da planilha<\/strong> \u2013 Saldo m\u00ednimo \u00e9 padr\u00e3o estabelecido pela diretoria financeira no valor de R$5.000,00.<\/li>\n<li><strong>Item 7 da planilha<\/strong> \u2013 Pagamentos de empr\u00e9stimos e Financiamentos, este item dever\u00e1 ser preenchido apenas se houver empr\u00e9stimos ou financiamentos a pagar, advindos de per\u00edodos anteriores.<\/li>\n<li><strong>Item 8 da planilha<\/strong> \u2013 Necessidade adicional de Caixa, este item est\u00e1 condicionado a necessidade de valores monet\u00e1rios para manter o saldo m\u00ednimo estabelecido, ou seja, a diferen\u00e7a entre o saldo de caixa da semana (item 5) e Saldo m\u00ednimo estabelecido (item 6).<\/li>\n<li><strong>Item 9 da planilha<\/strong> \u2013 Saldo Final da semana, refere-se a necessidade adicional de caixa (item 8), adicionado ao item Saldo de caixa da semana (item 5), subtraindo do pagamento de empr\u00e9stimos e financiamentos (item 7).<\/li>\n<\/ul>\n<ol start=\"4\">\n<li><strong>An\u00e1lises:<\/strong> (a) Apresente uma an\u00e1lise para as quatro semanas apresentadas no fluxo de caixa projetado. Em suas an\u00e1lises verifique se h\u00e1 falta ou excedente de caixa de acordo com o saldo m\u00ednimo estabelecido pela diretoria;<\/li>\n<\/ol>\n<\/li>\n<\/ul>\n<\/li>\n<\/ol>\n","protected":false},"excerpt":{"rendered":"<p>MAPA Imers\u00e3o Planejamento Financeiro 54\/2024 Chegou o momento de explorar de forma pr\u00e1tica os conte\u00fados aprendidos na disciplina de Imers\u00e3o<\/p>\n","protected":false},"featured_media":2326,"template":"","meta":{"_monsterinsights_skip_tracking":false,"_monsterinsights_sitenote_active":false,"_monsterinsights_sitenote_note":"","_monsterinsights_sitenote_category":0},"product_brand":[],"product_cat":[70],"product_tag":[],"class_list":{"0":"post-4919","1":"product","2":"type-product","3":"status-publish","4":"has-post-thumbnail","6":"product_cat-cst-em-gestao-financeira","8":"first","9":"instock","10":"featured","11":"downloadable","12":"virtual","13":"purchasable","14":"product-type-simple"},"yoast_head":"<!-- This site is optimized with the Yoast SEO plugin v27.4 - https:\/\/yoast.com\/product\/yoast-seo-wordpress\/ -->\n<title>MAPA Imers\u00e3o Planejamento Financeiro 54\/2024<\/title>\n<meta name=\"description\" content=\"Atividade MAPA Imers\u00e3o Planejamento Financeiro 54\/2024 &#8902; Unicesumar. Baixe agora mesmo um Mapa Pronto resolvido!\" \/>\n<meta name=\"robots\" content=\"index, follow, max-snippet:-1, max-image-preview:large, max-video-preview:-1\" \/>\n<link rel=\"canonical\" href=\"https:\/\/atividademapa.com\/?product=mapa-imersao-planejamento-financeiro-54-2024\" \/>\n<meta property=\"og:locale\" content=\"pt_BR\" \/>\n<meta property=\"og:type\" content=\"article\" \/>\n<meta property=\"og:title\" content=\"MAPA Imers\u00e3o Planejamento Financeiro 54\/2024\" \/>\n<meta property=\"og:description\" content=\"Atividade MAPA Imers\u00e3o Planejamento Financeiro 54\/2024 &#8902; Unicesumar. Baixe agora mesmo um Mapa Pronto resolvido!\" \/>\n<meta property=\"og:url\" content=\"https:\/\/atividademapa.com\/?product=mapa-imersao-planejamento-financeiro-54-2024\" \/>\n<meta property=\"og:site_name\" content=\"Atividade Mapa\" \/>\n<meta property=\"article:modified_time\" content=\"2024-10-30T02:01:53+00:00\" \/>\n<meta property=\"og:image\" content=\"https:\/\/i0.wp.com\/atividademapa.com\/wp-content\/uploads\/2023\/03\/Atividade-M.A.P.A-3.png?fit=300%2C300&ssl=1\" \/>\n\t<meta property=\"og:image:width\" content=\"300\" \/>\n\t<meta property=\"og:image:height\" content=\"300\" \/>\n\t<meta property=\"og:image:type\" content=\"image\/png\" \/>\n<meta name=\"twitter:card\" content=\"summary_large_image\" \/>\n<meta name=\"twitter:label1\" content=\"Est. tempo de leitura\" \/>\n\t<meta name=\"twitter:data1\" content=\"4 minutos\" \/>\n<script type=\"application\/ld+json\" class=\"yoast-schema-graph\">{\"@context\":\"https:\\\/\\\/schema.org\",\"@graph\":[{\"@type\":\"WebPage\",\"@id\":\"https:\\\/\\\/atividademapa.com\\\/?product=mapa-imersao-planejamento-financeiro-54-2024\",\"url\":\"https:\\\/\\\/atividademapa.com\\\/?product=mapa-imersao-planejamento-financeiro-54-2024\",\"name\":\"MAPA Imers\u00e3o Planejamento Financeiro 54\\\/2024\",\"isPartOf\":{\"@id\":\"https:\\\/\\\/atividademapa.com\\\/#website\"},\"primaryImageOfPage\":{\"@id\":\"https:\\\/\\\/atividademapa.com\\\/?product=mapa-imersao-planejamento-financeiro-54-2024#primaryimage\"},\"image\":{\"@id\":\"https:\\\/\\\/atividademapa.com\\\/?product=mapa-imersao-planejamento-financeiro-54-2024#primaryimage\"},\"thumbnailUrl\":\"https:\\\/\\\/i0.wp.com\\\/atividademapa.com\\\/wp-content\\\/uploads\\\/2023\\\/03\\\/Atividade-M.A.P.A-3.png?fit=300%2C300&ssl=1\",\"datePublished\":\"2024-10-30T02:01:32+00:00\",\"dateModified\":\"2024-10-30T02:01:53+00:00\",\"description\":\"Atividade MAPA Imers\u00e3o Planejamento Financeiro 54\\\/2024 &#8902; Unicesumar. Baixe agora mesmo um Mapa Pronto resolvido!\",\"breadcrumb\":{\"@id\":\"https:\\\/\\\/atividademapa.com\\\/?product=mapa-imersao-planejamento-financeiro-54-2024#breadcrumb\"},\"inLanguage\":\"pt-BR\",\"potentialAction\":[{\"@type\":\"ReadAction\",\"target\":[\"https:\\\/\\\/atividademapa.com\\\/?product=mapa-imersao-planejamento-financeiro-54-2024\"]}]},{\"@type\":\"ImageObject\",\"inLanguage\":\"pt-BR\",\"@id\":\"https:\\\/\\\/atividademapa.com\\\/?product=mapa-imersao-planejamento-financeiro-54-2024#primaryimage\",\"url\":\"https:\\\/\\\/i0.wp.com\\\/atividademapa.com\\\/wp-content\\\/uploads\\\/2023\\\/03\\\/Atividade-M.A.P.A-3.png?fit=300%2C300&ssl=1\",\"contentUrl\":\"https:\\\/\\\/i0.wp.com\\\/atividademapa.com\\\/wp-content\\\/uploads\\\/2023\\\/03\\\/Atividade-M.A.P.A-3.png?fit=300%2C300&ssl=1\",\"width\":300,\"height\":300,\"caption\":\"Mapa Unicesumar Atividade\"},{\"@type\":\"BreadcrumbList\",\"@id\":\"https:\\\/\\\/atividademapa.com\\\/?product=mapa-imersao-planejamento-financeiro-54-2024#breadcrumb\",\"itemListElement\":[{\"@type\":\"ListItem\",\"position\":1,\"name\":\"In\u00edcio\",\"item\":\"https:\\\/\\\/atividademapa.com\\\/\"},{\"@type\":\"ListItem\",\"position\":2,\"name\":\"MAPAS\",\"item\":\"https:\\\/\\\/atividademapa.com\\\/?page_id=5\"},{\"@type\":\"ListItem\",\"position\":3,\"name\":\"MAPA Imers\u00e3o Planejamento Financeiro 54\\\/2024\"}]},{\"@type\":\"WebSite\",\"@id\":\"https:\\\/\\\/atividademapa.com\\\/#website\",\"url\":\"https:\\\/\\\/atividademapa.com\\\/\",\"name\":\"Atividade Mapa\",\"description\":\"StudeO | Unicesumar\",\"publisher\":{\"@id\":\"https:\\\/\\\/atividademapa.com\\\/#organization\"},\"potentialAction\":[{\"@type\":\"SearchAction\",\"target\":{\"@type\":\"EntryPoint\",\"urlTemplate\":\"https:\\\/\\\/atividademapa.com\\\/?s={search_term_string}\"},\"query-input\":{\"@type\":\"PropertyValueSpecification\",\"valueRequired\":true,\"valueName\":\"search_term_string\"}}],\"inLanguage\":\"pt-BR\"},{\"@type\":\"Organization\",\"@id\":\"https:\\\/\\\/atividademapa.com\\\/#organization\",\"name\":\"Atividade MAPA\",\"url\":\"https:\\\/\\\/atividademapa.com\\\/\",\"logo\":{\"@type\":\"ImageObject\",\"inLanguage\":\"pt-BR\",\"@id\":\"https:\\\/\\\/atividademapa.com\\\/#\\\/schema\\\/logo\\\/image\\\/\",\"url\":\"https:\\\/\\\/i0.wp.com\\\/atividademapa.com\\\/wp-content\\\/uploads\\\/2023\\\/02\\\/ATIVIDADE.png?fit=600%2C300&ssl=1\",\"contentUrl\":\"https:\\\/\\\/i0.wp.com\\\/atividademapa.com\\\/wp-content\\\/uploads\\\/2023\\\/02\\\/ATIVIDADE.png?fit=600%2C300&ssl=1\",\"width\":600,\"height\":300,\"caption\":\"Atividade MAPA\"},\"image\":{\"@id\":\"https:\\\/\\\/atividademapa.com\\\/#\\\/schema\\\/logo\\\/image\\\/\"}}]}<\/script>\n<!-- \/ Yoast SEO plugin. -->","yoast_head_json":{"title":"MAPA Imers\u00e3o Planejamento Financeiro 54\/2024","description":"Atividade MAPA Imers\u00e3o Planejamento Financeiro 54\/2024 &#8902; Unicesumar. Baixe agora mesmo um Mapa Pronto resolvido!","robots":{"index":"index","follow":"follow","max-snippet":"max-snippet:-1","max-image-preview":"max-image-preview:large","max-video-preview":"max-video-preview:-1"},"canonical":"https:\/\/atividademapa.com\/?product=mapa-imersao-planejamento-financeiro-54-2024","og_locale":"pt_BR","og_type":"article","og_title":"MAPA Imers\u00e3o Planejamento Financeiro 54\/2024","og_description":"Atividade MAPA Imers\u00e3o Planejamento Financeiro 54\/2024 &#8902; Unicesumar. Baixe agora mesmo um Mapa Pronto resolvido!","og_url":"https:\/\/atividademapa.com\/?product=mapa-imersao-planejamento-financeiro-54-2024","og_site_name":"Atividade Mapa","article_modified_time":"2024-10-30T02:01:53+00:00","og_image":[{"width":300,"height":300,"url":"https:\/\/i0.wp.com\/atividademapa.com\/wp-content\/uploads\/2023\/03\/Atividade-M.A.P.A-3.png?fit=300%2C300&ssl=1","type":"image\/png"}],"twitter_card":"summary_large_image","twitter_misc":{"Est. tempo de leitura":"4 minutos"},"schema":{"@context":"https:\/\/schema.org","@graph":[{"@type":"WebPage","@id":"https:\/\/atividademapa.com\/?product=mapa-imersao-planejamento-financeiro-54-2024","url":"https:\/\/atividademapa.com\/?product=mapa-imersao-planejamento-financeiro-54-2024","name":"MAPA Imers\u00e3o Planejamento Financeiro 54\/2024","isPartOf":{"@id":"https:\/\/atividademapa.com\/#website"},"primaryImageOfPage":{"@id":"https:\/\/atividademapa.com\/?product=mapa-imersao-planejamento-financeiro-54-2024#primaryimage"},"image":{"@id":"https:\/\/atividademapa.com\/?product=mapa-imersao-planejamento-financeiro-54-2024#primaryimage"},"thumbnailUrl":"https:\/\/i0.wp.com\/atividademapa.com\/wp-content\/uploads\/2023\/03\/Atividade-M.A.P.A-3.png?fit=300%2C300&ssl=1","datePublished":"2024-10-30T02:01:32+00:00","dateModified":"2024-10-30T02:01:53+00:00","description":"Atividade MAPA Imers\u00e3o Planejamento Financeiro 54\/2024 &#8902; Unicesumar. Baixe agora mesmo um Mapa Pronto resolvido!","breadcrumb":{"@id":"https:\/\/atividademapa.com\/?product=mapa-imersao-planejamento-financeiro-54-2024#breadcrumb"},"inLanguage":"pt-BR","potentialAction":[{"@type":"ReadAction","target":["https:\/\/atividademapa.com\/?product=mapa-imersao-planejamento-financeiro-54-2024"]}]},{"@type":"ImageObject","inLanguage":"pt-BR","@id":"https:\/\/atividademapa.com\/?product=mapa-imersao-planejamento-financeiro-54-2024#primaryimage","url":"https:\/\/i0.wp.com\/atividademapa.com\/wp-content\/uploads\/2023\/03\/Atividade-M.A.P.A-3.png?fit=300%2C300&ssl=1","contentUrl":"https:\/\/i0.wp.com\/atividademapa.com\/wp-content\/uploads\/2023\/03\/Atividade-M.A.P.A-3.png?fit=300%2C300&ssl=1","width":300,"height":300,"caption":"Mapa Unicesumar Atividade"},{"@type":"BreadcrumbList","@id":"https:\/\/atividademapa.com\/?product=mapa-imersao-planejamento-financeiro-54-2024#breadcrumb","itemListElement":[{"@type":"ListItem","position":1,"name":"In\u00edcio","item":"https:\/\/atividademapa.com\/"},{"@type":"ListItem","position":2,"name":"MAPAS","item":"https:\/\/atividademapa.com\/?page_id=5"},{"@type":"ListItem","position":3,"name":"MAPA Imers\u00e3o Planejamento Financeiro 54\/2024"}]},{"@type":"WebSite","@id":"https:\/\/atividademapa.com\/#website","url":"https:\/\/atividademapa.com\/","name":"Atividade Mapa","description":"StudeO | Unicesumar","publisher":{"@id":"https:\/\/atividademapa.com\/#organization"},"potentialAction":[{"@type":"SearchAction","target":{"@type":"EntryPoint","urlTemplate":"https:\/\/atividademapa.com\/?s={search_term_string}"},"query-input":{"@type":"PropertyValueSpecification","valueRequired":true,"valueName":"search_term_string"}}],"inLanguage":"pt-BR"},{"@type":"Organization","@id":"https:\/\/atividademapa.com\/#organization","name":"Atividade MAPA","url":"https:\/\/atividademapa.com\/","logo":{"@type":"ImageObject","inLanguage":"pt-BR","@id":"https:\/\/atividademapa.com\/#\/schema\/logo\/image\/","url":"https:\/\/i0.wp.com\/atividademapa.com\/wp-content\/uploads\/2023\/02\/ATIVIDADE.png?fit=600%2C300&ssl=1","contentUrl":"https:\/\/i0.wp.com\/atividademapa.com\/wp-content\/uploads\/2023\/02\/ATIVIDADE.png?fit=600%2C300&ssl=1","width":600,"height":300,"caption":"Atividade MAPA"},"image":{"@id":"https:\/\/atividademapa.com\/#\/schema\/logo\/image\/"}}]}},"_links":{"self":[{"href":"https:\/\/atividademapa.com\/index.php?rest_route=\/wp\/v2\/product\/4919","targetHints":{"allow":["GET"]}}],"collection":[{"href":"https:\/\/atividademapa.com\/index.php?rest_route=\/wp\/v2\/product"}],"about":[{"href":"https:\/\/atividademapa.com\/index.php?rest_route=\/wp\/v2\/types\/product"}],"version-history":[{"count":1,"href":"https:\/\/atividademapa.com\/index.php?rest_route=\/wp\/v2\/product\/4919\/revisions"}],"predecessor-version":[{"id":4921,"href":"https:\/\/atividademapa.com\/index.php?rest_route=\/wp\/v2\/product\/4919\/revisions\/4921"}],"wp:featuredmedia":[{"embeddable":true,"href":"https:\/\/atividademapa.com\/index.php?rest_route=\/wp\/v2\/media\/2326"}],"wp:attachment":[{"href":"https:\/\/atividademapa.com\/index.php?rest_route=%2Fwp%2Fv2%2Fmedia&parent=4919"}],"wp:term":[{"taxonomy":"product_brand","embeddable":true,"href":"https:\/\/atividademapa.com\/index.php?rest_route=%2Fwp%2Fv2%2Fproduct_brand&post=4919"},{"taxonomy":"product_cat","embeddable":true,"href":"https:\/\/atividademapa.com\/index.php?rest_route=%2Fwp%2Fv2%2Fproduct_cat&post=4919"},{"taxonomy":"product_tag","embeddable":true,"href":"https:\/\/atividademapa.com\/index.php?rest_route=%2Fwp%2Fv2%2Fproduct_tag&post=4919"}],"curies":[{"name":"wp","href":"https:\/\/api.w.org\/{rel}","templated":true}]}}