{"id":4924,"date":"2024-11-03T13:01:12","date_gmt":"2024-11-03T16:01:12","guid":{"rendered":"https:\/\/atividademapa.com\/?post_type=product&#038;p=4924"},"modified":"2024-11-03T13:01:13","modified_gmt":"2024-11-03T16:01:13","slug":"mapa-teoria-da-contabilidade-e-etica-profissional-54-2024","status":"publish","type":"product","link":"https:\/\/atividademapa.com\/?product=mapa-teoria-da-contabilidade-e-etica-profissional-54-2024","title":{"rendered":"MAPA &#8211; Teoria da Contabilidade e \u00c9tica Profissional &#8211; 54\/2024"},"content":{"rendered":"<p>MAPA &#8211; Teoria da Contabilidade e \u00c9tica Profissional &#8211; 54\/2024<\/p>\n<p>Ol\u00e1, acad\u00eamico(a) de ci\u00eancias cont\u00e1beis. A atividade proposta corresponde ao M.A.P.A., Material de Avalia\u00e7\u00e3o Pr\u00e1tica da Aprendizagem. O objetivo desta atividade \u00e9 que voc\u00ea se sinta imersivo em rela\u00e7\u00e3o as diversas situa\u00e7\u00f5es que acontecem na vida profissional do contator, e verificar como o C\u00f3digo de \u00c9tica do Profissional do Contador pode tratar essas infra\u00e7\u00f5es.<\/p>\n<p>Estudo de Caso:<br \/>\nA empresa &#8220;Conecta Tecnologia&#8221; contratou o contador Alessandro para realizar a auditoria das Demonstra\u00e7\u00f5es Financeiras anuais referente ao ano de 20X1. Durante o processo de auditoria, Alessandro percebe que h\u00e1 uma s\u00e9rie de inconsist\u00eancias nas notas explicativas e nos registros cont\u00e1beis. Ele encontra evid\u00eancias de que a empresa n\u00e3o registrou corretamente algumas despesas operacionais, inflando artificialmente os lucros para atrair novos investidores.<\/p>\n<p>O diretor financeiro da Conecta Tecnologia, ciente da descoberta de Alessandro, oferece-lhe um valor substancial para que ele n\u00e3o relate essas irregularidades no relat\u00f3rio final de auditoria. Alessandro, sentindo-se pressionado pela oferta financeira, pela possibilidade de perder o cliente e pela press\u00e3o do diretor, decide n\u00e3o informar as irregularidades em seu relat\u00f3rio final.<\/p>\n<p>Elaborado pela professora, 2024.<\/p>\n<p>Com base no \u201cEstudo de Caso\u201d apresentado acima e utilizando o NBC PG 01 \u2013 C\u00f3digo de \u00c9tica Profissional do Contador (CEPC), responda as quest\u00f5es abaixo:<\/p>\n<p>a) Considerando o disposto na NBC PG 01 \u2013 C\u00f3digo de \u00c9tica Profissional do Contador, \u00e9 correto afirmar que Alessandro agiu corretamente ao decidir n\u00e3o informar as irregularidades da empresa em seu relat\u00f3rio em fun\u00e7\u00e3o de receber dinheiro por isso? Justifique sua resposta (utilizando o CEPC) citando 3 viola\u00e7\u00f5es cometidas por Alessandro.<\/p>\n<p>b) Considerando o disposto na NBC PG 01 \u2013 C\u00f3digo de \u00c9tica Profissional do Contador, \u00e9 correto afirmar que Alessandro poderia ter notificado a empresa no momento que descobriu as irregularidades e pedido para refazer todo o processo de forma correta? Justifique sua resposta (utilizando o CEPC) indicando 1 medida correta que Alessandro deveria ter tomado ao descobrir as inconsist\u00eancias nos registros cont\u00e1beis da Conecta Tecnologia.<\/p>\n<p>c) De acordo com a NBC PG 100(R1), cite 2 (dois) princ\u00edpios fundamentais que foram violados por Alessandro, na situa\u00e7\u00e3o descrita\u200b<\/p>\n","protected":false},"excerpt":{"rendered":"<p>MAPA &#8211; Teoria da Contabilidade e \u00c9tica Profissional &#8211; 54\/2024 Ol\u00e1, acad\u00eamico(a) de ci\u00eancias cont\u00e1beis. A atividade proposta corresponde ao<\/p>\n","protected":false},"featured_media":2326,"template":"","meta":{"_monsterinsights_skip_tracking":false,"_monsterinsights_sitenote_active":false,"_monsterinsights_sitenote_note":"","_monsterinsights_sitenote_category":0},"product_brand":[],"product_cat":[46],"product_tag":[],"class_list":{"0":"post-4924","1":"product","2":"type-product","3":"status-publish","4":"has-post-thumbnail","6":"product_cat-ciencias-contabeis","8":"first","9":"instock","10":"downloadable","11":"virtual","12":"purchasable","13":"product-type-simple"},"yoast_head":"<!-- This site is optimized with the Yoast SEO plugin v27.4 - https:\/\/yoast.com\/product\/yoast-seo-wordpress\/ -->\n<title>MAPA - Teoria da Contabilidade e \u00c9tica Profissional - 54\/2024<\/title>\n<meta name=\"description\" content=\"Atividade MAPA - Teoria da Contabilidade e \u00c9tica Profissional - 54\/2024 &#8902; Unicesumar. Baixe agora mesmo um Mapa Pronto resolvido!\" \/>\n<meta name=\"robots\" content=\"index, follow, max-snippet:-1, max-image-preview:large, max-video-preview:-1\" \/>\n<link rel=\"canonical\" href=\"https:\/\/atividademapa.com\/?product=mapa-teoria-da-contabilidade-e-etica-profissional-54-2024\" \/>\n<meta property=\"og:locale\" content=\"pt_BR\" \/>\n<meta property=\"og:type\" content=\"article\" \/>\n<meta property=\"og:title\" content=\"MAPA - Teoria da Contabilidade e \u00c9tica Profissional - 54\/2024\" \/>\n<meta property=\"og:description\" content=\"Atividade MAPA - Teoria da Contabilidade e \u00c9tica Profissional - 54\/2024 &#8902; Unicesumar. Baixe agora mesmo um Mapa Pronto resolvido!\" \/>\n<meta property=\"og:url\" content=\"https:\/\/atividademapa.com\/?product=mapa-teoria-da-contabilidade-e-etica-profissional-54-2024\" \/>\n<meta property=\"og:site_name\" content=\"Atividade Mapa\" \/>\n<meta property=\"article:modified_time\" content=\"2024-11-03T16:01:13+00:00\" \/>\n<meta property=\"og:image\" content=\"https:\/\/i0.wp.com\/atividademapa.com\/wp-content\/uploads\/2023\/03\/Atividade-M.A.P.A-3.png?fit=300%2C300&ssl=1\" \/>\n\t<meta property=\"og:image:width\" content=\"300\" \/>\n\t<meta property=\"og:image:height\" content=\"300\" \/>\n\t<meta property=\"og:image:type\" content=\"image\/png\" \/>\n<meta name=\"twitter:card\" content=\"summary_large_image\" \/>\n<meta name=\"twitter:label1\" content=\"Est. tempo de leitura\" \/>\n\t<meta name=\"twitter:data1\" content=\"2 minutos\" \/>\n<script type=\"application\/ld+json\" class=\"yoast-schema-graph\">{\"@context\":\"https:\\\/\\\/schema.org\",\"@graph\":[{\"@type\":\"WebPage\",\"@id\":\"https:\\\/\\\/atividademapa.com\\\/?product=mapa-teoria-da-contabilidade-e-etica-profissional-54-2024\",\"url\":\"https:\\\/\\\/atividademapa.com\\\/?product=mapa-teoria-da-contabilidade-e-etica-profissional-54-2024\",\"name\":\"MAPA - Teoria da Contabilidade e \u00c9tica Profissional - 54\\\/2024\",\"isPartOf\":{\"@id\":\"https:\\\/\\\/atividademapa.com\\\/#website\"},\"primaryImageOfPage\":{\"@id\":\"https:\\\/\\\/atividademapa.com\\\/?product=mapa-teoria-da-contabilidade-e-etica-profissional-54-2024#primaryimage\"},\"image\":{\"@id\":\"https:\\\/\\\/atividademapa.com\\\/?product=mapa-teoria-da-contabilidade-e-etica-profissional-54-2024#primaryimage\"},\"thumbnailUrl\":\"https:\\\/\\\/i0.wp.com\\\/atividademapa.com\\\/wp-content\\\/uploads\\\/2023\\\/03\\\/Atividade-M.A.P.A-3.png?fit=300%2C300&ssl=1\",\"datePublished\":\"2024-11-03T16:01:12+00:00\",\"dateModified\":\"2024-11-03T16:01:13+00:00\",\"description\":\"Atividade MAPA - Teoria da Contabilidade e \u00c9tica Profissional - 54\\\/2024 &#8902; Unicesumar. Baixe agora mesmo um Mapa Pronto resolvido!\",\"breadcrumb\":{\"@id\":\"https:\\\/\\\/atividademapa.com\\\/?product=mapa-teoria-da-contabilidade-e-etica-profissional-54-2024#breadcrumb\"},\"inLanguage\":\"pt-BR\",\"potentialAction\":[{\"@type\":\"ReadAction\",\"target\":[\"https:\\\/\\\/atividademapa.com\\\/?product=mapa-teoria-da-contabilidade-e-etica-profissional-54-2024\"]}]},{\"@type\":\"ImageObject\",\"inLanguage\":\"pt-BR\",\"@id\":\"https:\\\/\\\/atividademapa.com\\\/?product=mapa-teoria-da-contabilidade-e-etica-profissional-54-2024#primaryimage\",\"url\":\"https:\\\/\\\/i0.wp.com\\\/atividademapa.com\\\/wp-content\\\/uploads\\\/2023\\\/03\\\/Atividade-M.A.P.A-3.png?fit=300%2C300&ssl=1\",\"contentUrl\":\"https:\\\/\\\/i0.wp.com\\\/atividademapa.com\\\/wp-content\\\/uploads\\\/2023\\\/03\\\/Atividade-M.A.P.A-3.png?fit=300%2C300&ssl=1\",\"width\":300,\"height\":300,\"caption\":\"Mapa Unicesumar Atividade\"},{\"@type\":\"BreadcrumbList\",\"@id\":\"https:\\\/\\\/atividademapa.com\\\/?product=mapa-teoria-da-contabilidade-e-etica-profissional-54-2024#breadcrumb\",\"itemListElement\":[{\"@type\":\"ListItem\",\"position\":1,\"name\":\"In\u00edcio\",\"item\":\"https:\\\/\\\/atividademapa.com\\\/\"},{\"@type\":\"ListItem\",\"position\":2,\"name\":\"MAPAS\",\"item\":\"https:\\\/\\\/atividademapa.com\\\/?page_id=5\"},{\"@type\":\"ListItem\",\"position\":3,\"name\":\"MAPA &#8211; Teoria da Contabilidade e \u00c9tica Profissional &#8211; 54\\\/2024\"}]},{\"@type\":\"WebSite\",\"@id\":\"https:\\\/\\\/atividademapa.com\\\/#website\",\"url\":\"https:\\\/\\\/atividademapa.com\\\/\",\"name\":\"Atividade Mapa\",\"description\":\"StudeO | Unicesumar\",\"publisher\":{\"@id\":\"https:\\\/\\\/atividademapa.com\\\/#organization\"},\"potentialAction\":[{\"@type\":\"SearchAction\",\"target\":{\"@type\":\"EntryPoint\",\"urlTemplate\":\"https:\\\/\\\/atividademapa.com\\\/?s={search_term_string}\"},\"query-input\":{\"@type\":\"PropertyValueSpecification\",\"valueRequired\":true,\"valueName\":\"search_term_string\"}}],\"inLanguage\":\"pt-BR\"},{\"@type\":\"Organization\",\"@id\":\"https:\\\/\\\/atividademapa.com\\\/#organization\",\"name\":\"Atividade MAPA\",\"url\":\"https:\\\/\\\/atividademapa.com\\\/\",\"logo\":{\"@type\":\"ImageObject\",\"inLanguage\":\"pt-BR\",\"@id\":\"https:\\\/\\\/atividademapa.com\\\/#\\\/schema\\\/logo\\\/image\\\/\",\"url\":\"https:\\\/\\\/i0.wp.com\\\/atividademapa.com\\\/wp-content\\\/uploads\\\/2023\\\/02\\\/ATIVIDADE.png?fit=600%2C300&ssl=1\",\"contentUrl\":\"https:\\\/\\\/i0.wp.com\\\/atividademapa.com\\\/wp-content\\\/uploads\\\/2023\\\/02\\\/ATIVIDADE.png?fit=600%2C300&ssl=1\",\"width\":600,\"height\":300,\"caption\":\"Atividade MAPA\"},\"image\":{\"@id\":\"https:\\\/\\\/atividademapa.com\\\/#\\\/schema\\\/logo\\\/image\\\/\"}}]}<\/script>\n<!-- \/ Yoast SEO plugin. -->","yoast_head_json":{"title":"MAPA - Teoria da Contabilidade e \u00c9tica Profissional - 54\/2024","description":"Atividade MAPA - Teoria da Contabilidade e \u00c9tica Profissional - 54\/2024 &#8902; Unicesumar. Baixe agora mesmo um Mapa Pronto resolvido!","robots":{"index":"index","follow":"follow","max-snippet":"max-snippet:-1","max-image-preview":"max-image-preview:large","max-video-preview":"max-video-preview:-1"},"canonical":"https:\/\/atividademapa.com\/?product=mapa-teoria-da-contabilidade-e-etica-profissional-54-2024","og_locale":"pt_BR","og_type":"article","og_title":"MAPA - Teoria da Contabilidade e \u00c9tica Profissional - 54\/2024","og_description":"Atividade MAPA - Teoria da Contabilidade e \u00c9tica Profissional - 54\/2024 &#8902; Unicesumar. Baixe agora mesmo um Mapa Pronto resolvido!","og_url":"https:\/\/atividademapa.com\/?product=mapa-teoria-da-contabilidade-e-etica-profissional-54-2024","og_site_name":"Atividade Mapa","article_modified_time":"2024-11-03T16:01:13+00:00","og_image":[{"width":300,"height":300,"url":"https:\/\/i0.wp.com\/atividademapa.com\/wp-content\/uploads\/2023\/03\/Atividade-M.A.P.A-3.png?fit=300%2C300&ssl=1","type":"image\/png"}],"twitter_card":"summary_large_image","twitter_misc":{"Est. tempo de leitura":"2 minutos"},"schema":{"@context":"https:\/\/schema.org","@graph":[{"@type":"WebPage","@id":"https:\/\/atividademapa.com\/?product=mapa-teoria-da-contabilidade-e-etica-profissional-54-2024","url":"https:\/\/atividademapa.com\/?product=mapa-teoria-da-contabilidade-e-etica-profissional-54-2024","name":"MAPA - Teoria da Contabilidade e \u00c9tica Profissional - 54\/2024","isPartOf":{"@id":"https:\/\/atividademapa.com\/#website"},"primaryImageOfPage":{"@id":"https:\/\/atividademapa.com\/?product=mapa-teoria-da-contabilidade-e-etica-profissional-54-2024#primaryimage"},"image":{"@id":"https:\/\/atividademapa.com\/?product=mapa-teoria-da-contabilidade-e-etica-profissional-54-2024#primaryimage"},"thumbnailUrl":"https:\/\/i0.wp.com\/atividademapa.com\/wp-content\/uploads\/2023\/03\/Atividade-M.A.P.A-3.png?fit=300%2C300&ssl=1","datePublished":"2024-11-03T16:01:12+00:00","dateModified":"2024-11-03T16:01:13+00:00","description":"Atividade MAPA - Teoria da Contabilidade e \u00c9tica Profissional - 54\/2024 &#8902; Unicesumar. Baixe agora mesmo um Mapa Pronto resolvido!","breadcrumb":{"@id":"https:\/\/atividademapa.com\/?product=mapa-teoria-da-contabilidade-e-etica-profissional-54-2024#breadcrumb"},"inLanguage":"pt-BR","potentialAction":[{"@type":"ReadAction","target":["https:\/\/atividademapa.com\/?product=mapa-teoria-da-contabilidade-e-etica-profissional-54-2024"]}]},{"@type":"ImageObject","inLanguage":"pt-BR","@id":"https:\/\/atividademapa.com\/?product=mapa-teoria-da-contabilidade-e-etica-profissional-54-2024#primaryimage","url":"https:\/\/i0.wp.com\/atividademapa.com\/wp-content\/uploads\/2023\/03\/Atividade-M.A.P.A-3.png?fit=300%2C300&ssl=1","contentUrl":"https:\/\/i0.wp.com\/atividademapa.com\/wp-content\/uploads\/2023\/03\/Atividade-M.A.P.A-3.png?fit=300%2C300&ssl=1","width":300,"height":300,"caption":"Mapa Unicesumar Atividade"},{"@type":"BreadcrumbList","@id":"https:\/\/atividademapa.com\/?product=mapa-teoria-da-contabilidade-e-etica-profissional-54-2024#breadcrumb","itemListElement":[{"@type":"ListItem","position":1,"name":"In\u00edcio","item":"https:\/\/atividademapa.com\/"},{"@type":"ListItem","position":2,"name":"MAPAS","item":"https:\/\/atividademapa.com\/?page_id=5"},{"@type":"ListItem","position":3,"name":"MAPA &#8211; Teoria da Contabilidade e \u00c9tica Profissional &#8211; 54\/2024"}]},{"@type":"WebSite","@id":"https:\/\/atividademapa.com\/#website","url":"https:\/\/atividademapa.com\/","name":"Atividade Mapa","description":"StudeO | Unicesumar","publisher":{"@id":"https:\/\/atividademapa.com\/#organization"},"potentialAction":[{"@type":"SearchAction","target":{"@type":"EntryPoint","urlTemplate":"https:\/\/atividademapa.com\/?s={search_term_string}"},"query-input":{"@type":"PropertyValueSpecification","valueRequired":true,"valueName":"search_term_string"}}],"inLanguage":"pt-BR"},{"@type":"Organization","@id":"https:\/\/atividademapa.com\/#organization","name":"Atividade MAPA","url":"https:\/\/atividademapa.com\/","logo":{"@type":"ImageObject","inLanguage":"pt-BR","@id":"https:\/\/atividademapa.com\/#\/schema\/logo\/image\/","url":"https:\/\/i0.wp.com\/atividademapa.com\/wp-content\/uploads\/2023\/02\/ATIVIDADE.png?fit=600%2C300&ssl=1","contentUrl":"https:\/\/i0.wp.com\/atividademapa.com\/wp-content\/uploads\/2023\/02\/ATIVIDADE.png?fit=600%2C300&ssl=1","width":600,"height":300,"caption":"Atividade MAPA"},"image":{"@id":"https:\/\/atividademapa.com\/#\/schema\/logo\/image\/"}}]}},"_links":{"self":[{"href":"https:\/\/atividademapa.com\/index.php?rest_route=\/wp\/v2\/product\/4924","targetHints":{"allow":["GET"]}}],"collection":[{"href":"https:\/\/atividademapa.com\/index.php?rest_route=\/wp\/v2\/product"}],"about":[{"href":"https:\/\/atividademapa.com\/index.php?rest_route=\/wp\/v2\/types\/product"}],"version-history":[{"count":1,"href":"https:\/\/atividademapa.com\/index.php?rest_route=\/wp\/v2\/product\/4924\/revisions"}],"predecessor-version":[{"id":4926,"href":"https:\/\/atividademapa.com\/index.php?rest_route=\/wp\/v2\/product\/4924\/revisions\/4926"}],"wp:featuredmedia":[{"embeddable":true,"href":"https:\/\/atividademapa.com\/index.php?rest_route=\/wp\/v2\/media\/2326"}],"wp:attachment":[{"href":"https:\/\/atividademapa.com\/index.php?rest_route=%2Fwp%2Fv2%2Fmedia&parent=4924"}],"wp:term":[{"taxonomy":"product_brand","embeddable":true,"href":"https:\/\/atividademapa.com\/index.php?rest_route=%2Fwp%2Fv2%2Fproduct_brand&post=4924"},{"taxonomy":"product_cat","embeddable":true,"href":"https:\/\/atividademapa.com\/index.php?rest_route=%2Fwp%2Fv2%2Fproduct_cat&post=4924"},{"taxonomy":"product_tag","embeddable":true,"href":"https:\/\/atividademapa.com\/index.php?rest_route=%2Fwp%2Fv2%2Fproduct_tag&post=4924"}],"curies":[{"name":"wp","href":"https:\/\/api.w.org\/{rel}","templated":true}]}}