{"id":4932,"date":"2024-11-10T22:02:34","date_gmt":"2024-11-11T01:02:34","guid":{"rendered":"https:\/\/atividademapa.com\/?post_type=product&#038;p=4932"},"modified":"2024-11-11T18:23:55","modified_gmt":"2024-11-11T21:23:55","slug":"mapa-adm-contabilidade-empresarial-54_2024","status":"publish","type":"product","link":"https:\/\/atividademapa.com\/?product=mapa-adm-contabilidade-empresarial-54_2024","title":{"rendered":"Mapa &#8211; ADM &#8211; Contabilidade Empresarial &#8211; 54\/2024"},"content":{"rendered":"<p>MAPA &#8211; ADM &#8211; CONTABILIDADE EMPRESARIAL &#8211; 54_2024<\/p>\n<div class=\"ng-scope\">O objetivo da <span style=\"color: #333333;\"><a style=\"color: #333333;\" href=\"https:\/\/atividademapa.com\">Atividade MAPA<\/a><\/span> \u00e9 de poder proporcionar para voc\u00ea uma atividade diferenciada sobre a estrutura do relat\u00f3rio mais importante da contabilidade, o Balan\u00e7o Patrimonial.\u00a0Por meio deste exerc\u00edcio, ser\u00e1 poss\u00edvel que voc\u00ea compreenda como \u00e9 organizado esse demonstrativo que frequentemente \u00e9 utilizado e analisado pelos gestores no processo de tomada de decis\u00f5es no ambiente de neg\u00f3cios. Nosso intuito \u00e9 de que voc\u00ea possa compreender como ocorre essa classifica\u00e7\u00e3o de modo pr\u00e1tico.<br \/>\nEnt\u00e3o vamos l\u00e1?<\/div>\n<div><\/div>\n<div class=\"ng-scope\"><strong>ATIVIDADE PROPOSTA<\/strong>Voc\u00ea acaba de ser contratado (a) para trabalhar como gestor(a) no Com\u00e9rcio de Artigos para Escrit\u00f3rio Universo Ltda. J\u00e1 na primeira semana de ingresso na empresa voc\u00ea recebeu o desafio de auxiliar os diretores na classifica\u00e7\u00e3o e organiza\u00e7\u00e3o do patrim\u00f4nio dessa atividade de neg\u00f3cio. Supondo que j\u00e1 tenha em m\u00e3os o relat\u00f3rio cont\u00e1bil fornecendo os dados apresentados a seguir:<\/p>\n<p><img data-recalc-dims=\"1\" decoding=\"async\" src=\"https:\/\/i0.wp.com\/sistemasead.unicesumar.edu.br\/flex\/amfphp\/services\/Portal\/ImagemQuestionario2\/QUE_234588_613293_1.png?ssl=1\" alt=\"\" \/><br \/>\nQuadro 01 &#8211; Contas patrimoniais a serem classificadas e organizadas.<\/p>\n<\/div>\n<div class=\"ng-scope\">Obs: Lembre-se de que voc\u00ea pode utilizar o plano de contas apresentado no livro da disciplina.<\/div>\n<div class=\"ng-scope\">Fonte: Elaborada pela\u00a0professora, 2024.<\/div>\n<div class=\"ng-scope\">\n<p><strong>Agora \u00e9 com voc\u00ea!<\/strong><strong>Depois de analisar cuidadosamente todas as contas apresentadas no relat\u00f3rio, voc\u00ea ter\u00e1 a miss\u00e3o de responder aos seguintes questionamentos:<\/strong><\/p>\n<p><strong>1.\u00a0<\/strong>O relat\u00f3rio apresentou apenas contas patrimoniais, portanto voc\u00ea dever\u00e1 come\u00e7ar analisando cada conta e identificando se a mesma ser\u00e1 classificada como Ativo, Passivo ou PL.<\/p>\n<p><strong>2.<\/strong>\u00a0Agora voc\u00ea dever\u00e1 estruturar o Balan\u00e7o Patrimonial da empresa considerando corretamente cada conta em seu respectivo grupo.<\/p>\n<p><strong>3.\u00a0<\/strong>E para finalizar essa importante tarefa, voc\u00ea dever\u00e1 calcular e apresentar qual \u00e9 o valor total do capital de terceiros e do capital pr\u00f3prio\u00a0do Com\u00e9rcio de <span style=\"color: #333333;\"><a style=\"color: #333333;\" href=\"https:\/\/www.kalunga.com.br\/depto\/escritorio\/26\">Artigos para Escrit\u00f3rio<\/a><\/span> Universo Ltda.<\/p>\n<p>Mapa Contabilidade Empresarial<\/p>\n<p><strong><u>Dicas importantes dos professores<\/u><\/strong><\/p>\n<p>1. Assista ao v\u00eddeo explicativo gravado pela professora. Link dispon\u00edvel no \u00edcone \u201cMaterial da Disciplina\u201d.<br \/>\n2. A entrega da atividade MAPA deve ser feita\u00a0<strong>exclusivamente\u00a0<\/strong>por meio do\u00a0<strong>Formul\u00e1rio Padr\u00e3o<\/strong>, arquivo em Word dispon\u00edvel para download no ambiente da disciplina em &#8220;Material da Disciplina&#8221;.<br \/>\n3. Certifique-se de que esteja encaminhando o arquivo correto no seu Studeo antes de finalizar, pois n\u00e3o haver\u00e1 como editar e\/ou enviar outro arquivo ap\u00f3s a finaliza\u00e7\u00e3o.<br \/>\n4. A atividade ser\u00e1 aceita somente pelo Studeo, atividades fora do prazo n\u00e3o ser\u00e3o aceitas! E arquivos em branco, corrompido ou incorreto n\u00e3o ser\u00e1 atribu\u00eddo nota.<br \/>\n5. Em caso de d\u00favidas, entre em contato com o seu professor(a) mediador(a) pelo Studeo no Fale com o Mediador.<\/p>\n<p>Bons estudos!<\/p>\n<\/div>\n","protected":false},"excerpt":{"rendered":"<p>MAPA &#8211; ADM &#8211; CONTABILIDADE EMPRESARIAL &#8211; 54_2024 O objetivo da Atividade MAPA \u00e9 de poder proporcionar para voc\u00ea uma<\/p>\n","protected":false},"featured_media":2326,"template":"","meta":{"_monsterinsights_skip_tracking":false,"_monsterinsights_sitenote_active":false,"_monsterinsights_sitenote_note":"","_monsterinsights_sitenote_category":0},"product_brand":[],"product_cat":[22],"product_tag":[],"class_list":{"0":"post-4932","1":"product","2":"type-product","3":"status-publish","4":"has-post-thumbnail","6":"product_cat-administracao","8":"first","9":"instock","10":"featured","11":"downloadable","12":"virtual","13":"purchasable","14":"product-type-simple"},"yoast_head":"<!-- This site is optimized with the Yoast SEO plugin v27.4 - https:\/\/yoast.com\/product\/yoast-seo-wordpress\/ -->\n<title>Mapa - ADM - Contabilidade Empresarial - 54\/2024<\/title>\n<meta name=\"description\" content=\"Atividade Mapa &#8902; Mapa - ADM - Contabilidade Empresarial - 54\/2024 &#8902; Unicesumar. Com\u00e9rcio de Artigos para Escrit\u00f3rio Universo Ltda.\" \/>\n<meta name=\"robots\" content=\"index, follow, max-snippet:-1, max-image-preview:large, max-video-preview:-1\" \/>\n<link rel=\"canonical\" href=\"https:\/\/atividademapa.com\/?product=mapa-adm-contabilidade-empresarial-54_2024\" \/>\n<meta property=\"og:locale\" content=\"pt_BR\" \/>\n<meta property=\"og:type\" content=\"article\" \/>\n<meta property=\"og:title\" content=\"Mapa - ADM - Contabilidade Empresarial - 54\/2024\" \/>\n<meta property=\"og:description\" content=\"Atividade Mapa &#8902; Mapa - ADM - Contabilidade Empresarial - 54\/2024 &#8902; Unicesumar. Com\u00e9rcio de Artigos para Escrit\u00f3rio Universo Ltda.\" \/>\n<meta property=\"og:url\" content=\"https:\/\/atividademapa.com\/?product=mapa-adm-contabilidade-empresarial-54_2024\" \/>\n<meta property=\"og:site_name\" content=\"Atividade Mapa\" \/>\n<meta property=\"article:modified_time\" content=\"2024-11-11T21:23:55+00:00\" \/>\n<meta property=\"og:image\" content=\"https:\/\/i0.wp.com\/atividademapa.com\/wp-content\/uploads\/2023\/03\/Atividade-M.A.P.A-3.png?fit=300%2C300&ssl=1\" \/>\n\t<meta property=\"og:image:width\" content=\"300\" \/>\n\t<meta property=\"og:image:height\" content=\"300\" \/>\n\t<meta property=\"og:image:type\" content=\"image\/png\" \/>\n<meta name=\"twitter:card\" content=\"summary_large_image\" \/>\n<meta name=\"twitter:label1\" content=\"Est. tempo de leitura\" \/>\n\t<meta name=\"twitter:data1\" content=\"2 minutos\" \/>\n<script type=\"application\/ld+json\" class=\"yoast-schema-graph\">{\"@context\":\"https:\\\/\\\/schema.org\",\"@graph\":[{\"@type\":\"WebPage\",\"@id\":\"https:\\\/\\\/atividademapa.com\\\/?product=mapa-adm-contabilidade-empresarial-54_2024\",\"url\":\"https:\\\/\\\/atividademapa.com\\\/?product=mapa-adm-contabilidade-empresarial-54_2024\",\"name\":\"Mapa - ADM - Contabilidade Empresarial - 54\\\/2024\",\"isPartOf\":{\"@id\":\"https:\\\/\\\/atividademapa.com\\\/#website\"},\"primaryImageOfPage\":{\"@id\":\"https:\\\/\\\/atividademapa.com\\\/?product=mapa-adm-contabilidade-empresarial-54_2024#primaryimage\"},\"image\":{\"@id\":\"https:\\\/\\\/atividademapa.com\\\/?product=mapa-adm-contabilidade-empresarial-54_2024#primaryimage\"},\"thumbnailUrl\":\"https:\\\/\\\/i0.wp.com\\\/atividademapa.com\\\/wp-content\\\/uploads\\\/2023\\\/03\\\/Atividade-M.A.P.A-3.png?fit=300%2C300&ssl=1\",\"datePublished\":\"2024-11-11T01:02:34+00:00\",\"dateModified\":\"2024-11-11T21:23:55+00:00\",\"description\":\"Atividade Mapa &#8902; Mapa - ADM - Contabilidade Empresarial - 54\\\/2024 &#8902; Unicesumar. Com\u00e9rcio de Artigos para Escrit\u00f3rio Universo Ltda.\",\"breadcrumb\":{\"@id\":\"https:\\\/\\\/atividademapa.com\\\/?product=mapa-adm-contabilidade-empresarial-54_2024#breadcrumb\"},\"inLanguage\":\"pt-BR\",\"potentialAction\":[{\"@type\":\"ReadAction\",\"target\":[\"https:\\\/\\\/atividademapa.com\\\/?product=mapa-adm-contabilidade-empresarial-54_2024\"]}]},{\"@type\":\"ImageObject\",\"inLanguage\":\"pt-BR\",\"@id\":\"https:\\\/\\\/atividademapa.com\\\/?product=mapa-adm-contabilidade-empresarial-54_2024#primaryimage\",\"url\":\"https:\\\/\\\/i0.wp.com\\\/atividademapa.com\\\/wp-content\\\/uploads\\\/2023\\\/03\\\/Atividade-M.A.P.A-3.png?fit=300%2C300&ssl=1\",\"contentUrl\":\"https:\\\/\\\/i0.wp.com\\\/atividademapa.com\\\/wp-content\\\/uploads\\\/2023\\\/03\\\/Atividade-M.A.P.A-3.png?fit=300%2C300&ssl=1\",\"width\":300,\"height\":300,\"caption\":\"Mapa Unicesumar Atividade\"},{\"@type\":\"BreadcrumbList\",\"@id\":\"https:\\\/\\\/atividademapa.com\\\/?product=mapa-adm-contabilidade-empresarial-54_2024#breadcrumb\",\"itemListElement\":[{\"@type\":\"ListItem\",\"position\":1,\"name\":\"In\u00edcio\",\"item\":\"https:\\\/\\\/atividademapa.com\\\/\"},{\"@type\":\"ListItem\",\"position\":2,\"name\":\"MAPAS\",\"item\":\"https:\\\/\\\/atividademapa.com\\\/?page_id=5\"},{\"@type\":\"ListItem\",\"position\":3,\"name\":\"Mapa &#8211; ADM &#8211; Contabilidade Empresarial &#8211; 54\\\/2024\"}]},{\"@type\":\"WebSite\",\"@id\":\"https:\\\/\\\/atividademapa.com\\\/#website\",\"url\":\"https:\\\/\\\/atividademapa.com\\\/\",\"name\":\"Atividade Mapa\",\"description\":\"StudeO | Unicesumar\",\"publisher\":{\"@id\":\"https:\\\/\\\/atividademapa.com\\\/#organization\"},\"potentialAction\":[{\"@type\":\"SearchAction\",\"target\":{\"@type\":\"EntryPoint\",\"urlTemplate\":\"https:\\\/\\\/atividademapa.com\\\/?s={search_term_string}\"},\"query-input\":{\"@type\":\"PropertyValueSpecification\",\"valueRequired\":true,\"valueName\":\"search_term_string\"}}],\"inLanguage\":\"pt-BR\"},{\"@type\":\"Organization\",\"@id\":\"https:\\\/\\\/atividademapa.com\\\/#organization\",\"name\":\"Atividade MAPA\",\"url\":\"https:\\\/\\\/atividademapa.com\\\/\",\"logo\":{\"@type\":\"ImageObject\",\"inLanguage\":\"pt-BR\",\"@id\":\"https:\\\/\\\/atividademapa.com\\\/#\\\/schema\\\/logo\\\/image\\\/\",\"url\":\"https:\\\/\\\/i0.wp.com\\\/atividademapa.com\\\/wp-content\\\/uploads\\\/2023\\\/02\\\/ATIVIDADE.png?fit=600%2C300&ssl=1\",\"contentUrl\":\"https:\\\/\\\/i0.wp.com\\\/atividademapa.com\\\/wp-content\\\/uploads\\\/2023\\\/02\\\/ATIVIDADE.png?fit=600%2C300&ssl=1\",\"width\":600,\"height\":300,\"caption\":\"Atividade MAPA\"},\"image\":{\"@id\":\"https:\\\/\\\/atividademapa.com\\\/#\\\/schema\\\/logo\\\/image\\\/\"}}]}<\/script>\n<!-- \/ Yoast SEO plugin. -->","yoast_head_json":{"title":"Mapa - ADM - Contabilidade Empresarial - 54\/2024","description":"Atividade Mapa &#8902; Mapa - ADM - Contabilidade Empresarial - 54\/2024 &#8902; Unicesumar. Com\u00e9rcio de Artigos para Escrit\u00f3rio Universo Ltda.","robots":{"index":"index","follow":"follow","max-snippet":"max-snippet:-1","max-image-preview":"max-image-preview:large","max-video-preview":"max-video-preview:-1"},"canonical":"https:\/\/atividademapa.com\/?product=mapa-adm-contabilidade-empresarial-54_2024","og_locale":"pt_BR","og_type":"article","og_title":"Mapa - ADM - Contabilidade Empresarial - 54\/2024","og_description":"Atividade Mapa &#8902; Mapa - ADM - Contabilidade Empresarial - 54\/2024 &#8902; Unicesumar. Com\u00e9rcio de Artigos para Escrit\u00f3rio Universo Ltda.","og_url":"https:\/\/atividademapa.com\/?product=mapa-adm-contabilidade-empresarial-54_2024","og_site_name":"Atividade Mapa","article_modified_time":"2024-11-11T21:23:55+00:00","og_image":[{"width":300,"height":300,"url":"https:\/\/i0.wp.com\/atividademapa.com\/wp-content\/uploads\/2023\/03\/Atividade-M.A.P.A-3.png?fit=300%2C300&ssl=1","type":"image\/png"}],"twitter_card":"summary_large_image","twitter_misc":{"Est. tempo de leitura":"2 minutos"},"schema":{"@context":"https:\/\/schema.org","@graph":[{"@type":"WebPage","@id":"https:\/\/atividademapa.com\/?product=mapa-adm-contabilidade-empresarial-54_2024","url":"https:\/\/atividademapa.com\/?product=mapa-adm-contabilidade-empresarial-54_2024","name":"Mapa - ADM - Contabilidade Empresarial - 54\/2024","isPartOf":{"@id":"https:\/\/atividademapa.com\/#website"},"primaryImageOfPage":{"@id":"https:\/\/atividademapa.com\/?product=mapa-adm-contabilidade-empresarial-54_2024#primaryimage"},"image":{"@id":"https:\/\/atividademapa.com\/?product=mapa-adm-contabilidade-empresarial-54_2024#primaryimage"},"thumbnailUrl":"https:\/\/i0.wp.com\/atividademapa.com\/wp-content\/uploads\/2023\/03\/Atividade-M.A.P.A-3.png?fit=300%2C300&ssl=1","datePublished":"2024-11-11T01:02:34+00:00","dateModified":"2024-11-11T21:23:55+00:00","description":"Atividade Mapa &#8902; Mapa - ADM - Contabilidade Empresarial - 54\/2024 &#8902; Unicesumar. Com\u00e9rcio de Artigos para Escrit\u00f3rio Universo Ltda.","breadcrumb":{"@id":"https:\/\/atividademapa.com\/?product=mapa-adm-contabilidade-empresarial-54_2024#breadcrumb"},"inLanguage":"pt-BR","potentialAction":[{"@type":"ReadAction","target":["https:\/\/atividademapa.com\/?product=mapa-adm-contabilidade-empresarial-54_2024"]}]},{"@type":"ImageObject","inLanguage":"pt-BR","@id":"https:\/\/atividademapa.com\/?product=mapa-adm-contabilidade-empresarial-54_2024#primaryimage","url":"https:\/\/i0.wp.com\/atividademapa.com\/wp-content\/uploads\/2023\/03\/Atividade-M.A.P.A-3.png?fit=300%2C300&ssl=1","contentUrl":"https:\/\/i0.wp.com\/atividademapa.com\/wp-content\/uploads\/2023\/03\/Atividade-M.A.P.A-3.png?fit=300%2C300&ssl=1","width":300,"height":300,"caption":"Mapa Unicesumar Atividade"},{"@type":"BreadcrumbList","@id":"https:\/\/atividademapa.com\/?product=mapa-adm-contabilidade-empresarial-54_2024#breadcrumb","itemListElement":[{"@type":"ListItem","position":1,"name":"In\u00edcio","item":"https:\/\/atividademapa.com\/"},{"@type":"ListItem","position":2,"name":"MAPAS","item":"https:\/\/atividademapa.com\/?page_id=5"},{"@type":"ListItem","position":3,"name":"Mapa &#8211; ADM &#8211; Contabilidade Empresarial &#8211; 54\/2024"}]},{"@type":"WebSite","@id":"https:\/\/atividademapa.com\/#website","url":"https:\/\/atividademapa.com\/","name":"Atividade Mapa","description":"StudeO | Unicesumar","publisher":{"@id":"https:\/\/atividademapa.com\/#organization"},"potentialAction":[{"@type":"SearchAction","target":{"@type":"EntryPoint","urlTemplate":"https:\/\/atividademapa.com\/?s={search_term_string}"},"query-input":{"@type":"PropertyValueSpecification","valueRequired":true,"valueName":"search_term_string"}}],"inLanguage":"pt-BR"},{"@type":"Organization","@id":"https:\/\/atividademapa.com\/#organization","name":"Atividade MAPA","url":"https:\/\/atividademapa.com\/","logo":{"@type":"ImageObject","inLanguage":"pt-BR","@id":"https:\/\/atividademapa.com\/#\/schema\/logo\/image\/","url":"https:\/\/i0.wp.com\/atividademapa.com\/wp-content\/uploads\/2023\/02\/ATIVIDADE.png?fit=600%2C300&ssl=1","contentUrl":"https:\/\/i0.wp.com\/atividademapa.com\/wp-content\/uploads\/2023\/02\/ATIVIDADE.png?fit=600%2C300&ssl=1","width":600,"height":300,"caption":"Atividade MAPA"},"image":{"@id":"https:\/\/atividademapa.com\/#\/schema\/logo\/image\/"}}]}},"_links":{"self":[{"href":"https:\/\/atividademapa.com\/index.php?rest_route=\/wp\/v2\/product\/4932","targetHints":{"allow":["GET"]}}],"collection":[{"href":"https:\/\/atividademapa.com\/index.php?rest_route=\/wp\/v2\/product"}],"about":[{"href":"https:\/\/atividademapa.com\/index.php?rest_route=\/wp\/v2\/types\/product"}],"version-history":[{"count":4,"href":"https:\/\/atividademapa.com\/index.php?rest_route=\/wp\/v2\/product\/4932\/revisions"}],"predecessor-version":[{"id":4937,"href":"https:\/\/atividademapa.com\/index.php?rest_route=\/wp\/v2\/product\/4932\/revisions\/4937"}],"wp:featuredmedia":[{"embeddable":true,"href":"https:\/\/atividademapa.com\/index.php?rest_route=\/wp\/v2\/media\/2326"}],"wp:attachment":[{"href":"https:\/\/atividademapa.com\/index.php?rest_route=%2Fwp%2Fv2%2Fmedia&parent=4932"}],"wp:term":[{"taxonomy":"product_brand","embeddable":true,"href":"https:\/\/atividademapa.com\/index.php?rest_route=%2Fwp%2Fv2%2Fproduct_brand&post=4932"},{"taxonomy":"product_cat","embeddable":true,"href":"https:\/\/atividademapa.com\/index.php?rest_route=%2Fwp%2Fv2%2Fproduct_cat&post=4932"},{"taxonomy":"product_tag","embeddable":true,"href":"https:\/\/atividademapa.com\/index.php?rest_route=%2Fwp%2Fv2%2Fproduct_tag&post=4932"}],"curies":[{"name":"wp","href":"https:\/\/api.w.org\/{rel}","templated":true}]}}