{"id":4939,"date":"2024-11-13T11:27:20","date_gmt":"2024-11-13T14:27:20","guid":{"rendered":"https:\/\/atividademapa.com\/?post_type=product&#038;p=4939"},"modified":"2024-11-21T11:40:52","modified_gmt":"2024-11-21T14:40:52","slug":"mapa-ccont-contabilidade-e-analise-gerencial-54_2024","status":"publish","type":"product","link":"https:\/\/atividademapa.com\/?product=mapa-ccont-contabilidade-e-analise-gerencial-54_2024","title":{"rendered":"MAPA &#8211; CCONT &#8211; CONTABILIDADE E AN\u00c1LISE GERENCIAL &#8211; 54_2024"},"content":{"rendered":"<p>MAPA &#8211; CCONT &#8211; CONTABILIDADE E AN\u00c1LISE GERENCIAL &#8211; 54_2024<\/p>\n<div class=\"ng-scope\">\n<p>Dona Lucr\u00e9cia tem uma f\u00e1brica que produz ventilador de teto. Seus neg\u00f3cios parecem estar caminhando muito bem, os pedidos de seus clientes aumentaram de forma consider\u00e1vel nos \u00faltimos meses, por\u00e9m ela n\u00e3o sabe quanto de fato representa a margem de contribui\u00e7\u00e3o do \u00fanico produto que atualmente est\u00e1\u00a0comercializando. Ent\u00e3o, imagine que voc\u00ea foi escolhido (a) para ajud\u00e1-la nessa importante tarefa e, portanto sua fun\u00e7\u00e3o ser\u00e1 de orient\u00e1-la a realizar o devido c\u00e1lculo.<\/p>\n<p><strong>Observe os dados apresentados no relat\u00f3rio a seguir:<\/strong><\/p>\n<\/div>\n<div class=\"table-responsive no-border ng-scope\">\n<table border=\"0\" cellspacing=\"0\" cellpadding=\"0\">\n<tbody>\n<tr>\n<td colspan=\"2\"><strong>RELAT\u00d3RIO DO PER\u00cdODO<\/strong><\/td>\n<\/tr>\n<tr>\n<td>Quantidade mensal produzida<\/td>\n<td>300 unidades<\/td>\n<\/tr>\n<tr>\n<td>Pre\u00e7o de venda (por unidade)<\/td>\n<td>R$ 800,00<\/td>\n<\/tr>\n<tr>\n<td>Custos fixos (por m\u00eas)<\/td>\n<td>R$ 9.500,00<\/td>\n<\/tr>\n<tr>\n<td>Custo vari\u00e1vel (por unidade)<\/td>\n<td>R$ 250,00<\/td>\n<\/tr>\n<tr>\n<td>Despesa vari\u00e1vel (por unidade)<\/td>\n<td>R$ 100,00<\/td>\n<\/tr>\n<tr>\n<td>Despesas administrativas (por m\u00eas)<\/td>\n<td>R$ 3.840,00<\/td>\n<\/tr>\n<tr>\n<td>Despesas gerais (por m\u00eas)<\/td>\n<td>R$ 2.360,00<\/td>\n<\/tr>\n<tr>\n<td>Despesas financeiras (por m\u00eas)<\/td>\n<td>R$ 500,00<\/td>\n<\/tr>\n<\/tbody>\n<\/table>\n<\/div>\n<div class=\"ng-scope\">\n<p><strong>Fonte:\u00a0<\/strong>O autor.<\/p>\n<p>Baseando-se nos dados contidos no relat\u00f3rio e, sabendo que voc\u00ea recebeu a informa\u00e7\u00e3o de que 80% da produ\u00e7\u00e3o do per\u00edodo j\u00e1 foi vendida, seu desafio ser\u00e1 de esclarecer as d\u00favidas da dona Lucr\u00e9cia em rela\u00e7\u00e3o \u00e0s seguintes perguntas:<\/p>\n<p>1 \u2013 Qual \u00e9 o valor da Margem de Contribui\u00e7\u00e3o Unit\u00e1ria de ventilador?<br \/>\n2 \u2013 Qual \u00e9 o valor da Margem de Contribui\u00e7\u00e3o Total, sabendo que foram vendidas o correspondente a 80% da produ\u00e7\u00e3o do per\u00edodo?<br \/>\n3 \u2013 Qual \u00e9 o Resultado L\u00edquido apurado no per\u00edodo, utilizando o m\u00e9todo de custeio vari\u00e1vel? Estruture um relat\u00f3rio gerencial (conforme &#8220;quadro 6&#8221;\u00a0da p\u00e1gina\u00a061 do livro da disciplina).<br \/>\n4 \u2013 Qual \u00e9\u00a0o PEE, ou seja, quantas unidades dever\u00e3o ser vendidas para que a propriet\u00e1ria obtenha lucro de R$ 95.850,00?<\/p>\n<\/div>\n","protected":false},"excerpt":{"rendered":"<p>MAPA &#8211; CCONT &#8211; CONTABILIDADE E AN\u00c1LISE GERENCIAL &#8211; 54_2024 Dona Lucr\u00e9cia tem uma f\u00e1brica que produz ventilador de teto.<\/p>\n","protected":false},"featured_media":2326,"template":"","meta":{"_monsterinsights_skip_tracking":false,"_monsterinsights_sitenote_active":false,"_monsterinsights_sitenote_note":"","_monsterinsights_sitenote_category":0},"product_brand":[],"product_cat":[46],"product_tag":[],"class_list":{"0":"post-4939","1":"product","2":"type-product","3":"status-publish","4":"has-post-thumbnail","6":"product_cat-ciencias-contabeis","8":"first","9":"instock","10":"downloadable","11":"virtual","12":"purchasable","13":"product-type-simple"},"yoast_head":"<!-- This site is optimized with the Yoast SEO plugin v27.4 - https:\/\/yoast.com\/product\/yoast-seo-wordpress\/ -->\n<title>MAPA - CCONT - CONTABILIDADE E AN\u00c1LISE GERENCIAL - 54_2024<\/title>\n<meta name=\"description\" content=\"Atividade MAPA - CCONT - CONTABILIDADE E AN\u00c1LISE GERENCIAL - 54_2024 &#8902; Unicesumar. Baixe agora mesmo um Mapa Pronto resolvido!\" \/>\n<meta name=\"robots\" content=\"index, follow, max-snippet:-1, max-image-preview:large, max-video-preview:-1\" \/>\n<link rel=\"canonical\" href=\"https:\/\/atividademapa.com\/?product=mapa-ccont-contabilidade-e-analise-gerencial-54_2024\" \/>\n<meta property=\"og:locale\" content=\"pt_BR\" \/>\n<meta property=\"og:type\" content=\"article\" \/>\n<meta property=\"og:title\" content=\"MAPA - CCONT - CONTABILIDADE E AN\u00c1LISE GERENCIAL - 54_2024\" \/>\n<meta property=\"og:description\" content=\"Atividade MAPA - CCONT - CONTABILIDADE E AN\u00c1LISE GERENCIAL - 54_2024 &#8902; Unicesumar. Baixe agora mesmo um Mapa Pronto resolvido!\" \/>\n<meta property=\"og:url\" content=\"https:\/\/atividademapa.com\/?product=mapa-ccont-contabilidade-e-analise-gerencial-54_2024\" \/>\n<meta property=\"og:site_name\" content=\"Atividade Mapa\" \/>\n<meta property=\"article:modified_time\" content=\"2024-11-21T14:40:52+00:00\" \/>\n<meta property=\"og:image\" content=\"https:\/\/i0.wp.com\/atividademapa.com\/wp-content\/uploads\/2023\/03\/Atividade-M.A.P.A-3.png?fit=300%2C300&ssl=1\" \/>\n\t<meta property=\"og:image:width\" content=\"300\" \/>\n\t<meta property=\"og:image:height\" content=\"300\" \/>\n\t<meta property=\"og:image:type\" content=\"image\/png\" \/>\n<meta name=\"twitter:card\" content=\"summary_large_image\" \/>\n<meta name=\"twitter:label1\" content=\"Est. tempo de leitura\" \/>\n\t<meta name=\"twitter:data1\" content=\"1 minuto\" \/>\n<script type=\"application\/ld+json\" class=\"yoast-schema-graph\">{\"@context\":\"https:\\\/\\\/schema.org\",\"@graph\":[{\"@type\":\"WebPage\",\"@id\":\"https:\\\/\\\/atividademapa.com\\\/?product=mapa-ccont-contabilidade-e-analise-gerencial-54_2024\",\"url\":\"https:\\\/\\\/atividademapa.com\\\/?product=mapa-ccont-contabilidade-e-analise-gerencial-54_2024\",\"name\":\"MAPA - CCONT - CONTABILIDADE E AN\u00c1LISE GERENCIAL - 54_2024\",\"isPartOf\":{\"@id\":\"https:\\\/\\\/atividademapa.com\\\/#website\"},\"primaryImageOfPage\":{\"@id\":\"https:\\\/\\\/atividademapa.com\\\/?product=mapa-ccont-contabilidade-e-analise-gerencial-54_2024#primaryimage\"},\"image\":{\"@id\":\"https:\\\/\\\/atividademapa.com\\\/?product=mapa-ccont-contabilidade-e-analise-gerencial-54_2024#primaryimage\"},\"thumbnailUrl\":\"https:\\\/\\\/i0.wp.com\\\/atividademapa.com\\\/wp-content\\\/uploads\\\/2023\\\/03\\\/Atividade-M.A.P.A-3.png?fit=300%2C300&ssl=1\",\"datePublished\":\"2024-11-13T14:27:20+00:00\",\"dateModified\":\"2024-11-21T14:40:52+00:00\",\"description\":\"Atividade MAPA - CCONT - CONTABILIDADE E AN\u00c1LISE GERENCIAL - 54_2024 &#8902; Unicesumar. Baixe agora mesmo um Mapa Pronto resolvido!\",\"breadcrumb\":{\"@id\":\"https:\\\/\\\/atividademapa.com\\\/?product=mapa-ccont-contabilidade-e-analise-gerencial-54_2024#breadcrumb\"},\"inLanguage\":\"pt-BR\",\"potentialAction\":[{\"@type\":\"ReadAction\",\"target\":[\"https:\\\/\\\/atividademapa.com\\\/?product=mapa-ccont-contabilidade-e-analise-gerencial-54_2024\"]}]},{\"@type\":\"ImageObject\",\"inLanguage\":\"pt-BR\",\"@id\":\"https:\\\/\\\/atividademapa.com\\\/?product=mapa-ccont-contabilidade-e-analise-gerencial-54_2024#primaryimage\",\"url\":\"https:\\\/\\\/i0.wp.com\\\/atividademapa.com\\\/wp-content\\\/uploads\\\/2023\\\/03\\\/Atividade-M.A.P.A-3.png?fit=300%2C300&ssl=1\",\"contentUrl\":\"https:\\\/\\\/i0.wp.com\\\/atividademapa.com\\\/wp-content\\\/uploads\\\/2023\\\/03\\\/Atividade-M.A.P.A-3.png?fit=300%2C300&ssl=1\",\"width\":300,\"height\":300,\"caption\":\"Mapa Unicesumar Atividade\"},{\"@type\":\"BreadcrumbList\",\"@id\":\"https:\\\/\\\/atividademapa.com\\\/?product=mapa-ccont-contabilidade-e-analise-gerencial-54_2024#breadcrumb\",\"itemListElement\":[{\"@type\":\"ListItem\",\"position\":1,\"name\":\"In\u00edcio\",\"item\":\"https:\\\/\\\/atividademapa.com\\\/\"},{\"@type\":\"ListItem\",\"position\":2,\"name\":\"MAPAS\",\"item\":\"https:\\\/\\\/atividademapa.com\\\/?page_id=5\"},{\"@type\":\"ListItem\",\"position\":3,\"name\":\"MAPA &#8211; CCONT &#8211; CONTABILIDADE E AN\u00c1LISE GERENCIAL &#8211; 54_2024\"}]},{\"@type\":\"WebSite\",\"@id\":\"https:\\\/\\\/atividademapa.com\\\/#website\",\"url\":\"https:\\\/\\\/atividademapa.com\\\/\",\"name\":\"Atividade Mapa\",\"description\":\"StudeO | Unicesumar\",\"publisher\":{\"@id\":\"https:\\\/\\\/atividademapa.com\\\/#organization\"},\"potentialAction\":[{\"@type\":\"SearchAction\",\"target\":{\"@type\":\"EntryPoint\",\"urlTemplate\":\"https:\\\/\\\/atividademapa.com\\\/?s={search_term_string}\"},\"query-input\":{\"@type\":\"PropertyValueSpecification\",\"valueRequired\":true,\"valueName\":\"search_term_string\"}}],\"inLanguage\":\"pt-BR\"},{\"@type\":\"Organization\",\"@id\":\"https:\\\/\\\/atividademapa.com\\\/#organization\",\"name\":\"Atividade MAPA\",\"url\":\"https:\\\/\\\/atividademapa.com\\\/\",\"logo\":{\"@type\":\"ImageObject\",\"inLanguage\":\"pt-BR\",\"@id\":\"https:\\\/\\\/atividademapa.com\\\/#\\\/schema\\\/logo\\\/image\\\/\",\"url\":\"https:\\\/\\\/i0.wp.com\\\/atividademapa.com\\\/wp-content\\\/uploads\\\/2023\\\/02\\\/ATIVIDADE.png?fit=600%2C300&ssl=1\",\"contentUrl\":\"https:\\\/\\\/i0.wp.com\\\/atividademapa.com\\\/wp-content\\\/uploads\\\/2023\\\/02\\\/ATIVIDADE.png?fit=600%2C300&ssl=1\",\"width\":600,\"height\":300,\"caption\":\"Atividade MAPA\"},\"image\":{\"@id\":\"https:\\\/\\\/atividademapa.com\\\/#\\\/schema\\\/logo\\\/image\\\/\"}}]}<\/script>\n<!-- \/ Yoast SEO plugin. -->","yoast_head_json":{"title":"MAPA - CCONT - CONTABILIDADE E AN\u00c1LISE GERENCIAL - 54_2024","description":"Atividade MAPA - CCONT - CONTABILIDADE E AN\u00c1LISE GERENCIAL - 54_2024 &#8902; Unicesumar. Baixe agora mesmo um Mapa Pronto resolvido!","robots":{"index":"index","follow":"follow","max-snippet":"max-snippet:-1","max-image-preview":"max-image-preview:large","max-video-preview":"max-video-preview:-1"},"canonical":"https:\/\/atividademapa.com\/?product=mapa-ccont-contabilidade-e-analise-gerencial-54_2024","og_locale":"pt_BR","og_type":"article","og_title":"MAPA - CCONT - CONTABILIDADE E AN\u00c1LISE GERENCIAL - 54_2024","og_description":"Atividade MAPA - CCONT - CONTABILIDADE E AN\u00c1LISE GERENCIAL - 54_2024 &#8902; Unicesumar. Baixe agora mesmo um Mapa Pronto resolvido!","og_url":"https:\/\/atividademapa.com\/?product=mapa-ccont-contabilidade-e-analise-gerencial-54_2024","og_site_name":"Atividade Mapa","article_modified_time":"2024-11-21T14:40:52+00:00","og_image":[{"width":300,"height":300,"url":"https:\/\/i0.wp.com\/atividademapa.com\/wp-content\/uploads\/2023\/03\/Atividade-M.A.P.A-3.png?fit=300%2C300&ssl=1","type":"image\/png"}],"twitter_card":"summary_large_image","twitter_misc":{"Est. tempo de leitura":"1 minuto"},"schema":{"@context":"https:\/\/schema.org","@graph":[{"@type":"WebPage","@id":"https:\/\/atividademapa.com\/?product=mapa-ccont-contabilidade-e-analise-gerencial-54_2024","url":"https:\/\/atividademapa.com\/?product=mapa-ccont-contabilidade-e-analise-gerencial-54_2024","name":"MAPA - CCONT - CONTABILIDADE E AN\u00c1LISE GERENCIAL - 54_2024","isPartOf":{"@id":"https:\/\/atividademapa.com\/#website"},"primaryImageOfPage":{"@id":"https:\/\/atividademapa.com\/?product=mapa-ccont-contabilidade-e-analise-gerencial-54_2024#primaryimage"},"image":{"@id":"https:\/\/atividademapa.com\/?product=mapa-ccont-contabilidade-e-analise-gerencial-54_2024#primaryimage"},"thumbnailUrl":"https:\/\/i0.wp.com\/atividademapa.com\/wp-content\/uploads\/2023\/03\/Atividade-M.A.P.A-3.png?fit=300%2C300&ssl=1","datePublished":"2024-11-13T14:27:20+00:00","dateModified":"2024-11-21T14:40:52+00:00","description":"Atividade MAPA - CCONT - CONTABILIDADE E AN\u00c1LISE GERENCIAL - 54_2024 &#8902; Unicesumar. Baixe agora mesmo um Mapa Pronto resolvido!","breadcrumb":{"@id":"https:\/\/atividademapa.com\/?product=mapa-ccont-contabilidade-e-analise-gerencial-54_2024#breadcrumb"},"inLanguage":"pt-BR","potentialAction":[{"@type":"ReadAction","target":["https:\/\/atividademapa.com\/?product=mapa-ccont-contabilidade-e-analise-gerencial-54_2024"]}]},{"@type":"ImageObject","inLanguage":"pt-BR","@id":"https:\/\/atividademapa.com\/?product=mapa-ccont-contabilidade-e-analise-gerencial-54_2024#primaryimage","url":"https:\/\/i0.wp.com\/atividademapa.com\/wp-content\/uploads\/2023\/03\/Atividade-M.A.P.A-3.png?fit=300%2C300&ssl=1","contentUrl":"https:\/\/i0.wp.com\/atividademapa.com\/wp-content\/uploads\/2023\/03\/Atividade-M.A.P.A-3.png?fit=300%2C300&ssl=1","width":300,"height":300,"caption":"Mapa Unicesumar Atividade"},{"@type":"BreadcrumbList","@id":"https:\/\/atividademapa.com\/?product=mapa-ccont-contabilidade-e-analise-gerencial-54_2024#breadcrumb","itemListElement":[{"@type":"ListItem","position":1,"name":"In\u00edcio","item":"https:\/\/atividademapa.com\/"},{"@type":"ListItem","position":2,"name":"MAPAS","item":"https:\/\/atividademapa.com\/?page_id=5"},{"@type":"ListItem","position":3,"name":"MAPA &#8211; CCONT &#8211; CONTABILIDADE E AN\u00c1LISE GERENCIAL &#8211; 54_2024"}]},{"@type":"WebSite","@id":"https:\/\/atividademapa.com\/#website","url":"https:\/\/atividademapa.com\/","name":"Atividade Mapa","description":"StudeO | Unicesumar","publisher":{"@id":"https:\/\/atividademapa.com\/#organization"},"potentialAction":[{"@type":"SearchAction","target":{"@type":"EntryPoint","urlTemplate":"https:\/\/atividademapa.com\/?s={search_term_string}"},"query-input":{"@type":"PropertyValueSpecification","valueRequired":true,"valueName":"search_term_string"}}],"inLanguage":"pt-BR"},{"@type":"Organization","@id":"https:\/\/atividademapa.com\/#organization","name":"Atividade MAPA","url":"https:\/\/atividademapa.com\/","logo":{"@type":"ImageObject","inLanguage":"pt-BR","@id":"https:\/\/atividademapa.com\/#\/schema\/logo\/image\/","url":"https:\/\/i0.wp.com\/atividademapa.com\/wp-content\/uploads\/2023\/02\/ATIVIDADE.png?fit=600%2C300&ssl=1","contentUrl":"https:\/\/i0.wp.com\/atividademapa.com\/wp-content\/uploads\/2023\/02\/ATIVIDADE.png?fit=600%2C300&ssl=1","width":600,"height":300,"caption":"Atividade MAPA"},"image":{"@id":"https:\/\/atividademapa.com\/#\/schema\/logo\/image\/"}}]}},"_links":{"self":[{"href":"https:\/\/atividademapa.com\/index.php?rest_route=\/wp\/v2\/product\/4939","targetHints":{"allow":["GET"]}}],"collection":[{"href":"https:\/\/atividademapa.com\/index.php?rest_route=\/wp\/v2\/product"}],"about":[{"href":"https:\/\/atividademapa.com\/index.php?rest_route=\/wp\/v2\/types\/product"}],"version-history":[{"count":2,"href":"https:\/\/atividademapa.com\/index.php?rest_route=\/wp\/v2\/product\/4939\/revisions"}],"predecessor-version":[{"id":4981,"href":"https:\/\/atividademapa.com\/index.php?rest_route=\/wp\/v2\/product\/4939\/revisions\/4981"}],"wp:featuredmedia":[{"embeddable":true,"href":"https:\/\/atividademapa.com\/index.php?rest_route=\/wp\/v2\/media\/2326"}],"wp:attachment":[{"href":"https:\/\/atividademapa.com\/index.php?rest_route=%2Fwp%2Fv2%2Fmedia&parent=4939"}],"wp:term":[{"taxonomy":"product_brand","embeddable":true,"href":"https:\/\/atividademapa.com\/index.php?rest_route=%2Fwp%2Fv2%2Fproduct_brand&post=4939"},{"taxonomy":"product_cat","embeddable":true,"href":"https:\/\/atividademapa.com\/index.php?rest_route=%2Fwp%2Fv2%2Fproduct_cat&post=4939"},{"taxonomy":"product_tag","embeddable":true,"href":"https:\/\/atividademapa.com\/index.php?rest_route=%2Fwp%2Fv2%2Fproduct_tag&post=4939"}],"curies":[{"name":"wp","href":"https:\/\/api.w.org\/{rel}","templated":true}]}}