{"id":4954,"date":"2024-11-17T12:09:36","date_gmt":"2024-11-17T15:09:36","guid":{"rendered":"https:\/\/atividademapa.com\/?post_type=product&#038;p=4954"},"modified":"2024-11-17T12:09:38","modified_gmt":"2024-11-17T15:09:38","slug":"mapa-contabilidade-atividades-economicas-especificas-54-2024","status":"publish","type":"product","link":"https:\/\/atividademapa.com\/?product=mapa-contabilidade-atividades-economicas-especificas-54-2024","title":{"rendered":"MAPA &#8211; Contabilidade Atividades Econ\u00f4micas Espec\u00edficas 54\/2024"},"content":{"rendered":"<p>MAPA CCONT Contabilidade Atividades Econ\u00f4micas Espec\u00edficas 54\/2024<\/p>\n<p>Voc\u00ea j\u00e1 imaginou que uma empresa do ramo da pecu\u00e1ria tamb\u00e9m necessita ter as informa\u00e7\u00f5es dos custos do rebanho atualizados?<\/p>\n<p>Na atividade MAPA, da disciplina de Contabilidade Atividades Econ\u00f4micas Espec\u00edficas, aplicaremos os conhecimentos relativo ao <strong>Custo do Rebanho transferido. O m\u00e9todo de custo \u00e9 semelhante a uma ind\u00fastria.<\/strong> Durante o processo, todo o custo da forma\u00e7\u00e3o do rebanho, como ra\u00e7\u00e3o, medicamentos, vacinas, manuten\u00e7\u00e3o de pastos, m\u00e3o-de-obra etc., \u00e9 acumulado na conta estoque, diferenciando os diferentes rebanhos. Para tanto, a empresa precisa ter controles para apurar o quanto foi gasto com cada plantel. No momento da venda dos animais, d\u00e1-se baixa no estoque, debitando a conta \u201ccusto do gado vendido\u201d. Dessa forma, a apura\u00e7\u00e3o do lucro ocorre no momento da venda. Os custos do rebanho transferido \u00e9 uma \u00e1rea da contabilidade que foca unicamente no gerenciamento de custos da empresa agr\u00edcola. O objetivo, ao fazer esse controle, \u00e9 assegurar um melhor pre\u00e7o de venda e aumentar a margem de lucro da mesma. Os procedimentos de uma contabiliza\u00e7\u00e3o da transfer\u00eancia do custo do rebanho deve ser elaborado de acordo com o m\u00e9todo do custo.<\/p>\n<p><strong>FRAGALLI, Adriana Casavecchia. Contabilidade de atividades econ\u00f4micas espec\u00edficas.<\/strong> Maring\u00e1-Pr.: Unicesumar, 2019. Reimpresso em 2021.<\/p>\n<hr \/>\n<p><strong>ATIVIDADE PROPOSTA<\/strong><\/p>\n<p><strong>CASE<\/strong><br \/>\nDigamos que, durante os tr\u00eas primeiros anos, os custos de uma empresa na atividade pecu\u00e1ria, foram os seguintes:<\/p>\n<ul>\n<li><strong>1\u00ba ANO &#8211; CUSTO: BEZERRO DE 0 A 8 MESES<\/strong> = R$ 7.000,00<\/li>\n<li><strong>2\u00ba ANO &#8211; CUSTO: NOVILHO DE 9 A 18 MESES<\/strong> = R$ 6.000,00<\/li>\n<li><strong>3\u00ba ANO &#8211; CUSTO: NOVILHO DE 19 A 36 MESES<\/strong> = R$ 8.000,00<\/li>\n<\/ul>\n<p>Com base nesses dados, realize a <strong>contabiliza\u00e7\u00e3o (d\u00e9bito e cr\u00e9dito)<\/strong> pelo m\u00e9todo de custeio.<\/p>\n<p>A) 1\u00ba ANO &#8211; Considerando que o valor de R$ 7.000,00, refere-se ao custo com deprecia\u00e7\u00e3o acumulada, realize o lan\u00e7amento.<\/p>\n<p>B) 2\u00ba ANO &#8211; Considerando que os animais do primeiro ano passaram para uma nova categoria, realize a transfer\u00eancia do valor acumulado.<\/p>\n<p>C) 2\u00ba ANO &#8211; Considerando que o valor de R$ 6.000,00 refere-se \u00e0 alimenta\u00e7\u00e3o, vacinas e medicamentos, para pagamento em duplicatas, \u00a0realize o lan\u00e7amento<\/p>\n<p class=\"Standard\" style=\"line-height: 150%;\"><span style=\"font-size: 12.0pt; line-height: 150%; font-family: 'Times New Roman',serif;\">D)<b>\u200b 3\u00ba ANO<\/b>\u00a0&#8211; Considerando que os animais do\u00a0<b><u>segundo<\/u><\/b>\u00a0ano, passaram para uma nova categoria, realize a transfer\u00eancia do valor acumulado.<\/span><\/p>\n<p class=\"Standard\" style=\"line-height: 150%;\"><span style=\"font-size: 12.0pt; line-height: 150%; font-family: 'Times New Roman',serif;\">E)\u00a0<b>3\u00ba ANO<\/b>\u00a0&#8211; Considerando que o valor de R$ 8,000,00, refere-se a R$ 4.000,00 de alimenta\u00e7\u00e3o para pagamento em duplicatas e R$ 4.000,00 com\u00a0deprecia\u00e7\u00e3o acumulada, realize o lan\u00e7amento.<\/span><\/p>\n<p class=\"Standard\" style=\"line-height: 150%;\"><span style=\"font-size: 12.0pt; line-height: 150%; font-family: 'Times New Roman',serif;\">F) Ao final do terceiro ano, quanto os animais j\u00e1 haviam custado para a empresa?<\/span><\/p>\n<p>&nbsp;<\/p>\n","protected":false},"excerpt":{"rendered":"<p>MAPA CCONT Contabilidade Atividades Econ\u00f4micas Espec\u00edficas 54\/2024 Voc\u00ea j\u00e1 imaginou que uma empresa do ramo da pecu\u00e1ria tamb\u00e9m necessita ter<\/p>\n","protected":false},"featured_media":2326,"template":"","meta":{"_monsterinsights_skip_tracking":false,"_monsterinsights_sitenote_active":false,"_monsterinsights_sitenote_note":"","_monsterinsights_sitenote_category":0},"product_brand":[],"product_cat":[46],"product_tag":[],"class_list":{"0":"post-4954","1":"product","2":"type-product","3":"status-publish","4":"has-post-thumbnail","6":"product_cat-ciencias-contabeis","8":"first","9":"instock","10":"downloadable","11":"virtual","12":"purchasable","13":"product-type-simple"},"yoast_head":"<!-- This site is optimized with the Yoast SEO plugin v27.4 - https:\/\/yoast.com\/product\/yoast-seo-wordpress\/ -->\n<title>MAPA - Contabilidade Atividades Econ\u00f4micas Espec\u00edficas 54\/2024<\/title>\n<meta name=\"description\" content=\"Atividade MAPA - Contabilidade Atividades Econ\u00f4micas Espec\u00edficas 54\/2024 &#8902; Unicesumar. Baixe agora mesmo um Mapa Pronto resolvido!\" \/>\n<meta name=\"robots\" content=\"index, follow, max-snippet:-1, max-image-preview:large, max-video-preview:-1\" \/>\n<link rel=\"canonical\" href=\"https:\/\/atividademapa.com\/?product=mapa-contabilidade-atividades-economicas-especificas-54-2024\" \/>\n<meta property=\"og:locale\" content=\"pt_BR\" \/>\n<meta property=\"og:type\" content=\"article\" \/>\n<meta property=\"og:title\" content=\"MAPA - Contabilidade Atividades Econ\u00f4micas Espec\u00edficas 54\/2024\" \/>\n<meta property=\"og:description\" content=\"Atividade MAPA - Contabilidade Atividades Econ\u00f4micas Espec\u00edficas 54\/2024 &#8902; Unicesumar. Baixe agora mesmo um Mapa Pronto resolvido!\" \/>\n<meta property=\"og:url\" content=\"https:\/\/atividademapa.com\/?product=mapa-contabilidade-atividades-economicas-especificas-54-2024\" \/>\n<meta property=\"og:site_name\" content=\"Atividade Mapa\" \/>\n<meta property=\"article:modified_time\" content=\"2024-11-17T15:09:38+00:00\" \/>\n<meta property=\"og:image\" content=\"https:\/\/i0.wp.com\/atividademapa.com\/wp-content\/uploads\/2023\/03\/Atividade-M.A.P.A-3.png?fit=300%2C300&ssl=1\" \/>\n\t<meta property=\"og:image:width\" content=\"300\" \/>\n\t<meta property=\"og:image:height\" content=\"300\" \/>\n\t<meta property=\"og:image:type\" content=\"image\/png\" \/>\n<meta name=\"twitter:card\" content=\"summary_large_image\" \/>\n<meta name=\"twitter:label1\" content=\"Est. tempo de leitura\" \/>\n\t<meta name=\"twitter:data1\" content=\"2 minutos\" \/>\n<script type=\"application\/ld+json\" class=\"yoast-schema-graph\">{\"@context\":\"https:\\\/\\\/schema.org\",\"@graph\":[{\"@type\":\"WebPage\",\"@id\":\"https:\\\/\\\/atividademapa.com\\\/?product=mapa-contabilidade-atividades-economicas-especificas-54-2024\",\"url\":\"https:\\\/\\\/atividademapa.com\\\/?product=mapa-contabilidade-atividades-economicas-especificas-54-2024\",\"name\":\"MAPA - Contabilidade Atividades Econ\u00f4micas Espec\u00edficas 54\\\/2024\",\"isPartOf\":{\"@id\":\"https:\\\/\\\/atividademapa.com\\\/#website\"},\"primaryImageOfPage\":{\"@id\":\"https:\\\/\\\/atividademapa.com\\\/?product=mapa-contabilidade-atividades-economicas-especificas-54-2024#primaryimage\"},\"image\":{\"@id\":\"https:\\\/\\\/atividademapa.com\\\/?product=mapa-contabilidade-atividades-economicas-especificas-54-2024#primaryimage\"},\"thumbnailUrl\":\"https:\\\/\\\/i0.wp.com\\\/atividademapa.com\\\/wp-content\\\/uploads\\\/2023\\\/03\\\/Atividade-M.A.P.A-3.png?fit=300%2C300&ssl=1\",\"datePublished\":\"2024-11-17T15:09:36+00:00\",\"dateModified\":\"2024-11-17T15:09:38+00:00\",\"description\":\"Atividade MAPA - Contabilidade Atividades Econ\u00f4micas Espec\u00edficas 54\\\/2024 &#8902; Unicesumar. Baixe agora mesmo um Mapa Pronto resolvido!\",\"breadcrumb\":{\"@id\":\"https:\\\/\\\/atividademapa.com\\\/?product=mapa-contabilidade-atividades-economicas-especificas-54-2024#breadcrumb\"},\"inLanguage\":\"pt-BR\",\"potentialAction\":[{\"@type\":\"ReadAction\",\"target\":[\"https:\\\/\\\/atividademapa.com\\\/?product=mapa-contabilidade-atividades-economicas-especificas-54-2024\"]}]},{\"@type\":\"ImageObject\",\"inLanguage\":\"pt-BR\",\"@id\":\"https:\\\/\\\/atividademapa.com\\\/?product=mapa-contabilidade-atividades-economicas-especificas-54-2024#primaryimage\",\"url\":\"https:\\\/\\\/i0.wp.com\\\/atividademapa.com\\\/wp-content\\\/uploads\\\/2023\\\/03\\\/Atividade-M.A.P.A-3.png?fit=300%2C300&ssl=1\",\"contentUrl\":\"https:\\\/\\\/i0.wp.com\\\/atividademapa.com\\\/wp-content\\\/uploads\\\/2023\\\/03\\\/Atividade-M.A.P.A-3.png?fit=300%2C300&ssl=1\",\"width\":300,\"height\":300,\"caption\":\"Mapa Unicesumar Atividade\"},{\"@type\":\"BreadcrumbList\",\"@id\":\"https:\\\/\\\/atividademapa.com\\\/?product=mapa-contabilidade-atividades-economicas-especificas-54-2024#breadcrumb\",\"itemListElement\":[{\"@type\":\"ListItem\",\"position\":1,\"name\":\"In\u00edcio\",\"item\":\"https:\\\/\\\/atividademapa.com\\\/\"},{\"@type\":\"ListItem\",\"position\":2,\"name\":\"MAPAS\",\"item\":\"https:\\\/\\\/atividademapa.com\\\/?page_id=5\"},{\"@type\":\"ListItem\",\"position\":3,\"name\":\"MAPA &#8211; Contabilidade Atividades Econ\u00f4micas Espec\u00edficas 54\\\/2024\"}]},{\"@type\":\"WebSite\",\"@id\":\"https:\\\/\\\/atividademapa.com\\\/#website\",\"url\":\"https:\\\/\\\/atividademapa.com\\\/\",\"name\":\"Atividade Mapa\",\"description\":\"StudeO | Unicesumar\",\"publisher\":{\"@id\":\"https:\\\/\\\/atividademapa.com\\\/#organization\"},\"potentialAction\":[{\"@type\":\"SearchAction\",\"target\":{\"@type\":\"EntryPoint\",\"urlTemplate\":\"https:\\\/\\\/atividademapa.com\\\/?s={search_term_string}\"},\"query-input\":{\"@type\":\"PropertyValueSpecification\",\"valueRequired\":true,\"valueName\":\"search_term_string\"}}],\"inLanguage\":\"pt-BR\"},{\"@type\":\"Organization\",\"@id\":\"https:\\\/\\\/atividademapa.com\\\/#organization\",\"name\":\"Atividade MAPA\",\"url\":\"https:\\\/\\\/atividademapa.com\\\/\",\"logo\":{\"@type\":\"ImageObject\",\"inLanguage\":\"pt-BR\",\"@id\":\"https:\\\/\\\/atividademapa.com\\\/#\\\/schema\\\/logo\\\/image\\\/\",\"url\":\"https:\\\/\\\/i0.wp.com\\\/atividademapa.com\\\/wp-content\\\/uploads\\\/2023\\\/02\\\/ATIVIDADE.png?fit=600%2C300&ssl=1\",\"contentUrl\":\"https:\\\/\\\/i0.wp.com\\\/atividademapa.com\\\/wp-content\\\/uploads\\\/2023\\\/02\\\/ATIVIDADE.png?fit=600%2C300&ssl=1\",\"width\":600,\"height\":300,\"caption\":\"Atividade MAPA\"},\"image\":{\"@id\":\"https:\\\/\\\/atividademapa.com\\\/#\\\/schema\\\/logo\\\/image\\\/\"}}]}<\/script>\n<!-- \/ Yoast SEO plugin. -->","yoast_head_json":{"title":"MAPA - Contabilidade Atividades Econ\u00f4micas Espec\u00edficas 54\/2024","description":"Atividade MAPA - Contabilidade Atividades Econ\u00f4micas Espec\u00edficas 54\/2024 &#8902; Unicesumar. Baixe agora mesmo um Mapa Pronto resolvido!","robots":{"index":"index","follow":"follow","max-snippet":"max-snippet:-1","max-image-preview":"max-image-preview:large","max-video-preview":"max-video-preview:-1"},"canonical":"https:\/\/atividademapa.com\/?product=mapa-contabilidade-atividades-economicas-especificas-54-2024","og_locale":"pt_BR","og_type":"article","og_title":"MAPA - Contabilidade Atividades Econ\u00f4micas Espec\u00edficas 54\/2024","og_description":"Atividade MAPA - Contabilidade Atividades Econ\u00f4micas Espec\u00edficas 54\/2024 &#8902; Unicesumar. Baixe agora mesmo um Mapa Pronto resolvido!","og_url":"https:\/\/atividademapa.com\/?product=mapa-contabilidade-atividades-economicas-especificas-54-2024","og_site_name":"Atividade Mapa","article_modified_time":"2024-11-17T15:09:38+00:00","og_image":[{"width":300,"height":300,"url":"https:\/\/i0.wp.com\/atividademapa.com\/wp-content\/uploads\/2023\/03\/Atividade-M.A.P.A-3.png?fit=300%2C300&ssl=1","type":"image\/png"}],"twitter_card":"summary_large_image","twitter_misc":{"Est. tempo de leitura":"2 minutos"},"schema":{"@context":"https:\/\/schema.org","@graph":[{"@type":"WebPage","@id":"https:\/\/atividademapa.com\/?product=mapa-contabilidade-atividades-economicas-especificas-54-2024","url":"https:\/\/atividademapa.com\/?product=mapa-contabilidade-atividades-economicas-especificas-54-2024","name":"MAPA - Contabilidade Atividades Econ\u00f4micas Espec\u00edficas 54\/2024","isPartOf":{"@id":"https:\/\/atividademapa.com\/#website"},"primaryImageOfPage":{"@id":"https:\/\/atividademapa.com\/?product=mapa-contabilidade-atividades-economicas-especificas-54-2024#primaryimage"},"image":{"@id":"https:\/\/atividademapa.com\/?product=mapa-contabilidade-atividades-economicas-especificas-54-2024#primaryimage"},"thumbnailUrl":"https:\/\/i0.wp.com\/atividademapa.com\/wp-content\/uploads\/2023\/03\/Atividade-M.A.P.A-3.png?fit=300%2C300&ssl=1","datePublished":"2024-11-17T15:09:36+00:00","dateModified":"2024-11-17T15:09:38+00:00","description":"Atividade MAPA - Contabilidade Atividades Econ\u00f4micas Espec\u00edficas 54\/2024 &#8902; Unicesumar. Baixe agora mesmo um Mapa Pronto resolvido!","breadcrumb":{"@id":"https:\/\/atividademapa.com\/?product=mapa-contabilidade-atividades-economicas-especificas-54-2024#breadcrumb"},"inLanguage":"pt-BR","potentialAction":[{"@type":"ReadAction","target":["https:\/\/atividademapa.com\/?product=mapa-contabilidade-atividades-economicas-especificas-54-2024"]}]},{"@type":"ImageObject","inLanguage":"pt-BR","@id":"https:\/\/atividademapa.com\/?product=mapa-contabilidade-atividades-economicas-especificas-54-2024#primaryimage","url":"https:\/\/i0.wp.com\/atividademapa.com\/wp-content\/uploads\/2023\/03\/Atividade-M.A.P.A-3.png?fit=300%2C300&ssl=1","contentUrl":"https:\/\/i0.wp.com\/atividademapa.com\/wp-content\/uploads\/2023\/03\/Atividade-M.A.P.A-3.png?fit=300%2C300&ssl=1","width":300,"height":300,"caption":"Mapa Unicesumar Atividade"},{"@type":"BreadcrumbList","@id":"https:\/\/atividademapa.com\/?product=mapa-contabilidade-atividades-economicas-especificas-54-2024#breadcrumb","itemListElement":[{"@type":"ListItem","position":1,"name":"In\u00edcio","item":"https:\/\/atividademapa.com\/"},{"@type":"ListItem","position":2,"name":"MAPAS","item":"https:\/\/atividademapa.com\/?page_id=5"},{"@type":"ListItem","position":3,"name":"MAPA &#8211; Contabilidade Atividades Econ\u00f4micas Espec\u00edficas 54\/2024"}]},{"@type":"WebSite","@id":"https:\/\/atividademapa.com\/#website","url":"https:\/\/atividademapa.com\/","name":"Atividade Mapa","description":"StudeO | Unicesumar","publisher":{"@id":"https:\/\/atividademapa.com\/#organization"},"potentialAction":[{"@type":"SearchAction","target":{"@type":"EntryPoint","urlTemplate":"https:\/\/atividademapa.com\/?s={search_term_string}"},"query-input":{"@type":"PropertyValueSpecification","valueRequired":true,"valueName":"search_term_string"}}],"inLanguage":"pt-BR"},{"@type":"Organization","@id":"https:\/\/atividademapa.com\/#organization","name":"Atividade MAPA","url":"https:\/\/atividademapa.com\/","logo":{"@type":"ImageObject","inLanguage":"pt-BR","@id":"https:\/\/atividademapa.com\/#\/schema\/logo\/image\/","url":"https:\/\/i0.wp.com\/atividademapa.com\/wp-content\/uploads\/2023\/02\/ATIVIDADE.png?fit=600%2C300&ssl=1","contentUrl":"https:\/\/i0.wp.com\/atividademapa.com\/wp-content\/uploads\/2023\/02\/ATIVIDADE.png?fit=600%2C300&ssl=1","width":600,"height":300,"caption":"Atividade MAPA"},"image":{"@id":"https:\/\/atividademapa.com\/#\/schema\/logo\/image\/"}}]}},"_links":{"self":[{"href":"https:\/\/atividademapa.com\/index.php?rest_route=\/wp\/v2\/product\/4954","targetHints":{"allow":["GET"]}}],"collection":[{"href":"https:\/\/atividademapa.com\/index.php?rest_route=\/wp\/v2\/product"}],"about":[{"href":"https:\/\/atividademapa.com\/index.php?rest_route=\/wp\/v2\/types\/product"}],"version-history":[{"count":1,"href":"https:\/\/atividademapa.com\/index.php?rest_route=\/wp\/v2\/product\/4954\/revisions"}],"predecessor-version":[{"id":4956,"href":"https:\/\/atividademapa.com\/index.php?rest_route=\/wp\/v2\/product\/4954\/revisions\/4956"}],"wp:featuredmedia":[{"embeddable":true,"href":"https:\/\/atividademapa.com\/index.php?rest_route=\/wp\/v2\/media\/2326"}],"wp:attachment":[{"href":"https:\/\/atividademapa.com\/index.php?rest_route=%2Fwp%2Fv2%2Fmedia&parent=4954"}],"wp:term":[{"taxonomy":"product_brand","embeddable":true,"href":"https:\/\/atividademapa.com\/index.php?rest_route=%2Fwp%2Fv2%2Fproduct_brand&post=4954"},{"taxonomy":"product_cat","embeddable":true,"href":"https:\/\/atividademapa.com\/index.php?rest_route=%2Fwp%2Fv2%2Fproduct_cat&post=4954"},{"taxonomy":"product_tag","embeddable":true,"href":"https:\/\/atividademapa.com\/index.php?rest_route=%2Fwp%2Fv2%2Fproduct_tag&post=4954"}],"curies":[{"name":"wp","href":"https:\/\/api.w.org\/{rel}","templated":true}]}}