{"id":4958,"date":"2024-11-17T13:45:50","date_gmt":"2024-11-17T16:45:50","guid":{"rendered":"https:\/\/atividademapa.com\/?post_type=product&#038;p=4958"},"modified":"2024-11-17T13:46:03","modified_gmt":"2024-11-17T16:46:03","slug":"mapa-ccont-contabilidade-de-custos-54-2024","status":"publish","type":"product","link":"https:\/\/atividademapa.com\/?product=mapa-ccont-contabilidade-de-custos-54-2024","title":{"rendered":"MAPA &#8211; CCONT &#8211; CONTABILIDADE DE CUSTOS 54\/2024"},"content":{"rendered":"<p>MAPA &#8211; CCONT &#8211; CONTABILIDADE DE CUSTOS 54\/2024<\/p>\n<p>Imagine a seguinte situa\u00e7\u00e3o hipot\u00e9tica: Em uma conversa com o gestor de uma empresa, este lhe informa que a empresa est\u00e1 realizando uma modifica\u00e7\u00e3o em sua estrutura organizacional e que a contabilidade, que antes era realizada externamente por uma empresa de assessoria, agora passar\u00e1 a ser realizada dentro da empresa. O gestor oferece-lhe a vaga como contador da organiza\u00e7\u00e3o, voc\u00ea aceita e passa a fazer parte da empresa denominada Plastinor Embalagens Pl\u00e1sticas Ltda.<\/p>\n<p>Assim, voc\u00ea assume em 1\u00ba de janeiro de 2024, a responsabilidade pela contabilidade gerencial e fiscal da empresa Plastinor, registrando todas as transa\u00e7\u00f5es financeiras e gerando os demonstrativos necess\u00e1rios para embasar as decis\u00f5es estrat\u00e9gicas.<\/p>\n<p>Ao realizar um primeiro levantamento acerca da organiza\u00e7\u00e3o, voc\u00ea percebe a aus\u00eancia de um controle de estoque, assim, voc\u00ea como profissional qualificado decide iniciar pelo controle de estoques de mat\u00e9ria prima. Ent\u00e3o, voc\u00ea encontra apenas uma mat\u00e9ria prima na organiza\u00e7\u00e3o, o polietileno de alta densidade (PEAD), sendo adquirido em quilos. Deste modo, voc\u00ea solicita a contagem f\u00edsica do produto PEAD ao respons\u00e1vel, enquanto voc\u00ea faz a busca do hist\u00f3rico da \u00faltima compra.<\/p>\n<p>Nesse momento, voc\u00ea se recordou das aulas de contabilidade de custos e percebeu que essa \u00e1rea se conecta diretamente \u00e0 necessidade de prover informa\u00e7\u00f5es de natureza econ\u00f4mica, financeira e patrimonial para que os gestores possam analisar e tomar decis\u00f5es.<\/p>\n<p>As informa\u00e7\u00f5es produzidas pela contabilidade de custos podem fazer a diferen\u00e7a entre o sucesso e o fracasso dos empreendimentos. Al\u00e9m disso, nas disciplinas de Contabilidade, voc\u00ea adquiriu uma compreens\u00e3o acerca do Balan\u00e7o Patrimonial e da Demonstra\u00e7\u00e3o de Resultado, fornecendo-lhe um conhecimento pr\u00e9vio importante para calcular os resultados a partir dos custos.<\/p>\n<p>Ao combinar os conceitos da contabilidade de custos, incluindo a classifica\u00e7\u00e3o e o m\u00e9todo de custeio, com seu conhecimento sobre demonstra\u00e7\u00f5es financeiras, voc\u00ea possui todas as habilidades necess\u00e1rias para gerar informa\u00e7\u00f5es cruciais para a Plastinor.<\/p>\n<p>Fonte: Elaborado pela professora, 2024.<\/p>\n<p>Em 31\/12\/2023, a empresa apresentou as seguintes informa\u00e7\u00f5es:<\/p>\n<p>Quadro 01 &#8211; Informa\u00e7\u00f5es para an\u00e1lise.<\/p>\n<p>Fonte: Elaborado pela professora, 2024.<\/p>\n<p>Segunda etapa \u2013 CONSIDERAR a situa\u00e7\u00e3o-problema e REALIZAR a atividade.\u200b<\/p>\n<p>&nbsp;<\/p>\n<p>A empresa optou pelo enquadramento tribut\u00e1rio no Lucro Real e o sistema de custeio que voc\u00ea optou em adotar \u00e9 o Custeio por Absor\u00e7\u00e3o.<\/p>\n<p>Segundo dados hist\u00f3ricos da Pastinor Ltda e, como informado anteriormente, na produ\u00e7\u00e3o das embalagens utiliza-se somente uma mat\u00e9ria prima: o polietileno de alta densidade (PEAD).<\/p>\n<p>S\u00e3o tr\u00eas os produtos produzidos pela empresa: o rolo da embalagem hortifruti Pequeno (P), o M\u00e9dio (M) e o Grande (G).<\/p>\n<p>Para a produ\u00e7\u00e3o mensal dos rolos de embalagem s\u00e3o utilizadas as seguintes quantidades de mat\u00e9ria prima:<\/p>\n<p>&#8211; Na produ\u00e7\u00e3o de um rolo da embalagem P \u00e9 consumido 1 kg de mat\u00e9ria prima PEAD. Ser\u00e3o produzidos 200 rolos.<\/p>\n<p>&#8211; Na produ\u00e7\u00e3o de um rolo da embalagem M \u00e9 consumido 1,5 kg de mat\u00e9ria prima PEAD. Ser\u00e3o produzidos 66 rolos.<\/p>\n<p>&#8211; Na produ\u00e7\u00e3o de um rolo da embalagem G s\u00e3o consumidos 2 kg de mat\u00e9ria prima PEAD. Ser\u00e3o produzidos 50 rolos.<\/p>\n<p>Segue demais informa\u00e7\u00f5es cruciais:<\/p>\n<p>&#8211; A contagem f\u00edsica do estoque informa que j\u00e1 existem 399 kg de PEAD em estoque. Por sua vez, voc\u00ea localizou a nota fiscal da \u00faltima compra, na qual foram adquiridos esses 399 kg de PEAD pelo valor total de R$56.250,00,\u00a0 j\u00e1 incluso no valor o imposto recuper\u00e1vel de 12% de ICMS.<\/p>\n<p>&#8211; N\u00e3o h\u00e1 estoques de produtos acabados, devido ao grande volume de vendas aos clientes no final do ano de 2023.<\/p>\n<p>&#8211; Para a produ\u00e7\u00e3o dos rolos de embalagem utiliza-se uma m\u00e1quina de extrus\u00e3o que em 31\/12\/2023 completou 1 ano de uso (para fins did\u00e1ticos, considere o m\u00e9todo linear, a vida \u00fatil de 10 anos e desconsidere o valor residual).<\/p>\n<p>&#8211; Apenas 1 (um) funcion\u00e1rio \u00e9 respons\u00e1vel pelo processo produtivo, cujo sal\u00e1rio mensal + encargos somam R$5.000,00.<\/p>\n<p>&#8211; Para cada kg de mat\u00e9ria prima processada, o consumo de energia el\u00e9trica \u00e9 de R$12,50.<\/p>\n<p>Dadas essas informa\u00e7\u00f5es, considere as seguintes movimenta\u00e7\u00f5es do m\u00eas de janeiro de 2024:<\/p>\n<p>Fato 01 &#8211; 02\/01\/2024: Compra a prazo de 300 kg PEAD, do fornecedor Willplas nota fiscal 1402, pelo valor de R$ 150,00\/kg, j\u00e1 incluso no valor o imposto recuper\u00e1vel de 12% de ICMS (para fins did\u00e1ticos, desconsidere outros tributos).<\/p>\n<p>Fato 02 &#8211; 02\/01\/2024: Requisi\u00e7\u00e3o e baixa de 399 kg do estoque de mat\u00e9ria prima PEAD para produ\u00e7\u00e3o de rolos de embalagens.<\/p>\n<p>Fato 03 &#8211; 05\/01\/2024: Venda a prazo para o Mercadcenter pelo valor de R$343,00\/rolo das seguintes quantidades: 150 rolos de embalagens P, 60 rolos de embalagens M e 50 rolos de embalagens G, com ICMS de 12% (para fins did\u00e1ticos, desconsidere outros tributos).<\/p>\n<p>Ap\u00f3s a leitura e compreens\u00e3o dos dados acima, fa\u00e7a o que se pede:<\/p>\n<p>1) Preencher a ficha de controle de estoque da mat\u00e9ria-prima PEAD, utilizando o crit\u00e9rio do custo m\u00e9dio (m\u00e9dia ponderada m\u00f3vel).<\/p>\n<p>2) Apurar os custos diretos e indiretos consumidos no per\u00edodo.<\/p>\n<p>3) Apurar o Custo Total de produ\u00e7\u00e3o e o Custo unit\u00e1rio por rolo de cada tipo de embalagem.<\/p>\n<p>4) Preencher a ficha de controle de estoque de cada um dos produtos acabados (rolos de embalagens).<\/p>\n<p>5) Preencher a Demonstra\u00e7\u00e3o de Resultado do Exerc\u00edcio.<\/p>\n","protected":false},"excerpt":{"rendered":"<p>MAPA &#8211; CCONT &#8211; CONTABILIDADE DE CUSTOS 54\/2024 Imagine a seguinte situa\u00e7\u00e3o hipot\u00e9tica: Em uma conversa com o gestor de<\/p>\n","protected":false},"featured_media":2326,"template":"","meta":{"_monsterinsights_skip_tracking":false,"_monsterinsights_sitenote_active":false,"_monsterinsights_sitenote_note":"","_monsterinsights_sitenote_category":0},"product_brand":[],"product_cat":[46],"product_tag":[],"class_list":{"0":"post-4958","1":"product","2":"type-product","3":"status-publish","4":"has-post-thumbnail","6":"product_cat-ciencias-contabeis","8":"first","9":"instock","10":"downloadable","11":"virtual","12":"purchasable","13":"product-type-simple"},"yoast_head":"<!-- This site is optimized with the Yoast SEO plugin v27.4 - https:\/\/yoast.com\/product\/yoast-seo-wordpress\/ -->\n<title>MAPA - CCONT - CONTABILIDADE DE CUSTOS 54\/2024<\/title>\n<meta name=\"description\" content=\"Atividade MAPA - CCONT - CONTABILIDADE DE CUSTOS 54\/2024 &#8902; Unicesumar. Baixe agora mesmo um Mapa Pronto resolvido!\" \/>\n<meta name=\"robots\" content=\"index, follow, max-snippet:-1, max-image-preview:large, max-video-preview:-1\" \/>\n<link rel=\"canonical\" href=\"https:\/\/atividademapa.com\/?product=mapa-ccont-contabilidade-de-custos-54-2024\" \/>\n<meta property=\"og:locale\" content=\"pt_BR\" \/>\n<meta property=\"og:type\" content=\"article\" \/>\n<meta property=\"og:title\" content=\"MAPA - CCONT - CONTABILIDADE DE CUSTOS 54\/2024\" \/>\n<meta property=\"og:description\" content=\"Atividade MAPA - CCONT - CONTABILIDADE DE CUSTOS 54\/2024 &#8902; Unicesumar. Baixe agora mesmo um Mapa Pronto resolvido!\" \/>\n<meta property=\"og:url\" content=\"https:\/\/atividademapa.com\/?product=mapa-ccont-contabilidade-de-custos-54-2024\" \/>\n<meta property=\"og:site_name\" content=\"Atividade Mapa\" \/>\n<meta property=\"article:modified_time\" content=\"2024-11-17T16:46:03+00:00\" \/>\n<meta property=\"og:image\" content=\"https:\/\/i0.wp.com\/atividademapa.com\/wp-content\/uploads\/2023\/03\/Atividade-M.A.P.A-3.png?fit=300%2C300&ssl=1\" \/>\n\t<meta property=\"og:image:width\" content=\"300\" \/>\n\t<meta property=\"og:image:height\" content=\"300\" \/>\n\t<meta property=\"og:image:type\" content=\"image\/png\" \/>\n<meta name=\"twitter:card\" content=\"summary_large_image\" \/>\n<meta name=\"twitter:label1\" content=\"Est. tempo de leitura\" \/>\n\t<meta name=\"twitter:data1\" content=\"4 minutos\" \/>\n<script type=\"application\/ld+json\" class=\"yoast-schema-graph\">{\"@context\":\"https:\\\/\\\/schema.org\",\"@graph\":[{\"@type\":\"WebPage\",\"@id\":\"https:\\\/\\\/atividademapa.com\\\/?product=mapa-ccont-contabilidade-de-custos-54-2024\",\"url\":\"https:\\\/\\\/atividademapa.com\\\/?product=mapa-ccont-contabilidade-de-custos-54-2024\",\"name\":\"MAPA - CCONT - CONTABILIDADE DE CUSTOS 54\\\/2024\",\"isPartOf\":{\"@id\":\"https:\\\/\\\/atividademapa.com\\\/#website\"},\"primaryImageOfPage\":{\"@id\":\"https:\\\/\\\/atividademapa.com\\\/?product=mapa-ccont-contabilidade-de-custos-54-2024#primaryimage\"},\"image\":{\"@id\":\"https:\\\/\\\/atividademapa.com\\\/?product=mapa-ccont-contabilidade-de-custos-54-2024#primaryimage\"},\"thumbnailUrl\":\"https:\\\/\\\/i0.wp.com\\\/atividademapa.com\\\/wp-content\\\/uploads\\\/2023\\\/03\\\/Atividade-M.A.P.A-3.png?fit=300%2C300&ssl=1\",\"datePublished\":\"2024-11-17T16:45:50+00:00\",\"dateModified\":\"2024-11-17T16:46:03+00:00\",\"description\":\"Atividade MAPA - CCONT - CONTABILIDADE DE CUSTOS 54\\\/2024 &#8902; Unicesumar. Baixe agora mesmo um Mapa Pronto resolvido!\",\"breadcrumb\":{\"@id\":\"https:\\\/\\\/atividademapa.com\\\/?product=mapa-ccont-contabilidade-de-custos-54-2024#breadcrumb\"},\"inLanguage\":\"pt-BR\",\"potentialAction\":[{\"@type\":\"ReadAction\",\"target\":[\"https:\\\/\\\/atividademapa.com\\\/?product=mapa-ccont-contabilidade-de-custos-54-2024\"]}]},{\"@type\":\"ImageObject\",\"inLanguage\":\"pt-BR\",\"@id\":\"https:\\\/\\\/atividademapa.com\\\/?product=mapa-ccont-contabilidade-de-custos-54-2024#primaryimage\",\"url\":\"https:\\\/\\\/i0.wp.com\\\/atividademapa.com\\\/wp-content\\\/uploads\\\/2023\\\/03\\\/Atividade-M.A.P.A-3.png?fit=300%2C300&ssl=1\",\"contentUrl\":\"https:\\\/\\\/i0.wp.com\\\/atividademapa.com\\\/wp-content\\\/uploads\\\/2023\\\/03\\\/Atividade-M.A.P.A-3.png?fit=300%2C300&ssl=1\",\"width\":300,\"height\":300,\"caption\":\"Mapa Unicesumar Atividade\"},{\"@type\":\"BreadcrumbList\",\"@id\":\"https:\\\/\\\/atividademapa.com\\\/?product=mapa-ccont-contabilidade-de-custos-54-2024#breadcrumb\",\"itemListElement\":[{\"@type\":\"ListItem\",\"position\":1,\"name\":\"In\u00edcio\",\"item\":\"https:\\\/\\\/atividademapa.com\\\/\"},{\"@type\":\"ListItem\",\"position\":2,\"name\":\"MAPAS\",\"item\":\"https:\\\/\\\/atividademapa.com\\\/?page_id=5\"},{\"@type\":\"ListItem\",\"position\":3,\"name\":\"MAPA &#8211; CCONT &#8211; CONTABILIDADE DE CUSTOS 54\\\/2024\"}]},{\"@type\":\"WebSite\",\"@id\":\"https:\\\/\\\/atividademapa.com\\\/#website\",\"url\":\"https:\\\/\\\/atividademapa.com\\\/\",\"name\":\"Atividade Mapa\",\"description\":\"StudeO | Unicesumar\",\"publisher\":{\"@id\":\"https:\\\/\\\/atividademapa.com\\\/#organization\"},\"potentialAction\":[{\"@type\":\"SearchAction\",\"target\":{\"@type\":\"EntryPoint\",\"urlTemplate\":\"https:\\\/\\\/atividademapa.com\\\/?s={search_term_string}\"},\"query-input\":{\"@type\":\"PropertyValueSpecification\",\"valueRequired\":true,\"valueName\":\"search_term_string\"}}],\"inLanguage\":\"pt-BR\"},{\"@type\":\"Organization\",\"@id\":\"https:\\\/\\\/atividademapa.com\\\/#organization\",\"name\":\"Atividade MAPA\",\"url\":\"https:\\\/\\\/atividademapa.com\\\/\",\"logo\":{\"@type\":\"ImageObject\",\"inLanguage\":\"pt-BR\",\"@id\":\"https:\\\/\\\/atividademapa.com\\\/#\\\/schema\\\/logo\\\/image\\\/\",\"url\":\"https:\\\/\\\/i0.wp.com\\\/atividademapa.com\\\/wp-content\\\/uploads\\\/2023\\\/02\\\/ATIVIDADE.png?fit=600%2C300&ssl=1\",\"contentUrl\":\"https:\\\/\\\/i0.wp.com\\\/atividademapa.com\\\/wp-content\\\/uploads\\\/2023\\\/02\\\/ATIVIDADE.png?fit=600%2C300&ssl=1\",\"width\":600,\"height\":300,\"caption\":\"Atividade MAPA\"},\"image\":{\"@id\":\"https:\\\/\\\/atividademapa.com\\\/#\\\/schema\\\/logo\\\/image\\\/\"}}]}<\/script>\n<!-- \/ Yoast SEO plugin. -->","yoast_head_json":{"title":"MAPA - CCONT - CONTABILIDADE DE CUSTOS 54\/2024","description":"Atividade MAPA - CCONT - CONTABILIDADE DE CUSTOS 54\/2024 &#8902; Unicesumar. Baixe agora mesmo um Mapa Pronto resolvido!","robots":{"index":"index","follow":"follow","max-snippet":"max-snippet:-1","max-image-preview":"max-image-preview:large","max-video-preview":"max-video-preview:-1"},"canonical":"https:\/\/atividademapa.com\/?product=mapa-ccont-contabilidade-de-custos-54-2024","og_locale":"pt_BR","og_type":"article","og_title":"MAPA - CCONT - CONTABILIDADE DE CUSTOS 54\/2024","og_description":"Atividade MAPA - CCONT - CONTABILIDADE DE CUSTOS 54\/2024 &#8902; Unicesumar. Baixe agora mesmo um Mapa Pronto resolvido!","og_url":"https:\/\/atividademapa.com\/?product=mapa-ccont-contabilidade-de-custos-54-2024","og_site_name":"Atividade Mapa","article_modified_time":"2024-11-17T16:46:03+00:00","og_image":[{"width":300,"height":300,"url":"https:\/\/i0.wp.com\/atividademapa.com\/wp-content\/uploads\/2023\/03\/Atividade-M.A.P.A-3.png?fit=300%2C300&ssl=1","type":"image\/png"}],"twitter_card":"summary_large_image","twitter_misc":{"Est. tempo de leitura":"4 minutos"},"schema":{"@context":"https:\/\/schema.org","@graph":[{"@type":"WebPage","@id":"https:\/\/atividademapa.com\/?product=mapa-ccont-contabilidade-de-custos-54-2024","url":"https:\/\/atividademapa.com\/?product=mapa-ccont-contabilidade-de-custos-54-2024","name":"MAPA - CCONT - CONTABILIDADE DE CUSTOS 54\/2024","isPartOf":{"@id":"https:\/\/atividademapa.com\/#website"},"primaryImageOfPage":{"@id":"https:\/\/atividademapa.com\/?product=mapa-ccont-contabilidade-de-custos-54-2024#primaryimage"},"image":{"@id":"https:\/\/atividademapa.com\/?product=mapa-ccont-contabilidade-de-custos-54-2024#primaryimage"},"thumbnailUrl":"https:\/\/i0.wp.com\/atividademapa.com\/wp-content\/uploads\/2023\/03\/Atividade-M.A.P.A-3.png?fit=300%2C300&ssl=1","datePublished":"2024-11-17T16:45:50+00:00","dateModified":"2024-11-17T16:46:03+00:00","description":"Atividade MAPA - CCONT - CONTABILIDADE DE CUSTOS 54\/2024 &#8902; Unicesumar. Baixe agora mesmo um Mapa Pronto resolvido!","breadcrumb":{"@id":"https:\/\/atividademapa.com\/?product=mapa-ccont-contabilidade-de-custos-54-2024#breadcrumb"},"inLanguage":"pt-BR","potentialAction":[{"@type":"ReadAction","target":["https:\/\/atividademapa.com\/?product=mapa-ccont-contabilidade-de-custos-54-2024"]}]},{"@type":"ImageObject","inLanguage":"pt-BR","@id":"https:\/\/atividademapa.com\/?product=mapa-ccont-contabilidade-de-custos-54-2024#primaryimage","url":"https:\/\/i0.wp.com\/atividademapa.com\/wp-content\/uploads\/2023\/03\/Atividade-M.A.P.A-3.png?fit=300%2C300&ssl=1","contentUrl":"https:\/\/i0.wp.com\/atividademapa.com\/wp-content\/uploads\/2023\/03\/Atividade-M.A.P.A-3.png?fit=300%2C300&ssl=1","width":300,"height":300,"caption":"Mapa Unicesumar Atividade"},{"@type":"BreadcrumbList","@id":"https:\/\/atividademapa.com\/?product=mapa-ccont-contabilidade-de-custos-54-2024#breadcrumb","itemListElement":[{"@type":"ListItem","position":1,"name":"In\u00edcio","item":"https:\/\/atividademapa.com\/"},{"@type":"ListItem","position":2,"name":"MAPAS","item":"https:\/\/atividademapa.com\/?page_id=5"},{"@type":"ListItem","position":3,"name":"MAPA &#8211; CCONT &#8211; CONTABILIDADE DE CUSTOS 54\/2024"}]},{"@type":"WebSite","@id":"https:\/\/atividademapa.com\/#website","url":"https:\/\/atividademapa.com\/","name":"Atividade Mapa","description":"StudeO | Unicesumar","publisher":{"@id":"https:\/\/atividademapa.com\/#organization"},"potentialAction":[{"@type":"SearchAction","target":{"@type":"EntryPoint","urlTemplate":"https:\/\/atividademapa.com\/?s={search_term_string}"},"query-input":{"@type":"PropertyValueSpecification","valueRequired":true,"valueName":"search_term_string"}}],"inLanguage":"pt-BR"},{"@type":"Organization","@id":"https:\/\/atividademapa.com\/#organization","name":"Atividade MAPA","url":"https:\/\/atividademapa.com\/","logo":{"@type":"ImageObject","inLanguage":"pt-BR","@id":"https:\/\/atividademapa.com\/#\/schema\/logo\/image\/","url":"https:\/\/i0.wp.com\/atividademapa.com\/wp-content\/uploads\/2023\/02\/ATIVIDADE.png?fit=600%2C300&ssl=1","contentUrl":"https:\/\/i0.wp.com\/atividademapa.com\/wp-content\/uploads\/2023\/02\/ATIVIDADE.png?fit=600%2C300&ssl=1","width":600,"height":300,"caption":"Atividade MAPA"},"image":{"@id":"https:\/\/atividademapa.com\/#\/schema\/logo\/image\/"}}]}},"_links":{"self":[{"href":"https:\/\/atividademapa.com\/index.php?rest_route=\/wp\/v2\/product\/4958","targetHints":{"allow":["GET"]}}],"collection":[{"href":"https:\/\/atividademapa.com\/index.php?rest_route=\/wp\/v2\/product"}],"about":[{"href":"https:\/\/atividademapa.com\/index.php?rest_route=\/wp\/v2\/types\/product"}],"version-history":[{"count":2,"href":"https:\/\/atividademapa.com\/index.php?rest_route=\/wp\/v2\/product\/4958\/revisions"}],"predecessor-version":[{"id":4961,"href":"https:\/\/atividademapa.com\/index.php?rest_route=\/wp\/v2\/product\/4958\/revisions\/4961"}],"wp:featuredmedia":[{"embeddable":true,"href":"https:\/\/atividademapa.com\/index.php?rest_route=\/wp\/v2\/media\/2326"}],"wp:attachment":[{"href":"https:\/\/atividademapa.com\/index.php?rest_route=%2Fwp%2Fv2%2Fmedia&parent=4958"}],"wp:term":[{"taxonomy":"product_brand","embeddable":true,"href":"https:\/\/atividademapa.com\/index.php?rest_route=%2Fwp%2Fv2%2Fproduct_brand&post=4958"},{"taxonomy":"product_cat","embeddable":true,"href":"https:\/\/atividademapa.com\/index.php?rest_route=%2Fwp%2Fv2%2Fproduct_cat&post=4958"},{"taxonomy":"product_tag","embeddable":true,"href":"https:\/\/atividademapa.com\/index.php?rest_route=%2Fwp%2Fv2%2Fproduct_tag&post=4958"}],"curies":[{"name":"wp","href":"https:\/\/api.w.org\/{rel}","templated":true}]}}