{"id":4969,"date":"2024-11-18T23:54:22","date_gmt":"2024-11-19T02:54:22","guid":{"rendered":"https:\/\/atividademapa.com\/?post_type=product&#038;p=4969"},"modified":"2024-11-18T23:54:23","modified_gmt":"2024-11-19T02:54:23","slug":"mapa-pericia-forense-54-2024","status":"publish","type":"product","link":"https:\/\/atividademapa.com\/?product=mapa-pericia-forense-54-2024","title":{"rendered":"Mapa Per\u00edcia Forense 54\/2024"},"content":{"rendered":"<p>Mapa Per\u00edcia Forense 54\/2024<\/p>\n<p>Por que em um processo criminal as partes podem solicitar um Assistente T\u00e9cnico? Como os Assistentes T\u00e9cnicos podem interferir com os resultados dos exames periciais? Quais contribui\u00e7\u00f5es os Assistentes T\u00e9cnicos podem trazer para o julgamento?<\/p>\n<p>Segundo o F\u00f3rum Brasileiro de Seguran\u00e7a P\u00fablica, o n\u00famero de Homic\u00eddio Dolosos no ano de 2022 foi 39.519. Cada uma dessas mortes pode representar um local de crime que deve ser investigado e periciado. Cabe ao perito criminal examinar os vest\u00edgios presentes nestes<\/p>\n<p>locais buscando se aproximar ao m\u00e1ximo da verdade dos fatos, inferindo, sempre que poss\u00edvel, um din\u00e2mica para os eventos e identificando os autores desses eventos. Em muitos desses casos, entretanto, os peritos podem cometer equ\u00edvocos ou realizar exames superficiais,<\/p>\n<p>resultando em laudos incompletos ou at\u00e9 d\u00fabios, levando os operadores do direito a tirarem conclus\u00f5es equivocadas ou mesmo err\u00f4neas sobre o fato. \u00c9 com o prop\u00f3sito de se confirmar as conclus\u00f5es periciais ou question\u00e1-las, quando necess\u00e1rio, que o Assistente T\u00e9cnico<\/p>\n<p>desempenha sua fun\u00e7\u00e3o no processo criminal.<\/p>\n<p>Para este trabalho, imagine que voc\u00ea \u00e9 um assistente t\u00e9cnico contrato para auxiliar o r\u00e9u quanto ao exame das conclus\u00f5es periciais, corroborando essas ou as questionando, formulando quesitos quando necess\u00e1rio.<\/p>\n<p>No caso em quest\u00e3o, seu cliente (o r\u00e9u) alega ser inocente do homic\u00eddio para o qual est\u00e1 sendo acusado.<\/p>\n<p>O r\u00e9u era vizinho da v\u00edtima e era amplamente conhecido da vizinhan\u00e7a que o r\u00e9u e a v\u00edtima discutiam de forma alterada e se amea\u00e7avam mutuamente. Na noite da segunda-feira dia 12 de outubro, a v\u00edtima fora encontrada sem vida no p\u00e1tio posterior de sua resid\u00eancia, sendo<\/p>\n<p>o vizinho acusado e preso pelos pol\u00edcias que se encontravam no local. O perito criminal que atendeu o caso emitiu um laudo pericial (em anexo), o qual ser\u00e1 examinado por voc\u00ea com a finalidade de avaliar as conclus\u00f5es do perito e formular quesitos que possam auxiliar na<\/p>\n<p>defesa do seu cliente. Com base nos conhecimentos e estudos adquiridos no decorrer da Disciplina de Investiga\u00e7\u00e3o Forense e Per\u00edcia Criminal, quais aspectos do laudo pericial devem ser analisados a fim de corroborar ou refutar suas conclus\u00f5es? Os vest\u00edgios foram correta e completamente examinados?<\/p>\n<p>\u00c9 fun\u00e7\u00e3o do Assistente T\u00e9cnico, descrita no C\u00f3digo de Processo Penal, auxiliar as partes de processo penal na interpreta\u00e7\u00e3o dos resultados, na realiza\u00e7\u00e3o de exames complementares e na formula\u00e7\u00e3o de quesitos. Com base nestes objetivos, o assistente t\u00e9cnico deve<\/p>\n<p>apresentar um parecer t\u00e9cnico debatendo as conclus\u00f5es do perito, criticando-as ou concordando com elas. Esse parecer t\u00e9cnico deve ser justificado, trazendo a explica\u00e7\u00e3o t\u00e9cnica do que for questionado.<\/p>\n<p>Com todas as informa\u00e7\u00f5es expostas acima, \u00e9 hora de agir! Nesta atividade voc\u00ea, atuando como Auxiliar T\u00e9cnico do r\u00e9u, e ser\u00e1 respons\u00e1vel por <strong>analisar o Laudo Pericial (dispon\u00edvel no MATERIAL DA DISCIPLINA) <\/strong>e apresentar um parecer t\u00e9cnico com os respectivos<\/p>\n<p>quesitos. Voc\u00ea dever\u00e1 pensar na estrutura do material, abordando os conceitos essenciais para que uma pessoa leiga entenda o que for apresentado.<\/p>\n<p>Com este objetivo, voc\u00ea dever\u00e1 analisar, pesquisar e responder cada item apresentado a seguir, com a finalidade de estruturar o parecer t\u00e9cnico. Apresente as respostas no formato de texto (m\u00e1ximo 30 linhas).<\/p>\n<ol>\n<li>a) Cite e explique os exames que devem ser realizados para caracterizar um local de crime com a morte da v\u00edtima.<\/li>\n<li>b) Explique o que \u00e9 cadeia de cust\u00f3dia e como a falha na sua execu\u00e7\u00e3o pode comprometer a investiga\u00e7\u00e3o e todo o processo criminal.<\/li>\n<li>c) Cite e explique os exames que devem ser realizados nas armas de fogo presentes em locais com morte violenta.<\/li>\n<li>d) Formule os quesitos que o perito dever\u00e1 responder para esclarecer o laudo apresentado.<\/li>\n<\/ol>\n","protected":false},"excerpt":{"rendered":"<p>Mapa Per\u00edcia Forense 54\/2024 Por que em um processo criminal as partes podem solicitar um Assistente T\u00e9cnico? Como os Assistentes<\/p>\n","protected":false},"featured_media":2326,"template":"","meta":{"_monsterinsights_skip_tracking":false,"_monsterinsights_sitenote_active":false,"_monsterinsights_sitenote_note":"","_monsterinsights_sitenote_category":0},"product_brand":[],"product_cat":[67],"product_tag":[],"class_list":{"0":"post-4969","1":"product","2":"type-product","3":"status-publish","4":"has-post-thumbnail","6":"product_cat-cst-investigacao-e-pericia-criminal","8":"first","9":"instock","10":"downloadable","11":"virtual","12":"purchasable","13":"product-type-simple"},"yoast_head":"<!-- This site is optimized with the Yoast SEO plugin v27.4 - https:\/\/yoast.com\/product\/yoast-seo-wordpress\/ -->\n<title>Mapa Per\u00edcia Forense 54\/2024<\/title>\n<meta name=\"description\" content=\"Atividade Mapa Per\u00edcia Forense 54\/2024 &#8902; Unicesumar. Baixe agora mesmo um Mapa Pronto resolvido!\" \/>\n<meta name=\"robots\" content=\"index, follow, max-snippet:-1, max-image-preview:large, max-video-preview:-1\" \/>\n<link rel=\"canonical\" href=\"https:\/\/atividademapa.com\/?product=mapa-pericia-forense-54-2024\" \/>\n<meta property=\"og:locale\" content=\"pt_BR\" \/>\n<meta property=\"og:type\" content=\"article\" \/>\n<meta property=\"og:title\" content=\"Mapa Per\u00edcia Forense 54\/2024\" \/>\n<meta property=\"og:description\" content=\"Atividade Mapa Per\u00edcia Forense 54\/2024 &#8902; Unicesumar. Baixe agora mesmo um Mapa Pronto resolvido!\" \/>\n<meta property=\"og:url\" content=\"https:\/\/atividademapa.com\/?product=mapa-pericia-forense-54-2024\" \/>\n<meta property=\"og:site_name\" content=\"Atividade Mapa\" \/>\n<meta property=\"article:modified_time\" content=\"2024-11-19T02:54:23+00:00\" \/>\n<meta property=\"og:image\" content=\"https:\/\/i0.wp.com\/atividademapa.com\/wp-content\/uploads\/2023\/03\/Atividade-M.A.P.A-3.png?fit=300%2C300&ssl=1\" \/>\n\t<meta property=\"og:image:width\" content=\"300\" \/>\n\t<meta property=\"og:image:height\" content=\"300\" \/>\n\t<meta property=\"og:image:type\" content=\"image\/png\" \/>\n<meta name=\"twitter:card\" content=\"summary_large_image\" \/>\n<meta name=\"twitter:label1\" content=\"Est. tempo de leitura\" \/>\n\t<meta name=\"twitter:data1\" content=\"3 minutos\" \/>\n<script type=\"application\/ld+json\" class=\"yoast-schema-graph\">{\"@context\":\"https:\\\/\\\/schema.org\",\"@graph\":[{\"@type\":\"WebPage\",\"@id\":\"https:\\\/\\\/atividademapa.com\\\/?product=mapa-pericia-forense-54-2024\",\"url\":\"https:\\\/\\\/atividademapa.com\\\/?product=mapa-pericia-forense-54-2024\",\"name\":\"Mapa Per\u00edcia Forense 54\\\/2024\",\"isPartOf\":{\"@id\":\"https:\\\/\\\/atividademapa.com\\\/#website\"},\"primaryImageOfPage\":{\"@id\":\"https:\\\/\\\/atividademapa.com\\\/?product=mapa-pericia-forense-54-2024#primaryimage\"},\"image\":{\"@id\":\"https:\\\/\\\/atividademapa.com\\\/?product=mapa-pericia-forense-54-2024#primaryimage\"},\"thumbnailUrl\":\"https:\\\/\\\/i0.wp.com\\\/atividademapa.com\\\/wp-content\\\/uploads\\\/2023\\\/03\\\/Atividade-M.A.P.A-3.png?fit=300%2C300&ssl=1\",\"datePublished\":\"2024-11-19T02:54:22+00:00\",\"dateModified\":\"2024-11-19T02:54:23+00:00\",\"description\":\"Atividade Mapa Per\u00edcia Forense 54\\\/2024 &#8902; Unicesumar. Baixe agora mesmo um Mapa Pronto resolvido!\",\"breadcrumb\":{\"@id\":\"https:\\\/\\\/atividademapa.com\\\/?product=mapa-pericia-forense-54-2024#breadcrumb\"},\"inLanguage\":\"pt-BR\",\"potentialAction\":[{\"@type\":\"ReadAction\",\"target\":[\"https:\\\/\\\/atividademapa.com\\\/?product=mapa-pericia-forense-54-2024\"]}]},{\"@type\":\"ImageObject\",\"inLanguage\":\"pt-BR\",\"@id\":\"https:\\\/\\\/atividademapa.com\\\/?product=mapa-pericia-forense-54-2024#primaryimage\",\"url\":\"https:\\\/\\\/i0.wp.com\\\/atividademapa.com\\\/wp-content\\\/uploads\\\/2023\\\/03\\\/Atividade-M.A.P.A-3.png?fit=300%2C300&ssl=1\",\"contentUrl\":\"https:\\\/\\\/i0.wp.com\\\/atividademapa.com\\\/wp-content\\\/uploads\\\/2023\\\/03\\\/Atividade-M.A.P.A-3.png?fit=300%2C300&ssl=1\",\"width\":300,\"height\":300,\"caption\":\"Mapa Unicesumar Atividade\"},{\"@type\":\"BreadcrumbList\",\"@id\":\"https:\\\/\\\/atividademapa.com\\\/?product=mapa-pericia-forense-54-2024#breadcrumb\",\"itemListElement\":[{\"@type\":\"ListItem\",\"position\":1,\"name\":\"In\u00edcio\",\"item\":\"https:\\\/\\\/atividademapa.com\\\/\"},{\"@type\":\"ListItem\",\"position\":2,\"name\":\"MAPAS\",\"item\":\"https:\\\/\\\/atividademapa.com\\\/?page_id=5\"},{\"@type\":\"ListItem\",\"position\":3,\"name\":\"Mapa Per\u00edcia Forense 54\\\/2024\"}]},{\"@type\":\"WebSite\",\"@id\":\"https:\\\/\\\/atividademapa.com\\\/#website\",\"url\":\"https:\\\/\\\/atividademapa.com\\\/\",\"name\":\"Atividade Mapa\",\"description\":\"StudeO | Unicesumar\",\"publisher\":{\"@id\":\"https:\\\/\\\/atividademapa.com\\\/#organization\"},\"potentialAction\":[{\"@type\":\"SearchAction\",\"target\":{\"@type\":\"EntryPoint\",\"urlTemplate\":\"https:\\\/\\\/atividademapa.com\\\/?s={search_term_string}\"},\"query-input\":{\"@type\":\"PropertyValueSpecification\",\"valueRequired\":true,\"valueName\":\"search_term_string\"}}],\"inLanguage\":\"pt-BR\"},{\"@type\":\"Organization\",\"@id\":\"https:\\\/\\\/atividademapa.com\\\/#organization\",\"name\":\"Atividade MAPA\",\"url\":\"https:\\\/\\\/atividademapa.com\\\/\",\"logo\":{\"@type\":\"ImageObject\",\"inLanguage\":\"pt-BR\",\"@id\":\"https:\\\/\\\/atividademapa.com\\\/#\\\/schema\\\/logo\\\/image\\\/\",\"url\":\"https:\\\/\\\/i0.wp.com\\\/atividademapa.com\\\/wp-content\\\/uploads\\\/2023\\\/02\\\/ATIVIDADE.png?fit=600%2C300&ssl=1\",\"contentUrl\":\"https:\\\/\\\/i0.wp.com\\\/atividademapa.com\\\/wp-content\\\/uploads\\\/2023\\\/02\\\/ATIVIDADE.png?fit=600%2C300&ssl=1\",\"width\":600,\"height\":300,\"caption\":\"Atividade MAPA\"},\"image\":{\"@id\":\"https:\\\/\\\/atividademapa.com\\\/#\\\/schema\\\/logo\\\/image\\\/\"}}]}<\/script>\n<!-- \/ Yoast SEO plugin. -->","yoast_head_json":{"title":"Mapa Per\u00edcia Forense 54\/2024","description":"Atividade Mapa Per\u00edcia Forense 54\/2024 &#8902; Unicesumar. Baixe agora mesmo um Mapa Pronto resolvido!","robots":{"index":"index","follow":"follow","max-snippet":"max-snippet:-1","max-image-preview":"max-image-preview:large","max-video-preview":"max-video-preview:-1"},"canonical":"https:\/\/atividademapa.com\/?product=mapa-pericia-forense-54-2024","og_locale":"pt_BR","og_type":"article","og_title":"Mapa Per\u00edcia Forense 54\/2024","og_description":"Atividade Mapa Per\u00edcia Forense 54\/2024 &#8902; Unicesumar. Baixe agora mesmo um Mapa Pronto resolvido!","og_url":"https:\/\/atividademapa.com\/?product=mapa-pericia-forense-54-2024","og_site_name":"Atividade Mapa","article_modified_time":"2024-11-19T02:54:23+00:00","og_image":[{"width":300,"height":300,"url":"https:\/\/i0.wp.com\/atividademapa.com\/wp-content\/uploads\/2023\/03\/Atividade-M.A.P.A-3.png?fit=300%2C300&ssl=1","type":"image\/png"}],"twitter_card":"summary_large_image","twitter_misc":{"Est. tempo de leitura":"3 minutos"},"schema":{"@context":"https:\/\/schema.org","@graph":[{"@type":"WebPage","@id":"https:\/\/atividademapa.com\/?product=mapa-pericia-forense-54-2024","url":"https:\/\/atividademapa.com\/?product=mapa-pericia-forense-54-2024","name":"Mapa Per\u00edcia Forense 54\/2024","isPartOf":{"@id":"https:\/\/atividademapa.com\/#website"},"primaryImageOfPage":{"@id":"https:\/\/atividademapa.com\/?product=mapa-pericia-forense-54-2024#primaryimage"},"image":{"@id":"https:\/\/atividademapa.com\/?product=mapa-pericia-forense-54-2024#primaryimage"},"thumbnailUrl":"https:\/\/i0.wp.com\/atividademapa.com\/wp-content\/uploads\/2023\/03\/Atividade-M.A.P.A-3.png?fit=300%2C300&ssl=1","datePublished":"2024-11-19T02:54:22+00:00","dateModified":"2024-11-19T02:54:23+00:00","description":"Atividade Mapa Per\u00edcia Forense 54\/2024 &#8902; Unicesumar. Baixe agora mesmo um Mapa Pronto resolvido!","breadcrumb":{"@id":"https:\/\/atividademapa.com\/?product=mapa-pericia-forense-54-2024#breadcrumb"},"inLanguage":"pt-BR","potentialAction":[{"@type":"ReadAction","target":["https:\/\/atividademapa.com\/?product=mapa-pericia-forense-54-2024"]}]},{"@type":"ImageObject","inLanguage":"pt-BR","@id":"https:\/\/atividademapa.com\/?product=mapa-pericia-forense-54-2024#primaryimage","url":"https:\/\/i0.wp.com\/atividademapa.com\/wp-content\/uploads\/2023\/03\/Atividade-M.A.P.A-3.png?fit=300%2C300&ssl=1","contentUrl":"https:\/\/i0.wp.com\/atividademapa.com\/wp-content\/uploads\/2023\/03\/Atividade-M.A.P.A-3.png?fit=300%2C300&ssl=1","width":300,"height":300,"caption":"Mapa Unicesumar Atividade"},{"@type":"BreadcrumbList","@id":"https:\/\/atividademapa.com\/?product=mapa-pericia-forense-54-2024#breadcrumb","itemListElement":[{"@type":"ListItem","position":1,"name":"In\u00edcio","item":"https:\/\/atividademapa.com\/"},{"@type":"ListItem","position":2,"name":"MAPAS","item":"https:\/\/atividademapa.com\/?page_id=5"},{"@type":"ListItem","position":3,"name":"Mapa Per\u00edcia Forense 54\/2024"}]},{"@type":"WebSite","@id":"https:\/\/atividademapa.com\/#website","url":"https:\/\/atividademapa.com\/","name":"Atividade Mapa","description":"StudeO | Unicesumar","publisher":{"@id":"https:\/\/atividademapa.com\/#organization"},"potentialAction":[{"@type":"SearchAction","target":{"@type":"EntryPoint","urlTemplate":"https:\/\/atividademapa.com\/?s={search_term_string}"},"query-input":{"@type":"PropertyValueSpecification","valueRequired":true,"valueName":"search_term_string"}}],"inLanguage":"pt-BR"},{"@type":"Organization","@id":"https:\/\/atividademapa.com\/#organization","name":"Atividade MAPA","url":"https:\/\/atividademapa.com\/","logo":{"@type":"ImageObject","inLanguage":"pt-BR","@id":"https:\/\/atividademapa.com\/#\/schema\/logo\/image\/","url":"https:\/\/i0.wp.com\/atividademapa.com\/wp-content\/uploads\/2023\/02\/ATIVIDADE.png?fit=600%2C300&ssl=1","contentUrl":"https:\/\/i0.wp.com\/atividademapa.com\/wp-content\/uploads\/2023\/02\/ATIVIDADE.png?fit=600%2C300&ssl=1","width":600,"height":300,"caption":"Atividade MAPA"},"image":{"@id":"https:\/\/atividademapa.com\/#\/schema\/logo\/image\/"}}]}},"_links":{"self":[{"href":"https:\/\/atividademapa.com\/index.php?rest_route=\/wp\/v2\/product\/4969","targetHints":{"allow":["GET"]}}],"collection":[{"href":"https:\/\/atividademapa.com\/index.php?rest_route=\/wp\/v2\/product"}],"about":[{"href":"https:\/\/atividademapa.com\/index.php?rest_route=\/wp\/v2\/types\/product"}],"version-history":[{"count":1,"href":"https:\/\/atividademapa.com\/index.php?rest_route=\/wp\/v2\/product\/4969\/revisions"}],"predecessor-version":[{"id":4972,"href":"https:\/\/atividademapa.com\/index.php?rest_route=\/wp\/v2\/product\/4969\/revisions\/4972"}],"wp:featuredmedia":[{"embeddable":true,"href":"https:\/\/atividademapa.com\/index.php?rest_route=\/wp\/v2\/media\/2326"}],"wp:attachment":[{"href":"https:\/\/atividademapa.com\/index.php?rest_route=%2Fwp%2Fv2%2Fmedia&parent=4969"}],"wp:term":[{"taxonomy":"product_brand","embeddable":true,"href":"https:\/\/atividademapa.com\/index.php?rest_route=%2Fwp%2Fv2%2Fproduct_brand&post=4969"},{"taxonomy":"product_cat","embeddable":true,"href":"https:\/\/atividademapa.com\/index.php?rest_route=%2Fwp%2Fv2%2Fproduct_cat&post=4969"},{"taxonomy":"product_tag","embeddable":true,"href":"https:\/\/atividademapa.com\/index.php?rest_route=%2Fwp%2Fv2%2Fproduct_tag&post=4969"}],"curies":[{"name":"wp","href":"https:\/\/api.w.org\/{rel}","templated":true}]}}