{"id":4982,"date":"2024-11-21T11:47:27","date_gmt":"2024-11-21T14:47:27","guid":{"rendered":"https:\/\/atividademapa.com\/?post_type=product&#038;p=4982"},"modified":"2024-11-21T11:47:28","modified_gmt":"2024-11-21T14:47:28","slug":"mapa-anatomia-humana-54-2024","status":"publish","type":"product","link":"https:\/\/atividademapa.com\/?product=mapa-anatomia-humana-54-2024","title":{"rendered":"MAPA &#8211; ANATOMIA HUMANA &#8211; 54\/2024"},"content":{"rendered":"<div class=\"enunciado\">\n<div class=\"panel-body p-t-20 b-t b-grey\">\n<div class=\"painel-questao\">\n<div class=\"painel-questao-titulo cursor\">QUEST\u00c3O 1<\/div>\n<\/div>\n<\/div>\n<\/div>\n<div class=\"enunciado ng-binding\">A fun\u00e7\u00e3o do m\u00fasculo \u00e9 realizar contra\u00e7\u00e3o e a partir desta, v\u00e1rios outros eventos podem ser desencadeados, como manuten\u00e7\u00e3o da postura (sustenta\u00e7\u00e3o est\u00e1tica), respira\u00e7\u00e3o, movimento card\u00edaco, movimento perist\u00e1ltico e manuten\u00e7\u00e3o do t\u00f4nus muscular. Al\u00e9m disso, os m\u00fasculos d\u00e3o forma ao corpo, s\u00e3o fonte de calor e possibilitam movimentos volunt\u00e1rios, sendo considerados os \u00f3rg\u00e3os ativos da locomo\u00e7\u00e3o.<\/p>\n<div class=\"ng-scope\">BARBOSA, Carmem Patr\u00edcia.\u00a0<strong>Anatomia Humana<\/strong>. Maring\u00e1: UniCesumar, 2024.<\/div>\n<p>Para responder a atividade Mapa, voc\u00ea dever\u00e1 realizar as duas etapas abaixo:<br class=\"ng-scope\" \/><strong class=\"ng-scope\">1\u00aa etapa: Consulte o arquivo denominado: M\u00e1scara dos m\u00fasculos, dispon\u00edvel em Material da disciplina.<\/strong><br class=\"ng-scope\" \/>-Imprima a m\u00e1scara dos m\u00fasculos, recorte e pinte.<br class=\"ng-scope\" \/>-Tire<strong class=\"ng-scope\">\u00a0uma<\/strong>\u00a0foto confeccionando a m\u00e1scara e<strong class=\"ng-scope\">\u00a0uma<\/strong>\u00a0foto com a m\u00e1scara finalizada (voc\u00ea dever\u00e1 aparecer na foto final).<br class=\"ng-scope\" \/><strong class=\"ng-scope\">2\u00aa etapa: Responda o que se pede:<\/strong><br class=\"ng-scope\" \/>a.Quais os tipos de tecido muscular encontrados no corpo humano (apresente os\u00a0<strong class=\"ng-scope\">tr\u00eas<\/strong>\u00a0tipos)? Caracterize cada um dos\u00a0<strong class=\"ng-scope\">tr\u00eas\u00a0<\/strong>tipos musculares (controle volunt\u00e1rio ou involunt\u00e1rio, exemplo de \u00f3rg\u00e3o onde \u00e9 encontrado, sua fun\u00e7\u00e3o e organiza\u00e7\u00e3o celular).<br class=\"ng-scope\" \/>b.Com rela\u00e7\u00e3o a m\u00e1scara dos m\u00fasculos, cite o nome de cada m\u00fasculo (1 a 10), consulte um Atlas de Anatomia e relacione com sua fun\u00e7\u00e3o.<br class=\"ng-scope\" \/><br class=\"ng-scope\" \/><strong class=\"ng-scope\"><img data-recalc-dims=\"1\" decoding=\"async\" src=\"https:\/\/i0.wp.com\/sistemasead.unicesumar.edu.br\/flex\/amfphp\/services\/Portal\/ImagemQuestionario2\/QUE_232296_608635_1.png?ssl=1\" alt=\"\" \/><\/strong><br class=\"ng-scope\" \/><br class=\"ng-scope\" \/><br class=\"ng-scope\" \/>c.Pesquise e cite ao menos 1 doen\u00e7a que acomete o tecido muscular. Suas causas, sintomas, diagn\u00f3stico e tratamento.<\/div>\n","protected":false},"excerpt":{"rendered":"<p>QUEST\u00c3O 1 A fun\u00e7\u00e3o do m\u00fasculo \u00e9 realizar contra\u00e7\u00e3o e a partir desta, v\u00e1rios outros eventos podem ser desencadeados, como<\/p>\n","protected":false},"featured_media":4984,"template":"","meta":{"_monsterinsights_skip_tracking":false,"_monsterinsights_sitenote_active":false,"_monsterinsights_sitenote_note":"","_monsterinsights_sitenote_category":0},"product_brand":[],"product_cat":[58,35],"product_tag":[],"class_list":{"0":"post-4982","1":"product","2":"type-product","3":"status-publish","4":"has-post-thumbnail","6":"product_cat-biomedicina","7":"product_cat-enfermagem","9":"first","10":"instock","11":"downloadable","12":"virtual","13":"purchasable","14":"product-type-simple"},"yoast_head":"<!-- This site is optimized with the Yoast SEO plugin v27.4 - https:\/\/yoast.com\/product\/yoast-seo-wordpress\/ -->\n<title>MAPA - ANATOMIA HUMANA - 54\/2024<\/title>\n<meta name=\"description\" content=\"Atividade MAPA - ANATOMIA HUMANA - 54\/2024 &#8902; Unicesumar. Baixe agora mesmo um Mapa Pronto resolvido!\" \/>\n<meta name=\"robots\" content=\"index, follow, max-snippet:-1, max-image-preview:large, max-video-preview:-1\" \/>\n<link rel=\"canonical\" href=\"https:\/\/atividademapa.com\/?product=mapa-anatomia-humana-54-2024\" \/>\n<meta property=\"og:locale\" content=\"pt_BR\" \/>\n<meta property=\"og:type\" content=\"article\" \/>\n<meta property=\"og:title\" content=\"MAPA - ANATOMIA HUMANA - 54\/2024\" \/>\n<meta property=\"og:description\" content=\"Atividade MAPA - ANATOMIA HUMANA - 54\/2024 &#8902; Unicesumar. Baixe agora mesmo um Mapa Pronto resolvido!\" \/>\n<meta property=\"og:url\" content=\"https:\/\/atividademapa.com\/?product=mapa-anatomia-humana-54-2024\" \/>\n<meta property=\"og:site_name\" content=\"Atividade Mapa\" \/>\n<meta property=\"article:modified_time\" content=\"2024-11-21T14:47:28+00:00\" \/>\n<meta property=\"og:image\" content=\"https:\/\/i0.wp.com\/atividademapa.com\/wp-content\/uploads\/2024\/11\/Mapa-Anatomia-Humana-54_2024.jpg?fit=326%2C387&ssl=1\" \/>\n\t<meta property=\"og:image:width\" content=\"326\" \/>\n\t<meta property=\"og:image:height\" content=\"387\" \/>\n\t<meta property=\"og:image:type\" content=\"image\/jpeg\" \/>\n<meta name=\"twitter:card\" content=\"summary_large_image\" \/>\n<meta name=\"twitter:label1\" content=\"Est. tempo de leitura\" \/>\n\t<meta name=\"twitter:data1\" content=\"1 minuto\" \/>\n<script type=\"application\/ld+json\" class=\"yoast-schema-graph\">{\"@context\":\"https:\\\/\\\/schema.org\",\"@graph\":[{\"@type\":\"WebPage\",\"@id\":\"https:\\\/\\\/atividademapa.com\\\/?product=mapa-anatomia-humana-54-2024\",\"url\":\"https:\\\/\\\/atividademapa.com\\\/?product=mapa-anatomia-humana-54-2024\",\"name\":\"MAPA - ANATOMIA HUMANA - 54\\\/2024\",\"isPartOf\":{\"@id\":\"https:\\\/\\\/atividademapa.com\\\/#website\"},\"primaryImageOfPage\":{\"@id\":\"https:\\\/\\\/atividademapa.com\\\/?product=mapa-anatomia-humana-54-2024#primaryimage\"},\"image\":{\"@id\":\"https:\\\/\\\/atividademapa.com\\\/?product=mapa-anatomia-humana-54-2024#primaryimage\"},\"thumbnailUrl\":\"https:\\\/\\\/i0.wp.com\\\/atividademapa.com\\\/wp-content\\\/uploads\\\/2024\\\/11\\\/Mapa-Anatomia-Humana-54_2024.jpg?fit=326%2C387&ssl=1\",\"datePublished\":\"2024-11-21T14:47:27+00:00\",\"dateModified\":\"2024-11-21T14:47:28+00:00\",\"description\":\"Atividade MAPA - ANATOMIA HUMANA - 54\\\/2024 &#8902; Unicesumar. Baixe agora mesmo um Mapa Pronto resolvido!\",\"breadcrumb\":{\"@id\":\"https:\\\/\\\/atividademapa.com\\\/?product=mapa-anatomia-humana-54-2024#breadcrumb\"},\"inLanguage\":\"pt-BR\",\"potentialAction\":[{\"@type\":\"ReadAction\",\"target\":[\"https:\\\/\\\/atividademapa.com\\\/?product=mapa-anatomia-humana-54-2024\"]}]},{\"@type\":\"ImageObject\",\"inLanguage\":\"pt-BR\",\"@id\":\"https:\\\/\\\/atividademapa.com\\\/?product=mapa-anatomia-humana-54-2024#primaryimage\",\"url\":\"https:\\\/\\\/i0.wp.com\\\/atividademapa.com\\\/wp-content\\\/uploads\\\/2024\\\/11\\\/Mapa-Anatomia-Humana-54_2024.jpg?fit=326%2C387&ssl=1\",\"contentUrl\":\"https:\\\/\\\/i0.wp.com\\\/atividademapa.com\\\/wp-content\\\/uploads\\\/2024\\\/11\\\/Mapa-Anatomia-Humana-54_2024.jpg?fit=326%2C387&ssl=1\",\"width\":326,\"height\":387,\"caption\":\"Mapa Anatomia Humana 54_2024\"},{\"@type\":\"BreadcrumbList\",\"@id\":\"https:\\\/\\\/atividademapa.com\\\/?product=mapa-anatomia-humana-54-2024#breadcrumb\",\"itemListElement\":[{\"@type\":\"ListItem\",\"position\":1,\"name\":\"In\u00edcio\",\"item\":\"https:\\\/\\\/atividademapa.com\\\/\"},{\"@type\":\"ListItem\",\"position\":2,\"name\":\"MAPAS\",\"item\":\"https:\\\/\\\/atividademapa.com\\\/?page_id=5\"},{\"@type\":\"ListItem\",\"position\":3,\"name\":\"MAPA &#8211; ANATOMIA HUMANA &#8211; 54\\\/2024\"}]},{\"@type\":\"WebSite\",\"@id\":\"https:\\\/\\\/atividademapa.com\\\/#website\",\"url\":\"https:\\\/\\\/atividademapa.com\\\/\",\"name\":\"Atividade Mapa\",\"description\":\"StudeO | Unicesumar\",\"publisher\":{\"@id\":\"https:\\\/\\\/atividademapa.com\\\/#organization\"},\"potentialAction\":[{\"@type\":\"SearchAction\",\"target\":{\"@type\":\"EntryPoint\",\"urlTemplate\":\"https:\\\/\\\/atividademapa.com\\\/?s={search_term_string}\"},\"query-input\":{\"@type\":\"PropertyValueSpecification\",\"valueRequired\":true,\"valueName\":\"search_term_string\"}}],\"inLanguage\":\"pt-BR\"},{\"@type\":\"Organization\",\"@id\":\"https:\\\/\\\/atividademapa.com\\\/#organization\",\"name\":\"Atividade MAPA\",\"url\":\"https:\\\/\\\/atividademapa.com\\\/\",\"logo\":{\"@type\":\"ImageObject\",\"inLanguage\":\"pt-BR\",\"@id\":\"https:\\\/\\\/atividademapa.com\\\/#\\\/schema\\\/logo\\\/image\\\/\",\"url\":\"https:\\\/\\\/i0.wp.com\\\/atividademapa.com\\\/wp-content\\\/uploads\\\/2023\\\/02\\\/ATIVIDADE.png?fit=600%2C300&ssl=1\",\"contentUrl\":\"https:\\\/\\\/i0.wp.com\\\/atividademapa.com\\\/wp-content\\\/uploads\\\/2023\\\/02\\\/ATIVIDADE.png?fit=600%2C300&ssl=1\",\"width\":600,\"height\":300,\"caption\":\"Atividade MAPA\"},\"image\":{\"@id\":\"https:\\\/\\\/atividademapa.com\\\/#\\\/schema\\\/logo\\\/image\\\/\"}}]}<\/script>\n<!-- \/ Yoast SEO plugin. -->","yoast_head_json":{"title":"MAPA - ANATOMIA HUMANA - 54\/2024","description":"Atividade MAPA - ANATOMIA HUMANA - 54\/2024 &#8902; Unicesumar. Baixe agora mesmo um Mapa Pronto resolvido!","robots":{"index":"index","follow":"follow","max-snippet":"max-snippet:-1","max-image-preview":"max-image-preview:large","max-video-preview":"max-video-preview:-1"},"canonical":"https:\/\/atividademapa.com\/?product=mapa-anatomia-humana-54-2024","og_locale":"pt_BR","og_type":"article","og_title":"MAPA - ANATOMIA HUMANA - 54\/2024","og_description":"Atividade MAPA - ANATOMIA HUMANA - 54\/2024 &#8902; Unicesumar. Baixe agora mesmo um Mapa Pronto resolvido!","og_url":"https:\/\/atividademapa.com\/?product=mapa-anatomia-humana-54-2024","og_site_name":"Atividade Mapa","article_modified_time":"2024-11-21T14:47:28+00:00","og_image":[{"width":326,"height":387,"url":"https:\/\/i0.wp.com\/atividademapa.com\/wp-content\/uploads\/2024\/11\/Mapa-Anatomia-Humana-54_2024.jpg?fit=326%2C387&ssl=1","type":"image\/jpeg"}],"twitter_card":"summary_large_image","twitter_misc":{"Est. tempo de leitura":"1 minuto"},"schema":{"@context":"https:\/\/schema.org","@graph":[{"@type":"WebPage","@id":"https:\/\/atividademapa.com\/?product=mapa-anatomia-humana-54-2024","url":"https:\/\/atividademapa.com\/?product=mapa-anatomia-humana-54-2024","name":"MAPA - ANATOMIA HUMANA - 54\/2024","isPartOf":{"@id":"https:\/\/atividademapa.com\/#website"},"primaryImageOfPage":{"@id":"https:\/\/atividademapa.com\/?product=mapa-anatomia-humana-54-2024#primaryimage"},"image":{"@id":"https:\/\/atividademapa.com\/?product=mapa-anatomia-humana-54-2024#primaryimage"},"thumbnailUrl":"https:\/\/i0.wp.com\/atividademapa.com\/wp-content\/uploads\/2024\/11\/Mapa-Anatomia-Humana-54_2024.jpg?fit=326%2C387&ssl=1","datePublished":"2024-11-21T14:47:27+00:00","dateModified":"2024-11-21T14:47:28+00:00","description":"Atividade MAPA - ANATOMIA HUMANA - 54\/2024 &#8902; Unicesumar. Baixe agora mesmo um Mapa Pronto resolvido!","breadcrumb":{"@id":"https:\/\/atividademapa.com\/?product=mapa-anatomia-humana-54-2024#breadcrumb"},"inLanguage":"pt-BR","potentialAction":[{"@type":"ReadAction","target":["https:\/\/atividademapa.com\/?product=mapa-anatomia-humana-54-2024"]}]},{"@type":"ImageObject","inLanguage":"pt-BR","@id":"https:\/\/atividademapa.com\/?product=mapa-anatomia-humana-54-2024#primaryimage","url":"https:\/\/i0.wp.com\/atividademapa.com\/wp-content\/uploads\/2024\/11\/Mapa-Anatomia-Humana-54_2024.jpg?fit=326%2C387&ssl=1","contentUrl":"https:\/\/i0.wp.com\/atividademapa.com\/wp-content\/uploads\/2024\/11\/Mapa-Anatomia-Humana-54_2024.jpg?fit=326%2C387&ssl=1","width":326,"height":387,"caption":"Mapa Anatomia Humana 54_2024"},{"@type":"BreadcrumbList","@id":"https:\/\/atividademapa.com\/?product=mapa-anatomia-humana-54-2024#breadcrumb","itemListElement":[{"@type":"ListItem","position":1,"name":"In\u00edcio","item":"https:\/\/atividademapa.com\/"},{"@type":"ListItem","position":2,"name":"MAPAS","item":"https:\/\/atividademapa.com\/?page_id=5"},{"@type":"ListItem","position":3,"name":"MAPA &#8211; ANATOMIA HUMANA &#8211; 54\/2024"}]},{"@type":"WebSite","@id":"https:\/\/atividademapa.com\/#website","url":"https:\/\/atividademapa.com\/","name":"Atividade Mapa","description":"StudeO | Unicesumar","publisher":{"@id":"https:\/\/atividademapa.com\/#organization"},"potentialAction":[{"@type":"SearchAction","target":{"@type":"EntryPoint","urlTemplate":"https:\/\/atividademapa.com\/?s={search_term_string}"},"query-input":{"@type":"PropertyValueSpecification","valueRequired":true,"valueName":"search_term_string"}}],"inLanguage":"pt-BR"},{"@type":"Organization","@id":"https:\/\/atividademapa.com\/#organization","name":"Atividade MAPA","url":"https:\/\/atividademapa.com\/","logo":{"@type":"ImageObject","inLanguage":"pt-BR","@id":"https:\/\/atividademapa.com\/#\/schema\/logo\/image\/","url":"https:\/\/i0.wp.com\/atividademapa.com\/wp-content\/uploads\/2023\/02\/ATIVIDADE.png?fit=600%2C300&ssl=1","contentUrl":"https:\/\/i0.wp.com\/atividademapa.com\/wp-content\/uploads\/2023\/02\/ATIVIDADE.png?fit=600%2C300&ssl=1","width":600,"height":300,"caption":"Atividade MAPA"},"image":{"@id":"https:\/\/atividademapa.com\/#\/schema\/logo\/image\/"}}]}},"_links":{"self":[{"href":"https:\/\/atividademapa.com\/index.php?rest_route=\/wp\/v2\/product\/4982","targetHints":{"allow":["GET"]}}],"collection":[{"href":"https:\/\/atividademapa.com\/index.php?rest_route=\/wp\/v2\/product"}],"about":[{"href":"https:\/\/atividademapa.com\/index.php?rest_route=\/wp\/v2\/types\/product"}],"version-history":[{"count":1,"href":"https:\/\/atividademapa.com\/index.php?rest_route=\/wp\/v2\/product\/4982\/revisions"}],"predecessor-version":[{"id":4985,"href":"https:\/\/atividademapa.com\/index.php?rest_route=\/wp\/v2\/product\/4982\/revisions\/4985"}],"wp:featuredmedia":[{"embeddable":true,"href":"https:\/\/atividademapa.com\/index.php?rest_route=\/wp\/v2\/media\/4984"}],"wp:attachment":[{"href":"https:\/\/atividademapa.com\/index.php?rest_route=%2Fwp%2Fv2%2Fmedia&parent=4982"}],"wp:term":[{"taxonomy":"product_brand","embeddable":true,"href":"https:\/\/atividademapa.com\/index.php?rest_route=%2Fwp%2Fv2%2Fproduct_brand&post=4982"},{"taxonomy":"product_cat","embeddable":true,"href":"https:\/\/atividademapa.com\/index.php?rest_route=%2Fwp%2Fv2%2Fproduct_cat&post=4982"},{"taxonomy":"product_tag","embeddable":true,"href":"https:\/\/atividademapa.com\/index.php?rest_route=%2Fwp%2Fv2%2Fproduct_tag&post=4982"}],"curies":[{"name":"wp","href":"https:\/\/api.w.org\/{rel}","templated":true}]}}