{"id":4998,"date":"2024-11-23T14:16:15","date_gmt":"2024-11-23T17:16:15","guid":{"rendered":"https:\/\/atividademapa.com\/?post_type=product&#038;p=4998"},"modified":"2024-11-23T14:16:16","modified_gmt":"2024-11-23T17:16:16","slug":"mapa-fundamentos-da-farmacologia-54-2024","status":"publish","type":"product","link":"https:\/\/atividademapa.com\/?product=mapa-fundamentos-da-farmacologia-54-2024","title":{"rendered":"Mapa Fundamentos da Farmacologia 54\/2024"},"content":{"rendered":"<p>Mapa Fundamentos da Farmacologia 54\/2024<\/p>\n<p>As principais raz\u00f5es respons\u00e1veis pelas falhas no desenvolvimento de novos medicamentos s\u00e3o: baixa biodisponibilidade (39%); aus\u00eancia de efic\u00e1cia (29%), detec\u00e7\u00e3o efeitos t\u00f3xicos (21%); raz\u00f5es de mercado (6%). Em fun\u00e7\u00e3o disso, muitas ind\u00fastrias farmac\u00eauticas est\u00e3o fazendo grandes esfor\u00e7os visando encontrar novos usos para os medicamentos j\u00e1\u0301 aprovados e\/ ou tentando rejuvenescer outros. A lista de descoberta para novos usos dos medicamentos dispon\u00edveis no mercado e\u0301 bastante grande e vem aumentando a cada ano.<\/p>\n<p>Fonte: Calixto e Siqueira Jr. Desenvolvimento de Medicamentos no Brasil: Desafios. Florian\u00f3polis-SC, 2008. Dispon\u00edvel em: &lt;http:\/\/gmbahia.ufba.br\/adm\/arquivos\/artigo19_2008sup1.pdf&gt; Acesso em: 21 de agosto de 2024.<\/p>\n<p>Considerando as etapas da pesquisa experimental e da pesquisa cl\u00ednica, o tempo total de desenvolvimento de um novo medicamento pode ultrapassar 10 anos. Podemos dizer que de cada 10.000 mol\u00e9culas testadas, apenas uma se torna um medicamento que ser\u00e1 comercializado.<\/p>\n<p>Fonte: Minist\u00e9rio da Sa\u00fade. Fases de desenvolvimento de um novo medicamento, 2022. Dispon\u00edvel em: &lt; https:\/\/www.gov.br\/inca\/pt-br\/assuntos\/pesquisa\/ensaios-clinicos\/fases-de-desenvolvimento-de-um-novo-medicamento&gt;. Acesso em: 21 de agosto de 2021.<\/p>\n<p>Como voc\u00ea pode observar o desenvolvimento de f\u00e1rmacos n\u00e3o \u00e9 tarefa simples e f\u00e1cil de ser executada, envolve um esfor\u00e7o multidisciplinar. Diversas etapas de trabalho s\u00e3o necess\u00e1rias para que um medicamento possa ser considerado seguro para uso cl\u00ednico.<\/p>\n<p>Fonte: Bornia, E. C. S. Fundamentos de Farmacologia. Unicesumar, 2022.<\/p>\n<p>Agora imagine a seguinte situa\u00e7\u00e3o: Camila, professora da disciplina de Farmacologia do curso de Farm\u00e1cia, inicia o primeiro semestre com conte\u00fado de Princ\u00edpios Gerais da Farmacologia. Em sua primeira aula contempla alguns conceitos que ser\u00e3o uteis para disciplina como rem\u00e9dio, medicamento, fitoter\u00e1pico, alop\u00e1ticos entre outros. Ainda ressalva a import\u00e2ncia das etapas pelas quais uma subst\u00e2ncia com potencial terap\u00eautico deve passar, at\u00e9 que a mesma seja comercializada como medicamento. Ao final da aula, para refor\u00e7ar o assunto abordado em aula, Camila prop\u00f5e que os alunos elaborem um fluxograma descrevendo as etapas do processo de desenvolvimento de f\u00e1rmacos.<\/p>\n<p><strong>ETAPA I<\/strong><\/p>\n<p>Quest\u00e3o 1) CITE e EXPLIQUE todas as 6 etapas que envolvem o desenvolvimento de um f\u00e1rmaco, desde a identifica\u00e7\u00e3o de estruturas at\u00e9 a disponibiliza\u00e7\u00e3o do medicamento no mercado.<\/p>\n<p>Quest\u00e3o 2) DESCREVA as fases que compreendem a etapa 6, quanto aos objetivos, dura\u00e7\u00e3o e n\u00famero de pacientes envolvidos.<\/p>\n<p>Quest\u00e3o 3) ELABORE um fluxograma com as\u00a0etapas\u00a0e fases mencionadas nas quest\u00f5es acima<\/p>\n<p><strong>ETAPA II<\/strong><\/p>\n<p>Quest\u00e3o 4) PREENCHA os itens abaixo, conforme o resultado da pesquisa realizada<\/p>\n","protected":false},"excerpt":{"rendered":"<p>Mapa Fundamentos da Farmacologia 54\/2024 As principais raz\u00f5es respons\u00e1veis pelas falhas no desenvolvimento de novos medicamentos s\u00e3o: baixa biodisponibilidade (39%);<\/p>\n","protected":false},"featured_media":2326,"template":"","meta":{"_monsterinsights_skip_tracking":false,"_monsterinsights_sitenote_active":false,"_monsterinsights_sitenote_note":"","_monsterinsights_sitenote_category":0},"product_brand":[],"product_cat":[58],"product_tag":[],"class_list":{"0":"post-4998","1":"product","2":"type-product","3":"status-publish","4":"has-post-thumbnail","6":"product_cat-biomedicina","8":"first","9":"instock","10":"downloadable","11":"virtual","12":"purchasable","13":"product-type-simple"},"yoast_head":"<!-- This site is optimized with the Yoast SEO plugin v27.4 - https:\/\/yoast.com\/product\/yoast-seo-wordpress\/ -->\n<title>Mapa Fundamentos da Farmacologia 54\/2024<\/title>\n<meta name=\"description\" content=\"Atividade Mapa Fundamentos da Farmacologia 54\/2024 &#8902; Unicesumar. Baixe agora mesmo um Mapa Pronto resolvido!\" \/>\n<meta name=\"robots\" content=\"index, follow, max-snippet:-1, max-image-preview:large, max-video-preview:-1\" \/>\n<link rel=\"canonical\" href=\"https:\/\/atividademapa.com\/?product=mapa-fundamentos-da-farmacologia-54-2024\" \/>\n<meta property=\"og:locale\" content=\"pt_BR\" \/>\n<meta property=\"og:type\" content=\"article\" \/>\n<meta property=\"og:title\" content=\"Mapa Fundamentos da Farmacologia 54\/2024\" \/>\n<meta property=\"og:description\" content=\"Atividade Mapa Fundamentos da Farmacologia 54\/2024 &#8902; Unicesumar. Baixe agora mesmo um Mapa Pronto resolvido!\" \/>\n<meta property=\"og:url\" content=\"https:\/\/atividademapa.com\/?product=mapa-fundamentos-da-farmacologia-54-2024\" \/>\n<meta property=\"og:site_name\" content=\"Atividade Mapa\" \/>\n<meta property=\"article:modified_time\" content=\"2024-11-23T17:16:16+00:00\" \/>\n<meta property=\"og:image\" content=\"https:\/\/i0.wp.com\/atividademapa.com\/wp-content\/uploads\/2023\/03\/Atividade-M.A.P.A-3.png?fit=300%2C300&ssl=1\" \/>\n\t<meta property=\"og:image:width\" content=\"300\" \/>\n\t<meta property=\"og:image:height\" content=\"300\" \/>\n\t<meta property=\"og:image:type\" content=\"image\/png\" \/>\n<meta name=\"twitter:card\" content=\"summary_large_image\" \/>\n<meta name=\"twitter:label1\" content=\"Est. tempo de leitura\" \/>\n\t<meta name=\"twitter:data1\" content=\"2 minutos\" \/>\n<script type=\"application\/ld+json\" class=\"yoast-schema-graph\">{\"@context\":\"https:\\\/\\\/schema.org\",\"@graph\":[{\"@type\":\"WebPage\",\"@id\":\"https:\\\/\\\/atividademapa.com\\\/?product=mapa-fundamentos-da-farmacologia-54-2024\",\"url\":\"https:\\\/\\\/atividademapa.com\\\/?product=mapa-fundamentos-da-farmacologia-54-2024\",\"name\":\"Mapa Fundamentos da Farmacologia 54\\\/2024\",\"isPartOf\":{\"@id\":\"https:\\\/\\\/atividademapa.com\\\/#website\"},\"primaryImageOfPage\":{\"@id\":\"https:\\\/\\\/atividademapa.com\\\/?product=mapa-fundamentos-da-farmacologia-54-2024#primaryimage\"},\"image\":{\"@id\":\"https:\\\/\\\/atividademapa.com\\\/?product=mapa-fundamentos-da-farmacologia-54-2024#primaryimage\"},\"thumbnailUrl\":\"https:\\\/\\\/i0.wp.com\\\/atividademapa.com\\\/wp-content\\\/uploads\\\/2023\\\/03\\\/Atividade-M.A.P.A-3.png?fit=300%2C300&ssl=1\",\"datePublished\":\"2024-11-23T17:16:15+00:00\",\"dateModified\":\"2024-11-23T17:16:16+00:00\",\"description\":\"Atividade Mapa Fundamentos da Farmacologia 54\\\/2024 &#8902; Unicesumar. Baixe agora mesmo um Mapa Pronto resolvido!\",\"breadcrumb\":{\"@id\":\"https:\\\/\\\/atividademapa.com\\\/?product=mapa-fundamentos-da-farmacologia-54-2024#breadcrumb\"},\"inLanguage\":\"pt-BR\",\"potentialAction\":[{\"@type\":\"ReadAction\",\"target\":[\"https:\\\/\\\/atividademapa.com\\\/?product=mapa-fundamentos-da-farmacologia-54-2024\"]}]},{\"@type\":\"ImageObject\",\"inLanguage\":\"pt-BR\",\"@id\":\"https:\\\/\\\/atividademapa.com\\\/?product=mapa-fundamentos-da-farmacologia-54-2024#primaryimage\",\"url\":\"https:\\\/\\\/i0.wp.com\\\/atividademapa.com\\\/wp-content\\\/uploads\\\/2023\\\/03\\\/Atividade-M.A.P.A-3.png?fit=300%2C300&ssl=1\",\"contentUrl\":\"https:\\\/\\\/i0.wp.com\\\/atividademapa.com\\\/wp-content\\\/uploads\\\/2023\\\/03\\\/Atividade-M.A.P.A-3.png?fit=300%2C300&ssl=1\",\"width\":300,\"height\":300,\"caption\":\"Mapa Unicesumar Atividade\"},{\"@type\":\"BreadcrumbList\",\"@id\":\"https:\\\/\\\/atividademapa.com\\\/?product=mapa-fundamentos-da-farmacologia-54-2024#breadcrumb\",\"itemListElement\":[{\"@type\":\"ListItem\",\"position\":1,\"name\":\"In\u00edcio\",\"item\":\"https:\\\/\\\/atividademapa.com\\\/\"},{\"@type\":\"ListItem\",\"position\":2,\"name\":\"MAPAS\",\"item\":\"https:\\\/\\\/atividademapa.com\\\/?page_id=5\"},{\"@type\":\"ListItem\",\"position\":3,\"name\":\"Mapa Fundamentos da Farmacologia 54\\\/2024\"}]},{\"@type\":\"WebSite\",\"@id\":\"https:\\\/\\\/atividademapa.com\\\/#website\",\"url\":\"https:\\\/\\\/atividademapa.com\\\/\",\"name\":\"Atividade Mapa\",\"description\":\"StudeO | Unicesumar\",\"publisher\":{\"@id\":\"https:\\\/\\\/atividademapa.com\\\/#organization\"},\"potentialAction\":[{\"@type\":\"SearchAction\",\"target\":{\"@type\":\"EntryPoint\",\"urlTemplate\":\"https:\\\/\\\/atividademapa.com\\\/?s={search_term_string}\"},\"query-input\":{\"@type\":\"PropertyValueSpecification\",\"valueRequired\":true,\"valueName\":\"search_term_string\"}}],\"inLanguage\":\"pt-BR\"},{\"@type\":\"Organization\",\"@id\":\"https:\\\/\\\/atividademapa.com\\\/#organization\",\"name\":\"Atividade MAPA\",\"url\":\"https:\\\/\\\/atividademapa.com\\\/\",\"logo\":{\"@type\":\"ImageObject\",\"inLanguage\":\"pt-BR\",\"@id\":\"https:\\\/\\\/atividademapa.com\\\/#\\\/schema\\\/logo\\\/image\\\/\",\"url\":\"https:\\\/\\\/i0.wp.com\\\/atividademapa.com\\\/wp-content\\\/uploads\\\/2023\\\/02\\\/ATIVIDADE.png?fit=600%2C300&ssl=1\",\"contentUrl\":\"https:\\\/\\\/i0.wp.com\\\/atividademapa.com\\\/wp-content\\\/uploads\\\/2023\\\/02\\\/ATIVIDADE.png?fit=600%2C300&ssl=1\",\"width\":600,\"height\":300,\"caption\":\"Atividade MAPA\"},\"image\":{\"@id\":\"https:\\\/\\\/atividademapa.com\\\/#\\\/schema\\\/logo\\\/image\\\/\"}}]}<\/script>\n<!-- \/ Yoast SEO plugin. -->","yoast_head_json":{"title":"Mapa Fundamentos da Farmacologia 54\/2024","description":"Atividade Mapa Fundamentos da Farmacologia 54\/2024 &#8902; Unicesumar. Baixe agora mesmo um Mapa Pronto resolvido!","robots":{"index":"index","follow":"follow","max-snippet":"max-snippet:-1","max-image-preview":"max-image-preview:large","max-video-preview":"max-video-preview:-1"},"canonical":"https:\/\/atividademapa.com\/?product=mapa-fundamentos-da-farmacologia-54-2024","og_locale":"pt_BR","og_type":"article","og_title":"Mapa Fundamentos da Farmacologia 54\/2024","og_description":"Atividade Mapa Fundamentos da Farmacologia 54\/2024 &#8902; Unicesumar. Baixe agora mesmo um Mapa Pronto resolvido!","og_url":"https:\/\/atividademapa.com\/?product=mapa-fundamentos-da-farmacologia-54-2024","og_site_name":"Atividade Mapa","article_modified_time":"2024-11-23T17:16:16+00:00","og_image":[{"width":300,"height":300,"url":"https:\/\/i0.wp.com\/atividademapa.com\/wp-content\/uploads\/2023\/03\/Atividade-M.A.P.A-3.png?fit=300%2C300&ssl=1","type":"image\/png"}],"twitter_card":"summary_large_image","twitter_misc":{"Est. tempo de leitura":"2 minutos"},"schema":{"@context":"https:\/\/schema.org","@graph":[{"@type":"WebPage","@id":"https:\/\/atividademapa.com\/?product=mapa-fundamentos-da-farmacologia-54-2024","url":"https:\/\/atividademapa.com\/?product=mapa-fundamentos-da-farmacologia-54-2024","name":"Mapa Fundamentos da Farmacologia 54\/2024","isPartOf":{"@id":"https:\/\/atividademapa.com\/#website"},"primaryImageOfPage":{"@id":"https:\/\/atividademapa.com\/?product=mapa-fundamentos-da-farmacologia-54-2024#primaryimage"},"image":{"@id":"https:\/\/atividademapa.com\/?product=mapa-fundamentos-da-farmacologia-54-2024#primaryimage"},"thumbnailUrl":"https:\/\/i0.wp.com\/atividademapa.com\/wp-content\/uploads\/2023\/03\/Atividade-M.A.P.A-3.png?fit=300%2C300&ssl=1","datePublished":"2024-11-23T17:16:15+00:00","dateModified":"2024-11-23T17:16:16+00:00","description":"Atividade Mapa Fundamentos da Farmacologia 54\/2024 &#8902; Unicesumar. Baixe agora mesmo um Mapa Pronto resolvido!","breadcrumb":{"@id":"https:\/\/atividademapa.com\/?product=mapa-fundamentos-da-farmacologia-54-2024#breadcrumb"},"inLanguage":"pt-BR","potentialAction":[{"@type":"ReadAction","target":["https:\/\/atividademapa.com\/?product=mapa-fundamentos-da-farmacologia-54-2024"]}]},{"@type":"ImageObject","inLanguage":"pt-BR","@id":"https:\/\/atividademapa.com\/?product=mapa-fundamentos-da-farmacologia-54-2024#primaryimage","url":"https:\/\/i0.wp.com\/atividademapa.com\/wp-content\/uploads\/2023\/03\/Atividade-M.A.P.A-3.png?fit=300%2C300&ssl=1","contentUrl":"https:\/\/i0.wp.com\/atividademapa.com\/wp-content\/uploads\/2023\/03\/Atividade-M.A.P.A-3.png?fit=300%2C300&ssl=1","width":300,"height":300,"caption":"Mapa Unicesumar Atividade"},{"@type":"BreadcrumbList","@id":"https:\/\/atividademapa.com\/?product=mapa-fundamentos-da-farmacologia-54-2024#breadcrumb","itemListElement":[{"@type":"ListItem","position":1,"name":"In\u00edcio","item":"https:\/\/atividademapa.com\/"},{"@type":"ListItem","position":2,"name":"MAPAS","item":"https:\/\/atividademapa.com\/?page_id=5"},{"@type":"ListItem","position":3,"name":"Mapa Fundamentos da Farmacologia 54\/2024"}]},{"@type":"WebSite","@id":"https:\/\/atividademapa.com\/#website","url":"https:\/\/atividademapa.com\/","name":"Atividade Mapa","description":"StudeO | Unicesumar","publisher":{"@id":"https:\/\/atividademapa.com\/#organization"},"potentialAction":[{"@type":"SearchAction","target":{"@type":"EntryPoint","urlTemplate":"https:\/\/atividademapa.com\/?s={search_term_string}"},"query-input":{"@type":"PropertyValueSpecification","valueRequired":true,"valueName":"search_term_string"}}],"inLanguage":"pt-BR"},{"@type":"Organization","@id":"https:\/\/atividademapa.com\/#organization","name":"Atividade MAPA","url":"https:\/\/atividademapa.com\/","logo":{"@type":"ImageObject","inLanguage":"pt-BR","@id":"https:\/\/atividademapa.com\/#\/schema\/logo\/image\/","url":"https:\/\/i0.wp.com\/atividademapa.com\/wp-content\/uploads\/2023\/02\/ATIVIDADE.png?fit=600%2C300&ssl=1","contentUrl":"https:\/\/i0.wp.com\/atividademapa.com\/wp-content\/uploads\/2023\/02\/ATIVIDADE.png?fit=600%2C300&ssl=1","width":600,"height":300,"caption":"Atividade MAPA"},"image":{"@id":"https:\/\/atividademapa.com\/#\/schema\/logo\/image\/"}}]}},"_links":{"self":[{"href":"https:\/\/atividademapa.com\/index.php?rest_route=\/wp\/v2\/product\/4998","targetHints":{"allow":["GET"]}}],"collection":[{"href":"https:\/\/atividademapa.com\/index.php?rest_route=\/wp\/v2\/product"}],"about":[{"href":"https:\/\/atividademapa.com\/index.php?rest_route=\/wp\/v2\/types\/product"}],"version-history":[{"count":1,"href":"https:\/\/atividademapa.com\/index.php?rest_route=\/wp\/v2\/product\/4998\/revisions"}],"predecessor-version":[{"id":5000,"href":"https:\/\/atividademapa.com\/index.php?rest_route=\/wp\/v2\/product\/4998\/revisions\/5000"}],"wp:featuredmedia":[{"embeddable":true,"href":"https:\/\/atividademapa.com\/index.php?rest_route=\/wp\/v2\/media\/2326"}],"wp:attachment":[{"href":"https:\/\/atividademapa.com\/index.php?rest_route=%2Fwp%2Fv2%2Fmedia&parent=4998"}],"wp:term":[{"taxonomy":"product_brand","embeddable":true,"href":"https:\/\/atividademapa.com\/index.php?rest_route=%2Fwp%2Fv2%2Fproduct_brand&post=4998"},{"taxonomy":"product_cat","embeddable":true,"href":"https:\/\/atividademapa.com\/index.php?rest_route=%2Fwp%2Fv2%2Fproduct_cat&post=4998"},{"taxonomy":"product_tag","embeddable":true,"href":"https:\/\/atividademapa.com\/index.php?rest_route=%2Fwp%2Fv2%2Fproduct_tag&post=4998"}],"curies":[{"name":"wp","href":"https:\/\/api.w.org\/{rel}","templated":true}]}}