{"id":5084,"date":"2024-12-20T23:56:27","date_gmt":"2024-12-21T02:56:27","guid":{"rendered":"https:\/\/atividademapa.com\/?post_type=product&#038;p=5084"},"modified":"2025-03-03T16:54:28","modified_gmt":"2025-03-03T19:54:28","slug":"mapa-biologia-molecular-forense-51-2025","status":"publish","type":"product","link":"https:\/\/atividademapa.com\/?product=mapa-biologia-molecular-forense-51-2025","title":{"rendered":"Mapa Biologia Molecular Forense 51\/2025"},"content":{"rendered":"<p>Mapa Biologia Molecular Forense 51\/2025<\/p>\n<p class=\"ng-scope\"><strong>MAPA DE BIOLOGIA MOLECULAR E FORENSE\u00a0\u00a0<\/strong><\/p>\n<p class=\"ng-scope\">ESTUDANTE, seja bem-vindo \u00e0 atividade MAPA (Material de Avalia\u00e7\u00e3o Pr\u00e1tica de Aprendizagem) da disciplina de Biologia Molecular e Forense.<\/p>\n<p class=\"ng-scope\">Instru\u00e7\u00f5es iniciais:<\/p>\n<p class=\"ng-scope\">1. Leia o enunciado com aten\u00e7\u00e3o, verificando o que est\u00e1 sendo pedido na quest\u00e3o.<\/p>\n<p class=\"ng-scope\">2. Utilize o Modelo Padr\u00e3o da Atividade MAPA para realizar esta atividade. Ele se encontra em &#8220;Material da Disciplina&#8221;. Siga todas as instru\u00e7\u00f5es constantes nesse modelo.<\/p>\n<p class=\"ng-scope\">3. Assista ao V\u00eddeo de Orienta\u00e7\u00e3o da Atividade MAPA, que est\u00e1 na &#8220;Sala do Caf\u00e9\u201d.<\/p>\n<p>CONTEXTUALIZA\u00c7\u00c3O<\/p>\n<p class=\"ng-scope\">A Biologia Forense \u00e9 uma \u00e1rea da Biologia que d\u00e1 suporte ao Direito, especialmente, \u00e0 \u00e1rea criminal. A referida \u00e9 composta por sub\u00e1reas, tais como: entomologia, bot\u00e2nica, gen\u00e9tica, hematologia forense, dentre outras. O profissional forense \u00e9 um investigador cient\u00edfico, que busca, coleta e analisa ind\u00edcios ou vest\u00edgios biol\u00f3gicos relativos ao crime, em pessoas vivas, cad\u00e1veres e nos locais onde aquele ocorreu.<\/p>\n<p>Fonte: https:\/\/revista.rbc.org.br\/index.php\/rbc\/article\/view\/581\/347. Acesso em: 10 dez. 2024.<\/p>\n<p class=\"ng-scope\">CASO PARA ESTUDO<\/p>\n<p class=\"ng-scope\">Foram localizados em uma regi\u00e3o de mata, dois cad\u00e1veres parcialmente queimados, em que apenas alguns dedos dos p\u00e9s estavam preservados. Junto a eles estavam presentes moscas-varejeiras. Divulgadas as informa\u00e7\u00f5es iniciais da cena do crime e outras caracter\u00edsticas, buscou-se a identifica\u00e7\u00e3o das v\u00edtimas por meio de den\u00fancias de desaparecimento. Posteriormente, devido \u00e0s semelhan\u00e7as entre os resultados das an\u00e1lises e adicionalmente aos relatos da suposta fam\u00edlia dos indiv\u00edduos, os ind\u00edcios sugeriam que os cad\u00e1veres eram de g\u00eameos univitelinos.<\/p>\n<p class=\"ng-scope\">Suponha que voc\u00ea seja o profissional perito respons\u00e1vel pela investiga\u00e7\u00e3o de elementos biol\u00f3gicos em busca de provas ou vest\u00edgios que possam ajudar e dar suporte \u00e0 pol\u00edcia na solu\u00e7\u00e3o do crime.<\/p>\n<p class=\"ng-scope\">DESENVOLVENDO O TRABALHO<\/p>\n<p class=\"ng-scope\">Considerando o texto apresentado, e partindo da an\u00e1lise da cena exposta, RESPONDA:<\/p>\n<p class=\"ng-scope\">1. IDENTIFIQUE os dois vest\u00edgios biol\u00f3gicos que possibilitariam a identifica\u00e7\u00e3o do sexo, da idade e da estatura de cada indiv\u00edduo.<\/p>\n<p class=\"ng-scope\">2. Com base nos vest\u00edgios biol\u00f3gicos identificados na quest\u00e3o 1, EXPLIQUE os crit\u00e9rios utilizados para determinar o sexo, estimar a idade e a estatura do indiv\u00edduo.<\/p>\n<p class=\"ng-scope\">3. DESCREVA como \u00e9 poss\u00edvel analisar se os cad\u00e1veres foram movidos entre duas ou mais localiza\u00e7\u00f5es diferentes, considerando a regi\u00e3o de mata.<\/p>\n<p class=\"ng-scope\">4. QUAL a relev\u00e2ncia da presen\u00e7a de moscas-varejeiras para an\u00e1lises forenses? JUSTIFIQUE sua resposta com base em conceitos da entomologia forense<\/p>\n<p class=\"ng-scope\">5. Levando em conta as partes do corpo que foram preservadas nos cad\u00e1veres no caso exposto, CITE qual a an\u00e1lise mais precisa para identific\u00e1-los, mesmo se tratando de g\u00eameos univitelinos.<\/p>\n<p class=\"ng-scope\">6. Para confirmar a rela\u00e7\u00e3o dos cad\u00e1veres com a suposta fam\u00edlia, \u00e9 essencial realizar a extra\u00e7\u00e3o de DNA das amostras de maneira adequada, assegurando a obten\u00e7\u00e3o de mol\u00e9culas de DNA \u00edntegras e puras.<\/p>\n<p class=\"ng-scope\">a) Quais s\u00e3o as duas etapas principais envolvidas no processo de extra\u00e7\u00e3o de DNA?<\/p>\n<p class=\"ng-scope\">b) Qual a import\u00e2ncia de obter mol\u00e9culas de DNA de alta qualidade?<\/p>\n<p class=\"ng-scope\">7. A PCR (rea\u00e7\u00e3o em cadeia de polimerase) \u00e9 um processo artificial de replica\u00e7\u00e3o do DNA. APONTE os componentes usados na t\u00e9cnica de PCR que possibilitam reproduzir o ambiente celular e realizar a replica\u00e7\u00e3o do DNA em laborat\u00f3rio.<\/p>\n<p class=\"ng-scope\">8. INSIRA as refer\u00eancias, nas normas da ABNT, que foram utilizadas para elaborar o seu MAPA.<\/p>\n<p class=\"ng-scope\">ORIENTA\u00c7\u00d5ES FINAIS<\/p>\n<p class=\"ng-scope\">\u2192 O arquivo deve ser enviado \u00fanica e exclusivamente pelo seu Studeo, no espa\u00e7o espec\u00edfico para envio na atividade &#8220;MAPA&#8221; desta disciplina. Toda e qualquer outra forma de entrega desta atividade n\u00e3o \u00e9 considerada.<\/p>\n<p class=\"ng-scope\">\u2192 SOMENTE UM ARQUIVO PODE SER ANEXADO NO STUDEO.<\/p>\n<p class=\"ng-scope\">\u2192 Coloque um nome simples no seu arquivo. Se o nome tiver caracteres estranhos (principalmente, pontos) ou for muito grande, a equipe de corre\u00e7\u00e3o pode n\u00e3o conseguir abrir o seu trabalho, e ele pode ser zerado.<\/p>\n<p class=\"ng-scope\">\u2192 Sugerimos que envie o arquivo em PDF para evitar incompatibilidades e arquivos corrompidos, principalmente se voc\u00ea utiliza MAC ou OpenOffice.<\/p>\n<p class=\"ng-scope\">\u2192 Verifique se voc\u00ea est\u00e1 enviando o arquivo correto! Identifique o arquivo com o seu primeiro e \u00faltimo nome e a disciplina para evitar que voc\u00ea troque o arquivo na hora de anexar. Ex.: MAPA_Biomol_JoseLemos.pdf<\/p>\n<p class=\"ng-scope\">\u2192 Antes de clicar em FINALIZAR, certifique-se de que est\u00e1 tudo certo, pois, uma vez finalizado, voc\u00ea n\u00e3o poder\u00e1 mais modificar o arquivo. Sugerimos que voc\u00ea clique no link gerado da sua atividade e fa\u00e7a o download para conferir.<\/p>\n<p class=\"ng-scope\">\u2192 Salve o comprovante de envio da atividade, clicando em Imprimir, acima do cabe\u00e7alho da atividade.<\/p>\n<p class=\"ng-scope\">BOM TRABALHO!!!<\/p>\n","protected":false},"excerpt":{"rendered":"<p>Mapa Biologia Molecular Forense 51\/2025 MAPA DE BIOLOGIA MOLECULAR E FORENSE\u00a0\u00a0 ESTUDANTE, seja bem-vindo \u00e0 atividade MAPA (Material de Avalia\u00e7\u00e3o<\/p>\n","protected":false},"featured_media":2326,"template":"","meta":{"_monsterinsights_skip_tracking":false,"_monsterinsights_sitenote_active":false,"_monsterinsights_sitenote_note":"","_monsterinsights_sitenote_category":0},"product_brand":[],"product_cat":[58],"product_tag":[],"class_list":{"0":"post-5084","1":"product","2":"type-product","3":"status-publish","4":"has-post-thumbnail","6":"product_cat-biomedicina","8":"first","9":"instock","10":"downloadable","11":"virtual","12":"purchasable","13":"product-type-simple"},"yoast_head":"<!-- This site is optimized with the Yoast SEO plugin v27.4 - https:\/\/yoast.com\/product\/yoast-seo-wordpress\/ -->\n<title>Mapa Biologia Molecular Forense 51\/2025<\/title>\n<meta name=\"description\" content=\"Atividade Mapa Biologia Molecular Forense 51\/2025 &#8902; Unicesumar. Baixe agora mesmo um Mapa Pronto resolvido!\" \/>\n<meta name=\"robots\" content=\"index, follow, max-snippet:-1, max-image-preview:large, max-video-preview:-1\" \/>\n<link rel=\"canonical\" href=\"https:\/\/atividademapa.com\/?product=mapa-biologia-molecular-forense-51-2025\" \/>\n<meta property=\"og:locale\" content=\"pt_BR\" \/>\n<meta property=\"og:type\" content=\"article\" \/>\n<meta property=\"og:title\" content=\"Mapa Biologia Molecular Forense 51\/2025\" \/>\n<meta property=\"og:description\" content=\"Atividade Mapa Biologia Molecular Forense 51\/2025 &#8902; Unicesumar. Baixe agora mesmo um Mapa Pronto resolvido!\" \/>\n<meta property=\"og:url\" content=\"https:\/\/atividademapa.com\/?product=mapa-biologia-molecular-forense-51-2025\" \/>\n<meta property=\"og:site_name\" content=\"Atividade Mapa\" \/>\n<meta property=\"article:modified_time\" content=\"2025-03-03T19:54:28+00:00\" \/>\n<meta property=\"og:image\" content=\"https:\/\/i0.wp.com\/atividademapa.com\/wp-content\/uploads\/2023\/03\/Atividade-M.A.P.A-3.png?fit=300%2C300&ssl=1\" \/>\n\t<meta property=\"og:image:width\" content=\"300\" \/>\n\t<meta property=\"og:image:height\" content=\"300\" \/>\n\t<meta property=\"og:image:type\" content=\"image\/png\" \/>\n<meta name=\"twitter:card\" content=\"summary_large_image\" \/>\n<meta name=\"twitter:label1\" content=\"Est. tempo de leitura\" \/>\n\t<meta name=\"twitter:data1\" content=\"4 minutos\" \/>\n<script type=\"application\/ld+json\" class=\"yoast-schema-graph\">{\"@context\":\"https:\\\/\\\/schema.org\",\"@graph\":[{\"@type\":\"WebPage\",\"@id\":\"https:\\\/\\\/atividademapa.com\\\/?product=mapa-biologia-molecular-forense-51-2025\",\"url\":\"https:\\\/\\\/atividademapa.com\\\/?product=mapa-biologia-molecular-forense-51-2025\",\"name\":\"Mapa Biologia Molecular Forense 51\\\/2025\",\"isPartOf\":{\"@id\":\"https:\\\/\\\/atividademapa.com\\\/#website\"},\"primaryImageOfPage\":{\"@id\":\"https:\\\/\\\/atividademapa.com\\\/?product=mapa-biologia-molecular-forense-51-2025#primaryimage\"},\"image\":{\"@id\":\"https:\\\/\\\/atividademapa.com\\\/?product=mapa-biologia-molecular-forense-51-2025#primaryimage\"},\"thumbnailUrl\":\"https:\\\/\\\/i0.wp.com\\\/atividademapa.com\\\/wp-content\\\/uploads\\\/2023\\\/03\\\/Atividade-M.A.P.A-3.png?fit=300%2C300&ssl=1\",\"datePublished\":\"2024-12-21T02:56:27+00:00\",\"dateModified\":\"2025-03-03T19:54:28+00:00\",\"description\":\"Atividade Mapa Biologia Molecular Forense 51\\\/2025 &#8902; Unicesumar. Baixe agora mesmo um Mapa Pronto resolvido!\",\"breadcrumb\":{\"@id\":\"https:\\\/\\\/atividademapa.com\\\/?product=mapa-biologia-molecular-forense-51-2025#breadcrumb\"},\"inLanguage\":\"pt-BR\",\"potentialAction\":[{\"@type\":\"ReadAction\",\"target\":[\"https:\\\/\\\/atividademapa.com\\\/?product=mapa-biologia-molecular-forense-51-2025\"]}]},{\"@type\":\"ImageObject\",\"inLanguage\":\"pt-BR\",\"@id\":\"https:\\\/\\\/atividademapa.com\\\/?product=mapa-biologia-molecular-forense-51-2025#primaryimage\",\"url\":\"https:\\\/\\\/i0.wp.com\\\/atividademapa.com\\\/wp-content\\\/uploads\\\/2023\\\/03\\\/Atividade-M.A.P.A-3.png?fit=300%2C300&ssl=1\",\"contentUrl\":\"https:\\\/\\\/i0.wp.com\\\/atividademapa.com\\\/wp-content\\\/uploads\\\/2023\\\/03\\\/Atividade-M.A.P.A-3.png?fit=300%2C300&ssl=1\",\"width\":300,\"height\":300,\"caption\":\"Mapa Unicesumar Atividade\"},{\"@type\":\"BreadcrumbList\",\"@id\":\"https:\\\/\\\/atividademapa.com\\\/?product=mapa-biologia-molecular-forense-51-2025#breadcrumb\",\"itemListElement\":[{\"@type\":\"ListItem\",\"position\":1,\"name\":\"In\u00edcio\",\"item\":\"https:\\\/\\\/atividademapa.com\\\/\"},{\"@type\":\"ListItem\",\"position\":2,\"name\":\"MAPAS\",\"item\":\"https:\\\/\\\/atividademapa.com\\\/?page_id=5\"},{\"@type\":\"ListItem\",\"position\":3,\"name\":\"Mapa Biologia Molecular Forense 51\\\/2025\"}]},{\"@type\":\"WebSite\",\"@id\":\"https:\\\/\\\/atividademapa.com\\\/#website\",\"url\":\"https:\\\/\\\/atividademapa.com\\\/\",\"name\":\"Atividade Mapa\",\"description\":\"StudeO | Unicesumar\",\"publisher\":{\"@id\":\"https:\\\/\\\/atividademapa.com\\\/#organization\"},\"potentialAction\":[{\"@type\":\"SearchAction\",\"target\":{\"@type\":\"EntryPoint\",\"urlTemplate\":\"https:\\\/\\\/atividademapa.com\\\/?s={search_term_string}\"},\"query-input\":{\"@type\":\"PropertyValueSpecification\",\"valueRequired\":true,\"valueName\":\"search_term_string\"}}],\"inLanguage\":\"pt-BR\"},{\"@type\":\"Organization\",\"@id\":\"https:\\\/\\\/atividademapa.com\\\/#organization\",\"name\":\"Atividade MAPA\",\"url\":\"https:\\\/\\\/atividademapa.com\\\/\",\"logo\":{\"@type\":\"ImageObject\",\"inLanguage\":\"pt-BR\",\"@id\":\"https:\\\/\\\/atividademapa.com\\\/#\\\/schema\\\/logo\\\/image\\\/\",\"url\":\"https:\\\/\\\/i0.wp.com\\\/atividademapa.com\\\/wp-content\\\/uploads\\\/2023\\\/02\\\/ATIVIDADE.png?fit=600%2C300&ssl=1\",\"contentUrl\":\"https:\\\/\\\/i0.wp.com\\\/atividademapa.com\\\/wp-content\\\/uploads\\\/2023\\\/02\\\/ATIVIDADE.png?fit=600%2C300&ssl=1\",\"width\":600,\"height\":300,\"caption\":\"Atividade MAPA\"},\"image\":{\"@id\":\"https:\\\/\\\/atividademapa.com\\\/#\\\/schema\\\/logo\\\/image\\\/\"}}]}<\/script>\n<!-- \/ Yoast SEO plugin. -->","yoast_head_json":{"title":"Mapa Biologia Molecular Forense 51\/2025","description":"Atividade Mapa Biologia Molecular Forense 51\/2025 &#8902; Unicesumar. Baixe agora mesmo um Mapa Pronto resolvido!","robots":{"index":"index","follow":"follow","max-snippet":"max-snippet:-1","max-image-preview":"max-image-preview:large","max-video-preview":"max-video-preview:-1"},"canonical":"https:\/\/atividademapa.com\/?product=mapa-biologia-molecular-forense-51-2025","og_locale":"pt_BR","og_type":"article","og_title":"Mapa Biologia Molecular Forense 51\/2025","og_description":"Atividade Mapa Biologia Molecular Forense 51\/2025 &#8902; Unicesumar. Baixe agora mesmo um Mapa Pronto resolvido!","og_url":"https:\/\/atividademapa.com\/?product=mapa-biologia-molecular-forense-51-2025","og_site_name":"Atividade Mapa","article_modified_time":"2025-03-03T19:54:28+00:00","og_image":[{"width":300,"height":300,"url":"https:\/\/i0.wp.com\/atividademapa.com\/wp-content\/uploads\/2023\/03\/Atividade-M.A.P.A-3.png?fit=300%2C300&ssl=1","type":"image\/png"}],"twitter_card":"summary_large_image","twitter_misc":{"Est. tempo de leitura":"4 minutos"},"schema":{"@context":"https:\/\/schema.org","@graph":[{"@type":"WebPage","@id":"https:\/\/atividademapa.com\/?product=mapa-biologia-molecular-forense-51-2025","url":"https:\/\/atividademapa.com\/?product=mapa-biologia-molecular-forense-51-2025","name":"Mapa Biologia Molecular Forense 51\/2025","isPartOf":{"@id":"https:\/\/atividademapa.com\/#website"},"primaryImageOfPage":{"@id":"https:\/\/atividademapa.com\/?product=mapa-biologia-molecular-forense-51-2025#primaryimage"},"image":{"@id":"https:\/\/atividademapa.com\/?product=mapa-biologia-molecular-forense-51-2025#primaryimage"},"thumbnailUrl":"https:\/\/i0.wp.com\/atividademapa.com\/wp-content\/uploads\/2023\/03\/Atividade-M.A.P.A-3.png?fit=300%2C300&ssl=1","datePublished":"2024-12-21T02:56:27+00:00","dateModified":"2025-03-03T19:54:28+00:00","description":"Atividade Mapa Biologia Molecular Forense 51\/2025 &#8902; Unicesumar. Baixe agora mesmo um Mapa Pronto resolvido!","breadcrumb":{"@id":"https:\/\/atividademapa.com\/?product=mapa-biologia-molecular-forense-51-2025#breadcrumb"},"inLanguage":"pt-BR","potentialAction":[{"@type":"ReadAction","target":["https:\/\/atividademapa.com\/?product=mapa-biologia-molecular-forense-51-2025"]}]},{"@type":"ImageObject","inLanguage":"pt-BR","@id":"https:\/\/atividademapa.com\/?product=mapa-biologia-molecular-forense-51-2025#primaryimage","url":"https:\/\/i0.wp.com\/atividademapa.com\/wp-content\/uploads\/2023\/03\/Atividade-M.A.P.A-3.png?fit=300%2C300&ssl=1","contentUrl":"https:\/\/i0.wp.com\/atividademapa.com\/wp-content\/uploads\/2023\/03\/Atividade-M.A.P.A-3.png?fit=300%2C300&ssl=1","width":300,"height":300,"caption":"Mapa Unicesumar Atividade"},{"@type":"BreadcrumbList","@id":"https:\/\/atividademapa.com\/?product=mapa-biologia-molecular-forense-51-2025#breadcrumb","itemListElement":[{"@type":"ListItem","position":1,"name":"In\u00edcio","item":"https:\/\/atividademapa.com\/"},{"@type":"ListItem","position":2,"name":"MAPAS","item":"https:\/\/atividademapa.com\/?page_id=5"},{"@type":"ListItem","position":3,"name":"Mapa Biologia Molecular Forense 51\/2025"}]},{"@type":"WebSite","@id":"https:\/\/atividademapa.com\/#website","url":"https:\/\/atividademapa.com\/","name":"Atividade Mapa","description":"StudeO | Unicesumar","publisher":{"@id":"https:\/\/atividademapa.com\/#organization"},"potentialAction":[{"@type":"SearchAction","target":{"@type":"EntryPoint","urlTemplate":"https:\/\/atividademapa.com\/?s={search_term_string}"},"query-input":{"@type":"PropertyValueSpecification","valueRequired":true,"valueName":"search_term_string"}}],"inLanguage":"pt-BR"},{"@type":"Organization","@id":"https:\/\/atividademapa.com\/#organization","name":"Atividade MAPA","url":"https:\/\/atividademapa.com\/","logo":{"@type":"ImageObject","inLanguage":"pt-BR","@id":"https:\/\/atividademapa.com\/#\/schema\/logo\/image\/","url":"https:\/\/i0.wp.com\/atividademapa.com\/wp-content\/uploads\/2023\/02\/ATIVIDADE.png?fit=600%2C300&ssl=1","contentUrl":"https:\/\/i0.wp.com\/atividademapa.com\/wp-content\/uploads\/2023\/02\/ATIVIDADE.png?fit=600%2C300&ssl=1","width":600,"height":300,"caption":"Atividade MAPA"},"image":{"@id":"https:\/\/atividademapa.com\/#\/schema\/logo\/image\/"}}]}},"_links":{"self":[{"href":"https:\/\/atividademapa.com\/index.php?rest_route=\/wp\/v2\/product\/5084","targetHints":{"allow":["GET"]}}],"collection":[{"href":"https:\/\/atividademapa.com\/index.php?rest_route=\/wp\/v2\/product"}],"about":[{"href":"https:\/\/atividademapa.com\/index.php?rest_route=\/wp\/v2\/types\/product"}],"version-history":[{"count":4,"href":"https:\/\/atividademapa.com\/index.php?rest_route=\/wp\/v2\/product\/5084\/revisions"}],"predecessor-version":[{"id":5308,"href":"https:\/\/atividademapa.com\/index.php?rest_route=\/wp\/v2\/product\/5084\/revisions\/5308"}],"wp:featuredmedia":[{"embeddable":true,"href":"https:\/\/atividademapa.com\/index.php?rest_route=\/wp\/v2\/media\/2326"}],"wp:attachment":[{"href":"https:\/\/atividademapa.com\/index.php?rest_route=%2Fwp%2Fv2%2Fmedia&parent=5084"}],"wp:term":[{"taxonomy":"product_brand","embeddable":true,"href":"https:\/\/atividademapa.com\/index.php?rest_route=%2Fwp%2Fv2%2Fproduct_brand&post=5084"},{"taxonomy":"product_cat","embeddable":true,"href":"https:\/\/atividademapa.com\/index.php?rest_route=%2Fwp%2Fv2%2Fproduct_cat&post=5084"},{"taxonomy":"product_tag","embeddable":true,"href":"https:\/\/atividademapa.com\/index.php?rest_route=%2Fwp%2Fv2%2Fproduct_tag&post=5084"}],"curies":[{"name":"wp","href":"https:\/\/api.w.org\/{rel}","templated":true}]}}