{"id":5086,"date":"2024-12-20T23:57:45","date_gmt":"2024-12-21T02:57:45","guid":{"rendered":"https:\/\/atividademapa.com\/?post_type=product&#038;p=5086"},"modified":"2025-02-25T21:48:43","modified_gmt":"2025-02-26T00:48:43","slug":"mapa-hematologia-clinica-51-2025","status":"publish","type":"product","link":"https:\/\/atividademapa.com\/?product=mapa-hematologia-clinica-51-2025","title":{"rendered":"Mapa Hematologia Cl\u00ednica 51\/2025"},"content":{"rendered":"<p>Mapa Hematologia Cl\u00ednica 51\/2025<\/p>\n<p class=\"ng-scope\">Ol\u00e1, estudante!<br \/>\nSeja bem-vindo \u00e0 atividade M.A.P.A. (Material de Avalia\u00e7\u00e3o Pr\u00e1tica de Aprendizagem) da disciplina de Hematologia Cl\u00ednica.<\/p>\n<p class=\"ng-scope\">Instru\u00e7\u00f5es iniciais:<br \/>\nUtilize o formul\u00e1rio de resposta padr\u00e3o do M.A.P.A. para realizar esta atividade. Ele se encontra dispon\u00edvel para download em &#8220;Material da Disciplina&#8221;. Siga todas as instru\u00e7\u00f5es que constam no formul\u00e1rio.<br \/>\nAssista ao v\u00eddeo com as instru\u00e7\u00f5es para a realiza\u00e7\u00e3o do M.A.P.A., gravado pela prof\u00aa J\u00e9ssica Zirondi, que estar\u00e1 na &#8220;Sala do Caf\u00e9&#8221;.<\/p>\n<p class=\"ng-scope\">ATEN\u00c7\u00c3O!<br \/>\nA realiza\u00e7\u00e3o do M.A.P.A. ser\u00e1 dividida em 2 etapas: uma te\u00f3rica, com pesquisa bibliogr\u00e1fica dos conceitos ensinados em aula, e outra pr\u00e1tica, realizada durante o Encontro Pr\u00e1tico Presencial no LPI do seu polo.<br \/>\nFique atento aos comunicados de Agendamento dos encontros pr\u00e1ticos. Caso tenha dificuldades, entre em contato pelo Fale com o Mediador.<\/p>\n<p class=\"ng-scope\">Material Complementar de Pesquisa:<\/p>\n<p>LORENZI, T. F.\u00a0<strong class=\"ng-scope\">Atlas hematologia<\/strong><em class=\"ng-scope\">.<\/em>\u00a0Rio de Janeiro: Guanabara Koogan, 2005.\u00a0<em class=\"ng-scope\">E-book<\/em>. p. 355.<br class=\"ng-scope\" \/>SILVA, P. H.\u00a0<em class=\"ng-scope\">et al.<\/em>\u00a0<strong class=\"ng-scope\">Hematologia laboratorial<\/strong>. Porto Alegre: ArtMed, 2015.\u00a0<em class=\"ng-scope\">E-book<\/em>. p. 205.<br class=\"ng-scope\" \/>Material Did\u00e1tico Digital (MDD) de Hematologia. Contagem de Hem\u00e1cias e Plaquetas.<br class=\"ng-scope\" \/>Material Did\u00e1tico Digital (MDD) de Hematologia. Contagem de Leuc\u00f3citos.<br class=\"ng-scope\" \/>Material Did\u00e1tico Digital (MDD) de Hematologia. Leucemias Linfoc\u00edticas.<br class=\"ng-scope\" \/>Laborat\u00f3rio Virtual de Hematologia. Contagem Manual de Leuc\u00f3citos.<br class=\"ng-scope\" \/>Laborat\u00f3rio Virtual de Hematologia. Contagem Manual de Eritr\u00f3citos.<br class=\"ng-scope\" \/>Laborat\u00f3rio Virtual de Hematologia. Diferencial Leucocit\u00e1rio e Leucemias.<\/p>\n<p class=\"ng-scope\">CONTEXTUALIZA\u00c7\u00c3O<br \/>\nAs leucemias s\u00e3o tipos de c\u00e2ncer que afetam os gl\u00f3bulos brancos, c\u00e9lulas respons\u00e1veis pela defesa do organismo. Elas se originam na medula \u00f3ssea, onde ocorre a produ\u00e7\u00e3o dessas c\u00e9lulas, e podem ser classificadas conforme a velocidade de progress\u00e3o e o tipo de c\u00e9lula afetada. Os sintomas incluem fadiga, anemia, infec\u00e7\u00f5es recorrentes, febre, perda de peso, sangramentos espont\u00e2neos, manchas roxas na pele (pet\u00e9quias) e aumento do ba\u00e7o e f\u00edgado. O tratamento varia conforme o tipo de leucemia e pode incluir quimioterapia, radioterapia, imunoterapia, terapias-alvo, entre outros.<\/p>\n<p>Fonte: https:\/\/abrale.org.br\/noticias\/mobilizacao-na-ajuda-a-quem-tem-linfoma-e-leucemia\/. Acesso em: 21 jan. 2025.<\/p>\n<p class=\"ng-scope\">Como parte da contextualiza\u00e7\u00e3o da atividade Mapa, primeiramente voc\u00ea dever\u00e1 acessar o link a seguir para assistir ao v\u00eddeo que apresenta um caso cl\u00ednico real.<br \/>\nSegue o link: https:\/\/www.youtube.com\/watch?v=qdG8RUFsId4<\/p>\n<p class=\"ng-scope\">ETAPA 1<br \/>\nInstru\u00e7\u00f5es para a realiza\u00e7\u00e3o desta etapa:<\/p>\n<p>A execu\u00e7\u00e3o da etapa 1 N\u00c3O est\u00e1 vinculada \u00e0 pr\u00e1tica presencial no polo.<br class=\"ng-scope\" \/>Para as respostas da etapa 1 (itens 1.1, 1.2, 1.3, 1.4, 1.5 e 1.6), voc\u00ea analisar\u00e1 as quest\u00f5es a seguir e aplicar\u00e1 os conhecimentos te\u00f3ricos referentes ao conte\u00fado da disciplina.<\/p>\n<p class=\"ng-scope\">1.1 &#8211; Em pacientes leuc\u00eamicos, \u00e9 muito comum observar a queda de hemoglobina nos laudos de hemograma, principalmente em leucemias agudas. Com rela\u00e7\u00e3o a essa altera\u00e7\u00e3o, DESCREVA a rela\u00e7\u00e3o da queda de hemoglobina com a leucemia.<\/p>\n<p class=\"ng-scope\">1.2 &#8211; Podemos observar v\u00e1rias vezes no v\u00eddeo que a m\u00e3e cita a palavra &#8220;blasto&#8221;, indicando que \u00e9 uma c\u00e9lula encontrada comumente em leucemias. Com rela\u00e7\u00e3o aos blastos, DEFINA o que s\u00e3o e APRESENTE as caracter\u00edsticas morfol\u00f3gicas observadas durante a an\u00e1lise microsc\u00f3pica para defini\u00e7\u00e3o da c\u00e9lula.<\/p>\n<p class=\"ng-scope\">1.3 &#8211; Existem v\u00e1rios tipos de leucemia, as quais podem ser classificadas como a linhagem celular afetada ou evolu\u00e7\u00e3o da doen\u00e7a, por exemplo. A paciente do v\u00eddeo foi diagnosticada com leucemia linfoide aguda (LLA). Com rela\u00e7\u00e3o a essa doen\u00e7a, EXPLIQUE as principais caracter\u00edsticas celulares e fisiol\u00f3gicas da LLA.<\/p>\n<p class=\"ng-scope\">1.4 &#8211; O cromossomo Philadelphia (Ph) pode ser encontrado em algumas condi\u00e7\u00f5es leuc\u00eamicas. No v\u00eddeo, a m\u00e3e relata que os exames da filha apresentaram \u201cpositivo para Ph\u201d. INTERPRETE o que significa esse achado e EXPLIQUE a base gen\u00e9tica envolvida.<\/p>\n<p class=\"ng-scope\">1.5 &#8211; Das fotos a seguir, INDIQUE quais seriam os prov\u00e1veis blastos:<\/p>\n<p><img data-recalc-dims=\"1\" decoding=\"async\" class=\"ng-scope\" src=\"https:\/\/i0.wp.com\/sistemasead.unicesumar.edu.br\/flex\/amfphp\/services\/Portal\/ImagemQuestionario2\/QUE_245765_637862_1.jpg?ssl=1\" alt=\"\" \/><\/p>\n<p class=\"ng-scope\">Fonte: o autor.<\/p>\n<p class=\"ng-scope\">1.6 &#8211; A percep\u00e7\u00e3o das caracter\u00edsticas laboratoriais das doen\u00e7as hematol\u00f3gicas, visualizadas no hemograma, \u00e9 de fundamental import\u00e2ncia para o seu correto diagn\u00f3stico. Voc\u00ea deve usar como base para elaborar as respostas o livro did\u00e1tico e livros de hematologia, al\u00e9m das pr\u00e1ticas correspondentes do Material Did\u00e1tico Digital (MDD) e do Laborat\u00f3rio Virtual de Hematologia, apresentados como material complementar de pesquisa.<br \/>\nSabendo disso, AVALIE os resultados dos nove pacientes, apresentados no Laborat\u00f3rio Virtual \u2013 Diferencial Leucocit\u00e1rio e Leucemias, colocando a classifica\u00e7\u00e3o de cada um na tabela abaixo. EXPLIQUE quais caracter\u00edsticas hematim\u00e9tricas representam o prov\u00e1vel diagn\u00f3stico:<\/p>\n<p>&nbsp;<\/p>\n<div class=\"table-responsive no-border ng-scope\">\n<table border=\"1\" cellspacing=\"0\" cellpadding=\"0\">\n<tbody>\n<tr>\n<td><strong>Paciente<\/strong><\/td>\n<td><strong>Resultado<\/strong><\/td>\n<td><strong>Caracter\u00edsticas hematim\u00e9tricas<\/strong><\/td>\n<\/tr>\n<tr>\n<td>Paciente 1<\/td>\n<td><\/td>\n<td><\/td>\n<\/tr>\n<tr>\n<td>Paciente 2<\/td>\n<td><\/td>\n<td><\/td>\n<\/tr>\n<tr>\n<td>Paciente 3<\/td>\n<td><\/td>\n<td><\/td>\n<\/tr>\n<tr>\n<td>Paciente 4<\/td>\n<td><\/td>\n<td><\/td>\n<\/tr>\n<tr>\n<td>Paciente 5<\/td>\n<td><\/td>\n<td><\/td>\n<\/tr>\n<tr>\n<td>Paciente 6<\/td>\n<td><\/td>\n<td><\/td>\n<\/tr>\n<tr>\n<td>Paciente 7<\/td>\n<td><\/td>\n<td><\/td>\n<\/tr>\n<tr>\n<td>Paciente 8<\/td>\n<td><\/td>\n<td><\/td>\n<\/tr>\n<tr>\n<td>Paciente 9<\/td>\n<td><\/td>\n<td><\/td>\n<\/tr>\n<\/tbody>\n<\/table>\n<\/div>\n<p>&nbsp;<\/p>\n<hr class=\"ng-scope\" \/>\n<p class=\"ng-scope\">ETAPA 2<\/p>\n<p class=\"ng-scope\">Os itens 2.1, 2.2, 2.3 e 2.4 ser\u00e3o realizados durante o Encontro Pr\u00e1tico Presencial no LPI do seu polo. A pr\u00e1tica corresponde \u00e0 disciplina de Hematologia Cl\u00ednica \u2013 CONTAGEM DE HEM\u00c1CIAS E CONTAGEM DE LEUC\u00d3CITOS, prevista para ocorrer na semana 5 do m\u00f3dulo (24\/03 a 01\/04\/2025), mediante agendamento em seu Studeo.<\/p>\n<p class=\"ng-scope\">ATEN\u00c7\u00c3O! Os agendamentos ocorrem na semana que ANTECEDE a pr\u00e1tica, desta forma, o agendamento est\u00e1 previsto para a semana 4 do m\u00f3dulo (17 a 21\/03\/2025).<\/p>\n<p class=\"ng-scope\">Leia com anteced\u00eancia as informa\u00e7\u00f5es sobre a pr\u00e1tica correspondente no MDD (Material Did\u00e1tico Digital), que estar\u00e1 dispon\u00edvel no f\u00f3rum da disciplina.<\/p>\n<p class=\"ng-scope\">CONTEXTUALIZA\u00c7\u00c3O<br \/>\nA contagem das c\u00e9lulas sangu\u00edneas desempenha um papel fundamental na interpreta\u00e7\u00e3o do hemograma. Existem v\u00e1rias t\u00e9cnicas de contagem celular, que v\u00e3o desde equipamentos totalmente automatizados at\u00e9 a utiliza\u00e7\u00e3o de instrumentos laboratoriais como a c\u00e2mara de Neubauer, que permite a quantifica\u00e7\u00e3o de c\u00e9lulas em l\u00edquidos como sangue e urina. Para isso, uma amostra de sangue total \u00e9 preparada, dilu\u00edda e aplicada na c\u00e2mara para posterior an\u00e1lise microsc\u00f3pica. Durante a an\u00e1lise, o microsc\u00f3pio \u00e9 ajustado conforme o material analisado, para que assim possa ocorrer uma avalia\u00e7\u00e3o minuciosa das c\u00e9lulas. Dessa forma, \u00e9 poss\u00edvel determinar o valor total de leuc\u00f3citos em uma amostra de sangue.<\/p>\n<p>Elaborado pelo professor.<\/p>\n<p class=\"ng-scope\">Com rela\u00e7\u00e3o \u00e0 an\u00e1lise do sangue para a realiza\u00e7\u00e3o da contagem manual de hem\u00e1cias e leuc\u00f3citos, EXECUTE os comandos a seguir:<\/p>\n<p class=\"ng-scope\">2.1 &#8211; Ao iniciar a pr\u00e1tica, organize a bancada com os insumos necess\u00e1rios, TIRE UMA FOTO e ANEXE no modelo de resposta padr\u00e3o.<\/p>\n<p class=\"ng-scope\">2.2 &#8211; Sobre a contagem global de hem\u00e1cias e leuc\u00f3citos, DESCREVA cada etapa das t\u00e9cnicas, bem como a realiza\u00e7\u00e3o correta da microscopia e EXPLIQUE a finalidade do reagente de T\u00fcrk e reagente de Hayem.<\/p>\n<div class=\"ng-scope\">2.3 &#8211; Considerando a import\u00e2ncia da elabora\u00e7\u00e3o correta dos laudos laboratoriais, ap\u00f3s a realiza\u00e7\u00e3o da sua contagem manual de hem\u00e1cias e leuc\u00f3citos, INSIRA os resultados obtidos, considerando os c\u00e1lculos de ajuste dos fatores de dilui\u00e7\u00e3o no modelo de laudo abaixo.<\/p>\n<p><u>LAUDO:<\/u><\/div>\n<p>Identifica\u00e7\u00e3o da amostra:<br class=\"ng-scope\" \/>Data:<br class=\"ng-scope\" \/>Metodologia:<br class=\"ng-scope\" \/>\u00a0<br class=\"ng-scope\" \/>Resultados:\u00a0\u00a0\u00a0\u00a0\u00a0\u00a0\u00a0\u00a0\u00a0\u00a0\u00a0\u00a0\u00a0\u00a0\u00a0\u00a0\u00a0\u00a0\u00a0\u00a0\u00a0\u00a0\u00a0\u00a0\u00a0\u00a0\u00a0\u00a0\u00a0\u00a0\u00a0\u00a0\u00a0\u00a0\u00a0\u00a0\u00a0\u00a0\u00a0\u00a0\u00a0\u00a0\u00a0\u00a0\u00a0\u00a0\u00a0\u00a0\u00a0\u00a0\u00a0\u00a0\u00a0\u00a0\u00a0\u00a0\u00a0\u00a0\u00a0\u00a0\u00a0\u00a0\u00a0\u00a0\u00a0\u00a0\u00a0\u00a0\u00a0\u00a0\u00a0\u00a0\u00a0\u00a0\u00a0\u00a0\u00a0\u00a0\u00a0\u00a0\u00a0\u00a0\u00a0\u00a0\u00a0\u00a0\u00a0<br class=\"ng-scope\" \/><strong class=\"ng-scope\">Contagem Global de Hem\u00e1cias:\u00a0<\/strong>__________________<strong class=\"ng-scope\">\u00a0Milh\u00f5es\/mm<sup>3<\/sup>\u00a0\u00a0\u00a0<\/strong><br class=\"ng-scope\" \/>Valor de refer\u00eancia:<br class=\"ng-scope\" \/>Homem adulto: 4,5 &#8211; 5,9 Milh\u00f5es\/mm\u00b3.<br class=\"ng-scope\" \/>Mulher adulta: 4,0 &#8211; 5,2 Milh\u00f5es\/mm\u00b3.<br class=\"ng-scope\" \/>Rec\u00e9m-nascidos: 3,9 &#8211; 6,0 Milh\u00f5es\/mm\u00b3.<br class=\"ng-scope\" \/>\u00a0\u00a0\u00a0\u00a0\u00a0\u00a0\u00a0\u00a0\u00a0\u00a0\u00a0<br class=\"ng-scope\" \/><strong class=\"ng-scope\">Contagem Global de Leuc\u00f3citos:\u00a0 _________________ \/mm<sup>3<\/sup><\/strong><br class=\"ng-scope\" \/>Valor de refer\u00eancia:<br class=\"ng-scope\" \/>Rec\u00e9m-nascido &#8211; 9.400 \u2013 34.000\/mm\u00b3<br class=\"ng-scope\" \/>Adultos: 5.000 \u2013 10.000\/mm\u00b3<br class=\"ng-scope\" \/><br class=\"ng-scope\" \/>2.4 &#8211;\u00a0<strong class=\"ng-scope\">ANEXE<\/strong>\u00a0uma foto evidenciando voc\u00ea, como estudante, executando as t\u00e9cnicas de contagens totais de hem\u00e1cias e leuc\u00f3citos.<br class=\"ng-scope\" \/>\u00a0<br class=\"ng-scope\" \/>Boa atividade!<\/p>\n<p class=\"ng-scope\">\n","protected":false},"excerpt":{"rendered":"<p>Mapa Hematologia Cl\u00ednica 51\/2025 Ol\u00e1, estudante! Seja bem-vindo \u00e0 atividade M.A.P.A. (Material de Avalia\u00e7\u00e3o Pr\u00e1tica de Aprendizagem) da disciplina de<\/p>\n","protected":false},"featured_media":2326,"template":"","meta":{"_monsterinsights_skip_tracking":false,"_monsterinsights_sitenote_active":false,"_monsterinsights_sitenote_note":"","_monsterinsights_sitenote_category":0},"product_brand":[],"product_cat":[58],"product_tag":[],"class_list":{"0":"post-5086","1":"product","2":"type-product","3":"status-publish","4":"has-post-thumbnail","6":"product_cat-biomedicina","8":"first","9":"instock","10":"shipping-taxable","11":"product-type-simple"},"yoast_head":"<!-- This site is optimized with the Yoast SEO plugin v27.4 - https:\/\/yoast.com\/product\/yoast-seo-wordpress\/ -->\n<title>Mapa Hematologia Cl\u00ednica 51\/2025<\/title>\n<meta name=\"description\" content=\"Atividade Mapa Hematologia Cl\u00ednica 51\/2025 &#8902; Unicesumar. Baixe agora mesmo um Mapa Pronto resolvido!\" \/>\n<meta name=\"robots\" content=\"index, follow, max-snippet:-1, max-image-preview:large, max-video-preview:-1\" \/>\n<link rel=\"canonical\" href=\"https:\/\/atividademapa.com\/?product=mapa-hematologia-clinica-51-2025\" \/>\n<meta property=\"og:locale\" content=\"pt_BR\" \/>\n<meta property=\"og:type\" content=\"article\" \/>\n<meta property=\"og:title\" content=\"Mapa Hematologia Cl\u00ednica 51\/2025\" \/>\n<meta property=\"og:description\" content=\"Atividade Mapa Hematologia Cl\u00ednica 51\/2025 &#8902; Unicesumar. Baixe agora mesmo um Mapa Pronto resolvido!\" \/>\n<meta property=\"og:url\" content=\"https:\/\/atividademapa.com\/?product=mapa-hematologia-clinica-51-2025\" \/>\n<meta property=\"og:site_name\" content=\"Atividade Mapa\" \/>\n<meta property=\"article:modified_time\" content=\"2025-02-26T00:48:43+00:00\" \/>\n<meta property=\"og:image\" content=\"https:\/\/i0.wp.com\/atividademapa.com\/wp-content\/uploads\/2023\/03\/Atividade-M.A.P.A-3.png?fit=300%2C300&ssl=1\" \/>\n\t<meta property=\"og:image:width\" content=\"300\" \/>\n\t<meta property=\"og:image:height\" content=\"300\" \/>\n\t<meta property=\"og:image:type\" content=\"image\/png\" \/>\n<meta name=\"twitter:card\" content=\"summary_large_image\" \/>\n<meta name=\"twitter:label1\" content=\"Est. tempo de leitura\" \/>\n\t<meta name=\"twitter:data1\" content=\"6 minutos\" \/>\n<script type=\"application\/ld+json\" class=\"yoast-schema-graph\">{\"@context\":\"https:\\\/\\\/schema.org\",\"@graph\":[{\"@type\":\"WebPage\",\"@id\":\"https:\\\/\\\/atividademapa.com\\\/?product=mapa-hematologia-clinica-51-2025\",\"url\":\"https:\\\/\\\/atividademapa.com\\\/?product=mapa-hematologia-clinica-51-2025\",\"name\":\"Mapa Hematologia Cl\u00ednica 51\\\/2025\",\"isPartOf\":{\"@id\":\"https:\\\/\\\/atividademapa.com\\\/#website\"},\"primaryImageOfPage\":{\"@id\":\"https:\\\/\\\/atividademapa.com\\\/?product=mapa-hematologia-clinica-51-2025#primaryimage\"},\"image\":{\"@id\":\"https:\\\/\\\/atividademapa.com\\\/?product=mapa-hematologia-clinica-51-2025#primaryimage\"},\"thumbnailUrl\":\"https:\\\/\\\/i0.wp.com\\\/atividademapa.com\\\/wp-content\\\/uploads\\\/2023\\\/03\\\/Atividade-M.A.P.A-3.png?fit=300%2C300&ssl=1\",\"datePublished\":\"2024-12-21T02:57:45+00:00\",\"dateModified\":\"2025-02-26T00:48:43+00:00\",\"description\":\"Atividade Mapa Hematologia Cl\u00ednica 51\\\/2025 &#8902; Unicesumar. Baixe agora mesmo um Mapa Pronto resolvido!\",\"breadcrumb\":{\"@id\":\"https:\\\/\\\/atividademapa.com\\\/?product=mapa-hematologia-clinica-51-2025#breadcrumb\"},\"inLanguage\":\"pt-BR\",\"potentialAction\":[{\"@type\":\"ReadAction\",\"target\":[\"https:\\\/\\\/atividademapa.com\\\/?product=mapa-hematologia-clinica-51-2025\"]}]},{\"@type\":\"ImageObject\",\"inLanguage\":\"pt-BR\",\"@id\":\"https:\\\/\\\/atividademapa.com\\\/?product=mapa-hematologia-clinica-51-2025#primaryimage\",\"url\":\"https:\\\/\\\/i0.wp.com\\\/atividademapa.com\\\/wp-content\\\/uploads\\\/2023\\\/03\\\/Atividade-M.A.P.A-3.png?fit=300%2C300&ssl=1\",\"contentUrl\":\"https:\\\/\\\/i0.wp.com\\\/atividademapa.com\\\/wp-content\\\/uploads\\\/2023\\\/03\\\/Atividade-M.A.P.A-3.png?fit=300%2C300&ssl=1\",\"width\":300,\"height\":300,\"caption\":\"Mapa Unicesumar Atividade\"},{\"@type\":\"BreadcrumbList\",\"@id\":\"https:\\\/\\\/atividademapa.com\\\/?product=mapa-hematologia-clinica-51-2025#breadcrumb\",\"itemListElement\":[{\"@type\":\"ListItem\",\"position\":1,\"name\":\"In\u00edcio\",\"item\":\"https:\\\/\\\/atividademapa.com\\\/\"},{\"@type\":\"ListItem\",\"position\":2,\"name\":\"MAPAS\",\"item\":\"https:\\\/\\\/atividademapa.com\\\/?page_id=5\"},{\"@type\":\"ListItem\",\"position\":3,\"name\":\"Mapa Hematologia Cl\u00ednica 51\\\/2025\"}]},{\"@type\":\"WebSite\",\"@id\":\"https:\\\/\\\/atividademapa.com\\\/#website\",\"url\":\"https:\\\/\\\/atividademapa.com\\\/\",\"name\":\"Atividade Mapa\",\"description\":\"StudeO | Unicesumar\",\"publisher\":{\"@id\":\"https:\\\/\\\/atividademapa.com\\\/#organization\"},\"potentialAction\":[{\"@type\":\"SearchAction\",\"target\":{\"@type\":\"EntryPoint\",\"urlTemplate\":\"https:\\\/\\\/atividademapa.com\\\/?s={search_term_string}\"},\"query-input\":{\"@type\":\"PropertyValueSpecification\",\"valueRequired\":true,\"valueName\":\"search_term_string\"}}],\"inLanguage\":\"pt-BR\"},{\"@type\":\"Organization\",\"@id\":\"https:\\\/\\\/atividademapa.com\\\/#organization\",\"name\":\"Atividade MAPA\",\"url\":\"https:\\\/\\\/atividademapa.com\\\/\",\"logo\":{\"@type\":\"ImageObject\",\"inLanguage\":\"pt-BR\",\"@id\":\"https:\\\/\\\/atividademapa.com\\\/#\\\/schema\\\/logo\\\/image\\\/\",\"url\":\"https:\\\/\\\/i0.wp.com\\\/atividademapa.com\\\/wp-content\\\/uploads\\\/2023\\\/02\\\/ATIVIDADE.png?fit=600%2C300&ssl=1\",\"contentUrl\":\"https:\\\/\\\/i0.wp.com\\\/atividademapa.com\\\/wp-content\\\/uploads\\\/2023\\\/02\\\/ATIVIDADE.png?fit=600%2C300&ssl=1\",\"width\":600,\"height\":300,\"caption\":\"Atividade MAPA\"},\"image\":{\"@id\":\"https:\\\/\\\/atividademapa.com\\\/#\\\/schema\\\/logo\\\/image\\\/\"}}]}<\/script>\n<!-- \/ Yoast SEO plugin. -->","yoast_head_json":{"title":"Mapa Hematologia Cl\u00ednica 51\/2025","description":"Atividade Mapa Hematologia Cl\u00ednica 51\/2025 &#8902; Unicesumar. Baixe agora mesmo um Mapa Pronto resolvido!","robots":{"index":"index","follow":"follow","max-snippet":"max-snippet:-1","max-image-preview":"max-image-preview:large","max-video-preview":"max-video-preview:-1"},"canonical":"https:\/\/atividademapa.com\/?product=mapa-hematologia-clinica-51-2025","og_locale":"pt_BR","og_type":"article","og_title":"Mapa Hematologia Cl\u00ednica 51\/2025","og_description":"Atividade Mapa Hematologia Cl\u00ednica 51\/2025 &#8902; Unicesumar. Baixe agora mesmo um Mapa Pronto resolvido!","og_url":"https:\/\/atividademapa.com\/?product=mapa-hematologia-clinica-51-2025","og_site_name":"Atividade Mapa","article_modified_time":"2025-02-26T00:48:43+00:00","og_image":[{"width":300,"height":300,"url":"https:\/\/i0.wp.com\/atividademapa.com\/wp-content\/uploads\/2023\/03\/Atividade-M.A.P.A-3.png?fit=300%2C300&ssl=1","type":"image\/png"}],"twitter_card":"summary_large_image","twitter_misc":{"Est. tempo de leitura":"6 minutos"},"schema":{"@context":"https:\/\/schema.org","@graph":[{"@type":"WebPage","@id":"https:\/\/atividademapa.com\/?product=mapa-hematologia-clinica-51-2025","url":"https:\/\/atividademapa.com\/?product=mapa-hematologia-clinica-51-2025","name":"Mapa Hematologia Cl\u00ednica 51\/2025","isPartOf":{"@id":"https:\/\/atividademapa.com\/#website"},"primaryImageOfPage":{"@id":"https:\/\/atividademapa.com\/?product=mapa-hematologia-clinica-51-2025#primaryimage"},"image":{"@id":"https:\/\/atividademapa.com\/?product=mapa-hematologia-clinica-51-2025#primaryimage"},"thumbnailUrl":"https:\/\/i0.wp.com\/atividademapa.com\/wp-content\/uploads\/2023\/03\/Atividade-M.A.P.A-3.png?fit=300%2C300&ssl=1","datePublished":"2024-12-21T02:57:45+00:00","dateModified":"2025-02-26T00:48:43+00:00","description":"Atividade Mapa Hematologia Cl\u00ednica 51\/2025 &#8902; Unicesumar. Baixe agora mesmo um Mapa Pronto resolvido!","breadcrumb":{"@id":"https:\/\/atividademapa.com\/?product=mapa-hematologia-clinica-51-2025#breadcrumb"},"inLanguage":"pt-BR","potentialAction":[{"@type":"ReadAction","target":["https:\/\/atividademapa.com\/?product=mapa-hematologia-clinica-51-2025"]}]},{"@type":"ImageObject","inLanguage":"pt-BR","@id":"https:\/\/atividademapa.com\/?product=mapa-hematologia-clinica-51-2025#primaryimage","url":"https:\/\/i0.wp.com\/atividademapa.com\/wp-content\/uploads\/2023\/03\/Atividade-M.A.P.A-3.png?fit=300%2C300&ssl=1","contentUrl":"https:\/\/i0.wp.com\/atividademapa.com\/wp-content\/uploads\/2023\/03\/Atividade-M.A.P.A-3.png?fit=300%2C300&ssl=1","width":300,"height":300,"caption":"Mapa Unicesumar Atividade"},{"@type":"BreadcrumbList","@id":"https:\/\/atividademapa.com\/?product=mapa-hematologia-clinica-51-2025#breadcrumb","itemListElement":[{"@type":"ListItem","position":1,"name":"In\u00edcio","item":"https:\/\/atividademapa.com\/"},{"@type":"ListItem","position":2,"name":"MAPAS","item":"https:\/\/atividademapa.com\/?page_id=5"},{"@type":"ListItem","position":3,"name":"Mapa Hematologia Cl\u00ednica 51\/2025"}]},{"@type":"WebSite","@id":"https:\/\/atividademapa.com\/#website","url":"https:\/\/atividademapa.com\/","name":"Atividade Mapa","description":"StudeO | Unicesumar","publisher":{"@id":"https:\/\/atividademapa.com\/#organization"},"potentialAction":[{"@type":"SearchAction","target":{"@type":"EntryPoint","urlTemplate":"https:\/\/atividademapa.com\/?s={search_term_string}"},"query-input":{"@type":"PropertyValueSpecification","valueRequired":true,"valueName":"search_term_string"}}],"inLanguage":"pt-BR"},{"@type":"Organization","@id":"https:\/\/atividademapa.com\/#organization","name":"Atividade MAPA","url":"https:\/\/atividademapa.com\/","logo":{"@type":"ImageObject","inLanguage":"pt-BR","@id":"https:\/\/atividademapa.com\/#\/schema\/logo\/image\/","url":"https:\/\/i0.wp.com\/atividademapa.com\/wp-content\/uploads\/2023\/02\/ATIVIDADE.png?fit=600%2C300&ssl=1","contentUrl":"https:\/\/i0.wp.com\/atividademapa.com\/wp-content\/uploads\/2023\/02\/ATIVIDADE.png?fit=600%2C300&ssl=1","width":600,"height":300,"caption":"Atividade MAPA"},"image":{"@id":"https:\/\/atividademapa.com\/#\/schema\/logo\/image\/"}}]}},"_links":{"self":[{"href":"https:\/\/atividademapa.com\/index.php?rest_route=\/wp\/v2\/product\/5086","targetHints":{"allow":["GET"]}}],"collection":[{"href":"https:\/\/atividademapa.com\/index.php?rest_route=\/wp\/v2\/product"}],"about":[{"href":"https:\/\/atividademapa.com\/index.php?rest_route=\/wp\/v2\/types\/product"}],"version-history":[{"count":2,"href":"https:\/\/atividademapa.com\/index.php?rest_route=\/wp\/v2\/product\/5086\/revisions"}],"predecessor-version":[{"id":5222,"href":"https:\/\/atividademapa.com\/index.php?rest_route=\/wp\/v2\/product\/5086\/revisions\/5222"}],"wp:featuredmedia":[{"embeddable":true,"href":"https:\/\/atividademapa.com\/index.php?rest_route=\/wp\/v2\/media\/2326"}],"wp:attachment":[{"href":"https:\/\/atividademapa.com\/index.php?rest_route=%2Fwp%2Fv2%2Fmedia&parent=5086"}],"wp:term":[{"taxonomy":"product_brand","embeddable":true,"href":"https:\/\/atividademapa.com\/index.php?rest_route=%2Fwp%2Fv2%2Fproduct_brand&post=5086"},{"taxonomy":"product_cat","embeddable":true,"href":"https:\/\/atividademapa.com\/index.php?rest_route=%2Fwp%2Fv2%2Fproduct_cat&post=5086"},{"taxonomy":"product_tag","embeddable":true,"href":"https:\/\/atividademapa.com\/index.php?rest_route=%2Fwp%2Fv2%2Fproduct_tag&post=5086"}],"curies":[{"name":"wp","href":"https:\/\/api.w.org\/{rel}","templated":true}]}}