{"id":5096,"date":"2024-12-22T01:21:10","date_gmt":"2024-12-22T04:21:10","guid":{"rendered":"https:\/\/atividademapa.com\/?post_type=product&#038;p=5096"},"modified":"2025-03-05T18:54:51","modified_gmt":"2025-03-05T21:54:51","slug":"mapa-genetica-e-embriologia-51-2025","status":"publish","type":"product","link":"https:\/\/atividademapa.com\/?product=mapa-genetica-e-embriologia-51-2025","title":{"rendered":"MAPA &#8211; Gen\u00e9tica e Embriologia &#8211; 51\/2025"},"content":{"rendered":"<p>MAPA Gen\u00e9tica e Embriologia 51\/2025<\/p>\n<div class=\"panel-heading\">\n<div class=\"panel-title cursor ng-binding\" data-toggle=\"collapse\">Quest\u00e3o 1<\/div>\n<div class=\"panel-controls\">\n<ul>\n<li><\/li>\n<\/ul>\n<\/div>\n<\/div>\n<div class=\"panel-body p-t-20 b-t b-grey\">\n<div class=\"enunciado ng-binding\">\n<div class=\"ng-scope\"><strong>Gen\u00e9tica da lactase persistente e lactase n\u00e3o persistente<\/strong><\/div>\n<div class=\"ng-scope\">A intoler\u00e2ncia \u00e0 lactose pode ser classificada em duas formas principais, a prim\u00e1ria e a cong\u00eanita, que possuem bases gen\u00e9ticas distintas e diferentes padr\u00f5es de heran\u00e7a.<br \/>\nA intoler\u00e2ncia \u00e0 lactose prim\u00e1ria \u00e9 a forma mais comum e resulta da redu\u00e7\u00e3o progressiva da produ\u00e7\u00e3o da enzima lactase ao longo da vida, particularmente ap\u00f3s o desmame. Essa condi\u00e7\u00e3o \u00e9 amplamente determinada por varia\u00e7\u00f5es no gene\u00a0<em>LCT<\/em>, que codifica a lactase. A forma prim\u00e1ria geralmente segue um padr\u00e3o de\u00a0<strong>heran\u00e7a autoss\u00f4mica recessiva<\/strong>\u00a0<strong>(aa)<\/strong>, em que indiv\u00edduos com uma c\u00f3pia do alelo persistente da lactase e uma c\u00f3pia do alelo n\u00e3o persistente podem continuar produzindo lactase suficiente para digerir a lactose, enquanto aqueles com duas c\u00f3pias do alelo n\u00e3o persistente experimentam sintomas de intoler\u00e2ncia a partir da inf\u00e2ncia ou adolesc\u00eancia.<br \/>\nEm contraste, a intoler\u00e2ncia cong\u00eanita \u00e0 lactose, uma forma rara, ocorre devido a muta\u00e7\u00f5es no gene\u00a0<em>LCT<\/em>\u00a0resultantes da aus\u00eancia completa da lactase desde o nascimento. Essa condi\u00e7\u00e3o \u00e9 herdada de maneira autoss\u00f4mica recessiva, ou seja, \u00e9 uma\u00a0<strong>heran\u00e7a autoss\u00f4mica recessiva (aa)<\/strong>, o que significa que a crian\u00e7a precisa herdar uma c\u00f3pia da muta\u00e7\u00e3o de cada um dos pais para desenvolver a condi\u00e7\u00e3o. Indiv\u00edduos afetados pela intoler\u00e2ncia cong\u00eanita \u00e0 lactose n\u00e3o possuem capacidade de digerir a lactose desde os primeiros meses de vida, apresentando sintomas gastrointestinais graves quando expostos ao leite ou derivados. Assim, enquanto a intoler\u00e2ncia prim\u00e1ria envolve uma redu\u00e7\u00e3o progressiva na produ\u00e7\u00e3o de lactase, a cong\u00eanita \u00e9 causada por uma muta\u00e7\u00e3o gen\u00e9tica grave que impede a produ\u00e7\u00e3o da enzima desde o nascimento (Troelsen; Rasmussen, 2005).<\/div>\n<div class=\"ng-scope\">Fonte: TROELSEN, J. T.; RASMUSSEN, S. K.\u00a0<em>Genetics of lactase persistence and lactase non-persistence<\/em>.\u00a0<em>European Journal of Clinical Nutrition<\/em>, v, 59, n. 12, p. 1446-1453, 2005. Dispon\u00edvel em: https:\/\/doi.org\/10.1038\/sj.ejcn.1602217. Acesso em: 14 jan. 2024.<\/div>\n<div class=\"ng-scope\"><strong>ESTUDO DE CASO \u2013 PARTE 1<\/strong><strong>1)\u00a0<\/strong>Considerando o tipo de heran\u00e7a gen\u00e9tica apresentada para ambas as intoler\u00e2ncias \u00e0 lactose, analise e resolva o caso a seguir.<\/p>\n<p><strong>CASO<\/strong><br \/>\nUm casal que pretendem ter filhos, e ambos apresentam a intoler\u00e2ncia \u00e0 lactose cong\u00eanita na fam\u00edlia, e querem saber as probabilidades de terem filhos com essa condi\u00e7\u00e3o. Assim, para facilitar os estudos, foram tra\u00e7ados os heredogramas da fam\u00edlia de cada um dos indiv\u00edduos do casal (II-2 e II-3), como apresentado abaixo.<br \/>\n<img data-recalc-dims=\"1\" decoding=\"async\" src=\"https:\/\/i0.wp.com\/sistemasead.unicesumar.edu.br\/flex\/amfphp\/services\/Portal\/ImagemQuestionario2\/QUE_245796_633909_1.png?ssl=1\" alt=\"\" \/><br \/>\nSabendo que os afetados (apresentam intoler\u00e2ncia) est\u00e3o pintados no heredograma, responda \u00e0s quest\u00f5es a seguir.<\/p>\n<p><strong>a)<\/strong>\u00a0Qual o gen\u00f3tipo do casal que pretende ter filhos? Os indiv\u00edduos do casal s\u00e3o o II-2 e II-3.<\/p>\n<p><strong>b)<\/strong>\u00a0Qual a probabilidade do casal (II-2 e II-3) ter uma crian\u00e7a com intoler\u00e2ncia \u00e0 lactose cong\u00eanita? Para resolver essa quest\u00e3o, utilize e apresente o quadro de Punnet assim como uma\u00a0<strong>resposta<\/strong>\u00a0<strong>discursiva<\/strong>\u00a0do resultado.<br \/>\n<img data-recalc-dims=\"1\" decoding=\"async\" src=\"https:\/\/i0.wp.com\/sistemasead.unicesumar.edu.br\/flex\/amfphp\/services\/Portal\/ImagemQuestionario2\/QUE_245796_633909_2.png\" alt=\"\" \/><\/p>\n<p><strong>ESTUDO DE CASO &#8211; PARTE 2<\/strong><\/p>\n<p>Suponha que a enzima lactase normal\u00a0<strong>(N\u00c3O mutante)\u00a0<\/strong>apresente a seguinte sequ\u00eancia de amino\u00e1cidos:<\/p>\n<p><strong>Metionina \u2013 Arginina \u2013 Leucina \u2013 Valina \u2013 Isoleucina \u2013 Prolina \u2013 Asparagina<\/strong><\/p>\n<p><strong>Observa\u00e7\u00e3o:\u00a0<\/strong>a sequ\u00eancia de amino\u00e1cidos apresentada n\u00e3o corresponde \u00e0 real, a sequ\u00eancia apresentada \u00e9 apenas uma simula\u00e7\u00e3o para fins did\u00e1ticos.<\/p>\n<p>Sabendo da sequ\u00eancia da lactase normal, continue resolvendo o caso do casal, apresentado anteriormente.<\/p>\n<p>Mesmo conhecendo as chances de terem filhos com intoler\u00e2ncia \u00e0 lactose (causada por muta\u00e7\u00e3o gen\u00e9tica), o casal engravidou e decidiu realizar um teste de sequenciamento de DNA para saber se o feto possui intoler\u00e2ncia \u00e0 lactose cong\u00eanita. A seguir, veja a sequ\u00eancia do gene (presente no DNA molde) da enzima lactase.<\/p>\n<p><strong>TAC TCC CAT CAC TAG GGG TTG<\/strong><\/p>\n<p>Agora, responda:<\/p>\n<p><strong>a)<\/strong>\u00a0Qual ser\u00e1 a sequ\u00eancia de amino\u00e1cidos apresentado pelo beb\u00ea? Para isso realize a transcri\u00e7\u00e3o e tradu\u00e7\u00e3o do DNA do feto e apresente a sequ\u00eancia de amino\u00e1cidos encontrado.<\/p>\n<p><strong>b)<\/strong>\u00a0Comparando a sequ\u00eancia de amino\u00e1cidos encontrada no beb\u00ea e a sequ\u00eancia normal para a enzima lactase, pode-se considerar que o beb\u00ea apresenta ou n\u00e3o apresenta intoler\u00e2ncia \u00e0 lactose, causada por uma muta\u00e7\u00e3o gen\u00e9tica? Justifique sua resposta.<\/p>\n<p><strong>Observa\u00e7\u00e3o:\u00a0<\/strong>para responder \u00e0 quest\u00e3o 2, utilize a tabela de c\u00f3digo gen\u00e9tico apresentada a seguir.<br \/>\n<img data-recalc-dims=\"1\" decoding=\"async\" src=\"https:\/\/i0.wp.com\/sistemasead.unicesumar.edu.br\/flex\/amfphp\/services\/Portal\/ImagemQuestionario2\/QUE_245796_633909_3.jpg\" alt=\"\" \/><br \/>\nFonte: http:\/\/www.biologia.seed.pr.gov.br\/modules\/galeria\/detalhe.php?foto=138&amp;evento=2. Acesso em: 14 jan. 2024.<\/p>\n<p><strong>ORIENTA\u00c7\u00d5ES PARA ELABORAR E ENVIAR A ATIVIDADE MAPA:<\/strong><\/p>\n<p>Sobre o arquivo a ser enviado:<\/p>\n<p>&gt; Utilize o formul\u00e1rio padr\u00e3o para realiza\u00e7\u00e3o do MAPA dispon\u00edvel em &gt; Material da Disciplina.<br \/>\n&gt; O arquivo deve ser enviado exclusivamente pelo seu Studeo no campo &#8220;MAPA&#8221; desta disciplina. Toda e qualquer outra forma de entrega deste Modelo de Resposta MAPA n\u00e3o \u00e9 considerada. Apenas formato PDF e DOC-x s\u00e3o aceitos.<br \/>\n&gt; Somente UM arquivo pode ser anexado no Studeo.<br \/>\n&gt; A qualidade do trabalho ser\u00e1 considerada na hora da avalia\u00e7\u00e3o, ent\u00e3o fa\u00e7a com cuidado, responda \u00e0 demanda adequadamente e mostre sempre o seu racioc\u00ednio de modo claro e direto.<br \/>\nProblemas frequentes a evitar:<br \/>\n&gt; Identifique o arquivo com o seu primeiro e \u00faltimo nome e a disciplina, para evitar que voc\u00ea troque o arquivo na hora de anexar. Exemplo: MAPA_*nome da disciplina.pdf. Se o nome tiver caracteres estranhos (principalmente pontos) ou for muito grande, a equipe de corre\u00e7\u00e3o pode n\u00e3o conseguir abrir o seu trabalho e ele pode ser zerado.<br \/>\n&gt; Verifique se voc\u00ea est\u00e1 enviando o arquivo corretamente. Arquivo trocado, faltando informa\u00e7\u00f5es, n\u00e3o ser\u00e3o concedidas reaberturas de atividade dentro e ap\u00f3s o prazo da mesma.<br \/>\n&gt; Se voc\u00ea usa OPEN OFFICE ou MAC transforme o arquivo em PDF para evitar incompatibilidades.<br \/>\nComo enviar o seu arquivo:<br \/>\n&gt; \u00a0Ao final do enunciado desta atividade, no Studeo, tem uma caixa de envio de arquivo. Basta clicar e selecionar sua atividade ou arrastar at\u00e9 ela.<br \/>\n&gt; Antes de clicar em FINALIZAR, certifique-se de que est\u00e1 tudo certo, pois uma vez finalizado voc\u00ea n\u00e3o poder\u00e1 mais modificar o arquivo. Sugerimos que voc\u00ea clique no link gerado da sua atividade e fa\u00e7a o download para conferir.<\/p>\n<p>Bons estudos!<\/p>\n<\/div>\n<\/div>\n<\/div>\n","protected":false},"excerpt":{"rendered":"<p>MAPA Gen\u00e9tica e Embriologia 51\/2025 Quest\u00e3o 1 Gen\u00e9tica da lactase persistente e lactase n\u00e3o persistente A intoler\u00e2ncia \u00e0 lactose pode<\/p>\n","protected":false},"featured_media":2326,"template":"","meta":{"_monsterinsights_skip_tracking":false,"_monsterinsights_sitenote_active":false,"_monsterinsights_sitenote_note":"","_monsterinsights_sitenote_category":0},"product_brand":[],"product_cat":[54],"product_tag":[],"class_list":{"0":"post-5096","1":"product","2":"type-product","3":"status-publish","4":"has-post-thumbnail","6":"product_cat-nutricao","8":"first","9":"instock","10":"downloadable","11":"virtual","12":"purchasable","13":"product-type-simple"},"yoast_head":"<!-- This site is optimized with the Yoast SEO plugin v27.4 - https:\/\/yoast.com\/product\/yoast-seo-wordpress\/ -->\n<title>MAPA - Gen\u00e9tica e Embriologia - 51\/2025<\/title>\n<meta name=\"description\" content=\"Atividade MAPA - Gen\u00e9tica e Embriologia - 51\/2025 &#8902; Unicesumar. Baixe agora mesmo um Mapa Pronto resolvido!\" \/>\n<meta name=\"robots\" content=\"index, follow, max-snippet:-1, max-image-preview:large, max-video-preview:-1\" \/>\n<link rel=\"canonical\" href=\"https:\/\/atividademapa.com\/?product=mapa-genetica-e-embriologia-51-2025\" \/>\n<meta property=\"og:locale\" content=\"pt_BR\" \/>\n<meta property=\"og:type\" content=\"article\" \/>\n<meta property=\"og:title\" content=\"MAPA - Gen\u00e9tica e Embriologia - 51\/2025\" \/>\n<meta property=\"og:description\" content=\"Atividade MAPA - Gen\u00e9tica e Embriologia - 51\/2025 &#8902; Unicesumar. Baixe agora mesmo um Mapa Pronto resolvido!\" \/>\n<meta property=\"og:url\" content=\"https:\/\/atividademapa.com\/?product=mapa-genetica-e-embriologia-51-2025\" \/>\n<meta property=\"og:site_name\" content=\"Atividade Mapa\" \/>\n<meta property=\"article:modified_time\" content=\"2025-03-05T21:54:51+00:00\" \/>\n<meta property=\"og:image\" content=\"https:\/\/i0.wp.com\/atividademapa.com\/wp-content\/uploads\/2023\/03\/Atividade-M.A.P.A-3.png?fit=300%2C300&ssl=1\" \/>\n\t<meta property=\"og:image:width\" content=\"300\" \/>\n\t<meta property=\"og:image:height\" content=\"300\" \/>\n\t<meta property=\"og:image:type\" content=\"image\/png\" \/>\n<meta name=\"twitter:card\" content=\"summary_large_image\" \/>\n<meta name=\"twitter:label1\" content=\"Est. tempo de leitura\" \/>\n\t<meta name=\"twitter:data1\" content=\"5 minutos\" \/>\n<script type=\"application\/ld+json\" class=\"yoast-schema-graph\">{\"@context\":\"https:\\\/\\\/schema.org\",\"@graph\":[{\"@type\":\"WebPage\",\"@id\":\"https:\\\/\\\/atividademapa.com\\\/?product=mapa-genetica-e-embriologia-51-2025\",\"url\":\"https:\\\/\\\/atividademapa.com\\\/?product=mapa-genetica-e-embriologia-51-2025\",\"name\":\"MAPA - Gen\u00e9tica e Embriologia - 51\\\/2025\",\"isPartOf\":{\"@id\":\"https:\\\/\\\/atividademapa.com\\\/#website\"},\"primaryImageOfPage\":{\"@id\":\"https:\\\/\\\/atividademapa.com\\\/?product=mapa-genetica-e-embriologia-51-2025#primaryimage\"},\"image\":{\"@id\":\"https:\\\/\\\/atividademapa.com\\\/?product=mapa-genetica-e-embriologia-51-2025#primaryimage\"},\"thumbnailUrl\":\"https:\\\/\\\/i0.wp.com\\\/atividademapa.com\\\/wp-content\\\/uploads\\\/2023\\\/03\\\/Atividade-M.A.P.A-3.png?fit=300%2C300&ssl=1\",\"datePublished\":\"2024-12-22T04:21:10+00:00\",\"dateModified\":\"2025-03-05T21:54:51+00:00\",\"description\":\"Atividade MAPA - Gen\u00e9tica e Embriologia - 51\\\/2025 &#8902; Unicesumar. Baixe agora mesmo um Mapa Pronto resolvido!\",\"breadcrumb\":{\"@id\":\"https:\\\/\\\/atividademapa.com\\\/?product=mapa-genetica-e-embriologia-51-2025#breadcrumb\"},\"inLanguage\":\"pt-BR\",\"potentialAction\":[{\"@type\":\"ReadAction\",\"target\":[\"https:\\\/\\\/atividademapa.com\\\/?product=mapa-genetica-e-embriologia-51-2025\"]}]},{\"@type\":\"ImageObject\",\"inLanguage\":\"pt-BR\",\"@id\":\"https:\\\/\\\/atividademapa.com\\\/?product=mapa-genetica-e-embriologia-51-2025#primaryimage\",\"url\":\"https:\\\/\\\/i0.wp.com\\\/atividademapa.com\\\/wp-content\\\/uploads\\\/2023\\\/03\\\/Atividade-M.A.P.A-3.png?fit=300%2C300&ssl=1\",\"contentUrl\":\"https:\\\/\\\/i0.wp.com\\\/atividademapa.com\\\/wp-content\\\/uploads\\\/2023\\\/03\\\/Atividade-M.A.P.A-3.png?fit=300%2C300&ssl=1\",\"width\":300,\"height\":300,\"caption\":\"Mapa Unicesumar Atividade\"},{\"@type\":\"BreadcrumbList\",\"@id\":\"https:\\\/\\\/atividademapa.com\\\/?product=mapa-genetica-e-embriologia-51-2025#breadcrumb\",\"itemListElement\":[{\"@type\":\"ListItem\",\"position\":1,\"name\":\"In\u00edcio\",\"item\":\"https:\\\/\\\/atividademapa.com\\\/\"},{\"@type\":\"ListItem\",\"position\":2,\"name\":\"MAPAS\",\"item\":\"https:\\\/\\\/atividademapa.com\\\/?page_id=5\"},{\"@type\":\"ListItem\",\"position\":3,\"name\":\"MAPA &#8211; Gen\u00e9tica e Embriologia &#8211; 51\\\/2025\"}]},{\"@type\":\"WebSite\",\"@id\":\"https:\\\/\\\/atividademapa.com\\\/#website\",\"url\":\"https:\\\/\\\/atividademapa.com\\\/\",\"name\":\"Atividade Mapa\",\"description\":\"StudeO | Unicesumar\",\"publisher\":{\"@id\":\"https:\\\/\\\/atividademapa.com\\\/#organization\"},\"potentialAction\":[{\"@type\":\"SearchAction\",\"target\":{\"@type\":\"EntryPoint\",\"urlTemplate\":\"https:\\\/\\\/atividademapa.com\\\/?s={search_term_string}\"},\"query-input\":{\"@type\":\"PropertyValueSpecification\",\"valueRequired\":true,\"valueName\":\"search_term_string\"}}],\"inLanguage\":\"pt-BR\"},{\"@type\":\"Organization\",\"@id\":\"https:\\\/\\\/atividademapa.com\\\/#organization\",\"name\":\"Atividade MAPA\",\"url\":\"https:\\\/\\\/atividademapa.com\\\/\",\"logo\":{\"@type\":\"ImageObject\",\"inLanguage\":\"pt-BR\",\"@id\":\"https:\\\/\\\/atividademapa.com\\\/#\\\/schema\\\/logo\\\/image\\\/\",\"url\":\"https:\\\/\\\/i0.wp.com\\\/atividademapa.com\\\/wp-content\\\/uploads\\\/2023\\\/02\\\/ATIVIDADE.png?fit=600%2C300&ssl=1\",\"contentUrl\":\"https:\\\/\\\/i0.wp.com\\\/atividademapa.com\\\/wp-content\\\/uploads\\\/2023\\\/02\\\/ATIVIDADE.png?fit=600%2C300&ssl=1\",\"width\":600,\"height\":300,\"caption\":\"Atividade MAPA\"},\"image\":{\"@id\":\"https:\\\/\\\/atividademapa.com\\\/#\\\/schema\\\/logo\\\/image\\\/\"}}]}<\/script>\n<!-- \/ Yoast SEO plugin. -->","yoast_head_json":{"title":"MAPA - Gen\u00e9tica e Embriologia - 51\/2025","description":"Atividade MAPA - Gen\u00e9tica e Embriologia - 51\/2025 &#8902; Unicesumar. Baixe agora mesmo um Mapa Pronto resolvido!","robots":{"index":"index","follow":"follow","max-snippet":"max-snippet:-1","max-image-preview":"max-image-preview:large","max-video-preview":"max-video-preview:-1"},"canonical":"https:\/\/atividademapa.com\/?product=mapa-genetica-e-embriologia-51-2025","og_locale":"pt_BR","og_type":"article","og_title":"MAPA - Gen\u00e9tica e Embriologia - 51\/2025","og_description":"Atividade MAPA - Gen\u00e9tica e Embriologia - 51\/2025 &#8902; Unicesumar. Baixe agora mesmo um Mapa Pronto resolvido!","og_url":"https:\/\/atividademapa.com\/?product=mapa-genetica-e-embriologia-51-2025","og_site_name":"Atividade Mapa","article_modified_time":"2025-03-05T21:54:51+00:00","og_image":[{"width":300,"height":300,"url":"https:\/\/i0.wp.com\/atividademapa.com\/wp-content\/uploads\/2023\/03\/Atividade-M.A.P.A-3.png?fit=300%2C300&ssl=1","type":"image\/png"}],"twitter_card":"summary_large_image","twitter_misc":{"Est. tempo de leitura":"5 minutos"},"schema":{"@context":"https:\/\/schema.org","@graph":[{"@type":"WebPage","@id":"https:\/\/atividademapa.com\/?product=mapa-genetica-e-embriologia-51-2025","url":"https:\/\/atividademapa.com\/?product=mapa-genetica-e-embriologia-51-2025","name":"MAPA - Gen\u00e9tica e Embriologia - 51\/2025","isPartOf":{"@id":"https:\/\/atividademapa.com\/#website"},"primaryImageOfPage":{"@id":"https:\/\/atividademapa.com\/?product=mapa-genetica-e-embriologia-51-2025#primaryimage"},"image":{"@id":"https:\/\/atividademapa.com\/?product=mapa-genetica-e-embriologia-51-2025#primaryimage"},"thumbnailUrl":"https:\/\/i0.wp.com\/atividademapa.com\/wp-content\/uploads\/2023\/03\/Atividade-M.A.P.A-3.png?fit=300%2C300&ssl=1","datePublished":"2024-12-22T04:21:10+00:00","dateModified":"2025-03-05T21:54:51+00:00","description":"Atividade MAPA - Gen\u00e9tica e Embriologia - 51\/2025 &#8902; Unicesumar. Baixe agora mesmo um Mapa Pronto resolvido!","breadcrumb":{"@id":"https:\/\/atividademapa.com\/?product=mapa-genetica-e-embriologia-51-2025#breadcrumb"},"inLanguage":"pt-BR","potentialAction":[{"@type":"ReadAction","target":["https:\/\/atividademapa.com\/?product=mapa-genetica-e-embriologia-51-2025"]}]},{"@type":"ImageObject","inLanguage":"pt-BR","@id":"https:\/\/atividademapa.com\/?product=mapa-genetica-e-embriologia-51-2025#primaryimage","url":"https:\/\/i0.wp.com\/atividademapa.com\/wp-content\/uploads\/2023\/03\/Atividade-M.A.P.A-3.png?fit=300%2C300&ssl=1","contentUrl":"https:\/\/i0.wp.com\/atividademapa.com\/wp-content\/uploads\/2023\/03\/Atividade-M.A.P.A-3.png?fit=300%2C300&ssl=1","width":300,"height":300,"caption":"Mapa Unicesumar Atividade"},{"@type":"BreadcrumbList","@id":"https:\/\/atividademapa.com\/?product=mapa-genetica-e-embriologia-51-2025#breadcrumb","itemListElement":[{"@type":"ListItem","position":1,"name":"In\u00edcio","item":"https:\/\/atividademapa.com\/"},{"@type":"ListItem","position":2,"name":"MAPAS","item":"https:\/\/atividademapa.com\/?page_id=5"},{"@type":"ListItem","position":3,"name":"MAPA &#8211; Gen\u00e9tica e Embriologia &#8211; 51\/2025"}]},{"@type":"WebSite","@id":"https:\/\/atividademapa.com\/#website","url":"https:\/\/atividademapa.com\/","name":"Atividade Mapa","description":"StudeO | Unicesumar","publisher":{"@id":"https:\/\/atividademapa.com\/#organization"},"potentialAction":[{"@type":"SearchAction","target":{"@type":"EntryPoint","urlTemplate":"https:\/\/atividademapa.com\/?s={search_term_string}"},"query-input":{"@type":"PropertyValueSpecification","valueRequired":true,"valueName":"search_term_string"}}],"inLanguage":"pt-BR"},{"@type":"Organization","@id":"https:\/\/atividademapa.com\/#organization","name":"Atividade MAPA","url":"https:\/\/atividademapa.com\/","logo":{"@type":"ImageObject","inLanguage":"pt-BR","@id":"https:\/\/atividademapa.com\/#\/schema\/logo\/image\/","url":"https:\/\/i0.wp.com\/atividademapa.com\/wp-content\/uploads\/2023\/02\/ATIVIDADE.png?fit=600%2C300&ssl=1","contentUrl":"https:\/\/i0.wp.com\/atividademapa.com\/wp-content\/uploads\/2023\/02\/ATIVIDADE.png?fit=600%2C300&ssl=1","width":600,"height":300,"caption":"Atividade MAPA"},"image":{"@id":"https:\/\/atividademapa.com\/#\/schema\/logo\/image\/"}}]}},"_links":{"self":[{"href":"https:\/\/atividademapa.com\/index.php?rest_route=\/wp\/v2\/product\/5096","targetHints":{"allow":["GET"]}}],"collection":[{"href":"https:\/\/atividademapa.com\/index.php?rest_route=\/wp\/v2\/product"}],"about":[{"href":"https:\/\/atividademapa.com\/index.php?rest_route=\/wp\/v2\/types\/product"}],"version-history":[{"count":4,"href":"https:\/\/atividademapa.com\/index.php?rest_route=\/wp\/v2\/product\/5096\/revisions"}],"predecessor-version":[{"id":5223,"href":"https:\/\/atividademapa.com\/index.php?rest_route=\/wp\/v2\/product\/5096\/revisions\/5223"}],"wp:featuredmedia":[{"embeddable":true,"href":"https:\/\/atividademapa.com\/index.php?rest_route=\/wp\/v2\/media\/2326"}],"wp:attachment":[{"href":"https:\/\/atividademapa.com\/index.php?rest_route=%2Fwp%2Fv2%2Fmedia&parent=5096"}],"wp:term":[{"taxonomy":"product_brand","embeddable":true,"href":"https:\/\/atividademapa.com\/index.php?rest_route=%2Fwp%2Fv2%2Fproduct_brand&post=5096"},{"taxonomy":"product_cat","embeddable":true,"href":"https:\/\/atividademapa.com\/index.php?rest_route=%2Fwp%2Fv2%2Fproduct_cat&post=5096"},{"taxonomy":"product_tag","embeddable":true,"href":"https:\/\/atividademapa.com\/index.php?rest_route=%2Fwp%2Fv2%2Fproduct_tag&post=5096"}],"curies":[{"name":"wp","href":"https:\/\/api.w.org\/{rel}","templated":true}]}}