{"id":5105,"date":"2024-12-22T01:36:44","date_gmt":"2024-12-22T04:36:44","guid":{"rendered":"https:\/\/atividademapa.com\/?post_type=product&#038;p=5105"},"modified":"2025-04-03T21:53:45","modified_gmt":"2025-04-04T00:53:45","slug":"mapa-lingua-portuguesa-leitura-e-producao-de-texto-51-2025","status":"publish","type":"product","link":"https:\/\/atividademapa.com\/?product=mapa-lingua-portuguesa-leitura-e-producao-de-texto-51-2025","title":{"rendered":"MAPA &#8211; L\u00edngua Portuguesa: Leitura e Produ\u00e7\u00e3o de Texto 51\/2025"},"content":{"rendered":"<p>MAPA &#8211; L\u00edngua Portuguesa: Leitura e Produ\u00e7\u00e3o de Texto &#8211; M\u00f3dulo 2025\/51<\/p>\n<p>Como est\u00e1 ocorrendo o ensino de L\u00edngua Portuguesa no Ensino Fundamental?<br class=\"ng-scope\" \/><br class=\"ng-scope\" \/>N\u00e3o \u00e9 uma resposta simples, mas cada regi\u00e3o, cada cidade, cada escola tem sua proposta pedag\u00f3gica e suas pr\u00e1ticas, mas nem sempre se valoriza uma pr\u00e1tica de ensino tendo como concep\u00e7\u00e3o a l\u00edngua como organismo vivo, ou seja, \u201ca l\u00edngua vive e evolui historicamente na comunica\u00e7\u00e3o verbal concreta, n\u00e3o no sistema lingu\u00edstico abstrato das formas da l\u00edngua nem no psiquismo individual dos falantes\u201d (Bakhtin, 2006, p. 125), \u201cmas pelo fen\u00f4meno social da intera\u00e7\u00e3o verbal, realizada atrav\u00e9s da enuncia\u00e7\u00e3o ou das enuncia\u00e7\u00f5es\u201d (Bakhtin, 2006, p. 127).<br class=\"ng-scope\" \/><br class=\"ng-scope\" \/>Fonte: BAKHTIN, M.<strong class=\"ng-scope\">\u00a0Marxismo e filosofia da linguagem<\/strong>. 12. ed. S\u00e3o Paulo: Hucitec, 2006.<br class=\"ng-scope\" \/><br class=\"ng-scope\" \/>Isso mostra que a l\u00edngua \u00e9 viva, est\u00e1 sempre em uso e faz parte de um sistema social. Por isso, deve estar presente na sala de aula de maneira significativa. Contudo, ser\u00e1 que isso realmente acontece?<br class=\"ng-scope\" \/><br class=\"ng-scope\" \/>A atividade ser\u00e1 dividida em tr\u00eas etapas, por isso preste aten\u00e7\u00e3o a cada uma delas.<\/p>\n<p class=\"ng-scope\">1\u00aa ETAPA: escolha uma escola pr\u00f3xima a voc\u00ea, visite-a, converse com a pedagoga respons\u00e1vel e anote os dados: nome da escola, quantos alunos frequentam o Ensino Fundamental, quantas aulas de l\u00edngua portuguesa ocorrem por semana nesse segmento. Escolha uma turma dessa escola (do 1\u00ba ao 5\u00ba ano do Ensino Fundamental) e pe\u00e7a para assistir a uma aula. N\u00e3o se esque\u00e7a de levar sua carta de apresenta\u00e7\u00e3o, dispon\u00edvel no Material da Disciplina.<\/p>\n<p class=\"ng-scope\">2\u00aa ETAPA: ap\u00f3s assistir a uma aula de L\u00edngua Portuguesa no Ensino Fundamental, indique qual \u00e9 a concep\u00e7\u00e3o adotada pelo professor em sua pr\u00e1tica de ensino: l\u00edngua como express\u00e3o do pensamento, l\u00edngua como instrumento de comunica\u00e7\u00e3o ou l\u00edngua como forma de intera\u00e7\u00e3o. Voc\u00ea deve produzir um relato apontando qual foi a concep\u00e7\u00e3o adotada, explicar e justificar a sua afirma\u00e7\u00e3o com os exemplos observados em sala de aula. O texto deve ter no m\u00ednimo 8 e no m\u00e1ximo 15 linhas, deve usar a norma culta e relatar de forma consistente. Relembre esses conceitos: https:\/\/educacaopublica.cecierj.edu.br\/artigos\/21\/42\/as-concepcoes-de-linguagem-e-seu-impacto-no-ensino-de-ciencias.<\/p>\n<p class=\"ng-scope\">3\u00aa ETAPA: ap\u00f3s fazer o seu relato, responda \u00e0 seguinte quest\u00e3o: Qual a import\u00e2ncia do uso da concep\u00e7\u00e3o de l\u00edngua como forma de intera\u00e7\u00e3o para a aprendizagem dos alunos? Leia o artigo para auxiliar na sua resposta: https:\/\/periodicos.ufpel.edu.br\/index.php\/rle\/article\/download\/15401\/20236\/. Lembre-se de fazer uma resposta argumentativa, deixar claro o seu posicionamento, usar um argumento de autoridade e apresentar uma conclus\u00e3o. O texto deve ter no m\u00ednimo 10 linhas e no m\u00e1ximo 20 linhas.<\/p>\n<p>Boa atividade!<\/p>\n","protected":false},"excerpt":{"rendered":"<p>MAPA &#8211; L\u00edngua Portuguesa: Leitura e Produ\u00e7\u00e3o de Texto &#8211; M\u00f3dulo 2025\/51 Como est\u00e1 ocorrendo o ensino de L\u00edngua Portuguesa<\/p>\n","protected":false},"featured_media":2326,"template":"","meta":{"_monsterinsights_skip_tracking":false,"_monsterinsights_sitenote_active":false,"_monsterinsights_sitenote_note":"","_monsterinsights_sitenote_category":0},"product_brand":[],"product_cat":[30],"product_tag":[],"class_list":{"0":"post-5105","1":"product","2":"type-product","3":"status-publish","4":"has-post-thumbnail","6":"product_cat-pedagogia","8":"first","9":"instock","10":"downloadable","11":"virtual","12":"purchasable","13":"product-type-simple"},"yoast_head":"<!-- This site is optimized with the Yoast SEO plugin v27.4 - https:\/\/yoast.com\/product\/yoast-seo-wordpress\/ -->\n<title>MAPA - L\u00edngua Portuguesa: Leitura e Produ\u00e7\u00e3o de Texto 51\/2025<\/title>\n<meta name=\"description\" content=\"MAPA - L\u00edngua Portuguesa: Leitura e Produ\u00e7\u00e3o de Texto - M\u00f3dulo 2025\/51 &#8902; Unicesumar. Baixe uma Atividade Mapa Pronto agora!\" \/>\n<meta name=\"robots\" content=\"index, follow, max-snippet:-1, max-image-preview:large, max-video-preview:-1\" \/>\n<link rel=\"canonical\" href=\"https:\/\/atividademapa.com\/?product=mapa-lingua-portuguesa-leitura-e-producao-de-texto-51-2025\" \/>\n<meta property=\"og:locale\" content=\"pt_BR\" \/>\n<meta property=\"og:type\" content=\"article\" \/>\n<meta property=\"og:title\" content=\"MAPA - L\u00edngua Portuguesa: Leitura e Produ\u00e7\u00e3o de Texto 51\/2025\" \/>\n<meta property=\"og:description\" content=\"MAPA - L\u00edngua Portuguesa: Leitura e Produ\u00e7\u00e3o de Texto - M\u00f3dulo 2025\/51 &#8902; Unicesumar. Baixe uma Atividade Mapa Pronto agora!\" \/>\n<meta property=\"og:url\" content=\"https:\/\/atividademapa.com\/?product=mapa-lingua-portuguesa-leitura-e-producao-de-texto-51-2025\" \/>\n<meta property=\"og:site_name\" content=\"Atividade Mapa\" \/>\n<meta property=\"article:modified_time\" content=\"2025-04-04T00:53:45+00:00\" \/>\n<meta property=\"og:image\" content=\"https:\/\/i0.wp.com\/atividademapa.com\/wp-content\/uploads\/2023\/03\/Atividade-M.A.P.A-3.png?fit=300%2C300&ssl=1\" \/>\n\t<meta property=\"og:image:width\" content=\"300\" \/>\n\t<meta property=\"og:image:height\" content=\"300\" \/>\n\t<meta property=\"og:image:type\" content=\"image\/png\" \/>\n<meta name=\"twitter:card\" content=\"summary_large_image\" \/>\n<meta name=\"twitter:label1\" content=\"Est. tempo de leitura\" \/>\n\t<meta name=\"twitter:data1\" content=\"2 minutos\" \/>\n<script type=\"application\/ld+json\" class=\"yoast-schema-graph\">{\"@context\":\"https:\\\/\\\/schema.org\",\"@graph\":[{\"@type\":\"WebPage\",\"@id\":\"https:\\\/\\\/atividademapa.com\\\/?product=mapa-lingua-portuguesa-leitura-e-producao-de-texto-51-2025\",\"url\":\"https:\\\/\\\/atividademapa.com\\\/?product=mapa-lingua-portuguesa-leitura-e-producao-de-texto-51-2025\",\"name\":\"MAPA - L\u00edngua Portuguesa: Leitura e Produ\u00e7\u00e3o de Texto 51\\\/2025\",\"isPartOf\":{\"@id\":\"https:\\\/\\\/atividademapa.com\\\/#website\"},\"primaryImageOfPage\":{\"@id\":\"https:\\\/\\\/atividademapa.com\\\/?product=mapa-lingua-portuguesa-leitura-e-producao-de-texto-51-2025#primaryimage\"},\"image\":{\"@id\":\"https:\\\/\\\/atividademapa.com\\\/?product=mapa-lingua-portuguesa-leitura-e-producao-de-texto-51-2025#primaryimage\"},\"thumbnailUrl\":\"https:\\\/\\\/i0.wp.com\\\/atividademapa.com\\\/wp-content\\\/uploads\\\/2023\\\/03\\\/Atividade-M.A.P.A-3.png?fit=300%2C300&ssl=1\",\"datePublished\":\"2024-12-22T04:36:44+00:00\",\"dateModified\":\"2025-04-04T00:53:45+00:00\",\"description\":\"MAPA - L\u00edngua Portuguesa: Leitura e Produ\u00e7\u00e3o de Texto - M\u00f3dulo 2025\\\/51 &#8902; Unicesumar. Baixe uma Atividade Mapa Pronto agora!\",\"breadcrumb\":{\"@id\":\"https:\\\/\\\/atividademapa.com\\\/?product=mapa-lingua-portuguesa-leitura-e-producao-de-texto-51-2025#breadcrumb\"},\"inLanguage\":\"pt-BR\",\"potentialAction\":[{\"@type\":\"ReadAction\",\"target\":[\"https:\\\/\\\/atividademapa.com\\\/?product=mapa-lingua-portuguesa-leitura-e-producao-de-texto-51-2025\"]}]},{\"@type\":\"ImageObject\",\"inLanguage\":\"pt-BR\",\"@id\":\"https:\\\/\\\/atividademapa.com\\\/?product=mapa-lingua-portuguesa-leitura-e-producao-de-texto-51-2025#primaryimage\",\"url\":\"https:\\\/\\\/i0.wp.com\\\/atividademapa.com\\\/wp-content\\\/uploads\\\/2023\\\/03\\\/Atividade-M.A.P.A-3.png?fit=300%2C300&ssl=1\",\"contentUrl\":\"https:\\\/\\\/i0.wp.com\\\/atividademapa.com\\\/wp-content\\\/uploads\\\/2023\\\/03\\\/Atividade-M.A.P.A-3.png?fit=300%2C300&ssl=1\",\"width\":300,\"height\":300,\"caption\":\"Mapa Unicesumar Atividade\"},{\"@type\":\"BreadcrumbList\",\"@id\":\"https:\\\/\\\/atividademapa.com\\\/?product=mapa-lingua-portuguesa-leitura-e-producao-de-texto-51-2025#breadcrumb\",\"itemListElement\":[{\"@type\":\"ListItem\",\"position\":1,\"name\":\"In\u00edcio\",\"item\":\"https:\\\/\\\/atividademapa.com\\\/\"},{\"@type\":\"ListItem\",\"position\":2,\"name\":\"MAPAS\",\"item\":\"https:\\\/\\\/atividademapa.com\\\/?page_id=5\"},{\"@type\":\"ListItem\",\"position\":3,\"name\":\"MAPA &#8211; L\u00edngua Portuguesa: Leitura e Produ\u00e7\u00e3o de Texto 51\\\/2025\"}]},{\"@type\":\"WebSite\",\"@id\":\"https:\\\/\\\/atividademapa.com\\\/#website\",\"url\":\"https:\\\/\\\/atividademapa.com\\\/\",\"name\":\"Atividade Mapa\",\"description\":\"StudeO | Unicesumar\",\"publisher\":{\"@id\":\"https:\\\/\\\/atividademapa.com\\\/#organization\"},\"potentialAction\":[{\"@type\":\"SearchAction\",\"target\":{\"@type\":\"EntryPoint\",\"urlTemplate\":\"https:\\\/\\\/atividademapa.com\\\/?s={search_term_string}\"},\"query-input\":{\"@type\":\"PropertyValueSpecification\",\"valueRequired\":true,\"valueName\":\"search_term_string\"}}],\"inLanguage\":\"pt-BR\"},{\"@type\":\"Organization\",\"@id\":\"https:\\\/\\\/atividademapa.com\\\/#organization\",\"name\":\"Atividade MAPA\",\"url\":\"https:\\\/\\\/atividademapa.com\\\/\",\"logo\":{\"@type\":\"ImageObject\",\"inLanguage\":\"pt-BR\",\"@id\":\"https:\\\/\\\/atividademapa.com\\\/#\\\/schema\\\/logo\\\/image\\\/\",\"url\":\"https:\\\/\\\/i0.wp.com\\\/atividademapa.com\\\/wp-content\\\/uploads\\\/2023\\\/02\\\/ATIVIDADE.png?fit=600%2C300&ssl=1\",\"contentUrl\":\"https:\\\/\\\/i0.wp.com\\\/atividademapa.com\\\/wp-content\\\/uploads\\\/2023\\\/02\\\/ATIVIDADE.png?fit=600%2C300&ssl=1\",\"width\":600,\"height\":300,\"caption\":\"Atividade MAPA\"},\"image\":{\"@id\":\"https:\\\/\\\/atividademapa.com\\\/#\\\/schema\\\/logo\\\/image\\\/\"}}]}<\/script>\n<!-- \/ Yoast SEO plugin. -->","yoast_head_json":{"title":"MAPA - L\u00edngua Portuguesa: Leitura e Produ\u00e7\u00e3o de Texto 51\/2025","description":"MAPA - L\u00edngua Portuguesa: Leitura e Produ\u00e7\u00e3o de Texto - M\u00f3dulo 2025\/51 &#8902; Unicesumar. Baixe uma Atividade Mapa Pronto agora!","robots":{"index":"index","follow":"follow","max-snippet":"max-snippet:-1","max-image-preview":"max-image-preview:large","max-video-preview":"max-video-preview:-1"},"canonical":"https:\/\/atividademapa.com\/?product=mapa-lingua-portuguesa-leitura-e-producao-de-texto-51-2025","og_locale":"pt_BR","og_type":"article","og_title":"MAPA - L\u00edngua Portuguesa: Leitura e Produ\u00e7\u00e3o de Texto 51\/2025","og_description":"MAPA - L\u00edngua Portuguesa: Leitura e Produ\u00e7\u00e3o de Texto - M\u00f3dulo 2025\/51 &#8902; Unicesumar. Baixe uma Atividade Mapa Pronto agora!","og_url":"https:\/\/atividademapa.com\/?product=mapa-lingua-portuguesa-leitura-e-producao-de-texto-51-2025","og_site_name":"Atividade Mapa","article_modified_time":"2025-04-04T00:53:45+00:00","og_image":[{"width":300,"height":300,"url":"https:\/\/i0.wp.com\/atividademapa.com\/wp-content\/uploads\/2023\/03\/Atividade-M.A.P.A-3.png?fit=300%2C300&ssl=1","type":"image\/png"}],"twitter_card":"summary_large_image","twitter_misc":{"Est. tempo de leitura":"2 minutos"},"schema":{"@context":"https:\/\/schema.org","@graph":[{"@type":"WebPage","@id":"https:\/\/atividademapa.com\/?product=mapa-lingua-portuguesa-leitura-e-producao-de-texto-51-2025","url":"https:\/\/atividademapa.com\/?product=mapa-lingua-portuguesa-leitura-e-producao-de-texto-51-2025","name":"MAPA - L\u00edngua Portuguesa: Leitura e Produ\u00e7\u00e3o de Texto 51\/2025","isPartOf":{"@id":"https:\/\/atividademapa.com\/#website"},"primaryImageOfPage":{"@id":"https:\/\/atividademapa.com\/?product=mapa-lingua-portuguesa-leitura-e-producao-de-texto-51-2025#primaryimage"},"image":{"@id":"https:\/\/atividademapa.com\/?product=mapa-lingua-portuguesa-leitura-e-producao-de-texto-51-2025#primaryimage"},"thumbnailUrl":"https:\/\/i0.wp.com\/atividademapa.com\/wp-content\/uploads\/2023\/03\/Atividade-M.A.P.A-3.png?fit=300%2C300&ssl=1","datePublished":"2024-12-22T04:36:44+00:00","dateModified":"2025-04-04T00:53:45+00:00","description":"MAPA - L\u00edngua Portuguesa: Leitura e Produ\u00e7\u00e3o de Texto - M\u00f3dulo 2025\/51 &#8902; Unicesumar. Baixe uma Atividade Mapa Pronto agora!","breadcrumb":{"@id":"https:\/\/atividademapa.com\/?product=mapa-lingua-portuguesa-leitura-e-producao-de-texto-51-2025#breadcrumb"},"inLanguage":"pt-BR","potentialAction":[{"@type":"ReadAction","target":["https:\/\/atividademapa.com\/?product=mapa-lingua-portuguesa-leitura-e-producao-de-texto-51-2025"]}]},{"@type":"ImageObject","inLanguage":"pt-BR","@id":"https:\/\/atividademapa.com\/?product=mapa-lingua-portuguesa-leitura-e-producao-de-texto-51-2025#primaryimage","url":"https:\/\/i0.wp.com\/atividademapa.com\/wp-content\/uploads\/2023\/03\/Atividade-M.A.P.A-3.png?fit=300%2C300&ssl=1","contentUrl":"https:\/\/i0.wp.com\/atividademapa.com\/wp-content\/uploads\/2023\/03\/Atividade-M.A.P.A-3.png?fit=300%2C300&ssl=1","width":300,"height":300,"caption":"Mapa Unicesumar Atividade"},{"@type":"BreadcrumbList","@id":"https:\/\/atividademapa.com\/?product=mapa-lingua-portuguesa-leitura-e-producao-de-texto-51-2025#breadcrumb","itemListElement":[{"@type":"ListItem","position":1,"name":"In\u00edcio","item":"https:\/\/atividademapa.com\/"},{"@type":"ListItem","position":2,"name":"MAPAS","item":"https:\/\/atividademapa.com\/?page_id=5"},{"@type":"ListItem","position":3,"name":"MAPA &#8211; L\u00edngua Portuguesa: Leitura e Produ\u00e7\u00e3o de Texto 51\/2025"}]},{"@type":"WebSite","@id":"https:\/\/atividademapa.com\/#website","url":"https:\/\/atividademapa.com\/","name":"Atividade Mapa","description":"StudeO | Unicesumar","publisher":{"@id":"https:\/\/atividademapa.com\/#organization"},"potentialAction":[{"@type":"SearchAction","target":{"@type":"EntryPoint","urlTemplate":"https:\/\/atividademapa.com\/?s={search_term_string}"},"query-input":{"@type":"PropertyValueSpecification","valueRequired":true,"valueName":"search_term_string"}}],"inLanguage":"pt-BR"},{"@type":"Organization","@id":"https:\/\/atividademapa.com\/#organization","name":"Atividade MAPA","url":"https:\/\/atividademapa.com\/","logo":{"@type":"ImageObject","inLanguage":"pt-BR","@id":"https:\/\/atividademapa.com\/#\/schema\/logo\/image\/","url":"https:\/\/i0.wp.com\/atividademapa.com\/wp-content\/uploads\/2023\/02\/ATIVIDADE.png?fit=600%2C300&ssl=1","contentUrl":"https:\/\/i0.wp.com\/atividademapa.com\/wp-content\/uploads\/2023\/02\/ATIVIDADE.png?fit=600%2C300&ssl=1","width":600,"height":300,"caption":"Atividade MAPA"},"image":{"@id":"https:\/\/atividademapa.com\/#\/schema\/logo\/image\/"}}]}},"_links":{"self":[{"href":"https:\/\/atividademapa.com\/index.php?rest_route=\/wp\/v2\/product\/5105","targetHints":{"allow":["GET"]}}],"collection":[{"href":"https:\/\/atividademapa.com\/index.php?rest_route=\/wp\/v2\/product"}],"about":[{"href":"https:\/\/atividademapa.com\/index.php?rest_route=\/wp\/v2\/types\/product"}],"version-history":[{"count":3,"href":"https:\/\/atividademapa.com\/index.php?rest_route=\/wp\/v2\/product\/5105\/revisions"}],"predecessor-version":[{"id":5477,"href":"https:\/\/atividademapa.com\/index.php?rest_route=\/wp\/v2\/product\/5105\/revisions\/5477"}],"wp:featuredmedia":[{"embeddable":true,"href":"https:\/\/atividademapa.com\/index.php?rest_route=\/wp\/v2\/media\/2326"}],"wp:attachment":[{"href":"https:\/\/atividademapa.com\/index.php?rest_route=%2Fwp%2Fv2%2Fmedia&parent=5105"}],"wp:term":[{"taxonomy":"product_brand","embeddable":true,"href":"https:\/\/atividademapa.com\/index.php?rest_route=%2Fwp%2Fv2%2Fproduct_brand&post=5105"},{"taxonomy":"product_cat","embeddable":true,"href":"https:\/\/atividademapa.com\/index.php?rest_route=%2Fwp%2Fv2%2Fproduct_cat&post=5105"},{"taxonomy":"product_tag","embeddable":true,"href":"https:\/\/atividademapa.com\/index.php?rest_route=%2Fwp%2Fv2%2Fproduct_tag&post=5105"}],"curies":[{"name":"wp","href":"https:\/\/api.w.org\/{rel}","templated":true}]}}