{"id":5133,"date":"2026-03-20T15:27:07","date_gmt":"2026-03-20T18:27:07","guid":{"rendered":"https:\/\/atividademapa.com\/shop\/mapa-planejamento-e-gestao-de-negocios-51-2025\/"},"modified":"2026-03-21T19:24:16","modified_gmt":"2026-03-21T22:24:16","slug":"mapa-planejamento-e-gestao-de-negocios-51-2025","status":"publish","type":"product","link":"https:\/\/atividademapa.com\/?product=mapa-planejamento-e-gestao-de-negocios-51-2025","title":{"rendered":"MAPA &#8211; Planejamento e Gest\u00e3o de Neg\u00f3cios &#8211; 51\/2026"},"content":{"rendered":"<div class=\"panel-heading\">\n<div class=\"panel-controls\">\n<h2>MAPA &#8211; CCONT &#8211; PLANEJAMENTO E GEST\u00c3O DE NEG\u00d3CIOS &#8211; 51_2026<\/h2>\n<p>Ol\u00e1, acad\u00eamico(a)! Chegou o momento de explorar de forma pr\u00e1tica os conte\u00fados aprendidos na disciplina Planejamento e Gest\u00e3o de Neg\u00f3cios. A atividade corresponde ao MAPA (Material de Avalia\u00e7\u00e3o Pr\u00e1tica de Aprendizagem), composta pelas etapas 1 e 2.<\/p>\n<\/div>\n<\/div>\n<div class=\"panel-body p-t-20 b-t b-grey\">\n<div class=\"enunciado ng-binding\">\u00a0<br class=\"ng-scope\" \/>Etapa 1: Leitura do texto<br class=\"ng-scope\" \/><br class=\"ng-scope\" \/>\u200bO Canvas \u00e9 uma proposta que possui esse objetivo, isto \u00e9, permite que voc\u00ea analise uma ideia e conceito de um modelo de neg\u00f3cios, de forma pr\u00e1tica, visual e interativa. Ele possibilita que voc\u00ea explique, de forma r\u00e1pida e pr\u00e1tica, como a sua empresa funciona e cria valor. Embora n\u00e3o seja ainda um estudo de viabilidade da ideia, o Canvas serve como um primeiro rascunho de como o neg\u00f3cio ir\u00e1 funcionar.<br class=\"ng-scope\" \/>OSHITA, M. G. B.\u00a0<strong class=\"ng-scope\">Planejamento e Gest\u00e3o de Neg\u00f3cios<\/strong>. Maring\u00e1 &#8211; PR: Unicesumar, 2022, p. 57 (adaptado).<br class=\"ng-scope\" \/>\u00a0<br class=\"ng-scope\" \/><strong class=\"ng-scope\">Modelo Canvas versus Plano\u00a0de Neg\u00f3cios<\/strong><br class=\"ng-scope\" \/>\u00a0<br class=\"ng-scope\" \/>O plano de neg\u00f3cios \u00e9 como um guia, que direciona a empresa para o lado certo, mostrando o caminho a ser percorrido. Para utiliz\u00e1-lo s\u00e3o feitas planilhas e proje\u00e7\u00f5es com informa\u00e7\u00f5es precisas do ramo e tipo de empreendimento. A palavra vem do ingl\u00eas &#8211;\u00a0<em class=\"ng-scope\">Business Model Canvas<\/em>, ou quadro de modelo de neg\u00f3cio. Assim como o plano de neg\u00f3cio \u00e9 um documento e serve para obter informa\u00e7\u00f5es de uma empresa. Os t\u00f3picos e conte\u00fados necess\u00e1rios para montar o canvas costumam ser mais simples, mas isso n\u00e3o significa que ele n\u00e3o tenha informa\u00e7\u00f5es relevantes e necess\u00e1rias. Ele n\u00e3o \u00e9 t\u00e3o preciso quando comparado ao plano de neg\u00f3cio, contendo diferentes informa\u00e7\u00f5es de acordo com aquilo que a empresa enxerga em si pr\u00f3pria. Mesmo algu\u00e9m sem o conhecimento preciso do segmento e ramo trabalhado pode faz\u00ea-lo.<br class=\"ng-scope\" \/>\u00a0<br class=\"ng-scope\" \/>Dispon\u00edvel em:&lt;https:\/\/sebrae.com.br\/sites\/PortalSebrae\/ufs\/pr\/artigos\/canvas-x-plano-de-negocios,22eacd18a819d610VgnVCM1000004c00210aRCRD&gt;. Acesso em janeiro\/ 2025 (adaptado).<br class=\"ng-scope\" \/>\u00a0<br class=\"ng-scope\" \/>Os\u00a0trechos dos textos falam de duas importantes ferramentas que s\u00e3o importantes e s\u00e3o utilizadas para o mesmo objetivo, sendo complementares uma \u00e0 outra, de alguma forma, concorrentes: o <span style=\"color: #333333;\"><a style=\"color: #333333;\" href=\"https:\/\/sebraepr.com.br\/canvas-como-estruturar-seu-modelo-de-negocios\/?srsltid=AfmBOopCLBvQxxnYg80LxriumetG3gWVQWzHvL6gOzp_s1TZeqCRdWr6\">Modelo Canvas<\/a><\/span> e o Plano de Neg\u00f3cios. Com rela\u00e7\u00e3o a essa tem\u00e1tica, desenvolva:<br class=\"ng-scope\" \/><br class=\"ng-scope\" \/>\u00a0Etapa 2: CONSIDERAR a situac\u0327a\u0303o-problema e REALIZAR a atividade<a href=\"https:\/\/atividademapa.com\">.\u200b<\/a><br class=\"ng-scope\" \/><br class=\"ng-scope\" \/><strong class=\"ng-scope\">a) Crie um produto, podendo ser algo inovador ou j\u00e1 existente e descreva-o, utilizando de 5 a 10 linhas.<\/strong><br class=\"ng-scope\" \/><strong class=\"ng-scope\">b) Desenvolva o Mapa de Modelo de Neg\u00f3cio \u201cCanvas\u201d (Modelo Canvas). Para isso, utilize o modelo dispon\u00edvel para preenchimento<a href=\"http:\/\/studeomapa.com\">.<\/a><\/strong><br class=\"ng-scope\" \/><br class=\"ng-scope\" \/><\/div>\n<\/div>\n","protected":false},"excerpt":{"rendered":"<p>MAPA &#8211; CCONT &#8211; PLANEJAMENTO E GEST\u00c3O DE NEG\u00d3CIOS &#8211; 51_2026 Ol\u00e1, acad\u00eamico(a)! Chegou o momento de explorar de forma<\/p>\n","protected":false},"featured_media":2326,"template":"","meta":{"_monsterinsights_skip_tracking":false,"_monsterinsights_sitenote_active":false,"_monsterinsights_sitenote_note":"","_monsterinsights_sitenote_category":0},"product_brand":[],"product_cat":[168,46],"product_tag":[],"class_list":{"0":"post-5133","1":"product","2":"type-product","3":"status-publish","4":"has-post-thumbnail","6":"product_cat-51-2026","7":"product_cat-ciencias-contabeis","9":"first","10":"instock","11":"downloadable","12":"virtual","13":"purchasable","14":"product-type-simple"},"yoast_head":"<!-- This site is optimized with the Yoast SEO plugin v27.4 - https:\/\/yoast.com\/product\/yoast-seo-wordpress\/ -->\n<title>MAPA - Planejamento e Gest\u00e3o de Neg\u00f3cios - 51\/2026<\/title>\n<meta name=\"description\" content=\"Atividade MAPA - Planejamento e Gest\u00e3o de Neg\u00f3cios - 51\/2026 &#8902; Unicesumar. Baixe agora mesmo um Mapa Pronto resolvido!\" \/>\n<meta name=\"robots\" content=\"index, follow, max-snippet:-1, max-image-preview:large, max-video-preview:-1\" \/>\n<link rel=\"canonical\" href=\"https:\/\/atividademapa.com\/?product=mapa-planejamento-e-gestao-de-negocios-51-2025\" \/>\n<meta property=\"og:locale\" content=\"pt_BR\" \/>\n<meta property=\"og:type\" content=\"article\" \/>\n<meta property=\"og:title\" content=\"MAPA - Planejamento e Gest\u00e3o de Neg\u00f3cios - 51\/2026\" \/>\n<meta property=\"og:description\" content=\"Atividade MAPA - Planejamento e Gest\u00e3o de Neg\u00f3cios - 51\/2026 &#8902; Unicesumar. Baixe agora mesmo um Mapa Pronto resolvido!\" \/>\n<meta property=\"og:url\" content=\"https:\/\/atividademapa.com\/?product=mapa-planejamento-e-gestao-de-negocios-51-2025\" \/>\n<meta property=\"og:site_name\" content=\"Atividade Mapa\" \/>\n<meta property=\"article:modified_time\" content=\"2026-03-21T22:24:16+00:00\" \/>\n<meta property=\"og:image\" content=\"https:\/\/atividademapa.com\/wp-content\/uploads\/2023\/03\/Atividade-M.A.P.A-3.png\" \/>\n\t<meta property=\"og:image:width\" content=\"300\" \/>\n\t<meta property=\"og:image:height\" content=\"300\" \/>\n\t<meta property=\"og:image:type\" content=\"image\/png\" \/>\n<meta name=\"twitter:card\" content=\"summary_large_image\" \/>\n<meta name=\"twitter:label1\" content=\"Est. tempo de leitura\" \/>\n\t<meta name=\"twitter:data1\" content=\"2 minutos\" \/>\n<script type=\"application\/ld+json\" class=\"yoast-schema-graph\">{\"@context\":\"https:\\\/\\\/schema.org\",\"@graph\":[{\"@type\":\"WebPage\",\"@id\":\"https:\\\/\\\/atividademapa.com\\\/?product=mapa-planejamento-e-gestao-de-negocios-51-2025\",\"url\":\"https:\\\/\\\/atividademapa.com\\\/?product=mapa-planejamento-e-gestao-de-negocios-51-2025\",\"name\":\"MAPA - Planejamento e Gest\u00e3o de Neg\u00f3cios - 51\\\/2026\",\"isPartOf\":{\"@id\":\"https:\\\/\\\/atividademapa.com\\\/#website\"},\"primaryImageOfPage\":{\"@id\":\"https:\\\/\\\/atividademapa.com\\\/?product=mapa-planejamento-e-gestao-de-negocios-51-2025#primaryimage\"},\"image\":{\"@id\":\"https:\\\/\\\/atividademapa.com\\\/?product=mapa-planejamento-e-gestao-de-negocios-51-2025#primaryimage\"},\"thumbnailUrl\":\"https:\\\/\\\/i0.wp.com\\\/atividademapa.com\\\/wp-content\\\/uploads\\\/2023\\\/03\\\/Atividade-M.A.P.A-3.png?fit=300%2C300&ssl=1\",\"datePublished\":\"2026-03-20T18:27:07+00:00\",\"dateModified\":\"2026-03-21T22:24:16+00:00\",\"description\":\"Atividade MAPA - Planejamento e Gest\u00e3o de Neg\u00f3cios - 51\\\/2026 &#8902; Unicesumar. Baixe agora mesmo um Mapa Pronto resolvido!\",\"breadcrumb\":{\"@id\":\"https:\\\/\\\/atividademapa.com\\\/?product=mapa-planejamento-e-gestao-de-negocios-51-2025#breadcrumb\"},\"inLanguage\":\"pt-BR\",\"potentialAction\":[{\"@type\":\"ReadAction\",\"target\":[\"https:\\\/\\\/atividademapa.com\\\/?product=mapa-planejamento-e-gestao-de-negocios-51-2025\"]}]},{\"@type\":\"ImageObject\",\"inLanguage\":\"pt-BR\",\"@id\":\"https:\\\/\\\/atividademapa.com\\\/?product=mapa-planejamento-e-gestao-de-negocios-51-2025#primaryimage\",\"url\":\"https:\\\/\\\/i0.wp.com\\\/atividademapa.com\\\/wp-content\\\/uploads\\\/2023\\\/03\\\/Atividade-M.A.P.A-3.png?fit=300%2C300&ssl=1\",\"contentUrl\":\"https:\\\/\\\/i0.wp.com\\\/atividademapa.com\\\/wp-content\\\/uploads\\\/2023\\\/03\\\/Atividade-M.A.P.A-3.png?fit=300%2C300&ssl=1\",\"width\":300,\"height\":300,\"caption\":\"Mapa Unicesumar Atividade\"},{\"@type\":\"BreadcrumbList\",\"@id\":\"https:\\\/\\\/atividademapa.com\\\/?product=mapa-planejamento-e-gestao-de-negocios-51-2025#breadcrumb\",\"itemListElement\":[{\"@type\":\"ListItem\",\"position\":1,\"name\":\"In\u00edcio\",\"item\":\"https:\\\/\\\/atividademapa.com\\\/\"},{\"@type\":\"ListItem\",\"position\":2,\"name\":\"MAPAS\",\"item\":\"https:\\\/\\\/atividademapa.com\\\/?page_id=5\"},{\"@type\":\"ListItem\",\"position\":3,\"name\":\"MAPA &#8211; Planejamento e Gest\u00e3o de Neg\u00f3cios &#8211; 51\\\/2026\"}]},{\"@type\":\"WebSite\",\"@id\":\"https:\\\/\\\/atividademapa.com\\\/#website\",\"url\":\"https:\\\/\\\/atividademapa.com\\\/\",\"name\":\"Atividade Mapa\",\"description\":\"StudeO | Unicesumar\",\"publisher\":{\"@id\":\"https:\\\/\\\/atividademapa.com\\\/#organization\"},\"potentialAction\":[{\"@type\":\"SearchAction\",\"target\":{\"@type\":\"EntryPoint\",\"urlTemplate\":\"https:\\\/\\\/atividademapa.com\\\/?s={search_term_string}\"},\"query-input\":{\"@type\":\"PropertyValueSpecification\",\"valueRequired\":true,\"valueName\":\"search_term_string\"}}],\"inLanguage\":\"pt-BR\"},{\"@type\":\"Organization\",\"@id\":\"https:\\\/\\\/atividademapa.com\\\/#organization\",\"name\":\"Atividade MAPA\",\"url\":\"https:\\\/\\\/atividademapa.com\\\/\",\"logo\":{\"@type\":\"ImageObject\",\"inLanguage\":\"pt-BR\",\"@id\":\"https:\\\/\\\/atividademapa.com\\\/#\\\/schema\\\/logo\\\/image\\\/\",\"url\":\"https:\\\/\\\/i0.wp.com\\\/atividademapa.com\\\/wp-content\\\/uploads\\\/2023\\\/02\\\/ATIVIDADE.png?fit=600%2C300&ssl=1\",\"contentUrl\":\"https:\\\/\\\/i0.wp.com\\\/atividademapa.com\\\/wp-content\\\/uploads\\\/2023\\\/02\\\/ATIVIDADE.png?fit=600%2C300&ssl=1\",\"width\":600,\"height\":300,\"caption\":\"Atividade MAPA\"},\"image\":{\"@id\":\"https:\\\/\\\/atividademapa.com\\\/#\\\/schema\\\/logo\\\/image\\\/\"}}]}<\/script>\n<!-- \/ Yoast SEO plugin. -->","yoast_head_json":{"title":"MAPA - Planejamento e Gest\u00e3o de Neg\u00f3cios - 51\/2026","description":"Atividade MAPA - Planejamento e Gest\u00e3o de Neg\u00f3cios - 51\/2026 &#8902; Unicesumar. Baixe agora mesmo um Mapa Pronto resolvido!","robots":{"index":"index","follow":"follow","max-snippet":"max-snippet:-1","max-image-preview":"max-image-preview:large","max-video-preview":"max-video-preview:-1"},"canonical":"https:\/\/atividademapa.com\/?product=mapa-planejamento-e-gestao-de-negocios-51-2025","og_locale":"pt_BR","og_type":"article","og_title":"MAPA - Planejamento e Gest\u00e3o de Neg\u00f3cios - 51\/2026","og_description":"Atividade MAPA - Planejamento e Gest\u00e3o de Neg\u00f3cios - 51\/2026 &#8902; Unicesumar. Baixe agora mesmo um Mapa Pronto resolvido!","og_url":"https:\/\/atividademapa.com\/?product=mapa-planejamento-e-gestao-de-negocios-51-2025","og_site_name":"Atividade Mapa","article_modified_time":"2026-03-21T22:24:16+00:00","og_image":[{"width":300,"height":300,"url":"https:\/\/atividademapa.com\/wp-content\/uploads\/2023\/03\/Atividade-M.A.P.A-3.png","type":"image\/png"}],"twitter_card":"summary_large_image","twitter_misc":{"Est. tempo de leitura":"2 minutos"},"schema":{"@context":"https:\/\/schema.org","@graph":[{"@type":"WebPage","@id":"https:\/\/atividademapa.com\/?product=mapa-planejamento-e-gestao-de-negocios-51-2025","url":"https:\/\/atividademapa.com\/?product=mapa-planejamento-e-gestao-de-negocios-51-2025","name":"MAPA - Planejamento e Gest\u00e3o de Neg\u00f3cios - 51\/2026","isPartOf":{"@id":"https:\/\/atividademapa.com\/#website"},"primaryImageOfPage":{"@id":"https:\/\/atividademapa.com\/?product=mapa-planejamento-e-gestao-de-negocios-51-2025#primaryimage"},"image":{"@id":"https:\/\/atividademapa.com\/?product=mapa-planejamento-e-gestao-de-negocios-51-2025#primaryimage"},"thumbnailUrl":"https:\/\/i0.wp.com\/atividademapa.com\/wp-content\/uploads\/2023\/03\/Atividade-M.A.P.A-3.png?fit=300%2C300&ssl=1","datePublished":"2026-03-20T18:27:07+00:00","dateModified":"2026-03-21T22:24:16+00:00","description":"Atividade MAPA - Planejamento e Gest\u00e3o de Neg\u00f3cios - 51\/2026 &#8902; Unicesumar. Baixe agora mesmo um Mapa Pronto resolvido!","breadcrumb":{"@id":"https:\/\/atividademapa.com\/?product=mapa-planejamento-e-gestao-de-negocios-51-2025#breadcrumb"},"inLanguage":"pt-BR","potentialAction":[{"@type":"ReadAction","target":["https:\/\/atividademapa.com\/?product=mapa-planejamento-e-gestao-de-negocios-51-2025"]}]},{"@type":"ImageObject","inLanguage":"pt-BR","@id":"https:\/\/atividademapa.com\/?product=mapa-planejamento-e-gestao-de-negocios-51-2025#primaryimage","url":"https:\/\/i0.wp.com\/atividademapa.com\/wp-content\/uploads\/2023\/03\/Atividade-M.A.P.A-3.png?fit=300%2C300&ssl=1","contentUrl":"https:\/\/i0.wp.com\/atividademapa.com\/wp-content\/uploads\/2023\/03\/Atividade-M.A.P.A-3.png?fit=300%2C300&ssl=1","width":300,"height":300,"caption":"Mapa Unicesumar Atividade"},{"@type":"BreadcrumbList","@id":"https:\/\/atividademapa.com\/?product=mapa-planejamento-e-gestao-de-negocios-51-2025#breadcrumb","itemListElement":[{"@type":"ListItem","position":1,"name":"In\u00edcio","item":"https:\/\/atividademapa.com\/"},{"@type":"ListItem","position":2,"name":"MAPAS","item":"https:\/\/atividademapa.com\/?page_id=5"},{"@type":"ListItem","position":3,"name":"MAPA &#8211; Planejamento e Gest\u00e3o de Neg\u00f3cios &#8211; 51\/2026"}]},{"@type":"WebSite","@id":"https:\/\/atividademapa.com\/#website","url":"https:\/\/atividademapa.com\/","name":"Atividade Mapa","description":"StudeO | Unicesumar","publisher":{"@id":"https:\/\/atividademapa.com\/#organization"},"potentialAction":[{"@type":"SearchAction","target":{"@type":"EntryPoint","urlTemplate":"https:\/\/atividademapa.com\/?s={search_term_string}"},"query-input":{"@type":"PropertyValueSpecification","valueRequired":true,"valueName":"search_term_string"}}],"inLanguage":"pt-BR"},{"@type":"Organization","@id":"https:\/\/atividademapa.com\/#organization","name":"Atividade MAPA","url":"https:\/\/atividademapa.com\/","logo":{"@type":"ImageObject","inLanguage":"pt-BR","@id":"https:\/\/atividademapa.com\/#\/schema\/logo\/image\/","url":"https:\/\/i0.wp.com\/atividademapa.com\/wp-content\/uploads\/2023\/02\/ATIVIDADE.png?fit=600%2C300&ssl=1","contentUrl":"https:\/\/i0.wp.com\/atividademapa.com\/wp-content\/uploads\/2023\/02\/ATIVIDADE.png?fit=600%2C300&ssl=1","width":600,"height":300,"caption":"Atividade MAPA"},"image":{"@id":"https:\/\/atividademapa.com\/#\/schema\/logo\/image\/"}}]}},"_links":{"self":[{"href":"https:\/\/atividademapa.com\/index.php?rest_route=\/wp\/v2\/product\/5133","targetHints":{"allow":["GET"]}}],"collection":[{"href":"https:\/\/atividademapa.com\/index.php?rest_route=\/wp\/v2\/product"}],"about":[{"href":"https:\/\/atividademapa.com\/index.php?rest_route=\/wp\/v2\/types\/product"}],"version-history":[{"count":7,"href":"https:\/\/atividademapa.com\/index.php?rest_route=\/wp\/v2\/product\/5133\/revisions"}],"predecessor-version":[{"id":6690,"href":"https:\/\/atividademapa.com\/index.php?rest_route=\/wp\/v2\/product\/5133\/revisions\/6690"}],"wp:featuredmedia":[{"embeddable":true,"href":"https:\/\/atividademapa.com\/index.php?rest_route=\/wp\/v2\/media\/2326"}],"wp:attachment":[{"href":"https:\/\/atividademapa.com\/index.php?rest_route=%2Fwp%2Fv2%2Fmedia&parent=5133"}],"wp:term":[{"taxonomy":"product_brand","embeddable":true,"href":"https:\/\/atividademapa.com\/index.php?rest_route=%2Fwp%2Fv2%2Fproduct_brand&post=5133"},{"taxonomy":"product_cat","embeddable":true,"href":"https:\/\/atividademapa.com\/index.php?rest_route=%2Fwp%2Fv2%2Fproduct_cat&post=5133"},{"taxonomy":"product_tag","embeddable":true,"href":"https:\/\/atividademapa.com\/index.php?rest_route=%2Fwp%2Fv2%2Fproduct_tag&post=5133"}],"curies":[{"name":"wp","href":"https:\/\/api.w.org\/{rel}","templated":true}]}}