{"id":5137,"date":"2025-01-21T15:24:57","date_gmt":"2025-01-21T18:24:57","guid":{"rendered":"https:\/\/atividademapa.com\/?post_type=product&#038;p=5137"},"modified":"2025-04-03T20:57:17","modified_gmt":"2025-04-03T23:57:17","slug":"mapa-sistema-de-organizacao-em-saude-51-2025-2","status":"publish","type":"product","link":"https:\/\/atividademapa.com\/?product=mapa-sistema-de-organizacao-em-saude-51-2025-2","title":{"rendered":"MAPA \u2013 Sistema de organiza\u00e7\u00e3o em sa\u00fade \u2013 51\/2025"},"content":{"rendered":"<div class=\"panel-heading\">\n<div class=\"panel-title cursor ng-binding\" data-toggle=\"collapse\">Quest\u00e3o 1<\/div>\n<div class=\"panel-controls\">\n<ul>\n<li><\/li>\n<\/ul>\n<\/div>\n<\/div>\n<div class=\"panel-body p-t-20 b-t b-grey\">\n<div class=\"enunciado ng-binding\">\n<p class=\"ng-scope\"><strong>M.A.P.A.<\/strong><\/p>\n<p class=\"ng-scope\">A atividade proposta integra o Material de Avalia\u00e7\u00e3o Pr\u00e1tica de Aprendizagem (<strong>MAPA<\/strong>) da disciplina\u00a0<strong>Sistema e Organiza\u00e7\u00e3o de Sa\u00fade<\/strong>. O prop\u00f3sito \u00e9 proporcionar uma an\u00e1lise cr\u00edtica e aprofundada sobre os princ\u00edpios e diretrizes que orientam o Sistema \u00danico de Sa\u00fade (SUS), com foco especial nos conceitos de Redes de Aten\u00e7\u00e3o \u00e0 Sa\u00fade (RAS) e no princ\u00edpio da Integralidade. Daremos in\u00edcio a nossa atividade com a leitura do texto a seguir:<\/p>\n<p class=\"ng-scope\">Segundo Mendes (2011), as Redes de Aten\u00e7\u00e3o \u00e0 Sa\u00fade s\u00e3o &#8220;<em>estruturas poli\u00e1rquicas de organiza\u00e7\u00f5es de sa\u00fade que combinam tecnologias para garantir a integralidade da aten\u00e7\u00e3o \u00e0 sa\u00fade<\/em>&#8220;, desempenhando um papel crucial na coordena\u00e7\u00e3o do cuidado e na preven\u00e7\u00e3o da fragmenta\u00e7\u00e3o dos servi\u00e7os. Este conceito \u00e9 refor\u00e7ado por Santos (2017), que destaca a import\u00e2ncia dessas redes na promo\u00e7\u00e3o de um atendimento mais integrado e eficaz (SANTOS, 2017, p. 68-75). Al\u00e9m disso, a integralidade, um dos princ\u00edpios fundamentais do SUS, assegura que os usu\u00e1rios recebam uma aten\u00e7\u00e3o cont\u00ednua e integrada em todos os n\u00edveis de cuidado, conforme estabelecido na Lei Org\u00e2nica da Sa\u00fade (Lei n\u00ba 8.080\/1990) (SANTOS, 2017, p. 41-46).<\/p>\n<p class=\"ng-scope\">Refer\u00eancias: MENDES, E. A.\u00a0<strong>As Redes de Aten\u00e7\u00e3o \u00e0 Sa\u00fade:<\/strong>\u00a0uma abordagem integradora. 2011.<\/p>\n<p class=\"ng-scope\">SANTOS, A. L.\u00a0<strong>Sistema e Organiza\u00e7\u00e3o da Sa\u00fade<\/strong>. Maring\u00e1 &#8211; PR: Unicesumar, 2017.<\/p>\n<p><u><strong>ATIVIDADE\/AVALIA\u00c7\u00c3O:<\/strong><\/u><\/p>\n<p class=\"ng-scope\"><strong>Imagine a seguinte situa\u00e7\u00e3o hipot\u00e9tica:<\/strong><\/p>\n<p class=\"ng-scope\"><em>Voc\u00ea foi recentemente contratado(a) como gestor(a) de um hospital regional e precisa reorganizar o atendimento devido ao aumento da demanda na emerg\u00eancia. Nesse contexto, a reestrutura\u00e7\u00e3o do fluxo assistencial deve ser alinhada aos princ\u00edpios e diretrizes do Sistema \u00danico de Sa\u00fade (SUS), com especial aten\u00e7\u00e3o aos conceitos de Redes de Aten\u00e7\u00e3o \u00e0 Sa\u00fade (RAS) e ao princ\u00edpio da Integralidade, conforme as pol\u00edticas de organiza\u00e7\u00e3o do sistema de sa\u00fade brasileiro.<\/em><\/p>\n<p class=\"ng-scope\"><strong>1. Considerando o contido no livro da disciplina,\u00a0os conceitos de Redes de Aten\u00e7\u00e3o \u00e0 Sa\u00fade e o princ\u00edpio da Integralidade, elabore um plano de a\u00e7\u00e3o para reorganizar o fluxo de pacientes na emerg\u00eancia do hospital. Sua resposta deve incluir:<\/strong><\/p>\n<p class=\"ng-scope\"><strong>&#8211; Diagn\u00f3stico da Situa\u00e7\u00e3o:<\/strong>\u00a0Identifique os principais problemas que est\u00e3o causando a sobrecarga do atendimento emergencial, considerando fatores internos e externos ao hospital.<\/p>\n<p class=\"ng-scope\"><strong>&#8211; Estrat\u00e9gias de Integra\u00e7\u00e3o \u00e0 Rede de Aten\u00e7\u00e3o \u00e0 Sa\u00fade:<\/strong>\u00a0Apresente estrat\u00e9gias para integrar o hospital \u00e0 Rede de Aten\u00e7\u00e3o \u00e0 Sa\u00fade, levando em conta os n\u00edveis de aten\u00e7\u00e3o prim\u00e1ria, secund\u00e1ria e terci\u00e1ria, visando uma reorganiza\u00e7\u00e3o eficiente do fluxo de pacientes.<\/p>\n<p class=\"ng-scope\"><strong>&#8211; Abordagem do Conceito de Integralidade:<\/strong>\u00a0Explique o conceito de integralidade no SUS e nas Redes de Aten\u00e7\u00e3o \u00e0 Sa\u00fade, destacando como ele pode ser aplicado para melhorar o atendimento e a gest\u00e3o do fluxo de pacientes na emerg\u00eancia.<\/p>\n<p><br class=\"ng-scope\" \/>\u200b<\/p>\n<\/div>\n<\/div>\n","protected":false},"excerpt":{"rendered":"<p>Quest\u00e3o 1 M.A.P.A. A atividade proposta integra o Material de Avalia\u00e7\u00e3o Pr\u00e1tica de Aprendizagem (MAPA) da disciplina\u00a0Sistema e Organiza\u00e7\u00e3o de<\/p>\n","protected":false},"featured_media":2326,"template":"","meta":{"_monsterinsights_skip_tracking":false,"_monsterinsights_sitenote_active":false,"_monsterinsights_sitenote_note":"","_monsterinsights_sitenote_category":0},"product_brand":[],"product_cat":[44],"product_tag":[],"class_list":{"0":"post-5137","1":"product","2":"type-product","3":"status-publish","4":"has-post-thumbnail","6":"product_cat-gestao-hospitalar","8":"first","9":"instock","10":"downloadable","11":"virtual","12":"purchasable","13":"product-type-simple"},"yoast_head":"<!-- This site is optimized with the Yoast SEO plugin v27.4 - https:\/\/yoast.com\/product\/yoast-seo-wordpress\/ -->\n<title>MAPA \u2013 Sistema de organiza\u00e7\u00e3o em sa\u00fade \u2013 51\/2025<\/title>\n<meta name=\"description\" content=\"Atividade MAPA \u2013 Sistema de organiza\u00e7\u00e3o em sa\u00fade \u2013 51\/2025 &#8902; Unicesumar. Baixe agora mesmo um Mapa Pronto resolvido!\" \/>\n<meta name=\"robots\" content=\"index, follow, max-snippet:-1, max-image-preview:large, max-video-preview:-1\" \/>\n<link rel=\"canonical\" href=\"https:\/\/atividademapa.com\/?product=mapa-sistema-de-organizacao-em-saude-51-2025-2\" \/>\n<meta property=\"og:locale\" content=\"pt_BR\" \/>\n<meta property=\"og:type\" content=\"article\" \/>\n<meta property=\"og:title\" content=\"MAPA \u2013 Sistema de organiza\u00e7\u00e3o em sa\u00fade \u2013 51\/2025\" \/>\n<meta property=\"og:description\" content=\"Atividade MAPA \u2013 Sistema de organiza\u00e7\u00e3o em sa\u00fade \u2013 51\/2025 &#8902; Unicesumar. Baixe agora mesmo um Mapa Pronto resolvido!\" \/>\n<meta property=\"og:url\" content=\"https:\/\/atividademapa.com\/?product=mapa-sistema-de-organizacao-em-saude-51-2025-2\" \/>\n<meta property=\"og:site_name\" content=\"Atividade Mapa\" \/>\n<meta property=\"article:modified_time\" content=\"2025-04-03T23:57:17+00:00\" \/>\n<meta property=\"og:image\" content=\"https:\/\/i0.wp.com\/atividademapa.com\/wp-content\/uploads\/2023\/03\/Atividade-M.A.P.A-3.png?fit=300%2C300&ssl=1\" \/>\n\t<meta property=\"og:image:width\" content=\"300\" \/>\n\t<meta property=\"og:image:height\" content=\"300\" \/>\n\t<meta property=\"og:image:type\" content=\"image\/png\" \/>\n<meta name=\"twitter:card\" content=\"summary_large_image\" \/>\n<meta name=\"twitter:label1\" content=\"Est. tempo de leitura\" \/>\n\t<meta name=\"twitter:data1\" content=\"2 minutos\" \/>\n<script type=\"application\/ld+json\" class=\"yoast-schema-graph\">{\"@context\":\"https:\\\/\\\/schema.org\",\"@graph\":[{\"@type\":\"WebPage\",\"@id\":\"https:\\\/\\\/atividademapa.com\\\/?product=mapa-sistema-de-organizacao-em-saude-51-2025-2\",\"url\":\"https:\\\/\\\/atividademapa.com\\\/?product=mapa-sistema-de-organizacao-em-saude-51-2025-2\",\"name\":\"MAPA \u2013 Sistema de organiza\u00e7\u00e3o em sa\u00fade \u2013 51\\\/2025\",\"isPartOf\":{\"@id\":\"https:\\\/\\\/atividademapa.com\\\/#website\"},\"primaryImageOfPage\":{\"@id\":\"https:\\\/\\\/atividademapa.com\\\/?product=mapa-sistema-de-organizacao-em-saude-51-2025-2#primaryimage\"},\"image\":{\"@id\":\"https:\\\/\\\/atividademapa.com\\\/?product=mapa-sistema-de-organizacao-em-saude-51-2025-2#primaryimage\"},\"thumbnailUrl\":\"https:\\\/\\\/i0.wp.com\\\/atividademapa.com\\\/wp-content\\\/uploads\\\/2023\\\/03\\\/Atividade-M.A.P.A-3.png?fit=300%2C300&ssl=1\",\"datePublished\":\"2025-01-21T18:24:57+00:00\",\"dateModified\":\"2025-04-03T23:57:17+00:00\",\"description\":\"Atividade MAPA \u2013 Sistema de organiza\u00e7\u00e3o em sa\u00fade \u2013 51\\\/2025 &#8902; Unicesumar. Baixe agora mesmo um Mapa Pronto resolvido!\",\"breadcrumb\":{\"@id\":\"https:\\\/\\\/atividademapa.com\\\/?product=mapa-sistema-de-organizacao-em-saude-51-2025-2#breadcrumb\"},\"inLanguage\":\"pt-BR\",\"potentialAction\":[{\"@type\":\"ReadAction\",\"target\":[\"https:\\\/\\\/atividademapa.com\\\/?product=mapa-sistema-de-organizacao-em-saude-51-2025-2\"]}]},{\"@type\":\"ImageObject\",\"inLanguage\":\"pt-BR\",\"@id\":\"https:\\\/\\\/atividademapa.com\\\/?product=mapa-sistema-de-organizacao-em-saude-51-2025-2#primaryimage\",\"url\":\"https:\\\/\\\/i0.wp.com\\\/atividademapa.com\\\/wp-content\\\/uploads\\\/2023\\\/03\\\/Atividade-M.A.P.A-3.png?fit=300%2C300&ssl=1\",\"contentUrl\":\"https:\\\/\\\/i0.wp.com\\\/atividademapa.com\\\/wp-content\\\/uploads\\\/2023\\\/03\\\/Atividade-M.A.P.A-3.png?fit=300%2C300&ssl=1\",\"width\":300,\"height\":300,\"caption\":\"Mapa Unicesumar Atividade\"},{\"@type\":\"BreadcrumbList\",\"@id\":\"https:\\\/\\\/atividademapa.com\\\/?product=mapa-sistema-de-organizacao-em-saude-51-2025-2#breadcrumb\",\"itemListElement\":[{\"@type\":\"ListItem\",\"position\":1,\"name\":\"In\u00edcio\",\"item\":\"https:\\\/\\\/atividademapa.com\\\/\"},{\"@type\":\"ListItem\",\"position\":2,\"name\":\"MAPAS\",\"item\":\"https:\\\/\\\/atividademapa.com\\\/?page_id=5\"},{\"@type\":\"ListItem\",\"position\":3,\"name\":\"MAPA \u2013 Sistema de organiza\u00e7\u00e3o em sa\u00fade \u2013 51\\\/2025\"}]},{\"@type\":\"WebSite\",\"@id\":\"https:\\\/\\\/atividademapa.com\\\/#website\",\"url\":\"https:\\\/\\\/atividademapa.com\\\/\",\"name\":\"Atividade Mapa\",\"description\":\"StudeO | Unicesumar\",\"publisher\":{\"@id\":\"https:\\\/\\\/atividademapa.com\\\/#organization\"},\"potentialAction\":[{\"@type\":\"SearchAction\",\"target\":{\"@type\":\"EntryPoint\",\"urlTemplate\":\"https:\\\/\\\/atividademapa.com\\\/?s={search_term_string}\"},\"query-input\":{\"@type\":\"PropertyValueSpecification\",\"valueRequired\":true,\"valueName\":\"search_term_string\"}}],\"inLanguage\":\"pt-BR\"},{\"@type\":\"Organization\",\"@id\":\"https:\\\/\\\/atividademapa.com\\\/#organization\",\"name\":\"Atividade MAPA\",\"url\":\"https:\\\/\\\/atividademapa.com\\\/\",\"logo\":{\"@type\":\"ImageObject\",\"inLanguage\":\"pt-BR\",\"@id\":\"https:\\\/\\\/atividademapa.com\\\/#\\\/schema\\\/logo\\\/image\\\/\",\"url\":\"https:\\\/\\\/i0.wp.com\\\/atividademapa.com\\\/wp-content\\\/uploads\\\/2023\\\/02\\\/ATIVIDADE.png?fit=600%2C300&ssl=1\",\"contentUrl\":\"https:\\\/\\\/i0.wp.com\\\/atividademapa.com\\\/wp-content\\\/uploads\\\/2023\\\/02\\\/ATIVIDADE.png?fit=600%2C300&ssl=1\",\"width\":600,\"height\":300,\"caption\":\"Atividade MAPA\"},\"image\":{\"@id\":\"https:\\\/\\\/atividademapa.com\\\/#\\\/schema\\\/logo\\\/image\\\/\"}}]}<\/script>\n<!-- \/ Yoast SEO plugin. -->","yoast_head_json":{"title":"MAPA \u2013 Sistema de organiza\u00e7\u00e3o em sa\u00fade \u2013 51\/2025","description":"Atividade MAPA \u2013 Sistema de organiza\u00e7\u00e3o em sa\u00fade \u2013 51\/2025 &#8902; Unicesumar. Baixe agora mesmo um Mapa Pronto resolvido!","robots":{"index":"index","follow":"follow","max-snippet":"max-snippet:-1","max-image-preview":"max-image-preview:large","max-video-preview":"max-video-preview:-1"},"canonical":"https:\/\/atividademapa.com\/?product=mapa-sistema-de-organizacao-em-saude-51-2025-2","og_locale":"pt_BR","og_type":"article","og_title":"MAPA \u2013 Sistema de organiza\u00e7\u00e3o em sa\u00fade \u2013 51\/2025","og_description":"Atividade MAPA \u2013 Sistema de organiza\u00e7\u00e3o em sa\u00fade \u2013 51\/2025 &#8902; Unicesumar. Baixe agora mesmo um Mapa Pronto resolvido!","og_url":"https:\/\/atividademapa.com\/?product=mapa-sistema-de-organizacao-em-saude-51-2025-2","og_site_name":"Atividade Mapa","article_modified_time":"2025-04-03T23:57:17+00:00","og_image":[{"width":300,"height":300,"url":"https:\/\/i0.wp.com\/atividademapa.com\/wp-content\/uploads\/2023\/03\/Atividade-M.A.P.A-3.png?fit=300%2C300&ssl=1","type":"image\/png"}],"twitter_card":"summary_large_image","twitter_misc":{"Est. tempo de leitura":"2 minutos"},"schema":{"@context":"https:\/\/schema.org","@graph":[{"@type":"WebPage","@id":"https:\/\/atividademapa.com\/?product=mapa-sistema-de-organizacao-em-saude-51-2025-2","url":"https:\/\/atividademapa.com\/?product=mapa-sistema-de-organizacao-em-saude-51-2025-2","name":"MAPA \u2013 Sistema de organiza\u00e7\u00e3o em sa\u00fade \u2013 51\/2025","isPartOf":{"@id":"https:\/\/atividademapa.com\/#website"},"primaryImageOfPage":{"@id":"https:\/\/atividademapa.com\/?product=mapa-sistema-de-organizacao-em-saude-51-2025-2#primaryimage"},"image":{"@id":"https:\/\/atividademapa.com\/?product=mapa-sistema-de-organizacao-em-saude-51-2025-2#primaryimage"},"thumbnailUrl":"https:\/\/i0.wp.com\/atividademapa.com\/wp-content\/uploads\/2023\/03\/Atividade-M.A.P.A-3.png?fit=300%2C300&ssl=1","datePublished":"2025-01-21T18:24:57+00:00","dateModified":"2025-04-03T23:57:17+00:00","description":"Atividade MAPA \u2013 Sistema de organiza\u00e7\u00e3o em sa\u00fade \u2013 51\/2025 &#8902; Unicesumar. Baixe agora mesmo um Mapa Pronto resolvido!","breadcrumb":{"@id":"https:\/\/atividademapa.com\/?product=mapa-sistema-de-organizacao-em-saude-51-2025-2#breadcrumb"},"inLanguage":"pt-BR","potentialAction":[{"@type":"ReadAction","target":["https:\/\/atividademapa.com\/?product=mapa-sistema-de-organizacao-em-saude-51-2025-2"]}]},{"@type":"ImageObject","inLanguage":"pt-BR","@id":"https:\/\/atividademapa.com\/?product=mapa-sistema-de-organizacao-em-saude-51-2025-2#primaryimage","url":"https:\/\/i0.wp.com\/atividademapa.com\/wp-content\/uploads\/2023\/03\/Atividade-M.A.P.A-3.png?fit=300%2C300&ssl=1","contentUrl":"https:\/\/i0.wp.com\/atividademapa.com\/wp-content\/uploads\/2023\/03\/Atividade-M.A.P.A-3.png?fit=300%2C300&ssl=1","width":300,"height":300,"caption":"Mapa Unicesumar Atividade"},{"@type":"BreadcrumbList","@id":"https:\/\/atividademapa.com\/?product=mapa-sistema-de-organizacao-em-saude-51-2025-2#breadcrumb","itemListElement":[{"@type":"ListItem","position":1,"name":"In\u00edcio","item":"https:\/\/atividademapa.com\/"},{"@type":"ListItem","position":2,"name":"MAPAS","item":"https:\/\/atividademapa.com\/?page_id=5"},{"@type":"ListItem","position":3,"name":"MAPA \u2013 Sistema de organiza\u00e7\u00e3o em sa\u00fade \u2013 51\/2025"}]},{"@type":"WebSite","@id":"https:\/\/atividademapa.com\/#website","url":"https:\/\/atividademapa.com\/","name":"Atividade Mapa","description":"StudeO | Unicesumar","publisher":{"@id":"https:\/\/atividademapa.com\/#organization"},"potentialAction":[{"@type":"SearchAction","target":{"@type":"EntryPoint","urlTemplate":"https:\/\/atividademapa.com\/?s={search_term_string}"},"query-input":{"@type":"PropertyValueSpecification","valueRequired":true,"valueName":"search_term_string"}}],"inLanguage":"pt-BR"},{"@type":"Organization","@id":"https:\/\/atividademapa.com\/#organization","name":"Atividade MAPA","url":"https:\/\/atividademapa.com\/","logo":{"@type":"ImageObject","inLanguage":"pt-BR","@id":"https:\/\/atividademapa.com\/#\/schema\/logo\/image\/","url":"https:\/\/i0.wp.com\/atividademapa.com\/wp-content\/uploads\/2023\/02\/ATIVIDADE.png?fit=600%2C300&ssl=1","contentUrl":"https:\/\/i0.wp.com\/atividademapa.com\/wp-content\/uploads\/2023\/02\/ATIVIDADE.png?fit=600%2C300&ssl=1","width":600,"height":300,"caption":"Atividade MAPA"},"image":{"@id":"https:\/\/atividademapa.com\/#\/schema\/logo\/image\/"}}]}},"_links":{"self":[{"href":"https:\/\/atividademapa.com\/index.php?rest_route=\/wp\/v2\/product\/5137","targetHints":{"allow":["GET"]}}],"collection":[{"href":"https:\/\/atividademapa.com\/index.php?rest_route=\/wp\/v2\/product"}],"about":[{"href":"https:\/\/atividademapa.com\/index.php?rest_route=\/wp\/v2\/types\/product"}],"version-history":[{"count":4,"href":"https:\/\/atividademapa.com\/index.php?rest_route=\/wp\/v2\/product\/5137\/revisions"}],"predecessor-version":[{"id":5470,"href":"https:\/\/atividademapa.com\/index.php?rest_route=\/wp\/v2\/product\/5137\/revisions\/5470"}],"wp:featuredmedia":[{"embeddable":true,"href":"https:\/\/atividademapa.com\/index.php?rest_route=\/wp\/v2\/media\/2326"}],"wp:attachment":[{"href":"https:\/\/atividademapa.com\/index.php?rest_route=%2Fwp%2Fv2%2Fmedia&parent=5137"}],"wp:term":[{"taxonomy":"product_brand","embeddable":true,"href":"https:\/\/atividademapa.com\/index.php?rest_route=%2Fwp%2Fv2%2Fproduct_brand&post=5137"},{"taxonomy":"product_cat","embeddable":true,"href":"https:\/\/atividademapa.com\/index.php?rest_route=%2Fwp%2Fv2%2Fproduct_cat&post=5137"},{"taxonomy":"product_tag","embeddable":true,"href":"https:\/\/atividademapa.com\/index.php?rest_route=%2Fwp%2Fv2%2Fproduct_tag&post=5137"}],"curies":[{"name":"wp","href":"https:\/\/api.w.org\/{rel}","templated":true}]}}