{"id":5141,"date":"2025-01-21T15:27:45","date_gmt":"2025-01-21T18:27:45","guid":{"rendered":"https:\/\/atividademapa.com\/?post_type=product&#038;p=5141"},"modified":"2025-04-13T09:19:49","modified_gmt":"2025-04-13T12:19:49","slug":"mapa-protecao-contra-incendios-e-explosoes-51-2025","status":"publish","type":"product","link":"https:\/\/atividademapa.com\/?product=mapa-protecao-contra-incendios-e-explosoes-51-2025","title":{"rendered":"MAPA \u2013 Prote\u00e7\u00e3o Contra Inc\u00eandios e Explos\u00f5es \u2013 51\/2025"},"content":{"rendered":"<h4 class=\"product-title product_title entry-title\">MAPA \u2013 Prote\u00e7\u00e3o Contra Inc\u00eandios e Explos\u00f5es \u2013 51\/2025<\/h4>\n<div class=\"panel-heading\">\n<div class=\"panel-title cursor ng-binding\" data-toggle=\"collapse\">Quest\u00e3o 1<\/div>\n<div class=\"panel-controls\">\n<ul>\n<li><\/li>\n<\/ul>\n<\/div>\n<\/div>\n<div class=\"panel-body p-t-20 b-t b-grey\">\n<div class=\"enunciado ng-binding\">\n<div class=\"ng-scope\">\n<p>Voc\u00ea sabe identificar as diversas placas de sinaliza\u00e7\u00e3o de emerg\u00eancia? Voc\u00ea sabe onde precisam ser colocadas e a qual dist\u00e2ncia entre elas?<\/p>\n<p>As placas de sinaliza\u00e7\u00e3o s\u00e3o muito importantes para identificar quais s\u00e3o os perigos que podem estar nos locais que frequentamos. Al\u00e9m da identifica\u00e7\u00e3o, \u00e9 importante que todos que trabalham naquele local saibam o que significam as placas e tamb\u00e9m como proceder em caso de emerg\u00eancia, pois, mesmo com as placas, os riscos continuam a existir.<\/p>\n<p>Leia agora um case:<\/p>\n<p>Supondo que um hospital p\u00fablico esteja passando por uma reforma e tenham sido retiradas todas as placas de sinaliza\u00e7\u00e3o, mas os demais materiais e equipamentos continuam no mesmo local, assim como todas as atividades necess\u00e1rias para atender os pacientes.<\/p>\n<p>Certo dia, um pintor que estava realizando a pintura do local saiu e foi at\u00e9 um local e come\u00e7ou a fumar. Naquele local, havia um almoxarifado na \u00e1rea externa do hospital, onde se guardavam produtos de limpeza e inflam\u00e1veis. Mas, como n\u00e3o havia a identifica\u00e7\u00e3o, o oper\u00e1rio n\u00e3o sabia e havia algo vazando por debaixo de uma das portas que ele julgou ser \u00e1gua, mas, na verdade, era um produto de limpeza inflam\u00e1vel utilizado para a limpeza dos quartos.<\/p>\n<p>Ap\u00f3s muitas bitucas de cigarro ca\u00edrem naquele l\u00edquido, ele come\u00e7ou a se incendiar, mas, como era pouco fogo, foi contido rapidamente.<\/p>\n<p>As placas de orienta\u00e7\u00e3o e salvamento, em vez de indicar o perigo que cont\u00eam, orientam sobre as rotas de fuga, sa\u00edda, degraus, aclives, declives, pilares e assim por diante, sendo essenciais quando \u00e9 necess\u00e1rio a retirada das pessoas e conduzi-las para o ponto de encontro.<\/p>\n<p>Diante disso leia o excerto a seguir:<\/p>\n<p>A sinaliza\u00e7\u00e3o de seguran\u00e7a, como o pr\u00f3prio nome j\u00e1 diz, serve como um alerta para trabalhadores e visitantes sobre as situa\u00e7\u00f5es de risco ou perigo e a necessidade do uso dos equipamentos de prote\u00e7\u00e3o individual (EPIs). A sinaliza\u00e7\u00e3o de seguran\u00e7a n\u00e3o \u00e9 obrigat\u00f3ria somente em empresas.<br \/>\nMuito pelo contr\u00e1rio, todo ambiente onde h\u00e1 circula\u00e7\u00e3o de pessoas deve estar bem sinalizado: restaurantes, escolas, condom\u00ednios, edif\u00edcios comerciais, entre outros.<br \/>\nA obrigatoriedade do uso da sinaliza\u00e7\u00e3o de seguran\u00e7a sempre foi imprescind\u00edvel em todos os ambientes de trabalho.<br \/>\nQuer seja simples ou complexa, qualquer atividade de trabalho necessita prever condi\u00e7\u00f5es m\u00ednimas de seguran\u00e7a e sa\u00fade para aqueles que a executam. Essas condi\u00e7\u00f5es m\u00ednimas s\u00e3o determinadas nas normas regulamentadoras do Minist\u00e9rio do Trabalho e Emprego, com base nas conven\u00e7\u00f5es internacionais de seguran\u00e7a e sa\u00fade ocupacional.<br \/>\nA sinaliza\u00e7\u00e3o de seguran\u00e7a \u00e9 classificada em 4 tipos, segundo as \u00e1reas em que s\u00e3o aplicadas e a mensagem que transmitem:<\/p>\n<p>&#8211; Sinais de obriga\u00e7\u00e3o: indicam a necessidade do uso de EPIs para evitar acidentes de trabalho.<br \/>\n&#8211; Sinais de perigo: obrigat\u00f3rios para haver cautela, precau\u00e7\u00e3o ou para que o local seja evitado.<br \/>\n&#8211; Sinais de aviso: indicam atitudes perigosas que n\u00e3o devem ser realizadas no local.<br \/>\n&#8211; Sinais de emerg\u00eancia: s\u00e3o as placas que guiam as pessoas para a dire\u00e7\u00e3o correta e ajudam a resolver os problemas de forma mais imediata.<br \/>\nAs placas de sinaliza\u00e7\u00e3o de aviso ou perigo s\u00e3o utilizadas para alertar os colaboradores sobre situa\u00e7\u00f5es e locais que requerem total aten\u00e7\u00e3o e precau\u00e7\u00e3o e\/ou para informar que existe algum perigo naquele determinado ambiente, para evitar acidentes de trabalho.<\/p>\n<p>Fonte: https:\/\/www.afixgraf.com.br\/blog\/importancia-sinalizacao-seguranca-empresas\/. Acesso em: 5 fev. 2025.<\/p>\n<\/div>\n<div class=\"ng-scope\">\n<p>O hospital possui v\u00e1rios extintores de PQS (ABC) e CO\u2082 distribu\u00eddos pelos corredores e nas \u00e1reas administrativas. Diante disso e do princ\u00edpio de inc\u00eandio ocorrido nesse hospital (case apresentado) devido \u00e0 falta de sinaliza\u00e7\u00e3o, \u00e9 necess\u00e1rio que voc\u00ea, profissional da seguran\u00e7a, recoloque as placas de sinaliza\u00e7\u00e3o nos locais adequados ap\u00f3s a pintura, conforme as normas vigentes, no MAPA da disciplina de Prote\u00e7\u00e3o Contra Inc\u00eandios e Explos\u00f5es. Sua tarefa, como gestor da seguran\u00e7a, \u00e9:<\/p>\n<p>a) Escolher e anexar a imagem de 02 (duas) placas de proibi\u00e7\u00e3o no hospital e explicar o significado das mesmas e como distribu\u00ed-las no local.<br \/>\nb) Escolher e anexar a imagem de 02 (duas) placas de alerta no hospital e explicar o significado das mesmas e como distribu\u00ed-las no local.<br \/>\nc) Escolher e anexar a imagem de 02 (duas) placas de orienta\u00e7\u00e3o e salvamento no hospital e explicar o significado das mesmas e como distribu\u00ed-las no local.<br \/>\nd) Escolher e anexar a imagem do extintor que seria o mais adequado para ser utilizado em princ\u00edpio de inc\u00eandio, com base no estudo de caso apresentado.<br \/>\ne) Ap\u00f3s isso, elaborar um texto dissertativo contendo sua opini\u00e3o como gestor da seguran\u00e7a sobre a import\u00e2ncia do sistema de preven\u00e7\u00e3o a inc\u00eandios.<\/p>\n<p>\u200b<strong>Orienta\u00e7\u00f5es adicionais:<\/strong><\/p>\n<p>&#8211; Baixe o formul\u00e1rio padr\u00e3o (que se encontra no material da disciplina) para resposta e as orienta\u00e7\u00f5es no material da disciplina.<br \/>\n&#8211; Leia o case apresentado na atividade.<br \/>\n&#8211; Responda aos itens solicitados, seguindo o v\u00eddeo de explica\u00e7\u00e3o da atividade e tamb\u00e9m o Formul\u00e1rio Padr\u00e3o.<br \/>\n&#8211; Fundamente sua resposta com cita\u00e7\u00f5es de autores, n\u00e3o se esquecendo de colocar corretamente a refer\u00eancia (O Manual de Normas da ABNT est\u00e1 dispon\u00edvel no material da disciplina).<br \/>\nAtente-se \u00e0 formata\u00e7\u00e3o exigida:<br \/>\n&#8211; O arquivo deve ser salvo no formato Word.<br \/>\n&#8211; Tipo de letra: Arial ou Times New Roman.<br \/>\n&#8211; Tamanho da fonte: 12.<br \/>\n&#8211; Espa\u00e7amento: 1,5.<br \/>\n&#8211; Salve o formul\u00e1rio padr\u00e3o, com todos os itens solicitados.<br \/>\n&#8211; Anexe seu arquivo no espa\u00e7o da atividade MAPA.<br \/>\n&#8211; Certifique-se de que o arquivo a ser enviado \u00e9 o correto no momento do envio.<br \/>\n&#8211; Clique em &#8220;Responder&#8221;.<\/p>\n<p>Bons estudos!<\/p>\n<\/div>\n<\/div>\n<\/div>\n","protected":false},"excerpt":{"rendered":"<p>MAPA \u2013 Prote\u00e7\u00e3o Contra Inc\u00eandios e Explos\u00f5es \u2013 51\/2025 Quest\u00e3o 1 Voc\u00ea sabe identificar as diversas placas de sinaliza\u00e7\u00e3o de<\/p>\n","protected":false},"featured_media":2326,"template":"","meta":{"_monsterinsights_skip_tracking":false,"_monsterinsights_sitenote_active":false,"_monsterinsights_sitenote_note":"","_monsterinsights_sitenote_category":0},"product_brand":[],"product_cat":[44,113],"product_tag":[],"class_list":{"0":"post-5141","1":"product","2":"type-product","3":"status-publish","4":"has-post-thumbnail","6":"product_cat-gestao-hospitalar","7":"product_cat-seguranca-do-trabalho","9":"first","10":"instock","11":"downloadable","12":"virtual","13":"purchasable","14":"product-type-simple"},"yoast_head":"<!-- This site is optimized with the Yoast SEO plugin v27.4 - https:\/\/yoast.com\/product\/yoast-seo-wordpress\/ -->\n<title>MAPA \u2013 Prote\u00e7\u00e3o Contra Inc\u00eandios e Explos\u00f5es \u2013 51\/2025<\/title>\n<meta name=\"description\" content=\"Atividade MAPA \u2013 Prote\u00e7\u00e3o Contra Inc\u00eandios e Explos\u00f5es \u2013 51\/2025 &#8902; Unicesumar. Baixe agora mesmo um Mapa Pronto resolvido!\" \/>\n<meta name=\"robots\" content=\"index, follow, max-snippet:-1, max-image-preview:large, max-video-preview:-1\" \/>\n<link rel=\"canonical\" href=\"https:\/\/atividademapa.com\/?product=mapa-protecao-contra-incendios-e-explosoes-51-2025\" \/>\n<meta property=\"og:locale\" content=\"pt_BR\" \/>\n<meta property=\"og:type\" content=\"article\" \/>\n<meta property=\"og:title\" content=\"MAPA \u2013 Prote\u00e7\u00e3o Contra Inc\u00eandios e Explos\u00f5es \u2013 51\/2025\" \/>\n<meta property=\"og:description\" content=\"Atividade MAPA \u2013 Prote\u00e7\u00e3o Contra Inc\u00eandios e Explos\u00f5es \u2013 51\/2025 &#8902; Unicesumar. Baixe agora mesmo um Mapa Pronto resolvido!\" \/>\n<meta property=\"og:url\" content=\"https:\/\/atividademapa.com\/?product=mapa-protecao-contra-incendios-e-explosoes-51-2025\" \/>\n<meta property=\"og:site_name\" content=\"Atividade Mapa\" \/>\n<meta property=\"article:modified_time\" content=\"2025-04-13T12:19:49+00:00\" \/>\n<meta property=\"og:image\" content=\"https:\/\/i0.wp.com\/atividademapa.com\/wp-content\/uploads\/2023\/03\/Atividade-M.A.P.A-3.png?fit=300%2C300&ssl=1\" \/>\n\t<meta property=\"og:image:width\" content=\"300\" \/>\n\t<meta property=\"og:image:height\" content=\"300\" \/>\n\t<meta property=\"og:image:type\" content=\"image\/png\" \/>\n<meta name=\"twitter:card\" content=\"summary_large_image\" \/>\n<meta name=\"twitter:label1\" content=\"Est. tempo de leitura\" \/>\n\t<meta name=\"twitter:data1\" content=\"5 minutos\" \/>\n<script type=\"application\/ld+json\" class=\"yoast-schema-graph\">{\"@context\":\"https:\\\/\\\/schema.org\",\"@graph\":[{\"@type\":\"WebPage\",\"@id\":\"https:\\\/\\\/atividademapa.com\\\/?product=mapa-protecao-contra-incendios-e-explosoes-51-2025\",\"url\":\"https:\\\/\\\/atividademapa.com\\\/?product=mapa-protecao-contra-incendios-e-explosoes-51-2025\",\"name\":\"MAPA \u2013 Prote\u00e7\u00e3o Contra Inc\u00eandios e Explos\u00f5es \u2013 51\\\/2025\",\"isPartOf\":{\"@id\":\"https:\\\/\\\/atividademapa.com\\\/#website\"},\"primaryImageOfPage\":{\"@id\":\"https:\\\/\\\/atividademapa.com\\\/?product=mapa-protecao-contra-incendios-e-explosoes-51-2025#primaryimage\"},\"image\":{\"@id\":\"https:\\\/\\\/atividademapa.com\\\/?product=mapa-protecao-contra-incendios-e-explosoes-51-2025#primaryimage\"},\"thumbnailUrl\":\"https:\\\/\\\/i0.wp.com\\\/atividademapa.com\\\/wp-content\\\/uploads\\\/2023\\\/03\\\/Atividade-M.A.P.A-3.png?fit=300%2C300&ssl=1\",\"datePublished\":\"2025-01-21T18:27:45+00:00\",\"dateModified\":\"2025-04-13T12:19:49+00:00\",\"description\":\"Atividade MAPA \u2013 Prote\u00e7\u00e3o Contra Inc\u00eandios e Explos\u00f5es \u2013 51\\\/2025 &#8902; Unicesumar. Baixe agora mesmo um Mapa Pronto resolvido!\",\"breadcrumb\":{\"@id\":\"https:\\\/\\\/atividademapa.com\\\/?product=mapa-protecao-contra-incendios-e-explosoes-51-2025#breadcrumb\"},\"inLanguage\":\"pt-BR\",\"potentialAction\":[{\"@type\":\"ReadAction\",\"target\":[\"https:\\\/\\\/atividademapa.com\\\/?product=mapa-protecao-contra-incendios-e-explosoes-51-2025\"]}]},{\"@type\":\"ImageObject\",\"inLanguage\":\"pt-BR\",\"@id\":\"https:\\\/\\\/atividademapa.com\\\/?product=mapa-protecao-contra-incendios-e-explosoes-51-2025#primaryimage\",\"url\":\"https:\\\/\\\/i0.wp.com\\\/atividademapa.com\\\/wp-content\\\/uploads\\\/2023\\\/03\\\/Atividade-M.A.P.A-3.png?fit=300%2C300&ssl=1\",\"contentUrl\":\"https:\\\/\\\/i0.wp.com\\\/atividademapa.com\\\/wp-content\\\/uploads\\\/2023\\\/03\\\/Atividade-M.A.P.A-3.png?fit=300%2C300&ssl=1\",\"width\":300,\"height\":300,\"caption\":\"Mapa Unicesumar Atividade\"},{\"@type\":\"BreadcrumbList\",\"@id\":\"https:\\\/\\\/atividademapa.com\\\/?product=mapa-protecao-contra-incendios-e-explosoes-51-2025#breadcrumb\",\"itemListElement\":[{\"@type\":\"ListItem\",\"position\":1,\"name\":\"In\u00edcio\",\"item\":\"https:\\\/\\\/atividademapa.com\\\/\"},{\"@type\":\"ListItem\",\"position\":2,\"name\":\"MAPAS\",\"item\":\"https:\\\/\\\/atividademapa.com\\\/?page_id=5\"},{\"@type\":\"ListItem\",\"position\":3,\"name\":\"MAPA \u2013 Prote\u00e7\u00e3o Contra Inc\u00eandios e Explos\u00f5es \u2013 51\\\/2025\"}]},{\"@type\":\"WebSite\",\"@id\":\"https:\\\/\\\/atividademapa.com\\\/#website\",\"url\":\"https:\\\/\\\/atividademapa.com\\\/\",\"name\":\"Atividade Mapa\",\"description\":\"StudeO | Unicesumar\",\"publisher\":{\"@id\":\"https:\\\/\\\/atividademapa.com\\\/#organization\"},\"potentialAction\":[{\"@type\":\"SearchAction\",\"target\":{\"@type\":\"EntryPoint\",\"urlTemplate\":\"https:\\\/\\\/atividademapa.com\\\/?s={search_term_string}\"},\"query-input\":{\"@type\":\"PropertyValueSpecification\",\"valueRequired\":true,\"valueName\":\"search_term_string\"}}],\"inLanguage\":\"pt-BR\"},{\"@type\":\"Organization\",\"@id\":\"https:\\\/\\\/atividademapa.com\\\/#organization\",\"name\":\"Atividade MAPA\",\"url\":\"https:\\\/\\\/atividademapa.com\\\/\",\"logo\":{\"@type\":\"ImageObject\",\"inLanguage\":\"pt-BR\",\"@id\":\"https:\\\/\\\/atividademapa.com\\\/#\\\/schema\\\/logo\\\/image\\\/\",\"url\":\"https:\\\/\\\/i0.wp.com\\\/atividademapa.com\\\/wp-content\\\/uploads\\\/2023\\\/02\\\/ATIVIDADE.png?fit=600%2C300&ssl=1\",\"contentUrl\":\"https:\\\/\\\/i0.wp.com\\\/atividademapa.com\\\/wp-content\\\/uploads\\\/2023\\\/02\\\/ATIVIDADE.png?fit=600%2C300&ssl=1\",\"width\":600,\"height\":300,\"caption\":\"Atividade MAPA\"},\"image\":{\"@id\":\"https:\\\/\\\/atividademapa.com\\\/#\\\/schema\\\/logo\\\/image\\\/\"}}]}<\/script>\n<!-- \/ Yoast SEO plugin. -->","yoast_head_json":{"title":"MAPA \u2013 Prote\u00e7\u00e3o Contra Inc\u00eandios e Explos\u00f5es \u2013 51\/2025","description":"Atividade MAPA \u2013 Prote\u00e7\u00e3o Contra Inc\u00eandios e Explos\u00f5es \u2013 51\/2025 &#8902; Unicesumar. Baixe agora mesmo um Mapa Pronto resolvido!","robots":{"index":"index","follow":"follow","max-snippet":"max-snippet:-1","max-image-preview":"max-image-preview:large","max-video-preview":"max-video-preview:-1"},"canonical":"https:\/\/atividademapa.com\/?product=mapa-protecao-contra-incendios-e-explosoes-51-2025","og_locale":"pt_BR","og_type":"article","og_title":"MAPA \u2013 Prote\u00e7\u00e3o Contra Inc\u00eandios e Explos\u00f5es \u2013 51\/2025","og_description":"Atividade MAPA \u2013 Prote\u00e7\u00e3o Contra Inc\u00eandios e Explos\u00f5es \u2013 51\/2025 &#8902; Unicesumar. Baixe agora mesmo um Mapa Pronto resolvido!","og_url":"https:\/\/atividademapa.com\/?product=mapa-protecao-contra-incendios-e-explosoes-51-2025","og_site_name":"Atividade Mapa","article_modified_time":"2025-04-13T12:19:49+00:00","og_image":[{"width":300,"height":300,"url":"https:\/\/i0.wp.com\/atividademapa.com\/wp-content\/uploads\/2023\/03\/Atividade-M.A.P.A-3.png?fit=300%2C300&ssl=1","type":"image\/png"}],"twitter_card":"summary_large_image","twitter_misc":{"Est. tempo de leitura":"5 minutos"},"schema":{"@context":"https:\/\/schema.org","@graph":[{"@type":"WebPage","@id":"https:\/\/atividademapa.com\/?product=mapa-protecao-contra-incendios-e-explosoes-51-2025","url":"https:\/\/atividademapa.com\/?product=mapa-protecao-contra-incendios-e-explosoes-51-2025","name":"MAPA \u2013 Prote\u00e7\u00e3o Contra Inc\u00eandios e Explos\u00f5es \u2013 51\/2025","isPartOf":{"@id":"https:\/\/atividademapa.com\/#website"},"primaryImageOfPage":{"@id":"https:\/\/atividademapa.com\/?product=mapa-protecao-contra-incendios-e-explosoes-51-2025#primaryimage"},"image":{"@id":"https:\/\/atividademapa.com\/?product=mapa-protecao-contra-incendios-e-explosoes-51-2025#primaryimage"},"thumbnailUrl":"https:\/\/i0.wp.com\/atividademapa.com\/wp-content\/uploads\/2023\/03\/Atividade-M.A.P.A-3.png?fit=300%2C300&ssl=1","datePublished":"2025-01-21T18:27:45+00:00","dateModified":"2025-04-13T12:19:49+00:00","description":"Atividade MAPA \u2013 Prote\u00e7\u00e3o Contra Inc\u00eandios e Explos\u00f5es \u2013 51\/2025 &#8902; Unicesumar. Baixe agora mesmo um Mapa Pronto resolvido!","breadcrumb":{"@id":"https:\/\/atividademapa.com\/?product=mapa-protecao-contra-incendios-e-explosoes-51-2025#breadcrumb"},"inLanguage":"pt-BR","potentialAction":[{"@type":"ReadAction","target":["https:\/\/atividademapa.com\/?product=mapa-protecao-contra-incendios-e-explosoes-51-2025"]}]},{"@type":"ImageObject","inLanguage":"pt-BR","@id":"https:\/\/atividademapa.com\/?product=mapa-protecao-contra-incendios-e-explosoes-51-2025#primaryimage","url":"https:\/\/i0.wp.com\/atividademapa.com\/wp-content\/uploads\/2023\/03\/Atividade-M.A.P.A-3.png?fit=300%2C300&ssl=1","contentUrl":"https:\/\/i0.wp.com\/atividademapa.com\/wp-content\/uploads\/2023\/03\/Atividade-M.A.P.A-3.png?fit=300%2C300&ssl=1","width":300,"height":300,"caption":"Mapa Unicesumar Atividade"},{"@type":"BreadcrumbList","@id":"https:\/\/atividademapa.com\/?product=mapa-protecao-contra-incendios-e-explosoes-51-2025#breadcrumb","itemListElement":[{"@type":"ListItem","position":1,"name":"In\u00edcio","item":"https:\/\/atividademapa.com\/"},{"@type":"ListItem","position":2,"name":"MAPAS","item":"https:\/\/atividademapa.com\/?page_id=5"},{"@type":"ListItem","position":3,"name":"MAPA \u2013 Prote\u00e7\u00e3o Contra Inc\u00eandios e Explos\u00f5es \u2013 51\/2025"}]},{"@type":"WebSite","@id":"https:\/\/atividademapa.com\/#website","url":"https:\/\/atividademapa.com\/","name":"Atividade Mapa","description":"StudeO | Unicesumar","publisher":{"@id":"https:\/\/atividademapa.com\/#organization"},"potentialAction":[{"@type":"SearchAction","target":{"@type":"EntryPoint","urlTemplate":"https:\/\/atividademapa.com\/?s={search_term_string}"},"query-input":{"@type":"PropertyValueSpecification","valueRequired":true,"valueName":"search_term_string"}}],"inLanguage":"pt-BR"},{"@type":"Organization","@id":"https:\/\/atividademapa.com\/#organization","name":"Atividade MAPA","url":"https:\/\/atividademapa.com\/","logo":{"@type":"ImageObject","inLanguage":"pt-BR","@id":"https:\/\/atividademapa.com\/#\/schema\/logo\/image\/","url":"https:\/\/i0.wp.com\/atividademapa.com\/wp-content\/uploads\/2023\/02\/ATIVIDADE.png?fit=600%2C300&ssl=1","contentUrl":"https:\/\/i0.wp.com\/atividademapa.com\/wp-content\/uploads\/2023\/02\/ATIVIDADE.png?fit=600%2C300&ssl=1","width":600,"height":300,"caption":"Atividade MAPA"},"image":{"@id":"https:\/\/atividademapa.com\/#\/schema\/logo\/image\/"}}]}},"_links":{"self":[{"href":"https:\/\/atividademapa.com\/index.php?rest_route=\/wp\/v2\/product\/5141","targetHints":{"allow":["GET"]}}],"collection":[{"href":"https:\/\/atividademapa.com\/index.php?rest_route=\/wp\/v2\/product"}],"about":[{"href":"https:\/\/atividademapa.com\/index.php?rest_route=\/wp\/v2\/types\/product"}],"version-history":[{"count":3,"href":"https:\/\/atividademapa.com\/index.php?rest_route=\/wp\/v2\/product\/5141\/revisions"}],"predecessor-version":[{"id":5547,"href":"https:\/\/atividademapa.com\/index.php?rest_route=\/wp\/v2\/product\/5141\/revisions\/5547"}],"wp:featuredmedia":[{"embeddable":true,"href":"https:\/\/atividademapa.com\/index.php?rest_route=\/wp\/v2\/media\/2326"}],"wp:attachment":[{"href":"https:\/\/atividademapa.com\/index.php?rest_route=%2Fwp%2Fv2%2Fmedia&parent=5141"}],"wp:term":[{"taxonomy":"product_brand","embeddable":true,"href":"https:\/\/atividademapa.com\/index.php?rest_route=%2Fwp%2Fv2%2Fproduct_brand&post=5141"},{"taxonomy":"product_cat","embeddable":true,"href":"https:\/\/atividademapa.com\/index.php?rest_route=%2Fwp%2Fv2%2Fproduct_cat&post=5141"},{"taxonomy":"product_tag","embeddable":true,"href":"https:\/\/atividademapa.com\/index.php?rest_route=%2Fwp%2Fv2%2Fproduct_tag&post=5141"}],"curies":[{"name":"wp","href":"https:\/\/api.w.org\/{rel}","templated":true}]}}