{"id":5145,"date":"2025-01-21T15:29:52","date_gmt":"2025-01-21T18:29:52","guid":{"rendered":"https:\/\/atividademapa.com\/?post_type=product&#038;p=5145"},"modified":"2025-04-04T21:53:20","modified_gmt":"2025-04-05T00:53:20","slug":"mapa-oficina-servico-social-e-formacao-profissional-51-2025","status":"publish","type":"product","link":"https:\/\/atividademapa.com\/?product=mapa-oficina-servico-social-e-formacao-profissional-51-2025","title":{"rendered":"MAPA \u2013 Oficina Servi\u00e7o Social e Forma\u00e7\u00e3o Profissional \u2013 51\/2025"},"content":{"rendered":"<div class=\"panel-heading\">\n<div class=\"panel-title cursor ng-binding\" data-toggle=\"collapse\">Quest\u00e3o 1<\/div>\n<div class=\"panel-controls\">\n<ul>\n<li><\/li>\n<\/ul>\n<\/div>\n<\/div>\n<div class=\"panel-body p-t-20 b-t b-grey\">\n<div class=\"enunciado ng-binding\"><strong class=\"ng-scope\">Mapeando as Express\u00f5es da Quest\u00e3o Social e os Equipamentos<\/strong><\/p>\n<p class=\"ng-scope\"><strong>1. Contextualiza\u00e7\u00e3o<\/strong><br \/>\nO Servi\u00e7o Social tem como objeto de trabalho as m\u00faltiplas express\u00f5es da quest\u00e3o social, ou seja, os problemas que emergem das desigualdades sociais e impactam a vida da popula\u00e7\u00e3o, como desemprego, pobreza, viol\u00eancia, falta de acesso \u00e0 educa\u00e7\u00e3o e sa\u00fade, entre outros. Para compreender melhor essa realidade, \u00e9 fundamental observar como essas express\u00f5es se manifestam no contexto local e quais s\u00e3o os equipamentos p\u00fablicos respons\u00e1veis por enfrent\u00e1-las.<\/p>\n<p class=\"ng-scope\"><strong>2. Problema<\/strong><br \/>\nNem todas as cidades possuem uma estrutura adequada para atender \u00e0s demandas sociais da popula\u00e7\u00e3o. Muitas vezes, a aus\u00eancia de equipamentos p\u00fablicos, como CRAS, CREAS, unidades de sa\u00fade e centros de atendimento especializado, dificulta a supera\u00e7\u00e3o dos problemas sociais, refor\u00e7ando desigualdades e vulnerabilidades. Mas ser\u00e1 que isso ocorre na sua cidade?<\/p>\n<p class=\"ng-scope\"><strong>3. Desafio<\/strong><br \/>\nO desafio desta atividade \u00e9 investigar a sua realidade local, identificando as express\u00f5es da quest\u00e3o social mais evidentes e analisando se existem equipamentos p\u00fablicos adequados para lidar com esses desafios.<\/p>\n<p><br class=\"ng-scope\" \/><strong class=\"ng-scope\">Passos da atividade:<\/strong><br class=\"ng-scope\" \/><strong class=\"ng-scope\">Parte 1 \u2013 Identifica\u00e7\u00e3o da Express\u00e3o da Quest\u00e3o Social:<\/strong><\/p>\n<div class=\"ng-scope\">A)\u00a0<strong>Identifique a cidade e o seu Estado.<\/strong><br \/>\nB)\u00a0<strong>Escolha uma express\u00e3o da quest\u00e3o social vis\u00edvel na sua cidade:\u00a0<\/strong>Exemplo: Moradores em situa\u00e7\u00e3o de rua, desemprego, viol\u00eancia, inseguran\u00e7a alimentar, falta de saneamento b\u00e1sico, trabalho infantil, entre outros.<br \/>\nC)\u00a0<strong>Descreva a situa\u00e7\u00e3o observada: O que acontece?\u00a0<\/strong>Exemplo: Na minha cidade, \u00e9 poss\u00edvel observar um aumento no n\u00famero de pessoas em situa\u00e7\u00e3o de rua, especialmente no centro da cidade. Muitas delas est\u00e3o sem acesso \u00e0 alimenta\u00e7\u00e3o adequada, higiene e moradia.\u00a0<strong>Onde ocorre?\u00a0<\/strong>Exemplo: Essa situa\u00e7\u00e3o \u00e9 mais evidente nas proximidades da rodovi\u00e1ria e pra\u00e7as p\u00fablicas, onde essas pessoas se concentram.\u00a0<strong>Quem \u00e9 afetado?\u00a0<\/strong>Exemplo: Pessoas que perderam seus empregos durante a pandemia e n\u00e3o tiveram acesso a pol\u00edticas p\u00fablicas de suporte.\u00a0<strong>Quais as poss\u00edveis causas?\u00a0<\/strong>Exemplo: Desemprego, falta de moradias populares, aus\u00eancia de programas efetivos de reinser\u00e7\u00e3o social.<br \/>\nD)\u00a0<strong>Tire uma foto do local que representa essa quest\u00e3o social:\u00a0<\/strong>A foto deve ilustrar a situa\u00e7\u00e3o, mas sem mostrar rostos de pessoas.<\/p>\n<\/div>\n<p><strong class=\"ng-scope\">Parte 2 \u2013 Levantamento dos Equipamentos P\u00fablicos:<\/strong><\/p>\n<div class=\"ng-scope\">A)\u00a0<strong>Quais equipamentos p\u00fablicos deveriam atuar nesse problema?\u00a0<\/strong>Exemplo: Para a quest\u00e3o da popula\u00e7\u00e3o em situa\u00e7\u00e3o de rua, os principais equipamentos respons\u00e1veis s\u00e3o:\u00a0<strong>CRAS (Centro de Refer\u00eancia de Assist\u00eancia Social)<\/strong>\u00a0\u2013 Deveria prestar apoio a fam\u00edlias em vulnerabilidade.\u00a0<strong>CREAS (Centro de Refer\u00eancia Especializado de Assist\u00eancia Social)<\/strong>\u00a0\u2013 Atendimento a pessoas em situa\u00e7\u00e3o de risco social.\u00a0<strong>Centro POP (Centro de Refer\u00eancia Especializado para Popula\u00e7\u00e3o em Situa\u00e7\u00e3o de Rua)<\/strong>\u00a0\u2013 Oferece suporte como alimenta\u00e7\u00e3o, higiene e encaminhamento para outros servi\u00e7os.\u00a0<strong>Abrigos p\u00fablicos<\/strong>\u00a0\u2013 Locais tempor\u00e1rios de acolhimento.<br \/>\nB)\u00a0<strong>Sua cidade possui esses equipamentos?\u00a0<\/strong>Exemplo: No meu munic\u00edpio, h\u00e1 apenas um CRAS, que atende toda a cidade, mas n\u00e3o h\u00e1 um Centro POP ou abrigo para popula\u00e7\u00e3o em situa\u00e7\u00e3o de rua. Isso dificulta a inser\u00e7\u00e3o dessas pessoas em programas sociais e aumenta sua vulnerabilidade.<br \/>\nC)\u00a0<strong>Caso os equipamentos existam, eles est\u00e3o funcionando adequadamente?\u00a0<\/strong>Exemplo: O CRAS existe, mas h\u00e1 relatos de que n\u00e3o tem equipe suficiente para atender todas as demandas.<\/div>\n<p><br class=\"ng-scope\" \/><br class=\"ng-scope\" \/><strong class=\"ng-scope\">Parte 3 \u2013 Reflex\u00e3o Final<\/strong><br class=\"ng-scope\" \/>Com base na sua observa\u00e7\u00e3o e pesquisa, responda:<\/p>\n<div class=\"ng-scope\">A) A sua cidade tem estrutura suficiente para atender essa quest\u00e3o social?<br \/>\nB) O que poderia ser feito para melhorar essa situa\u00e7\u00e3o?<br \/>\nC) Como o Servi\u00e7o Social pode atuar para transformar essa realidade?<\/div>\n<p><br class=\"ng-scope\" \/><strong class=\"ng-scope\">Dicas de Ouro:<\/strong><br class=\"ng-scope\" \/>Assista ao v\u00eddeo de orienta\u00e7\u00f5es da atividade (material da disciplina).<br class=\"ng-scope\" \/>Siga as normas da ABNT e utilize o formul\u00e1rio padr\u00e3o.<br class=\"ng-scope\" \/>Pl\u00e1gio n\u00e3o \u00e9 permitido.<br class=\"ng-scope\" \/>Ao redigir sua resposta, atente-se \u00e0 corre\u00e7\u00e3o ortogr\u00e1fica e concord\u00e2ncia verbal.<br class=\"ng-scope\" \/>N\u00e3o finalize a sua atividade antes de conferir se atendeu ao que est\u00e1 sendo solicitado.<br class=\"ng-scope\" \/><br class=\"ng-scope\" \/><br class=\"ng-scope\" \/>Boa atividade!<\/div>\n<\/div>\n","protected":false},"excerpt":{"rendered":"<p>Quest\u00e3o 1 Mapeando as Express\u00f5es da Quest\u00e3o Social e os Equipamentos 1. Contextualiza\u00e7\u00e3o O Servi\u00e7o Social tem como objeto de<\/p>\n","protected":false},"featured_media":2326,"template":"","meta":{"_monsterinsights_skip_tracking":false,"_monsterinsights_sitenote_active":false,"_monsterinsights_sitenote_note":"","_monsterinsights_sitenote_category":0},"product_brand":[],"product_cat":[40],"product_tag":[],"class_list":{"0":"post-5145","1":"product","2":"type-product","3":"status-publish","4":"has-post-thumbnail","6":"product_cat-servico-social","8":"first","9":"instock","10":"downloadable","11":"virtual","12":"purchasable","13":"product-type-simple"},"yoast_head":"<!-- This site is optimized with the Yoast SEO plugin v27.4 - https:\/\/yoast.com\/product\/yoast-seo-wordpress\/ -->\n<title>MAPA \u2013 Oficina Servi\u00e7o Social e Forma\u00e7\u00e3o Profissional \u2013 51\/2025<\/title>\n<meta name=\"description\" content=\"Atividade MAPA \u2013 Oficina Servi\u00e7o Social e Forma\u00e7\u00e3o Profissional \u2013 51\/2025 &#8902; Unicesumar. Baixe agora mesmo um Mapa Pronto resolvido!\" \/>\n<meta name=\"robots\" content=\"index, follow, max-snippet:-1, max-image-preview:large, max-video-preview:-1\" \/>\n<link rel=\"canonical\" href=\"https:\/\/atividademapa.com\/?product=mapa-oficina-servico-social-e-formacao-profissional-51-2025\" \/>\n<meta property=\"og:locale\" content=\"pt_BR\" \/>\n<meta property=\"og:type\" content=\"article\" \/>\n<meta property=\"og:title\" content=\"MAPA \u2013 Oficina Servi\u00e7o Social e Forma\u00e7\u00e3o Profissional \u2013 51\/2025\" \/>\n<meta property=\"og:description\" content=\"Atividade MAPA \u2013 Oficina Servi\u00e7o Social e Forma\u00e7\u00e3o Profissional \u2013 51\/2025 &#8902; Unicesumar. Baixe agora mesmo um Mapa Pronto resolvido!\" \/>\n<meta property=\"og:url\" content=\"https:\/\/atividademapa.com\/?product=mapa-oficina-servico-social-e-formacao-profissional-51-2025\" \/>\n<meta property=\"og:site_name\" content=\"Atividade Mapa\" \/>\n<meta property=\"article:modified_time\" content=\"2025-04-05T00:53:20+00:00\" \/>\n<meta property=\"og:image\" content=\"https:\/\/i0.wp.com\/atividademapa.com\/wp-content\/uploads\/2023\/03\/Atividade-M.A.P.A-3.png?fit=300%2C300&ssl=1\" \/>\n\t<meta property=\"og:image:width\" content=\"300\" \/>\n\t<meta property=\"og:image:height\" content=\"300\" \/>\n\t<meta property=\"og:image:type\" content=\"image\/png\" \/>\n<meta name=\"twitter:card\" content=\"summary_large_image\" \/>\n<meta name=\"twitter:label1\" content=\"Est. tempo de leitura\" \/>\n\t<meta name=\"twitter:data1\" content=\"3 minutos\" \/>\n<script type=\"application\/ld+json\" class=\"yoast-schema-graph\">{\"@context\":\"https:\\\/\\\/schema.org\",\"@graph\":[{\"@type\":\"WebPage\",\"@id\":\"https:\\\/\\\/atividademapa.com\\\/?product=mapa-oficina-servico-social-e-formacao-profissional-51-2025\",\"url\":\"https:\\\/\\\/atividademapa.com\\\/?product=mapa-oficina-servico-social-e-formacao-profissional-51-2025\",\"name\":\"MAPA \u2013 Oficina Servi\u00e7o Social e Forma\u00e7\u00e3o Profissional \u2013 51\\\/2025\",\"isPartOf\":{\"@id\":\"https:\\\/\\\/atividademapa.com\\\/#website\"},\"primaryImageOfPage\":{\"@id\":\"https:\\\/\\\/atividademapa.com\\\/?product=mapa-oficina-servico-social-e-formacao-profissional-51-2025#primaryimage\"},\"image\":{\"@id\":\"https:\\\/\\\/atividademapa.com\\\/?product=mapa-oficina-servico-social-e-formacao-profissional-51-2025#primaryimage\"},\"thumbnailUrl\":\"https:\\\/\\\/i0.wp.com\\\/atividademapa.com\\\/wp-content\\\/uploads\\\/2023\\\/03\\\/Atividade-M.A.P.A-3.png?fit=300%2C300&ssl=1\",\"datePublished\":\"2025-01-21T18:29:52+00:00\",\"dateModified\":\"2025-04-05T00:53:20+00:00\",\"description\":\"Atividade MAPA \u2013 Oficina Servi\u00e7o Social e Forma\u00e7\u00e3o Profissional \u2013 51\\\/2025 &#8902; Unicesumar. Baixe agora mesmo um Mapa Pronto resolvido!\",\"breadcrumb\":{\"@id\":\"https:\\\/\\\/atividademapa.com\\\/?product=mapa-oficina-servico-social-e-formacao-profissional-51-2025#breadcrumb\"},\"inLanguage\":\"pt-BR\",\"potentialAction\":[{\"@type\":\"ReadAction\",\"target\":[\"https:\\\/\\\/atividademapa.com\\\/?product=mapa-oficina-servico-social-e-formacao-profissional-51-2025\"]}]},{\"@type\":\"ImageObject\",\"inLanguage\":\"pt-BR\",\"@id\":\"https:\\\/\\\/atividademapa.com\\\/?product=mapa-oficina-servico-social-e-formacao-profissional-51-2025#primaryimage\",\"url\":\"https:\\\/\\\/i0.wp.com\\\/atividademapa.com\\\/wp-content\\\/uploads\\\/2023\\\/03\\\/Atividade-M.A.P.A-3.png?fit=300%2C300&ssl=1\",\"contentUrl\":\"https:\\\/\\\/i0.wp.com\\\/atividademapa.com\\\/wp-content\\\/uploads\\\/2023\\\/03\\\/Atividade-M.A.P.A-3.png?fit=300%2C300&ssl=1\",\"width\":300,\"height\":300,\"caption\":\"Mapa Unicesumar Atividade\"},{\"@type\":\"BreadcrumbList\",\"@id\":\"https:\\\/\\\/atividademapa.com\\\/?product=mapa-oficina-servico-social-e-formacao-profissional-51-2025#breadcrumb\",\"itemListElement\":[{\"@type\":\"ListItem\",\"position\":1,\"name\":\"In\u00edcio\",\"item\":\"https:\\\/\\\/atividademapa.com\\\/\"},{\"@type\":\"ListItem\",\"position\":2,\"name\":\"MAPAS\",\"item\":\"https:\\\/\\\/atividademapa.com\\\/?page_id=5\"},{\"@type\":\"ListItem\",\"position\":3,\"name\":\"MAPA \u2013 Oficina Servi\u00e7o Social e Forma\u00e7\u00e3o Profissional \u2013 51\\\/2025\"}]},{\"@type\":\"WebSite\",\"@id\":\"https:\\\/\\\/atividademapa.com\\\/#website\",\"url\":\"https:\\\/\\\/atividademapa.com\\\/\",\"name\":\"Atividade Mapa\",\"description\":\"StudeO | Unicesumar\",\"publisher\":{\"@id\":\"https:\\\/\\\/atividademapa.com\\\/#organization\"},\"potentialAction\":[{\"@type\":\"SearchAction\",\"target\":{\"@type\":\"EntryPoint\",\"urlTemplate\":\"https:\\\/\\\/atividademapa.com\\\/?s={search_term_string}\"},\"query-input\":{\"@type\":\"PropertyValueSpecification\",\"valueRequired\":true,\"valueName\":\"search_term_string\"}}],\"inLanguage\":\"pt-BR\"},{\"@type\":\"Organization\",\"@id\":\"https:\\\/\\\/atividademapa.com\\\/#organization\",\"name\":\"Atividade MAPA\",\"url\":\"https:\\\/\\\/atividademapa.com\\\/\",\"logo\":{\"@type\":\"ImageObject\",\"inLanguage\":\"pt-BR\",\"@id\":\"https:\\\/\\\/atividademapa.com\\\/#\\\/schema\\\/logo\\\/image\\\/\",\"url\":\"https:\\\/\\\/i0.wp.com\\\/atividademapa.com\\\/wp-content\\\/uploads\\\/2023\\\/02\\\/ATIVIDADE.png?fit=600%2C300&ssl=1\",\"contentUrl\":\"https:\\\/\\\/i0.wp.com\\\/atividademapa.com\\\/wp-content\\\/uploads\\\/2023\\\/02\\\/ATIVIDADE.png?fit=600%2C300&ssl=1\",\"width\":600,\"height\":300,\"caption\":\"Atividade MAPA\"},\"image\":{\"@id\":\"https:\\\/\\\/atividademapa.com\\\/#\\\/schema\\\/logo\\\/image\\\/\"}}]}<\/script>\n<!-- \/ Yoast SEO plugin. -->","yoast_head_json":{"title":"MAPA \u2013 Oficina Servi\u00e7o Social e Forma\u00e7\u00e3o Profissional \u2013 51\/2025","description":"Atividade MAPA \u2013 Oficina Servi\u00e7o Social e Forma\u00e7\u00e3o Profissional \u2013 51\/2025 &#8902; Unicesumar. Baixe agora mesmo um Mapa Pronto resolvido!","robots":{"index":"index","follow":"follow","max-snippet":"max-snippet:-1","max-image-preview":"max-image-preview:large","max-video-preview":"max-video-preview:-1"},"canonical":"https:\/\/atividademapa.com\/?product=mapa-oficina-servico-social-e-formacao-profissional-51-2025","og_locale":"pt_BR","og_type":"article","og_title":"MAPA \u2013 Oficina Servi\u00e7o Social e Forma\u00e7\u00e3o Profissional \u2013 51\/2025","og_description":"Atividade MAPA \u2013 Oficina Servi\u00e7o Social e Forma\u00e7\u00e3o Profissional \u2013 51\/2025 &#8902; Unicesumar. Baixe agora mesmo um Mapa Pronto resolvido!","og_url":"https:\/\/atividademapa.com\/?product=mapa-oficina-servico-social-e-formacao-profissional-51-2025","og_site_name":"Atividade Mapa","article_modified_time":"2025-04-05T00:53:20+00:00","og_image":[{"width":300,"height":300,"url":"https:\/\/i0.wp.com\/atividademapa.com\/wp-content\/uploads\/2023\/03\/Atividade-M.A.P.A-3.png?fit=300%2C300&ssl=1","type":"image\/png"}],"twitter_card":"summary_large_image","twitter_misc":{"Est. tempo de leitura":"3 minutos"},"schema":{"@context":"https:\/\/schema.org","@graph":[{"@type":"WebPage","@id":"https:\/\/atividademapa.com\/?product=mapa-oficina-servico-social-e-formacao-profissional-51-2025","url":"https:\/\/atividademapa.com\/?product=mapa-oficina-servico-social-e-formacao-profissional-51-2025","name":"MAPA \u2013 Oficina Servi\u00e7o Social e Forma\u00e7\u00e3o Profissional \u2013 51\/2025","isPartOf":{"@id":"https:\/\/atividademapa.com\/#website"},"primaryImageOfPage":{"@id":"https:\/\/atividademapa.com\/?product=mapa-oficina-servico-social-e-formacao-profissional-51-2025#primaryimage"},"image":{"@id":"https:\/\/atividademapa.com\/?product=mapa-oficina-servico-social-e-formacao-profissional-51-2025#primaryimage"},"thumbnailUrl":"https:\/\/i0.wp.com\/atividademapa.com\/wp-content\/uploads\/2023\/03\/Atividade-M.A.P.A-3.png?fit=300%2C300&ssl=1","datePublished":"2025-01-21T18:29:52+00:00","dateModified":"2025-04-05T00:53:20+00:00","description":"Atividade MAPA \u2013 Oficina Servi\u00e7o Social e Forma\u00e7\u00e3o Profissional \u2013 51\/2025 &#8902; Unicesumar. Baixe agora mesmo um Mapa Pronto resolvido!","breadcrumb":{"@id":"https:\/\/atividademapa.com\/?product=mapa-oficina-servico-social-e-formacao-profissional-51-2025#breadcrumb"},"inLanguage":"pt-BR","potentialAction":[{"@type":"ReadAction","target":["https:\/\/atividademapa.com\/?product=mapa-oficina-servico-social-e-formacao-profissional-51-2025"]}]},{"@type":"ImageObject","inLanguage":"pt-BR","@id":"https:\/\/atividademapa.com\/?product=mapa-oficina-servico-social-e-formacao-profissional-51-2025#primaryimage","url":"https:\/\/i0.wp.com\/atividademapa.com\/wp-content\/uploads\/2023\/03\/Atividade-M.A.P.A-3.png?fit=300%2C300&ssl=1","contentUrl":"https:\/\/i0.wp.com\/atividademapa.com\/wp-content\/uploads\/2023\/03\/Atividade-M.A.P.A-3.png?fit=300%2C300&ssl=1","width":300,"height":300,"caption":"Mapa Unicesumar Atividade"},{"@type":"BreadcrumbList","@id":"https:\/\/atividademapa.com\/?product=mapa-oficina-servico-social-e-formacao-profissional-51-2025#breadcrumb","itemListElement":[{"@type":"ListItem","position":1,"name":"In\u00edcio","item":"https:\/\/atividademapa.com\/"},{"@type":"ListItem","position":2,"name":"MAPAS","item":"https:\/\/atividademapa.com\/?page_id=5"},{"@type":"ListItem","position":3,"name":"MAPA \u2013 Oficina Servi\u00e7o Social e Forma\u00e7\u00e3o Profissional \u2013 51\/2025"}]},{"@type":"WebSite","@id":"https:\/\/atividademapa.com\/#website","url":"https:\/\/atividademapa.com\/","name":"Atividade Mapa","description":"StudeO | Unicesumar","publisher":{"@id":"https:\/\/atividademapa.com\/#organization"},"potentialAction":[{"@type":"SearchAction","target":{"@type":"EntryPoint","urlTemplate":"https:\/\/atividademapa.com\/?s={search_term_string}"},"query-input":{"@type":"PropertyValueSpecification","valueRequired":true,"valueName":"search_term_string"}}],"inLanguage":"pt-BR"},{"@type":"Organization","@id":"https:\/\/atividademapa.com\/#organization","name":"Atividade MAPA","url":"https:\/\/atividademapa.com\/","logo":{"@type":"ImageObject","inLanguage":"pt-BR","@id":"https:\/\/atividademapa.com\/#\/schema\/logo\/image\/","url":"https:\/\/i0.wp.com\/atividademapa.com\/wp-content\/uploads\/2023\/02\/ATIVIDADE.png?fit=600%2C300&ssl=1","contentUrl":"https:\/\/i0.wp.com\/atividademapa.com\/wp-content\/uploads\/2023\/02\/ATIVIDADE.png?fit=600%2C300&ssl=1","width":600,"height":300,"caption":"Atividade MAPA"},"image":{"@id":"https:\/\/atividademapa.com\/#\/schema\/logo\/image\/"}}]}},"_links":{"self":[{"href":"https:\/\/atividademapa.com\/index.php?rest_route=\/wp\/v2\/product\/5145","targetHints":{"allow":["GET"]}}],"collection":[{"href":"https:\/\/atividademapa.com\/index.php?rest_route=\/wp\/v2\/product"}],"about":[{"href":"https:\/\/atividademapa.com\/index.php?rest_route=\/wp\/v2\/types\/product"}],"version-history":[{"count":3,"href":"https:\/\/atividademapa.com\/index.php?rest_route=\/wp\/v2\/product\/5145\/revisions"}],"predecessor-version":[{"id":5495,"href":"https:\/\/atividademapa.com\/index.php?rest_route=\/wp\/v2\/product\/5145\/revisions\/5495"}],"wp:featuredmedia":[{"embeddable":true,"href":"https:\/\/atividademapa.com\/index.php?rest_route=\/wp\/v2\/media\/2326"}],"wp:attachment":[{"href":"https:\/\/atividademapa.com\/index.php?rest_route=%2Fwp%2Fv2%2Fmedia&parent=5145"}],"wp:term":[{"taxonomy":"product_brand","embeddable":true,"href":"https:\/\/atividademapa.com\/index.php?rest_route=%2Fwp%2Fv2%2Fproduct_brand&post=5145"},{"taxonomy":"product_cat","embeddable":true,"href":"https:\/\/atividademapa.com\/index.php?rest_route=%2Fwp%2Fv2%2Fproduct_cat&post=5145"},{"taxonomy":"product_tag","embeddable":true,"href":"https:\/\/atividademapa.com\/index.php?rest_route=%2Fwp%2Fv2%2Fproduct_tag&post=5145"}],"curies":[{"name":"wp","href":"https:\/\/api.w.org\/{rel}","templated":true}]}}