{"id":5173,"date":"2025-01-21T15:44:40","date_gmt":"2025-01-21T18:44:40","guid":{"rendered":"https:\/\/atividademapa.com\/?post_type=product&#038;p=5173"},"modified":"2025-02-25T23:58:33","modified_gmt":"2025-02-26T02:58:33","slug":"mapa-mentalidade-criativa-e-empreendedora-51-2025-2","status":"publish","type":"product","link":"https:\/\/atividademapa.com\/?product=mapa-mentalidade-criativa-e-empreendedora-51-2025-2","title":{"rendered":"MAPA \u2013 Mentalidade Criativa e Empreendedora \u2013 51\/2025"},"content":{"rendered":"<h1 class=\"product-title product_title entry-title\">MAPA \u2013 Mentalidade Criativa e Empreendedora \u2013 51\/2025<\/h1>\n<p><strong class=\"ng-scope\">Desenvolvendo Solu\u00e7\u00f5es Empreendedoras: O Caso de Jo\u00e3o e sua Livraria Comunit\u00e1ria<\/strong><\/p>\n<p>Introdu\u00e7\u00e3o ao Business Model Canvas (BMC):<br class=\"ng-scope\" \/>\u00a0O Business Model Canvas (BMC) \u00e9 uma ferramenta estrat\u00e9gica visual que auxilia empreendedores e gestores a planejar, desenvolver e estruturar um modelo de neg\u00f3cios de maneira pr\u00e1tica e eficiente. Criado por Alexander Osterwalder, o Canvas divide o neg\u00f3cio em 9 blocos principais, permitindo a visualiza\u00e7\u00e3o integrada de como a empresa cria, entrega e captura valor.<br \/>\nAo trabalhar com o\u00a0<strong>BMC<\/strong>, voc\u00ea ser\u00e1 capaz de alinhar a teoria aprendida com a pr\u00e1tica de empreender, aplicando o conceito de criatividade, inova\u00e7\u00e3o e gest\u00e3o estrat\u00e9gica.<\/p>\n<div class=\"ng-scope\">Fonte: ZUCCO, Alba; FERNANDES, Ciro\u00a0Ant\u00f4nio; BLANCO, Eduardo Anibal; BASSO, Fernanda Gisele; ESTIVAL,\u00a0Katianny Gomes Santana; CORCINO, Kevin Ferreira.\u00a0<strong>Mentalidade Criativa e Empreendedora<\/strong><a href=\"https:\/\/studeomapa.com\/product\/mapa-mentalidade-criativa-e-empreendedora-51-2025\/\">.<\/a> &#8211; Indaial, SC: Arqu\u00e9, 2023\u00a0(adaptado).<\/div>\n<p>&nbsp;<\/p>\n<div class=\"ng-scope\">\n<hr \/>\n<\/div>\n<p><br class=\"ng-scope\" \/><strong class=\"ng-scope\">Descri\u00e7\u00e3o do Problema:<\/strong><\/p>\n<div class=\"ng-scope\">Jo\u00e3o \u00e9 um jovem empreendedor apaixonado por leitura que vive em um bairro de classe m\u00e9dia com poucos espa\u00e7os culturais. Ap\u00f3s herdar um pequeno im\u00f3vel de sua fam\u00edlia, decidiu transform\u00e1-lo em uma livraria comunit\u00e1ria com espa\u00e7o para leitura, eventos liter\u00e1rios e atividades educativas para crian\u00e7as.<\/div>\n<p>Entretanto, Jo\u00e3o enfrenta desafios:<br class=\"ng-scope\" \/>\u00a0<br class=\"ng-scope\" \/>&#8211; H\u00e1 grandes livrarias online que oferecem livros a pre\u00e7os baixos.<br class=\"ng-scope\" \/>&#8211; O bairro possui poucos leitores ass\u00edduos, o que dificulta a cria\u00e7\u00e3o de uma base de clientes est\u00e1vel.<br class=\"ng-scope\" \/>&#8211; Jo\u00e3o possui recursos limitados e est\u00e1 incerto sobre como come\u00e7ar.<br class=\"ng-scope\" \/>&#8211; Jo\u00e3o quer criar um neg\u00f3cio sustent\u00e1vel que n\u00e3o apenas venda livros, mas tamb\u00e9m ofere\u00e7a um impacto social positivo na comunidade.<\/p>\n<p>Fonte: Elaborado pelo professor, 2025.<\/p>\n<p>\u200b<\/p>\n<div class=\"ng-scope\">\n<hr \/>\n<\/div>\n<p><strong class=\"ng-scope\">Tarefa:<\/strong><br class=\"ng-scope\" \/><br class=\"ng-scope\" \/><strong class=\"ng-scope\">Parte 1: Elaborar o Business Model Canvas (BMC)<\/strong><br class=\"ng-scope\" \/><br class=\"ng-scope\" \/>Com base nos conceitos de empreendedorismo, criatividade e planejamento apresentados na apostila, voc\u00ea ir\u00e1 completar os 9 blocos do Canvas para a livraria de Jo\u00e3o.<br class=\"ng-scope\" \/>Para isso basta preencher o quadro do BMC, que ser\u00e1 disponibilizado no formul\u00e1rio padr\u00e3o. Para cada item do bloco, ser\u00e1 necess\u00e1rio inserir 3 itens.<\/p>\n<div class=\"ng-scope\">1 &#8211; Proposta de Valor<br \/>\n2 &#8211; Segmentos de Clientes<br \/>\n3 &#8211; Canais<br \/>\n4 &#8211; Relacionamento com o Cliente<br \/>\n5 &#8211; Fontes de Receita<br \/>\n6 &#8211; Recursos-Chave<br \/>\n7 &#8211; Atividades-Chave<br \/>\n8 &#8211; Parcerias-Chave<br \/>\n9 &#8211; Estrutura de Custos<\/div>\n<p><strong class=\"ng-scope\">Parte 2: Justificar as decis\u00f5es tomadas<\/strong><br class=\"ng-scope\" \/><br class=\"ng-scope\" \/>Para cada bloco do <span style=\"color: #333333;\"><a style=\"color: #333333;\" href=\"https:\/\/atividademapa.com\">Canvas<\/a><\/span>, escreva um breve par\u00e1grafo justificando:<br class=\"ng-scope\" \/><br class=\"ng-scope\" \/>&#8211; Por que escolheu essa estrat\u00e9gia e como ela ajuda a resolver os desafios enfrentados por Jo\u00e3o?<\/p>\n<p>&nbsp;<\/p>\n<div class=\"ng-scope\">\n<hr \/>\n<\/div>\n<p><strong class=\"ng-scope\">Orienta\u00e7\u00f5es Adicionais:<\/strong><br class=\"ng-scope\" \/>Utilize exemplos pr\u00e1ticos discutidos na apostila, como estrat\u00e9gias de marketing digital, SEO, eventos comunit\u00e1rios e parcerias locais.<br class=\"ng-scope\" \/>Lembre-se de incorporar criatividade, como oferecer clubes de leitura ou eventos culturais para engajar a comunidade.<br class=\"ng-scope\" \/>Considere como Jo\u00e3o pode se diferenciar, por exemplo, criando um espa\u00e7o acolhedor, personalizado e que ofere\u00e7a experi\u00eancias \u00fanicas.<\/p>\n<div class=\"ng-scope\">\n<hr \/>\n<\/div>\n<p><strong class=\"ng-scope\">Dica ao Estudante:<\/strong><\/p>\n<div class=\"ng-scope\">Antes de come\u00e7ar, releia os conceitos apresentados na apostila sobre criatividade, empreendedorismo e planejamento. Pense como um empreendedor criativo: quais a\u00e7\u00f5es voc\u00ea tomaria no lugar de Jo\u00e3o para enfrentar os desafios e aproveitar as oportunidades?<\/div>\n<p>&#8230;&#8230;&#8230;&#8230;&#8230;&#8230;&#8230;&#8230;&#8230;&#8230;&#8230;&#8230;&#8230;&#8230;&#8230;.<br class=\"ng-scope\" \/><br class=\"ng-scope\" \/><strong class=\"ng-scope\">\u200bOrienta\u00e7\u00f5es Gerais:<\/strong><br class=\"ng-scope\" \/><br class=\"ng-scope\" \/>&#8211; Para esta atividade, voc\u00ea dever\u00e1 utilizar o formul\u00e1rio padr\u00e3o que est\u00e1 dispon\u00edvel no \u00edcone \u201cMaterial da Disciplina\u201d.<br class=\"ng-scope\" \/>&#8211; Considere as orienta\u00e7\u00f5es para a atividade MAPA, acessando o link do v\u00eddeo explicativo.<br class=\"ng-scope\" \/>&#8211; N\u00e3o se esque\u00e7a de que este \u00e9 um trabalho acad\u00eamico, assim sendo, observe as Normas ABNT.<br class=\"ng-scope\" \/>&#8211; Aten\u00e7\u00e3o: se identificado pl\u00e1gio (c\u00f3pia indevida de textos pesquisados, ou c\u00f3pia textual entre colegas) a atividade poder\u00e1 ser zerada.<br class=\"ng-scope\" \/>&#8211; Anexe o arquivo no campo de resposta da atividade MAPA, clicando sobre o bot\u00e3o Selecionar arquivo.<br class=\"ng-scope\" \/>&#8211; Ap\u00f3s anexar o arquivo, certificar-se que se trata do arquivo correto, clique no bot\u00e3o Responder e, posteriormente, em Finalizar Question\u00e1rio (ap\u00f3s &#8220;Finalizar o Question\u00e1rio&#8221;, n\u00e3o ser\u00e1 poss\u00edvel reenviar a atividade ou realizar qualquer modifica\u00e7\u00e3o no arquivo enviado).<br class=\"ng-scope\" \/>&#8211; Tendo d\u00favidas, n\u00e3o deixe de encaminh\u00e1-las por meio do &#8220;fale com o mediador&#8221;<br class=\"ng-scope\" \/><br class=\"ng-scope\" \/><strong class=\"ng-scope\">\u200bBons estudos!<\/strong><\/p>\n","protected":false},"excerpt":{"rendered":"<p>MAPA \u2013 Mentalidade Criativa e Empreendedora \u2013 51\/2025 Desenvolvendo Solu\u00e7\u00f5es Empreendedoras: O Caso de Jo\u00e3o e sua Livraria Comunit\u00e1ria Introdu\u00e7\u00e3o<\/p>\n","protected":false},"featured_media":2326,"template":"","meta":{"_monsterinsights_skip_tracking":false,"_monsterinsights_sitenote_active":false,"_monsterinsights_sitenote_note":"","_monsterinsights_sitenote_category":0},"product_brand":[],"product_cat":[31],"product_tag":[],"class_list":{"0":"post-5173","1":"product","2":"type-product","3":"status-publish","4":"has-post-thumbnail","6":"product_cat-farmacia","8":"first","9":"instock","10":"downloadable","11":"virtual","12":"purchasable","13":"product-type-simple"},"yoast_head":"<!-- This site is optimized with the Yoast SEO plugin v27.4 - https:\/\/yoast.com\/product\/yoast-seo-wordpress\/ -->\n<title>MAPA \u2013 Mentalidade Criativa e Empreendedora \u2013 51\/2025<\/title>\n<meta name=\"description\" content=\"Atividade MAPA \u2013 Mentalidade Criativa e Empreendedora \u2013 51\/2025 &#8902; Unicesumar. Baixe agora mesmo um Mapa Pronto resolvido!\" \/>\n<meta name=\"robots\" content=\"index, follow, max-snippet:-1, max-image-preview:large, max-video-preview:-1\" \/>\n<link rel=\"canonical\" href=\"https:\/\/atividademapa.com\/?product=mapa-mentalidade-criativa-e-empreendedora-51-2025-2\" \/>\n<meta property=\"og:locale\" content=\"pt_BR\" \/>\n<meta property=\"og:type\" content=\"article\" \/>\n<meta property=\"og:title\" content=\"MAPA \u2013 Mentalidade Criativa e Empreendedora \u2013 51\/2025\" \/>\n<meta property=\"og:description\" content=\"Atividade MAPA \u2013 Mentalidade Criativa e Empreendedora \u2013 51\/2025 &#8902; Unicesumar. Baixe agora mesmo um Mapa Pronto resolvido!\" \/>\n<meta property=\"og:url\" content=\"https:\/\/atividademapa.com\/?product=mapa-mentalidade-criativa-e-empreendedora-51-2025-2\" \/>\n<meta property=\"og:site_name\" content=\"Atividade Mapa\" \/>\n<meta property=\"article:modified_time\" content=\"2025-02-26T02:58:33+00:00\" \/>\n<meta property=\"og:image\" content=\"https:\/\/i0.wp.com\/atividademapa.com\/wp-content\/uploads\/2023\/03\/Atividade-M.A.P.A-3.png?fit=300%2C300&ssl=1\" \/>\n\t<meta property=\"og:image:width\" content=\"300\" \/>\n\t<meta property=\"og:image:height\" content=\"300\" \/>\n\t<meta property=\"og:image:type\" content=\"image\/png\" \/>\n<meta name=\"twitter:card\" content=\"summary_large_image\" \/>\n<meta name=\"twitter:label1\" content=\"Est. tempo de leitura\" \/>\n\t<meta name=\"twitter:data1\" content=\"3 minutos\" \/>\n<script type=\"application\/ld+json\" class=\"yoast-schema-graph\">{\"@context\":\"https:\\\/\\\/schema.org\",\"@graph\":[{\"@type\":\"WebPage\",\"@id\":\"https:\\\/\\\/atividademapa.com\\\/?product=mapa-mentalidade-criativa-e-empreendedora-51-2025-2\",\"url\":\"https:\\\/\\\/atividademapa.com\\\/?product=mapa-mentalidade-criativa-e-empreendedora-51-2025-2\",\"name\":\"MAPA \u2013 Mentalidade Criativa e Empreendedora \u2013 51\\\/2025\",\"isPartOf\":{\"@id\":\"https:\\\/\\\/atividademapa.com\\\/#website\"},\"primaryImageOfPage\":{\"@id\":\"https:\\\/\\\/atividademapa.com\\\/?product=mapa-mentalidade-criativa-e-empreendedora-51-2025-2#primaryimage\"},\"image\":{\"@id\":\"https:\\\/\\\/atividademapa.com\\\/?product=mapa-mentalidade-criativa-e-empreendedora-51-2025-2#primaryimage\"},\"thumbnailUrl\":\"https:\\\/\\\/i0.wp.com\\\/atividademapa.com\\\/wp-content\\\/uploads\\\/2023\\\/03\\\/Atividade-M.A.P.A-3.png?fit=300%2C300&ssl=1\",\"datePublished\":\"2025-01-21T18:44:40+00:00\",\"dateModified\":\"2025-02-26T02:58:33+00:00\",\"description\":\"Atividade MAPA \u2013 Mentalidade Criativa e Empreendedora \u2013 51\\\/2025 &#8902; Unicesumar. Baixe agora mesmo um Mapa Pronto resolvido!\",\"breadcrumb\":{\"@id\":\"https:\\\/\\\/atividademapa.com\\\/?product=mapa-mentalidade-criativa-e-empreendedora-51-2025-2#breadcrumb\"},\"inLanguage\":\"pt-BR\",\"potentialAction\":[{\"@type\":\"ReadAction\",\"target\":[\"https:\\\/\\\/atividademapa.com\\\/?product=mapa-mentalidade-criativa-e-empreendedora-51-2025-2\"]}]},{\"@type\":\"ImageObject\",\"inLanguage\":\"pt-BR\",\"@id\":\"https:\\\/\\\/atividademapa.com\\\/?product=mapa-mentalidade-criativa-e-empreendedora-51-2025-2#primaryimage\",\"url\":\"https:\\\/\\\/i0.wp.com\\\/atividademapa.com\\\/wp-content\\\/uploads\\\/2023\\\/03\\\/Atividade-M.A.P.A-3.png?fit=300%2C300&ssl=1\",\"contentUrl\":\"https:\\\/\\\/i0.wp.com\\\/atividademapa.com\\\/wp-content\\\/uploads\\\/2023\\\/03\\\/Atividade-M.A.P.A-3.png?fit=300%2C300&ssl=1\",\"width\":300,\"height\":300,\"caption\":\"Mapa Unicesumar Atividade\"},{\"@type\":\"BreadcrumbList\",\"@id\":\"https:\\\/\\\/atividademapa.com\\\/?product=mapa-mentalidade-criativa-e-empreendedora-51-2025-2#breadcrumb\",\"itemListElement\":[{\"@type\":\"ListItem\",\"position\":1,\"name\":\"In\u00edcio\",\"item\":\"https:\\\/\\\/atividademapa.com\\\/\"},{\"@type\":\"ListItem\",\"position\":2,\"name\":\"MAPAS\",\"item\":\"https:\\\/\\\/atividademapa.com\\\/?page_id=5\"},{\"@type\":\"ListItem\",\"position\":3,\"name\":\"MAPA \u2013 Mentalidade Criativa e Empreendedora \u2013 51\\\/2025\"}]},{\"@type\":\"WebSite\",\"@id\":\"https:\\\/\\\/atividademapa.com\\\/#website\",\"url\":\"https:\\\/\\\/atividademapa.com\\\/\",\"name\":\"Atividade Mapa\",\"description\":\"StudeO | Unicesumar\",\"publisher\":{\"@id\":\"https:\\\/\\\/atividademapa.com\\\/#organization\"},\"potentialAction\":[{\"@type\":\"SearchAction\",\"target\":{\"@type\":\"EntryPoint\",\"urlTemplate\":\"https:\\\/\\\/atividademapa.com\\\/?s={search_term_string}\"},\"query-input\":{\"@type\":\"PropertyValueSpecification\",\"valueRequired\":true,\"valueName\":\"search_term_string\"}}],\"inLanguage\":\"pt-BR\"},{\"@type\":\"Organization\",\"@id\":\"https:\\\/\\\/atividademapa.com\\\/#organization\",\"name\":\"Atividade MAPA\",\"url\":\"https:\\\/\\\/atividademapa.com\\\/\",\"logo\":{\"@type\":\"ImageObject\",\"inLanguage\":\"pt-BR\",\"@id\":\"https:\\\/\\\/atividademapa.com\\\/#\\\/schema\\\/logo\\\/image\\\/\",\"url\":\"https:\\\/\\\/i0.wp.com\\\/atividademapa.com\\\/wp-content\\\/uploads\\\/2023\\\/02\\\/ATIVIDADE.png?fit=600%2C300&ssl=1\",\"contentUrl\":\"https:\\\/\\\/i0.wp.com\\\/atividademapa.com\\\/wp-content\\\/uploads\\\/2023\\\/02\\\/ATIVIDADE.png?fit=600%2C300&ssl=1\",\"width\":600,\"height\":300,\"caption\":\"Atividade MAPA\"},\"image\":{\"@id\":\"https:\\\/\\\/atividademapa.com\\\/#\\\/schema\\\/logo\\\/image\\\/\"}}]}<\/script>\n<!-- \/ Yoast SEO plugin. -->","yoast_head_json":{"title":"MAPA \u2013 Mentalidade Criativa e Empreendedora \u2013 51\/2025","description":"Atividade MAPA \u2013 Mentalidade Criativa e Empreendedora \u2013 51\/2025 &#8902; Unicesumar. Baixe agora mesmo um Mapa Pronto resolvido!","robots":{"index":"index","follow":"follow","max-snippet":"max-snippet:-1","max-image-preview":"max-image-preview:large","max-video-preview":"max-video-preview:-1"},"canonical":"https:\/\/atividademapa.com\/?product=mapa-mentalidade-criativa-e-empreendedora-51-2025-2","og_locale":"pt_BR","og_type":"article","og_title":"MAPA \u2013 Mentalidade Criativa e Empreendedora \u2013 51\/2025","og_description":"Atividade MAPA \u2013 Mentalidade Criativa e Empreendedora \u2013 51\/2025 &#8902; Unicesumar. Baixe agora mesmo um Mapa Pronto resolvido!","og_url":"https:\/\/atividademapa.com\/?product=mapa-mentalidade-criativa-e-empreendedora-51-2025-2","og_site_name":"Atividade Mapa","article_modified_time":"2025-02-26T02:58:33+00:00","og_image":[{"width":300,"height":300,"url":"https:\/\/i0.wp.com\/atividademapa.com\/wp-content\/uploads\/2023\/03\/Atividade-M.A.P.A-3.png?fit=300%2C300&ssl=1","type":"image\/png"}],"twitter_card":"summary_large_image","twitter_misc":{"Est. tempo de leitura":"3 minutos"},"schema":{"@context":"https:\/\/schema.org","@graph":[{"@type":"WebPage","@id":"https:\/\/atividademapa.com\/?product=mapa-mentalidade-criativa-e-empreendedora-51-2025-2","url":"https:\/\/atividademapa.com\/?product=mapa-mentalidade-criativa-e-empreendedora-51-2025-2","name":"MAPA \u2013 Mentalidade Criativa e Empreendedora \u2013 51\/2025","isPartOf":{"@id":"https:\/\/atividademapa.com\/#website"},"primaryImageOfPage":{"@id":"https:\/\/atividademapa.com\/?product=mapa-mentalidade-criativa-e-empreendedora-51-2025-2#primaryimage"},"image":{"@id":"https:\/\/atividademapa.com\/?product=mapa-mentalidade-criativa-e-empreendedora-51-2025-2#primaryimage"},"thumbnailUrl":"https:\/\/i0.wp.com\/atividademapa.com\/wp-content\/uploads\/2023\/03\/Atividade-M.A.P.A-3.png?fit=300%2C300&ssl=1","datePublished":"2025-01-21T18:44:40+00:00","dateModified":"2025-02-26T02:58:33+00:00","description":"Atividade MAPA \u2013 Mentalidade Criativa e Empreendedora \u2013 51\/2025 &#8902; Unicesumar. Baixe agora mesmo um Mapa Pronto resolvido!","breadcrumb":{"@id":"https:\/\/atividademapa.com\/?product=mapa-mentalidade-criativa-e-empreendedora-51-2025-2#breadcrumb"},"inLanguage":"pt-BR","potentialAction":[{"@type":"ReadAction","target":["https:\/\/atividademapa.com\/?product=mapa-mentalidade-criativa-e-empreendedora-51-2025-2"]}]},{"@type":"ImageObject","inLanguage":"pt-BR","@id":"https:\/\/atividademapa.com\/?product=mapa-mentalidade-criativa-e-empreendedora-51-2025-2#primaryimage","url":"https:\/\/i0.wp.com\/atividademapa.com\/wp-content\/uploads\/2023\/03\/Atividade-M.A.P.A-3.png?fit=300%2C300&ssl=1","contentUrl":"https:\/\/i0.wp.com\/atividademapa.com\/wp-content\/uploads\/2023\/03\/Atividade-M.A.P.A-3.png?fit=300%2C300&ssl=1","width":300,"height":300,"caption":"Mapa Unicesumar Atividade"},{"@type":"BreadcrumbList","@id":"https:\/\/atividademapa.com\/?product=mapa-mentalidade-criativa-e-empreendedora-51-2025-2#breadcrumb","itemListElement":[{"@type":"ListItem","position":1,"name":"In\u00edcio","item":"https:\/\/atividademapa.com\/"},{"@type":"ListItem","position":2,"name":"MAPAS","item":"https:\/\/atividademapa.com\/?page_id=5"},{"@type":"ListItem","position":3,"name":"MAPA \u2013 Mentalidade Criativa e Empreendedora \u2013 51\/2025"}]},{"@type":"WebSite","@id":"https:\/\/atividademapa.com\/#website","url":"https:\/\/atividademapa.com\/","name":"Atividade Mapa","description":"StudeO | Unicesumar","publisher":{"@id":"https:\/\/atividademapa.com\/#organization"},"potentialAction":[{"@type":"SearchAction","target":{"@type":"EntryPoint","urlTemplate":"https:\/\/atividademapa.com\/?s={search_term_string}"},"query-input":{"@type":"PropertyValueSpecification","valueRequired":true,"valueName":"search_term_string"}}],"inLanguage":"pt-BR"},{"@type":"Organization","@id":"https:\/\/atividademapa.com\/#organization","name":"Atividade MAPA","url":"https:\/\/atividademapa.com\/","logo":{"@type":"ImageObject","inLanguage":"pt-BR","@id":"https:\/\/atividademapa.com\/#\/schema\/logo\/image\/","url":"https:\/\/i0.wp.com\/atividademapa.com\/wp-content\/uploads\/2023\/02\/ATIVIDADE.png?fit=600%2C300&ssl=1","contentUrl":"https:\/\/i0.wp.com\/atividademapa.com\/wp-content\/uploads\/2023\/02\/ATIVIDADE.png?fit=600%2C300&ssl=1","width":600,"height":300,"caption":"Atividade MAPA"},"image":{"@id":"https:\/\/atividademapa.com\/#\/schema\/logo\/image\/"}}]}},"_links":{"self":[{"href":"https:\/\/atividademapa.com\/index.php?rest_route=\/wp\/v2\/product\/5173","targetHints":{"allow":["GET"]}}],"collection":[{"href":"https:\/\/atividademapa.com\/index.php?rest_route=\/wp\/v2\/product"}],"about":[{"href":"https:\/\/atividademapa.com\/index.php?rest_route=\/wp\/v2\/types\/product"}],"version-history":[{"count":6,"href":"https:\/\/atividademapa.com\/index.php?rest_route=\/wp\/v2\/product\/5173\/revisions"}],"predecessor-version":[{"id":5243,"href":"https:\/\/atividademapa.com\/index.php?rest_route=\/wp\/v2\/product\/5173\/revisions\/5243"}],"wp:featuredmedia":[{"embeddable":true,"href":"https:\/\/atividademapa.com\/index.php?rest_route=\/wp\/v2\/media\/2326"}],"wp:attachment":[{"href":"https:\/\/atividademapa.com\/index.php?rest_route=%2Fwp%2Fv2%2Fmedia&parent=5173"}],"wp:term":[{"taxonomy":"product_brand","embeddable":true,"href":"https:\/\/atividademapa.com\/index.php?rest_route=%2Fwp%2Fv2%2Fproduct_brand&post=5173"},{"taxonomy":"product_cat","embeddable":true,"href":"https:\/\/atividademapa.com\/index.php?rest_route=%2Fwp%2Fv2%2Fproduct_cat&post=5173"},{"taxonomy":"product_tag","embeddable":true,"href":"https:\/\/atividademapa.com\/index.php?rest_route=%2Fwp%2Fv2%2Fproduct_tag&post=5173"}],"curies":[{"name":"wp","href":"https:\/\/api.w.org\/{rel}","templated":true}]}}