{"id":5179,"date":"2025-01-21T15:50:18","date_gmt":"2025-01-21T18:50:18","guid":{"rendered":"https:\/\/atividademapa.com\/?post_type=product&#038;p=5179"},"modified":"2025-04-11T21:56:36","modified_gmt":"2025-04-12T00:56:36","slug":"mapa-fundamentos-de-marketing-51-2025","status":"publish","type":"product","link":"https:\/\/atividademapa.com\/?product=mapa-fundamentos-de-marketing-51-2025","title":{"rendered":"MAPA \u2013 Fundamentos de Marketing- 51\/2025"},"content":{"rendered":"<p>Quest\u00e3o 1<br \/>\n&#8220;As for\u00e7as motrizes respons\u00e1veis pelo boom da log\u00edstica reversa s\u00e3o a escassez dos recursos naturais, a legisla\u00e7\u00e3o verde, o reconhecimento do valor do fluxo reverso, o e-business, a boa imagem, o relacionamento com o cliente e o sistema de informa\u00e7\u00e3o (Jayaraman &amp; Luo, 2007). Por consequ\u00eancia, a log\u00edstica reversa \u00e9 um processo importante, uma vez que possibilita agregar valor \u00e0 empresa. Sua gest\u00e3o eficaz possibilita alavancar uma vantagem competitiva sustent\u00e1vel, aumentar os lucros, cortar custos, aumentar a satisfa\u00e7\u00e3o dos clientes e melhorar os processos internos (Tibben-Lembke, 2002; Smith, 2005).<\/p>\n<p>Entretanto, para se tornar eficaz, a cadeia de suprimentos reversa deve ser medida. Isso se alinha ao entendimento de Song &amp; Hong (2008), para os quais a mensura\u00e7\u00e3o de desempenho \u00e9 fundamental para o sucesso dos neg\u00f3cios. A primeira condi\u00e7\u00e3o para melhorar e alcan\u00e7ar a excel\u00eancia empresarial \u00e9 desenvolver e implementar um sistema de mensura\u00e7\u00e3o de desempenho para, assim, quantificar a efici\u00eancia e a efic\u00e1cia das a\u00e7\u00f5es (Neely, 2002).<\/p>\n<p>Ainda, para complementar a literatura comenta que, apesar de a log\u00edstica reversa desempenhar um papel importante na log\u00edstica, a literatura raramente discute o seu desempenho. Segundo Shaik &amp; Abdul-Kader (2012), o conceito da log\u00edstica reversa \u00e9 relativamente novo e, por isso, poucas estruturas e medidas foram desenvolvidas para avaliar o seu desempenho&#8221; (Fernandes et al., 2018, p. 175-176).<\/p>\n<p>Fonte: FERNANDES, S. M. et al. Revis\u00e3o Sistem\u00e1tica da Literatura sobre as Formas de Mensura\u00e7\u00e3o do Desempenho da Log\u00edstica Reversa. Gest\u00e3o de Produ\u00e7\u00e3o, S\u00e3o Carlos, v. 25, n. 1, p. 175-190, 2018.<\/p>\n<p>Objetivando observar as mudan\u00e7as de mercado em busca de oportunidades, os profissionais de marketing precisam, constantemente, de informa\u00e7\u00f5es que os ajudar\u00e3o a desempenhar as suas atividades de planejamento, organiza\u00e7\u00e3o, dire\u00e7\u00e3o e controle.<\/p>\n<p>Nem sempre os profissionais encontrar\u00e3o, em outras institui\u00e7\u00f5es, os dados necess\u00e1rios para ajud\u00e1-los nas suas atividades. Nesse caso, obter os seus pr\u00f3prios dados se torna o caminho mais vi\u00e1vel. Uma das ferramentas mais apropriadas para a obten\u00e7\u00e3o de dados \u00e9 a pesquisa de marketing.<\/p>\n<p>Fonte: VIEIRA, M. C.; BLANCO, T. H M. Fundamentos de Marketing. Maring\u00e1: UniCesumar, 2022.<\/p>\n<p>Portanto, com base no texto apresentado, no livro da disciplina e nas aulas conceituais e ao vivo, responda ao que \u00e9 solicitado a seguir:<\/p>\n<p>a) Explique como a pesquisa de marketing pode ser entendida e aplicada na Log\u00edstica.<\/p>\n<p>b) Apresente e descreva os dois grupos de pesquisa de marketing segundo Malhotra (2019).<\/p>\n<p>c) Com base na pesquisa para solu\u00e7\u00e3o de problemas em distribui\u00e7\u00e3o, explique qual \u00e9 a rela\u00e7\u00e3o da localiza\u00e7\u00e3o dos pontos de vendas com a necessidade de realizar a log\u00edstica reversa.<\/p>\n","protected":false},"excerpt":{"rendered":"<p>Quest\u00e3o 1 &#8220;As for\u00e7as motrizes respons\u00e1veis pelo boom da log\u00edstica reversa s\u00e3o a escassez dos recursos naturais, a legisla\u00e7\u00e3o verde,<\/p>\n","protected":false},"featured_media":2326,"template":"","meta":{"_monsterinsights_skip_tracking":false,"_monsterinsights_sitenote_active":false,"_monsterinsights_sitenote_note":"","_monsterinsights_sitenote_category":0},"product_brand":[],"product_cat":[32],"product_tag":[],"class_list":{"0":"post-5179","1":"product","2":"type-product","3":"status-publish","4":"has-post-thumbnail","6":"product_cat-logistica","8":"first","9":"instock","10":"downloadable","11":"virtual","12":"purchasable","13":"product-type-simple"},"yoast_head":"<!-- This site is optimized with the Yoast SEO plugin v27.4 - https:\/\/yoast.com\/product\/yoast-seo-wordpress\/ -->\n<title>MAPA \u2013 Fundamentos de Marketing- 51\/2025<\/title>\n<meta name=\"description\" content=\"Atividade MAPA \u2013 Fundamentos de Marketing- 51\/2025 &#8902; Unicesumar. Baixe agora mesmo um Mapa Pronto resolvido!\" \/>\n<meta name=\"robots\" content=\"index, follow, max-snippet:-1, max-image-preview:large, max-video-preview:-1\" \/>\n<link rel=\"canonical\" href=\"https:\/\/atividademapa.com\/?product=mapa-fundamentos-de-marketing-51-2025\" \/>\n<meta property=\"og:locale\" content=\"pt_BR\" \/>\n<meta property=\"og:type\" content=\"article\" \/>\n<meta property=\"og:title\" content=\"MAPA \u2013 Fundamentos de Marketing- 51\/2025\" \/>\n<meta property=\"og:description\" content=\"Atividade MAPA \u2013 Fundamentos de Marketing- 51\/2025 &#8902; Unicesumar. Baixe agora mesmo um Mapa Pronto resolvido!\" \/>\n<meta property=\"og:url\" content=\"https:\/\/atividademapa.com\/?product=mapa-fundamentos-de-marketing-51-2025\" \/>\n<meta property=\"og:site_name\" content=\"Atividade Mapa\" \/>\n<meta property=\"article:modified_time\" content=\"2025-04-12T00:56:36+00:00\" \/>\n<meta property=\"og:image\" content=\"https:\/\/i0.wp.com\/atividademapa.com\/wp-content\/uploads\/2023\/03\/Atividade-M.A.P.A-3.png?fit=300%2C300&ssl=1\" \/>\n\t<meta property=\"og:image:width\" content=\"300\" \/>\n\t<meta property=\"og:image:height\" content=\"300\" \/>\n\t<meta property=\"og:image:type\" content=\"image\/png\" \/>\n<meta name=\"twitter:card\" content=\"summary_large_image\" \/>\n<meta name=\"twitter:label1\" content=\"Est. tempo de leitura\" \/>\n\t<meta name=\"twitter:data1\" content=\"2 minutos\" \/>\n<script type=\"application\/ld+json\" class=\"yoast-schema-graph\">{\"@context\":\"https:\\\/\\\/schema.org\",\"@graph\":[{\"@type\":\"WebPage\",\"@id\":\"https:\\\/\\\/atividademapa.com\\\/?product=mapa-fundamentos-de-marketing-51-2025\",\"url\":\"https:\\\/\\\/atividademapa.com\\\/?product=mapa-fundamentos-de-marketing-51-2025\",\"name\":\"MAPA \u2013 Fundamentos de Marketing- 51\\\/2025\",\"isPartOf\":{\"@id\":\"https:\\\/\\\/atividademapa.com\\\/#website\"},\"primaryImageOfPage\":{\"@id\":\"https:\\\/\\\/atividademapa.com\\\/?product=mapa-fundamentos-de-marketing-51-2025#primaryimage\"},\"image\":{\"@id\":\"https:\\\/\\\/atividademapa.com\\\/?product=mapa-fundamentos-de-marketing-51-2025#primaryimage\"},\"thumbnailUrl\":\"https:\\\/\\\/i0.wp.com\\\/atividademapa.com\\\/wp-content\\\/uploads\\\/2023\\\/03\\\/Atividade-M.A.P.A-3.png?fit=300%2C300&ssl=1\",\"datePublished\":\"2025-01-21T18:50:18+00:00\",\"dateModified\":\"2025-04-12T00:56:36+00:00\",\"description\":\"Atividade MAPA \u2013 Fundamentos de Marketing- 51\\\/2025 &#8902; Unicesumar. Baixe agora mesmo um Mapa Pronto resolvido!\",\"breadcrumb\":{\"@id\":\"https:\\\/\\\/atividademapa.com\\\/?product=mapa-fundamentos-de-marketing-51-2025#breadcrumb\"},\"inLanguage\":\"pt-BR\",\"potentialAction\":[{\"@type\":\"ReadAction\",\"target\":[\"https:\\\/\\\/atividademapa.com\\\/?product=mapa-fundamentos-de-marketing-51-2025\"]}]},{\"@type\":\"ImageObject\",\"inLanguage\":\"pt-BR\",\"@id\":\"https:\\\/\\\/atividademapa.com\\\/?product=mapa-fundamentos-de-marketing-51-2025#primaryimage\",\"url\":\"https:\\\/\\\/i0.wp.com\\\/atividademapa.com\\\/wp-content\\\/uploads\\\/2023\\\/03\\\/Atividade-M.A.P.A-3.png?fit=300%2C300&ssl=1\",\"contentUrl\":\"https:\\\/\\\/i0.wp.com\\\/atividademapa.com\\\/wp-content\\\/uploads\\\/2023\\\/03\\\/Atividade-M.A.P.A-3.png?fit=300%2C300&ssl=1\",\"width\":300,\"height\":300,\"caption\":\"Mapa Unicesumar Atividade\"},{\"@type\":\"BreadcrumbList\",\"@id\":\"https:\\\/\\\/atividademapa.com\\\/?product=mapa-fundamentos-de-marketing-51-2025#breadcrumb\",\"itemListElement\":[{\"@type\":\"ListItem\",\"position\":1,\"name\":\"In\u00edcio\",\"item\":\"https:\\\/\\\/atividademapa.com\\\/\"},{\"@type\":\"ListItem\",\"position\":2,\"name\":\"MAPAS\",\"item\":\"https:\\\/\\\/atividademapa.com\\\/?page_id=5\"},{\"@type\":\"ListItem\",\"position\":3,\"name\":\"MAPA \u2013 Fundamentos de Marketing- 51\\\/2025\"}]},{\"@type\":\"WebSite\",\"@id\":\"https:\\\/\\\/atividademapa.com\\\/#website\",\"url\":\"https:\\\/\\\/atividademapa.com\\\/\",\"name\":\"Atividade Mapa\",\"description\":\"StudeO | Unicesumar\",\"publisher\":{\"@id\":\"https:\\\/\\\/atividademapa.com\\\/#organization\"},\"potentialAction\":[{\"@type\":\"SearchAction\",\"target\":{\"@type\":\"EntryPoint\",\"urlTemplate\":\"https:\\\/\\\/atividademapa.com\\\/?s={search_term_string}\"},\"query-input\":{\"@type\":\"PropertyValueSpecification\",\"valueRequired\":true,\"valueName\":\"search_term_string\"}}],\"inLanguage\":\"pt-BR\"},{\"@type\":\"Organization\",\"@id\":\"https:\\\/\\\/atividademapa.com\\\/#organization\",\"name\":\"Atividade MAPA\",\"url\":\"https:\\\/\\\/atividademapa.com\\\/\",\"logo\":{\"@type\":\"ImageObject\",\"inLanguage\":\"pt-BR\",\"@id\":\"https:\\\/\\\/atividademapa.com\\\/#\\\/schema\\\/logo\\\/image\\\/\",\"url\":\"https:\\\/\\\/i0.wp.com\\\/atividademapa.com\\\/wp-content\\\/uploads\\\/2023\\\/02\\\/ATIVIDADE.png?fit=600%2C300&ssl=1\",\"contentUrl\":\"https:\\\/\\\/i0.wp.com\\\/atividademapa.com\\\/wp-content\\\/uploads\\\/2023\\\/02\\\/ATIVIDADE.png?fit=600%2C300&ssl=1\",\"width\":600,\"height\":300,\"caption\":\"Atividade MAPA\"},\"image\":{\"@id\":\"https:\\\/\\\/atividademapa.com\\\/#\\\/schema\\\/logo\\\/image\\\/\"}}]}<\/script>\n<!-- \/ Yoast SEO plugin. -->","yoast_head_json":{"title":"MAPA \u2013 Fundamentos de Marketing- 51\/2025","description":"Atividade MAPA \u2013 Fundamentos de Marketing- 51\/2025 &#8902; Unicesumar. Baixe agora mesmo um Mapa Pronto resolvido!","robots":{"index":"index","follow":"follow","max-snippet":"max-snippet:-1","max-image-preview":"max-image-preview:large","max-video-preview":"max-video-preview:-1"},"canonical":"https:\/\/atividademapa.com\/?product=mapa-fundamentos-de-marketing-51-2025","og_locale":"pt_BR","og_type":"article","og_title":"MAPA \u2013 Fundamentos de Marketing- 51\/2025","og_description":"Atividade MAPA \u2013 Fundamentos de Marketing- 51\/2025 &#8902; Unicesumar. Baixe agora mesmo um Mapa Pronto resolvido!","og_url":"https:\/\/atividademapa.com\/?product=mapa-fundamentos-de-marketing-51-2025","og_site_name":"Atividade Mapa","article_modified_time":"2025-04-12T00:56:36+00:00","og_image":[{"width":300,"height":300,"url":"https:\/\/i0.wp.com\/atividademapa.com\/wp-content\/uploads\/2023\/03\/Atividade-M.A.P.A-3.png?fit=300%2C300&ssl=1","type":"image\/png"}],"twitter_card":"summary_large_image","twitter_misc":{"Est. tempo de leitura":"2 minutos"},"schema":{"@context":"https:\/\/schema.org","@graph":[{"@type":"WebPage","@id":"https:\/\/atividademapa.com\/?product=mapa-fundamentos-de-marketing-51-2025","url":"https:\/\/atividademapa.com\/?product=mapa-fundamentos-de-marketing-51-2025","name":"MAPA \u2013 Fundamentos de Marketing- 51\/2025","isPartOf":{"@id":"https:\/\/atividademapa.com\/#website"},"primaryImageOfPage":{"@id":"https:\/\/atividademapa.com\/?product=mapa-fundamentos-de-marketing-51-2025#primaryimage"},"image":{"@id":"https:\/\/atividademapa.com\/?product=mapa-fundamentos-de-marketing-51-2025#primaryimage"},"thumbnailUrl":"https:\/\/i0.wp.com\/atividademapa.com\/wp-content\/uploads\/2023\/03\/Atividade-M.A.P.A-3.png?fit=300%2C300&ssl=1","datePublished":"2025-01-21T18:50:18+00:00","dateModified":"2025-04-12T00:56:36+00:00","description":"Atividade MAPA \u2013 Fundamentos de Marketing- 51\/2025 &#8902; Unicesumar. Baixe agora mesmo um Mapa Pronto resolvido!","breadcrumb":{"@id":"https:\/\/atividademapa.com\/?product=mapa-fundamentos-de-marketing-51-2025#breadcrumb"},"inLanguage":"pt-BR","potentialAction":[{"@type":"ReadAction","target":["https:\/\/atividademapa.com\/?product=mapa-fundamentos-de-marketing-51-2025"]}]},{"@type":"ImageObject","inLanguage":"pt-BR","@id":"https:\/\/atividademapa.com\/?product=mapa-fundamentos-de-marketing-51-2025#primaryimage","url":"https:\/\/i0.wp.com\/atividademapa.com\/wp-content\/uploads\/2023\/03\/Atividade-M.A.P.A-3.png?fit=300%2C300&ssl=1","contentUrl":"https:\/\/i0.wp.com\/atividademapa.com\/wp-content\/uploads\/2023\/03\/Atividade-M.A.P.A-3.png?fit=300%2C300&ssl=1","width":300,"height":300,"caption":"Mapa Unicesumar Atividade"},{"@type":"BreadcrumbList","@id":"https:\/\/atividademapa.com\/?product=mapa-fundamentos-de-marketing-51-2025#breadcrumb","itemListElement":[{"@type":"ListItem","position":1,"name":"In\u00edcio","item":"https:\/\/atividademapa.com\/"},{"@type":"ListItem","position":2,"name":"MAPAS","item":"https:\/\/atividademapa.com\/?page_id=5"},{"@type":"ListItem","position":3,"name":"MAPA \u2013 Fundamentos de Marketing- 51\/2025"}]},{"@type":"WebSite","@id":"https:\/\/atividademapa.com\/#website","url":"https:\/\/atividademapa.com\/","name":"Atividade Mapa","description":"StudeO | Unicesumar","publisher":{"@id":"https:\/\/atividademapa.com\/#organization"},"potentialAction":[{"@type":"SearchAction","target":{"@type":"EntryPoint","urlTemplate":"https:\/\/atividademapa.com\/?s={search_term_string}"},"query-input":{"@type":"PropertyValueSpecification","valueRequired":true,"valueName":"search_term_string"}}],"inLanguage":"pt-BR"},{"@type":"Organization","@id":"https:\/\/atividademapa.com\/#organization","name":"Atividade MAPA","url":"https:\/\/atividademapa.com\/","logo":{"@type":"ImageObject","inLanguage":"pt-BR","@id":"https:\/\/atividademapa.com\/#\/schema\/logo\/image\/","url":"https:\/\/i0.wp.com\/atividademapa.com\/wp-content\/uploads\/2023\/02\/ATIVIDADE.png?fit=600%2C300&ssl=1","contentUrl":"https:\/\/i0.wp.com\/atividademapa.com\/wp-content\/uploads\/2023\/02\/ATIVIDADE.png?fit=600%2C300&ssl=1","width":600,"height":300,"caption":"Atividade MAPA"},"image":{"@id":"https:\/\/atividademapa.com\/#\/schema\/logo\/image\/"}}]}},"_links":{"self":[{"href":"https:\/\/atividademapa.com\/index.php?rest_route=\/wp\/v2\/product\/5179","targetHints":{"allow":["GET"]}}],"collection":[{"href":"https:\/\/atividademapa.com\/index.php?rest_route=\/wp\/v2\/product"}],"about":[{"href":"https:\/\/atividademapa.com\/index.php?rest_route=\/wp\/v2\/types\/product"}],"version-history":[{"count":3,"href":"https:\/\/atividademapa.com\/index.php?rest_route=\/wp\/v2\/product\/5179\/revisions"}],"predecessor-version":[{"id":5534,"href":"https:\/\/atividademapa.com\/index.php?rest_route=\/wp\/v2\/product\/5179\/revisions\/5534"}],"wp:featuredmedia":[{"embeddable":true,"href":"https:\/\/atividademapa.com\/index.php?rest_route=\/wp\/v2\/media\/2326"}],"wp:attachment":[{"href":"https:\/\/atividademapa.com\/index.php?rest_route=%2Fwp%2Fv2%2Fmedia&parent=5179"}],"wp:term":[{"taxonomy":"product_brand","embeddable":true,"href":"https:\/\/atividademapa.com\/index.php?rest_route=%2Fwp%2Fv2%2Fproduct_brand&post=5179"},{"taxonomy":"product_cat","embeddable":true,"href":"https:\/\/atividademapa.com\/index.php?rest_route=%2Fwp%2Fv2%2Fproduct_cat&post=5179"},{"taxonomy":"product_tag","embeddable":true,"href":"https:\/\/atividademapa.com\/index.php?rest_route=%2Fwp%2Fv2%2Fproduct_tag&post=5179"}],"curies":[{"name":"wp","href":"https:\/\/api.w.org\/{rel}","templated":true}]}}