{"id":5183,"date":"2025-01-22T15:22:34","date_gmt":"2025-01-22T18:22:34","guid":{"rendered":"https:\/\/atividademapa.com\/?post_type=product&#038;p=5183"},"modified":"2025-02-27T10:38:28","modified_gmt":"2025-02-27T13:38:28","slug":"mapa-conceitos-de-administracao-e-etica-empresarial-51-2025","status":"publish","type":"product","link":"https:\/\/atividademapa.com\/?product=mapa-conceitos-de-administracao-e-etica-empresarial-51-2025","title":{"rendered":"MAPA \u2013 CONCEITOS DE ADMINSITRA\u00c7\u00c3O E ETICA EMPRESARIAL \u2013 51\/2025"},"content":{"rendered":"<h1 class=\"product-title product_title entry-title\">MAPA \u2013 Conceitos de Administra\u00e7\u00e3o e \u00e9tica empresarial \u2013 51\/2025<\/h1>\n<div class=\"panel-heading\">\n<div class=\"panel-title cursor ng-binding\" data-toggle=\"collapse\">Quest\u00e3o 1<\/div>\n<div class=\"panel-controls\">\n<ul>\n<li><\/li>\n<\/ul>\n<\/div>\n<\/div>\n<div class=\"panel-body p-t-20 b-t b-grey\">\n<div class=\"enunciado ng-binding\">\n<p class=\"ng-scope\"><strong>PROBLEMATIZA\u00c7\u00c3O<\/strong><\/p>\n<p class=\"ng-scope\">\u201cNo mundo dos neg\u00f3cios, planejamento \u00e9 sin\u00f4nimo de conhecimento. Porque \u00e9 s\u00f3 ap\u00f3s conhecer a empresa, os produtos e servi\u00e7os, o cliente, que se consegue tra\u00e7ar metas, elaborar plano de neg\u00f3cios e, consequentemente, alcan\u00e7ar o sucesso&#8221; (Sebrae, 2025, on-line).<\/p>\n<p class=\"ng-scope\">Fonte: https:\/\/sebrae.com.br\/sites\/PortalSebrae\/artigos\/planejamento-estrategico-um-roteiro-para-o-sucesso,8b7d2ba058019610VgnVCM1000004c00210aRCRD. Acesso em: 30 jan. 2025.<\/p>\n<div class=\"ng-scope\"><\/div>\n<p class=\"ng-scope\">Gerir um neg\u00f3cio \u00e9 um dos grandes desafios de um profissional, a gest\u00e3o se torna complexa assim como o neg\u00f3cio vai crescendo e se posicionando no mercado. Essa gest\u00e3o requer cuidados, desde o planejamento at\u00e9 sua implementa\u00e7\u00e3o, portanto voc\u00ea como futuro profissional necessita obter compet\u00eancias para superar esses desafios empresariais.<\/p>\n<div class=\"ng-scope\"><\/div>\n<p class=\"ng-scope\"><strong>SIGNIFICA\u00c7\u00c3O<\/strong><\/p>\n<p class=\"ng-scope\">Assim surge a nossa disciplina de Conceitos da Administra\u00e7\u00e3o e \u00c9tica Empresarial para trazer mais significado \u00e0 sua futura profiss\u00e3o. A administra\u00e7\u00e3o constituiu uma necessidade comum a v\u00e1rias profiss\u00f5es e voc\u00ea n\u00e3o pode ficar fora dessa compet\u00eancia, concorda?<\/p>\n<p class=\"ng-scope\">Aplicar os conceitos da administra\u00e7\u00e3o \u00e9 fazer com que o neg\u00f3cio que voc\u00ea atuar\u00e1 tenha um futuro desejado e planejado atrav\u00e9s da organiza\u00e7\u00e3o dos recursos, dire\u00e7\u00e3o das atividades e controle do que est\u00e1 sendo implementado.<\/p>\n<div class=\"ng-scope\"><\/div>\n<p class=\"ng-scope\"><strong>EXPERIMENTA\u00c7\u00c3O<\/strong><\/p>\n<p class=\"ng-scope\">Bom, e que tal experimentar um caso de uma empresa que teve altos e baixos em sua administra\u00e7\u00e3o e gest\u00e3o.<\/p>\n<p class=\"ng-scope\">Sendo assim, lhe convido a assistir o v\u00eddeo do link a seguir.<\/p>\n<p class=\"ng-scope\">https:\/\/www.youtube.com\/watch?v=7lzMOMpeQQI. Acesso em: 30 jan. 2025.<\/p>\n<p class=\"ng-scope\">Vamos experimentar esse caso e aprender!<\/p>\n<div class=\"ng-scope\"><\/div>\n<p class=\"ng-scope\"><strong>REFLEX\u00c3O<\/strong><\/p>\n<p class=\"ng-scope\">Gostaria de levar voc\u00ea a uma reflex\u00e3o. Sobre essa experimenta\u00e7\u00e3o que acabou de assistir, reflita quais questionamentos voc\u00ea faria para gerir melhor um neg\u00f3cio, quais a\u00e7\u00f5es faria para administrar um neg\u00f3cio. Caso deseje, escreva isso, suas anota\u00e7\u00f5es ser\u00e3o importantes para a etapa de a\u00e7\u00e3o de sua atividade MAPA.<\/p>\n<div class=\"ng-scope\"><\/div>\n<p class=\"ng-scope\"><strong>CONCEITUALIZA\u00c7\u00c3O<\/strong><\/p>\n<p class=\"ng-scope\">No nosso pr\u00f3prio livro did\u00e1tico de Conceitos da Administra\u00e7\u00e3o e \u00c9tica estudamos e aprendemos sobre conceitos que direcionam a import\u00e2ncia do planejamento para integrar e coordenar as atividades de um neg\u00f3cio.<\/p>\n<p class=\"ng-scope\">\u201cVamos, ent\u00e3o, aos autores mais atuais. Sobral e Peci (2013, p. 195): definem planejamento como \u201cfun\u00e7\u00e3o da administra\u00e7\u00e3o respons\u00e1vel pela defini\u00e7\u00e3o dos objetivos da organiza\u00e7\u00e3o e pela concep\u00e7\u00e3o de planos que integram e coordenam suas atividades\u201d.<\/p>\n<p class=\"ng-scope\">Fonte: MENEGASSI, C. H. M.\u00a0<strong>Conceitos da Administra\u00e7\u00e3o e \u00c9tica Empresarial<\/strong>. Maring\u00e1 \u2013 Pr.: Unicesumar, 2018. [Unidade I, P\u00e1gina 25].<\/p>\n<div class=\"ng-scope\"><\/div>\n<p class=\"ng-scope\"><strong>A\u00c7\u00c3O<\/strong><\/p>\n<p class=\"ng-scope\">Chegou o momento mais esperado em sua atividade MAPA, aquele em que voc\u00ea colocar\u00e1 a m\u00e3o na massa, e partir para a A\u00e7\u00e3o.<\/p>\n<p class=\"ng-scope\">Nesta a\u00e7\u00e3o, que ser\u00e1 a entrega da atividade MAPA, voc\u00ea ter\u00e1 que planejar a\u00e7\u00f5es para integrar e coordenar atividades para um neg\u00f3cio. Pois bem, hipoteticamente imagine que voc\u00ea foi convidado a realizar a administra\u00e7\u00e3o da empresa de uniformes apresentada na experimenta\u00e7\u00e3o, e seu papel \u00e9 elaborar um planejamento para atuar em erros da empresa.<\/p>\n<p class=\"ng-scope\">Para atender o seu papel voc\u00ea ter\u00e1 algumas a\u00e7\u00f5es, que ser\u00e1 todo o desenvolvimento de sua atividade mapa, vamos para cada uma delas.<\/p>\n<div class=\"ng-scope\"><\/div>\n<p class=\"ng-scope\"><strong>A\u00e7\u00e3o 1 \u2013 Conhecendo o neg\u00f3cio<\/strong><\/p>\n<p class=\"ng-scope\">Nesta primeira a\u00e7\u00e3o, voc\u00ea dever\u00e1 apresentar qual \u00e9 o neg\u00f3cio da empresa do v\u00eddeo da experimenta\u00e7\u00e3o e determinar quais foram os principais erros e os principais acertos do neg\u00f3cio. Basicamente foram dois principais erros e dois principais acertos, aqui sua fonte de pesquisa ser\u00e1 o v\u00eddeo da experimenta\u00e7\u00e3o assistido anteriormente.<\/p>\n<div class=\"ng-scope\"><\/div>\n<p class=\"ng-scope\"><strong>A\u00e7\u00e3o 2 \u2013 Etapas do processo de planejamento<\/strong><\/p>\n<p class=\"ng-scope\">Agora na segunda a\u00e7\u00e3o, voc\u00ea dever\u00e1 apontar quais s\u00e3o as etapas do processo de planejamento. Forne\u00e7a a sua resposta por t\u00f3picos, esse processo \u00e9 composto por tr\u00eas etapas, aqui sua fonte de pesquisa ser\u00e1 o seu livro did\u00e1tico.<\/p>\n<div class=\"ng-scope\"><\/div>\n<p class=\"ng-scope\"><strong>A\u00e7\u00e3o 3 \u2013 Propondo o planejamento<\/strong><\/p>\n<p class=\"ng-scope\">J\u00e1, na terceira a\u00e7\u00e3o, voc\u00ea dever\u00e1 se posicionar e propor um planejamento seguindo as etapas do processo de planejamento para um dos erros destacados pela empresa do v\u00eddeo da experimenta\u00e7\u00e3o. Sendo de maneira hipot\u00e9tica, imagine que voc\u00ea precisa sanar um dos erros, que foi apresentado na a\u00e7\u00e3o 1 para a empresa do v\u00eddeo, portanto primeiramente em sua resposta deixe claro, qual o erro que voc\u00ea escolheu e ir\u00e1 realizar o planejamento, ap\u00f3s isso, elabore um planejamento seguindo as tr\u00eas etapas descritas na a\u00e7\u00e3o 2, traga detalhes em sua resposta. Imagine voc\u00ea dentro daquela empresa e como iria detalhar cada etapa em seu planejamento para resolver e sanar o erro da empresa. Aqui, voc\u00ea dever\u00e1 utilizar um racioc\u00ednio l\u00f3gico com suas palavras.<\/p>\n<div class=\"ng-scope\"><\/div>\n<p class=\"ng-scope\"><strong>ENTREGAS<\/strong><\/p>\n<div class=\"ng-scope\">O seu desafio ser\u00e1 entregar um material com as respostas \u00e0s quest\u00f5es das tr\u00eas a\u00e7\u00f5es descritas anteriormente.<\/div>\n<p class=\"ng-scope\">Caso deseje, h\u00e1 um template\/modelo disponibilizado no Material da Disciplina que voc\u00ea pode \u2013 n\u00e3o \u00e9 obrigat\u00f3rio \u2013 utilizar para inser\u00e7\u00e3o das respostas \u00e0s quest\u00f5es. Esse material \u00e9 o que constitui a entrega da atividade MAPA, que deve ser realizada individualmente.<\/p>\n<div class=\"ng-scope\"><\/div>\n<p class=\"ng-scope\"><strong>ORIENTA\u00c7\u00d5ES GERAIS<\/strong><\/p>\n<div class=\"ng-scope\"><u>Sobre pl\u00e1gio e outras regras:<\/u><\/div>\n<p class=\"ng-scope\">&#8211; Trabalhos copiados da internet ou de outros estudantes ser\u00e3o zerados.<\/p>\n<p class=\"ng-scope\">&#8211; Baixe o arquivo Template\/Modelo de Resposta MAPA (arquivo .docx) que est\u00e1 dispon\u00edvel no Material da Disciplina, no qual voc\u00ea poder\u00e1 desenvolver seu trabalho. Este modelo foi disponibilizado para ajud\u00e1-lo.<\/p>\n<div class=\"ng-scope\">\n<p><u>Sobre o arquivo a ser enviado:<\/u><\/p>\n<p>&#8211; Somente um arquivo pode ser anexado no studeo. No caso de voc\u00ea ter mais de um arquivo, ser\u00e1 necess\u00e1rio unific\u00e1-los para depois realizar a postagem.<br \/>\n&#8211; O arquivo dever\u00e1 estar no formato DOC\/DOCX ou PDF. Apenas estes formatos ser\u00e3o aceitos. Se voc\u00ea usa OPEN OFFICE ou MAC, transforme o arquivo em PDF para evitar incompatibilidades.<br \/>\n&#8211; O arquivo deve ser enviado \u00fanica e exclusivamente pelo seu studeo, no campo &#8220;M.A.P.A.&#8221; desta disciplina. Toda e qualquer outra forma de entrega n\u00e3o ser\u00e1 considerada.<br \/>\n&#8211; Preencha com todo cuidado. Explique o que est\u00e1 fazendo, responda \u00e0s perguntas e mostre sempre o passo a passo das resolu\u00e7\u00f5es e dedu\u00e7\u00f5es. A qualidade do trabalho ser\u00e1 considerada na hora da avalia\u00e7\u00e3o e, portanto, quanto mais completo seu trabalho estiver, melhor!<\/p>\n<\/div>\n<p class=\"ng-scope\">A equipe de professores mediadores est\u00e1 \u00e0 sua disposi\u00e7\u00e3o para o atendimento das d\u00favidas por meio do \u201cFale com o Mediador\u201d em seu Studeo. Aproveite essa ferramenta!<\/p>\n<p class=\"ng-scope\">Bom trabalho!<\/p>\n<\/div>\n<\/div>\n","protected":false},"excerpt":{"rendered":"<p>MAPA \u2013 Conceitos de Administra\u00e7\u00e3o e \u00e9tica empresarial \u2013 51\/2025 Quest\u00e3o 1 PROBLEMATIZA\u00c7\u00c3O \u201cNo mundo dos neg\u00f3cios, planejamento \u00e9 sin\u00f4nimo<\/p>\n","protected":false},"featured_media":2326,"template":"","meta":{"_monsterinsights_skip_tracking":false,"_monsterinsights_sitenote_active":false,"_monsterinsights_sitenote_note":"","_monsterinsights_sitenote_category":0},"product_brand":[],"product_cat":[86],"product_tag":[],"class_list":{"0":"post-5183","1":"product","2":"type-product","3":"status-publish","4":"has-post-thumbnail","6":"product_cat-engenharia-mecanica","8":"first","9":"instock","10":"downloadable","11":"virtual","12":"purchasable","13":"product-type-simple"},"yoast_head":"<!-- This site is optimized with the Yoast SEO plugin v27.4 - https:\/\/yoast.com\/product\/yoast-seo-wordpress\/ -->\n<title>MAPA \u2013 CONCEITOS DE ADMINSITRA\u00c7\u00c3O E ETICA EMPRESARIAL \u2013 51\/2025<\/title>\n<meta name=\"description\" content=\"Atividade MAPA \u2013 CONCEITOS DE ADMINSITRA\u00c7\u00c3O E ETICA EMPRESARIAL \u2013 51\/2025 &#8902; Unicesumar. Baixe agora mesmo um Mapa Pronto resolvido!\" \/>\n<meta name=\"robots\" content=\"index, follow, max-snippet:-1, max-image-preview:large, max-video-preview:-1\" \/>\n<link rel=\"canonical\" href=\"https:\/\/atividademapa.com\/?product=mapa-conceitos-de-administracao-e-etica-empresarial-51-2025\" \/>\n<meta property=\"og:locale\" content=\"pt_BR\" \/>\n<meta property=\"og:type\" content=\"article\" \/>\n<meta property=\"og:title\" content=\"MAPA \u2013 CONCEITOS DE ADMINSITRA\u00c7\u00c3O E ETICA EMPRESARIAL \u2013 51\/2025\" \/>\n<meta property=\"og:description\" content=\"Atividade MAPA \u2013 CONCEITOS DE ADMINSITRA\u00c7\u00c3O E ETICA EMPRESARIAL \u2013 51\/2025 &#8902; Unicesumar. Baixe agora mesmo um Mapa Pronto resolvido!\" \/>\n<meta property=\"og:url\" content=\"https:\/\/atividademapa.com\/?product=mapa-conceitos-de-administracao-e-etica-empresarial-51-2025\" \/>\n<meta property=\"og:site_name\" content=\"Atividade Mapa\" \/>\n<meta property=\"article:modified_time\" content=\"2025-02-27T13:38:28+00:00\" \/>\n<meta property=\"og:image\" content=\"https:\/\/i0.wp.com\/atividademapa.com\/wp-content\/uploads\/2023\/03\/Atividade-M.A.P.A-3.png?fit=300%2C300&ssl=1\" \/>\n\t<meta property=\"og:image:width\" content=\"300\" \/>\n\t<meta property=\"og:image:height\" content=\"300\" \/>\n\t<meta property=\"og:image:type\" content=\"image\/png\" \/>\n<meta name=\"twitter:card\" content=\"summary_large_image\" \/>\n<meta name=\"twitter:label1\" content=\"Est. tempo de leitura\" \/>\n\t<meta name=\"twitter:data1\" content=\"5 minutos\" \/>\n<script type=\"application\/ld+json\" class=\"yoast-schema-graph\">{\"@context\":\"https:\\\/\\\/schema.org\",\"@graph\":[{\"@type\":\"WebPage\",\"@id\":\"https:\\\/\\\/atividademapa.com\\\/?product=mapa-conceitos-de-administracao-e-etica-empresarial-51-2025\",\"url\":\"https:\\\/\\\/atividademapa.com\\\/?product=mapa-conceitos-de-administracao-e-etica-empresarial-51-2025\",\"name\":\"MAPA \u2013 CONCEITOS DE ADMINSITRA\u00c7\u00c3O E ETICA EMPRESARIAL \u2013 51\\\/2025\",\"isPartOf\":{\"@id\":\"https:\\\/\\\/atividademapa.com\\\/#website\"},\"primaryImageOfPage\":{\"@id\":\"https:\\\/\\\/atividademapa.com\\\/?product=mapa-conceitos-de-administracao-e-etica-empresarial-51-2025#primaryimage\"},\"image\":{\"@id\":\"https:\\\/\\\/atividademapa.com\\\/?product=mapa-conceitos-de-administracao-e-etica-empresarial-51-2025#primaryimage\"},\"thumbnailUrl\":\"https:\\\/\\\/i0.wp.com\\\/atividademapa.com\\\/wp-content\\\/uploads\\\/2023\\\/03\\\/Atividade-M.A.P.A-3.png?fit=300%2C300&ssl=1\",\"datePublished\":\"2025-01-22T18:22:34+00:00\",\"dateModified\":\"2025-02-27T13:38:28+00:00\",\"description\":\"Atividade MAPA \u2013 CONCEITOS DE ADMINSITRA\u00c7\u00c3O E ETICA EMPRESARIAL \u2013 51\\\/2025 &#8902; Unicesumar. Baixe agora mesmo um Mapa Pronto resolvido!\",\"breadcrumb\":{\"@id\":\"https:\\\/\\\/atividademapa.com\\\/?product=mapa-conceitos-de-administracao-e-etica-empresarial-51-2025#breadcrumb\"},\"inLanguage\":\"pt-BR\",\"potentialAction\":[{\"@type\":\"ReadAction\",\"target\":[\"https:\\\/\\\/atividademapa.com\\\/?product=mapa-conceitos-de-administracao-e-etica-empresarial-51-2025\"]}]},{\"@type\":\"ImageObject\",\"inLanguage\":\"pt-BR\",\"@id\":\"https:\\\/\\\/atividademapa.com\\\/?product=mapa-conceitos-de-administracao-e-etica-empresarial-51-2025#primaryimage\",\"url\":\"https:\\\/\\\/i0.wp.com\\\/atividademapa.com\\\/wp-content\\\/uploads\\\/2023\\\/03\\\/Atividade-M.A.P.A-3.png?fit=300%2C300&ssl=1\",\"contentUrl\":\"https:\\\/\\\/i0.wp.com\\\/atividademapa.com\\\/wp-content\\\/uploads\\\/2023\\\/03\\\/Atividade-M.A.P.A-3.png?fit=300%2C300&ssl=1\",\"width\":300,\"height\":300,\"caption\":\"Mapa Unicesumar Atividade\"},{\"@type\":\"BreadcrumbList\",\"@id\":\"https:\\\/\\\/atividademapa.com\\\/?product=mapa-conceitos-de-administracao-e-etica-empresarial-51-2025#breadcrumb\",\"itemListElement\":[{\"@type\":\"ListItem\",\"position\":1,\"name\":\"In\u00edcio\",\"item\":\"https:\\\/\\\/atividademapa.com\\\/\"},{\"@type\":\"ListItem\",\"position\":2,\"name\":\"MAPAS\",\"item\":\"https:\\\/\\\/atividademapa.com\\\/?page_id=5\"},{\"@type\":\"ListItem\",\"position\":3,\"name\":\"MAPA \u2013 CONCEITOS DE ADMINSITRA\u00c7\u00c3O E ETICA EMPRESARIAL \u2013 51\\\/2025\"}]},{\"@type\":\"WebSite\",\"@id\":\"https:\\\/\\\/atividademapa.com\\\/#website\",\"url\":\"https:\\\/\\\/atividademapa.com\\\/\",\"name\":\"Atividade Mapa\",\"description\":\"StudeO | Unicesumar\",\"publisher\":{\"@id\":\"https:\\\/\\\/atividademapa.com\\\/#organization\"},\"potentialAction\":[{\"@type\":\"SearchAction\",\"target\":{\"@type\":\"EntryPoint\",\"urlTemplate\":\"https:\\\/\\\/atividademapa.com\\\/?s={search_term_string}\"},\"query-input\":{\"@type\":\"PropertyValueSpecification\",\"valueRequired\":true,\"valueName\":\"search_term_string\"}}],\"inLanguage\":\"pt-BR\"},{\"@type\":\"Organization\",\"@id\":\"https:\\\/\\\/atividademapa.com\\\/#organization\",\"name\":\"Atividade MAPA\",\"url\":\"https:\\\/\\\/atividademapa.com\\\/\",\"logo\":{\"@type\":\"ImageObject\",\"inLanguage\":\"pt-BR\",\"@id\":\"https:\\\/\\\/atividademapa.com\\\/#\\\/schema\\\/logo\\\/image\\\/\",\"url\":\"https:\\\/\\\/i0.wp.com\\\/atividademapa.com\\\/wp-content\\\/uploads\\\/2023\\\/02\\\/ATIVIDADE.png?fit=600%2C300&ssl=1\",\"contentUrl\":\"https:\\\/\\\/i0.wp.com\\\/atividademapa.com\\\/wp-content\\\/uploads\\\/2023\\\/02\\\/ATIVIDADE.png?fit=600%2C300&ssl=1\",\"width\":600,\"height\":300,\"caption\":\"Atividade MAPA\"},\"image\":{\"@id\":\"https:\\\/\\\/atividademapa.com\\\/#\\\/schema\\\/logo\\\/image\\\/\"}}]}<\/script>\n<!-- \/ Yoast SEO plugin. -->","yoast_head_json":{"title":"MAPA \u2013 CONCEITOS DE ADMINSITRA\u00c7\u00c3O E ETICA EMPRESARIAL \u2013 51\/2025","description":"Atividade MAPA \u2013 CONCEITOS DE ADMINSITRA\u00c7\u00c3O E ETICA EMPRESARIAL \u2013 51\/2025 &#8902; Unicesumar. Baixe agora mesmo um Mapa Pronto resolvido!","robots":{"index":"index","follow":"follow","max-snippet":"max-snippet:-1","max-image-preview":"max-image-preview:large","max-video-preview":"max-video-preview:-1"},"canonical":"https:\/\/atividademapa.com\/?product=mapa-conceitos-de-administracao-e-etica-empresarial-51-2025","og_locale":"pt_BR","og_type":"article","og_title":"MAPA \u2013 CONCEITOS DE ADMINSITRA\u00c7\u00c3O E ETICA EMPRESARIAL \u2013 51\/2025","og_description":"Atividade MAPA \u2013 CONCEITOS DE ADMINSITRA\u00c7\u00c3O E ETICA EMPRESARIAL \u2013 51\/2025 &#8902; Unicesumar. Baixe agora mesmo um Mapa Pronto resolvido!","og_url":"https:\/\/atividademapa.com\/?product=mapa-conceitos-de-administracao-e-etica-empresarial-51-2025","og_site_name":"Atividade Mapa","article_modified_time":"2025-02-27T13:38:28+00:00","og_image":[{"width":300,"height":300,"url":"https:\/\/i0.wp.com\/atividademapa.com\/wp-content\/uploads\/2023\/03\/Atividade-M.A.P.A-3.png?fit=300%2C300&ssl=1","type":"image\/png"}],"twitter_card":"summary_large_image","twitter_misc":{"Est. tempo de leitura":"5 minutos"},"schema":{"@context":"https:\/\/schema.org","@graph":[{"@type":"WebPage","@id":"https:\/\/atividademapa.com\/?product=mapa-conceitos-de-administracao-e-etica-empresarial-51-2025","url":"https:\/\/atividademapa.com\/?product=mapa-conceitos-de-administracao-e-etica-empresarial-51-2025","name":"MAPA \u2013 CONCEITOS DE ADMINSITRA\u00c7\u00c3O E ETICA EMPRESARIAL \u2013 51\/2025","isPartOf":{"@id":"https:\/\/atividademapa.com\/#website"},"primaryImageOfPage":{"@id":"https:\/\/atividademapa.com\/?product=mapa-conceitos-de-administracao-e-etica-empresarial-51-2025#primaryimage"},"image":{"@id":"https:\/\/atividademapa.com\/?product=mapa-conceitos-de-administracao-e-etica-empresarial-51-2025#primaryimage"},"thumbnailUrl":"https:\/\/i0.wp.com\/atividademapa.com\/wp-content\/uploads\/2023\/03\/Atividade-M.A.P.A-3.png?fit=300%2C300&ssl=1","datePublished":"2025-01-22T18:22:34+00:00","dateModified":"2025-02-27T13:38:28+00:00","description":"Atividade MAPA \u2013 CONCEITOS DE ADMINSITRA\u00c7\u00c3O E ETICA EMPRESARIAL \u2013 51\/2025 &#8902; Unicesumar. Baixe agora mesmo um Mapa Pronto resolvido!","breadcrumb":{"@id":"https:\/\/atividademapa.com\/?product=mapa-conceitos-de-administracao-e-etica-empresarial-51-2025#breadcrumb"},"inLanguage":"pt-BR","potentialAction":[{"@type":"ReadAction","target":["https:\/\/atividademapa.com\/?product=mapa-conceitos-de-administracao-e-etica-empresarial-51-2025"]}]},{"@type":"ImageObject","inLanguage":"pt-BR","@id":"https:\/\/atividademapa.com\/?product=mapa-conceitos-de-administracao-e-etica-empresarial-51-2025#primaryimage","url":"https:\/\/i0.wp.com\/atividademapa.com\/wp-content\/uploads\/2023\/03\/Atividade-M.A.P.A-3.png?fit=300%2C300&ssl=1","contentUrl":"https:\/\/i0.wp.com\/atividademapa.com\/wp-content\/uploads\/2023\/03\/Atividade-M.A.P.A-3.png?fit=300%2C300&ssl=1","width":300,"height":300,"caption":"Mapa Unicesumar Atividade"},{"@type":"BreadcrumbList","@id":"https:\/\/atividademapa.com\/?product=mapa-conceitos-de-administracao-e-etica-empresarial-51-2025#breadcrumb","itemListElement":[{"@type":"ListItem","position":1,"name":"In\u00edcio","item":"https:\/\/atividademapa.com\/"},{"@type":"ListItem","position":2,"name":"MAPAS","item":"https:\/\/atividademapa.com\/?page_id=5"},{"@type":"ListItem","position":3,"name":"MAPA \u2013 CONCEITOS DE ADMINSITRA\u00c7\u00c3O E ETICA EMPRESARIAL \u2013 51\/2025"}]},{"@type":"WebSite","@id":"https:\/\/atividademapa.com\/#website","url":"https:\/\/atividademapa.com\/","name":"Atividade Mapa","description":"StudeO | Unicesumar","publisher":{"@id":"https:\/\/atividademapa.com\/#organization"},"potentialAction":[{"@type":"SearchAction","target":{"@type":"EntryPoint","urlTemplate":"https:\/\/atividademapa.com\/?s={search_term_string}"},"query-input":{"@type":"PropertyValueSpecification","valueRequired":true,"valueName":"search_term_string"}}],"inLanguage":"pt-BR"},{"@type":"Organization","@id":"https:\/\/atividademapa.com\/#organization","name":"Atividade MAPA","url":"https:\/\/atividademapa.com\/","logo":{"@type":"ImageObject","inLanguage":"pt-BR","@id":"https:\/\/atividademapa.com\/#\/schema\/logo\/image\/","url":"https:\/\/i0.wp.com\/atividademapa.com\/wp-content\/uploads\/2023\/02\/ATIVIDADE.png?fit=600%2C300&ssl=1","contentUrl":"https:\/\/i0.wp.com\/atividademapa.com\/wp-content\/uploads\/2023\/02\/ATIVIDADE.png?fit=600%2C300&ssl=1","width":600,"height":300,"caption":"Atividade MAPA"},"image":{"@id":"https:\/\/atividademapa.com\/#\/schema\/logo\/image\/"}}]}},"_links":{"self":[{"href":"https:\/\/atividademapa.com\/index.php?rest_route=\/wp\/v2\/product\/5183","targetHints":{"allow":["GET"]}}],"collection":[{"href":"https:\/\/atividademapa.com\/index.php?rest_route=\/wp\/v2\/product"}],"about":[{"href":"https:\/\/atividademapa.com\/index.php?rest_route=\/wp\/v2\/types\/product"}],"version-history":[{"count":4,"href":"https:\/\/atividademapa.com\/index.php?rest_route=\/wp\/v2\/product\/5183\/revisions"}],"predecessor-version":[{"id":5267,"href":"https:\/\/atividademapa.com\/index.php?rest_route=\/wp\/v2\/product\/5183\/revisions\/5267"}],"wp:featuredmedia":[{"embeddable":true,"href":"https:\/\/atividademapa.com\/index.php?rest_route=\/wp\/v2\/media\/2326"}],"wp:attachment":[{"href":"https:\/\/atividademapa.com\/index.php?rest_route=%2Fwp%2Fv2%2Fmedia&parent=5183"}],"wp:term":[{"taxonomy":"product_brand","embeddable":true,"href":"https:\/\/atividademapa.com\/index.php?rest_route=%2Fwp%2Fv2%2Fproduct_brand&post=5183"},{"taxonomy":"product_cat","embeddable":true,"href":"https:\/\/atividademapa.com\/index.php?rest_route=%2Fwp%2Fv2%2Fproduct_cat&post=5183"},{"taxonomy":"product_tag","embeddable":true,"href":"https:\/\/atividademapa.com\/index.php?rest_route=%2Fwp%2Fv2%2Fproduct_tag&post=5183"}],"curies":[{"name":"wp","href":"https:\/\/api.w.org\/{rel}","templated":true}]}}