{"id":5209,"date":"2025-02-25T21:13:37","date_gmt":"2025-02-26T00:13:37","guid":{"rendered":"https:\/\/atividademapa.com\/?post_type=product&#038;p=5209"},"modified":"2025-02-26T09:14:51","modified_gmt":"2025-02-26T12:14:51","slug":"mapa-saude-coletiva-51-2025","status":"publish","type":"product","link":"https:\/\/atividademapa.com\/?product=mapa-saude-coletiva-51-2025","title":{"rendered":"MAPA  &#8211; SAUDE COLETIVA &#8211; 51\/2025"},"content":{"rendered":"<p>MAPA &#8211; SAUDE COLETIVA &#8211; 51\/2025<\/p>\n<p>1 Quest\u00e3oClique no n\u00famero da quest\u00e3o para visualiz\u00e1-la<br \/>\nEnunciado:<br \/>\nQuest\u00e3o 1<br \/>\nCARO(A) ALUNO(A),<\/p>\n<p>Seja bem-vindo(a) \u00e0 atividade MAPA (Material de Avalia\u00e7\u00e3o Pr\u00e1tica de Aprendizagem) da disciplina de Sa\u00fade Coletiva!<br \/>\nInstru\u00e7\u00f5es iniciais:<\/p>\n<p>* Utilize o modelo padr\u00e3o de MAPA para realizar esta atividade. Ele se encontra dispon\u00edvel em &#8220;Material da Disciplina&#8221;.<br \/>\n* Siga todas as instru\u00e7\u00f5es descritas no modelo para garantir a formata\u00e7\u00e3o e organiza\u00e7\u00e3o adequadas da sua resposta.<\/p>\n<p>O Sistema \u00danico de Sa\u00fade (SUS) \u00e9 fundamentado em valores como igualdade, democracia e emancipa\u00e7\u00e3o. Ele est\u00e1 inserido na Constitui\u00e7\u00e3o Federal, na legisla\u00e7\u00e3o ordin\u00e1ria e em normas t\u00e9cnicas e administrativas. Para garantir sua operacionaliza\u00e7\u00e3o no Brasil, adotou-se a descentraliza\u00e7\u00e3o de atribui\u00e7\u00f5es e recursos, ampliando a oferta e o acesso aos servi\u00e7os de sa\u00fade, impactando positivamente os n\u00edveis de sa\u00fade da popula\u00e7\u00e3o.<br \/>\nEssa diretriz constitucional, que prev\u00ea comando \u00fanico em cada esfera de governo, foi implementada em menos de uma d\u00e9cada para as 27 unidades da federa\u00e7\u00e3o e quase 5.600 munic\u00edpios, garantindo a participa\u00e7\u00e3o da comunidade por meio de confer\u00eancias, conselhos e inst\u00e2ncias de pactua\u00e7\u00e3o, como as comiss\u00f5es intergestoras tripartite e bipartite. Esse processo de constru\u00e7\u00e3o do SUS tem gerado entusiasmo e compromisso por parte dos trabalhadores da sa\u00fade, vinculados tanto \u00e0s secretarias quanto ao Minist\u00e9rio da Sa\u00fade, apesar dos desafios enfrentados na gest\u00e3o dos servi\u00e7os p\u00fablicos.<\/p>\n<p>Fonte: https:\/\/www.scielo.br\/j\/csc\/a\/Qg7SJFjWPjvdQjvnRzxS6Mg\/?format=pdf&amp;lang=pt. Acesso em: 20 fev. 2024.<\/p>\n<p>Diante desse cen\u00e1rio, a partir do levantamento das necessidades reais da popula\u00e7\u00e3o, foram criadas diversas pol\u00edticas p\u00fablicas de sa\u00fade para minimizar ou resolver problemas sociais. Essas pol\u00edticas devem estruturar planos de a\u00e7\u00e3o espec\u00edficos, organizando as interven\u00e7\u00f5es de acordo com o p\u00fablico-alvo, como sa\u00fade da mulher, sa\u00fade da crian\u00e7a e do adolescente, sa\u00fade do adulto e do idoso, popula\u00e7\u00f5es vulner\u00e1veis e sa\u00fade mental, entre outras.<\/p>\n<p>QUEST\u00c3O 1<br \/>\nEm 2004, foi elaborada a Pol\u00edtica Nacional de Aten\u00e7\u00e3o Integral \u00e0 Sa\u00fade da Mulher (PNAISM), com o objetivo de atender \u00e0s necessidades reais das mulheres brasileiras e, assim, reduzir \u00edndices de morbidade e mortalidade por causas evit\u00e1veis. Apresente 10 a\u00e7\u00f5es estrat\u00e9gicas da PNAISM que contribuem para essa redu\u00e7\u00e3o.<\/p>\n<p>QUEST\u00c3O 2<br \/>\nPercebe-se que, ao longo da hist\u00f3ria, as pol\u00edticas p\u00fablicas de sa\u00fade voltadas \u00e0 crian\u00e7a foram se transformando, adequando-se tanto ao papel social exercido pela inf\u00e2ncia quanto ao perfil epidemiol\u00f3gico e \u00e0s demandas de sa\u00fade de cada \u00e9poca. Devido ao n\u00famero significativo de nascimentos prematuros e beb\u00eas com baixo peso, em 2020, o Minist\u00e9rio da Sa\u00fade lan\u00e7ou o M\u00e9todo M\u00e3e Canguru \u2013 Aten\u00e7\u00e3o Humanizada ao Rec\u00e9m-nascido de Baixo Peso. EVIDENCIE a vantagem do uso desse m\u00e9todo.<\/p>\n<p>QUEST\u00c3O 3<br \/>\n&#8220;Atualmente, o Brasil passa por um processo de transi\u00e7\u00e3o demogr\u00e1fica e epidemiol\u00f3gica, impulsionado pelo crescimento da popula\u00e7\u00e3o idosa em rela\u00e7\u00e3o \u00e0s demais faixas et\u00e1rias. Esse fen\u00f4meno resulta no envelhecimento populacional e, consequentemente, est\u00e1 associado a uma maior preval\u00eancia de doen\u00e7as cr\u00f4nicas n\u00e3o transmiss\u00edveis (DCNT), em detrimento das doen\u00e7as agudas&#8221;.<\/p>\n<p>Fonte: https:\/\/www.scielo.br\/j\/csc\/a\/97LpXcVCCNwFdZyCLMDPXGd\/?format=pdf&amp;lang=pt. Acesso em: 20 fev. 2024.<\/p>\n<p>Sobre as DCNT, responda \u00e0s quest\u00f5es:<\/p>\n<p>a) O Plano de A\u00e7\u00f5es Estrat\u00e9gicas para o Enfrentamento das Doen\u00e7as Cr\u00f4nicas N\u00e3o Transmiss\u00edveis (DCNT) 2011\u20132022 foi elaborado considerando a dimens\u00e3o das doen\u00e7as cr\u00f4nicas n\u00e3o transmiss\u00edveis no territ\u00f3rio brasileiro. INDIQUE os principais grupos de DCNT que fazem parte desse plano.<\/p>\n<p>b) ENUMERE os fatores de risco modific\u00e1veis e comuns \u00e0s DCNT.<\/p>\n<p>QUEST\u00c3O 4<br \/>\nO termo \u201cenvelhecimento ativo\u201d passou a ser utilizado no final dos anos 1990 para expandir a compreens\u00e3o sobre os fatores que afetam o envelhecimento para al\u00e9m da sa\u00fade. A partir dessa perspectiva, as pol\u00edticas p\u00fablicas passaram a incluir a\u00e7\u00f5es voltadas para a alimenta\u00e7\u00e3o saud\u00e1vel, pr\u00e1tica de atividade f\u00edsica, combate \u00e0s situa\u00e7\u00f5es de viol\u00eancia familiar e urbana, redu\u00e7\u00e3o do consumo de tabaco e \u00e1lcool, entre outras estrat\u00e9gias. Em outubro de 2006, foi aprovada a Pol\u00edtica Nacional de Sa\u00fade da Pessoa Idosa (PNSPI). APRESENTE a finalidade principal dessa pol\u00edtica.<\/p>\n","protected":false},"excerpt":{"rendered":"<p>MAPA &#8211; SAUDE COLETIVA &#8211; 51\/2025 1 Quest\u00e3oClique no n\u00famero da quest\u00e3o para visualiz\u00e1-la Enunciado: Quest\u00e3o 1 CARO(A) ALUNO(A), Seja<\/p>\n","protected":false},"featured_media":2326,"template":"","meta":{"_monsterinsights_skip_tracking":false,"_monsterinsights_sitenote_active":false,"_monsterinsights_sitenote_note":"","_monsterinsights_sitenote_category":0},"product_brand":[],"product_cat":[35],"product_tag":[],"class_list":{"0":"post-5209","1":"product","2":"type-product","3":"status-publish","4":"has-post-thumbnail","6":"product_cat-enfermagem","8":"first","9":"instock","10":"downloadable","11":"virtual","12":"purchasable","13":"product-type-simple"},"yoast_head":"<!-- This site is optimized with the Yoast SEO plugin v27.4 - https:\/\/yoast.com\/product\/yoast-seo-wordpress\/ -->\n<title>MAPA - SAUDE COLETIVA - 51\/2025<\/title>\n<meta name=\"description\" content=\"Atividade MAPA - SAUDE COLETIVA - 51\/2025 &#8902; Unicesumar. Baixe agora mesmo um Mapa Pronto resolvido!\" \/>\n<meta name=\"robots\" content=\"index, follow, max-snippet:-1, max-image-preview:large, max-video-preview:-1\" \/>\n<link rel=\"canonical\" href=\"https:\/\/atividademapa.com\/?product=mapa-saude-coletiva-51-2025\" \/>\n<meta property=\"og:locale\" content=\"pt_BR\" \/>\n<meta property=\"og:type\" content=\"article\" \/>\n<meta property=\"og:title\" content=\"MAPA - SAUDE COLETIVA - 51\/2025\" \/>\n<meta property=\"og:description\" content=\"Atividade MAPA - SAUDE COLETIVA - 51\/2025 &#8902; Unicesumar. Baixe agora mesmo um Mapa Pronto resolvido!\" \/>\n<meta property=\"og:url\" content=\"https:\/\/atividademapa.com\/?product=mapa-saude-coletiva-51-2025\" \/>\n<meta property=\"og:site_name\" content=\"Atividade Mapa\" \/>\n<meta property=\"article:modified_time\" content=\"2025-02-26T12:14:51+00:00\" \/>\n<meta property=\"og:image\" content=\"https:\/\/i0.wp.com\/atividademapa.com\/wp-content\/uploads\/2023\/03\/Atividade-M.A.P.A-3.png?fit=300%2C300&ssl=1\" \/>\n\t<meta property=\"og:image:width\" content=\"300\" \/>\n\t<meta property=\"og:image:height\" content=\"300\" \/>\n\t<meta property=\"og:image:type\" content=\"image\/png\" \/>\n<meta name=\"twitter:card\" content=\"summary_large_image\" \/>\n<meta name=\"twitter:label1\" content=\"Est. tempo de leitura\" \/>\n\t<meta name=\"twitter:data1\" content=\"4 minutos\" \/>\n<script type=\"application\/ld+json\" class=\"yoast-schema-graph\">{\"@context\":\"https:\\\/\\\/schema.org\",\"@graph\":[{\"@type\":\"WebPage\",\"@id\":\"https:\\\/\\\/atividademapa.com\\\/?product=mapa-saude-coletiva-51-2025\",\"url\":\"https:\\\/\\\/atividademapa.com\\\/?product=mapa-saude-coletiva-51-2025\",\"name\":\"MAPA - SAUDE COLETIVA - 51\\\/2025\",\"isPartOf\":{\"@id\":\"https:\\\/\\\/atividademapa.com\\\/#website\"},\"primaryImageOfPage\":{\"@id\":\"https:\\\/\\\/atividademapa.com\\\/?product=mapa-saude-coletiva-51-2025#primaryimage\"},\"image\":{\"@id\":\"https:\\\/\\\/atividademapa.com\\\/?product=mapa-saude-coletiva-51-2025#primaryimage\"},\"thumbnailUrl\":\"https:\\\/\\\/i0.wp.com\\\/atividademapa.com\\\/wp-content\\\/uploads\\\/2023\\\/03\\\/Atividade-M.A.P.A-3.png?fit=300%2C300&ssl=1\",\"datePublished\":\"2025-02-26T00:13:37+00:00\",\"dateModified\":\"2025-02-26T12:14:51+00:00\",\"description\":\"Atividade MAPA - SAUDE COLETIVA - 51\\\/2025 &#8902; Unicesumar. Baixe agora mesmo um Mapa Pronto resolvido!\",\"breadcrumb\":{\"@id\":\"https:\\\/\\\/atividademapa.com\\\/?product=mapa-saude-coletiva-51-2025#breadcrumb\"},\"inLanguage\":\"pt-BR\",\"potentialAction\":[{\"@type\":\"ReadAction\",\"target\":[\"https:\\\/\\\/atividademapa.com\\\/?product=mapa-saude-coletiva-51-2025\"]}]},{\"@type\":\"ImageObject\",\"inLanguage\":\"pt-BR\",\"@id\":\"https:\\\/\\\/atividademapa.com\\\/?product=mapa-saude-coletiva-51-2025#primaryimage\",\"url\":\"https:\\\/\\\/i0.wp.com\\\/atividademapa.com\\\/wp-content\\\/uploads\\\/2023\\\/03\\\/Atividade-M.A.P.A-3.png?fit=300%2C300&ssl=1\",\"contentUrl\":\"https:\\\/\\\/i0.wp.com\\\/atividademapa.com\\\/wp-content\\\/uploads\\\/2023\\\/03\\\/Atividade-M.A.P.A-3.png?fit=300%2C300&ssl=1\",\"width\":300,\"height\":300,\"caption\":\"Mapa Unicesumar Atividade\"},{\"@type\":\"BreadcrumbList\",\"@id\":\"https:\\\/\\\/atividademapa.com\\\/?product=mapa-saude-coletiva-51-2025#breadcrumb\",\"itemListElement\":[{\"@type\":\"ListItem\",\"position\":1,\"name\":\"In\u00edcio\",\"item\":\"https:\\\/\\\/atividademapa.com\\\/\"},{\"@type\":\"ListItem\",\"position\":2,\"name\":\"MAPAS\",\"item\":\"https:\\\/\\\/atividademapa.com\\\/?page_id=5\"},{\"@type\":\"ListItem\",\"position\":3,\"name\":\"MAPA &#8211; SAUDE COLETIVA &#8211; 51\\\/2025\"}]},{\"@type\":\"WebSite\",\"@id\":\"https:\\\/\\\/atividademapa.com\\\/#website\",\"url\":\"https:\\\/\\\/atividademapa.com\\\/\",\"name\":\"Atividade Mapa\",\"description\":\"StudeO | Unicesumar\",\"publisher\":{\"@id\":\"https:\\\/\\\/atividademapa.com\\\/#organization\"},\"potentialAction\":[{\"@type\":\"SearchAction\",\"target\":{\"@type\":\"EntryPoint\",\"urlTemplate\":\"https:\\\/\\\/atividademapa.com\\\/?s={search_term_string}\"},\"query-input\":{\"@type\":\"PropertyValueSpecification\",\"valueRequired\":true,\"valueName\":\"search_term_string\"}}],\"inLanguage\":\"pt-BR\"},{\"@type\":\"Organization\",\"@id\":\"https:\\\/\\\/atividademapa.com\\\/#organization\",\"name\":\"Atividade MAPA\",\"url\":\"https:\\\/\\\/atividademapa.com\\\/\",\"logo\":{\"@type\":\"ImageObject\",\"inLanguage\":\"pt-BR\",\"@id\":\"https:\\\/\\\/atividademapa.com\\\/#\\\/schema\\\/logo\\\/image\\\/\",\"url\":\"https:\\\/\\\/i0.wp.com\\\/atividademapa.com\\\/wp-content\\\/uploads\\\/2023\\\/02\\\/ATIVIDADE.png?fit=600%2C300&ssl=1\",\"contentUrl\":\"https:\\\/\\\/i0.wp.com\\\/atividademapa.com\\\/wp-content\\\/uploads\\\/2023\\\/02\\\/ATIVIDADE.png?fit=600%2C300&ssl=1\",\"width\":600,\"height\":300,\"caption\":\"Atividade MAPA\"},\"image\":{\"@id\":\"https:\\\/\\\/atividademapa.com\\\/#\\\/schema\\\/logo\\\/image\\\/\"}}]}<\/script>\n<!-- \/ Yoast SEO plugin. -->","yoast_head_json":{"title":"MAPA - SAUDE COLETIVA - 51\/2025","description":"Atividade MAPA - SAUDE COLETIVA - 51\/2025 &#8902; Unicesumar. Baixe agora mesmo um Mapa Pronto resolvido!","robots":{"index":"index","follow":"follow","max-snippet":"max-snippet:-1","max-image-preview":"max-image-preview:large","max-video-preview":"max-video-preview:-1"},"canonical":"https:\/\/atividademapa.com\/?product=mapa-saude-coletiva-51-2025","og_locale":"pt_BR","og_type":"article","og_title":"MAPA - SAUDE COLETIVA - 51\/2025","og_description":"Atividade MAPA - SAUDE COLETIVA - 51\/2025 &#8902; Unicesumar. Baixe agora mesmo um Mapa Pronto resolvido!","og_url":"https:\/\/atividademapa.com\/?product=mapa-saude-coletiva-51-2025","og_site_name":"Atividade Mapa","article_modified_time":"2025-02-26T12:14:51+00:00","og_image":[{"width":300,"height":300,"url":"https:\/\/i0.wp.com\/atividademapa.com\/wp-content\/uploads\/2023\/03\/Atividade-M.A.P.A-3.png?fit=300%2C300&ssl=1","type":"image\/png"}],"twitter_card":"summary_large_image","twitter_misc":{"Est. tempo de leitura":"4 minutos"},"schema":{"@context":"https:\/\/schema.org","@graph":[{"@type":"WebPage","@id":"https:\/\/atividademapa.com\/?product=mapa-saude-coletiva-51-2025","url":"https:\/\/atividademapa.com\/?product=mapa-saude-coletiva-51-2025","name":"MAPA - SAUDE COLETIVA - 51\/2025","isPartOf":{"@id":"https:\/\/atividademapa.com\/#website"},"primaryImageOfPage":{"@id":"https:\/\/atividademapa.com\/?product=mapa-saude-coletiva-51-2025#primaryimage"},"image":{"@id":"https:\/\/atividademapa.com\/?product=mapa-saude-coletiva-51-2025#primaryimage"},"thumbnailUrl":"https:\/\/i0.wp.com\/atividademapa.com\/wp-content\/uploads\/2023\/03\/Atividade-M.A.P.A-3.png?fit=300%2C300&ssl=1","datePublished":"2025-02-26T00:13:37+00:00","dateModified":"2025-02-26T12:14:51+00:00","description":"Atividade MAPA - SAUDE COLETIVA - 51\/2025 &#8902; Unicesumar. Baixe agora mesmo um Mapa Pronto resolvido!","breadcrumb":{"@id":"https:\/\/atividademapa.com\/?product=mapa-saude-coletiva-51-2025#breadcrumb"},"inLanguage":"pt-BR","potentialAction":[{"@type":"ReadAction","target":["https:\/\/atividademapa.com\/?product=mapa-saude-coletiva-51-2025"]}]},{"@type":"ImageObject","inLanguage":"pt-BR","@id":"https:\/\/atividademapa.com\/?product=mapa-saude-coletiva-51-2025#primaryimage","url":"https:\/\/i0.wp.com\/atividademapa.com\/wp-content\/uploads\/2023\/03\/Atividade-M.A.P.A-3.png?fit=300%2C300&ssl=1","contentUrl":"https:\/\/i0.wp.com\/atividademapa.com\/wp-content\/uploads\/2023\/03\/Atividade-M.A.P.A-3.png?fit=300%2C300&ssl=1","width":300,"height":300,"caption":"Mapa Unicesumar Atividade"},{"@type":"BreadcrumbList","@id":"https:\/\/atividademapa.com\/?product=mapa-saude-coletiva-51-2025#breadcrumb","itemListElement":[{"@type":"ListItem","position":1,"name":"In\u00edcio","item":"https:\/\/atividademapa.com\/"},{"@type":"ListItem","position":2,"name":"MAPAS","item":"https:\/\/atividademapa.com\/?page_id=5"},{"@type":"ListItem","position":3,"name":"MAPA &#8211; SAUDE COLETIVA &#8211; 51\/2025"}]},{"@type":"WebSite","@id":"https:\/\/atividademapa.com\/#website","url":"https:\/\/atividademapa.com\/","name":"Atividade Mapa","description":"StudeO | Unicesumar","publisher":{"@id":"https:\/\/atividademapa.com\/#organization"},"potentialAction":[{"@type":"SearchAction","target":{"@type":"EntryPoint","urlTemplate":"https:\/\/atividademapa.com\/?s={search_term_string}"},"query-input":{"@type":"PropertyValueSpecification","valueRequired":true,"valueName":"search_term_string"}}],"inLanguage":"pt-BR"},{"@type":"Organization","@id":"https:\/\/atividademapa.com\/#organization","name":"Atividade MAPA","url":"https:\/\/atividademapa.com\/","logo":{"@type":"ImageObject","inLanguage":"pt-BR","@id":"https:\/\/atividademapa.com\/#\/schema\/logo\/image\/","url":"https:\/\/i0.wp.com\/atividademapa.com\/wp-content\/uploads\/2023\/02\/ATIVIDADE.png?fit=600%2C300&ssl=1","contentUrl":"https:\/\/i0.wp.com\/atividademapa.com\/wp-content\/uploads\/2023\/02\/ATIVIDADE.png?fit=600%2C300&ssl=1","width":600,"height":300,"caption":"Atividade MAPA"},"image":{"@id":"https:\/\/atividademapa.com\/#\/schema\/logo\/image\/"}}]}},"_links":{"self":[{"href":"https:\/\/atividademapa.com\/index.php?rest_route=\/wp\/v2\/product\/5209","targetHints":{"allow":["GET"]}}],"collection":[{"href":"https:\/\/atividademapa.com\/index.php?rest_route=\/wp\/v2\/product"}],"about":[{"href":"https:\/\/atividademapa.com\/index.php?rest_route=\/wp\/v2\/types\/product"}],"version-history":[{"count":1,"href":"https:\/\/atividademapa.com\/index.php?rest_route=\/wp\/v2\/product\/5209\/revisions"}],"predecessor-version":[{"id":5211,"href":"https:\/\/atividademapa.com\/index.php?rest_route=\/wp\/v2\/product\/5209\/revisions\/5211"}],"wp:featuredmedia":[{"embeddable":true,"href":"https:\/\/atividademapa.com\/index.php?rest_route=\/wp\/v2\/media\/2326"}],"wp:attachment":[{"href":"https:\/\/atividademapa.com\/index.php?rest_route=%2Fwp%2Fv2%2Fmedia&parent=5209"}],"wp:term":[{"taxonomy":"product_brand","embeddable":true,"href":"https:\/\/atividademapa.com\/index.php?rest_route=%2Fwp%2Fv2%2Fproduct_brand&post=5209"},{"taxonomy":"product_cat","embeddable":true,"href":"https:\/\/atividademapa.com\/index.php?rest_route=%2Fwp%2Fv2%2Fproduct_cat&post=5209"},{"taxonomy":"product_tag","embeddable":true,"href":"https:\/\/atividademapa.com\/index.php?rest_route=%2Fwp%2Fv2%2Fproduct_tag&post=5209"}],"curies":[{"name":"wp","href":"https:\/\/api.w.org\/{rel}","templated":true}]}}