{"id":5214,"date":"2025-02-25T21:21:02","date_gmt":"2025-02-26T00:21:02","guid":{"rendered":"https:\/\/atividademapa.com\/?post_type=product&#038;p=5214"},"modified":"2025-03-10T19:57:51","modified_gmt":"2025-03-10T22:57:51","slug":"mapa-direitos-humanos-cidadania-e-seguranca-51-2025","status":"publish","type":"product","link":"https:\/\/atividademapa.com\/?product=mapa-direitos-humanos-cidadania-e-seguranca-51-2025","title":{"rendered":"MAPA- DIREITOS HUMANOS, CIDADANIA E SEGURAN\u00c7A &#8211; 51\/2025"},"content":{"rendered":"<p>MAPA- DIREITOS HUMANOS, CIDADANIA E SEGURAN\u00c7A &#8211; 51\/2025<\/p>\n<p>A Corte Interamericana de Direitos Humanos (Corte IDH) \u00e9 um \u00f3rg\u00e3o judicial aut\u00f4nomo que pertence ao sistema interamericano de prote\u00e7\u00e3o dos direitos humanos, criado pela Organiza\u00e7\u00e3o dos Estados Americanos (OEA). Ela tem como principal fun\u00e7\u00e3o a promo\u00e7\u00e3o e prote\u00e7\u00e3o dos direitos humanos na Am\u00e9rica, garantindo que os pa\u00edses-membros da OEA cumpram os compromissos assumidos com a Conven\u00e7\u00e3o Americana sobre Direitos Humanos (CADH), tamb\u00e9m conhecida como Pacto de San Jos\u00e9 da Costa Rica. O Brasil \u00e9 signat\u00e1rio do Pacto de San Jos\u00e9 da Costa Rica e, por isso, est\u00e1 na jurisdi\u00e7\u00e3o de atua\u00e7\u00e3o da Corte Interamericana de Direitos Humanos.<\/p>\n<p>A principal fun\u00e7\u00e3o da Corte \u00e9 julgar casos de viola\u00e7\u00e3o de direitos humanos cometidas por Estados que tenham ratificado a Conven\u00e7\u00e3o Americana e outros tratados relacionados. Ela atua, principalmente, em duas vertentes:<\/p>\n<p><strong>Jurisdi\u00e7\u00e3o Contenciosa<\/strong>: a Corte analisa e julga casos individuais de viola\u00e7\u00f5es de direitos humanos, quando os pa\u00edses n\u00e3o cumprem as decis\u00f5es da Comiss\u00e3o Interamericana de Direitos Humanos (CIDH), ou quando esses pa\u00edses concordam, voluntariamente, em submeter seus casos \u00e0 Corte. A Corte tamb\u00e9m pode receber a\u00e7\u00f5es de pa\u00edses que denunciam viola\u00e7\u00f5es cometidas por outro Estado.<\/p>\n<p><strong>Consultas Consultivas<\/strong>: a Corte emite pareceres em resposta a consultas feitas pelos Estados-membros ou por outros \u00f3rg\u00e3os da OEA sobre a interpreta\u00e7\u00e3o de normas de direitos humanos, contribuindo para o desenvolvimento e a uniformiza\u00e7\u00e3o do entendimento jur\u00eddico na regi\u00e3o.<\/p>\n<p>Al\u00e9m disso, a Corte tamb\u00e9m tem um papel educativo, promovendo a conscientiza\u00e7\u00e3o sobre os direitos humanos, e seus julgamentos possuem grande influ\u00eancia no fortalecimento das normas internacionais de direitos humanos.<\/p>\n<p>A sede da Corte Interamericana de Direitos Humanos est\u00e1 localizada em San Jos\u00e9, Costa Rica, desde sua funda\u00e7\u00e3o. A escolha da cidade se deu devido ao apoio do governo costarriquenho e ao fato de a Costa Rica ser um dos pa\u00edses mais envolvidos na promo\u00e7\u00e3o dos direitos humanos na regi\u00e3o.<\/p>\n<p>A Corte Interamericana tem um longo hist\u00f3rico de julgamentos importantes que moldaram a prote\u00e7\u00e3o dos direitos humanos na Am\u00e9rica Latina e em outras partes das Am\u00e9ricas. Alguns dos casos mais emblem\u00e1ticos incluem:<\/p>\n<p><strong>Caso Vel\u00e1squez Rodr\u00edguez vs. Honduras (1988)<\/strong>: esse foi o primeiro caso julgado pela Corte e estabeleceu importantes precedentes, como a responsabilidade do Estado pela investiga\u00e7\u00e3o e puni\u00e7\u00e3o de desaparecimentos for\u00e7ados.<\/p>\n<p><strong>Caso Gomes Lund vs. Brasil (2010)<\/strong>: esse caso tratou da responsabiliza\u00e7\u00e3o do Brasil pela repress\u00e3o militar durante a ditadura militar, incluindo a pr\u00e1tica de desaparecimentos for\u00e7ados e tortura. O Brasil foi condenado a reparar as v\u00edtimas e suas fam\u00edlias.<\/p>\n<p><strong>Caso Campo Algodonero vs. M\u00e9xico (2009)<\/strong>: a Corte determinou que o M\u00e9xico era respons\u00e1vel pela viola\u00e7\u00e3o dos direitos das mulheres em Ciudad Ju\u00e1rez, onde ocorreram casos de feminic\u00eddios e desaparecimentos de mulheres, al\u00e9m de uma falha do Estado em prevenir e investigar esses crimes.<\/p>\n<p>Al\u00e9m desses, a Corte tem julgado in\u00fameros casos envolvendo tortura, desaparecimentos for\u00e7ados, liberdade de express\u00e3o, igualdade de g\u00eanero, entre outros temas, desempenhando um papel crucial na defesa dos direitos humanos na regi\u00e3o.<\/p>\n<p>A Corte Interamericana de Direitos Humanos tem contribu\u00eddo significativamente para a constru\u00e7\u00e3o de um sistema internacional de justi\u00e7a, refor\u00e7ando a responsabilidade dos Estados em rela\u00e7\u00e3o \u00e0 prote\u00e7\u00e3o dos direitos humanos e criando um mecanismo de den\u00fancia acess\u00edvel a v\u00edtimas de abusos.<\/p>\n<p>Fonte: adaptado de: https:\/\/www.corteidh.or.cr\/index.cfm?lang=pt. Acesso em: 20 jan. 2025.<\/p>\n<p>A Corte tem um papel fundamental na fiscaliza\u00e7\u00e3o dos pa\u00edses signat\u00e1rios visando coibir abusos e viola\u00e7\u00f5es de direitos. Um caso que chama a aten\u00e7\u00e3o foi a condena\u00e7\u00e3o do Brasil em raz\u00e3o da &#8220;MORTE E LES\u00d5ES A TRABALHADORES RURAIS EM CONTEXTO DE UM PROTESTO SOCIAL NO PARAN\u00c1&#8221;.<\/p>\n<p>Fonte: https:\/\/www.corteidh.or.cr\/docs\/comunicados\/cp_13_2024_port.pdf. Acesso em: 20 jan. 2025.<\/p>\n<p>\u200bAnalisando todo o contexto da disciplina, o texto apresentado e seus conhecimentos t\u00e9cnicos na \u00e1rea de seguran\u00e7a, responda \u00e0s quest\u00f5es a seguir:<\/p>\n<p>&nbsp;<\/p>\n<p>&nbsp;<\/p>\n<ol>\n<li>Qual \u00e9 o papel da Corte Interamericana de Direitos Humanos (Corte IDH) no sistema de prote\u00e7\u00e3o dos direitos humanos na Am\u00e9rica Latina e como ela contribui para a aplica\u00e7\u00e3o da Conven\u00e7\u00e3o Americana sobre Direitos Humanos (CADH)?\u200b2. Explique a import\u00e2ncia do Caso Vel\u00e1squez Rodr\u00edguez vs. Honduras e seu impacto nas decis\u00f5es da Corte Interamericana de Direitos Humanos.<\/li>\n<li>Como a Corte Interamericana de Direitos Humanos pode atuar em situa\u00e7\u00f5es de abusos contra direitos humanos em protestos sociais, com base no caso mencionado sobre a &#8220;morte e les\u00f5es a trabalhadores rurais em contexto de protesto social no Paran\u00e1&#8221;?\u200b4. De que maneira a Corte Interamericana de Direitos Humanos tem influenciado o fortalecimento das normas internacionais de direitos humanos e a atua\u00e7\u00e3o dos Estados-membros da OEA?\n<p>\u200b5. Como a Corte Interamericana de Direitos Humanos contribui para a conscientiza\u00e7\u00e3o sobre direitos humanos e a educa\u00e7\u00e3o na regi\u00e3o das Am\u00e9ricas?<\/li>\n<\/ol>\n","protected":false},"excerpt":{"rendered":"<p>MAPA- DIREITOS HUMANOS, CIDADANIA E SEGURAN\u00c7A &#8211; 51\/2025 A Corte Interamericana de Direitos Humanos (Corte IDH) \u00e9 um \u00f3rg\u00e3o judicial<\/p>\n","protected":false},"featured_media":2326,"template":"","meta":{"_monsterinsights_skip_tracking":false,"_monsterinsights_sitenote_active":false,"_monsterinsights_sitenote_note":"","_monsterinsights_sitenote_category":0},"product_brand":[],"product_cat":[114],"product_tag":[],"class_list":{"0":"post-5214","1":"product","2":"type-product","3":"status-publish","4":"has-post-thumbnail","6":"product_cat-seguranca-privada","8":"first","9":"instock","10":"downloadable","11":"virtual","12":"purchasable","13":"product-type-simple"},"yoast_head":"<!-- This site is optimized with the Yoast SEO plugin v27.4 - https:\/\/yoast.com\/product\/yoast-seo-wordpress\/ -->\n<title>MAPA- DIREITOS HUMANOS, CIDADANIA E SEGURAN\u00c7A - 51\/2025<\/title>\n<meta name=\"description\" content=\"Atividade MAPA- DIREITOS HUMANOS, CIDADANIA E SEGURAN\u00c7A - 51\/2025 &#8902; Unicesumar. Baixe agora mesmo um Mapa Pronto resolvido!\" \/>\n<meta name=\"robots\" content=\"index, follow, max-snippet:-1, max-image-preview:large, max-video-preview:-1\" \/>\n<link rel=\"canonical\" href=\"https:\/\/atividademapa.com\/?product=mapa-direitos-humanos-cidadania-e-seguranca-51-2025\" \/>\n<meta property=\"og:locale\" content=\"pt_BR\" \/>\n<meta property=\"og:type\" content=\"article\" \/>\n<meta property=\"og:title\" content=\"MAPA- DIREITOS HUMANOS, CIDADANIA E SEGURAN\u00c7A - 51\/2025\" \/>\n<meta property=\"og:description\" content=\"Atividade MAPA- DIREITOS HUMANOS, CIDADANIA E SEGURAN\u00c7A - 51\/2025 &#8902; Unicesumar. Baixe agora mesmo um Mapa Pronto resolvido!\" \/>\n<meta property=\"og:url\" content=\"https:\/\/atividademapa.com\/?product=mapa-direitos-humanos-cidadania-e-seguranca-51-2025\" \/>\n<meta property=\"og:site_name\" content=\"Atividade Mapa\" \/>\n<meta property=\"article:modified_time\" content=\"2025-03-10T22:57:51+00:00\" \/>\n<meta property=\"og:image\" content=\"https:\/\/i0.wp.com\/atividademapa.com\/wp-content\/uploads\/2023\/03\/Atividade-M.A.P.A-3.png?fit=300%2C300&ssl=1\" \/>\n\t<meta property=\"og:image:width\" content=\"300\" \/>\n\t<meta property=\"og:image:height\" content=\"300\" \/>\n\t<meta property=\"og:image:type\" content=\"image\/png\" \/>\n<meta name=\"twitter:card\" content=\"summary_large_image\" \/>\n<meta name=\"twitter:label1\" content=\"Est. tempo de leitura\" \/>\n\t<meta name=\"twitter:data1\" content=\"4 minutos\" \/>\n<script type=\"application\/ld+json\" class=\"yoast-schema-graph\">{\"@context\":\"https:\\\/\\\/schema.org\",\"@graph\":[{\"@type\":\"WebPage\",\"@id\":\"https:\\\/\\\/atividademapa.com\\\/?product=mapa-direitos-humanos-cidadania-e-seguranca-51-2025\",\"url\":\"https:\\\/\\\/atividademapa.com\\\/?product=mapa-direitos-humanos-cidadania-e-seguranca-51-2025\",\"name\":\"MAPA- DIREITOS HUMANOS, CIDADANIA E SEGURAN\u00c7A - 51\\\/2025\",\"isPartOf\":{\"@id\":\"https:\\\/\\\/atividademapa.com\\\/#website\"},\"primaryImageOfPage\":{\"@id\":\"https:\\\/\\\/atividademapa.com\\\/?product=mapa-direitos-humanos-cidadania-e-seguranca-51-2025#primaryimage\"},\"image\":{\"@id\":\"https:\\\/\\\/atividademapa.com\\\/?product=mapa-direitos-humanos-cidadania-e-seguranca-51-2025#primaryimage\"},\"thumbnailUrl\":\"https:\\\/\\\/i0.wp.com\\\/atividademapa.com\\\/wp-content\\\/uploads\\\/2023\\\/03\\\/Atividade-M.A.P.A-3.png?fit=300%2C300&ssl=1\",\"datePublished\":\"2025-02-26T00:21:02+00:00\",\"dateModified\":\"2025-03-10T22:57:51+00:00\",\"description\":\"Atividade MAPA- DIREITOS HUMANOS, CIDADANIA E SEGURAN\u00c7A - 51\\\/2025 &#8902; Unicesumar. Baixe agora mesmo um Mapa Pronto resolvido!\",\"breadcrumb\":{\"@id\":\"https:\\\/\\\/atividademapa.com\\\/?product=mapa-direitos-humanos-cidadania-e-seguranca-51-2025#breadcrumb\"},\"inLanguage\":\"pt-BR\",\"potentialAction\":[{\"@type\":\"ReadAction\",\"target\":[\"https:\\\/\\\/atividademapa.com\\\/?product=mapa-direitos-humanos-cidadania-e-seguranca-51-2025\"]}]},{\"@type\":\"ImageObject\",\"inLanguage\":\"pt-BR\",\"@id\":\"https:\\\/\\\/atividademapa.com\\\/?product=mapa-direitos-humanos-cidadania-e-seguranca-51-2025#primaryimage\",\"url\":\"https:\\\/\\\/i0.wp.com\\\/atividademapa.com\\\/wp-content\\\/uploads\\\/2023\\\/03\\\/Atividade-M.A.P.A-3.png?fit=300%2C300&ssl=1\",\"contentUrl\":\"https:\\\/\\\/i0.wp.com\\\/atividademapa.com\\\/wp-content\\\/uploads\\\/2023\\\/03\\\/Atividade-M.A.P.A-3.png?fit=300%2C300&ssl=1\",\"width\":300,\"height\":300,\"caption\":\"Mapa Unicesumar Atividade\"},{\"@type\":\"BreadcrumbList\",\"@id\":\"https:\\\/\\\/atividademapa.com\\\/?product=mapa-direitos-humanos-cidadania-e-seguranca-51-2025#breadcrumb\",\"itemListElement\":[{\"@type\":\"ListItem\",\"position\":1,\"name\":\"In\u00edcio\",\"item\":\"https:\\\/\\\/atividademapa.com\\\/\"},{\"@type\":\"ListItem\",\"position\":2,\"name\":\"MAPAS\",\"item\":\"https:\\\/\\\/atividademapa.com\\\/?page_id=5\"},{\"@type\":\"ListItem\",\"position\":3,\"name\":\"MAPA- DIREITOS HUMANOS, CIDADANIA E SEGURAN\u00c7A &#8211; 51\\\/2025\"}]},{\"@type\":\"WebSite\",\"@id\":\"https:\\\/\\\/atividademapa.com\\\/#website\",\"url\":\"https:\\\/\\\/atividademapa.com\\\/\",\"name\":\"Atividade Mapa\",\"description\":\"StudeO | Unicesumar\",\"publisher\":{\"@id\":\"https:\\\/\\\/atividademapa.com\\\/#organization\"},\"potentialAction\":[{\"@type\":\"SearchAction\",\"target\":{\"@type\":\"EntryPoint\",\"urlTemplate\":\"https:\\\/\\\/atividademapa.com\\\/?s={search_term_string}\"},\"query-input\":{\"@type\":\"PropertyValueSpecification\",\"valueRequired\":true,\"valueName\":\"search_term_string\"}}],\"inLanguage\":\"pt-BR\"},{\"@type\":\"Organization\",\"@id\":\"https:\\\/\\\/atividademapa.com\\\/#organization\",\"name\":\"Atividade MAPA\",\"url\":\"https:\\\/\\\/atividademapa.com\\\/\",\"logo\":{\"@type\":\"ImageObject\",\"inLanguage\":\"pt-BR\",\"@id\":\"https:\\\/\\\/atividademapa.com\\\/#\\\/schema\\\/logo\\\/image\\\/\",\"url\":\"https:\\\/\\\/i0.wp.com\\\/atividademapa.com\\\/wp-content\\\/uploads\\\/2023\\\/02\\\/ATIVIDADE.png?fit=600%2C300&ssl=1\",\"contentUrl\":\"https:\\\/\\\/i0.wp.com\\\/atividademapa.com\\\/wp-content\\\/uploads\\\/2023\\\/02\\\/ATIVIDADE.png?fit=600%2C300&ssl=1\",\"width\":600,\"height\":300,\"caption\":\"Atividade MAPA\"},\"image\":{\"@id\":\"https:\\\/\\\/atividademapa.com\\\/#\\\/schema\\\/logo\\\/image\\\/\"}}]}<\/script>\n<!-- \/ Yoast SEO plugin. -->","yoast_head_json":{"title":"MAPA- DIREITOS HUMANOS, CIDADANIA E SEGURAN\u00c7A - 51\/2025","description":"Atividade MAPA- DIREITOS HUMANOS, CIDADANIA E SEGURAN\u00c7A - 51\/2025 &#8902; Unicesumar. Baixe agora mesmo um Mapa Pronto resolvido!","robots":{"index":"index","follow":"follow","max-snippet":"max-snippet:-1","max-image-preview":"max-image-preview:large","max-video-preview":"max-video-preview:-1"},"canonical":"https:\/\/atividademapa.com\/?product=mapa-direitos-humanos-cidadania-e-seguranca-51-2025","og_locale":"pt_BR","og_type":"article","og_title":"MAPA- DIREITOS HUMANOS, CIDADANIA E SEGURAN\u00c7A - 51\/2025","og_description":"Atividade MAPA- DIREITOS HUMANOS, CIDADANIA E SEGURAN\u00c7A - 51\/2025 &#8902; Unicesumar. Baixe agora mesmo um Mapa Pronto resolvido!","og_url":"https:\/\/atividademapa.com\/?product=mapa-direitos-humanos-cidadania-e-seguranca-51-2025","og_site_name":"Atividade Mapa","article_modified_time":"2025-03-10T22:57:51+00:00","og_image":[{"width":300,"height":300,"url":"https:\/\/i0.wp.com\/atividademapa.com\/wp-content\/uploads\/2023\/03\/Atividade-M.A.P.A-3.png?fit=300%2C300&ssl=1","type":"image\/png"}],"twitter_card":"summary_large_image","twitter_misc":{"Est. tempo de leitura":"4 minutos"},"schema":{"@context":"https:\/\/schema.org","@graph":[{"@type":"WebPage","@id":"https:\/\/atividademapa.com\/?product=mapa-direitos-humanos-cidadania-e-seguranca-51-2025","url":"https:\/\/atividademapa.com\/?product=mapa-direitos-humanos-cidadania-e-seguranca-51-2025","name":"MAPA- DIREITOS HUMANOS, CIDADANIA E SEGURAN\u00c7A - 51\/2025","isPartOf":{"@id":"https:\/\/atividademapa.com\/#website"},"primaryImageOfPage":{"@id":"https:\/\/atividademapa.com\/?product=mapa-direitos-humanos-cidadania-e-seguranca-51-2025#primaryimage"},"image":{"@id":"https:\/\/atividademapa.com\/?product=mapa-direitos-humanos-cidadania-e-seguranca-51-2025#primaryimage"},"thumbnailUrl":"https:\/\/i0.wp.com\/atividademapa.com\/wp-content\/uploads\/2023\/03\/Atividade-M.A.P.A-3.png?fit=300%2C300&ssl=1","datePublished":"2025-02-26T00:21:02+00:00","dateModified":"2025-03-10T22:57:51+00:00","description":"Atividade MAPA- DIREITOS HUMANOS, CIDADANIA E SEGURAN\u00c7A - 51\/2025 &#8902; Unicesumar. Baixe agora mesmo um Mapa Pronto resolvido!","breadcrumb":{"@id":"https:\/\/atividademapa.com\/?product=mapa-direitos-humanos-cidadania-e-seguranca-51-2025#breadcrumb"},"inLanguage":"pt-BR","potentialAction":[{"@type":"ReadAction","target":["https:\/\/atividademapa.com\/?product=mapa-direitos-humanos-cidadania-e-seguranca-51-2025"]}]},{"@type":"ImageObject","inLanguage":"pt-BR","@id":"https:\/\/atividademapa.com\/?product=mapa-direitos-humanos-cidadania-e-seguranca-51-2025#primaryimage","url":"https:\/\/i0.wp.com\/atividademapa.com\/wp-content\/uploads\/2023\/03\/Atividade-M.A.P.A-3.png?fit=300%2C300&ssl=1","contentUrl":"https:\/\/i0.wp.com\/atividademapa.com\/wp-content\/uploads\/2023\/03\/Atividade-M.A.P.A-3.png?fit=300%2C300&ssl=1","width":300,"height":300,"caption":"Mapa Unicesumar Atividade"},{"@type":"BreadcrumbList","@id":"https:\/\/atividademapa.com\/?product=mapa-direitos-humanos-cidadania-e-seguranca-51-2025#breadcrumb","itemListElement":[{"@type":"ListItem","position":1,"name":"In\u00edcio","item":"https:\/\/atividademapa.com\/"},{"@type":"ListItem","position":2,"name":"MAPAS","item":"https:\/\/atividademapa.com\/?page_id=5"},{"@type":"ListItem","position":3,"name":"MAPA- DIREITOS HUMANOS, CIDADANIA E SEGURAN\u00c7A &#8211; 51\/2025"}]},{"@type":"WebSite","@id":"https:\/\/atividademapa.com\/#website","url":"https:\/\/atividademapa.com\/","name":"Atividade Mapa","description":"StudeO | Unicesumar","publisher":{"@id":"https:\/\/atividademapa.com\/#organization"},"potentialAction":[{"@type":"SearchAction","target":{"@type":"EntryPoint","urlTemplate":"https:\/\/atividademapa.com\/?s={search_term_string}"},"query-input":{"@type":"PropertyValueSpecification","valueRequired":true,"valueName":"search_term_string"}}],"inLanguage":"pt-BR"},{"@type":"Organization","@id":"https:\/\/atividademapa.com\/#organization","name":"Atividade MAPA","url":"https:\/\/atividademapa.com\/","logo":{"@type":"ImageObject","inLanguage":"pt-BR","@id":"https:\/\/atividademapa.com\/#\/schema\/logo\/image\/","url":"https:\/\/i0.wp.com\/atividademapa.com\/wp-content\/uploads\/2023\/02\/ATIVIDADE.png?fit=600%2C300&ssl=1","contentUrl":"https:\/\/i0.wp.com\/atividademapa.com\/wp-content\/uploads\/2023\/02\/ATIVIDADE.png?fit=600%2C300&ssl=1","width":600,"height":300,"caption":"Atividade MAPA"},"image":{"@id":"https:\/\/atividademapa.com\/#\/schema\/logo\/image\/"}}]}},"_links":{"self":[{"href":"https:\/\/atividademapa.com\/index.php?rest_route=\/wp\/v2\/product\/5214","targetHints":{"allow":["GET"]}}],"collection":[{"href":"https:\/\/atividademapa.com\/index.php?rest_route=\/wp\/v2\/product"}],"about":[{"href":"https:\/\/atividademapa.com\/index.php?rest_route=\/wp\/v2\/types\/product"}],"version-history":[{"count":2,"href":"https:\/\/atividademapa.com\/index.php?rest_route=\/wp\/v2\/product\/5214\/revisions"}],"predecessor-version":[{"id":5342,"href":"https:\/\/atividademapa.com\/index.php?rest_route=\/wp\/v2\/product\/5214\/revisions\/5342"}],"wp:featuredmedia":[{"embeddable":true,"href":"https:\/\/atividademapa.com\/index.php?rest_route=\/wp\/v2\/media\/2326"}],"wp:attachment":[{"href":"https:\/\/atividademapa.com\/index.php?rest_route=%2Fwp%2Fv2%2Fmedia&parent=5214"}],"wp:term":[{"taxonomy":"product_brand","embeddable":true,"href":"https:\/\/atividademapa.com\/index.php?rest_route=%2Fwp%2Fv2%2Fproduct_brand&post=5214"},{"taxonomy":"product_cat","embeddable":true,"href":"https:\/\/atividademapa.com\/index.php?rest_route=%2Fwp%2Fv2%2Fproduct_cat&post=5214"},{"taxonomy":"product_tag","embeddable":true,"href":"https:\/\/atividademapa.com\/index.php?rest_route=%2Fwp%2Fv2%2Fproduct_tag&post=5214"}],"curies":[{"name":"wp","href":"https:\/\/api.w.org\/{rel}","templated":true}]}}