{"id":5229,"date":"2025-02-25T22:13:09","date_gmt":"2025-02-26T01:13:09","guid":{"rendered":"https:\/\/atividademapa.com\/?post_type=product&#038;p=5229"},"modified":"2025-03-03T16:36:02","modified_gmt":"2025-03-03T19:36:02","slug":"mapa-ecos-cosmetologia-51_2025","status":"publish","type":"product","link":"https:\/\/atividademapa.com\/?product=mapa-ecos-cosmetologia-51_2025","title":{"rendered":"MAPA &#8211; ECOS &#8211; COSMETOLOGIA &#8211; 51_2025"},"content":{"rendered":"<p>MAPA &#8211; ECOS &#8211; COSMETOLOGIA &#8211; 51_2025<\/p>\n<div class=\"panel-heading\">\n<div class=\"panel-title cursor ng-binding\" data-toggle=\"collapse\">Quest\u00e3o 1<\/div>\n<div class=\"panel-controls\">\n<ul>\n<li><\/li>\n<\/ul>\n<\/div>\n<\/div>\n<div class=\"panel-body p-t-20 b-t b-grey\">\n<div class=\"enunciado ng-binding\">\n<p>Ol\u00e1 acad\u00eamico, tudo bem?<br class=\"ng-scope\" \/>\u00a0<br class=\"ng-scope\" \/>Ao longo da disciplina de cosmetologia voc\u00ea conhecer\u00e1 os diferentes tipos de cosm\u00e9ticos, como eles atuam para desempenhar as suas fun\u00e7\u00f5es e os componentes presentes neles, dentre eles os cosm\u00e9ticos capilares que s\u00e3o muito presentes no dia a dia de homens e mulheres.<br class=\"ng-scope\" \/>\u00a0<br class=\"ng-scope\" \/>O processo de produ\u00e7\u00e3o de sab\u00e3o para higiene \u00e9 bem antigo, e foi sendo aprimorado ao longo dos anos. Para higiene dos cabelos, foi no s\u00e9culo XX, que surgiram diferentes tipos de xampus, espec\u00edficos para cada tipo de cabelo, assim como ele passou a ser produzido com mat\u00e9rias primas sint\u00e9ticas para ser mais barato.<\/p>\n<div class=\"ng-scope\">HIST\u00d3RIA DE TUDO. A hist\u00f3ria do xampu. 2015. Dispon\u00edvel em: https:\/\/www. historiadetudo. com\/xampu. Acesso em: 20 jun. 2023.<\/div>\n<p><br class=\"ng-scope\" \/>No tema de aprendizagem 5, voc\u00ea conheceu como os principais cosm\u00e9ticos capilares, como eles fazem a higieniza\u00e7\u00e3o e tratamento dos fios, assim como seus componentes. Com base nestes estudos responda as quest\u00f5es a seguir sobre os cosm\u00e9ticos capilares.<br class=\"ng-scope\" \/><br class=\"ng-scope\" \/>1)\u00a0<strong class=\"ng-scope\">Cite<\/strong>\u00a0qual componente dos xampus permite a remo\u00e7\u00e3o da oleosidade e das sujidades do couro cabeludo e dos fios?<br class=\"ng-scope\" \/>2)\u00a0<strong class=\"ng-scope\">Cite<\/strong>\u00a0qual classe de tensoativos apresenta uma excelente a\u00e7\u00e3o emulsionante que faz com que eles sejam utilizados nos condicionadores?<br class=\"ng-scope\" \/>3)\u00a0<strong class=\"ng-scope\">Explique<\/strong>\u00a0como \u00e9 a estrutura dos tensoativos que permite com que se formem as micelas.<br class=\"ng-scope\" \/>4)\u00a0<strong class=\"ng-scope\">Explique<\/strong>\u00a0o que s\u00e3o cremes para pentear\u00a0<em class=\"ng-scope\">leave-on<\/em>.<br class=\"ng-scope\" \/><br class=\"ng-scope\" \/><br class=\"ng-scope\" \/>\u200b<strong class=\"ng-scope\">Orienta\u00e7\u00f5es para desenvolver sua atividade MAPA:<\/strong><br class=\"ng-scope\" \/>1. Leia o livro da disciplina.<br class=\"ng-scope\" \/>2. Assista \u00e0s aulas conceituais e ao vivo.<br class=\"ng-scope\" \/>3. Assista ao v\u00eddeo de orienta\u00e7\u00e3o para a realiza\u00e7\u00e3o da atividade (copiar e colar no navegador de internet): https:\/\/www.youtube.com\/watch?v=pB2dkwH9onU<br class=\"ng-scope\" \/>4. Baixe o &#8220;Formul\u00e1rio de entrega do MAPA&#8221;, dispon\u00edvel no ambiente Studeo, na pasta \u201cMaterial da Disciplina\u201d, e preencha corretamente todos os campos solicitados.<br class=\"ng-scope\" \/>5. Anexe seu modelo de entrega do MAPA respondido no espa\u00e7o espec\u00edfico da atividade MAPA.<br class=\"ng-scope\" \/>6. Lembre-se de clicar em \u201cFinalizar\u201d para efetivar sua participa\u00e7\u00e3o.<br class=\"ng-scope\" \/>7. Evite pl\u00e1gio de informa\u00e7\u00f5es. Nesse caso, insira a refer\u00eancia utilizada para consulta das respostas.<br class=\"ng-scope\" \/>\u00a0<br class=\"ng-scope\" \/>*Esta atividade faz parte da composi\u00e7\u00e3o de notas da disciplina. Sua realiza\u00e7\u00e3o \u00e9 muito importante.<br class=\"ng-scope\" \/>**Em caso de d\u00favidas, entre em contato com a sua professora mediadora.<\/p>\n<\/div>\n<\/div>\n","protected":false},"excerpt":{"rendered":"<p>MAPA &#8211; ECOS &#8211; COSMETOLOGIA &#8211; 51_2025 Quest\u00e3o 1 Ol\u00e1 acad\u00eamico, tudo bem?\u00a0Ao longo da disciplina de cosmetologia voc\u00ea conhecer\u00e1<\/p>\n","protected":false},"featured_media":2326,"template":"","meta":{"_monsterinsights_skip_tracking":false,"_monsterinsights_sitenote_active":false,"_monsterinsights_sitenote_note":"","_monsterinsights_sitenote_category":0},"product_brand":[],"product_cat":[124],"product_tag":[],"class_list":{"0":"post-5229","1":"product","2":"type-product","3":"status-publish","4":"has-post-thumbnail","6":"product_cat-estetica-e-cosmetica","8":"first","9":"instock","10":"downloadable","11":"virtual","12":"purchasable","13":"product-type-simple"},"yoast_head":"<!-- This site is optimized with the Yoast SEO plugin v27.4 - https:\/\/yoast.com\/product\/yoast-seo-wordpress\/ -->\n<title>MAPA - ECOS - COSMETOLOGIA - 51_2025<\/title>\n<meta name=\"description\" content=\"Atividade MAPA - ECOS - COSMETOLOGIA - 51_2025 &#8902; Unicesumar. Baixe agora mesmo um Mapa Pronto resolvido!\" \/>\n<meta name=\"robots\" content=\"index, follow, max-snippet:-1, max-image-preview:large, max-video-preview:-1\" \/>\n<link rel=\"canonical\" href=\"https:\/\/atividademapa.com\/?product=mapa-ecos-cosmetologia-51_2025\" \/>\n<meta property=\"og:locale\" content=\"pt_BR\" \/>\n<meta property=\"og:type\" content=\"article\" \/>\n<meta property=\"og:title\" content=\"MAPA - ECOS - COSMETOLOGIA - 51_2025\" \/>\n<meta property=\"og:description\" content=\"Atividade MAPA - ECOS - COSMETOLOGIA - 51_2025 &#8902; Unicesumar. Baixe agora mesmo um Mapa Pronto resolvido!\" \/>\n<meta property=\"og:url\" content=\"https:\/\/atividademapa.com\/?product=mapa-ecos-cosmetologia-51_2025\" \/>\n<meta property=\"og:site_name\" content=\"Atividade Mapa\" \/>\n<meta property=\"article:modified_time\" content=\"2025-03-03T19:36:02+00:00\" \/>\n<meta property=\"og:image\" content=\"https:\/\/i0.wp.com\/atividademapa.com\/wp-content\/uploads\/2023\/03\/Atividade-M.A.P.A-3.png?fit=300%2C300&ssl=1\" \/>\n\t<meta property=\"og:image:width\" content=\"300\" \/>\n\t<meta property=\"og:image:height\" content=\"300\" \/>\n\t<meta property=\"og:image:type\" content=\"image\/png\" \/>\n<meta name=\"twitter:card\" content=\"summary_large_image\" \/>\n<meta name=\"twitter:label1\" content=\"Est. tempo de leitura\" \/>\n\t<meta name=\"twitter:data1\" content=\"2 minutos\" \/>\n<script type=\"application\/ld+json\" class=\"yoast-schema-graph\">{\"@context\":\"https:\\\/\\\/schema.org\",\"@graph\":[{\"@type\":\"WebPage\",\"@id\":\"https:\\\/\\\/atividademapa.com\\\/?product=mapa-ecos-cosmetologia-51_2025\",\"url\":\"https:\\\/\\\/atividademapa.com\\\/?product=mapa-ecos-cosmetologia-51_2025\",\"name\":\"MAPA - ECOS - COSMETOLOGIA - 51_2025\",\"isPartOf\":{\"@id\":\"https:\\\/\\\/atividademapa.com\\\/#website\"},\"primaryImageOfPage\":{\"@id\":\"https:\\\/\\\/atividademapa.com\\\/?product=mapa-ecos-cosmetologia-51_2025#primaryimage\"},\"image\":{\"@id\":\"https:\\\/\\\/atividademapa.com\\\/?product=mapa-ecos-cosmetologia-51_2025#primaryimage\"},\"thumbnailUrl\":\"https:\\\/\\\/i0.wp.com\\\/atividademapa.com\\\/wp-content\\\/uploads\\\/2023\\\/03\\\/Atividade-M.A.P.A-3.png?fit=300%2C300&ssl=1\",\"datePublished\":\"2025-02-26T01:13:09+00:00\",\"dateModified\":\"2025-03-03T19:36:02+00:00\",\"description\":\"Atividade MAPA - ECOS - COSMETOLOGIA - 51_2025 &#8902; Unicesumar. Baixe agora mesmo um Mapa Pronto resolvido!\",\"breadcrumb\":{\"@id\":\"https:\\\/\\\/atividademapa.com\\\/?product=mapa-ecos-cosmetologia-51_2025#breadcrumb\"},\"inLanguage\":\"pt-BR\",\"potentialAction\":[{\"@type\":\"ReadAction\",\"target\":[\"https:\\\/\\\/atividademapa.com\\\/?product=mapa-ecos-cosmetologia-51_2025\"]}]},{\"@type\":\"ImageObject\",\"inLanguage\":\"pt-BR\",\"@id\":\"https:\\\/\\\/atividademapa.com\\\/?product=mapa-ecos-cosmetologia-51_2025#primaryimage\",\"url\":\"https:\\\/\\\/i0.wp.com\\\/atividademapa.com\\\/wp-content\\\/uploads\\\/2023\\\/03\\\/Atividade-M.A.P.A-3.png?fit=300%2C300&ssl=1\",\"contentUrl\":\"https:\\\/\\\/i0.wp.com\\\/atividademapa.com\\\/wp-content\\\/uploads\\\/2023\\\/03\\\/Atividade-M.A.P.A-3.png?fit=300%2C300&ssl=1\",\"width\":300,\"height\":300,\"caption\":\"Mapa Unicesumar Atividade\"},{\"@type\":\"BreadcrumbList\",\"@id\":\"https:\\\/\\\/atividademapa.com\\\/?product=mapa-ecos-cosmetologia-51_2025#breadcrumb\",\"itemListElement\":[{\"@type\":\"ListItem\",\"position\":1,\"name\":\"In\u00edcio\",\"item\":\"https:\\\/\\\/atividademapa.com\\\/\"},{\"@type\":\"ListItem\",\"position\":2,\"name\":\"MAPAS\",\"item\":\"https:\\\/\\\/atividademapa.com\\\/?page_id=5\"},{\"@type\":\"ListItem\",\"position\":3,\"name\":\"MAPA &#8211; ECOS &#8211; COSMETOLOGIA &#8211; 51_2025\"}]},{\"@type\":\"WebSite\",\"@id\":\"https:\\\/\\\/atividademapa.com\\\/#website\",\"url\":\"https:\\\/\\\/atividademapa.com\\\/\",\"name\":\"Atividade Mapa\",\"description\":\"StudeO | Unicesumar\",\"publisher\":{\"@id\":\"https:\\\/\\\/atividademapa.com\\\/#organization\"},\"potentialAction\":[{\"@type\":\"SearchAction\",\"target\":{\"@type\":\"EntryPoint\",\"urlTemplate\":\"https:\\\/\\\/atividademapa.com\\\/?s={search_term_string}\"},\"query-input\":{\"@type\":\"PropertyValueSpecification\",\"valueRequired\":true,\"valueName\":\"search_term_string\"}}],\"inLanguage\":\"pt-BR\"},{\"@type\":\"Organization\",\"@id\":\"https:\\\/\\\/atividademapa.com\\\/#organization\",\"name\":\"Atividade MAPA\",\"url\":\"https:\\\/\\\/atividademapa.com\\\/\",\"logo\":{\"@type\":\"ImageObject\",\"inLanguage\":\"pt-BR\",\"@id\":\"https:\\\/\\\/atividademapa.com\\\/#\\\/schema\\\/logo\\\/image\\\/\",\"url\":\"https:\\\/\\\/i0.wp.com\\\/atividademapa.com\\\/wp-content\\\/uploads\\\/2023\\\/02\\\/ATIVIDADE.png?fit=600%2C300&ssl=1\",\"contentUrl\":\"https:\\\/\\\/i0.wp.com\\\/atividademapa.com\\\/wp-content\\\/uploads\\\/2023\\\/02\\\/ATIVIDADE.png?fit=600%2C300&ssl=1\",\"width\":600,\"height\":300,\"caption\":\"Atividade MAPA\"},\"image\":{\"@id\":\"https:\\\/\\\/atividademapa.com\\\/#\\\/schema\\\/logo\\\/image\\\/\"}}]}<\/script>\n<!-- \/ Yoast SEO plugin. -->","yoast_head_json":{"title":"MAPA - ECOS - COSMETOLOGIA - 51_2025","description":"Atividade MAPA - ECOS - COSMETOLOGIA - 51_2025 &#8902; Unicesumar. Baixe agora mesmo um Mapa Pronto resolvido!","robots":{"index":"index","follow":"follow","max-snippet":"max-snippet:-1","max-image-preview":"max-image-preview:large","max-video-preview":"max-video-preview:-1"},"canonical":"https:\/\/atividademapa.com\/?product=mapa-ecos-cosmetologia-51_2025","og_locale":"pt_BR","og_type":"article","og_title":"MAPA - ECOS - COSMETOLOGIA - 51_2025","og_description":"Atividade MAPA - ECOS - COSMETOLOGIA - 51_2025 &#8902; Unicesumar. Baixe agora mesmo um Mapa Pronto resolvido!","og_url":"https:\/\/atividademapa.com\/?product=mapa-ecos-cosmetologia-51_2025","og_site_name":"Atividade Mapa","article_modified_time":"2025-03-03T19:36:02+00:00","og_image":[{"width":300,"height":300,"url":"https:\/\/i0.wp.com\/atividademapa.com\/wp-content\/uploads\/2023\/03\/Atividade-M.A.P.A-3.png?fit=300%2C300&ssl=1","type":"image\/png"}],"twitter_card":"summary_large_image","twitter_misc":{"Est. tempo de leitura":"2 minutos"},"schema":{"@context":"https:\/\/schema.org","@graph":[{"@type":"WebPage","@id":"https:\/\/atividademapa.com\/?product=mapa-ecos-cosmetologia-51_2025","url":"https:\/\/atividademapa.com\/?product=mapa-ecos-cosmetologia-51_2025","name":"MAPA - ECOS - COSMETOLOGIA - 51_2025","isPartOf":{"@id":"https:\/\/atividademapa.com\/#website"},"primaryImageOfPage":{"@id":"https:\/\/atividademapa.com\/?product=mapa-ecos-cosmetologia-51_2025#primaryimage"},"image":{"@id":"https:\/\/atividademapa.com\/?product=mapa-ecos-cosmetologia-51_2025#primaryimage"},"thumbnailUrl":"https:\/\/i0.wp.com\/atividademapa.com\/wp-content\/uploads\/2023\/03\/Atividade-M.A.P.A-3.png?fit=300%2C300&ssl=1","datePublished":"2025-02-26T01:13:09+00:00","dateModified":"2025-03-03T19:36:02+00:00","description":"Atividade MAPA - ECOS - COSMETOLOGIA - 51_2025 &#8902; Unicesumar. Baixe agora mesmo um Mapa Pronto resolvido!","breadcrumb":{"@id":"https:\/\/atividademapa.com\/?product=mapa-ecos-cosmetologia-51_2025#breadcrumb"},"inLanguage":"pt-BR","potentialAction":[{"@type":"ReadAction","target":["https:\/\/atividademapa.com\/?product=mapa-ecos-cosmetologia-51_2025"]}]},{"@type":"ImageObject","inLanguage":"pt-BR","@id":"https:\/\/atividademapa.com\/?product=mapa-ecos-cosmetologia-51_2025#primaryimage","url":"https:\/\/i0.wp.com\/atividademapa.com\/wp-content\/uploads\/2023\/03\/Atividade-M.A.P.A-3.png?fit=300%2C300&ssl=1","contentUrl":"https:\/\/i0.wp.com\/atividademapa.com\/wp-content\/uploads\/2023\/03\/Atividade-M.A.P.A-3.png?fit=300%2C300&ssl=1","width":300,"height":300,"caption":"Mapa Unicesumar Atividade"},{"@type":"BreadcrumbList","@id":"https:\/\/atividademapa.com\/?product=mapa-ecos-cosmetologia-51_2025#breadcrumb","itemListElement":[{"@type":"ListItem","position":1,"name":"In\u00edcio","item":"https:\/\/atividademapa.com\/"},{"@type":"ListItem","position":2,"name":"MAPAS","item":"https:\/\/atividademapa.com\/?page_id=5"},{"@type":"ListItem","position":3,"name":"MAPA &#8211; ECOS &#8211; COSMETOLOGIA &#8211; 51_2025"}]},{"@type":"WebSite","@id":"https:\/\/atividademapa.com\/#website","url":"https:\/\/atividademapa.com\/","name":"Atividade Mapa","description":"StudeO | Unicesumar","publisher":{"@id":"https:\/\/atividademapa.com\/#organization"},"potentialAction":[{"@type":"SearchAction","target":{"@type":"EntryPoint","urlTemplate":"https:\/\/atividademapa.com\/?s={search_term_string}"},"query-input":{"@type":"PropertyValueSpecification","valueRequired":true,"valueName":"search_term_string"}}],"inLanguage":"pt-BR"},{"@type":"Organization","@id":"https:\/\/atividademapa.com\/#organization","name":"Atividade MAPA","url":"https:\/\/atividademapa.com\/","logo":{"@type":"ImageObject","inLanguage":"pt-BR","@id":"https:\/\/atividademapa.com\/#\/schema\/logo\/image\/","url":"https:\/\/i0.wp.com\/atividademapa.com\/wp-content\/uploads\/2023\/02\/ATIVIDADE.png?fit=600%2C300&ssl=1","contentUrl":"https:\/\/i0.wp.com\/atividademapa.com\/wp-content\/uploads\/2023\/02\/ATIVIDADE.png?fit=600%2C300&ssl=1","width":600,"height":300,"caption":"Atividade MAPA"},"image":{"@id":"https:\/\/atividademapa.com\/#\/schema\/logo\/image\/"}}]}},"_links":{"self":[{"href":"https:\/\/atividademapa.com\/index.php?rest_route=\/wp\/v2\/product\/5229","targetHints":{"allow":["GET"]}}],"collection":[{"href":"https:\/\/atividademapa.com\/index.php?rest_route=\/wp\/v2\/product"}],"about":[{"href":"https:\/\/atividademapa.com\/index.php?rest_route=\/wp\/v2\/types\/product"}],"version-history":[{"count":2,"href":"https:\/\/atividademapa.com\/index.php?rest_route=\/wp\/v2\/product\/5229\/revisions"}],"predecessor-version":[{"id":5306,"href":"https:\/\/atividademapa.com\/index.php?rest_route=\/wp\/v2\/product\/5229\/revisions\/5306"}],"wp:featuredmedia":[{"embeddable":true,"href":"https:\/\/atividademapa.com\/index.php?rest_route=\/wp\/v2\/media\/2326"}],"wp:attachment":[{"href":"https:\/\/atividademapa.com\/index.php?rest_route=%2Fwp%2Fv2%2Fmedia&parent=5229"}],"wp:term":[{"taxonomy":"product_brand","embeddable":true,"href":"https:\/\/atividademapa.com\/index.php?rest_route=%2Fwp%2Fv2%2Fproduct_brand&post=5229"},{"taxonomy":"product_cat","embeddable":true,"href":"https:\/\/atividademapa.com\/index.php?rest_route=%2Fwp%2Fv2%2Fproduct_cat&post=5229"},{"taxonomy":"product_tag","embeddable":true,"href":"https:\/\/atividademapa.com\/index.php?rest_route=%2Fwp%2Fv2%2Fproduct_tag&post=5229"}],"curies":[{"name":"wp","href":"https:\/\/api.w.org\/{rel}","templated":true}]}}