{"id":5275,"date":"2025-02-27T19:14:33","date_gmt":"2025-02-27T22:14:33","guid":{"rendered":"https:\/\/atividademapa.com\/?post_type=product&#038;p=5275"},"modified":"2025-03-01T16:42:21","modified_gmt":"2025-03-01T19:42:21","slug":"mapa-fis-geometria-analitica-e-algebra-linear-51_2025","status":"publish","type":"product","link":"https:\/\/atividademapa.com\/?product=mapa-fis-geometria-analitica-e-algebra-linear-51_2025","title":{"rendered":"MAPA &#8211; FIS &#8211; Geometria Anal\u00edtica e \u00c1lgebra Linear &#8211; 51_2025"},"content":{"rendered":"<p>MAPA &#8211; FIS &#8211; Geometria Anal\u00edtica e \u00c1lgebra Linear &#8211; 51_2025<\/p>\n<p>A revis\u00e3o de prova no ensino superior \u00e9 um processo que permite ao aluno solicitar a verifica\u00e7\u00e3o de sua nota e\/ou frequ\u00eancia em uma prova ou exame. Considere que voc\u00ea, futuro professor, tenha sido nomeado presidente de uma banca para proceder com o pedido de revis\u00e3o de uma prova de Geometria Anal\u00edtica e \u00c1lgebra Linear, a qual \u00e9 apresentada a seguir:<\/p>\n<p>Quest\u00e3o 1<br \/>\nAbel (1), Bebel(2), Xex\u00e9u (3) e In\u00eas (4) s\u00e3o estudantes de f\u00edsica que gostam de caf\u00e9. A matriz C = (cij ) 4&#215;4 indica quantos caf\u00e9s cada um pagou para o outro:<\/p>\n<p>&nbsp;<\/p>\n<p><img data-recalc-dims=\"1\" loading=\"lazy\" decoding=\"async\" class=\"alignnone wp-image-5277\" src=\"https:\/\/i0.wp.com\/atividademapa.com\/wp-content\/uploads\/2025\/02\/1-algebra.jpg?resize=230%2C121&#038;ssl=1\" alt=\"\" width=\"230\" height=\"121\" srcset=\"https:\/\/i0.wp.com\/atividademapa.com\/wp-content\/uploads\/2025\/02\/1-algebra.jpg?resize=300%2C158&amp;ssl=1 300w, https:\/\/i0.wp.com\/atividademapa.com\/wp-content\/uploads\/2025\/02\/1-algebra.jpg?resize=150%2C79&amp;ssl=1 150w, https:\/\/i0.wp.com\/atividademapa.com\/wp-content\/uploads\/2025\/02\/1-algebra.jpg?w=354&amp;ssl=1 354w\" sizes=\"auto, (max-width: 230px) 100vw, 230px\" \/><\/p>\n<p>Calcule o valor da diferen\u00e7a entre o n\u00famero de caf\u00e9s pagos pelo amigo que mais pagou caf\u00e9 e o n\u00famero de caf\u00e9s recebidos pelo amigo que menos pagou caf\u00e9.<\/p>\n<p>Quest\u00e3o 2<br \/>\nNa figura a seguir, \u00e9 apresentado um esbo\u00e7o do gr\u00e1fico de uma reta r. Determine a equa\u00e7\u00e3o da reta s que passa pelo ponto P(1,1) e que seja perpendicular \u00e0 reta r:<\/p>\n<p><img data-recalc-dims=\"1\" loading=\"lazy\" decoding=\"async\" class=\"alignnone wp-image-5278\" src=\"https:\/\/i0.wp.com\/atividademapa.com\/wp-content\/uploads\/2025\/02\/2-algebra.jpg?resize=373%2C368&#038;ssl=1\" alt=\"\" width=\"373\" height=\"368\" srcset=\"https:\/\/i0.wp.com\/atividademapa.com\/wp-content\/uploads\/2025\/02\/2-algebra.jpg?resize=300%2C296&amp;ssl=1 300w, https:\/\/i0.wp.com\/atividademapa.com\/wp-content\/uploads\/2025\/02\/2-algebra.jpg?resize=600%2C592&amp;ssl=1 600w, https:\/\/i0.wp.com\/atividademapa.com\/wp-content\/uploads\/2025\/02\/2-algebra.jpg?resize=150%2C148&amp;ssl=1 150w, https:\/\/i0.wp.com\/atividademapa.com\/wp-content\/uploads\/2025\/02\/2-algebra.jpg?w=679&amp;ssl=1 679w\" sizes=\"auto, (max-width: 373px) 100vw, 373px\" \/><\/p>\n<p>Quest\u00e3o 3<\/p>\n<p>Sejam U, V e W tr\u00eas vetores do espa\u00e7o tridimensional real tal que U = (m, 2, 3), V = (1, 0, 1) e W = (2, 1, 1).<br \/>\nDetermine o valor de m para que o vetor U seja uma combina\u00e7\u00e3o linear de V e W.<\/p>\n<p>Quest\u00e3o 4<br \/>\nSejam U, V e W tr\u00eas vetores do espa\u00e7o tridimensional real tal que U = (m, 2, 3), V = (1, 0, 1) e W = (2, 1, 1).<br \/>\nDetermine os valores de m para os quais o volume do paralelep\u00edpedo determinado pelos vetores seja igual<br \/>\na 16 unidades de volume.<\/p>\n<p>Quest\u00e3o 5<\/p>\n<p><img data-recalc-dims=\"1\" loading=\"lazy\" decoding=\"async\" class=\"alignnone wp-image-5279\" src=\"https:\/\/i0.wp.com\/atividademapa.com\/wp-content\/uploads\/2025\/02\/3-Algebra.jpg?resize=401%2C414&#038;ssl=1\" alt=\"\" width=\"401\" height=\"414\" srcset=\"https:\/\/i0.wp.com\/atividademapa.com\/wp-content\/uploads\/2025\/02\/3-Algebra.jpg?resize=291%2C300&amp;ssl=1 291w, https:\/\/i0.wp.com\/atividademapa.com\/wp-content\/uploads\/2025\/02\/3-Algebra.jpg?resize=600%2C619&amp;ssl=1 600w, https:\/\/i0.wp.com\/atividademapa.com\/wp-content\/uploads\/2025\/02\/3-Algebra.jpg?resize=150%2C155&amp;ssl=1 150w, https:\/\/i0.wp.com\/atividademapa.com\/wp-content\/uploads\/2025\/02\/3-Algebra.jpg?w=739&amp;ssl=1 739w\" sizes=\"auto, (max-width: 401px) 100vw, 401px\" \/><\/p>\n<p>Seja T uma transforma\u00e7\u00e3o linear de escala do plano no plano, como ilustrada na figura precedente, tal que T multiplica o valor x da abscissa de um ponto por um fator R e o de sua ordenada y por um fator S. Nessas condi\u00e7\u00f5es, qual o valor do determinante da matriz associada \u00e0 transforma\u00e7\u00e3o de escala que leva, na figura precedente, o tri\u00e2ngulo ABC ao tri\u00e2ngulo A\u00b4B\u00b4C\u00b4?<br \/>\nCom base na situa\u00e7\u00e3o descrita, elabore o gabarito dessa avalia\u00e7\u00e3o, apresentando a resolu\u00e7\u00e3o das cinco quest\u00f5es.<\/p>\n","protected":false},"excerpt":{"rendered":"<p>MAPA &#8211; FIS &#8211; Geometria Anal\u00edtica e \u00c1lgebra Linear &#8211; 51_2025 A revis\u00e3o de prova no ensino superior \u00e9 um<\/p>\n","protected":false},"featured_media":2326,"template":"","meta":{"_monsterinsights_skip_tracking":false,"_monsterinsights_sitenote_active":false,"_monsterinsights_sitenote_note":"","_monsterinsights_sitenote_category":0},"product_brand":[],"product_cat":[147],"product_tag":[148],"class_list":{"0":"post-5275","1":"product","2":"type-product","3":"status-publish","4":"has-post-thumbnail","6":"product_cat-fisica","7":"product_tag-geometria-analitica-e-algebra-linear-51_2025","9":"first","10":"instock","11":"downloadable","12":"virtual","13":"purchasable","14":"product-type-simple"},"yoast_head":"<!-- This site is optimized with the Yoast SEO plugin v27.4 - https:\/\/yoast.com\/product\/yoast-seo-wordpress\/ -->\n<title>MAPA - FIS - Geometria Anal\u00edtica e \u00c1lgebra Linear - 51_2025<\/title>\n<meta name=\"description\" content=\"Atividade MAPA - FIS - Geometria Anal\u00edtica e \u00c1lgebra Linear - 51_2025 &#8902; F\u00edsica Unicesumar. Baixe agora mesmo um Mapa Pronto resolvido!\" \/>\n<meta name=\"robots\" content=\"index, follow, max-snippet:-1, max-image-preview:large, max-video-preview:-1\" \/>\n<link rel=\"canonical\" href=\"https:\/\/atividademapa.com\/?product=mapa-fis-geometria-analitica-e-algebra-linear-51_2025\" \/>\n<meta property=\"og:locale\" content=\"pt_BR\" \/>\n<meta property=\"og:type\" content=\"article\" \/>\n<meta property=\"og:title\" content=\"MAPA - FIS - Geometria Anal\u00edtica e \u00c1lgebra Linear - 51_2025\" \/>\n<meta property=\"og:description\" content=\"Atividade MAPA - FIS - Geometria Anal\u00edtica e \u00c1lgebra Linear - 51_2025 &#8902; F\u00edsica Unicesumar. Baixe agora mesmo um Mapa Pronto resolvido!\" \/>\n<meta property=\"og:url\" content=\"https:\/\/atividademapa.com\/?product=mapa-fis-geometria-analitica-e-algebra-linear-51_2025\" \/>\n<meta property=\"og:site_name\" content=\"Atividade Mapa\" \/>\n<meta property=\"article:modified_time\" content=\"2025-03-01T19:42:21+00:00\" \/>\n<meta property=\"og:image\" content=\"https:\/\/i0.wp.com\/atividademapa.com\/wp-content\/uploads\/2023\/03\/Atividade-M.A.P.A-3.png?fit=300%2C300&ssl=1\" \/>\n\t<meta property=\"og:image:width\" content=\"300\" \/>\n\t<meta property=\"og:image:height\" content=\"300\" \/>\n\t<meta property=\"og:image:type\" content=\"image\/png\" \/>\n<meta name=\"twitter:card\" content=\"summary_large_image\" \/>\n<meta name=\"twitter:label1\" content=\"Est. tempo de leitura\" \/>\n\t<meta name=\"twitter:data1\" content=\"2 minutos\" \/>\n<script type=\"application\/ld+json\" class=\"yoast-schema-graph\">{\"@context\":\"https:\\\/\\\/schema.org\",\"@graph\":[{\"@type\":\"WebPage\",\"@id\":\"https:\\\/\\\/atividademapa.com\\\/?product=mapa-fis-geometria-analitica-e-algebra-linear-51_2025\",\"url\":\"https:\\\/\\\/atividademapa.com\\\/?product=mapa-fis-geometria-analitica-e-algebra-linear-51_2025\",\"name\":\"MAPA - FIS - Geometria Anal\u00edtica e \u00c1lgebra Linear - 51_2025\",\"isPartOf\":{\"@id\":\"https:\\\/\\\/atividademapa.com\\\/#website\"},\"primaryImageOfPage\":{\"@id\":\"https:\\\/\\\/atividademapa.com\\\/?product=mapa-fis-geometria-analitica-e-algebra-linear-51_2025#primaryimage\"},\"image\":{\"@id\":\"https:\\\/\\\/atividademapa.com\\\/?product=mapa-fis-geometria-analitica-e-algebra-linear-51_2025#primaryimage\"},\"thumbnailUrl\":\"https:\\\/\\\/i0.wp.com\\\/atividademapa.com\\\/wp-content\\\/uploads\\\/2023\\\/03\\\/Atividade-M.A.P.A-3.png?fit=300%2C300&ssl=1\",\"datePublished\":\"2025-02-27T22:14:33+00:00\",\"dateModified\":\"2025-03-01T19:42:21+00:00\",\"description\":\"Atividade MAPA - FIS - Geometria Anal\u00edtica e \u00c1lgebra Linear - 51_2025 &#8902; F\u00edsica Unicesumar. Baixe agora mesmo um Mapa Pronto resolvido!\",\"breadcrumb\":{\"@id\":\"https:\\\/\\\/atividademapa.com\\\/?product=mapa-fis-geometria-analitica-e-algebra-linear-51_2025#breadcrumb\"},\"inLanguage\":\"pt-BR\",\"potentialAction\":[{\"@type\":\"ReadAction\",\"target\":[\"https:\\\/\\\/atividademapa.com\\\/?product=mapa-fis-geometria-analitica-e-algebra-linear-51_2025\"]}]},{\"@type\":\"ImageObject\",\"inLanguage\":\"pt-BR\",\"@id\":\"https:\\\/\\\/atividademapa.com\\\/?product=mapa-fis-geometria-analitica-e-algebra-linear-51_2025#primaryimage\",\"url\":\"https:\\\/\\\/i0.wp.com\\\/atividademapa.com\\\/wp-content\\\/uploads\\\/2023\\\/03\\\/Atividade-M.A.P.A-3.png?fit=300%2C300&ssl=1\",\"contentUrl\":\"https:\\\/\\\/i0.wp.com\\\/atividademapa.com\\\/wp-content\\\/uploads\\\/2023\\\/03\\\/Atividade-M.A.P.A-3.png?fit=300%2C300&ssl=1\",\"width\":300,\"height\":300,\"caption\":\"Mapa Unicesumar Atividade\"},{\"@type\":\"BreadcrumbList\",\"@id\":\"https:\\\/\\\/atividademapa.com\\\/?product=mapa-fis-geometria-analitica-e-algebra-linear-51_2025#breadcrumb\",\"itemListElement\":[{\"@type\":\"ListItem\",\"position\":1,\"name\":\"In\u00edcio\",\"item\":\"https:\\\/\\\/atividademapa.com\\\/\"},{\"@type\":\"ListItem\",\"position\":2,\"name\":\"MAPAS\",\"item\":\"https:\\\/\\\/atividademapa.com\\\/?page_id=5\"},{\"@type\":\"ListItem\",\"position\":3,\"name\":\"MAPA &#8211; FIS &#8211; Geometria Anal\u00edtica e \u00c1lgebra Linear &#8211; 51_2025\"}]},{\"@type\":\"WebSite\",\"@id\":\"https:\\\/\\\/atividademapa.com\\\/#website\",\"url\":\"https:\\\/\\\/atividademapa.com\\\/\",\"name\":\"Atividade Mapa\",\"description\":\"StudeO | Unicesumar\",\"publisher\":{\"@id\":\"https:\\\/\\\/atividademapa.com\\\/#organization\"},\"potentialAction\":[{\"@type\":\"SearchAction\",\"target\":{\"@type\":\"EntryPoint\",\"urlTemplate\":\"https:\\\/\\\/atividademapa.com\\\/?s={search_term_string}\"},\"query-input\":{\"@type\":\"PropertyValueSpecification\",\"valueRequired\":true,\"valueName\":\"search_term_string\"}}],\"inLanguage\":\"pt-BR\"},{\"@type\":\"Organization\",\"@id\":\"https:\\\/\\\/atividademapa.com\\\/#organization\",\"name\":\"Atividade MAPA\",\"url\":\"https:\\\/\\\/atividademapa.com\\\/\",\"logo\":{\"@type\":\"ImageObject\",\"inLanguage\":\"pt-BR\",\"@id\":\"https:\\\/\\\/atividademapa.com\\\/#\\\/schema\\\/logo\\\/image\\\/\",\"url\":\"https:\\\/\\\/i0.wp.com\\\/atividademapa.com\\\/wp-content\\\/uploads\\\/2023\\\/02\\\/ATIVIDADE.png?fit=600%2C300&ssl=1\",\"contentUrl\":\"https:\\\/\\\/i0.wp.com\\\/atividademapa.com\\\/wp-content\\\/uploads\\\/2023\\\/02\\\/ATIVIDADE.png?fit=600%2C300&ssl=1\",\"width\":600,\"height\":300,\"caption\":\"Atividade MAPA\"},\"image\":{\"@id\":\"https:\\\/\\\/atividademapa.com\\\/#\\\/schema\\\/logo\\\/image\\\/\"}}]}<\/script>\n<!-- \/ Yoast SEO plugin. -->","yoast_head_json":{"title":"MAPA - FIS - Geometria Anal\u00edtica e \u00c1lgebra Linear - 51_2025","description":"Atividade MAPA - FIS - Geometria Anal\u00edtica e \u00c1lgebra Linear - 51_2025 &#8902; F\u00edsica Unicesumar. Baixe agora mesmo um Mapa Pronto resolvido!","robots":{"index":"index","follow":"follow","max-snippet":"max-snippet:-1","max-image-preview":"max-image-preview:large","max-video-preview":"max-video-preview:-1"},"canonical":"https:\/\/atividademapa.com\/?product=mapa-fis-geometria-analitica-e-algebra-linear-51_2025","og_locale":"pt_BR","og_type":"article","og_title":"MAPA - FIS - Geometria Anal\u00edtica e \u00c1lgebra Linear - 51_2025","og_description":"Atividade MAPA - FIS - Geometria Anal\u00edtica e \u00c1lgebra Linear - 51_2025 &#8902; F\u00edsica Unicesumar. Baixe agora mesmo um Mapa Pronto resolvido!","og_url":"https:\/\/atividademapa.com\/?product=mapa-fis-geometria-analitica-e-algebra-linear-51_2025","og_site_name":"Atividade Mapa","article_modified_time":"2025-03-01T19:42:21+00:00","og_image":[{"width":300,"height":300,"url":"https:\/\/i0.wp.com\/atividademapa.com\/wp-content\/uploads\/2023\/03\/Atividade-M.A.P.A-3.png?fit=300%2C300&ssl=1","type":"image\/png"}],"twitter_card":"summary_large_image","twitter_misc":{"Est. tempo de leitura":"2 minutos"},"schema":{"@context":"https:\/\/schema.org","@graph":[{"@type":"WebPage","@id":"https:\/\/atividademapa.com\/?product=mapa-fis-geometria-analitica-e-algebra-linear-51_2025","url":"https:\/\/atividademapa.com\/?product=mapa-fis-geometria-analitica-e-algebra-linear-51_2025","name":"MAPA - FIS - Geometria Anal\u00edtica e \u00c1lgebra Linear - 51_2025","isPartOf":{"@id":"https:\/\/atividademapa.com\/#website"},"primaryImageOfPage":{"@id":"https:\/\/atividademapa.com\/?product=mapa-fis-geometria-analitica-e-algebra-linear-51_2025#primaryimage"},"image":{"@id":"https:\/\/atividademapa.com\/?product=mapa-fis-geometria-analitica-e-algebra-linear-51_2025#primaryimage"},"thumbnailUrl":"https:\/\/i0.wp.com\/atividademapa.com\/wp-content\/uploads\/2023\/03\/Atividade-M.A.P.A-3.png?fit=300%2C300&ssl=1","datePublished":"2025-02-27T22:14:33+00:00","dateModified":"2025-03-01T19:42:21+00:00","description":"Atividade MAPA - FIS - Geometria Anal\u00edtica e \u00c1lgebra Linear - 51_2025 &#8902; F\u00edsica Unicesumar. Baixe agora mesmo um Mapa Pronto resolvido!","breadcrumb":{"@id":"https:\/\/atividademapa.com\/?product=mapa-fis-geometria-analitica-e-algebra-linear-51_2025#breadcrumb"},"inLanguage":"pt-BR","potentialAction":[{"@type":"ReadAction","target":["https:\/\/atividademapa.com\/?product=mapa-fis-geometria-analitica-e-algebra-linear-51_2025"]}]},{"@type":"ImageObject","inLanguage":"pt-BR","@id":"https:\/\/atividademapa.com\/?product=mapa-fis-geometria-analitica-e-algebra-linear-51_2025#primaryimage","url":"https:\/\/i0.wp.com\/atividademapa.com\/wp-content\/uploads\/2023\/03\/Atividade-M.A.P.A-3.png?fit=300%2C300&ssl=1","contentUrl":"https:\/\/i0.wp.com\/atividademapa.com\/wp-content\/uploads\/2023\/03\/Atividade-M.A.P.A-3.png?fit=300%2C300&ssl=1","width":300,"height":300,"caption":"Mapa Unicesumar Atividade"},{"@type":"BreadcrumbList","@id":"https:\/\/atividademapa.com\/?product=mapa-fis-geometria-analitica-e-algebra-linear-51_2025#breadcrumb","itemListElement":[{"@type":"ListItem","position":1,"name":"In\u00edcio","item":"https:\/\/atividademapa.com\/"},{"@type":"ListItem","position":2,"name":"MAPAS","item":"https:\/\/atividademapa.com\/?page_id=5"},{"@type":"ListItem","position":3,"name":"MAPA &#8211; FIS &#8211; Geometria Anal\u00edtica e \u00c1lgebra Linear &#8211; 51_2025"}]},{"@type":"WebSite","@id":"https:\/\/atividademapa.com\/#website","url":"https:\/\/atividademapa.com\/","name":"Atividade Mapa","description":"StudeO | Unicesumar","publisher":{"@id":"https:\/\/atividademapa.com\/#organization"},"potentialAction":[{"@type":"SearchAction","target":{"@type":"EntryPoint","urlTemplate":"https:\/\/atividademapa.com\/?s={search_term_string}"},"query-input":{"@type":"PropertyValueSpecification","valueRequired":true,"valueName":"search_term_string"}}],"inLanguage":"pt-BR"},{"@type":"Organization","@id":"https:\/\/atividademapa.com\/#organization","name":"Atividade MAPA","url":"https:\/\/atividademapa.com\/","logo":{"@type":"ImageObject","inLanguage":"pt-BR","@id":"https:\/\/atividademapa.com\/#\/schema\/logo\/image\/","url":"https:\/\/i0.wp.com\/atividademapa.com\/wp-content\/uploads\/2023\/02\/ATIVIDADE.png?fit=600%2C300&ssl=1","contentUrl":"https:\/\/i0.wp.com\/atividademapa.com\/wp-content\/uploads\/2023\/02\/ATIVIDADE.png?fit=600%2C300&ssl=1","width":600,"height":300,"caption":"Atividade MAPA"},"image":{"@id":"https:\/\/atividademapa.com\/#\/schema\/logo\/image\/"}}]}},"_links":{"self":[{"href":"https:\/\/atividademapa.com\/index.php?rest_route=\/wp\/v2\/product\/5275","targetHints":{"allow":["GET"]}}],"collection":[{"href":"https:\/\/atividademapa.com\/index.php?rest_route=\/wp\/v2\/product"}],"about":[{"href":"https:\/\/atividademapa.com\/index.php?rest_route=\/wp\/v2\/types\/product"}],"version-history":[{"count":2,"href":"https:\/\/atividademapa.com\/index.php?rest_route=\/wp\/v2\/product\/5275\/revisions"}],"predecessor-version":[{"id":5287,"href":"https:\/\/atividademapa.com\/index.php?rest_route=\/wp\/v2\/product\/5275\/revisions\/5287"}],"wp:featuredmedia":[{"embeddable":true,"href":"https:\/\/atividademapa.com\/index.php?rest_route=\/wp\/v2\/media\/2326"}],"wp:attachment":[{"href":"https:\/\/atividademapa.com\/index.php?rest_route=%2Fwp%2Fv2%2Fmedia&parent=5275"}],"wp:term":[{"taxonomy":"product_brand","embeddable":true,"href":"https:\/\/atividademapa.com\/index.php?rest_route=%2Fwp%2Fv2%2Fproduct_brand&post=5275"},{"taxonomy":"product_cat","embeddable":true,"href":"https:\/\/atividademapa.com\/index.php?rest_route=%2Fwp%2Fv2%2Fproduct_cat&post=5275"},{"taxonomy":"product_tag","embeddable":true,"href":"https:\/\/atividademapa.com\/index.php?rest_route=%2Fwp%2Fv2%2Fproduct_tag&post=5275"}],"curies":[{"name":"wp","href":"https:\/\/api.w.org\/{rel}","templated":true}]}}