{"id":5294,"date":"2025-03-03T11:56:23","date_gmt":"2025-03-03T14:56:23","guid":{"rendered":"https:\/\/atividademapa.com\/?post_type=product&#038;p=5294"},"modified":"2025-03-03T11:56:24","modified_gmt":"2025-03-03T14:56:24","slug":"mapa-bioestatistica-e-epidemiologia-51-2025","status":"publish","type":"product","link":"https:\/\/atividademapa.com\/?product=mapa-bioestatistica-e-epidemiologia-51-2025","title":{"rendered":"MAPA \u2013 Bioestat\u00edstica e Epidemiologia \u2013 51\/2025"},"content":{"rendered":"<p><strong>MAPA \u2013 Bioestat\u00edstica e Epidemiologia \u2013 51\/2025<\/strong><\/p>\n<p>A dengue hemorr\u00e1gica \u00e9 uma complica\u00e7\u00e3o grave da dengue que pode ser fatal.\u00a0Ela ocorre quando o sistema imunol\u00f3gico reage de forma agressiva a uma segunda infec\u00e7\u00e3o pelo v\u00edrus da dengue, danificando os vasos sangu\u00edneos e causando extravasamento de plasma. Al\u00e9m disso, a\u00a0dengue reduz a contagem de plaquetas, porque o sistema imunol\u00f3gico produz anticorpos que se ligam a elas, levando \u00e0 sua destrui\u00e7\u00e3o precoce. Por esse motivo, a contagem de plaquetas \u00e9 um dos indicadores de gravidade da dengue hemorr\u00e1gica, que se caracteriza por uma queda acentuada de plaquetas no sangue.<\/p>\n<p>Conforme a reportagem escrita por Gabriela Maraccini (2024, on-line)\u00a0para a CNN, os valores de refer\u00eancia para contagem de plaquetas\u00a0s\u00e3o:<\/p>\n<p>\u201c- Entre 150 mil\/mm\u00b3 e 350 mil\/mm\u00b3: corresponde ao n\u00edvel ideal de plaquetas no sangue;<\/p>\n<p>\u2013\u00a0Abaixo de 150 mil\/mm\u00b3: \u00e9 considerado baixa contagem de plaquetas e deve ser monitorada e investigada a causa. No entanto, ainda n\u00e3o apresenta riscos ao paciente;<\/p>\n<p>\u2013\u00a0At\u00e9 100 mil\/mm\u00b3: determina um baixo risco de sangramentos, ainda podem ser realizadas cirurgias mais complexas, sem risco \u00e0 vida do paciente;<\/p>\n<p>\u2013 At\u00e9 50 mil\/mm\u00b3: aumenta o risco para sangramentos e, por isso, grandes cirurgias devem ser evitadas, podendo ser realizados apenas procedimentos mais simples;<\/p>\n<p>\u2013 Inferior a 20 mil\/mm\u00b3: risco alto para sangramentos espont\u00e2neos, com risco \u00e0 vida, sendo necess\u00e1ria a transfus\u00e3o de sangue para aumentar o n\u00famero de plaquetas\u201d.<\/p>\n<p>Considere que voc\u00ea esteja atuando em um laborat\u00f3rio de an\u00e1lises cl\u00ednicas de um pronto-socorro em uma cidade com n\u00famero crescente de casos de dengue hemorr\u00e1gica e que tenha sido designado\u00a0para apresentar um relat\u00f3rio ao diretor do hospital sobre os casos de dengue hemorr\u00e1gica atendidos pelo pronto-socorro do hospital. Considere, tamb\u00e9m, que os dados a seguir\u00a0referem-se aos resultados dos exames de contagem de plaquetas (mil\/mm\u00b3)\u00a0em uma amostra de 40 pacientes que deram entrada no pronto-socorro.<\/p>\n<p><a href=\"http:\/\/studeomapa.com\/\"><img data-recalc-dims=\"1\" loading=\"lazy\" decoding=\"async\" class=\"alignnone size-full wp-image-969\" src=\"https:\/\/i0.wp.com\/studeomapa.com\/wp-content\/uploads\/2025\/03\/image002.jpg?resize=605%2C85\" sizes=\"auto, (max-width: 605px) 100vw, 605px\" srcset=\"https:\/\/studeomapa.com\/wp-content\/uploads\/2025\/03\/image002.jpg 605w, https:\/\/studeomapa.com\/wp-content\/uploads\/2025\/03\/image002-510x72.jpg 510w\" alt=\"\" width=\"605\" height=\"85\" \/><\/a><\/p>\n<p>a) IDENTIFIQUE a vari\u00e1vel de estudo e CLASSIFIQUE-A em qualitativa ou quantitativa, cont\u00ednua ou discreta. JUSTIFIQUE sua resposta.<\/p>\n<p>b) CONSTRUA a tabela de distribui\u00e7\u00e3o de frequ\u00eancia, empregando o passo a passo descrito na Figura 2 da Unidade 2 do livro da disciplina (t\u00edtulo da figura: Passo a passo para constru\u00e7\u00e3o de uma tabela de frequ\u00eancias com intervalo de classes). Apresente, nessa tabela, as seguintes informa\u00e7\u00f5es: frequ\u00eancia absoluta, frequ\u00eancia relativa, frequ\u00eancia relativa percentual, frequ\u00eancia acumulada, frequ\u00eancia relativa acumulada, frequ\u00eancia relativa acumulada percentual e ponto m\u00e9dio de cada classe. A apresenta\u00e7\u00e3o deve conter um t\u00edtulo e fonte.<\/p>\n<p>c) Com base na tabela obtida em (b), ELABORE e APRESENTE um histograma que represente os dados de forma visual. Voc\u00ea pode criar um gr\u00e1fico de colunas utilizando o Excel, apresentando o limite superior de cada classe. O seu gr\u00e1fico deve conter um t\u00edtulo e uma fonte.<\/p>\n<p>d) Com base na tabela obtida em (b), DETERMINE a m\u00e9dia e a mediana.<\/p>\n<p>e) Com base no histograma e nas estat\u00edsticas m\u00e9dia e mediana, obtidos nos itens (b) e (c), respectivamente, RESPONDA \u00e0 seguinte quest\u00e3o: o conjunto de dados apresenta simetria? JUSTIFIQUE sua resposta.<\/p>\n<p>f) Assumindo que os dados seguem distribui\u00e7\u00e3o normal, CONSTRUA, com 95% de confian\u00e7a (Zc= 1,96), o intervalo de confian\u00e7a que contenha a m\u00e9dia populacional da contagem do n\u00famero de plaquetas dos pacientes atendidos nesse hospital. Use a vari\u00e2ncia amostral, a qual \u00e9 igual a 263.120.881 por mm0, como aproxima\u00e7\u00e3o do desvio-padr\u00e3o populacional para a constru\u00e7\u00e3o do intervalo. Apresente os c\u00e1lculos.<\/p>\n<p>g) Considere um estudo de caso-controle (dados hipot\u00e9ticos) em que diabetes e hipertens\u00e3o arterial foram verificadas como fatores de associa\u00e7\u00e3o a desenvolver o \u00f3bito no caso de dengue hemorr\u00e1gica. Os casos de dengue hemorr\u00e1gica s\u00e3o aqueles confirmados por hemograma e por painel viral, e os controles s\u00e3o indiv\u00edduos que diferem apenas na aus\u00eancia da doen\u00e7a, como ilustrado na tabela a seguir. Nesse caso, DETERMINE a raz\u00e3o de chances (OR) e a raz\u00e3o de preval\u00eancia (RP) e INTERPRETE os resultados.<\/p>\n<p>Tabela 2 \u2013\u00a0Distribui\u00e7\u00e3o de \u00f3bitos por dengue hemorr\u00e1gica segundo a presen\u00e7a de hipertens\u00e3o e diabetes<\/p>\n<p><img data-recalc-dims=\"1\" loading=\"lazy\" decoding=\"async\" class=\"alignnone size-full wp-image-970\" src=\"https:\/\/i0.wp.com\/studeomapa.com\/wp-content\/uploads\/2025\/03\/image004.jpg?resize=335%2C162\" alt=\"Bioestatistica e Epidemiologia 21\/2025\" width=\"335\" height=\"162\" \/><\/p>\n","protected":false},"excerpt":{"rendered":"<p>MAPA \u2013 Bioestat\u00edstica e Epidemiologia \u2013 51\/2025 A dengue hemorr\u00e1gica \u00e9 uma complica\u00e7\u00e3o grave da dengue que pode ser fatal.\u00a0Ela<\/p>\n","protected":false},"featured_media":2326,"template":"","meta":{"_monsterinsights_skip_tracking":false,"_monsterinsights_sitenote_active":false,"_monsterinsights_sitenote_note":"","_monsterinsights_sitenote_category":0},"product_brand":[],"product_cat":[58,31],"product_tag":[],"class_list":{"0":"post-5294","1":"product","2":"type-product","3":"status-publish","4":"has-post-thumbnail","6":"product_cat-biomedicina","7":"product_cat-farmacia","9":"first","10":"instock","11":"downloadable","12":"virtual","13":"purchasable","14":"product-type-simple"},"yoast_head":"<!-- This site is optimized with the Yoast SEO plugin v27.4 - https:\/\/yoast.com\/product\/yoast-seo-wordpress\/ -->\n<title>MAPA \u2013 Bioestat\u00edstica e Epidemiologia \u2013 51\/2025<\/title>\n<meta name=\"description\" content=\"Atividade MAPA \u2013 Bioestat\u00edstica e Epidemiologia \u2013 51\/2025 &#8902; Unicesumar. Baixe agora mesmo um Mapa Pronto resolvido!\" \/>\n<meta name=\"robots\" content=\"index, follow, max-snippet:-1, max-image-preview:large, max-video-preview:-1\" \/>\n<link rel=\"canonical\" href=\"https:\/\/atividademapa.com\/?product=mapa-bioestatistica-e-epidemiologia-51-2025\" \/>\n<meta property=\"og:locale\" content=\"pt_BR\" \/>\n<meta property=\"og:type\" content=\"article\" \/>\n<meta property=\"og:title\" content=\"MAPA \u2013 Bioestat\u00edstica e Epidemiologia \u2013 51\/2025\" \/>\n<meta property=\"og:description\" content=\"Atividade MAPA \u2013 Bioestat\u00edstica e Epidemiologia \u2013 51\/2025 &#8902; Unicesumar. Baixe agora mesmo um Mapa Pronto resolvido!\" \/>\n<meta property=\"og:url\" content=\"https:\/\/atividademapa.com\/?product=mapa-bioestatistica-e-epidemiologia-51-2025\" \/>\n<meta property=\"og:site_name\" content=\"Atividade Mapa\" \/>\n<meta property=\"article:modified_time\" content=\"2025-03-03T14:56:24+00:00\" \/>\n<meta property=\"og:image\" content=\"https:\/\/i0.wp.com\/atividademapa.com\/wp-content\/uploads\/2023\/03\/Atividade-M.A.P.A-3.png?fit=300%2C300&ssl=1\" \/>\n\t<meta property=\"og:image:width\" content=\"300\" \/>\n\t<meta property=\"og:image:height\" content=\"300\" \/>\n\t<meta property=\"og:image:type\" content=\"image\/png\" \/>\n<meta name=\"twitter:card\" content=\"summary_large_image\" \/>\n<meta name=\"twitter:label1\" content=\"Est. tempo de leitura\" \/>\n\t<meta name=\"twitter:data1\" content=\"4 minutos\" \/>\n<script type=\"application\/ld+json\" class=\"yoast-schema-graph\">{\"@context\":\"https:\\\/\\\/schema.org\",\"@graph\":[{\"@type\":\"WebPage\",\"@id\":\"https:\\\/\\\/atividademapa.com\\\/?product=mapa-bioestatistica-e-epidemiologia-51-2025\",\"url\":\"https:\\\/\\\/atividademapa.com\\\/?product=mapa-bioestatistica-e-epidemiologia-51-2025\",\"name\":\"MAPA \u2013 Bioestat\u00edstica e Epidemiologia \u2013 51\\\/2025\",\"isPartOf\":{\"@id\":\"https:\\\/\\\/atividademapa.com\\\/#website\"},\"primaryImageOfPage\":{\"@id\":\"https:\\\/\\\/atividademapa.com\\\/?product=mapa-bioestatistica-e-epidemiologia-51-2025#primaryimage\"},\"image\":{\"@id\":\"https:\\\/\\\/atividademapa.com\\\/?product=mapa-bioestatistica-e-epidemiologia-51-2025#primaryimage\"},\"thumbnailUrl\":\"https:\\\/\\\/i0.wp.com\\\/atividademapa.com\\\/wp-content\\\/uploads\\\/2023\\\/03\\\/Atividade-M.A.P.A-3.png?fit=300%2C300&ssl=1\",\"datePublished\":\"2025-03-03T14:56:23+00:00\",\"dateModified\":\"2025-03-03T14:56:24+00:00\",\"description\":\"Atividade MAPA \u2013 Bioestat\u00edstica e Epidemiologia \u2013 51\\\/2025 &#8902; Unicesumar. Baixe agora mesmo um Mapa Pronto resolvido!\",\"breadcrumb\":{\"@id\":\"https:\\\/\\\/atividademapa.com\\\/?product=mapa-bioestatistica-e-epidemiologia-51-2025#breadcrumb\"},\"inLanguage\":\"pt-BR\",\"potentialAction\":[{\"@type\":\"ReadAction\",\"target\":[\"https:\\\/\\\/atividademapa.com\\\/?product=mapa-bioestatistica-e-epidemiologia-51-2025\"]}]},{\"@type\":\"ImageObject\",\"inLanguage\":\"pt-BR\",\"@id\":\"https:\\\/\\\/atividademapa.com\\\/?product=mapa-bioestatistica-e-epidemiologia-51-2025#primaryimage\",\"url\":\"https:\\\/\\\/i0.wp.com\\\/atividademapa.com\\\/wp-content\\\/uploads\\\/2023\\\/03\\\/Atividade-M.A.P.A-3.png?fit=300%2C300&ssl=1\",\"contentUrl\":\"https:\\\/\\\/i0.wp.com\\\/atividademapa.com\\\/wp-content\\\/uploads\\\/2023\\\/03\\\/Atividade-M.A.P.A-3.png?fit=300%2C300&ssl=1\",\"width\":300,\"height\":300,\"caption\":\"Mapa Unicesumar Atividade\"},{\"@type\":\"BreadcrumbList\",\"@id\":\"https:\\\/\\\/atividademapa.com\\\/?product=mapa-bioestatistica-e-epidemiologia-51-2025#breadcrumb\",\"itemListElement\":[{\"@type\":\"ListItem\",\"position\":1,\"name\":\"In\u00edcio\",\"item\":\"https:\\\/\\\/atividademapa.com\\\/\"},{\"@type\":\"ListItem\",\"position\":2,\"name\":\"MAPAS\",\"item\":\"https:\\\/\\\/atividademapa.com\\\/?page_id=5\"},{\"@type\":\"ListItem\",\"position\":3,\"name\":\"MAPA \u2013 Bioestat\u00edstica e Epidemiologia \u2013 51\\\/2025\"}]},{\"@type\":\"WebSite\",\"@id\":\"https:\\\/\\\/atividademapa.com\\\/#website\",\"url\":\"https:\\\/\\\/atividademapa.com\\\/\",\"name\":\"Atividade Mapa\",\"description\":\"StudeO | Unicesumar\",\"publisher\":{\"@id\":\"https:\\\/\\\/atividademapa.com\\\/#organization\"},\"potentialAction\":[{\"@type\":\"SearchAction\",\"target\":{\"@type\":\"EntryPoint\",\"urlTemplate\":\"https:\\\/\\\/atividademapa.com\\\/?s={search_term_string}\"},\"query-input\":{\"@type\":\"PropertyValueSpecification\",\"valueRequired\":true,\"valueName\":\"search_term_string\"}}],\"inLanguage\":\"pt-BR\"},{\"@type\":\"Organization\",\"@id\":\"https:\\\/\\\/atividademapa.com\\\/#organization\",\"name\":\"Atividade MAPA\",\"url\":\"https:\\\/\\\/atividademapa.com\\\/\",\"logo\":{\"@type\":\"ImageObject\",\"inLanguage\":\"pt-BR\",\"@id\":\"https:\\\/\\\/atividademapa.com\\\/#\\\/schema\\\/logo\\\/image\\\/\",\"url\":\"https:\\\/\\\/i0.wp.com\\\/atividademapa.com\\\/wp-content\\\/uploads\\\/2023\\\/02\\\/ATIVIDADE.png?fit=600%2C300&ssl=1\",\"contentUrl\":\"https:\\\/\\\/i0.wp.com\\\/atividademapa.com\\\/wp-content\\\/uploads\\\/2023\\\/02\\\/ATIVIDADE.png?fit=600%2C300&ssl=1\",\"width\":600,\"height\":300,\"caption\":\"Atividade MAPA\"},\"image\":{\"@id\":\"https:\\\/\\\/atividademapa.com\\\/#\\\/schema\\\/logo\\\/image\\\/\"}}]}<\/script>\n<!-- \/ Yoast SEO plugin. -->","yoast_head_json":{"title":"MAPA \u2013 Bioestat\u00edstica e Epidemiologia \u2013 51\/2025","description":"Atividade MAPA \u2013 Bioestat\u00edstica e Epidemiologia \u2013 51\/2025 &#8902; Unicesumar. Baixe agora mesmo um Mapa Pronto resolvido!","robots":{"index":"index","follow":"follow","max-snippet":"max-snippet:-1","max-image-preview":"max-image-preview:large","max-video-preview":"max-video-preview:-1"},"canonical":"https:\/\/atividademapa.com\/?product=mapa-bioestatistica-e-epidemiologia-51-2025","og_locale":"pt_BR","og_type":"article","og_title":"MAPA \u2013 Bioestat\u00edstica e Epidemiologia \u2013 51\/2025","og_description":"Atividade MAPA \u2013 Bioestat\u00edstica e Epidemiologia \u2013 51\/2025 &#8902; Unicesumar. Baixe agora mesmo um Mapa Pronto resolvido!","og_url":"https:\/\/atividademapa.com\/?product=mapa-bioestatistica-e-epidemiologia-51-2025","og_site_name":"Atividade Mapa","article_modified_time":"2025-03-03T14:56:24+00:00","og_image":[{"width":300,"height":300,"url":"https:\/\/i0.wp.com\/atividademapa.com\/wp-content\/uploads\/2023\/03\/Atividade-M.A.P.A-3.png?fit=300%2C300&ssl=1","type":"image\/png"}],"twitter_card":"summary_large_image","twitter_misc":{"Est. tempo de leitura":"4 minutos"},"schema":{"@context":"https:\/\/schema.org","@graph":[{"@type":"WebPage","@id":"https:\/\/atividademapa.com\/?product=mapa-bioestatistica-e-epidemiologia-51-2025","url":"https:\/\/atividademapa.com\/?product=mapa-bioestatistica-e-epidemiologia-51-2025","name":"MAPA \u2013 Bioestat\u00edstica e Epidemiologia \u2013 51\/2025","isPartOf":{"@id":"https:\/\/atividademapa.com\/#website"},"primaryImageOfPage":{"@id":"https:\/\/atividademapa.com\/?product=mapa-bioestatistica-e-epidemiologia-51-2025#primaryimage"},"image":{"@id":"https:\/\/atividademapa.com\/?product=mapa-bioestatistica-e-epidemiologia-51-2025#primaryimage"},"thumbnailUrl":"https:\/\/i0.wp.com\/atividademapa.com\/wp-content\/uploads\/2023\/03\/Atividade-M.A.P.A-3.png?fit=300%2C300&ssl=1","datePublished":"2025-03-03T14:56:23+00:00","dateModified":"2025-03-03T14:56:24+00:00","description":"Atividade MAPA \u2013 Bioestat\u00edstica e Epidemiologia \u2013 51\/2025 &#8902; Unicesumar. Baixe agora mesmo um Mapa Pronto resolvido!","breadcrumb":{"@id":"https:\/\/atividademapa.com\/?product=mapa-bioestatistica-e-epidemiologia-51-2025#breadcrumb"},"inLanguage":"pt-BR","potentialAction":[{"@type":"ReadAction","target":["https:\/\/atividademapa.com\/?product=mapa-bioestatistica-e-epidemiologia-51-2025"]}]},{"@type":"ImageObject","inLanguage":"pt-BR","@id":"https:\/\/atividademapa.com\/?product=mapa-bioestatistica-e-epidemiologia-51-2025#primaryimage","url":"https:\/\/i0.wp.com\/atividademapa.com\/wp-content\/uploads\/2023\/03\/Atividade-M.A.P.A-3.png?fit=300%2C300&ssl=1","contentUrl":"https:\/\/i0.wp.com\/atividademapa.com\/wp-content\/uploads\/2023\/03\/Atividade-M.A.P.A-3.png?fit=300%2C300&ssl=1","width":300,"height":300,"caption":"Mapa Unicesumar Atividade"},{"@type":"BreadcrumbList","@id":"https:\/\/atividademapa.com\/?product=mapa-bioestatistica-e-epidemiologia-51-2025#breadcrumb","itemListElement":[{"@type":"ListItem","position":1,"name":"In\u00edcio","item":"https:\/\/atividademapa.com\/"},{"@type":"ListItem","position":2,"name":"MAPAS","item":"https:\/\/atividademapa.com\/?page_id=5"},{"@type":"ListItem","position":3,"name":"MAPA \u2013 Bioestat\u00edstica e Epidemiologia \u2013 51\/2025"}]},{"@type":"WebSite","@id":"https:\/\/atividademapa.com\/#website","url":"https:\/\/atividademapa.com\/","name":"Atividade Mapa","description":"StudeO | Unicesumar","publisher":{"@id":"https:\/\/atividademapa.com\/#organization"},"potentialAction":[{"@type":"SearchAction","target":{"@type":"EntryPoint","urlTemplate":"https:\/\/atividademapa.com\/?s={search_term_string}"},"query-input":{"@type":"PropertyValueSpecification","valueRequired":true,"valueName":"search_term_string"}}],"inLanguage":"pt-BR"},{"@type":"Organization","@id":"https:\/\/atividademapa.com\/#organization","name":"Atividade MAPA","url":"https:\/\/atividademapa.com\/","logo":{"@type":"ImageObject","inLanguage":"pt-BR","@id":"https:\/\/atividademapa.com\/#\/schema\/logo\/image\/","url":"https:\/\/i0.wp.com\/atividademapa.com\/wp-content\/uploads\/2023\/02\/ATIVIDADE.png?fit=600%2C300&ssl=1","contentUrl":"https:\/\/i0.wp.com\/atividademapa.com\/wp-content\/uploads\/2023\/02\/ATIVIDADE.png?fit=600%2C300&ssl=1","width":600,"height":300,"caption":"Atividade MAPA"},"image":{"@id":"https:\/\/atividademapa.com\/#\/schema\/logo\/image\/"}}]}},"_links":{"self":[{"href":"https:\/\/atividademapa.com\/index.php?rest_route=\/wp\/v2\/product\/5294","targetHints":{"allow":["GET"]}}],"collection":[{"href":"https:\/\/atividademapa.com\/index.php?rest_route=\/wp\/v2\/product"}],"about":[{"href":"https:\/\/atividademapa.com\/index.php?rest_route=\/wp\/v2\/types\/product"}],"version-history":[{"count":1,"href":"https:\/\/atividademapa.com\/index.php?rest_route=\/wp\/v2\/product\/5294\/revisions"}],"predecessor-version":[{"id":5296,"href":"https:\/\/atividademapa.com\/index.php?rest_route=\/wp\/v2\/product\/5294\/revisions\/5296"}],"wp:featuredmedia":[{"embeddable":true,"href":"https:\/\/atividademapa.com\/index.php?rest_route=\/wp\/v2\/media\/2326"}],"wp:attachment":[{"href":"https:\/\/atividademapa.com\/index.php?rest_route=%2Fwp%2Fv2%2Fmedia&parent=5294"}],"wp:term":[{"taxonomy":"product_brand","embeddable":true,"href":"https:\/\/atividademapa.com\/index.php?rest_route=%2Fwp%2Fv2%2Fproduct_brand&post=5294"},{"taxonomy":"product_cat","embeddable":true,"href":"https:\/\/atividademapa.com\/index.php?rest_route=%2Fwp%2Fv2%2Fproduct_cat&post=5294"},{"taxonomy":"product_tag","embeddable":true,"href":"https:\/\/atividademapa.com\/index.php?rest_route=%2Fwp%2Fv2%2Fproduct_tag&post=5294"}],"curies":[{"name":"wp","href":"https:\/\/api.w.org\/{rel}","templated":true}]}}