{"id":5318,"date":"2025-03-05T18:50:03","date_gmt":"2025-03-05T21:50:03","guid":{"rendered":"https:\/\/atividademapa.com\/?post_type=product&#038;p=5318"},"modified":"2025-03-22T14:51:39","modified_gmt":"2025-03-22T17:51:39","slug":"mapa-epidemiologia-na-educacao-fisica-51-2025","status":"publish","type":"product","link":"https:\/\/atividademapa.com\/?product=mapa-epidemiologia-na-educacao-fisica-51-2025","title":{"rendered":"MAPA &#8211; Epidemiologia na Educa\u00e7\u00e3o F\u00edsica &#8211; 51\/2025"},"content":{"rendered":"<p>MAPA &#8211; Epidemiologia na Educa\u00e7\u00e3o F\u00edsica &#8211; 51\/2025<\/p>\n<p>A Vigil\u00e2ncia de Fatores de Risco e Prote\u00e7\u00e3o para doen\u00e7as cr\u00f4nicas por Inqu\u00e9rito Telef\u00f4nico (VIGITEL) \u00e9 um inqu\u00e9rito de sa\u00fade criado com o intuito de monitorar os fatores de risco e prote\u00e7\u00e3o relacionados a doen\u00e7as cr\u00f4nicas na popula\u00e7\u00e3o brasileira maior de 18 anos, dentre eles, a pr\u00e1tica de atividade f\u00edsica nos diferentes dom\u00ednios. No ano de 2024, o Minist\u00e9rio da Sa\u00fade publicou uma s\u00e9rie de documentos que revistam e atualizam os dados previamente publicados nos relat\u00f3rios anuais do Vigitel, promovendo uma vis\u00e3o abrangente sobre a tend\u00eancia temporal dos indicadores de cada um dos temas investigados no inqu\u00e9rito, incluindo a pr\u00e1tica de atividade f\u00edsica. Nesse documento \u00e9 poss\u00edvel analisar a tend\u00eancia da pr\u00e1tica de atividade desde o ano 2009 at\u00e9 2023 nos adultos brasileiros. O documento se encontra no seu MATERIAL DA DISCIPLINA.<\/p>\n<p>TEXTO ELABORADO PELO AUTOR<\/p>\n<p>Para a realiza\u00e7\u00e3o deste mapa, voc\u00ea dever\u00e1 baixar o documento mencionado no enunciado, analis\u00e1-lo por completo e responder a cada quest\u00e3o a seguir:<\/p>\n<p>\u200b1) Conforme a figura 02 (p\u00e1gina 22), qual sexo (masculino ou feminino) pratica mais atividade f\u00edsica no tempo livre?<br \/>\n2) Considerando sua resposta anterior, esse achado corresponde com o que os estudos t\u00eam demonstrado e o que consta no seu livro did\u00e1tico? Justifique sua resposta.<br \/>\n3) Analisando a Tabela 2 (p\u00e1gina 23) ao comparar todas as faixas et\u00e1rias (de 18 a 65 anos ou mais), independente do ano de refer\u00eancia, como a tend\u00eancia do percentual da pr\u00e1tica de atividade f\u00edsica \u00e9 percebida? Justique sua resposta.<br \/>\n4) Ainda analisando a Tabela 2 (p\u00e1gina 23) ao comparar os anos de escolaridade (0 a 12 anos ou mais), independente do ano, como a tend\u00eancia do percentual da pr\u00e1tica de atividade f\u00edsica \u00e9 percebida? Justifique sua resposta.<br \/>\n5) Agora, compare a figura 1 (p\u00e1gina 21) com a figura 3 (pagina 25) e responda qual a principal diferen\u00e7a entre os gr\u00e1ficos?<br \/>\n6) Por fim, na sua opini\u00e3o, o que influenciou o aumento da preval\u00eancia da pr\u00e1tica de atividade f\u00edsica na popula\u00e7\u00e3o brasileira no ano final da pesquisa (2024)?<\/p>\n","protected":false},"excerpt":{"rendered":"<p>O M.A.P.A. da disciplina de Epidemiologia na Educa\u00e7\u00e3o F\u00edsica aborda a import\u00e2ncia da Vigil\u00e2ncia de Fatores de Risco e Prote\u00e7\u00e3o para Doen\u00e7as Cr\u00f4nicas por Inqu\u00e9rito Telef\u00f4nico (VIGITEL), um sistema de monitoramento que acompanha a pr\u00e1tica de atividade f\u00edsica e outros h\u00e1bitos de sa\u00fade da popula\u00e7\u00e3o brasileira com 18 anos ou mais. Com base nos relat\u00f3rios atualizados do Minist\u00e9rio da Sa\u00fade (2009-2023), a atividade analisa tend\u00eancias temporais e padr\u00f5es de comportamento f\u00edsico ao longo dos anos. Ideal para acad\u00eamicos interessados na interse\u00e7\u00e3o entre sa\u00fade p\u00fablica, epidemiologia e promo\u00e7\u00e3o de h\u00e1bitos saud\u00e1veis.<\/p>\n","protected":false},"featured_media":2326,"template":"","meta":{"_monsterinsights_skip_tracking":false,"_monsterinsights_sitenote_active":false,"_monsterinsights_sitenote_note":"","_monsterinsights_sitenote_category":0},"product_brand":[],"product_cat":[42],"product_tag":[],"class_list":{"0":"post-5318","1":"product","2":"type-product","3":"status-publish","4":"has-post-thumbnail","6":"product_cat-educacao-fisica","8":"first","9":"instock","10":"downloadable","11":"virtual","12":"purchasable","13":"product-type-simple"},"yoast_head":"<!-- This site is optimized with the Yoast SEO plugin v27.4 - https:\/\/yoast.com\/product\/yoast-seo-wordpress\/ -->\n<title>MAPA - Epidemiologia na Educa\u00e7\u00e3o F\u00edsica - 51\/2025<\/title>\n<meta name=\"description\" content=\"Atividade MAPA - Epidemiologia na Educa\u00e7\u00e3o F\u00edsica - 51\/2025 &#8902; Unicesumar. Baixe agora mesmo um Mapa Pronto resolvido!\" \/>\n<meta name=\"robots\" content=\"index, follow, max-snippet:-1, max-image-preview:large, max-video-preview:-1\" \/>\n<link rel=\"canonical\" href=\"https:\/\/atividademapa.com\/?product=mapa-epidemiologia-na-educacao-fisica-51-2025\" \/>\n<meta property=\"og:locale\" content=\"pt_BR\" \/>\n<meta property=\"og:type\" content=\"article\" \/>\n<meta property=\"og:title\" content=\"MAPA - Epidemiologia na Educa\u00e7\u00e3o F\u00edsica - 51\/2025\" \/>\n<meta property=\"og:description\" content=\"Atividade MAPA - Epidemiologia na Educa\u00e7\u00e3o F\u00edsica - 51\/2025 &#8902; Unicesumar. Baixe agora mesmo um Mapa Pronto resolvido!\" \/>\n<meta property=\"og:url\" content=\"https:\/\/atividademapa.com\/?product=mapa-epidemiologia-na-educacao-fisica-51-2025\" \/>\n<meta property=\"og:site_name\" content=\"Atividade Mapa\" \/>\n<meta property=\"article:modified_time\" content=\"2025-03-22T17:51:39+00:00\" \/>\n<meta property=\"og:image\" content=\"https:\/\/i0.wp.com\/atividademapa.com\/wp-content\/uploads\/2023\/03\/Atividade-M.A.P.A-3.png?fit=300%2C300&ssl=1\" \/>\n\t<meta property=\"og:image:width\" content=\"300\" \/>\n\t<meta property=\"og:image:height\" content=\"300\" \/>\n\t<meta property=\"og:image:type\" content=\"image\/png\" \/>\n<meta name=\"twitter:card\" content=\"summary_large_image\" \/>\n<meta name=\"twitter:label1\" content=\"Est. tempo de leitura\" \/>\n\t<meta name=\"twitter:data1\" content=\"2 minutos\" \/>\n<script type=\"application\/ld+json\" class=\"yoast-schema-graph\">{\"@context\":\"https:\\\/\\\/schema.org\",\"@graph\":[{\"@type\":\"WebPage\",\"@id\":\"https:\\\/\\\/atividademapa.com\\\/?product=mapa-epidemiologia-na-educacao-fisica-51-2025\",\"url\":\"https:\\\/\\\/atividademapa.com\\\/?product=mapa-epidemiologia-na-educacao-fisica-51-2025\",\"name\":\"MAPA - Epidemiologia na Educa\u00e7\u00e3o F\u00edsica - 51\\\/2025\",\"isPartOf\":{\"@id\":\"https:\\\/\\\/atividademapa.com\\\/#website\"},\"primaryImageOfPage\":{\"@id\":\"https:\\\/\\\/atividademapa.com\\\/?product=mapa-epidemiologia-na-educacao-fisica-51-2025#primaryimage\"},\"image\":{\"@id\":\"https:\\\/\\\/atividademapa.com\\\/?product=mapa-epidemiologia-na-educacao-fisica-51-2025#primaryimage\"},\"thumbnailUrl\":\"https:\\\/\\\/i0.wp.com\\\/atividademapa.com\\\/wp-content\\\/uploads\\\/2023\\\/03\\\/Atividade-M.A.P.A-3.png?fit=300%2C300&ssl=1\",\"datePublished\":\"2025-03-05T21:50:03+00:00\",\"dateModified\":\"2025-03-22T17:51:39+00:00\",\"description\":\"Atividade MAPA - Epidemiologia na Educa\u00e7\u00e3o F\u00edsica - 51\\\/2025 &#8902; Unicesumar. Baixe agora mesmo um Mapa Pronto resolvido!\",\"breadcrumb\":{\"@id\":\"https:\\\/\\\/atividademapa.com\\\/?product=mapa-epidemiologia-na-educacao-fisica-51-2025#breadcrumb\"},\"inLanguage\":\"pt-BR\",\"potentialAction\":[{\"@type\":\"ReadAction\",\"target\":[\"https:\\\/\\\/atividademapa.com\\\/?product=mapa-epidemiologia-na-educacao-fisica-51-2025\"]}]},{\"@type\":\"ImageObject\",\"inLanguage\":\"pt-BR\",\"@id\":\"https:\\\/\\\/atividademapa.com\\\/?product=mapa-epidemiologia-na-educacao-fisica-51-2025#primaryimage\",\"url\":\"https:\\\/\\\/i0.wp.com\\\/atividademapa.com\\\/wp-content\\\/uploads\\\/2023\\\/03\\\/Atividade-M.A.P.A-3.png?fit=300%2C300&ssl=1\",\"contentUrl\":\"https:\\\/\\\/i0.wp.com\\\/atividademapa.com\\\/wp-content\\\/uploads\\\/2023\\\/03\\\/Atividade-M.A.P.A-3.png?fit=300%2C300&ssl=1\",\"width\":300,\"height\":300,\"caption\":\"Mapa Unicesumar Atividade\"},{\"@type\":\"BreadcrumbList\",\"@id\":\"https:\\\/\\\/atividademapa.com\\\/?product=mapa-epidemiologia-na-educacao-fisica-51-2025#breadcrumb\",\"itemListElement\":[{\"@type\":\"ListItem\",\"position\":1,\"name\":\"In\u00edcio\",\"item\":\"https:\\\/\\\/atividademapa.com\\\/\"},{\"@type\":\"ListItem\",\"position\":2,\"name\":\"MAPAS\",\"item\":\"https:\\\/\\\/atividademapa.com\\\/?page_id=5\"},{\"@type\":\"ListItem\",\"position\":3,\"name\":\"MAPA &#8211; Epidemiologia na Educa\u00e7\u00e3o F\u00edsica &#8211; 51\\\/2025\"}]},{\"@type\":\"WebSite\",\"@id\":\"https:\\\/\\\/atividademapa.com\\\/#website\",\"url\":\"https:\\\/\\\/atividademapa.com\\\/\",\"name\":\"Atividade Mapa\",\"description\":\"StudeO | Unicesumar\",\"publisher\":{\"@id\":\"https:\\\/\\\/atividademapa.com\\\/#organization\"},\"potentialAction\":[{\"@type\":\"SearchAction\",\"target\":{\"@type\":\"EntryPoint\",\"urlTemplate\":\"https:\\\/\\\/atividademapa.com\\\/?s={search_term_string}\"},\"query-input\":{\"@type\":\"PropertyValueSpecification\",\"valueRequired\":true,\"valueName\":\"search_term_string\"}}],\"inLanguage\":\"pt-BR\"},{\"@type\":\"Organization\",\"@id\":\"https:\\\/\\\/atividademapa.com\\\/#organization\",\"name\":\"Atividade MAPA\",\"url\":\"https:\\\/\\\/atividademapa.com\\\/\",\"logo\":{\"@type\":\"ImageObject\",\"inLanguage\":\"pt-BR\",\"@id\":\"https:\\\/\\\/atividademapa.com\\\/#\\\/schema\\\/logo\\\/image\\\/\",\"url\":\"https:\\\/\\\/i0.wp.com\\\/atividademapa.com\\\/wp-content\\\/uploads\\\/2023\\\/02\\\/ATIVIDADE.png?fit=600%2C300&ssl=1\",\"contentUrl\":\"https:\\\/\\\/i0.wp.com\\\/atividademapa.com\\\/wp-content\\\/uploads\\\/2023\\\/02\\\/ATIVIDADE.png?fit=600%2C300&ssl=1\",\"width\":600,\"height\":300,\"caption\":\"Atividade MAPA\"},\"image\":{\"@id\":\"https:\\\/\\\/atividademapa.com\\\/#\\\/schema\\\/logo\\\/image\\\/\"}}]}<\/script>\n<!-- \/ Yoast SEO plugin. -->","yoast_head_json":{"title":"MAPA - Epidemiologia na Educa\u00e7\u00e3o F\u00edsica - 51\/2025","description":"Atividade MAPA - Epidemiologia na Educa\u00e7\u00e3o F\u00edsica - 51\/2025 &#8902; Unicesumar. Baixe agora mesmo um Mapa Pronto resolvido!","robots":{"index":"index","follow":"follow","max-snippet":"max-snippet:-1","max-image-preview":"max-image-preview:large","max-video-preview":"max-video-preview:-1"},"canonical":"https:\/\/atividademapa.com\/?product=mapa-epidemiologia-na-educacao-fisica-51-2025","og_locale":"pt_BR","og_type":"article","og_title":"MAPA - Epidemiologia na Educa\u00e7\u00e3o F\u00edsica - 51\/2025","og_description":"Atividade MAPA - Epidemiologia na Educa\u00e7\u00e3o F\u00edsica - 51\/2025 &#8902; Unicesumar. Baixe agora mesmo um Mapa Pronto resolvido!","og_url":"https:\/\/atividademapa.com\/?product=mapa-epidemiologia-na-educacao-fisica-51-2025","og_site_name":"Atividade Mapa","article_modified_time":"2025-03-22T17:51:39+00:00","og_image":[{"width":300,"height":300,"url":"https:\/\/i0.wp.com\/atividademapa.com\/wp-content\/uploads\/2023\/03\/Atividade-M.A.P.A-3.png?fit=300%2C300&ssl=1","type":"image\/png"}],"twitter_card":"summary_large_image","twitter_misc":{"Est. tempo de leitura":"2 minutos"},"schema":{"@context":"https:\/\/schema.org","@graph":[{"@type":"WebPage","@id":"https:\/\/atividademapa.com\/?product=mapa-epidemiologia-na-educacao-fisica-51-2025","url":"https:\/\/atividademapa.com\/?product=mapa-epidemiologia-na-educacao-fisica-51-2025","name":"MAPA - Epidemiologia na Educa\u00e7\u00e3o F\u00edsica - 51\/2025","isPartOf":{"@id":"https:\/\/atividademapa.com\/#website"},"primaryImageOfPage":{"@id":"https:\/\/atividademapa.com\/?product=mapa-epidemiologia-na-educacao-fisica-51-2025#primaryimage"},"image":{"@id":"https:\/\/atividademapa.com\/?product=mapa-epidemiologia-na-educacao-fisica-51-2025#primaryimage"},"thumbnailUrl":"https:\/\/i0.wp.com\/atividademapa.com\/wp-content\/uploads\/2023\/03\/Atividade-M.A.P.A-3.png?fit=300%2C300&ssl=1","datePublished":"2025-03-05T21:50:03+00:00","dateModified":"2025-03-22T17:51:39+00:00","description":"Atividade MAPA - Epidemiologia na Educa\u00e7\u00e3o F\u00edsica - 51\/2025 &#8902; Unicesumar. Baixe agora mesmo um Mapa Pronto resolvido!","breadcrumb":{"@id":"https:\/\/atividademapa.com\/?product=mapa-epidemiologia-na-educacao-fisica-51-2025#breadcrumb"},"inLanguage":"pt-BR","potentialAction":[{"@type":"ReadAction","target":["https:\/\/atividademapa.com\/?product=mapa-epidemiologia-na-educacao-fisica-51-2025"]}]},{"@type":"ImageObject","inLanguage":"pt-BR","@id":"https:\/\/atividademapa.com\/?product=mapa-epidemiologia-na-educacao-fisica-51-2025#primaryimage","url":"https:\/\/i0.wp.com\/atividademapa.com\/wp-content\/uploads\/2023\/03\/Atividade-M.A.P.A-3.png?fit=300%2C300&ssl=1","contentUrl":"https:\/\/i0.wp.com\/atividademapa.com\/wp-content\/uploads\/2023\/03\/Atividade-M.A.P.A-3.png?fit=300%2C300&ssl=1","width":300,"height":300,"caption":"Mapa Unicesumar Atividade"},{"@type":"BreadcrumbList","@id":"https:\/\/atividademapa.com\/?product=mapa-epidemiologia-na-educacao-fisica-51-2025#breadcrumb","itemListElement":[{"@type":"ListItem","position":1,"name":"In\u00edcio","item":"https:\/\/atividademapa.com\/"},{"@type":"ListItem","position":2,"name":"MAPAS","item":"https:\/\/atividademapa.com\/?page_id=5"},{"@type":"ListItem","position":3,"name":"MAPA &#8211; Epidemiologia na Educa\u00e7\u00e3o F\u00edsica &#8211; 51\/2025"}]},{"@type":"WebSite","@id":"https:\/\/atividademapa.com\/#website","url":"https:\/\/atividademapa.com\/","name":"Atividade Mapa","description":"StudeO | Unicesumar","publisher":{"@id":"https:\/\/atividademapa.com\/#organization"},"potentialAction":[{"@type":"SearchAction","target":{"@type":"EntryPoint","urlTemplate":"https:\/\/atividademapa.com\/?s={search_term_string}"},"query-input":{"@type":"PropertyValueSpecification","valueRequired":true,"valueName":"search_term_string"}}],"inLanguage":"pt-BR"},{"@type":"Organization","@id":"https:\/\/atividademapa.com\/#organization","name":"Atividade MAPA","url":"https:\/\/atividademapa.com\/","logo":{"@type":"ImageObject","inLanguage":"pt-BR","@id":"https:\/\/atividademapa.com\/#\/schema\/logo\/image\/","url":"https:\/\/i0.wp.com\/atividademapa.com\/wp-content\/uploads\/2023\/02\/ATIVIDADE.png?fit=600%2C300&ssl=1","contentUrl":"https:\/\/i0.wp.com\/atividademapa.com\/wp-content\/uploads\/2023\/02\/ATIVIDADE.png?fit=600%2C300&ssl=1","width":600,"height":300,"caption":"Atividade MAPA"},"image":{"@id":"https:\/\/atividademapa.com\/#\/schema\/logo\/image\/"}}]}},"_links":{"self":[{"href":"https:\/\/atividademapa.com\/index.php?rest_route=\/wp\/v2\/product\/5318","targetHints":{"allow":["GET"]}}],"collection":[{"href":"https:\/\/atividademapa.com\/index.php?rest_route=\/wp\/v2\/product"}],"about":[{"href":"https:\/\/atividademapa.com\/index.php?rest_route=\/wp\/v2\/types\/product"}],"version-history":[{"count":1,"href":"https:\/\/atividademapa.com\/index.php?rest_route=\/wp\/v2\/product\/5318\/revisions"}],"predecessor-version":[{"id":5319,"href":"https:\/\/atividademapa.com\/index.php?rest_route=\/wp\/v2\/product\/5318\/revisions\/5319"}],"wp:featuredmedia":[{"embeddable":true,"href":"https:\/\/atividademapa.com\/index.php?rest_route=\/wp\/v2\/media\/2326"}],"wp:attachment":[{"href":"https:\/\/atividademapa.com\/index.php?rest_route=%2Fwp%2Fv2%2Fmedia&parent=5318"}],"wp:term":[{"taxonomy":"product_brand","embeddable":true,"href":"https:\/\/atividademapa.com\/index.php?rest_route=%2Fwp%2Fv2%2Fproduct_brand&post=5318"},{"taxonomy":"product_cat","embeddable":true,"href":"https:\/\/atividademapa.com\/index.php?rest_route=%2Fwp%2Fv2%2Fproduct_cat&post=5318"},{"taxonomy":"product_tag","embeddable":true,"href":"https:\/\/atividademapa.com\/index.php?rest_route=%2Fwp%2Fv2%2Fproduct_tag&post=5318"}],"curies":[{"name":"wp","href":"https:\/\/api.w.org\/{rel}","templated":true}]}}