{"id":5320,"date":"2025-03-05T18:53:13","date_gmt":"2025-03-05T21:53:13","guid":{"rendered":"https:\/\/atividademapa.com\/?post_type=product&#038;p=5320"},"modified":"2025-03-05T18:55:48","modified_gmt":"2025-03-05T21:55:48","slug":"5320","status":"publish","type":"product","link":"https:\/\/atividademapa.com\/?product=5320","title":{"rendered":"MAPA &#8211; Administra\u00e7\u00e3o Voltada \u00e0 Gest\u00e3o P\u00fablica \u2013 51 2025"},"content":{"rendered":"<p><strong>MAPA &#8211; Administra\u00e7\u00e3o Voltada \u00e0 Gest\u00e3o P\u00fablica \u2013 51 2025<\/strong><\/p>\n<p>Ol\u00e1, acad\u00eamico(a) do curso de Gest\u00e3o P\u00fablica!<\/p>\n<p>A atividade proposta corresponde ao Material de Avalia\u00e7\u00e3o Pr\u00e1tica de Aprendizagem &#8211; M.A.P.A. da disciplina de Administra\u00e7\u00e3o Voltada \u00e0 Gest\u00e3o P\u00fablica.<\/p>\n<p>O objetivo desta atividade \u00e9 discutir e explorar as principais pr\u00e1ticas de governan\u00e7a na gest\u00e3o p\u00fablica e como elas podem ser aplicadas para melhorar a administra\u00e7\u00e3o p\u00fablica e atender de maneira mais eficaz \u00e0s necessidades da sociedade.<\/p>\n<p>Pr\u00e1ticas de Governan\u00e7a na Gest\u00e3o P\u00fablica<\/p>\n<p>As pr\u00e1ticas de governan\u00e7a s\u00e3o importantes para garantir que os recursos p\u00fablicos sejam administrados de forma eficiente, transparente e respons\u00e1vel. Essas pr\u00e1ticas envolvem princ\u00edpios, processos e mecanismos que buscam alinhar as a\u00e7\u00f5es dos governos aos interesses coletivos e promover o bem-estar da popula\u00e7\u00e3o.<\/p>\n<p>No contexto da gest\u00e3o p\u00fablica, a governan\u00e7a est\u00e1 voltada para a execu\u00e7\u00e3o estrat\u00e9gica de pol\u00edticas e servi\u00e7os, levando em considera\u00e7\u00e3o a sustentabilidade e os impactos sociais e econ\u00f4micos.<\/p>\n<p>Entre os principais pilares da governan\u00e7a est\u00e3o:<\/p>\n<p>Planejamento estrat\u00e9gico: Definir de metas e objetivos claros e estabelecer prioridades alinhadas com as necessidades da sociedade; Uso de indicadores de desempenho a fim de medir o desempenho e os resultados das pol\u00edticas p\u00fablicas.<\/p>\n<p>Transpar\u00eancia e Presta\u00e7\u00e3o de Contas: Acesso \u00e0 informa\u00e7\u00e3o a fim de garantir que dados sobre a\u00e7\u00f5es governamentais, or\u00e7amento e gastos p\u00fablicos estejam dispon\u00edveis para os cidad\u00e3os; publicar relat\u00f3rios peri\u00f3dicos e realiza\u00e7\u00e3o audi\u00eancias p\u00fablicas para explicar decis\u00f5es e resultados.<\/p>\n<p>Uso de tecnologias inovadoras: Implantar sistemas e ferramentas que simplifiquem servi\u00e7os e aumentem a efici\u00eancia.<\/p>\n<p>Quando essas pr\u00e1ticas s\u00e3o adotadas corretamente, as institui\u00e7\u00f5es p\u00fablicas aumentam a efici\u00eancia dos servi\u00e7os, fortalecem a integridade e garantem que as decis\u00f5es sejam mais eficazes e orientadas por dados concretos.<\/p>\n<p>CAMILO, E.; STRUETT, M. A. M. Administra\u00e7\u00e3o voltada \u00e0 gest\u00e3o p\u00fablica. Maring\u00e1: UniCesumar, 2021.<\/p>\n<p>#Novas Descobertas<\/p>\n<p>O Portal da Transpar\u00eancia do Governo Federal, lan\u00e7ado pela Controladoria-Geral da Uni\u00e3o (CGU) em 2004, \u00e9 uma plataforma p\u00fablica e de acesso livre que permite aos cidad\u00e3os consultarem informa\u00e7\u00f5es sobre o uso do dinheiro p\u00fablico e a gest\u00e3o p\u00fablica no Brasil.<\/p>\n<p>A ferramenta recebe dados de diversos sistemas governamentais, como o Sistema Integrado de Administra\u00e7\u00e3o Financeira do Governo Federal (Siafi) e o Sistema Integrado de Administra\u00e7\u00e3o de Recursos Humanos (Siape), al\u00e9m de outras bases relacionadas a benef\u00edcios sociais e gastos governamentais.<\/p>\n<p>As informa\u00e7\u00f5es s\u00e3o organizadas e disponibilizadas em pain\u00e9is interativos, gr\u00e1ficos e dados abertos, com atualiza\u00e7\u00e3o peri\u00f3dica. O portal \u00e9 acess\u00edvel sem a necessidade de cadastro, permitindo que qualquer pessoa navegue e utilize os dados de forma transparente e pr\u00e1tica.<\/p>\n<p>Conhe\u00e7a o Portal: https: www.portaltransparencia.gov.br e consulte exemplos de pr\u00e1ticas de governan\u00e7a no setor p\u00fablico.<\/p>\n","protected":false},"excerpt":{"rendered":"<p>O M.A.P.A. da disciplina de Administra\u00e7\u00e3o Voltada \u00e0 Gest\u00e3o P\u00fablica explora as principais pr\u00e1ticas de governan\u00e7a no setor p\u00fablico, destacando sua import\u00e2ncia para uma gest\u00e3o eficiente, transparente e respons\u00e1vel. A atividade aborda temas como planejamento estrat\u00e9gico, transpar\u00eancia, presta\u00e7\u00e3o de contas e inova\u00e7\u00e3o tecnol\u00f3gica, fundamentais para a execu\u00e7\u00e3o eficaz de pol\u00edticas p\u00fablicas. Ideal para acad\u00eamicos interessados em compreender como a governan\u00e7a pode melhorar a administra\u00e7\u00e3o p\u00fablica e otimizar o uso dos recursos, promovendo um servi\u00e7o mais eficiente e alinhado \u00e0s necessidades da sociedade.<\/p>\n","protected":false},"featured_media":2326,"template":"","meta":{"_monsterinsights_skip_tracking":false,"_monsterinsights_sitenote_active":false,"_monsterinsights_sitenote_note":"","_monsterinsights_sitenote_category":0},"product_brand":[],"product_cat":[85],"product_tag":[],"class_list":{"0":"post-5320","1":"product","2":"type-product","3":"status-publish","4":"has-post-thumbnail","6":"product_cat-gestao-publica","8":"first","9":"instock","10":"downloadable","11":"virtual","12":"purchasable","13":"product-type-simple"},"yoast_head":"<!-- This site is optimized with the Yoast SEO plugin v27.4 - https:\/\/yoast.com\/product\/yoast-seo-wordpress\/ -->\n<title>MAPA - Administra\u00e7\u00e3o Voltada \u00e0 Gest\u00e3o P\u00fablica \u2013 51 2025<\/title>\n<meta name=\"description\" content=\"Atividade MAPA - Administra\u00e7\u00e3o Voltada \u00e0 Gest\u00e3o P\u00fablica \u2013 51 2025 &#8902; Unicesumar. Baixe agora mesmo um Mapa Pronto resolvido!\" \/>\n<meta name=\"robots\" content=\"index, follow, max-snippet:-1, max-image-preview:large, max-video-preview:-1\" \/>\n<link rel=\"canonical\" href=\"https:\/\/atividademapa.com\/?product=5320\" \/>\n<meta property=\"og:locale\" content=\"pt_BR\" \/>\n<meta property=\"og:type\" content=\"article\" \/>\n<meta property=\"og:title\" content=\"MAPA - Administra\u00e7\u00e3o Voltada \u00e0 Gest\u00e3o P\u00fablica \u2013 51 2025\" \/>\n<meta property=\"og:description\" content=\"Atividade MAPA - Administra\u00e7\u00e3o Voltada \u00e0 Gest\u00e3o P\u00fablica \u2013 51 2025 &#8902; Unicesumar. Baixe agora mesmo um Mapa Pronto resolvido!\" \/>\n<meta property=\"og:url\" content=\"https:\/\/atividademapa.com\/?product=5320\" \/>\n<meta property=\"og:site_name\" content=\"Atividade Mapa\" \/>\n<meta property=\"article:modified_time\" content=\"2025-03-05T21:55:48+00:00\" \/>\n<meta property=\"og:image\" content=\"https:\/\/i0.wp.com\/atividademapa.com\/wp-content\/uploads\/2023\/03\/Atividade-M.A.P.A-3.png?fit=300%2C300&ssl=1\" \/>\n\t<meta property=\"og:image:width\" content=\"300\" \/>\n\t<meta property=\"og:image:height\" content=\"300\" \/>\n\t<meta property=\"og:image:type\" content=\"image\/png\" \/>\n<meta name=\"twitter:card\" content=\"summary_large_image\" \/>\n<meta name=\"twitter:label1\" content=\"Est. tempo de leitura\" \/>\n\t<meta name=\"twitter:data1\" content=\"3 minutos\" \/>\n<script type=\"application\/ld+json\" class=\"yoast-schema-graph\">{\"@context\":\"https:\\\/\\\/schema.org\",\"@graph\":[{\"@type\":\"WebPage\",\"@id\":\"https:\\\/\\\/atividademapa.com\\\/?product=5320\",\"url\":\"https:\\\/\\\/atividademapa.com\\\/?product=5320\",\"name\":\"MAPA - Administra\u00e7\u00e3o Voltada \u00e0 Gest\u00e3o P\u00fablica \u2013 51 2025\",\"isPartOf\":{\"@id\":\"https:\\\/\\\/atividademapa.com\\\/#website\"},\"primaryImageOfPage\":{\"@id\":\"https:\\\/\\\/atividademapa.com\\\/?product=5320#primaryimage\"},\"image\":{\"@id\":\"https:\\\/\\\/atividademapa.com\\\/?product=5320#primaryimage\"},\"thumbnailUrl\":\"https:\\\/\\\/i0.wp.com\\\/atividademapa.com\\\/wp-content\\\/uploads\\\/2023\\\/03\\\/Atividade-M.A.P.A-3.png?fit=300%2C300&ssl=1\",\"datePublished\":\"2025-03-05T21:53:13+00:00\",\"dateModified\":\"2025-03-05T21:55:48+00:00\",\"description\":\"Atividade MAPA - Administra\u00e7\u00e3o Voltada \u00e0 Gest\u00e3o P\u00fablica \u2013 51 2025 &#8902; Unicesumar. Baixe agora mesmo um Mapa Pronto resolvido!\",\"breadcrumb\":{\"@id\":\"https:\\\/\\\/atividademapa.com\\\/?product=5320#breadcrumb\"},\"inLanguage\":\"pt-BR\",\"potentialAction\":[{\"@type\":\"ReadAction\",\"target\":[\"https:\\\/\\\/atividademapa.com\\\/?product=5320\"]}]},{\"@type\":\"ImageObject\",\"inLanguage\":\"pt-BR\",\"@id\":\"https:\\\/\\\/atividademapa.com\\\/?product=5320#primaryimage\",\"url\":\"https:\\\/\\\/i0.wp.com\\\/atividademapa.com\\\/wp-content\\\/uploads\\\/2023\\\/03\\\/Atividade-M.A.P.A-3.png?fit=300%2C300&ssl=1\",\"contentUrl\":\"https:\\\/\\\/i0.wp.com\\\/atividademapa.com\\\/wp-content\\\/uploads\\\/2023\\\/03\\\/Atividade-M.A.P.A-3.png?fit=300%2C300&ssl=1\",\"width\":300,\"height\":300,\"caption\":\"Mapa Unicesumar Atividade\"},{\"@type\":\"BreadcrumbList\",\"@id\":\"https:\\\/\\\/atividademapa.com\\\/?product=5320#breadcrumb\",\"itemListElement\":[{\"@type\":\"ListItem\",\"position\":1,\"name\":\"In\u00edcio\",\"item\":\"https:\\\/\\\/atividademapa.com\\\/\"},{\"@type\":\"ListItem\",\"position\":2,\"name\":\"MAPAS\",\"item\":\"https:\\\/\\\/atividademapa.com\\\/?page_id=5\"},{\"@type\":\"ListItem\",\"position\":3,\"name\":\"MAPA &#8211; Administra\u00e7\u00e3o Voltada \u00e0 Gest\u00e3o P\u00fablica \u2013 51 2025\"}]},{\"@type\":\"WebSite\",\"@id\":\"https:\\\/\\\/atividademapa.com\\\/#website\",\"url\":\"https:\\\/\\\/atividademapa.com\\\/\",\"name\":\"Atividade Mapa\",\"description\":\"StudeO | Unicesumar\",\"publisher\":{\"@id\":\"https:\\\/\\\/atividademapa.com\\\/#organization\"},\"potentialAction\":[{\"@type\":\"SearchAction\",\"target\":{\"@type\":\"EntryPoint\",\"urlTemplate\":\"https:\\\/\\\/atividademapa.com\\\/?s={search_term_string}\"},\"query-input\":{\"@type\":\"PropertyValueSpecification\",\"valueRequired\":true,\"valueName\":\"search_term_string\"}}],\"inLanguage\":\"pt-BR\"},{\"@type\":\"Organization\",\"@id\":\"https:\\\/\\\/atividademapa.com\\\/#organization\",\"name\":\"Atividade MAPA\",\"url\":\"https:\\\/\\\/atividademapa.com\\\/\",\"logo\":{\"@type\":\"ImageObject\",\"inLanguage\":\"pt-BR\",\"@id\":\"https:\\\/\\\/atividademapa.com\\\/#\\\/schema\\\/logo\\\/image\\\/\",\"url\":\"https:\\\/\\\/i0.wp.com\\\/atividademapa.com\\\/wp-content\\\/uploads\\\/2023\\\/02\\\/ATIVIDADE.png?fit=600%2C300&ssl=1\",\"contentUrl\":\"https:\\\/\\\/i0.wp.com\\\/atividademapa.com\\\/wp-content\\\/uploads\\\/2023\\\/02\\\/ATIVIDADE.png?fit=600%2C300&ssl=1\",\"width\":600,\"height\":300,\"caption\":\"Atividade MAPA\"},\"image\":{\"@id\":\"https:\\\/\\\/atividademapa.com\\\/#\\\/schema\\\/logo\\\/image\\\/\"}}]}<\/script>\n<!-- \/ Yoast SEO plugin. -->","yoast_head_json":{"title":"MAPA - Administra\u00e7\u00e3o Voltada \u00e0 Gest\u00e3o P\u00fablica \u2013 51 2025","description":"Atividade MAPA - Administra\u00e7\u00e3o Voltada \u00e0 Gest\u00e3o P\u00fablica \u2013 51 2025 &#8902; Unicesumar. Baixe agora mesmo um Mapa Pronto resolvido!","robots":{"index":"index","follow":"follow","max-snippet":"max-snippet:-1","max-image-preview":"max-image-preview:large","max-video-preview":"max-video-preview:-1"},"canonical":"https:\/\/atividademapa.com\/?product=5320","og_locale":"pt_BR","og_type":"article","og_title":"MAPA - Administra\u00e7\u00e3o Voltada \u00e0 Gest\u00e3o P\u00fablica \u2013 51 2025","og_description":"Atividade MAPA - Administra\u00e7\u00e3o Voltada \u00e0 Gest\u00e3o P\u00fablica \u2013 51 2025 &#8902; Unicesumar. Baixe agora mesmo um Mapa Pronto resolvido!","og_url":"https:\/\/atividademapa.com\/?product=5320","og_site_name":"Atividade Mapa","article_modified_time":"2025-03-05T21:55:48+00:00","og_image":[{"width":300,"height":300,"url":"https:\/\/i0.wp.com\/atividademapa.com\/wp-content\/uploads\/2023\/03\/Atividade-M.A.P.A-3.png?fit=300%2C300&ssl=1","type":"image\/png"}],"twitter_card":"summary_large_image","twitter_misc":{"Est. tempo de leitura":"3 minutos"},"schema":{"@context":"https:\/\/schema.org","@graph":[{"@type":"WebPage","@id":"https:\/\/atividademapa.com\/?product=5320","url":"https:\/\/atividademapa.com\/?product=5320","name":"MAPA - Administra\u00e7\u00e3o Voltada \u00e0 Gest\u00e3o P\u00fablica \u2013 51 2025","isPartOf":{"@id":"https:\/\/atividademapa.com\/#website"},"primaryImageOfPage":{"@id":"https:\/\/atividademapa.com\/?product=5320#primaryimage"},"image":{"@id":"https:\/\/atividademapa.com\/?product=5320#primaryimage"},"thumbnailUrl":"https:\/\/i0.wp.com\/atividademapa.com\/wp-content\/uploads\/2023\/03\/Atividade-M.A.P.A-3.png?fit=300%2C300&ssl=1","datePublished":"2025-03-05T21:53:13+00:00","dateModified":"2025-03-05T21:55:48+00:00","description":"Atividade MAPA - Administra\u00e7\u00e3o Voltada \u00e0 Gest\u00e3o P\u00fablica \u2013 51 2025 &#8902; Unicesumar. Baixe agora mesmo um Mapa Pronto resolvido!","breadcrumb":{"@id":"https:\/\/atividademapa.com\/?product=5320#breadcrumb"},"inLanguage":"pt-BR","potentialAction":[{"@type":"ReadAction","target":["https:\/\/atividademapa.com\/?product=5320"]}]},{"@type":"ImageObject","inLanguage":"pt-BR","@id":"https:\/\/atividademapa.com\/?product=5320#primaryimage","url":"https:\/\/i0.wp.com\/atividademapa.com\/wp-content\/uploads\/2023\/03\/Atividade-M.A.P.A-3.png?fit=300%2C300&ssl=1","contentUrl":"https:\/\/i0.wp.com\/atividademapa.com\/wp-content\/uploads\/2023\/03\/Atividade-M.A.P.A-3.png?fit=300%2C300&ssl=1","width":300,"height":300,"caption":"Mapa Unicesumar Atividade"},{"@type":"BreadcrumbList","@id":"https:\/\/atividademapa.com\/?product=5320#breadcrumb","itemListElement":[{"@type":"ListItem","position":1,"name":"In\u00edcio","item":"https:\/\/atividademapa.com\/"},{"@type":"ListItem","position":2,"name":"MAPAS","item":"https:\/\/atividademapa.com\/?page_id=5"},{"@type":"ListItem","position":3,"name":"MAPA &#8211; Administra\u00e7\u00e3o Voltada \u00e0 Gest\u00e3o P\u00fablica \u2013 51 2025"}]},{"@type":"WebSite","@id":"https:\/\/atividademapa.com\/#website","url":"https:\/\/atividademapa.com\/","name":"Atividade Mapa","description":"StudeO | Unicesumar","publisher":{"@id":"https:\/\/atividademapa.com\/#organization"},"potentialAction":[{"@type":"SearchAction","target":{"@type":"EntryPoint","urlTemplate":"https:\/\/atividademapa.com\/?s={search_term_string}"},"query-input":{"@type":"PropertyValueSpecification","valueRequired":true,"valueName":"search_term_string"}}],"inLanguage":"pt-BR"},{"@type":"Organization","@id":"https:\/\/atividademapa.com\/#organization","name":"Atividade MAPA","url":"https:\/\/atividademapa.com\/","logo":{"@type":"ImageObject","inLanguage":"pt-BR","@id":"https:\/\/atividademapa.com\/#\/schema\/logo\/image\/","url":"https:\/\/i0.wp.com\/atividademapa.com\/wp-content\/uploads\/2023\/02\/ATIVIDADE.png?fit=600%2C300&ssl=1","contentUrl":"https:\/\/i0.wp.com\/atividademapa.com\/wp-content\/uploads\/2023\/02\/ATIVIDADE.png?fit=600%2C300&ssl=1","width":600,"height":300,"caption":"Atividade MAPA"},"image":{"@id":"https:\/\/atividademapa.com\/#\/schema\/logo\/image\/"}}]}},"_links":{"self":[{"href":"https:\/\/atividademapa.com\/index.php?rest_route=\/wp\/v2\/product\/5320","targetHints":{"allow":["GET"]}}],"collection":[{"href":"https:\/\/atividademapa.com\/index.php?rest_route=\/wp\/v2\/product"}],"about":[{"href":"https:\/\/atividademapa.com\/index.php?rest_route=\/wp\/v2\/types\/product"}],"version-history":[{"count":2,"href":"https:\/\/atividademapa.com\/index.php?rest_route=\/wp\/v2\/product\/5320\/revisions"}],"predecessor-version":[{"id":5325,"href":"https:\/\/atividademapa.com\/index.php?rest_route=\/wp\/v2\/product\/5320\/revisions\/5325"}],"wp:featuredmedia":[{"embeddable":true,"href":"https:\/\/atividademapa.com\/index.php?rest_route=\/wp\/v2\/media\/2326"}],"wp:attachment":[{"href":"https:\/\/atividademapa.com\/index.php?rest_route=%2Fwp%2Fv2%2Fmedia&parent=5320"}],"wp:term":[{"taxonomy":"product_brand","embeddable":true,"href":"https:\/\/atividademapa.com\/index.php?rest_route=%2Fwp%2Fv2%2Fproduct_brand&post=5320"},{"taxonomy":"product_cat","embeddable":true,"href":"https:\/\/atividademapa.com\/index.php?rest_route=%2Fwp%2Fv2%2Fproduct_cat&post=5320"},{"taxonomy":"product_tag","embeddable":true,"href":"https:\/\/atividademapa.com\/index.php?rest_route=%2Fwp%2Fv2%2Fproduct_tag&post=5320"}],"curies":[{"name":"wp","href":"https:\/\/api.w.org\/{rel}","templated":true}]}}