{"id":5347,"date":"2025-03-10T20:33:46","date_gmt":"2025-03-10T23:33:46","guid":{"rendered":"https:\/\/atividademapa.com\/?post_type=product&#038;p=5347"},"modified":"2025-03-10T22:16:14","modified_gmt":"2025-03-11T01:16:14","slug":"mapa-mentalidade-criativa-e-empreendedora-51-2025-3","status":"publish","type":"product","link":"https:\/\/atividademapa.com\/?product=mapa-mentalidade-criativa-e-empreendedora-51-2025-3","title":{"rendered":"MAPA &#8211; Mentalidade Criativa e Empreendedora &#8211; 51\/2025"},"content":{"rendered":"<p>Ol\u00e1, estudante! Tudo bem? Preparado(a) para dar in\u00edcio a sua Atividade MAPA?<\/p>\n<p>Voc\u00ea j\u00e1 ouviu falar sobre a ferramenta SWOT?<\/p>\n<p>\u200bA an\u00e1lise SWOT (Strengths, Weaknesses, Opportunities, Threats) \u00e9 uma ferramenta de gest\u00e3o que ajuda a identificar as for\u00e7as, fraquezas, oportunidades e amea\u00e7as de uma empresa ou projeto. Em portugu\u00eas, \u00e9 conhecida como an\u00e1lise FOFA, uma abrevia\u00e7\u00e3o para For\u00e7a, Oportunidades, Fraquezas e Ame\u00e7as.<\/p>\n<p>Ela pode ser aplicada em qualquer neg\u00f3cio, independentemente do seu tamanho ou segmento e pode ser feita de forma colaborativa, com a participa\u00e7\u00e3o de diferentes pessoas da empresa.<\/p>\n<p>\u00c9 uma t\u00e9cnica de planejamento estrat\u00e9gico, que pode ser usada para:<\/p>\n<p>&#8211; Avaliar a posi\u00e7\u00e3o atual da empresa no mercado,<\/p>\n<p>&#8211; Entender as tend\u00eancias do setor,<\/p>\n<p>&#8211; Tra\u00e7ar estrat\u00e9gias para o futuro,<\/p>\n<p>&#8211; Desenvolver estrat\u00e9gias de marketing,<\/p>\n<p>&#8211; Elaborar metas,<\/p>\n<p>&#8211; Analisar a viabilidade de um produto ou servi\u00e7o, dentre outros.<\/p>\n<p>Para fazer uma an\u00e1lise SWOT, \u00e9 preciso:<\/p>\n<p>Identificar os pontos fortes (da empresa, produto ou servi\u00e7o).<\/p>\n<p>Identificar os pontos fracos (da empresa, produto ou servi\u00e7o).<\/p>\n<p>Identificar as oportunidades de melhoria (da empresa, produto ou servi\u00e7o).<\/p>\n<p>Identificar as amea\u00e7as que podem impactar (da empresa, produto ou servi\u00e7o).<\/p>\n<p>Seguem alguns links de apoio, para complementar os estudos sobre essa ferramenta:<\/p>\n<blockquote class=\"wp-embedded-content\" data-secret=\"gn6jzKDlim\"><p><a href=\"https:\/\/www.agendor.com.br\/blog\/matriz-swot-como-fazer\/\">Matriz SWOT: como usar na an\u00e1lise estrat\u00e9gica da empresa?<\/a><\/p><\/blockquote>\n<p><iframe loading=\"lazy\" class=\"wp-embedded-content\" sandbox=\"allow-scripts\" security=\"restricted\" style=\"position: absolute; visibility: hidden;\" title=\"&#8220;Matriz SWOT: como usar na an\u00e1lise estrat\u00e9gica da empresa?&#8221; &#8212; Blog Agendor\" src=\"https:\/\/www.agendor.com.br\/blog\/matriz-swot-como-fazer\/embed\/#?secret=gn6jzKDlim\" data-secret=\"gn6jzKDlim\" width=\"500\" height=\"282\" frameborder=\"0\" marginwidth=\"0\" marginheight=\"0\" scrolling=\"no\"><\/iframe><\/p>\n<p>https:\/\/meetime.com.br\/blog\/gestao-empresarial\/analise-swot\/<\/p>\n<p>https:\/\/sebrae.com.br\/sites\/PortalSebrae\/ufs\/pr\/artigos\/analise-swot-como-aplicar-no-planejamento-da-sua-empresa,7fb0d31f6f10b510VgnVCM1000004c00210aRCRD<\/p>\n<p>Fonte: Elaborado pelo professor, 2025.<\/p>\n<p>Com base no exposto, materiais disponibilizados e estudo da disciplina, analise cuidadosamente a proposta a seguir:<\/p>\n<p>Atividade: An\u00e1lise SWOT e Viabilidade do Curso de Bolos Decorados.<\/p>\n<p>Rosa \u00e9 uma jovem senhora empreendedora que vende bolos h\u00e1 muitos anos. Ela resolve ampliar suas vendas e decide vender um curso de bolos decorados pela internet. Como vender pela internet \u00e9 novo para ela, pede a ajuda de seu primo Ricardo.<\/p>\n<p>Ricardo, um administrador de sucesso, se prop\u00f5e a ajud\u00e1-la e diz que montar\u00e1 uma An\u00e1lise Swot para avaliar a viabilidade do curso em quest\u00e3o.<\/p>\n<p>Fonte: Elaborado pelo professor, 2025.<\/p>\n<p>Parte 1: Pr\u00e1tica &#8211; SWOT.<\/p>\n<p>Com base no contexto, preencha a tabela abaixo com os pontos mais relevantes para a venda do curso de bolos decorados pela internet.<\/p>\n<p>Sua resposta dever\u00e1 conter no m\u00ednimo:<\/p>\n<p>1 a. 3 (tr\u00eas) descri\u00e7\u00f5es de for\u00e7as.<\/p>\n<p>1 b. 3 (tr\u00eas) descri\u00e7\u00f5es de fraquezas.<\/p>\n<p>\u200b1 c 3 (tr\u00eas) descri\u00e7\u00f5es de oportunidades.<\/p>\n<p>\u200b1 d. 3 (tr\u00eas) descri\u00e7\u00f5es de amea\u00e7as.<\/p>\n<p>&nbsp;<\/p>\n<p>For\u00e7as (Strengths)<\/p>\n<p>Fraquezas (Weaknesses)<\/p>\n<p>1.<\/p>\n<p>1.<\/p>\n<p>2.<\/p>\n<p>2.<\/p>\n<p>3.<\/p>\n<p>3.<\/p>\n<p>4.<\/p>\n<p>4.<\/p>\n<p>5.<\/p>\n<p>5.<\/p>\n<p>Oportunidades (Opportunities)<\/p>\n<p>Amea\u00e7as (Threats)<\/p>\n<p>1.<\/p>\n<p>1.<\/p>\n<p>2.<\/p>\n<p>2.<\/p>\n<p>3.<\/p>\n<p>3.<\/p>\n<p>4.<\/p>\n<p>4.<\/p>\n<p>5.<\/p>\n<p>5.<\/p>\n<p>Parte 2: Pr\u00e1tica \u2014 An\u00e1lise de Viabilidade.<\/p>\n<p>Com base nos fatores acima, avalie a viabilidade da venda do curso de bolos decorados online. Para isso, considere as for\u00e7as e oportunidades identificadas, bem como os desafios das fraquezas e amea\u00e7as. (m\u00ednimo 5 linhas).<\/p>\n<p>\u200bOrienta\u00e7\u00f5es gerais:<\/p>\n<p>&#8211; Para esta atividade, voc\u00ea dever\u00e1 utilizar o formul\u00e1rio padr\u00e3o que est\u00e1 dispon\u00edvel no \u00edcone \u201cMaterial da Disciplina\u201d.<br \/>\n&#8211; Considere as orienta\u00e7\u00f5es para a atividade MAPA, acessando o link do v\u00eddeo explicativo.<br \/>\n&#8211; N\u00e3o se esque\u00e7a de que este \u00e9 um trabalho acad\u00eamico, assim sendo, observe as Normas ABNT.<br \/>\n&#8211; Aten\u00e7\u00e3o: se identificado pl\u00e1gio (c\u00f3pia indevida de textos pesquisados, ou c\u00f3pia textual entre colegas) a atividade poder\u00e1 ser zerada.<br \/>\n&#8211; Anexe o arquivo no campo de resposta da atividade MAPA, clicando sobre o bot\u00e3o Selecionar arquivo.<br \/>\n&#8211; Ap\u00f3s anexar o arquivo, certificar-se que se trata do arquivo correto, clique no bot\u00e3o Responder e, posteriormente, em Finalizar Question\u00e1rio (ap\u00f3s &#8220;Finalizar o Question\u00e1rio&#8221;, n\u00e3o ser\u00e1 poss\u00edvel reenviar a atividade ou realizar qualquer modifica\u00e7\u00e3o no arquivo enviado).<br \/>\n&#8211; Tendo d\u00favidas, n\u00e3o deixe de encaminh\u00e1-las por meio do &#8220;Fale com o mediador&#8221;.<\/p>\n<p>Bons Estudos!<\/p>\n","protected":false},"excerpt":{"rendered":"<p>Ol\u00e1, estudante! Tudo bem? Preparado(a) para dar in\u00edcio a sua Atividade MAPA? Voc\u00ea j\u00e1 ouviu falar sobre a ferramenta SWOT?<\/p>\n","protected":false},"featured_media":2326,"template":"","meta":{"_monsterinsights_skip_tracking":false,"_monsterinsights_sitenote_active":false,"_monsterinsights_sitenote_note":"","_monsterinsights_sitenote_category":0},"product_brand":[],"product_cat":[58],"product_tag":[],"class_list":{"0":"post-5347","1":"product","2":"type-product","3":"status-publish","4":"has-post-thumbnail","6":"product_cat-biomedicina","8":"first","9":"instock","10":"downloadable","11":"virtual","12":"purchasable","13":"product-type-simple"},"yoast_head":"<!-- This site is optimized with the Yoast SEO plugin v27.4 - https:\/\/yoast.com\/product\/yoast-seo-wordpress\/ -->\n<title>MAPA - Mentalidade Criativa e Empreendedora - 51\/2025<\/title>\n<meta name=\"description\" content=\"Atividade MAPA - Mentalidade Criativa e Empreendedora - 51\/2025 &#8902; Unicesumar. Baixe agora mesmo um Mapa Pronto resolvido!\" \/>\n<meta name=\"robots\" content=\"index, follow, max-snippet:-1, max-image-preview:large, max-video-preview:-1\" \/>\n<link rel=\"canonical\" href=\"https:\/\/atividademapa.com\/?product=mapa-mentalidade-criativa-e-empreendedora-51-2025-3\" \/>\n<meta property=\"og:locale\" content=\"pt_BR\" \/>\n<meta property=\"og:type\" content=\"article\" \/>\n<meta property=\"og:title\" content=\"MAPA - Mentalidade Criativa e Empreendedora - 51\/2025\" \/>\n<meta property=\"og:description\" content=\"Atividade MAPA - Mentalidade Criativa e Empreendedora - 51\/2025 &#8902; Unicesumar. Baixe agora mesmo um Mapa Pronto resolvido!\" \/>\n<meta property=\"og:url\" content=\"https:\/\/atividademapa.com\/?product=mapa-mentalidade-criativa-e-empreendedora-51-2025-3\" \/>\n<meta property=\"og:site_name\" content=\"Atividade Mapa\" \/>\n<meta property=\"article:modified_time\" content=\"2025-03-11T01:16:14+00:00\" \/>\n<meta property=\"og:image\" content=\"https:\/\/i0.wp.com\/atividademapa.com\/wp-content\/uploads\/2023\/03\/Atividade-M.A.P.A-3.png?fit=300%2C300&ssl=1\" \/>\n\t<meta property=\"og:image:width\" content=\"300\" \/>\n\t<meta property=\"og:image:height\" content=\"300\" \/>\n\t<meta property=\"og:image:type\" content=\"image\/png\" \/>\n<meta name=\"twitter:card\" content=\"summary_large_image\" \/>\n<meta name=\"twitter:label1\" content=\"Est. tempo de leitura\" \/>\n\t<meta name=\"twitter:data1\" content=\"3 minutos\" \/>\n<script type=\"application\/ld+json\" class=\"yoast-schema-graph\">{\"@context\":\"https:\\\/\\\/schema.org\",\"@graph\":[{\"@type\":\"WebPage\",\"@id\":\"https:\\\/\\\/atividademapa.com\\\/?product=mapa-mentalidade-criativa-e-empreendedora-51-2025-3\",\"url\":\"https:\\\/\\\/atividademapa.com\\\/?product=mapa-mentalidade-criativa-e-empreendedora-51-2025-3\",\"name\":\"MAPA - Mentalidade Criativa e Empreendedora - 51\\\/2025\",\"isPartOf\":{\"@id\":\"https:\\\/\\\/atividademapa.com\\\/#website\"},\"primaryImageOfPage\":{\"@id\":\"https:\\\/\\\/atividademapa.com\\\/?product=mapa-mentalidade-criativa-e-empreendedora-51-2025-3#primaryimage\"},\"image\":{\"@id\":\"https:\\\/\\\/atividademapa.com\\\/?product=mapa-mentalidade-criativa-e-empreendedora-51-2025-3#primaryimage\"},\"thumbnailUrl\":\"https:\\\/\\\/i0.wp.com\\\/atividademapa.com\\\/wp-content\\\/uploads\\\/2023\\\/03\\\/Atividade-M.A.P.A-3.png?fit=300%2C300&ssl=1\",\"datePublished\":\"2025-03-10T23:33:46+00:00\",\"dateModified\":\"2025-03-11T01:16:14+00:00\",\"description\":\"Atividade MAPA - Mentalidade Criativa e Empreendedora - 51\\\/2025 &#8902; Unicesumar. Baixe agora mesmo um Mapa Pronto resolvido!\",\"breadcrumb\":{\"@id\":\"https:\\\/\\\/atividademapa.com\\\/?product=mapa-mentalidade-criativa-e-empreendedora-51-2025-3#breadcrumb\"},\"inLanguage\":\"pt-BR\",\"potentialAction\":[{\"@type\":\"ReadAction\",\"target\":[\"https:\\\/\\\/atividademapa.com\\\/?product=mapa-mentalidade-criativa-e-empreendedora-51-2025-3\"]}]},{\"@type\":\"ImageObject\",\"inLanguage\":\"pt-BR\",\"@id\":\"https:\\\/\\\/atividademapa.com\\\/?product=mapa-mentalidade-criativa-e-empreendedora-51-2025-3#primaryimage\",\"url\":\"https:\\\/\\\/i0.wp.com\\\/atividademapa.com\\\/wp-content\\\/uploads\\\/2023\\\/03\\\/Atividade-M.A.P.A-3.png?fit=300%2C300&ssl=1\",\"contentUrl\":\"https:\\\/\\\/i0.wp.com\\\/atividademapa.com\\\/wp-content\\\/uploads\\\/2023\\\/03\\\/Atividade-M.A.P.A-3.png?fit=300%2C300&ssl=1\",\"width\":300,\"height\":300,\"caption\":\"Mapa Unicesumar Atividade\"},{\"@type\":\"BreadcrumbList\",\"@id\":\"https:\\\/\\\/atividademapa.com\\\/?product=mapa-mentalidade-criativa-e-empreendedora-51-2025-3#breadcrumb\",\"itemListElement\":[{\"@type\":\"ListItem\",\"position\":1,\"name\":\"In\u00edcio\",\"item\":\"https:\\\/\\\/atividademapa.com\\\/\"},{\"@type\":\"ListItem\",\"position\":2,\"name\":\"MAPAS\",\"item\":\"https:\\\/\\\/atividademapa.com\\\/?page_id=5\"},{\"@type\":\"ListItem\",\"position\":3,\"name\":\"MAPA &#8211; Mentalidade Criativa e Empreendedora &#8211; 51\\\/2025\"}]},{\"@type\":\"WebSite\",\"@id\":\"https:\\\/\\\/atividademapa.com\\\/#website\",\"url\":\"https:\\\/\\\/atividademapa.com\\\/\",\"name\":\"Atividade Mapa\",\"description\":\"StudeO | Unicesumar\",\"publisher\":{\"@id\":\"https:\\\/\\\/atividademapa.com\\\/#organization\"},\"potentialAction\":[{\"@type\":\"SearchAction\",\"target\":{\"@type\":\"EntryPoint\",\"urlTemplate\":\"https:\\\/\\\/atividademapa.com\\\/?s={search_term_string}\"},\"query-input\":{\"@type\":\"PropertyValueSpecification\",\"valueRequired\":true,\"valueName\":\"search_term_string\"}}],\"inLanguage\":\"pt-BR\"},{\"@type\":\"Organization\",\"@id\":\"https:\\\/\\\/atividademapa.com\\\/#organization\",\"name\":\"Atividade MAPA\",\"url\":\"https:\\\/\\\/atividademapa.com\\\/\",\"logo\":{\"@type\":\"ImageObject\",\"inLanguage\":\"pt-BR\",\"@id\":\"https:\\\/\\\/atividademapa.com\\\/#\\\/schema\\\/logo\\\/image\\\/\",\"url\":\"https:\\\/\\\/i0.wp.com\\\/atividademapa.com\\\/wp-content\\\/uploads\\\/2023\\\/02\\\/ATIVIDADE.png?fit=600%2C300&ssl=1\",\"contentUrl\":\"https:\\\/\\\/i0.wp.com\\\/atividademapa.com\\\/wp-content\\\/uploads\\\/2023\\\/02\\\/ATIVIDADE.png?fit=600%2C300&ssl=1\",\"width\":600,\"height\":300,\"caption\":\"Atividade MAPA\"},\"image\":{\"@id\":\"https:\\\/\\\/atividademapa.com\\\/#\\\/schema\\\/logo\\\/image\\\/\"}}]}<\/script>\n<!-- \/ Yoast SEO plugin. -->","yoast_head_json":{"title":"MAPA - Mentalidade Criativa e Empreendedora - 51\/2025","description":"Atividade MAPA - Mentalidade Criativa e Empreendedora - 51\/2025 &#8902; Unicesumar. Baixe agora mesmo um Mapa Pronto resolvido!","robots":{"index":"index","follow":"follow","max-snippet":"max-snippet:-1","max-image-preview":"max-image-preview:large","max-video-preview":"max-video-preview:-1"},"canonical":"https:\/\/atividademapa.com\/?product=mapa-mentalidade-criativa-e-empreendedora-51-2025-3","og_locale":"pt_BR","og_type":"article","og_title":"MAPA - Mentalidade Criativa e Empreendedora - 51\/2025","og_description":"Atividade MAPA - Mentalidade Criativa e Empreendedora - 51\/2025 &#8902; Unicesumar. Baixe agora mesmo um Mapa Pronto resolvido!","og_url":"https:\/\/atividademapa.com\/?product=mapa-mentalidade-criativa-e-empreendedora-51-2025-3","og_site_name":"Atividade Mapa","article_modified_time":"2025-03-11T01:16:14+00:00","og_image":[{"width":300,"height":300,"url":"https:\/\/i0.wp.com\/atividademapa.com\/wp-content\/uploads\/2023\/03\/Atividade-M.A.P.A-3.png?fit=300%2C300&ssl=1","type":"image\/png"}],"twitter_card":"summary_large_image","twitter_misc":{"Est. tempo de leitura":"3 minutos"},"schema":{"@context":"https:\/\/schema.org","@graph":[{"@type":"WebPage","@id":"https:\/\/atividademapa.com\/?product=mapa-mentalidade-criativa-e-empreendedora-51-2025-3","url":"https:\/\/atividademapa.com\/?product=mapa-mentalidade-criativa-e-empreendedora-51-2025-3","name":"MAPA - Mentalidade Criativa e Empreendedora - 51\/2025","isPartOf":{"@id":"https:\/\/atividademapa.com\/#website"},"primaryImageOfPage":{"@id":"https:\/\/atividademapa.com\/?product=mapa-mentalidade-criativa-e-empreendedora-51-2025-3#primaryimage"},"image":{"@id":"https:\/\/atividademapa.com\/?product=mapa-mentalidade-criativa-e-empreendedora-51-2025-3#primaryimage"},"thumbnailUrl":"https:\/\/i0.wp.com\/atividademapa.com\/wp-content\/uploads\/2023\/03\/Atividade-M.A.P.A-3.png?fit=300%2C300&ssl=1","datePublished":"2025-03-10T23:33:46+00:00","dateModified":"2025-03-11T01:16:14+00:00","description":"Atividade MAPA - Mentalidade Criativa e Empreendedora - 51\/2025 &#8902; Unicesumar. Baixe agora mesmo um Mapa Pronto resolvido!","breadcrumb":{"@id":"https:\/\/atividademapa.com\/?product=mapa-mentalidade-criativa-e-empreendedora-51-2025-3#breadcrumb"},"inLanguage":"pt-BR","potentialAction":[{"@type":"ReadAction","target":["https:\/\/atividademapa.com\/?product=mapa-mentalidade-criativa-e-empreendedora-51-2025-3"]}]},{"@type":"ImageObject","inLanguage":"pt-BR","@id":"https:\/\/atividademapa.com\/?product=mapa-mentalidade-criativa-e-empreendedora-51-2025-3#primaryimage","url":"https:\/\/i0.wp.com\/atividademapa.com\/wp-content\/uploads\/2023\/03\/Atividade-M.A.P.A-3.png?fit=300%2C300&ssl=1","contentUrl":"https:\/\/i0.wp.com\/atividademapa.com\/wp-content\/uploads\/2023\/03\/Atividade-M.A.P.A-3.png?fit=300%2C300&ssl=1","width":300,"height":300,"caption":"Mapa Unicesumar Atividade"},{"@type":"BreadcrumbList","@id":"https:\/\/atividademapa.com\/?product=mapa-mentalidade-criativa-e-empreendedora-51-2025-3#breadcrumb","itemListElement":[{"@type":"ListItem","position":1,"name":"In\u00edcio","item":"https:\/\/atividademapa.com\/"},{"@type":"ListItem","position":2,"name":"MAPAS","item":"https:\/\/atividademapa.com\/?page_id=5"},{"@type":"ListItem","position":3,"name":"MAPA &#8211; Mentalidade Criativa e Empreendedora &#8211; 51\/2025"}]},{"@type":"WebSite","@id":"https:\/\/atividademapa.com\/#website","url":"https:\/\/atividademapa.com\/","name":"Atividade Mapa","description":"StudeO | Unicesumar","publisher":{"@id":"https:\/\/atividademapa.com\/#organization"},"potentialAction":[{"@type":"SearchAction","target":{"@type":"EntryPoint","urlTemplate":"https:\/\/atividademapa.com\/?s={search_term_string}"},"query-input":{"@type":"PropertyValueSpecification","valueRequired":true,"valueName":"search_term_string"}}],"inLanguage":"pt-BR"},{"@type":"Organization","@id":"https:\/\/atividademapa.com\/#organization","name":"Atividade MAPA","url":"https:\/\/atividademapa.com\/","logo":{"@type":"ImageObject","inLanguage":"pt-BR","@id":"https:\/\/atividademapa.com\/#\/schema\/logo\/image\/","url":"https:\/\/i0.wp.com\/atividademapa.com\/wp-content\/uploads\/2023\/02\/ATIVIDADE.png?fit=600%2C300&ssl=1","contentUrl":"https:\/\/i0.wp.com\/atividademapa.com\/wp-content\/uploads\/2023\/02\/ATIVIDADE.png?fit=600%2C300&ssl=1","width":600,"height":300,"caption":"Atividade MAPA"},"image":{"@id":"https:\/\/atividademapa.com\/#\/schema\/logo\/image\/"}}]}},"_links":{"self":[{"href":"https:\/\/atividademapa.com\/index.php?rest_route=\/wp\/v2\/product\/5347","targetHints":{"allow":["GET"]}}],"collection":[{"href":"https:\/\/atividademapa.com\/index.php?rest_route=\/wp\/v2\/product"}],"about":[{"href":"https:\/\/atividademapa.com\/index.php?rest_route=\/wp\/v2\/types\/product"}],"version-history":[{"count":1,"href":"https:\/\/atividademapa.com\/index.php?rest_route=\/wp\/v2\/product\/5347\/revisions"}],"predecessor-version":[{"id":5350,"href":"https:\/\/atividademapa.com\/index.php?rest_route=\/wp\/v2\/product\/5347\/revisions\/5350"}],"wp:featuredmedia":[{"embeddable":true,"href":"https:\/\/atividademapa.com\/index.php?rest_route=\/wp\/v2\/media\/2326"}],"wp:attachment":[{"href":"https:\/\/atividademapa.com\/index.php?rest_route=%2Fwp%2Fv2%2Fmedia&parent=5347"}],"wp:term":[{"taxonomy":"product_brand","embeddable":true,"href":"https:\/\/atividademapa.com\/index.php?rest_route=%2Fwp%2Fv2%2Fproduct_brand&post=5347"},{"taxonomy":"product_cat","embeddable":true,"href":"https:\/\/atividademapa.com\/index.php?rest_route=%2Fwp%2Fv2%2Fproduct_cat&post=5347"},{"taxonomy":"product_tag","embeddable":true,"href":"https:\/\/atividademapa.com\/index.php?rest_route=%2Fwp%2Fv2%2Fproduct_tag&post=5347"}],"curies":[{"name":"wp","href":"https:\/\/api.w.org\/{rel}","templated":true}]}}