{"id":5383,"date":"2025-03-22T13:42:40","date_gmt":"2025-03-22T16:42:40","guid":{"rendered":"https:\/\/atividademapa.com\/?post_type=product&#038;p=5383"},"modified":"2025-03-22T13:42:42","modified_gmt":"2025-03-22T16:42:42","slug":"mapa-intervensao-profissional-em-educacao-fisica-51-2025","status":"publish","type":"product","link":"https:\/\/atividademapa.com\/?product=mapa-intervensao-profissional-em-educacao-fisica-51-2025","title":{"rendered":"MAPA &#8211; INTERVENS\u00c3O PROFISSIONAL EM EDUCA\u00c7\u00c3O FISICA &#8211; 51\/2025"},"content":{"rendered":"<p>Ter claro a fun\u00e7\u00e3o do planejamento, bem como a habilidade de estrutur\u00e1-lo, organiz\u00e1-lo e execut\u00e1-lo \u00e9 de grande import\u00e2ncia ao profissional da educa\u00e7\u00e3o f\u00edsica, uma vez que, n\u00e3o apenas para a carreira, mas para o sucesso de um programa de treinamento \u00e9 necess\u00e1rio planejar. Portanto, nesta atividade MAPA, vamos exercitar a habilidade de planejar.<br \/>\nPrimeiramente, dentre as diversas frentes de atua\u00e7\u00e3o do bacharel em educa\u00e7\u00e3o f\u00edsica, escolha aquela que voc\u00ea tem mais afinidade, por exemplo, \u201cprofessor de academia\u201d, \u201cpersonal trainer\u201d, \u201ctreinador de uma modalidade esportiva\u201d, entre outras \u00e1reas afins. Na sequ\u00eancia, pense sobre como \u00e9 a atua\u00e7\u00e3o nesta frente que voc\u00ea escolheu, isto \u00e9, quais s\u00e3o as atribui\u00e7\u00f5es e atividades desenvolvidas.<br \/>\nAp\u00f3s essa reflex\u00e3o, elabore uma situa\u00e7\u00e3o hipot\u00e9tica que voc\u00ea poderia encontrar nesta frente, por exemplo, na \u00e1rea de academia, \u201cum aluno novo na academia, sem problemas de sa\u00fade, que deseja iniciar a pr\u00e1tica de exerc\u00edcios f\u00edsicos para melhora da qualidade de vida\u201d.<\/p>\n<p>Com base na situa\u00e7\u00e3o hipot\u00e9tica que voc\u00ea elaborar, responda os seguintes pontos:<br \/>\n1. Cite qual \u00e9 a frente (\u00e1rea) escolhida para atua\u00e7\u00e3o e quais as principais atividades desenvolvidas nesta \u00e1rea.<br \/>\n2. Descreva, brevemente, qual a situa\u00e7\u00e3o hipot\u00e9tica que voc\u00ea escolheu para esta atividade.<br \/>\n3. Fa\u00e7a um planejamento descrevendo as seguintes etapas:<br \/>\n3.1. Diagn\u00f3stico: Traga informa\u00e7\u00f5es sobre como voc\u00ea avaliaria as necessidades e caracter\u00edsticas do seu p\u00fablico-alvo.<br \/>\n3.2. Estabelecimento de Objetivos: Descreva qual(is) o(s) objetivo(s) para a situa\u00e7\u00e3o que voc\u00ea elaborou.<br \/>\n3.3. Mapeamento dos Conte\u00fados: Traga informa\u00e7\u00f5es sobre os conte\u00fados voc\u00ea selecionaria para atingir o(s) objetivo(s) proposto(s).<br \/>\n3.4. Defini\u00e7\u00e3o da Metodologia e dos Recursos: Traga as informa\u00e7\u00f5es mais relevantes sobre a(s) metodologia(s) voc\u00ea empregaria e sobre os recursos necess\u00e1rios para implementar a situa\u00e7\u00e3o hipot\u00e9tica escolhida.<br \/>\n3.5. Estrutura\u00e7\u00e3o da Avalia\u00e7\u00e3o: Descreva como voc\u00ea avaliaria a(s) a\u00e7\u00e3o(\u00f5es) tomadas.<br \/>\n4. Elabore um Fluxograma apresentando de maneira breve e objetiva, cada uma das etapas do planejamento\u00a0 que voc\u00ea elaborou. Voc\u00ea pode utilizar modelos de fluxograma no Canva.<\/p>\n<p>Orienta\u00e7\u00f5es para a realiza\u00e7\u00e3o da atividade<br \/>\n&#8211; Fa\u00e7a o download do arquivo MODELO DE MAPA \u2013 INTERVEN\u00c7\u00c3O PROFISSIONAL EM EDUCA\u00c7\u00c3O F\u00cdSICA, que se encontra no Material da Disciplina;<br \/>\n&#8211; Muito importante! Voc\u00ea dever\u00e1 entregar essa atividade, apenas, por meio do MODELO DE MAPA;<br \/>\n&#8211; Leia atentamente todas as informa\u00e7\u00f5es e tire suas d\u00favidas com o professor mediador antes de entregar sua atividade;<br \/>\n&#8211; Siga todas as orienta\u00e7\u00f5es contidas no MODELO DE MAPA;<br \/>\n&#8211; Utilize o livro (PDF) da disciplina como principal fonte de apoio (leia atentamente, no livro da disciplina, os t\u00f3picos sobre os Tipos de Planejamento e sua Import\u00e2ncia).<br \/>\n&#8211; Antes de entregar a atividade, confira se o arquivo est\u00e1 correto (poder\u00e1 ser entregue o arquivo em formato Word ou PDF);<br \/>\n&#8211; C\u00f3pias parcial ou total ser\u00e3o zeradas;<br \/>\n&#8211; Todas as atividades do curso s\u00e3o avaliadas conforme o que est\u00e1 sendo solicitado e as instru\u00e7\u00f5es fornecidas. Sendo assim, o descumprimento dessas orienta\u00e7\u00f5es sempre acarreta algum desconto na nota.<\/p>\n","protected":false},"excerpt":{"rendered":"<p>Ter claro a fun\u00e7\u00e3o do planejamento, bem como a habilidade de estrutur\u00e1-lo, organiz\u00e1-lo e execut\u00e1-lo \u00e9 de grande import\u00e2ncia ao<\/p>\n","protected":false},"featured_media":2326,"template":"","meta":{"_monsterinsights_skip_tracking":false,"_monsterinsights_sitenote_active":false,"_monsterinsights_sitenote_note":"","_monsterinsights_sitenote_category":0},"product_brand":[],"product_cat":[42],"product_tag":[],"class_list":{"0":"post-5383","1":"product","2":"type-product","3":"status-publish","4":"has-post-thumbnail","6":"product_cat-educacao-fisica","8":"first","9":"instock","10":"downloadable","11":"virtual","12":"purchasable","13":"product-type-simple"},"yoast_head":"<!-- This site is optimized with the Yoast SEO plugin v27.4 - https:\/\/yoast.com\/product\/yoast-seo-wordpress\/ -->\n<title>MAPA - INTERVENS\u00c3O PROFISSIONAL EM EDUCA\u00c7\u00c3O FISICA - 51\/2025<\/title>\n<meta name=\"description\" content=\"Atividade MAPA - INTERVENS\u00c3O PROFISSIONAL EM EDUCA\u00c7\u00c3O FISICA - 51\/2025 &#8902; Unicesumar. Baixe agora mesmo um Mapa Pronto resolvido!\" \/>\n<meta name=\"robots\" content=\"index, follow, max-snippet:-1, max-image-preview:large, max-video-preview:-1\" \/>\n<link rel=\"canonical\" href=\"https:\/\/atividademapa.com\/?product=mapa-intervensao-profissional-em-educacao-fisica-51-2025\" \/>\n<meta property=\"og:locale\" content=\"pt_BR\" \/>\n<meta property=\"og:type\" content=\"article\" \/>\n<meta property=\"og:title\" content=\"MAPA - INTERVENS\u00c3O PROFISSIONAL EM EDUCA\u00c7\u00c3O FISICA - 51\/2025\" \/>\n<meta property=\"og:description\" content=\"Atividade MAPA - INTERVENS\u00c3O PROFISSIONAL EM EDUCA\u00c7\u00c3O FISICA - 51\/2025 &#8902; Unicesumar. Baixe agora mesmo um Mapa Pronto resolvido!\" \/>\n<meta property=\"og:url\" content=\"https:\/\/atividademapa.com\/?product=mapa-intervensao-profissional-em-educacao-fisica-51-2025\" \/>\n<meta property=\"og:site_name\" content=\"Atividade Mapa\" \/>\n<meta property=\"article:modified_time\" content=\"2025-03-22T16:42:42+00:00\" \/>\n<meta property=\"og:image\" content=\"https:\/\/i0.wp.com\/atividademapa.com\/wp-content\/uploads\/2023\/03\/Atividade-M.A.P.A-3.png?fit=300%2C300&ssl=1\" \/>\n\t<meta property=\"og:image:width\" content=\"300\" \/>\n\t<meta property=\"og:image:height\" content=\"300\" \/>\n\t<meta property=\"og:image:type\" content=\"image\/png\" \/>\n<meta name=\"twitter:card\" content=\"summary_large_image\" \/>\n<meta name=\"twitter:label1\" content=\"Est. tempo de leitura\" \/>\n\t<meta name=\"twitter:data1\" content=\"3 minutos\" \/>\n<script type=\"application\/ld+json\" class=\"yoast-schema-graph\">{\"@context\":\"https:\\\/\\\/schema.org\",\"@graph\":[{\"@type\":\"WebPage\",\"@id\":\"https:\\\/\\\/atividademapa.com\\\/?product=mapa-intervensao-profissional-em-educacao-fisica-51-2025\",\"url\":\"https:\\\/\\\/atividademapa.com\\\/?product=mapa-intervensao-profissional-em-educacao-fisica-51-2025\",\"name\":\"MAPA - INTERVENS\u00c3O PROFISSIONAL EM EDUCA\u00c7\u00c3O FISICA - 51\\\/2025\",\"isPartOf\":{\"@id\":\"https:\\\/\\\/atividademapa.com\\\/#website\"},\"primaryImageOfPage\":{\"@id\":\"https:\\\/\\\/atividademapa.com\\\/?product=mapa-intervensao-profissional-em-educacao-fisica-51-2025#primaryimage\"},\"image\":{\"@id\":\"https:\\\/\\\/atividademapa.com\\\/?product=mapa-intervensao-profissional-em-educacao-fisica-51-2025#primaryimage\"},\"thumbnailUrl\":\"https:\\\/\\\/i0.wp.com\\\/atividademapa.com\\\/wp-content\\\/uploads\\\/2023\\\/03\\\/Atividade-M.A.P.A-3.png?fit=300%2C300&ssl=1\",\"datePublished\":\"2025-03-22T16:42:40+00:00\",\"dateModified\":\"2025-03-22T16:42:42+00:00\",\"description\":\"Atividade MAPA - INTERVENS\u00c3O PROFISSIONAL EM EDUCA\u00c7\u00c3O FISICA - 51\\\/2025 &#8902; Unicesumar. Baixe agora mesmo um Mapa Pronto resolvido!\",\"breadcrumb\":{\"@id\":\"https:\\\/\\\/atividademapa.com\\\/?product=mapa-intervensao-profissional-em-educacao-fisica-51-2025#breadcrumb\"},\"inLanguage\":\"pt-BR\",\"potentialAction\":[{\"@type\":\"ReadAction\",\"target\":[\"https:\\\/\\\/atividademapa.com\\\/?product=mapa-intervensao-profissional-em-educacao-fisica-51-2025\"]}]},{\"@type\":\"ImageObject\",\"inLanguage\":\"pt-BR\",\"@id\":\"https:\\\/\\\/atividademapa.com\\\/?product=mapa-intervensao-profissional-em-educacao-fisica-51-2025#primaryimage\",\"url\":\"https:\\\/\\\/i0.wp.com\\\/atividademapa.com\\\/wp-content\\\/uploads\\\/2023\\\/03\\\/Atividade-M.A.P.A-3.png?fit=300%2C300&ssl=1\",\"contentUrl\":\"https:\\\/\\\/i0.wp.com\\\/atividademapa.com\\\/wp-content\\\/uploads\\\/2023\\\/03\\\/Atividade-M.A.P.A-3.png?fit=300%2C300&ssl=1\",\"width\":300,\"height\":300,\"caption\":\"Mapa Unicesumar Atividade\"},{\"@type\":\"BreadcrumbList\",\"@id\":\"https:\\\/\\\/atividademapa.com\\\/?product=mapa-intervensao-profissional-em-educacao-fisica-51-2025#breadcrumb\",\"itemListElement\":[{\"@type\":\"ListItem\",\"position\":1,\"name\":\"In\u00edcio\",\"item\":\"https:\\\/\\\/atividademapa.com\\\/\"},{\"@type\":\"ListItem\",\"position\":2,\"name\":\"MAPAS\",\"item\":\"https:\\\/\\\/atividademapa.com\\\/?page_id=5\"},{\"@type\":\"ListItem\",\"position\":3,\"name\":\"MAPA &#8211; INTERVENS\u00c3O PROFISSIONAL EM EDUCA\u00c7\u00c3O FISICA &#8211; 51\\\/2025\"}]},{\"@type\":\"WebSite\",\"@id\":\"https:\\\/\\\/atividademapa.com\\\/#website\",\"url\":\"https:\\\/\\\/atividademapa.com\\\/\",\"name\":\"Atividade Mapa\",\"description\":\"StudeO | Unicesumar\",\"publisher\":{\"@id\":\"https:\\\/\\\/atividademapa.com\\\/#organization\"},\"potentialAction\":[{\"@type\":\"SearchAction\",\"target\":{\"@type\":\"EntryPoint\",\"urlTemplate\":\"https:\\\/\\\/atividademapa.com\\\/?s={search_term_string}\"},\"query-input\":{\"@type\":\"PropertyValueSpecification\",\"valueRequired\":true,\"valueName\":\"search_term_string\"}}],\"inLanguage\":\"pt-BR\"},{\"@type\":\"Organization\",\"@id\":\"https:\\\/\\\/atividademapa.com\\\/#organization\",\"name\":\"Atividade MAPA\",\"url\":\"https:\\\/\\\/atividademapa.com\\\/\",\"logo\":{\"@type\":\"ImageObject\",\"inLanguage\":\"pt-BR\",\"@id\":\"https:\\\/\\\/atividademapa.com\\\/#\\\/schema\\\/logo\\\/image\\\/\",\"url\":\"https:\\\/\\\/i0.wp.com\\\/atividademapa.com\\\/wp-content\\\/uploads\\\/2023\\\/02\\\/ATIVIDADE.png?fit=600%2C300&ssl=1\",\"contentUrl\":\"https:\\\/\\\/i0.wp.com\\\/atividademapa.com\\\/wp-content\\\/uploads\\\/2023\\\/02\\\/ATIVIDADE.png?fit=600%2C300&ssl=1\",\"width\":600,\"height\":300,\"caption\":\"Atividade MAPA\"},\"image\":{\"@id\":\"https:\\\/\\\/atividademapa.com\\\/#\\\/schema\\\/logo\\\/image\\\/\"}}]}<\/script>\n<!-- \/ Yoast SEO plugin. -->","yoast_head_json":{"title":"MAPA - INTERVENS\u00c3O PROFISSIONAL EM EDUCA\u00c7\u00c3O FISICA - 51\/2025","description":"Atividade MAPA - INTERVENS\u00c3O PROFISSIONAL EM EDUCA\u00c7\u00c3O FISICA - 51\/2025 &#8902; Unicesumar. Baixe agora mesmo um Mapa Pronto resolvido!","robots":{"index":"index","follow":"follow","max-snippet":"max-snippet:-1","max-image-preview":"max-image-preview:large","max-video-preview":"max-video-preview:-1"},"canonical":"https:\/\/atividademapa.com\/?product=mapa-intervensao-profissional-em-educacao-fisica-51-2025","og_locale":"pt_BR","og_type":"article","og_title":"MAPA - INTERVENS\u00c3O PROFISSIONAL EM EDUCA\u00c7\u00c3O FISICA - 51\/2025","og_description":"Atividade MAPA - INTERVENS\u00c3O PROFISSIONAL EM EDUCA\u00c7\u00c3O FISICA - 51\/2025 &#8902; Unicesumar. Baixe agora mesmo um Mapa Pronto resolvido!","og_url":"https:\/\/atividademapa.com\/?product=mapa-intervensao-profissional-em-educacao-fisica-51-2025","og_site_name":"Atividade Mapa","article_modified_time":"2025-03-22T16:42:42+00:00","og_image":[{"width":300,"height":300,"url":"https:\/\/i0.wp.com\/atividademapa.com\/wp-content\/uploads\/2023\/03\/Atividade-M.A.P.A-3.png?fit=300%2C300&ssl=1","type":"image\/png"}],"twitter_card":"summary_large_image","twitter_misc":{"Est. tempo de leitura":"3 minutos"},"schema":{"@context":"https:\/\/schema.org","@graph":[{"@type":"WebPage","@id":"https:\/\/atividademapa.com\/?product=mapa-intervensao-profissional-em-educacao-fisica-51-2025","url":"https:\/\/atividademapa.com\/?product=mapa-intervensao-profissional-em-educacao-fisica-51-2025","name":"MAPA - INTERVENS\u00c3O PROFISSIONAL EM EDUCA\u00c7\u00c3O FISICA - 51\/2025","isPartOf":{"@id":"https:\/\/atividademapa.com\/#website"},"primaryImageOfPage":{"@id":"https:\/\/atividademapa.com\/?product=mapa-intervensao-profissional-em-educacao-fisica-51-2025#primaryimage"},"image":{"@id":"https:\/\/atividademapa.com\/?product=mapa-intervensao-profissional-em-educacao-fisica-51-2025#primaryimage"},"thumbnailUrl":"https:\/\/i0.wp.com\/atividademapa.com\/wp-content\/uploads\/2023\/03\/Atividade-M.A.P.A-3.png?fit=300%2C300&ssl=1","datePublished":"2025-03-22T16:42:40+00:00","dateModified":"2025-03-22T16:42:42+00:00","description":"Atividade MAPA - INTERVENS\u00c3O PROFISSIONAL EM EDUCA\u00c7\u00c3O FISICA - 51\/2025 &#8902; Unicesumar. Baixe agora mesmo um Mapa Pronto resolvido!","breadcrumb":{"@id":"https:\/\/atividademapa.com\/?product=mapa-intervensao-profissional-em-educacao-fisica-51-2025#breadcrumb"},"inLanguage":"pt-BR","potentialAction":[{"@type":"ReadAction","target":["https:\/\/atividademapa.com\/?product=mapa-intervensao-profissional-em-educacao-fisica-51-2025"]}]},{"@type":"ImageObject","inLanguage":"pt-BR","@id":"https:\/\/atividademapa.com\/?product=mapa-intervensao-profissional-em-educacao-fisica-51-2025#primaryimage","url":"https:\/\/i0.wp.com\/atividademapa.com\/wp-content\/uploads\/2023\/03\/Atividade-M.A.P.A-3.png?fit=300%2C300&ssl=1","contentUrl":"https:\/\/i0.wp.com\/atividademapa.com\/wp-content\/uploads\/2023\/03\/Atividade-M.A.P.A-3.png?fit=300%2C300&ssl=1","width":300,"height":300,"caption":"Mapa Unicesumar Atividade"},{"@type":"BreadcrumbList","@id":"https:\/\/atividademapa.com\/?product=mapa-intervensao-profissional-em-educacao-fisica-51-2025#breadcrumb","itemListElement":[{"@type":"ListItem","position":1,"name":"In\u00edcio","item":"https:\/\/atividademapa.com\/"},{"@type":"ListItem","position":2,"name":"MAPAS","item":"https:\/\/atividademapa.com\/?page_id=5"},{"@type":"ListItem","position":3,"name":"MAPA &#8211; INTERVENS\u00c3O PROFISSIONAL EM EDUCA\u00c7\u00c3O FISICA &#8211; 51\/2025"}]},{"@type":"WebSite","@id":"https:\/\/atividademapa.com\/#website","url":"https:\/\/atividademapa.com\/","name":"Atividade Mapa","description":"StudeO | Unicesumar","publisher":{"@id":"https:\/\/atividademapa.com\/#organization"},"potentialAction":[{"@type":"SearchAction","target":{"@type":"EntryPoint","urlTemplate":"https:\/\/atividademapa.com\/?s={search_term_string}"},"query-input":{"@type":"PropertyValueSpecification","valueRequired":true,"valueName":"search_term_string"}}],"inLanguage":"pt-BR"},{"@type":"Organization","@id":"https:\/\/atividademapa.com\/#organization","name":"Atividade MAPA","url":"https:\/\/atividademapa.com\/","logo":{"@type":"ImageObject","inLanguage":"pt-BR","@id":"https:\/\/atividademapa.com\/#\/schema\/logo\/image\/","url":"https:\/\/i0.wp.com\/atividademapa.com\/wp-content\/uploads\/2023\/02\/ATIVIDADE.png?fit=600%2C300&ssl=1","contentUrl":"https:\/\/i0.wp.com\/atividademapa.com\/wp-content\/uploads\/2023\/02\/ATIVIDADE.png?fit=600%2C300&ssl=1","width":600,"height":300,"caption":"Atividade MAPA"},"image":{"@id":"https:\/\/atividademapa.com\/#\/schema\/logo\/image\/"}}]}},"_links":{"self":[{"href":"https:\/\/atividademapa.com\/index.php?rest_route=\/wp\/v2\/product\/5383","targetHints":{"allow":["GET"]}}],"collection":[{"href":"https:\/\/atividademapa.com\/index.php?rest_route=\/wp\/v2\/product"}],"about":[{"href":"https:\/\/atividademapa.com\/index.php?rest_route=\/wp\/v2\/types\/product"}],"version-history":[{"count":1,"href":"https:\/\/atividademapa.com\/index.php?rest_route=\/wp\/v2\/product\/5383\/revisions"}],"predecessor-version":[{"id":5385,"href":"https:\/\/atividademapa.com\/index.php?rest_route=\/wp\/v2\/product\/5383\/revisions\/5385"}],"wp:featuredmedia":[{"embeddable":true,"href":"https:\/\/atividademapa.com\/index.php?rest_route=\/wp\/v2\/media\/2326"}],"wp:attachment":[{"href":"https:\/\/atividademapa.com\/index.php?rest_route=%2Fwp%2Fv2%2Fmedia&parent=5383"}],"wp:term":[{"taxonomy":"product_brand","embeddable":true,"href":"https:\/\/atividademapa.com\/index.php?rest_route=%2Fwp%2Fv2%2Fproduct_brand&post=5383"},{"taxonomy":"product_cat","embeddable":true,"href":"https:\/\/atividademapa.com\/index.php?rest_route=%2Fwp%2Fv2%2Fproduct_cat&post=5383"},{"taxonomy":"product_tag","embeddable":true,"href":"https:\/\/atividademapa.com\/index.php?rest_route=%2Fwp%2Fv2%2Fproduct_tag&post=5383"}],"curies":[{"name":"wp","href":"https:\/\/api.w.org\/{rel}","templated":true}]}}