{"id":5400,"date":"2025-03-22T17:10:26","date_gmt":"2025-03-22T20:10:26","guid":{"rendered":"https:\/\/atividademapa.com\/?post_type=product&#038;p=5400"},"modified":"2025-03-22T17:10:27","modified_gmt":"2025-03-22T20:10:27","slug":"mapa-gestao-de-cadeia-de-suprimento-51-2025","status":"publish","type":"product","link":"https:\/\/atividademapa.com\/?product=mapa-gestao-de-cadeia-de-suprimento-51-2025","title":{"rendered":"MAPA &#8211; GEST\u00c3O DE CADEIA DE SUPRIMENTO &#8211; 51\/2025"},"content":{"rendered":"<p>O objetivo desta atividade \u00e9 permitir que os estudantes realizem uma an\u00e1lise individual da cadeia de suprimentos de uma empresa espec\u00edfica, aplicando, conceitos aprendidos em nossas aulas ao vivo, conceituais e estudo de caso e desenvolvendo habilidades cr\u00edticas de avalia\u00e7\u00e3o e an\u00e1lise.<\/p>\n<p>A cadeia de suprimentos, tamb\u00e9m conhecida como supply chain, \u00e9 um sistema integrado que engloba todas as etapas envolvidas na produ\u00e7\u00e3o e distribui\u00e7\u00e3o de um produto, desde a obten\u00e7\u00e3o da mat\u00e9ria-prima at\u00e9 a entrega final ao consumidor. Essa cadeia envolve diversos processos, organiza\u00e7\u00f5es, pessoas, atividades log\u00edsticas e informa\u00e7\u00f5es, sendo essencial para o funcionamento eficiente de uma empresa, por isso, \u00e9 importante conhecer as suas especificidades para entender o seu funcionamento e tamb\u00e9m os desafios. Assim, vamos para a atividade.<br \/>\nElaborado pelo professor, 2024.<\/p>\n<p>&nbsp;<\/p>\n<p><strong>Atividade:<\/strong><\/p>\n<p>1- Escolha da Empresa: Cada estudante escolher\u00e1 uma empresa real para analisar sua cadeia de suprimentos. Pode ser uma empresa conhecida globalmente ou uma empresa local, desde que haja informa\u00e7\u00f5es dispon\u00edveis publicamente sobre sua cadeia de suprimentos. (cite o nome, o segmento e a cidade da empresa escolhida)<\/p>\n<p>2- Coleta de Informa\u00e7\u00f5es: Os estudantes devem coletar informa\u00e7\u00f5es sobre a cadeia de suprimentos da empresa escolhida. Isso pode incluir fornecedores, processos de produ\u00e7\u00e3o, log\u00edstica, distribui\u00e7\u00e3o e estrat\u00e9gias de gest\u00e3o de estoque. N\u00e3o precisa ser de todos os itens, somente as informa\u00e7\u00f5es que voc\u00ea conseguir obter.(os itens devem ser em t\u00f3picos e o texto com as informa\u00e7\u00f5es na sequ\u00eancia)<\/p>\n<p>3- Identifica\u00e7\u00e3o de Desafios: Analise os desafios enfrentados pela empresa em sua cadeia de suprimentos. Isso pode envolver quest\u00f5es como atrasos na entrega, custos elevados, riscos ambientais, grau de satisfa\u00e7\u00e3o dos clientes entre outras in\u00fameras possibilidades. (identifique pelo menos 2 desafios e uma breve descri\u00e7\u00e3o de cada)<\/p>\n<p>4- Avalia\u00e7\u00e3o de Efici\u00eancia: Avalie a efici\u00eancia da cadeia de suprimentos da empresa escolhida. Considere fatores como tempo de ciclo, custos totais, flexibilidade e satisfa\u00e7\u00e3o do cliente.(no m\u00ednimo 2 fatores e uma breve descri\u00e7\u00e3o de cada)<\/p>\n<p>5- Propostas de Melhoria: Com base na an\u00e1lise realizada, proponha estrat\u00e9gias de melhoria para a cadeia de suprimentos da empresa. Isso pode incluir recomenda\u00e7\u00f5es para otimiza\u00e7\u00e3o de processos, redu\u00e7\u00e3o de custos, implementa\u00e7\u00e3o de tecnologias ou pr\u00e1ticas mais sustent\u00e1veis. (no m\u00ednimo 3 propostas de melhorias e uma breve descri\u00e7\u00e3o de cada estrat\u00e9gia)<\/p>\n<p>\u200b<strong>Orienta\u00e7\u00f5es<br \/>\n\u200b<\/strong><br \/>\n&#8211; Utilize o Formul\u00e1rio Padr\u00e3o para responder sua atividade, o qual se encontra no \u00edcone Materiais &gt; Material da Disciplina.<\/p>\n<p>&#8211; Evid\u00eancias de c\u00f3pias de materiais, incluindo de outros acad\u00eamicos, sem as devidas refer\u00eancias, ser\u00e3o inquestionavelmente zeradas.<\/p>\n<p>&#8211; As cita\u00e7\u00f5es e refer\u00eancias, mesmo que do livro da disciplina, devem ser realizadas conforme normas da Institui\u00e7\u00e3o de Ensino.<\/p>\n<p>Em caso de d\u00favidas, encaminhe uma mensagem ao seu professor mediador.<\/p>\n<p>Bons estudos!<\/p>\n","protected":false},"excerpt":{"rendered":"<p>O objetivo desta atividade \u00e9 permitir que os estudantes realizem uma an\u00e1lise individual da cadeia de suprimentos de uma empresa<\/p>\n","protected":false},"featured_media":2326,"template":"","meta":{"_monsterinsights_skip_tracking":false,"_monsterinsights_sitenote_active":false,"_monsterinsights_sitenote_note":"","_monsterinsights_sitenote_category":0},"product_brand":[],"product_cat":[32],"product_tag":[],"class_list":{"0":"post-5400","1":"product","2":"type-product","3":"status-publish","4":"has-post-thumbnail","6":"product_cat-logistica","8":"first","9":"instock","10":"downloadable","11":"virtual","12":"purchasable","13":"product-type-simple"},"yoast_head":"<!-- This site is optimized with the Yoast SEO plugin v27.4 - https:\/\/yoast.com\/product\/yoast-seo-wordpress\/ -->\n<title>MAPA - GEST\u00c3O DE CADEIA DE SUPRIMENTO - 51\/2025<\/title>\n<meta name=\"description\" content=\"Atividade MAPA - GEST\u00c3O DE CADEIA DE SUPRIMENTO - 51\/2025 &#8902; Unicesumar. Baixe agora mesmo um Mapa Pronto resolvido!\" \/>\n<meta name=\"robots\" content=\"index, follow, max-snippet:-1, max-image-preview:large, max-video-preview:-1\" \/>\n<link rel=\"canonical\" href=\"https:\/\/atividademapa.com\/?product=mapa-gestao-de-cadeia-de-suprimento-51-2025\" \/>\n<meta property=\"og:locale\" content=\"pt_BR\" \/>\n<meta property=\"og:type\" content=\"article\" \/>\n<meta property=\"og:title\" content=\"MAPA - GEST\u00c3O DE CADEIA DE SUPRIMENTO - 51\/2025\" \/>\n<meta property=\"og:description\" content=\"Atividade MAPA - GEST\u00c3O DE CADEIA DE SUPRIMENTO - 51\/2025 &#8902; Unicesumar. Baixe agora mesmo um Mapa Pronto resolvido!\" \/>\n<meta property=\"og:url\" content=\"https:\/\/atividademapa.com\/?product=mapa-gestao-de-cadeia-de-suprimento-51-2025\" \/>\n<meta property=\"og:site_name\" content=\"Atividade Mapa\" \/>\n<meta property=\"article:modified_time\" content=\"2025-03-22T20:10:27+00:00\" \/>\n<meta property=\"og:image\" content=\"https:\/\/i0.wp.com\/atividademapa.com\/wp-content\/uploads\/2023\/03\/Atividade-M.A.P.A-3.png?fit=300%2C300&ssl=1\" \/>\n\t<meta property=\"og:image:width\" content=\"300\" \/>\n\t<meta property=\"og:image:height\" content=\"300\" \/>\n\t<meta property=\"og:image:type\" content=\"image\/png\" \/>\n<meta name=\"twitter:card\" content=\"summary_large_image\" \/>\n<meta name=\"twitter:label1\" content=\"Est. tempo de leitura\" \/>\n\t<meta name=\"twitter:data1\" content=\"2 minutos\" \/>\n<script type=\"application\/ld+json\" class=\"yoast-schema-graph\">{\"@context\":\"https:\\\/\\\/schema.org\",\"@graph\":[{\"@type\":\"WebPage\",\"@id\":\"https:\\\/\\\/atividademapa.com\\\/?product=mapa-gestao-de-cadeia-de-suprimento-51-2025\",\"url\":\"https:\\\/\\\/atividademapa.com\\\/?product=mapa-gestao-de-cadeia-de-suprimento-51-2025\",\"name\":\"MAPA - GEST\u00c3O DE CADEIA DE SUPRIMENTO - 51\\\/2025\",\"isPartOf\":{\"@id\":\"https:\\\/\\\/atividademapa.com\\\/#website\"},\"primaryImageOfPage\":{\"@id\":\"https:\\\/\\\/atividademapa.com\\\/?product=mapa-gestao-de-cadeia-de-suprimento-51-2025#primaryimage\"},\"image\":{\"@id\":\"https:\\\/\\\/atividademapa.com\\\/?product=mapa-gestao-de-cadeia-de-suprimento-51-2025#primaryimage\"},\"thumbnailUrl\":\"https:\\\/\\\/i0.wp.com\\\/atividademapa.com\\\/wp-content\\\/uploads\\\/2023\\\/03\\\/Atividade-M.A.P.A-3.png?fit=300%2C300&ssl=1\",\"datePublished\":\"2025-03-22T20:10:26+00:00\",\"dateModified\":\"2025-03-22T20:10:27+00:00\",\"description\":\"Atividade MAPA - GEST\u00c3O DE CADEIA DE SUPRIMENTO - 51\\\/2025 &#8902; Unicesumar. Baixe agora mesmo um Mapa Pronto resolvido!\",\"breadcrumb\":{\"@id\":\"https:\\\/\\\/atividademapa.com\\\/?product=mapa-gestao-de-cadeia-de-suprimento-51-2025#breadcrumb\"},\"inLanguage\":\"pt-BR\",\"potentialAction\":[{\"@type\":\"ReadAction\",\"target\":[\"https:\\\/\\\/atividademapa.com\\\/?product=mapa-gestao-de-cadeia-de-suprimento-51-2025\"]}]},{\"@type\":\"ImageObject\",\"inLanguage\":\"pt-BR\",\"@id\":\"https:\\\/\\\/atividademapa.com\\\/?product=mapa-gestao-de-cadeia-de-suprimento-51-2025#primaryimage\",\"url\":\"https:\\\/\\\/i0.wp.com\\\/atividademapa.com\\\/wp-content\\\/uploads\\\/2023\\\/03\\\/Atividade-M.A.P.A-3.png?fit=300%2C300&ssl=1\",\"contentUrl\":\"https:\\\/\\\/i0.wp.com\\\/atividademapa.com\\\/wp-content\\\/uploads\\\/2023\\\/03\\\/Atividade-M.A.P.A-3.png?fit=300%2C300&ssl=1\",\"width\":300,\"height\":300,\"caption\":\"Mapa Unicesumar Atividade\"},{\"@type\":\"BreadcrumbList\",\"@id\":\"https:\\\/\\\/atividademapa.com\\\/?product=mapa-gestao-de-cadeia-de-suprimento-51-2025#breadcrumb\",\"itemListElement\":[{\"@type\":\"ListItem\",\"position\":1,\"name\":\"In\u00edcio\",\"item\":\"https:\\\/\\\/atividademapa.com\\\/\"},{\"@type\":\"ListItem\",\"position\":2,\"name\":\"MAPAS\",\"item\":\"https:\\\/\\\/atividademapa.com\\\/?page_id=5\"},{\"@type\":\"ListItem\",\"position\":3,\"name\":\"MAPA &#8211; GEST\u00c3O DE CADEIA DE SUPRIMENTO &#8211; 51\\\/2025\"}]},{\"@type\":\"WebSite\",\"@id\":\"https:\\\/\\\/atividademapa.com\\\/#website\",\"url\":\"https:\\\/\\\/atividademapa.com\\\/\",\"name\":\"Atividade Mapa\",\"description\":\"StudeO | Unicesumar\",\"publisher\":{\"@id\":\"https:\\\/\\\/atividademapa.com\\\/#organization\"},\"potentialAction\":[{\"@type\":\"SearchAction\",\"target\":{\"@type\":\"EntryPoint\",\"urlTemplate\":\"https:\\\/\\\/atividademapa.com\\\/?s={search_term_string}\"},\"query-input\":{\"@type\":\"PropertyValueSpecification\",\"valueRequired\":true,\"valueName\":\"search_term_string\"}}],\"inLanguage\":\"pt-BR\"},{\"@type\":\"Organization\",\"@id\":\"https:\\\/\\\/atividademapa.com\\\/#organization\",\"name\":\"Atividade MAPA\",\"url\":\"https:\\\/\\\/atividademapa.com\\\/\",\"logo\":{\"@type\":\"ImageObject\",\"inLanguage\":\"pt-BR\",\"@id\":\"https:\\\/\\\/atividademapa.com\\\/#\\\/schema\\\/logo\\\/image\\\/\",\"url\":\"https:\\\/\\\/i0.wp.com\\\/atividademapa.com\\\/wp-content\\\/uploads\\\/2023\\\/02\\\/ATIVIDADE.png?fit=600%2C300&ssl=1\",\"contentUrl\":\"https:\\\/\\\/i0.wp.com\\\/atividademapa.com\\\/wp-content\\\/uploads\\\/2023\\\/02\\\/ATIVIDADE.png?fit=600%2C300&ssl=1\",\"width\":600,\"height\":300,\"caption\":\"Atividade MAPA\"},\"image\":{\"@id\":\"https:\\\/\\\/atividademapa.com\\\/#\\\/schema\\\/logo\\\/image\\\/\"}}]}<\/script>\n<!-- \/ Yoast SEO plugin. -->","yoast_head_json":{"title":"MAPA - GEST\u00c3O DE CADEIA DE SUPRIMENTO - 51\/2025","description":"Atividade MAPA - GEST\u00c3O DE CADEIA DE SUPRIMENTO - 51\/2025 &#8902; Unicesumar. Baixe agora mesmo um Mapa Pronto resolvido!","robots":{"index":"index","follow":"follow","max-snippet":"max-snippet:-1","max-image-preview":"max-image-preview:large","max-video-preview":"max-video-preview:-1"},"canonical":"https:\/\/atividademapa.com\/?product=mapa-gestao-de-cadeia-de-suprimento-51-2025","og_locale":"pt_BR","og_type":"article","og_title":"MAPA - GEST\u00c3O DE CADEIA DE SUPRIMENTO - 51\/2025","og_description":"Atividade MAPA - GEST\u00c3O DE CADEIA DE SUPRIMENTO - 51\/2025 &#8902; Unicesumar. Baixe agora mesmo um Mapa Pronto resolvido!","og_url":"https:\/\/atividademapa.com\/?product=mapa-gestao-de-cadeia-de-suprimento-51-2025","og_site_name":"Atividade Mapa","article_modified_time":"2025-03-22T20:10:27+00:00","og_image":[{"width":300,"height":300,"url":"https:\/\/i0.wp.com\/atividademapa.com\/wp-content\/uploads\/2023\/03\/Atividade-M.A.P.A-3.png?fit=300%2C300&ssl=1","type":"image\/png"}],"twitter_card":"summary_large_image","twitter_misc":{"Est. tempo de leitura":"2 minutos"},"schema":{"@context":"https:\/\/schema.org","@graph":[{"@type":"WebPage","@id":"https:\/\/atividademapa.com\/?product=mapa-gestao-de-cadeia-de-suprimento-51-2025","url":"https:\/\/atividademapa.com\/?product=mapa-gestao-de-cadeia-de-suprimento-51-2025","name":"MAPA - GEST\u00c3O DE CADEIA DE SUPRIMENTO - 51\/2025","isPartOf":{"@id":"https:\/\/atividademapa.com\/#website"},"primaryImageOfPage":{"@id":"https:\/\/atividademapa.com\/?product=mapa-gestao-de-cadeia-de-suprimento-51-2025#primaryimage"},"image":{"@id":"https:\/\/atividademapa.com\/?product=mapa-gestao-de-cadeia-de-suprimento-51-2025#primaryimage"},"thumbnailUrl":"https:\/\/i0.wp.com\/atividademapa.com\/wp-content\/uploads\/2023\/03\/Atividade-M.A.P.A-3.png?fit=300%2C300&ssl=1","datePublished":"2025-03-22T20:10:26+00:00","dateModified":"2025-03-22T20:10:27+00:00","description":"Atividade MAPA - GEST\u00c3O DE CADEIA DE SUPRIMENTO - 51\/2025 &#8902; Unicesumar. Baixe agora mesmo um Mapa Pronto resolvido!","breadcrumb":{"@id":"https:\/\/atividademapa.com\/?product=mapa-gestao-de-cadeia-de-suprimento-51-2025#breadcrumb"},"inLanguage":"pt-BR","potentialAction":[{"@type":"ReadAction","target":["https:\/\/atividademapa.com\/?product=mapa-gestao-de-cadeia-de-suprimento-51-2025"]}]},{"@type":"ImageObject","inLanguage":"pt-BR","@id":"https:\/\/atividademapa.com\/?product=mapa-gestao-de-cadeia-de-suprimento-51-2025#primaryimage","url":"https:\/\/i0.wp.com\/atividademapa.com\/wp-content\/uploads\/2023\/03\/Atividade-M.A.P.A-3.png?fit=300%2C300&ssl=1","contentUrl":"https:\/\/i0.wp.com\/atividademapa.com\/wp-content\/uploads\/2023\/03\/Atividade-M.A.P.A-3.png?fit=300%2C300&ssl=1","width":300,"height":300,"caption":"Mapa Unicesumar Atividade"},{"@type":"BreadcrumbList","@id":"https:\/\/atividademapa.com\/?product=mapa-gestao-de-cadeia-de-suprimento-51-2025#breadcrumb","itemListElement":[{"@type":"ListItem","position":1,"name":"In\u00edcio","item":"https:\/\/atividademapa.com\/"},{"@type":"ListItem","position":2,"name":"MAPAS","item":"https:\/\/atividademapa.com\/?page_id=5"},{"@type":"ListItem","position":3,"name":"MAPA &#8211; GEST\u00c3O DE CADEIA DE SUPRIMENTO &#8211; 51\/2025"}]},{"@type":"WebSite","@id":"https:\/\/atividademapa.com\/#website","url":"https:\/\/atividademapa.com\/","name":"Atividade Mapa","description":"StudeO | Unicesumar","publisher":{"@id":"https:\/\/atividademapa.com\/#organization"},"potentialAction":[{"@type":"SearchAction","target":{"@type":"EntryPoint","urlTemplate":"https:\/\/atividademapa.com\/?s={search_term_string}"},"query-input":{"@type":"PropertyValueSpecification","valueRequired":true,"valueName":"search_term_string"}}],"inLanguage":"pt-BR"},{"@type":"Organization","@id":"https:\/\/atividademapa.com\/#organization","name":"Atividade MAPA","url":"https:\/\/atividademapa.com\/","logo":{"@type":"ImageObject","inLanguage":"pt-BR","@id":"https:\/\/atividademapa.com\/#\/schema\/logo\/image\/","url":"https:\/\/i0.wp.com\/atividademapa.com\/wp-content\/uploads\/2023\/02\/ATIVIDADE.png?fit=600%2C300&ssl=1","contentUrl":"https:\/\/i0.wp.com\/atividademapa.com\/wp-content\/uploads\/2023\/02\/ATIVIDADE.png?fit=600%2C300&ssl=1","width":600,"height":300,"caption":"Atividade MAPA"},"image":{"@id":"https:\/\/atividademapa.com\/#\/schema\/logo\/image\/"}}]}},"_links":{"self":[{"href":"https:\/\/atividademapa.com\/index.php?rest_route=\/wp\/v2\/product\/5400","targetHints":{"allow":["GET"]}}],"collection":[{"href":"https:\/\/atividademapa.com\/index.php?rest_route=\/wp\/v2\/product"}],"about":[{"href":"https:\/\/atividademapa.com\/index.php?rest_route=\/wp\/v2\/types\/product"}],"version-history":[{"count":1,"href":"https:\/\/atividademapa.com\/index.php?rest_route=\/wp\/v2\/product\/5400\/revisions"}],"predecessor-version":[{"id":5402,"href":"https:\/\/atividademapa.com\/index.php?rest_route=\/wp\/v2\/product\/5400\/revisions\/5402"}],"wp:featuredmedia":[{"embeddable":true,"href":"https:\/\/atividademapa.com\/index.php?rest_route=\/wp\/v2\/media\/2326"}],"wp:attachment":[{"href":"https:\/\/atividademapa.com\/index.php?rest_route=%2Fwp%2Fv2%2Fmedia&parent=5400"}],"wp:term":[{"taxonomy":"product_brand","embeddable":true,"href":"https:\/\/atividademapa.com\/index.php?rest_route=%2Fwp%2Fv2%2Fproduct_brand&post=5400"},{"taxonomy":"product_cat","embeddable":true,"href":"https:\/\/atividademapa.com\/index.php?rest_route=%2Fwp%2Fv2%2Fproduct_cat&post=5400"},{"taxonomy":"product_tag","embeddable":true,"href":"https:\/\/atividademapa.com\/index.php?rest_route=%2Fwp%2Fv2%2Fproduct_tag&post=5400"}],"curies":[{"name":"wp","href":"https:\/\/api.w.org\/{rel}","templated":true}]}}