{"id":5428,"date":"2025-03-26T20:33:36","date_gmt":"2025-03-26T23:33:36","guid":{"rendered":"https:\/\/atividademapa.com\/?post_type=product&#038;p=5428"},"modified":"2025-03-26T20:33:37","modified_gmt":"2025-03-26T23:33:37","slug":"mapa-multimeios-51-2025","status":"publish","type":"product","link":"https:\/\/atividademapa.com\/?product=mapa-multimeios-51-2025","title":{"rendered":"MAPA MULTIMEIOS &#8211; 51\/2025"},"content":{"rendered":"<p>No contexto educacional contempor\u00e2neo, as demandas do mercado de trabalho e da sociedade exigem habilidades como: pensamento cr\u00edtico, criatividade, colabora\u00e7\u00e3o e autonomia. As escolas, como espa\u00e7os de forma\u00e7\u00e3o integral, precisam adaptar-se a essas exig\u00eancias, oferecendo aos alunos experi\u00eancias de aprendizagem mais din\u00e2micas e interativas. Para isso, \u00e9 necess\u00e1rio modernizar as pr\u00e1ticas pedag\u00f3gicas e adotar abordagens que promovam maior engajamento e protagonismo dos estudantes. Uma resposta eficaz a essa necessidade s\u00e3o as metodologias ativas, que colocam o aluno como agente central do processo de aprendizagem, promovendo a constru\u00e7\u00e3o de conhecimento de forma pr\u00e1tica e significativa.<\/p>\n<p>Voc\u00ea, no papel de psicopedagogo, atua em uma escola em que a dire\u00e7\u00e3o identificou a necessidade de modernizar as pr\u00e1ticas pedag\u00f3gicas utilizadas em sala de aula. A dire\u00e7\u00e3o, a coordena\u00e7\u00e3o e os professores reconheceram a import\u00e2ncia de preparar os alunos para um mercado de trabalho cada vez mais din\u00e2mico e exigente, em que a proatividade, a criatividade e as compet\u00eancias pr\u00e1ticas s\u00e3o indispens\u00e1veis. Diante disso, voc\u00ea foi convidado a apresentar tr\u00eas metodologias ativas ao corpo docente.<\/p>\n<p>Sua tarefa envolve:<br \/>\nDesenvolver slides para um treinamento pedag\u00f3gico, organizando o conte\u00fado sob o tema central Metodologias Ativas, destacando as tr\u00eas abordagens (Aprendizagem Baseada em Problemas &#8211; PBL, Sala de Aula Invertida e Aprendizagem Baseada em Projetos &#8211; PJBL) e suas principais caracter\u00edsticas, enfocando: conceito e defini\u00e7\u00f5es, etapas da atividade, como funciona, exemplo pr\u00e1tico. Apresentar tamb\u00e9m os impactos no aprendizado dos alunos e como estas metodologias engajam o aluno no seu protagonismo.<\/p>\n<p>Para a confec\u00e7\u00e3o dos slides, voc\u00ea pode usar ferramentas como PowerPoint, Canva, entre outras. Seja criativo na sua apresenta\u00e7\u00e3o.<br \/>\nEssa proposta visa proporcionar aos educadores ferramentas inovadoras que promovam o protagonismo dos alunos no processo de aprendizagem e os preparem para os desafios do s\u00e9culo XXI.<\/p>\n<p>ATEN\u00c7\u00c3O:<\/p>\n<p>Acesse a Sala do Caf\u00e9 e confira o v\u00eddeo com orienta\u00e7\u00f5es de como realizar o MAPA.<br \/>\nFa\u00e7a o download do FORMUL\u00c1RIO PADR\u00c3O (localizado no \u00edcone MATERIAL DA DISCIPLINA em seu Studeo), realize a atividade nesse arquivo e, em seguida, efetue o envio.<br \/>\nA sua atividade Mapa deve apresentar uma imagem (seu Mapa Mental) inserida no formul\u00e1rio padr\u00e3o.<br \/>\nAprenda como inserir imagens no arquivo do formul\u00e1rio padr\u00e3o: https:\/\/www.youtube.com\/watch?v=n-Io4MSjM5Y.<br \/>\nO arquivo pode ser enviado uma \u00fanica vez, portanto, certifique-se de que ele est\u00e1 finalizado antes de enviar. Ap\u00f3s a finaliza\u00e7\u00e3o, n\u00e3o \u00e9 poss\u00edvel fazer altera\u00e7\u00f5es e\/ou substitui\u00e7\u00e3o do arquivo.<br \/>\nSe houver d\u00favidas, escreva uma mensagem no f\u00f3rum tira-d\u00favidas do MAPA.<\/p>\n","protected":false},"excerpt":{"rendered":"<p>No contexto educacional contempor\u00e2neo, as demandas do mercado de trabalho e da sociedade exigem habilidades como: pensamento cr\u00edtico, criatividade, colabora\u00e7\u00e3o<\/p>\n","protected":false},"featured_media":2326,"template":"","meta":{"_monsterinsights_skip_tracking":false,"_monsterinsights_sitenote_active":false,"_monsterinsights_sitenote_note":"","_monsterinsights_sitenote_category":0},"product_brand":[],"product_cat":[149],"product_tag":[],"class_list":{"0":"post-5428","1":"product","2":"type-product","3":"status-publish","4":"has-post-thumbnail","6":"product_cat-psicopedagogia","8":"first","9":"instock","10":"downloadable","11":"virtual","12":"purchasable","13":"product-type-simple"},"yoast_head":"<!-- This site is optimized with the Yoast SEO plugin v27.4 - https:\/\/yoast.com\/product\/yoast-seo-wordpress\/ -->\n<title>MAPA MULTIMEIOS - 51\/2025<\/title>\n<meta name=\"description\" content=\"Atividade MAPA MULTIMEIOS - 51\/2025 &#8902; Unicesumar. Baixe agora mesmo um Mapa Pronto resolvido!\" \/>\n<meta name=\"robots\" content=\"index, follow, max-snippet:-1, max-image-preview:large, max-video-preview:-1\" \/>\n<link rel=\"canonical\" href=\"https:\/\/atividademapa.com\/?product=mapa-multimeios-51-2025\" \/>\n<meta property=\"og:locale\" content=\"pt_BR\" \/>\n<meta property=\"og:type\" content=\"article\" \/>\n<meta property=\"og:title\" content=\"MAPA MULTIMEIOS - 51\/2025\" \/>\n<meta property=\"og:description\" content=\"Atividade MAPA MULTIMEIOS - 51\/2025 &#8902; Unicesumar. Baixe agora mesmo um Mapa Pronto resolvido!\" \/>\n<meta property=\"og:url\" content=\"https:\/\/atividademapa.com\/?product=mapa-multimeios-51-2025\" \/>\n<meta property=\"og:site_name\" content=\"Atividade Mapa\" \/>\n<meta property=\"article:modified_time\" content=\"2025-03-26T23:33:37+00:00\" \/>\n<meta property=\"og:image\" content=\"https:\/\/i0.wp.com\/atividademapa.com\/wp-content\/uploads\/2023\/03\/Atividade-M.A.P.A-3.png?fit=300%2C300&ssl=1\" \/>\n\t<meta property=\"og:image:width\" content=\"300\" \/>\n\t<meta property=\"og:image:height\" content=\"300\" \/>\n\t<meta property=\"og:image:type\" content=\"image\/png\" \/>\n<meta name=\"twitter:card\" content=\"summary_large_image\" \/>\n<meta name=\"twitter:label1\" content=\"Est. tempo de leitura\" \/>\n\t<meta name=\"twitter:data1\" content=\"2 minutos\" \/>\n<script type=\"application\/ld+json\" class=\"yoast-schema-graph\">{\"@context\":\"https:\\\/\\\/schema.org\",\"@graph\":[{\"@type\":\"WebPage\",\"@id\":\"https:\\\/\\\/atividademapa.com\\\/?product=mapa-multimeios-51-2025\",\"url\":\"https:\\\/\\\/atividademapa.com\\\/?product=mapa-multimeios-51-2025\",\"name\":\"MAPA MULTIMEIOS - 51\\\/2025\",\"isPartOf\":{\"@id\":\"https:\\\/\\\/atividademapa.com\\\/#website\"},\"primaryImageOfPage\":{\"@id\":\"https:\\\/\\\/atividademapa.com\\\/?product=mapa-multimeios-51-2025#primaryimage\"},\"image\":{\"@id\":\"https:\\\/\\\/atividademapa.com\\\/?product=mapa-multimeios-51-2025#primaryimage\"},\"thumbnailUrl\":\"https:\\\/\\\/i0.wp.com\\\/atividademapa.com\\\/wp-content\\\/uploads\\\/2023\\\/03\\\/Atividade-M.A.P.A-3.png?fit=300%2C300&ssl=1\",\"datePublished\":\"2025-03-26T23:33:36+00:00\",\"dateModified\":\"2025-03-26T23:33:37+00:00\",\"description\":\"Atividade MAPA MULTIMEIOS - 51\\\/2025 &#8902; Unicesumar. Baixe agora mesmo um Mapa Pronto resolvido!\",\"breadcrumb\":{\"@id\":\"https:\\\/\\\/atividademapa.com\\\/?product=mapa-multimeios-51-2025#breadcrumb\"},\"inLanguage\":\"pt-BR\",\"potentialAction\":[{\"@type\":\"ReadAction\",\"target\":[\"https:\\\/\\\/atividademapa.com\\\/?product=mapa-multimeios-51-2025\"]}]},{\"@type\":\"ImageObject\",\"inLanguage\":\"pt-BR\",\"@id\":\"https:\\\/\\\/atividademapa.com\\\/?product=mapa-multimeios-51-2025#primaryimage\",\"url\":\"https:\\\/\\\/i0.wp.com\\\/atividademapa.com\\\/wp-content\\\/uploads\\\/2023\\\/03\\\/Atividade-M.A.P.A-3.png?fit=300%2C300&ssl=1\",\"contentUrl\":\"https:\\\/\\\/i0.wp.com\\\/atividademapa.com\\\/wp-content\\\/uploads\\\/2023\\\/03\\\/Atividade-M.A.P.A-3.png?fit=300%2C300&ssl=1\",\"width\":300,\"height\":300,\"caption\":\"Mapa Unicesumar Atividade\"},{\"@type\":\"BreadcrumbList\",\"@id\":\"https:\\\/\\\/atividademapa.com\\\/?product=mapa-multimeios-51-2025#breadcrumb\",\"itemListElement\":[{\"@type\":\"ListItem\",\"position\":1,\"name\":\"In\u00edcio\",\"item\":\"https:\\\/\\\/atividademapa.com\\\/\"},{\"@type\":\"ListItem\",\"position\":2,\"name\":\"MAPAS\",\"item\":\"https:\\\/\\\/atividademapa.com\\\/?page_id=5\"},{\"@type\":\"ListItem\",\"position\":3,\"name\":\"MAPA MULTIMEIOS &#8211; 51\\\/2025\"}]},{\"@type\":\"WebSite\",\"@id\":\"https:\\\/\\\/atividademapa.com\\\/#website\",\"url\":\"https:\\\/\\\/atividademapa.com\\\/\",\"name\":\"Atividade Mapa\",\"description\":\"StudeO | Unicesumar\",\"publisher\":{\"@id\":\"https:\\\/\\\/atividademapa.com\\\/#organization\"},\"potentialAction\":[{\"@type\":\"SearchAction\",\"target\":{\"@type\":\"EntryPoint\",\"urlTemplate\":\"https:\\\/\\\/atividademapa.com\\\/?s={search_term_string}\"},\"query-input\":{\"@type\":\"PropertyValueSpecification\",\"valueRequired\":true,\"valueName\":\"search_term_string\"}}],\"inLanguage\":\"pt-BR\"},{\"@type\":\"Organization\",\"@id\":\"https:\\\/\\\/atividademapa.com\\\/#organization\",\"name\":\"Atividade MAPA\",\"url\":\"https:\\\/\\\/atividademapa.com\\\/\",\"logo\":{\"@type\":\"ImageObject\",\"inLanguage\":\"pt-BR\",\"@id\":\"https:\\\/\\\/atividademapa.com\\\/#\\\/schema\\\/logo\\\/image\\\/\",\"url\":\"https:\\\/\\\/i0.wp.com\\\/atividademapa.com\\\/wp-content\\\/uploads\\\/2023\\\/02\\\/ATIVIDADE.png?fit=600%2C300&ssl=1\",\"contentUrl\":\"https:\\\/\\\/i0.wp.com\\\/atividademapa.com\\\/wp-content\\\/uploads\\\/2023\\\/02\\\/ATIVIDADE.png?fit=600%2C300&ssl=1\",\"width\":600,\"height\":300,\"caption\":\"Atividade MAPA\"},\"image\":{\"@id\":\"https:\\\/\\\/atividademapa.com\\\/#\\\/schema\\\/logo\\\/image\\\/\"}}]}<\/script>\n<!-- \/ Yoast SEO plugin. -->","yoast_head_json":{"title":"MAPA MULTIMEIOS - 51\/2025","description":"Atividade MAPA MULTIMEIOS - 51\/2025 &#8902; Unicesumar. Baixe agora mesmo um Mapa Pronto resolvido!","robots":{"index":"index","follow":"follow","max-snippet":"max-snippet:-1","max-image-preview":"max-image-preview:large","max-video-preview":"max-video-preview:-1"},"canonical":"https:\/\/atividademapa.com\/?product=mapa-multimeios-51-2025","og_locale":"pt_BR","og_type":"article","og_title":"MAPA MULTIMEIOS - 51\/2025","og_description":"Atividade MAPA MULTIMEIOS - 51\/2025 &#8902; Unicesumar. Baixe agora mesmo um Mapa Pronto resolvido!","og_url":"https:\/\/atividademapa.com\/?product=mapa-multimeios-51-2025","og_site_name":"Atividade Mapa","article_modified_time":"2025-03-26T23:33:37+00:00","og_image":[{"width":300,"height":300,"url":"https:\/\/i0.wp.com\/atividademapa.com\/wp-content\/uploads\/2023\/03\/Atividade-M.A.P.A-3.png?fit=300%2C300&ssl=1","type":"image\/png"}],"twitter_card":"summary_large_image","twitter_misc":{"Est. tempo de leitura":"2 minutos"},"schema":{"@context":"https:\/\/schema.org","@graph":[{"@type":"WebPage","@id":"https:\/\/atividademapa.com\/?product=mapa-multimeios-51-2025","url":"https:\/\/atividademapa.com\/?product=mapa-multimeios-51-2025","name":"MAPA MULTIMEIOS - 51\/2025","isPartOf":{"@id":"https:\/\/atividademapa.com\/#website"},"primaryImageOfPage":{"@id":"https:\/\/atividademapa.com\/?product=mapa-multimeios-51-2025#primaryimage"},"image":{"@id":"https:\/\/atividademapa.com\/?product=mapa-multimeios-51-2025#primaryimage"},"thumbnailUrl":"https:\/\/i0.wp.com\/atividademapa.com\/wp-content\/uploads\/2023\/03\/Atividade-M.A.P.A-3.png?fit=300%2C300&ssl=1","datePublished":"2025-03-26T23:33:36+00:00","dateModified":"2025-03-26T23:33:37+00:00","description":"Atividade MAPA MULTIMEIOS - 51\/2025 &#8902; Unicesumar. Baixe agora mesmo um Mapa Pronto resolvido!","breadcrumb":{"@id":"https:\/\/atividademapa.com\/?product=mapa-multimeios-51-2025#breadcrumb"},"inLanguage":"pt-BR","potentialAction":[{"@type":"ReadAction","target":["https:\/\/atividademapa.com\/?product=mapa-multimeios-51-2025"]}]},{"@type":"ImageObject","inLanguage":"pt-BR","@id":"https:\/\/atividademapa.com\/?product=mapa-multimeios-51-2025#primaryimage","url":"https:\/\/i0.wp.com\/atividademapa.com\/wp-content\/uploads\/2023\/03\/Atividade-M.A.P.A-3.png?fit=300%2C300&ssl=1","contentUrl":"https:\/\/i0.wp.com\/atividademapa.com\/wp-content\/uploads\/2023\/03\/Atividade-M.A.P.A-3.png?fit=300%2C300&ssl=1","width":300,"height":300,"caption":"Mapa Unicesumar Atividade"},{"@type":"BreadcrumbList","@id":"https:\/\/atividademapa.com\/?product=mapa-multimeios-51-2025#breadcrumb","itemListElement":[{"@type":"ListItem","position":1,"name":"In\u00edcio","item":"https:\/\/atividademapa.com\/"},{"@type":"ListItem","position":2,"name":"MAPAS","item":"https:\/\/atividademapa.com\/?page_id=5"},{"@type":"ListItem","position":3,"name":"MAPA MULTIMEIOS &#8211; 51\/2025"}]},{"@type":"WebSite","@id":"https:\/\/atividademapa.com\/#website","url":"https:\/\/atividademapa.com\/","name":"Atividade Mapa","description":"StudeO | Unicesumar","publisher":{"@id":"https:\/\/atividademapa.com\/#organization"},"potentialAction":[{"@type":"SearchAction","target":{"@type":"EntryPoint","urlTemplate":"https:\/\/atividademapa.com\/?s={search_term_string}"},"query-input":{"@type":"PropertyValueSpecification","valueRequired":true,"valueName":"search_term_string"}}],"inLanguage":"pt-BR"},{"@type":"Organization","@id":"https:\/\/atividademapa.com\/#organization","name":"Atividade MAPA","url":"https:\/\/atividademapa.com\/","logo":{"@type":"ImageObject","inLanguage":"pt-BR","@id":"https:\/\/atividademapa.com\/#\/schema\/logo\/image\/","url":"https:\/\/i0.wp.com\/atividademapa.com\/wp-content\/uploads\/2023\/02\/ATIVIDADE.png?fit=600%2C300&ssl=1","contentUrl":"https:\/\/i0.wp.com\/atividademapa.com\/wp-content\/uploads\/2023\/02\/ATIVIDADE.png?fit=600%2C300&ssl=1","width":600,"height":300,"caption":"Atividade MAPA"},"image":{"@id":"https:\/\/atividademapa.com\/#\/schema\/logo\/image\/"}}]}},"_links":{"self":[{"href":"https:\/\/atividademapa.com\/index.php?rest_route=\/wp\/v2\/product\/5428","targetHints":{"allow":["GET"]}}],"collection":[{"href":"https:\/\/atividademapa.com\/index.php?rest_route=\/wp\/v2\/product"}],"about":[{"href":"https:\/\/atividademapa.com\/index.php?rest_route=\/wp\/v2\/types\/product"}],"version-history":[{"count":1,"href":"https:\/\/atividademapa.com\/index.php?rest_route=\/wp\/v2\/product\/5428\/revisions"}],"predecessor-version":[{"id":5431,"href":"https:\/\/atividademapa.com\/index.php?rest_route=\/wp\/v2\/product\/5428\/revisions\/5431"}],"wp:featuredmedia":[{"embeddable":true,"href":"https:\/\/atividademapa.com\/index.php?rest_route=\/wp\/v2\/media\/2326"}],"wp:attachment":[{"href":"https:\/\/atividademapa.com\/index.php?rest_route=%2Fwp%2Fv2%2Fmedia&parent=5428"}],"wp:term":[{"taxonomy":"product_brand","embeddable":true,"href":"https:\/\/atividademapa.com\/index.php?rest_route=%2Fwp%2Fv2%2Fproduct_brand&post=5428"},{"taxonomy":"product_cat","embeddable":true,"href":"https:\/\/atividademapa.com\/index.php?rest_route=%2Fwp%2Fv2%2Fproduct_cat&post=5428"},{"taxonomy":"product_tag","embeddable":true,"href":"https:\/\/atividademapa.com\/index.php?rest_route=%2Fwp%2Fv2%2Fproduct_tag&post=5428"}],"curies":[{"name":"wp","href":"https:\/\/api.w.org\/{rel}","templated":true}]}}