{"id":5453,"date":"2025-03-31T21:30:38","date_gmt":"2025-04-01T00:30:38","guid":{"rendered":"https:\/\/atividademapa.com\/?post_type=product&#038;p=5453"},"modified":"2025-04-13T09:20:48","modified_gmt":"2025-04-13T12:20:48","slug":"mapa-pericia-arbitragem-e-atuaria-51-2025","status":"publish","type":"product","link":"https:\/\/atividademapa.com\/?product=mapa-pericia-arbitragem-e-atuaria-51-2025","title":{"rendered":"MAPA Per\u00edcia, Arbitragem e Atu\u00e1ria 51\/2025"},"content":{"rendered":"<p>Ol\u00e1, acad\u00eamico (a)!<\/p>\n<p>A atividade proposta corresponde a Atividade MAPA da disciplina de Per\u00edcia, Arbitragem e Atu\u00e1ria.<\/p>\n<p>\u200bVoc\u00ea j\u00e1 teve a oportunidade de conhecer o trabalho de um Perito? Sabe qual \u00e9 o objetivo principal da atividade desse profissional?<\/p>\n<p>Uma determinada empresa, optante pelo Simples Nacional e situada no munic\u00edpio de Fict\u00edcio do Norte, aberta e tendo seu in\u00edcio de atividade em janeiro de 20X1, opera com a atividade de provedor de internet, classificada na CNAE 6190-6\/01 (conforme disposto na p\u00e1gina de consulta CNAE (https:\/\/concla.ibge.gov.br\/busca-online-cnae.html)<\/p>\n<p>\u200bOcorre que, no m\u00eas de 03\/20X2, a empresa recebeu uma notifica\u00e7\u00e3o da secretaria da fazenda de seu munic\u00edpio, exigindo o recolhimento de R$ 31.548,60 \u00e0 t\u00edtulo de ISS e respectiva multa pela falta de seu pagamento:<\/p>\n<p>20X1 Receita mensal ISS (3%) IPCA Corre\u00e7\u00e3o Juros Multa Total<br \/>\nJaneiro 75.000,00 2.250,00 &#8211; &#8211; &#8211; 45,00 2.295,00<br \/>\nFevereiro 78.000,00 2.340,00 &#8211; &#8211; &#8211; 46,80 2.386,80<br \/>\nMar\u00e7o 95.000,00 2.850,00 &#8211; &#8211; &#8211; 57,00 2.907,00<br \/>\nAbril 73.000,00 2.190,00 &#8211; &#8211; &#8211; 43,80 2.233,80<br \/>\nMaio 87.000,00 2.610,00 &#8211; &#8211; &#8211; 52,20 2.662,20<br \/>\nJunho 89.000,00 2.670,00 &#8211; &#8211; &#8211; 53,40 2.723,40<br \/>\nJulho 92.000,00 2.760,00 &#8211; &#8211; &#8211; 55,20 2.815,20<br \/>\nAgosto 93.000,00 2.790,00 &#8211; &#8211; &#8211; 55,80 2.845,80<br \/>\nSetembro 98.000,00 2.940,00 &#8211; &#8211; &#8211; 58,80 2.998,80<br \/>\nOutubro 105.000,00 3.150,00 &#8211; &#8211; &#8211; 63,00 3.213,00<br \/>\nNovembro 74.000,00 2.220,00 &#8211; &#8211; &#8211; 44,40 2.264,40<br \/>\nDezembro 72.000,00 2.160,00 &#8211; &#8211; &#8211; 43,20 2.203,20<br \/>\n30.930,00 618,60 31.548,60<\/p>\n<p>Ao receber a notifica\u00e7\u00e3o, o empres\u00e1rio automaticamente entrou em contato com seu contabilista, exigindo explica\u00e7\u00f5es.<br \/>\nDiante do questionamento e para fundamentar a defesa de seu cliente, o contabilista contratou um perito tribut\u00e1rio, solicitando que fossem atendidos aos seguintes quesitos:<br \/>\n&#8211; Segundo a legisla\u00e7\u00e3o federal, a atividade do CNAE 6190-6\/01 est\u00e1 compreendida em que anexo do Simples Nacional? Apresentar base legal.<br \/>\n&#8211; No anexo da respectiva atividade, h\u00e1 previs\u00e3o especifica de incid\u00eancia de ISS ou ICMS. Existe algum tratamento diferenciado a ser atribu\u00eddo \u00e0 empresas com o CNAE 6190-6\/01 tributadas pelo Simples Nacional? Apresentar base legal.<br \/>\n&#8211; A empresa periciada sujeita-se ao recolhimento do ICMS ou do ISS?<\/p>\n<p>Para chegar \u00e0s respostas, o perito recorreu \u00e0 legisla\u00e7\u00e3o vigente.<br \/>\n&#8211; Segundo a legisla\u00e7\u00e3o federal, a atividade do CNAE 6190-6\/01 est\u00e1 compreendida em que anexo do Simples Nacional? Apresentar base legal.<br \/>\nResposta: Considerando o disposto no art. 18. \u00a7 5\u00b0-E:<br \/>\n\u201c\u00a7 5\u00b0-E. Sem preju\u00edzo do disposto no \u00a7 1\u00b0 do art. 17 desta Lei Complementar, as atividades de presta\u00e7\u00e3o de servi\u00e7os de comunica\u00e7\u00e3o e de transportes interestadual e intermunicipal de cargas, e de transportes autorizados no inciso VI do caput do art. 17, inclusive na modalidade fluvial, ser\u00e3o tributadas na forma do Anexo III, deduzida a parcela correspondente ao ISS e acrescida a parcela correspondente ao ICMS prevista no Anexo I.\u201d<br \/>\nSer\u00e1 tributada pelo Anexo III da Lei 123\/2006.<\/p>\n<p>&#8211; No anexo da respectiva atividade, h\u00e1 previs\u00e3o especifica de incid\u00eancia de ISS ou ICMS. Existe algum tratamento diferenciado a ser atribu\u00eddo \u00e0 empresas com o CNAE 6190-6\/01 tributadas pelo Simples Nacional? Apresentar base legal.<br \/>\nResposta: Considerando as especifica\u00e7\u00f5es do pr\u00f3prio Anexo, seus servi\u00e7os ser\u00e3o tributados pelo ISS, conforme demonstrado na pr\u00f3pria tabela do Anexo III, presenta na Lei 123\/2006. Por\u00e9m, a pr\u00f3pria Constitui\u00e7\u00e3o Federal de 1.988, em seu art. 155, II, estipula que os servi\u00e7os de comunica\u00e7\u00e3o ser\u00e3o sujeitos \u00e0 tributa\u00e7\u00e3o Estadual, e desta forma sujeitas ao ICMS:<br \/>\nArt. 155. Compete aos Estados e ao Distrito Federal instituir impostos sobre:<br \/>\n(&#8230;)<br \/>\nII &#8211; opera\u00e7\u00f5es relativas \u00e0 circula\u00e7\u00e3o de mercadorias e sobre presta\u00e7\u00f5es de servi\u00e7os de transporte interestadual e intermunicipal e de comunica\u00e7\u00e3o, ainda que as opera\u00e7\u00f5es e as presta\u00e7\u00f5es se iniciem no exterior;<br \/>\nBRASIL. Constitui\u00e7\u00e3o da Rep\u00fablica Federativa do Brasil: promulgada em 5 de outubro de 1988.<\/p>\n<p>Ainda nesse contexto, n\u00e3o havendo previs\u00e3o espec\u00edfica na pr\u00f3pria Lei do Simples Nacional (123\/2006), coube \u00e0 Resolu\u00e7\u00e3o CGSN 140\/2018, em seu art. 25, \u00a71\u00ba, IX tratar sobre a situa\u00e7\u00e3o:<br \/>\nArt. 25. O valor devido mensalmente pela ME ou EPP optante pelo Simples Nacional ser\u00e1 determinado mediante aplica\u00e7\u00e3o das al\u00edquotas efetivas calculadas na forma prevista nos arts. 21, 22 e 24 sobre a base de c\u00e1lculo de que tratam os arts. 16 a 19. (Lei Complementar n\u00ba 123, de 2006, art. 3\u00ba, \u00a7 15, art. 18)<br \/>\n\u00a7 1\u00ba O contribuinte dever\u00e1 considerar, destacadamente, para fim de c\u00e1lculo e pagamento, as receitas decorrentes da:<br \/>\n(&#8230;)<br \/>\nIX &#8211; presta\u00e7\u00e3o dos seguintes servi\u00e7os tributados com base no Anexo III, desconsiderando-se o percentual relativo ao ISS e adicionando-se o percentual relativo ao ICMS previsto na tabela do Anexo I: (Lei Complementar n\u00ba 123, de 2006, art. 18, \u00a7 5\u00ba-E). BRASIL. Comit\u00ea Gestor do Simples Nacional. Resolu\u00e7\u00e3o CGSN n\u00ba 140, de 22 de maio de 2018.<\/p>\n<p>&#8211; A empresa periciada sujeita-se ao recolhimento do ICMS ou do ISS?<br \/>\nResposta: Diante do exposto, conclui-se que a atividade mencionada embora seja tributada no anexo III, sujeita-se ao ICMS, e n\u00e3o ao ISS.<\/p>\n<p>PEDE-SE: Com base nas informa\u00e7\u00f5es apresentadas no enunciado e respostas formuladas pelo Perito, voc\u00ea acad\u00eamico e aspirante Perito Cont\u00e1bil, fica respons\u00e1vel por preencher o Laudo Pericial:<\/p>\n<p>Obs.: usar obrigatoriamente o formul\u00e1rio padr\u00e3o da atividade para o preenchimento do laudo.<br \/>\nIMPORTANTE<br \/>\n&#8211; Fa\u00e7a o download do arquivo \u201cFormul\u00e1rio padr\u00e3o MAPA &#8211; Per\u00edcia Arbitragem e Atu\u00e1ria.\u201d, dispon\u00edvel no Material da Disciplina;<br \/>\n&#8211; Assista ao v\u00eddeo explicativo da atividade.<br \/>\n&#8211; Siga as orienta\u00e7\u00f5es expressas neste enunciado e no formul\u00e1rio de preenchimento da atividade;<br \/>\n&#8211; Responda aos campos solicitados no arquivo e ap\u00f3s o preenchimento do formul\u00e1rio, salve o arquivo no seu computador, anexe no campo indicado \u201cSua resposta\u201d, clique em \u201cResponder\u201d e, posteriormente em \u201cFinalizar o question\u00e1rio\u201d;<br \/>\nATEN\u00c7\u00c3O: Ao anexar, certifique-se de que se trata do arquivo correto, pois ap\u00f3s a finaliza\u00e7\u00e3o, n\u00e3o ser\u00e1 poss\u00edvel reenviar a atividade ou realizar qualquer modifica\u00e7\u00e3o no arquivo enviado.<\/p>\n","protected":false},"excerpt":{"rendered":"<p>Ol\u00e1, acad\u00eamico (a)! A atividade proposta corresponde a Atividade MAPA da disciplina de Per\u00edcia, Arbitragem e Atu\u00e1ria. \u200bVoc\u00ea j\u00e1 teve<\/p>\n","protected":false},"featured_media":2326,"template":"","meta":{"_monsterinsights_skip_tracking":false,"_monsterinsights_sitenote_active":false,"_monsterinsights_sitenote_note":"","_monsterinsights_sitenote_category":0},"product_brand":[],"product_cat":[46],"product_tag":[],"class_list":{"0":"post-5453","1":"product","2":"type-product","3":"status-publish","4":"has-post-thumbnail","6":"product_cat-ciencias-contabeis","8":"first","9":"instock","10":"downloadable","11":"virtual","12":"purchasable","13":"product-type-simple"},"yoast_head":"<!-- This site is optimized with the Yoast SEO plugin v27.4 - https:\/\/yoast.com\/product\/yoast-seo-wordpress\/ -->\n<title>MAPA Per\u00edcia, Arbitragem e Atu\u00e1ria 51\/2025<\/title>\n<meta name=\"description\" content=\"Atividade MAPA Per\u00edcia, Arbitragem e Atu\u00e1ria 51\/2025 &#8902; Unicesumar. Baixe agora mesmo um Mapa Pronto resolvido!\" \/>\n<meta name=\"robots\" content=\"index, follow, max-snippet:-1, max-image-preview:large, max-video-preview:-1\" \/>\n<link rel=\"canonical\" href=\"https:\/\/atividademapa.com\/?product=mapa-pericia-arbitragem-e-atuaria-51-2025\" \/>\n<meta property=\"og:locale\" content=\"pt_BR\" \/>\n<meta property=\"og:type\" content=\"article\" \/>\n<meta property=\"og:title\" content=\"MAPA Per\u00edcia, Arbitragem e Atu\u00e1ria 51\/2025\" \/>\n<meta property=\"og:description\" content=\"Atividade MAPA Per\u00edcia, Arbitragem e Atu\u00e1ria 51\/2025 &#8902; Unicesumar. Baixe agora mesmo um Mapa Pronto resolvido!\" \/>\n<meta property=\"og:url\" content=\"https:\/\/atividademapa.com\/?product=mapa-pericia-arbitragem-e-atuaria-51-2025\" \/>\n<meta property=\"og:site_name\" content=\"Atividade Mapa\" \/>\n<meta property=\"article:modified_time\" content=\"2025-04-13T12:20:48+00:00\" \/>\n<meta property=\"og:image\" content=\"https:\/\/i0.wp.com\/atividademapa.com\/wp-content\/uploads\/2023\/03\/Atividade-M.A.P.A-3.png?fit=300%2C300&ssl=1\" \/>\n\t<meta property=\"og:image:width\" content=\"300\" \/>\n\t<meta property=\"og:image:height\" content=\"300\" \/>\n\t<meta property=\"og:image:type\" content=\"image\/png\" \/>\n<meta name=\"twitter:card\" content=\"summary_large_image\" \/>\n<meta name=\"twitter:label1\" content=\"Est. tempo de leitura\" \/>\n\t<meta name=\"twitter:data1\" content=\"5 minutos\" \/>\n<script type=\"application\/ld+json\" class=\"yoast-schema-graph\">{\"@context\":\"https:\\\/\\\/schema.org\",\"@graph\":[{\"@type\":\"WebPage\",\"@id\":\"https:\\\/\\\/atividademapa.com\\\/?product=mapa-pericia-arbitragem-e-atuaria-51-2025\",\"url\":\"https:\\\/\\\/atividademapa.com\\\/?product=mapa-pericia-arbitragem-e-atuaria-51-2025\",\"name\":\"MAPA Per\u00edcia, Arbitragem e Atu\u00e1ria 51\\\/2025\",\"isPartOf\":{\"@id\":\"https:\\\/\\\/atividademapa.com\\\/#website\"},\"primaryImageOfPage\":{\"@id\":\"https:\\\/\\\/atividademapa.com\\\/?product=mapa-pericia-arbitragem-e-atuaria-51-2025#primaryimage\"},\"image\":{\"@id\":\"https:\\\/\\\/atividademapa.com\\\/?product=mapa-pericia-arbitragem-e-atuaria-51-2025#primaryimage\"},\"thumbnailUrl\":\"https:\\\/\\\/i0.wp.com\\\/atividademapa.com\\\/wp-content\\\/uploads\\\/2023\\\/03\\\/Atividade-M.A.P.A-3.png?fit=300%2C300&ssl=1\",\"datePublished\":\"2025-04-01T00:30:38+00:00\",\"dateModified\":\"2025-04-13T12:20:48+00:00\",\"description\":\"Atividade MAPA Per\u00edcia, Arbitragem e Atu\u00e1ria 51\\\/2025 &#8902; Unicesumar. Baixe agora mesmo um Mapa Pronto resolvido!\",\"breadcrumb\":{\"@id\":\"https:\\\/\\\/atividademapa.com\\\/?product=mapa-pericia-arbitragem-e-atuaria-51-2025#breadcrumb\"},\"inLanguage\":\"pt-BR\",\"potentialAction\":[{\"@type\":\"ReadAction\",\"target\":[\"https:\\\/\\\/atividademapa.com\\\/?product=mapa-pericia-arbitragem-e-atuaria-51-2025\"]}]},{\"@type\":\"ImageObject\",\"inLanguage\":\"pt-BR\",\"@id\":\"https:\\\/\\\/atividademapa.com\\\/?product=mapa-pericia-arbitragem-e-atuaria-51-2025#primaryimage\",\"url\":\"https:\\\/\\\/i0.wp.com\\\/atividademapa.com\\\/wp-content\\\/uploads\\\/2023\\\/03\\\/Atividade-M.A.P.A-3.png?fit=300%2C300&ssl=1\",\"contentUrl\":\"https:\\\/\\\/i0.wp.com\\\/atividademapa.com\\\/wp-content\\\/uploads\\\/2023\\\/03\\\/Atividade-M.A.P.A-3.png?fit=300%2C300&ssl=1\",\"width\":300,\"height\":300,\"caption\":\"Mapa Unicesumar Atividade\"},{\"@type\":\"BreadcrumbList\",\"@id\":\"https:\\\/\\\/atividademapa.com\\\/?product=mapa-pericia-arbitragem-e-atuaria-51-2025#breadcrumb\",\"itemListElement\":[{\"@type\":\"ListItem\",\"position\":1,\"name\":\"In\u00edcio\",\"item\":\"https:\\\/\\\/atividademapa.com\\\/\"},{\"@type\":\"ListItem\",\"position\":2,\"name\":\"MAPAS\",\"item\":\"https:\\\/\\\/atividademapa.com\\\/?page_id=5\"},{\"@type\":\"ListItem\",\"position\":3,\"name\":\"MAPA Per\u00edcia, Arbitragem e Atu\u00e1ria 51\\\/2025\"}]},{\"@type\":\"WebSite\",\"@id\":\"https:\\\/\\\/atividademapa.com\\\/#website\",\"url\":\"https:\\\/\\\/atividademapa.com\\\/\",\"name\":\"Atividade Mapa\",\"description\":\"StudeO | Unicesumar\",\"publisher\":{\"@id\":\"https:\\\/\\\/atividademapa.com\\\/#organization\"},\"potentialAction\":[{\"@type\":\"SearchAction\",\"target\":{\"@type\":\"EntryPoint\",\"urlTemplate\":\"https:\\\/\\\/atividademapa.com\\\/?s={search_term_string}\"},\"query-input\":{\"@type\":\"PropertyValueSpecification\",\"valueRequired\":true,\"valueName\":\"search_term_string\"}}],\"inLanguage\":\"pt-BR\"},{\"@type\":\"Organization\",\"@id\":\"https:\\\/\\\/atividademapa.com\\\/#organization\",\"name\":\"Atividade MAPA\",\"url\":\"https:\\\/\\\/atividademapa.com\\\/\",\"logo\":{\"@type\":\"ImageObject\",\"inLanguage\":\"pt-BR\",\"@id\":\"https:\\\/\\\/atividademapa.com\\\/#\\\/schema\\\/logo\\\/image\\\/\",\"url\":\"https:\\\/\\\/i0.wp.com\\\/atividademapa.com\\\/wp-content\\\/uploads\\\/2023\\\/02\\\/ATIVIDADE.png?fit=600%2C300&ssl=1\",\"contentUrl\":\"https:\\\/\\\/i0.wp.com\\\/atividademapa.com\\\/wp-content\\\/uploads\\\/2023\\\/02\\\/ATIVIDADE.png?fit=600%2C300&ssl=1\",\"width\":600,\"height\":300,\"caption\":\"Atividade MAPA\"},\"image\":{\"@id\":\"https:\\\/\\\/atividademapa.com\\\/#\\\/schema\\\/logo\\\/image\\\/\"}}]}<\/script>\n<!-- \/ Yoast SEO plugin. -->","yoast_head_json":{"title":"MAPA Per\u00edcia, Arbitragem e Atu\u00e1ria 51\/2025","description":"Atividade MAPA Per\u00edcia, Arbitragem e Atu\u00e1ria 51\/2025 &#8902; Unicesumar. Baixe agora mesmo um Mapa Pronto resolvido!","robots":{"index":"index","follow":"follow","max-snippet":"max-snippet:-1","max-image-preview":"max-image-preview:large","max-video-preview":"max-video-preview:-1"},"canonical":"https:\/\/atividademapa.com\/?product=mapa-pericia-arbitragem-e-atuaria-51-2025","og_locale":"pt_BR","og_type":"article","og_title":"MAPA Per\u00edcia, Arbitragem e Atu\u00e1ria 51\/2025","og_description":"Atividade MAPA Per\u00edcia, Arbitragem e Atu\u00e1ria 51\/2025 &#8902; Unicesumar. Baixe agora mesmo um Mapa Pronto resolvido!","og_url":"https:\/\/atividademapa.com\/?product=mapa-pericia-arbitragem-e-atuaria-51-2025","og_site_name":"Atividade Mapa","article_modified_time":"2025-04-13T12:20:48+00:00","og_image":[{"width":300,"height":300,"url":"https:\/\/i0.wp.com\/atividademapa.com\/wp-content\/uploads\/2023\/03\/Atividade-M.A.P.A-3.png?fit=300%2C300&ssl=1","type":"image\/png"}],"twitter_card":"summary_large_image","twitter_misc":{"Est. tempo de leitura":"5 minutos"},"schema":{"@context":"https:\/\/schema.org","@graph":[{"@type":"WebPage","@id":"https:\/\/atividademapa.com\/?product=mapa-pericia-arbitragem-e-atuaria-51-2025","url":"https:\/\/atividademapa.com\/?product=mapa-pericia-arbitragem-e-atuaria-51-2025","name":"MAPA Per\u00edcia, Arbitragem e Atu\u00e1ria 51\/2025","isPartOf":{"@id":"https:\/\/atividademapa.com\/#website"},"primaryImageOfPage":{"@id":"https:\/\/atividademapa.com\/?product=mapa-pericia-arbitragem-e-atuaria-51-2025#primaryimage"},"image":{"@id":"https:\/\/atividademapa.com\/?product=mapa-pericia-arbitragem-e-atuaria-51-2025#primaryimage"},"thumbnailUrl":"https:\/\/i0.wp.com\/atividademapa.com\/wp-content\/uploads\/2023\/03\/Atividade-M.A.P.A-3.png?fit=300%2C300&ssl=1","datePublished":"2025-04-01T00:30:38+00:00","dateModified":"2025-04-13T12:20:48+00:00","description":"Atividade MAPA Per\u00edcia, Arbitragem e Atu\u00e1ria 51\/2025 &#8902; Unicesumar. Baixe agora mesmo um Mapa Pronto resolvido!","breadcrumb":{"@id":"https:\/\/atividademapa.com\/?product=mapa-pericia-arbitragem-e-atuaria-51-2025#breadcrumb"},"inLanguage":"pt-BR","potentialAction":[{"@type":"ReadAction","target":["https:\/\/atividademapa.com\/?product=mapa-pericia-arbitragem-e-atuaria-51-2025"]}]},{"@type":"ImageObject","inLanguage":"pt-BR","@id":"https:\/\/atividademapa.com\/?product=mapa-pericia-arbitragem-e-atuaria-51-2025#primaryimage","url":"https:\/\/i0.wp.com\/atividademapa.com\/wp-content\/uploads\/2023\/03\/Atividade-M.A.P.A-3.png?fit=300%2C300&ssl=1","contentUrl":"https:\/\/i0.wp.com\/atividademapa.com\/wp-content\/uploads\/2023\/03\/Atividade-M.A.P.A-3.png?fit=300%2C300&ssl=1","width":300,"height":300,"caption":"Mapa Unicesumar Atividade"},{"@type":"BreadcrumbList","@id":"https:\/\/atividademapa.com\/?product=mapa-pericia-arbitragem-e-atuaria-51-2025#breadcrumb","itemListElement":[{"@type":"ListItem","position":1,"name":"In\u00edcio","item":"https:\/\/atividademapa.com\/"},{"@type":"ListItem","position":2,"name":"MAPAS","item":"https:\/\/atividademapa.com\/?page_id=5"},{"@type":"ListItem","position":3,"name":"MAPA Per\u00edcia, Arbitragem e Atu\u00e1ria 51\/2025"}]},{"@type":"WebSite","@id":"https:\/\/atividademapa.com\/#website","url":"https:\/\/atividademapa.com\/","name":"Atividade Mapa","description":"StudeO | Unicesumar","publisher":{"@id":"https:\/\/atividademapa.com\/#organization"},"potentialAction":[{"@type":"SearchAction","target":{"@type":"EntryPoint","urlTemplate":"https:\/\/atividademapa.com\/?s={search_term_string}"},"query-input":{"@type":"PropertyValueSpecification","valueRequired":true,"valueName":"search_term_string"}}],"inLanguage":"pt-BR"},{"@type":"Organization","@id":"https:\/\/atividademapa.com\/#organization","name":"Atividade MAPA","url":"https:\/\/atividademapa.com\/","logo":{"@type":"ImageObject","inLanguage":"pt-BR","@id":"https:\/\/atividademapa.com\/#\/schema\/logo\/image\/","url":"https:\/\/i0.wp.com\/atividademapa.com\/wp-content\/uploads\/2023\/02\/ATIVIDADE.png?fit=600%2C300&ssl=1","contentUrl":"https:\/\/i0.wp.com\/atividademapa.com\/wp-content\/uploads\/2023\/02\/ATIVIDADE.png?fit=600%2C300&ssl=1","width":600,"height":300,"caption":"Atividade MAPA"},"image":{"@id":"https:\/\/atividademapa.com\/#\/schema\/logo\/image\/"}}]}},"_links":{"self":[{"href":"https:\/\/atividademapa.com\/index.php?rest_route=\/wp\/v2\/product\/5453","targetHints":{"allow":["GET"]}}],"collection":[{"href":"https:\/\/atividademapa.com\/index.php?rest_route=\/wp\/v2\/product"}],"about":[{"href":"https:\/\/atividademapa.com\/index.php?rest_route=\/wp\/v2\/types\/product"}],"version-history":[{"count":1,"href":"https:\/\/atividademapa.com\/index.php?rest_route=\/wp\/v2\/product\/5453\/revisions"}],"predecessor-version":[{"id":5454,"href":"https:\/\/atividademapa.com\/index.php?rest_route=\/wp\/v2\/product\/5453\/revisions\/5454"}],"wp:featuredmedia":[{"embeddable":true,"href":"https:\/\/atividademapa.com\/index.php?rest_route=\/wp\/v2\/media\/2326"}],"wp:attachment":[{"href":"https:\/\/atividademapa.com\/index.php?rest_route=%2Fwp%2Fv2%2Fmedia&parent=5453"}],"wp:term":[{"taxonomy":"product_brand","embeddable":true,"href":"https:\/\/atividademapa.com\/index.php?rest_route=%2Fwp%2Fv2%2Fproduct_brand&post=5453"},{"taxonomy":"product_cat","embeddable":true,"href":"https:\/\/atividademapa.com\/index.php?rest_route=%2Fwp%2Fv2%2Fproduct_cat&post=5453"},{"taxonomy":"product_tag","embeddable":true,"href":"https:\/\/atividademapa.com\/index.php?rest_route=%2Fwp%2Fv2%2Fproduct_tag&post=5453"}],"curies":[{"name":"wp","href":"https:\/\/api.w.org\/{rel}","templated":true}]}}