{"id":5487,"date":"2025-04-04T20:56:20","date_gmt":"2025-04-04T23:56:20","guid":{"rendered":"https:\/\/atividademapa.com\/?post_type=product&#038;p=5487"},"modified":"2025-04-04T23:14:14","modified_gmt":"2025-04-05T02:14:14","slug":"mapa-administracao-financeira-e-orcamentaria-51_2025","status":"publish","type":"product","link":"https:\/\/atividademapa.com\/?product=mapa-administracao-financeira-e-orcamentaria-51_2025","title":{"rendered":"MAPA \u2013 Administra\u00e7\u00e3o Financeira e Or\u00e7ament\u00e1ria 51_2025"},"content":{"rendered":"<p>MAPA \u2013 Administra\u00e7\u00e3o Financeira e Or\u00e7ament\u00e1ria 51_2025<\/p>\n<p>Ol\u00e1, estudante!<br \/>\nEsta atividade proposta corresponde ao MAPA, ou seja, uma atividade que tem o objetivo de instigar a interpreta\u00e7\u00e3o da viabilidade de um projeto por meio dos indicadores financeiros em uma situa\u00e7\u00e3o de tomada de decis\u00e3o, utilizando para tanto, a pr\u00e1tica do conte\u00fado da disciplina de Administra\u00e7\u00e3o Financeira e Or\u00e7ament\u00e1ria. Para isso, voc\u00ea precisa cumprir tr\u00eas etapas a saber:<\/p>\n<p>Primeira etapa: LER atentamente o texto de apoio.<br \/>\nSegunda etapa: CONSIDERAR a situa\u00e7\u00e3o-problema e REALIZAR a atividade.<br \/>\nTerceira etapa: ENVIAR a atividade solicitada.<\/p>\n<p>PRIMEIRA ETAPA: LEITURA do texto de apoio<br \/>\nO que \u00e9 um estudo de viabilidade financeira?<br \/>\n\u00c9 a an\u00e1lise de um conjunto de indicadores, informa\u00e7\u00f5es e estimativas cujo resultado indica se uma ideia \u00e9 capaz de se manter de p\u00e9 financeiramente e quanto tempo \u00e9 necess\u00e1rio para isso acontecer. Seja um neg\u00f3cio, um produto ou servi\u00e7o, aponta se o projeto \u00e9 ou n\u00e3o vi\u00e1vel.<br \/>\nEm outras palavras, o estudo de viabilidade financeira responde se o esfor\u00e7o e o investimento necess\u00e1rios para desenvolver determinada ideia s\u00e3o compat\u00edveis com o retorno financeiro que ela trar\u00e1.<br \/>\nTamb\u00e9m chamado de modelagem financeira, trata-se de uma combina\u00e7\u00e3o de an\u00e1lises sobre proje\u00e7\u00e3o de receitas, custos e despesas, para encontrar indicadores como a Taxa Interna de Retorno (TIR). Al\u00e9m disso, ainda \u00e9 preciso estudar o potencial de p\u00fablico-alvo e fazer an\u00e1lises de mercado. Tudo isso resulta em uma an\u00e1lise completa que garante mais seguran\u00e7a \u00e0 companhia e a investidores que apostam naquela iniciativa visando entender se ela vale a pena ou n\u00e3o.<\/p>\n<p>Fonte: https:\/\/www.playstudio.io\/blog\/estudo-de-viabilidade-financeira#:~:text=Seja%20um%20neg%C3%B3cio%2C%20um%20produto,retorno%20financeiro%20que%20ela%20trar%C3%A1. Acesso em: 3 jan. 2024.<\/p>\n<p>SEGUNDA ETAPA: AN\u00c1LISE e RESOLU\u00c7\u00c3O da situa\u00e7\u00e3o-problema<\/p>\n<p>A Climabon \u00e9 uma empresa situada no interior do Paran\u00e1 e est\u00e1 h\u00e1 mais de 25 anos no mercado, trazendo solu\u00e7\u00f5es completas em sistemas de climatiza\u00e7\u00e3o de ambientes e em refrigera\u00e7\u00e3o comercial. A empresa atua com uma vasta gama de produtos como ar condicionado, produtos de refrigera\u00e7\u00e3o comercial, ventila\u00e7\u00e3o, eletroport\u00e1teis, ferramentas e manuten\u00e7\u00e3o. Contudo, a empresa resolveu expandir seu portf\u00f3lio para entregar solu\u00e7\u00e3o completa em energia solar.<br \/>\nDiante disso, a Climabon construiu um Plano de Neg\u00f3cios e reuniu informa\u00e7\u00f5es para projetar o fluxo de caixa desse novo projeto e analisar a sua viabilidade econ\u00f4mico-financeira:<\/p>\n<p>1. Para implantar esse projeto, a empresa necessitar\u00e1 de um investimento inicial de R$ 400.000,00 (projeto mais capital de giro). O custo de capta\u00e7\u00e3o desse valor ser\u00e1 de 14% ao ano, ou seja, essa \u00e9 a taxa de desconto do projeto.<br \/>\n2. A Climabon projetou que no primeiro ano as vendas ser\u00e3o no valor de R$ 520.000,00, e nos anos seguintes as vendas crescer\u00e3o 15% em rela\u00e7\u00e3o ao ano anterior. As vendas ser\u00e3o feitas \u00e0 vista, por meio de financiamento ou cons\u00f3rcio, logo a empresa receber\u00e1 o valor dentro do pr\u00f3prio ano, n\u00e3o havendo saldos a serem recebidos nos anos seguintes.<br \/>\n3. A empresa pagar\u00e1 uma al\u00edquota de imposto de 12% sobre as vendas, sendo o pagamento realizado dentro do mesmo ano das vendas. Al\u00e9m disso, o custo do kit de energia solar (pe\u00e7as do sistema fotovoltaico) representa 20% do valor da venda e a instala\u00e7\u00e3o do projeto representa 10% do valor da venda. Ambos os custos s\u00e3o pagos dentro do ano de realiza\u00e7\u00e3o das vendas, n\u00e3o havendo saldos a serem quitados nos anos seguintes.<br \/>\n4. As Despesas fixas (sal\u00e1rios e encargos, marketing, aluguel, \u00e1gua, energia, entre outras) ser\u00e3o de R$ 220.000,00 no primeiro ano e ter\u00e3o um reajuste de 6% (proje\u00e7\u00e3o da infla\u00e7\u00e3o) nos anos seguintes, sempre em rela\u00e7\u00e3o ao ano anterior. O pagamento \u00e9 feito dentro do ano e n\u00e3o sobrar\u00e1 saldo a ser quitado no ano seguinte.<\/p>\n<p>Com base na situa\u00e7\u00e3o hipot\u00e9tica e nas informa\u00e7\u00f5es apresentada, responda:<\/p>\n<p>a) Construa o fluxo de caixa projetado da Climabon para os pr\u00f3ximos 5 anos.<br \/>\nb) A partir do fluxo de caixa projetado, calcule o Payback (em anos, meses e dias), a Taxa Interna de Retorno (TIR) e o Valor presente L\u00edquido (VPL) do projeto.<br \/>\nc) A partir do c\u00e1lculo da Taxa Interna de Retorno (TIR) e o Valor presente L\u00edquido (VPL), explique se o projeto da Climabon possui viabilidade financeira.<\/p>\n","protected":false},"excerpt":{"rendered":"<p>MAPA \u2013 Administra\u00e7\u00e3o Financeira e Or\u00e7ament\u00e1ria 51_2025 Ol\u00e1, estudante! Esta atividade proposta corresponde ao MAPA, ou seja, uma atividade que<\/p>\n","protected":false},"featured_media":2326,"template":"","meta":{"_monsterinsights_skip_tracking":false,"_monsterinsights_sitenote_active":false,"_monsterinsights_sitenote_note":"","_monsterinsights_sitenote_category":0},"product_brand":[],"product_cat":[46],"product_tag":[],"class_list":{"0":"post-5487","1":"product","2":"type-product","3":"status-publish","4":"has-post-thumbnail","6":"product_cat-ciencias-contabeis","8":"first","9":"instock","10":"downloadable","11":"virtual","12":"purchasable","13":"product-type-simple"},"yoast_head":"<!-- This site is optimized with the Yoast SEO plugin v27.4 - https:\/\/yoast.com\/product\/yoast-seo-wordpress\/ -->\n<title>MAPA \u2013 Administra\u00e7\u00e3o Financeira e Or\u00e7ament\u00e1ria 51_2025<\/title>\n<meta name=\"description\" content=\"Atividade MAPA \u2013 Administra\u00e7\u00e3o Financeira e Or\u00e7ament\u00e1ria 51_2025 &#8902; Unicesumar. Baixe agora mesmo um Mapa Pronto resolvido!\" \/>\n<meta name=\"robots\" content=\"index, follow, max-snippet:-1, max-image-preview:large, max-video-preview:-1\" \/>\n<link rel=\"canonical\" href=\"https:\/\/atividademapa.com\/?product=mapa-administracao-financeira-e-orcamentaria-51_2025\" \/>\n<meta property=\"og:locale\" content=\"pt_BR\" \/>\n<meta property=\"og:type\" content=\"article\" \/>\n<meta property=\"og:title\" content=\"MAPA \u2013 Administra\u00e7\u00e3o Financeira e Or\u00e7ament\u00e1ria 51_2025\" \/>\n<meta property=\"og:description\" content=\"Atividade MAPA \u2013 Administra\u00e7\u00e3o Financeira e Or\u00e7ament\u00e1ria 51_2025 &#8902; Unicesumar. Baixe agora mesmo um Mapa Pronto resolvido!\" \/>\n<meta property=\"og:url\" content=\"https:\/\/atividademapa.com\/?product=mapa-administracao-financeira-e-orcamentaria-51_2025\" \/>\n<meta property=\"og:site_name\" content=\"Atividade Mapa\" \/>\n<meta property=\"article:modified_time\" content=\"2025-04-05T02:14:14+00:00\" \/>\n<meta property=\"og:image\" content=\"https:\/\/i0.wp.com\/atividademapa.com\/wp-content\/uploads\/2023\/03\/Atividade-M.A.P.A-3.png?fit=300%2C300&ssl=1\" \/>\n\t<meta property=\"og:image:width\" content=\"300\" \/>\n\t<meta property=\"og:image:height\" content=\"300\" \/>\n\t<meta property=\"og:image:type\" content=\"image\/png\" \/>\n<meta name=\"twitter:card\" content=\"summary_large_image\" \/>\n<meta name=\"twitter:label1\" content=\"Est. tempo de leitura\" \/>\n\t<meta name=\"twitter:data1\" content=\"4 minutos\" \/>\n<script type=\"application\/ld+json\" class=\"yoast-schema-graph\">{\"@context\":\"https:\\\/\\\/schema.org\",\"@graph\":[{\"@type\":\"WebPage\",\"@id\":\"https:\\\/\\\/atividademapa.com\\\/?product=mapa-administracao-financeira-e-orcamentaria-51_2025\",\"url\":\"https:\\\/\\\/atividademapa.com\\\/?product=mapa-administracao-financeira-e-orcamentaria-51_2025\",\"name\":\"MAPA \u2013 Administra\u00e7\u00e3o Financeira e Or\u00e7ament\u00e1ria 51_2025\",\"isPartOf\":{\"@id\":\"https:\\\/\\\/atividademapa.com\\\/#website\"},\"primaryImageOfPage\":{\"@id\":\"https:\\\/\\\/atividademapa.com\\\/?product=mapa-administracao-financeira-e-orcamentaria-51_2025#primaryimage\"},\"image\":{\"@id\":\"https:\\\/\\\/atividademapa.com\\\/?product=mapa-administracao-financeira-e-orcamentaria-51_2025#primaryimage\"},\"thumbnailUrl\":\"https:\\\/\\\/i0.wp.com\\\/atividademapa.com\\\/wp-content\\\/uploads\\\/2023\\\/03\\\/Atividade-M.A.P.A-3.png?fit=300%2C300&ssl=1\",\"datePublished\":\"2025-04-04T23:56:20+00:00\",\"dateModified\":\"2025-04-05T02:14:14+00:00\",\"description\":\"Atividade MAPA \u2013 Administra\u00e7\u00e3o Financeira e Or\u00e7ament\u00e1ria 51_2025 &#8902; Unicesumar. Baixe agora mesmo um Mapa Pronto resolvido!\",\"breadcrumb\":{\"@id\":\"https:\\\/\\\/atividademapa.com\\\/?product=mapa-administracao-financeira-e-orcamentaria-51_2025#breadcrumb\"},\"inLanguage\":\"pt-BR\",\"potentialAction\":[{\"@type\":\"ReadAction\",\"target\":[\"https:\\\/\\\/atividademapa.com\\\/?product=mapa-administracao-financeira-e-orcamentaria-51_2025\"]}]},{\"@type\":\"ImageObject\",\"inLanguage\":\"pt-BR\",\"@id\":\"https:\\\/\\\/atividademapa.com\\\/?product=mapa-administracao-financeira-e-orcamentaria-51_2025#primaryimage\",\"url\":\"https:\\\/\\\/i0.wp.com\\\/atividademapa.com\\\/wp-content\\\/uploads\\\/2023\\\/03\\\/Atividade-M.A.P.A-3.png?fit=300%2C300&ssl=1\",\"contentUrl\":\"https:\\\/\\\/i0.wp.com\\\/atividademapa.com\\\/wp-content\\\/uploads\\\/2023\\\/03\\\/Atividade-M.A.P.A-3.png?fit=300%2C300&ssl=1\",\"width\":300,\"height\":300,\"caption\":\"Mapa Unicesumar Atividade\"},{\"@type\":\"BreadcrumbList\",\"@id\":\"https:\\\/\\\/atividademapa.com\\\/?product=mapa-administracao-financeira-e-orcamentaria-51_2025#breadcrumb\",\"itemListElement\":[{\"@type\":\"ListItem\",\"position\":1,\"name\":\"In\u00edcio\",\"item\":\"https:\\\/\\\/atividademapa.com\\\/\"},{\"@type\":\"ListItem\",\"position\":2,\"name\":\"MAPAS\",\"item\":\"https:\\\/\\\/atividademapa.com\\\/?page_id=5\"},{\"@type\":\"ListItem\",\"position\":3,\"name\":\"MAPA \u2013 Administra\u00e7\u00e3o Financeira e Or\u00e7ament\u00e1ria 51_2025\"}]},{\"@type\":\"WebSite\",\"@id\":\"https:\\\/\\\/atividademapa.com\\\/#website\",\"url\":\"https:\\\/\\\/atividademapa.com\\\/\",\"name\":\"Atividade Mapa\",\"description\":\"StudeO | Unicesumar\",\"publisher\":{\"@id\":\"https:\\\/\\\/atividademapa.com\\\/#organization\"},\"potentialAction\":[{\"@type\":\"SearchAction\",\"target\":{\"@type\":\"EntryPoint\",\"urlTemplate\":\"https:\\\/\\\/atividademapa.com\\\/?s={search_term_string}\"},\"query-input\":{\"@type\":\"PropertyValueSpecification\",\"valueRequired\":true,\"valueName\":\"search_term_string\"}}],\"inLanguage\":\"pt-BR\"},{\"@type\":\"Organization\",\"@id\":\"https:\\\/\\\/atividademapa.com\\\/#organization\",\"name\":\"Atividade MAPA\",\"url\":\"https:\\\/\\\/atividademapa.com\\\/\",\"logo\":{\"@type\":\"ImageObject\",\"inLanguage\":\"pt-BR\",\"@id\":\"https:\\\/\\\/atividademapa.com\\\/#\\\/schema\\\/logo\\\/image\\\/\",\"url\":\"https:\\\/\\\/i0.wp.com\\\/atividademapa.com\\\/wp-content\\\/uploads\\\/2023\\\/02\\\/ATIVIDADE.png?fit=600%2C300&ssl=1\",\"contentUrl\":\"https:\\\/\\\/i0.wp.com\\\/atividademapa.com\\\/wp-content\\\/uploads\\\/2023\\\/02\\\/ATIVIDADE.png?fit=600%2C300&ssl=1\",\"width\":600,\"height\":300,\"caption\":\"Atividade MAPA\"},\"image\":{\"@id\":\"https:\\\/\\\/atividademapa.com\\\/#\\\/schema\\\/logo\\\/image\\\/\"}}]}<\/script>\n<!-- \/ Yoast SEO plugin. -->","yoast_head_json":{"title":"MAPA \u2013 Administra\u00e7\u00e3o Financeira e Or\u00e7ament\u00e1ria 51_2025","description":"Atividade MAPA \u2013 Administra\u00e7\u00e3o Financeira e Or\u00e7ament\u00e1ria 51_2025 &#8902; Unicesumar. Baixe agora mesmo um Mapa Pronto resolvido!","robots":{"index":"index","follow":"follow","max-snippet":"max-snippet:-1","max-image-preview":"max-image-preview:large","max-video-preview":"max-video-preview:-1"},"canonical":"https:\/\/atividademapa.com\/?product=mapa-administracao-financeira-e-orcamentaria-51_2025","og_locale":"pt_BR","og_type":"article","og_title":"MAPA \u2013 Administra\u00e7\u00e3o Financeira e Or\u00e7ament\u00e1ria 51_2025","og_description":"Atividade MAPA \u2013 Administra\u00e7\u00e3o Financeira e Or\u00e7ament\u00e1ria 51_2025 &#8902; Unicesumar. Baixe agora mesmo um Mapa Pronto resolvido!","og_url":"https:\/\/atividademapa.com\/?product=mapa-administracao-financeira-e-orcamentaria-51_2025","og_site_name":"Atividade Mapa","article_modified_time":"2025-04-05T02:14:14+00:00","og_image":[{"width":300,"height":300,"url":"https:\/\/i0.wp.com\/atividademapa.com\/wp-content\/uploads\/2023\/03\/Atividade-M.A.P.A-3.png?fit=300%2C300&ssl=1","type":"image\/png"}],"twitter_card":"summary_large_image","twitter_misc":{"Est. tempo de leitura":"4 minutos"},"schema":{"@context":"https:\/\/schema.org","@graph":[{"@type":"WebPage","@id":"https:\/\/atividademapa.com\/?product=mapa-administracao-financeira-e-orcamentaria-51_2025","url":"https:\/\/atividademapa.com\/?product=mapa-administracao-financeira-e-orcamentaria-51_2025","name":"MAPA \u2013 Administra\u00e7\u00e3o Financeira e Or\u00e7ament\u00e1ria 51_2025","isPartOf":{"@id":"https:\/\/atividademapa.com\/#website"},"primaryImageOfPage":{"@id":"https:\/\/atividademapa.com\/?product=mapa-administracao-financeira-e-orcamentaria-51_2025#primaryimage"},"image":{"@id":"https:\/\/atividademapa.com\/?product=mapa-administracao-financeira-e-orcamentaria-51_2025#primaryimage"},"thumbnailUrl":"https:\/\/i0.wp.com\/atividademapa.com\/wp-content\/uploads\/2023\/03\/Atividade-M.A.P.A-3.png?fit=300%2C300&ssl=1","datePublished":"2025-04-04T23:56:20+00:00","dateModified":"2025-04-05T02:14:14+00:00","description":"Atividade MAPA \u2013 Administra\u00e7\u00e3o Financeira e Or\u00e7ament\u00e1ria 51_2025 &#8902; Unicesumar. Baixe agora mesmo um Mapa Pronto resolvido!","breadcrumb":{"@id":"https:\/\/atividademapa.com\/?product=mapa-administracao-financeira-e-orcamentaria-51_2025#breadcrumb"},"inLanguage":"pt-BR","potentialAction":[{"@type":"ReadAction","target":["https:\/\/atividademapa.com\/?product=mapa-administracao-financeira-e-orcamentaria-51_2025"]}]},{"@type":"ImageObject","inLanguage":"pt-BR","@id":"https:\/\/atividademapa.com\/?product=mapa-administracao-financeira-e-orcamentaria-51_2025#primaryimage","url":"https:\/\/i0.wp.com\/atividademapa.com\/wp-content\/uploads\/2023\/03\/Atividade-M.A.P.A-3.png?fit=300%2C300&ssl=1","contentUrl":"https:\/\/i0.wp.com\/atividademapa.com\/wp-content\/uploads\/2023\/03\/Atividade-M.A.P.A-3.png?fit=300%2C300&ssl=1","width":300,"height":300,"caption":"Mapa Unicesumar Atividade"},{"@type":"BreadcrumbList","@id":"https:\/\/atividademapa.com\/?product=mapa-administracao-financeira-e-orcamentaria-51_2025#breadcrumb","itemListElement":[{"@type":"ListItem","position":1,"name":"In\u00edcio","item":"https:\/\/atividademapa.com\/"},{"@type":"ListItem","position":2,"name":"MAPAS","item":"https:\/\/atividademapa.com\/?page_id=5"},{"@type":"ListItem","position":3,"name":"MAPA \u2013 Administra\u00e7\u00e3o Financeira e Or\u00e7ament\u00e1ria 51_2025"}]},{"@type":"WebSite","@id":"https:\/\/atividademapa.com\/#website","url":"https:\/\/atividademapa.com\/","name":"Atividade Mapa","description":"StudeO | Unicesumar","publisher":{"@id":"https:\/\/atividademapa.com\/#organization"},"potentialAction":[{"@type":"SearchAction","target":{"@type":"EntryPoint","urlTemplate":"https:\/\/atividademapa.com\/?s={search_term_string}"},"query-input":{"@type":"PropertyValueSpecification","valueRequired":true,"valueName":"search_term_string"}}],"inLanguage":"pt-BR"},{"@type":"Organization","@id":"https:\/\/atividademapa.com\/#organization","name":"Atividade MAPA","url":"https:\/\/atividademapa.com\/","logo":{"@type":"ImageObject","inLanguage":"pt-BR","@id":"https:\/\/atividademapa.com\/#\/schema\/logo\/image\/","url":"https:\/\/i0.wp.com\/atividademapa.com\/wp-content\/uploads\/2023\/02\/ATIVIDADE.png?fit=600%2C300&ssl=1","contentUrl":"https:\/\/i0.wp.com\/atividademapa.com\/wp-content\/uploads\/2023\/02\/ATIVIDADE.png?fit=600%2C300&ssl=1","width":600,"height":300,"caption":"Atividade MAPA"},"image":{"@id":"https:\/\/atividademapa.com\/#\/schema\/logo\/image\/"}}]}},"_links":{"self":[{"href":"https:\/\/atividademapa.com\/index.php?rest_route=\/wp\/v2\/product\/5487","targetHints":{"allow":["GET"]}}],"collection":[{"href":"https:\/\/atividademapa.com\/index.php?rest_route=\/wp\/v2\/product"}],"about":[{"href":"https:\/\/atividademapa.com\/index.php?rest_route=\/wp\/v2\/types\/product"}],"version-history":[{"count":1,"href":"https:\/\/atividademapa.com\/index.php?rest_route=\/wp\/v2\/product\/5487\/revisions"}],"predecessor-version":[{"id":5489,"href":"https:\/\/atividademapa.com\/index.php?rest_route=\/wp\/v2\/product\/5487\/revisions\/5489"}],"wp:featuredmedia":[{"embeddable":true,"href":"https:\/\/atividademapa.com\/index.php?rest_route=\/wp\/v2\/media\/2326"}],"wp:attachment":[{"href":"https:\/\/atividademapa.com\/index.php?rest_route=%2Fwp%2Fv2%2Fmedia&parent=5487"}],"wp:term":[{"taxonomy":"product_brand","embeddable":true,"href":"https:\/\/atividademapa.com\/index.php?rest_route=%2Fwp%2Fv2%2Fproduct_brand&post=5487"},{"taxonomy":"product_cat","embeddable":true,"href":"https:\/\/atividademapa.com\/index.php?rest_route=%2Fwp%2Fv2%2Fproduct_cat&post=5487"},{"taxonomy":"product_tag","embeddable":true,"href":"https:\/\/atividademapa.com\/index.php?rest_route=%2Fwp%2Fv2%2Fproduct_tag&post=5487"}],"curies":[{"name":"wp","href":"https:\/\/api.w.org\/{rel}","templated":true}]}}