{"id":5504,"date":"2025-04-05T12:05:04","date_gmt":"2025-04-05T15:05:04","guid":{"rendered":"https:\/\/atividademapa.com\/?post_type=product&#038;p=5504"},"modified":"2025-04-05T12:05:05","modified_gmt":"2025-04-05T15:05:05","slug":"atividade-1-bio-hematologia-clinica-51_2025","status":"publish","type":"product","link":"https:\/\/atividademapa.com\/?product=atividade-1-bio-hematologia-clinica-51_2025","title":{"rendered":"ATIVIDADE 1 &#8211; BIO &#8211; HEMATOLOGIA CL\u00cdNICA &#8211; 51_2025"},"content":{"rendered":"<p>Uma paciente de 45 anos, cabelereira, procura atendimento m\u00e9dico para a realiza\u00e7\u00e3o de exames de rotina. Por\u00e9m, a paciente apresenta queixas de palidez, taquicardia, fadiga progressiva e cansa\u00e7o. Relata alimenta\u00e7\u00e3o irregular, com baixa ingest\u00e3o de alimentos de origem animal e aus\u00eancia de ingest\u00e3o de suplementos vitam\u00ednicos. Para investiga\u00e7\u00e3o diagn\u00f3stica o m\u00e9dico solicitou a realiza\u00e7\u00e3o de exames como hemograma, reticul\u00f3citos entre outros. A coleta do sangue foi realizada com agulha e seringa e durante a pun\u00e7\u00e3o sangu\u00ednea, o profissional respons\u00e1vel pelo procedimento cometeu as seguintes falhas:<br class=\"ng-scope\" \/><br class=\"ng-scope\" \/>&#8211; O garrote foi mantido durante toda a coleta, o que levou a um tempo prolongado de estase venosa;<br class=\"ng-scope\" \/>&#8211; O \u00eambolo da seringa foi puxado com for\u00e7a durante a pun\u00e7\u00e3o sangu\u00ednea;<br class=\"ng-scope\" \/><br class=\"ng-scope\" \/>O hemograma apresentou os seguintes resultados:<br class=\"ng-scope\" \/><br class=\"ng-scope\" \/>Hemoglobina: 11 g\/dL (12-16 g\/dL)<br class=\"ng-scope\" \/>VCM: 85 fL (80-100 fL)<br class=\"ng-scope\" \/>HCM: 30 pg (27-31 pg)<br class=\"ng-scope\" \/>CHCM: 34g\/dL (32-36 g\/dL)<br class=\"ng-scope\" \/>Leuc\u00f3citos: 9.500\/\u00b5L (4.000-11.000\/\u00b5L)<br class=\"ng-scope\" \/>Segmentados: 69%<br class=\"ng-scope\" \/>Bastonetes: 6%<br class=\"ng-scope\" \/>Linf\u00f3citos: 16%<br class=\"ng-scope\" \/>Mon\u00f3citos: 7%<br class=\"ng-scope\" \/>Eosin\u00f3filos: 2%<br class=\"ng-scope\" \/><strong class=\"ng-scope\">Plaquetas:<\/strong>\u00a0163.000\/\u00b5L (150.000-400.000\/\u00b5L)<br class=\"ng-scope\" \/><br class=\"ng-scope\" \/>Fonte: elaborado pelo professor.<br class=\"ng-scope\" \/><br class=\"ng-scope\" \/><strong class=\"ng-scope\">Quest\u00f5es para discuss\u00e3o:<\/strong><br class=\"ng-scope\" \/><br class=\"ng-scope\" \/>1. ESCLARE\u00c7A como os erros cometidos durante a coleta do sangue podem interferir no resultado do exame hemograma e quais os resultados que podem ser alterados.<br class=\"ng-scope\" \/><br class=\"ng-scope\" \/>2.\u00a0JUSTIFIQUE como a defici\u00eancia de ferro, de vitamina B12\/\u00e1cido f\u00f3lico e de eritropoietina podem influenciar na quantidade de mol\u00e9culas de hemoglobina.\u00a0<br class=\"ng-scope\" \/>\u200b<br class=\"ng-scope\" \/>3.O exame de hemograma inclui os resultados dos \u00edndices hematim\u00e9tricos, como VCM, HCM e CHCM. Em rela\u00e7\u00e3o aos \u00edndices, DESCREVA o que cada sigla significa, EXPLICANDO quais caracter\u00edsticas dos eritr\u00f3citos cada um avalia.<\/p>\n","protected":false},"excerpt":{"rendered":"<p>Uma paciente de 45 anos, cabelereira, procura atendimento m\u00e9dico para a realiza\u00e7\u00e3o de exames de rotina. Por\u00e9m, a paciente apresenta<\/p>\n","protected":false},"featured_media":2326,"template":"","meta":{"_monsterinsights_skip_tracking":false,"_monsterinsights_sitenote_active":false,"_monsterinsights_sitenote_note":"","_monsterinsights_sitenote_category":0},"product_brand":[],"product_cat":[58],"product_tag":[],"class_list":{"0":"post-5504","1":"product","2":"type-product","3":"status-publish","4":"has-post-thumbnail","6":"product_cat-biomedicina","8":"first","9":"instock","10":"downloadable","11":"virtual","12":"purchasable","13":"product-type-simple"},"yoast_head":"<!-- This site is optimized with the Yoast SEO plugin v27.4 - https:\/\/yoast.com\/product\/yoast-seo-wordpress\/ -->\n<title>ATIVIDADE 1 - BIO - HEMATOLOGIA CL\u00cdNICA - 51_2025<\/title>\n<meta name=\"description\" content=\"Atividade ATIVIDADE 1 - BIO - HEMATOLOGIA CL\u00cdNICA - 51_2025 &#8902; Unicesumar. Baixe agora mesmo um Mapa Pronto resolvido!\" \/>\n<meta name=\"robots\" content=\"index, follow, max-snippet:-1, max-image-preview:large, max-video-preview:-1\" \/>\n<link rel=\"canonical\" href=\"https:\/\/atividademapa.com\/?product=atividade-1-bio-hematologia-clinica-51_2025\" \/>\n<meta property=\"og:locale\" content=\"pt_BR\" \/>\n<meta property=\"og:type\" content=\"article\" \/>\n<meta property=\"og:title\" content=\"ATIVIDADE 1 - BIO - HEMATOLOGIA CL\u00cdNICA - 51_2025\" \/>\n<meta property=\"og:description\" content=\"Atividade ATIVIDADE 1 - BIO - HEMATOLOGIA CL\u00cdNICA - 51_2025 &#8902; Unicesumar. Baixe agora mesmo um Mapa Pronto resolvido!\" \/>\n<meta property=\"og:url\" content=\"https:\/\/atividademapa.com\/?product=atividade-1-bio-hematologia-clinica-51_2025\" \/>\n<meta property=\"og:site_name\" content=\"Atividade Mapa\" \/>\n<meta property=\"article:modified_time\" content=\"2025-04-05T15:05:05+00:00\" \/>\n<meta property=\"og:image\" content=\"https:\/\/i0.wp.com\/atividademapa.com\/wp-content\/uploads\/2023\/03\/Atividade-M.A.P.A-3.png?fit=300%2C300&ssl=1\" \/>\n\t<meta property=\"og:image:width\" content=\"300\" \/>\n\t<meta property=\"og:image:height\" content=\"300\" \/>\n\t<meta property=\"og:image:type\" content=\"image\/png\" \/>\n<meta name=\"twitter:card\" content=\"summary_large_image\" \/>\n<meta name=\"twitter:label1\" content=\"Est. tempo de leitura\" \/>\n\t<meta name=\"twitter:data1\" content=\"1 minuto\" \/>\n<script type=\"application\/ld+json\" class=\"yoast-schema-graph\">{\"@context\":\"https:\\\/\\\/schema.org\",\"@graph\":[{\"@type\":\"WebPage\",\"@id\":\"https:\\\/\\\/atividademapa.com\\\/?product=atividade-1-bio-hematologia-clinica-51_2025\",\"url\":\"https:\\\/\\\/atividademapa.com\\\/?product=atividade-1-bio-hematologia-clinica-51_2025\",\"name\":\"ATIVIDADE 1 - BIO - HEMATOLOGIA CL\u00cdNICA - 51_2025\",\"isPartOf\":{\"@id\":\"https:\\\/\\\/atividademapa.com\\\/#website\"},\"primaryImageOfPage\":{\"@id\":\"https:\\\/\\\/atividademapa.com\\\/?product=atividade-1-bio-hematologia-clinica-51_2025#primaryimage\"},\"image\":{\"@id\":\"https:\\\/\\\/atividademapa.com\\\/?product=atividade-1-bio-hematologia-clinica-51_2025#primaryimage\"},\"thumbnailUrl\":\"https:\\\/\\\/i0.wp.com\\\/atividademapa.com\\\/wp-content\\\/uploads\\\/2023\\\/03\\\/Atividade-M.A.P.A-3.png?fit=300%2C300&ssl=1\",\"datePublished\":\"2025-04-05T15:05:04+00:00\",\"dateModified\":\"2025-04-05T15:05:05+00:00\",\"description\":\"Atividade ATIVIDADE 1 - BIO - HEMATOLOGIA CL\u00cdNICA - 51_2025 &#8902; Unicesumar. Baixe agora mesmo um Mapa Pronto resolvido!\",\"breadcrumb\":{\"@id\":\"https:\\\/\\\/atividademapa.com\\\/?product=atividade-1-bio-hematologia-clinica-51_2025#breadcrumb\"},\"inLanguage\":\"pt-BR\",\"potentialAction\":[{\"@type\":\"ReadAction\",\"target\":[\"https:\\\/\\\/atividademapa.com\\\/?product=atividade-1-bio-hematologia-clinica-51_2025\"]}]},{\"@type\":\"ImageObject\",\"inLanguage\":\"pt-BR\",\"@id\":\"https:\\\/\\\/atividademapa.com\\\/?product=atividade-1-bio-hematologia-clinica-51_2025#primaryimage\",\"url\":\"https:\\\/\\\/i0.wp.com\\\/atividademapa.com\\\/wp-content\\\/uploads\\\/2023\\\/03\\\/Atividade-M.A.P.A-3.png?fit=300%2C300&ssl=1\",\"contentUrl\":\"https:\\\/\\\/i0.wp.com\\\/atividademapa.com\\\/wp-content\\\/uploads\\\/2023\\\/03\\\/Atividade-M.A.P.A-3.png?fit=300%2C300&ssl=1\",\"width\":300,\"height\":300,\"caption\":\"Mapa Unicesumar Atividade\"},{\"@type\":\"BreadcrumbList\",\"@id\":\"https:\\\/\\\/atividademapa.com\\\/?product=atividade-1-bio-hematologia-clinica-51_2025#breadcrumb\",\"itemListElement\":[{\"@type\":\"ListItem\",\"position\":1,\"name\":\"In\u00edcio\",\"item\":\"https:\\\/\\\/atividademapa.com\\\/\"},{\"@type\":\"ListItem\",\"position\":2,\"name\":\"MAPAS\",\"item\":\"https:\\\/\\\/atividademapa.com\\\/?page_id=5\"},{\"@type\":\"ListItem\",\"position\":3,\"name\":\"ATIVIDADE 1 &#8211; BIO &#8211; HEMATOLOGIA CL\u00cdNICA &#8211; 51_2025\"}]},{\"@type\":\"WebSite\",\"@id\":\"https:\\\/\\\/atividademapa.com\\\/#website\",\"url\":\"https:\\\/\\\/atividademapa.com\\\/\",\"name\":\"Atividade Mapa\",\"description\":\"StudeO | Unicesumar\",\"publisher\":{\"@id\":\"https:\\\/\\\/atividademapa.com\\\/#organization\"},\"potentialAction\":[{\"@type\":\"SearchAction\",\"target\":{\"@type\":\"EntryPoint\",\"urlTemplate\":\"https:\\\/\\\/atividademapa.com\\\/?s={search_term_string}\"},\"query-input\":{\"@type\":\"PropertyValueSpecification\",\"valueRequired\":true,\"valueName\":\"search_term_string\"}}],\"inLanguage\":\"pt-BR\"},{\"@type\":\"Organization\",\"@id\":\"https:\\\/\\\/atividademapa.com\\\/#organization\",\"name\":\"Atividade MAPA\",\"url\":\"https:\\\/\\\/atividademapa.com\\\/\",\"logo\":{\"@type\":\"ImageObject\",\"inLanguage\":\"pt-BR\",\"@id\":\"https:\\\/\\\/atividademapa.com\\\/#\\\/schema\\\/logo\\\/image\\\/\",\"url\":\"https:\\\/\\\/i0.wp.com\\\/atividademapa.com\\\/wp-content\\\/uploads\\\/2023\\\/02\\\/ATIVIDADE.png?fit=600%2C300&ssl=1\",\"contentUrl\":\"https:\\\/\\\/i0.wp.com\\\/atividademapa.com\\\/wp-content\\\/uploads\\\/2023\\\/02\\\/ATIVIDADE.png?fit=600%2C300&ssl=1\",\"width\":600,\"height\":300,\"caption\":\"Atividade MAPA\"},\"image\":{\"@id\":\"https:\\\/\\\/atividademapa.com\\\/#\\\/schema\\\/logo\\\/image\\\/\"}}]}<\/script>\n<!-- \/ Yoast SEO plugin. -->","yoast_head_json":{"title":"ATIVIDADE 1 - BIO - HEMATOLOGIA CL\u00cdNICA - 51_2025","description":"Atividade ATIVIDADE 1 - BIO - HEMATOLOGIA CL\u00cdNICA - 51_2025 &#8902; Unicesumar. Baixe agora mesmo um Mapa Pronto resolvido!","robots":{"index":"index","follow":"follow","max-snippet":"max-snippet:-1","max-image-preview":"max-image-preview:large","max-video-preview":"max-video-preview:-1"},"canonical":"https:\/\/atividademapa.com\/?product=atividade-1-bio-hematologia-clinica-51_2025","og_locale":"pt_BR","og_type":"article","og_title":"ATIVIDADE 1 - BIO - HEMATOLOGIA CL\u00cdNICA - 51_2025","og_description":"Atividade ATIVIDADE 1 - BIO - HEMATOLOGIA CL\u00cdNICA - 51_2025 &#8902; Unicesumar. Baixe agora mesmo um Mapa Pronto resolvido!","og_url":"https:\/\/atividademapa.com\/?product=atividade-1-bio-hematologia-clinica-51_2025","og_site_name":"Atividade Mapa","article_modified_time":"2025-04-05T15:05:05+00:00","og_image":[{"width":300,"height":300,"url":"https:\/\/i0.wp.com\/atividademapa.com\/wp-content\/uploads\/2023\/03\/Atividade-M.A.P.A-3.png?fit=300%2C300&ssl=1","type":"image\/png"}],"twitter_card":"summary_large_image","twitter_misc":{"Est. tempo de leitura":"1 minuto"},"schema":{"@context":"https:\/\/schema.org","@graph":[{"@type":"WebPage","@id":"https:\/\/atividademapa.com\/?product=atividade-1-bio-hematologia-clinica-51_2025","url":"https:\/\/atividademapa.com\/?product=atividade-1-bio-hematologia-clinica-51_2025","name":"ATIVIDADE 1 - BIO - HEMATOLOGIA CL\u00cdNICA - 51_2025","isPartOf":{"@id":"https:\/\/atividademapa.com\/#website"},"primaryImageOfPage":{"@id":"https:\/\/atividademapa.com\/?product=atividade-1-bio-hematologia-clinica-51_2025#primaryimage"},"image":{"@id":"https:\/\/atividademapa.com\/?product=atividade-1-bio-hematologia-clinica-51_2025#primaryimage"},"thumbnailUrl":"https:\/\/i0.wp.com\/atividademapa.com\/wp-content\/uploads\/2023\/03\/Atividade-M.A.P.A-3.png?fit=300%2C300&ssl=1","datePublished":"2025-04-05T15:05:04+00:00","dateModified":"2025-04-05T15:05:05+00:00","description":"Atividade ATIVIDADE 1 - BIO - HEMATOLOGIA CL\u00cdNICA - 51_2025 &#8902; Unicesumar. Baixe agora mesmo um Mapa Pronto resolvido!","breadcrumb":{"@id":"https:\/\/atividademapa.com\/?product=atividade-1-bio-hematologia-clinica-51_2025#breadcrumb"},"inLanguage":"pt-BR","potentialAction":[{"@type":"ReadAction","target":["https:\/\/atividademapa.com\/?product=atividade-1-bio-hematologia-clinica-51_2025"]}]},{"@type":"ImageObject","inLanguage":"pt-BR","@id":"https:\/\/atividademapa.com\/?product=atividade-1-bio-hematologia-clinica-51_2025#primaryimage","url":"https:\/\/i0.wp.com\/atividademapa.com\/wp-content\/uploads\/2023\/03\/Atividade-M.A.P.A-3.png?fit=300%2C300&ssl=1","contentUrl":"https:\/\/i0.wp.com\/atividademapa.com\/wp-content\/uploads\/2023\/03\/Atividade-M.A.P.A-3.png?fit=300%2C300&ssl=1","width":300,"height":300,"caption":"Mapa Unicesumar Atividade"},{"@type":"BreadcrumbList","@id":"https:\/\/atividademapa.com\/?product=atividade-1-bio-hematologia-clinica-51_2025#breadcrumb","itemListElement":[{"@type":"ListItem","position":1,"name":"In\u00edcio","item":"https:\/\/atividademapa.com\/"},{"@type":"ListItem","position":2,"name":"MAPAS","item":"https:\/\/atividademapa.com\/?page_id=5"},{"@type":"ListItem","position":3,"name":"ATIVIDADE 1 &#8211; BIO &#8211; HEMATOLOGIA CL\u00cdNICA &#8211; 51_2025"}]},{"@type":"WebSite","@id":"https:\/\/atividademapa.com\/#website","url":"https:\/\/atividademapa.com\/","name":"Atividade Mapa","description":"StudeO | Unicesumar","publisher":{"@id":"https:\/\/atividademapa.com\/#organization"},"potentialAction":[{"@type":"SearchAction","target":{"@type":"EntryPoint","urlTemplate":"https:\/\/atividademapa.com\/?s={search_term_string}"},"query-input":{"@type":"PropertyValueSpecification","valueRequired":true,"valueName":"search_term_string"}}],"inLanguage":"pt-BR"},{"@type":"Organization","@id":"https:\/\/atividademapa.com\/#organization","name":"Atividade MAPA","url":"https:\/\/atividademapa.com\/","logo":{"@type":"ImageObject","inLanguage":"pt-BR","@id":"https:\/\/atividademapa.com\/#\/schema\/logo\/image\/","url":"https:\/\/i0.wp.com\/atividademapa.com\/wp-content\/uploads\/2023\/02\/ATIVIDADE.png?fit=600%2C300&ssl=1","contentUrl":"https:\/\/i0.wp.com\/atividademapa.com\/wp-content\/uploads\/2023\/02\/ATIVIDADE.png?fit=600%2C300&ssl=1","width":600,"height":300,"caption":"Atividade MAPA"},"image":{"@id":"https:\/\/atividademapa.com\/#\/schema\/logo\/image\/"}}]}},"_links":{"self":[{"href":"https:\/\/atividademapa.com\/index.php?rest_route=\/wp\/v2\/product\/5504","targetHints":{"allow":["GET"]}}],"collection":[{"href":"https:\/\/atividademapa.com\/index.php?rest_route=\/wp\/v2\/product"}],"about":[{"href":"https:\/\/atividademapa.com\/index.php?rest_route=\/wp\/v2\/types\/product"}],"version-history":[{"count":1,"href":"https:\/\/atividademapa.com\/index.php?rest_route=\/wp\/v2\/product\/5504\/revisions"}],"predecessor-version":[{"id":5506,"href":"https:\/\/atividademapa.com\/index.php?rest_route=\/wp\/v2\/product\/5504\/revisions\/5506"}],"wp:featuredmedia":[{"embeddable":true,"href":"https:\/\/atividademapa.com\/index.php?rest_route=\/wp\/v2\/media\/2326"}],"wp:attachment":[{"href":"https:\/\/atividademapa.com\/index.php?rest_route=%2Fwp%2Fv2%2Fmedia&parent=5504"}],"wp:term":[{"taxonomy":"product_brand","embeddable":true,"href":"https:\/\/atividademapa.com\/index.php?rest_route=%2Fwp%2Fv2%2Fproduct_brand&post=5504"},{"taxonomy":"product_cat","embeddable":true,"href":"https:\/\/atividademapa.com\/index.php?rest_route=%2Fwp%2Fv2%2Fproduct_cat&post=5504"},{"taxonomy":"product_tag","embeddable":true,"href":"https:\/\/atividademapa.com\/index.php?rest_route=%2Fwp%2Fv2%2Fproduct_tag&post=5504"}],"curies":[{"name":"wp","href":"https:\/\/api.w.org\/{rel}","templated":true}]}}