{"id":5507,"date":"2025-04-05T12:19:23","date_gmt":"2025-04-05T15:19:23","guid":{"rendered":"https:\/\/atividademapa.com\/?post_type=product&#038;p=5507"},"modified":"2025-04-05T12:19:24","modified_gmt":"2025-04-05T15:19:24","slug":"atividade-1-bio-bioquimica-clinica-51_2025","status":"publish","type":"product","link":"https:\/\/atividademapa.com\/?product=atividade-1-bio-bioquimica-clinica-51_2025","title":{"rendered":"ATIVIDADE 1 &#8211; BIO &#8211; BIOQUIMICA CLINICA &#8211; 51_2025"},"content":{"rendered":"<div class=\"ng-scope\">ari\u00e1veis pr\u00e9-anal\u00edticas e erros no procedimento de coleta de amostras destinadas para an\u00e1lise laboratorial podem contribuir para resultados err\u00f4neos, prejudicando o diagn\u00f3stico m\u00e9dico. O analista cl\u00ednico deve estar atento para identificar procedimentos inadequados durante a coleta, ou quanto \u00e0 presen\u00e7a de vari\u00e1veis biol\u00f3gicas e condi\u00e7\u00f5es cl\u00ednicas ou patol\u00f3gicas que podem interferir nos resultados laboratoriais.\n<\/div>\n<div class=\"ng-scope\">Fonte: LIMA, R. S. M. O.\u00a0<strong>Bioqu\u00edmica cl\u00ednica<\/strong>.\u00a0Maring\u00e1: UniCesumar, 2022.<br \/>\nMOTTA, V. T.\u00a0<strong>Bioqu\u00edmica cl\u00ednica para o laborat\u00f3rio<\/strong>: princ\u00edpios e interpreta\u00e7\u00f5es. 5. ed. Porto Alegre: Robe, 2009.<\/div>\n<div class=\"ng-scope\">\nCom base no texto, analise o caso cl\u00ednico\u00a0a seguir:<\/p>\n<p>Jo\u00e3o, 42 anos, procurou atendimento m\u00e9dico devido \u00e0 fadiga persistente, dor muscular e dor retroesternal ao exerc\u00edcio f\u00edsico. O m\u00e9dico solicitou exames de imagem e laboratoriais de rotina, incluindo hemograma, perfil lip\u00eddico, creatina quinase (CK), glicemia e dosagem de eletr\u00f3litos. Jo\u00e3o pratica corrida diariamente como parte de sua rotina. No procedimento de cadastro e coleta dos dados, ao ser questionado sobre medicamentos e dieta, revelou ter consumido uma x\u00edcara pequena de caf\u00e9 com a\u00e7\u00facar h\u00e1 cerca de 30 minutos e estar utilizando \u00e1cido acetilsalic\u00edlico (AAS) de baixa dosagem h\u00e1 tr\u00eas meses devido \u00e0 recomenda\u00e7\u00e3o m\u00e9dica para preven\u00e7\u00e3o cardiovascular. Durante a coleta de sangue, a t\u00e9cnica de enfermagem aplicou o torniquete no bra\u00e7o e o manteve enquanto terminava de etiquetar os tubos para a coleta, por cerca de 3 minutos, o que causou certo desconforto ao paciente. Ap\u00f3s a coleta, o analista cl\u00ednico identificou que o plasma apresentava sinais evidentes de hem\u00f3lise.<\/p>\n<p>Nesse contexto, fa\u00e7a o que se pede:<\/p>\n<p>1)\u00a0IDENTIFIQUE os fatores pr\u00e9-anal\u00edticos presentes nesse caso que podem interferir nos resultados laboratoriais de Jo\u00e3o. EXPLIQUE como cada um deles pode impactar as an\u00e1lises solicitadas.<\/p>\n<p>2) Considerando a presen\u00e7a de hem\u00f3lise, EXPLIQUE por que a hem\u00f3lise pode interferir no resultado laboratorial e CITE dois analitos que podem ser alterados devido a esse processo.<\/p>\n<p>3) A partir do caso cl\u00ednico, CITE e EXPLIQUE ao menos TR\u00caS medidas que o laborat\u00f3rio poderia adotar para minimizar as interfer\u00eancias observadas e garantir maior confiabilidade nos resultados.<\/p><\/div>\n","protected":false},"excerpt":{"rendered":"<p>ari\u00e1veis pr\u00e9-anal\u00edticas e erros no procedimento de coleta de amostras destinadas para an\u00e1lise laboratorial podem contribuir para resultados err\u00f4neos, prejudicando<\/p>\n","protected":false},"featured_media":2326,"template":"","meta":{"_monsterinsights_skip_tracking":false,"_monsterinsights_sitenote_active":false,"_monsterinsights_sitenote_note":"","_monsterinsights_sitenote_category":0},"product_brand":[],"product_cat":[58],"product_tag":[],"class_list":{"0":"post-5507","1":"product","2":"type-product","3":"status-publish","4":"has-post-thumbnail","6":"product_cat-biomedicina","8":"first","9":"instock","10":"downloadable","11":"virtual","12":"purchasable","13":"product-type-simple"},"yoast_head":"<!-- This site is optimized with the Yoast SEO plugin v27.4 - https:\/\/yoast.com\/product\/yoast-seo-wordpress\/ -->\n<title>ATIVIDADE 1 - BIO - BIOQUIMICA CLINICA - 51_2025<\/title>\n<meta name=\"description\" content=\"Atividade ATIVIDADE 1 - BIO - BIOQUIMICA CLINICA - 51_2025 &#8902; Unicesumar. Baixe agora mesmo um Mapa Pronto resolvido!\" \/>\n<meta name=\"robots\" content=\"index, follow, max-snippet:-1, max-image-preview:large, max-video-preview:-1\" \/>\n<link rel=\"canonical\" href=\"https:\/\/atividademapa.com\/?product=atividade-1-bio-bioquimica-clinica-51_2025\" \/>\n<meta property=\"og:locale\" content=\"pt_BR\" \/>\n<meta property=\"og:type\" content=\"article\" \/>\n<meta property=\"og:title\" content=\"ATIVIDADE 1 - BIO - BIOQUIMICA CLINICA - 51_2025\" \/>\n<meta property=\"og:description\" content=\"Atividade ATIVIDADE 1 - BIO - BIOQUIMICA CLINICA - 51_2025 &#8902; Unicesumar. Baixe agora mesmo um Mapa Pronto resolvido!\" \/>\n<meta property=\"og:url\" content=\"https:\/\/atividademapa.com\/?product=atividade-1-bio-bioquimica-clinica-51_2025\" \/>\n<meta property=\"og:site_name\" content=\"Atividade Mapa\" \/>\n<meta property=\"article:modified_time\" content=\"2025-04-05T15:19:24+00:00\" \/>\n<meta property=\"og:image\" content=\"https:\/\/i0.wp.com\/atividademapa.com\/wp-content\/uploads\/2023\/03\/Atividade-M.A.P.A-3.png?fit=300%2C300&ssl=1\" \/>\n\t<meta property=\"og:image:width\" content=\"300\" \/>\n\t<meta property=\"og:image:height\" content=\"300\" \/>\n\t<meta property=\"og:image:type\" content=\"image\/png\" \/>\n<meta name=\"twitter:card\" content=\"summary_large_image\" \/>\n<meta name=\"twitter:label1\" content=\"Est. tempo de leitura\" \/>\n\t<meta name=\"twitter:data1\" content=\"2 minutos\" \/>\n<script type=\"application\/ld+json\" class=\"yoast-schema-graph\">{\"@context\":\"https:\\\/\\\/schema.org\",\"@graph\":[{\"@type\":\"WebPage\",\"@id\":\"https:\\\/\\\/atividademapa.com\\\/?product=atividade-1-bio-bioquimica-clinica-51_2025\",\"url\":\"https:\\\/\\\/atividademapa.com\\\/?product=atividade-1-bio-bioquimica-clinica-51_2025\",\"name\":\"ATIVIDADE 1 - BIO - BIOQUIMICA CLINICA - 51_2025\",\"isPartOf\":{\"@id\":\"https:\\\/\\\/atividademapa.com\\\/#website\"},\"primaryImageOfPage\":{\"@id\":\"https:\\\/\\\/atividademapa.com\\\/?product=atividade-1-bio-bioquimica-clinica-51_2025#primaryimage\"},\"image\":{\"@id\":\"https:\\\/\\\/atividademapa.com\\\/?product=atividade-1-bio-bioquimica-clinica-51_2025#primaryimage\"},\"thumbnailUrl\":\"https:\\\/\\\/i0.wp.com\\\/atividademapa.com\\\/wp-content\\\/uploads\\\/2023\\\/03\\\/Atividade-M.A.P.A-3.png?fit=300%2C300&ssl=1\",\"datePublished\":\"2025-04-05T15:19:23+00:00\",\"dateModified\":\"2025-04-05T15:19:24+00:00\",\"description\":\"Atividade ATIVIDADE 1 - BIO - BIOQUIMICA CLINICA - 51_2025 &#8902; Unicesumar. Baixe agora mesmo um Mapa Pronto resolvido!\",\"breadcrumb\":{\"@id\":\"https:\\\/\\\/atividademapa.com\\\/?product=atividade-1-bio-bioquimica-clinica-51_2025#breadcrumb\"},\"inLanguage\":\"pt-BR\",\"potentialAction\":[{\"@type\":\"ReadAction\",\"target\":[\"https:\\\/\\\/atividademapa.com\\\/?product=atividade-1-bio-bioquimica-clinica-51_2025\"]}]},{\"@type\":\"ImageObject\",\"inLanguage\":\"pt-BR\",\"@id\":\"https:\\\/\\\/atividademapa.com\\\/?product=atividade-1-bio-bioquimica-clinica-51_2025#primaryimage\",\"url\":\"https:\\\/\\\/i0.wp.com\\\/atividademapa.com\\\/wp-content\\\/uploads\\\/2023\\\/03\\\/Atividade-M.A.P.A-3.png?fit=300%2C300&ssl=1\",\"contentUrl\":\"https:\\\/\\\/i0.wp.com\\\/atividademapa.com\\\/wp-content\\\/uploads\\\/2023\\\/03\\\/Atividade-M.A.P.A-3.png?fit=300%2C300&ssl=1\",\"width\":300,\"height\":300,\"caption\":\"Mapa Unicesumar Atividade\"},{\"@type\":\"BreadcrumbList\",\"@id\":\"https:\\\/\\\/atividademapa.com\\\/?product=atividade-1-bio-bioquimica-clinica-51_2025#breadcrumb\",\"itemListElement\":[{\"@type\":\"ListItem\",\"position\":1,\"name\":\"In\u00edcio\",\"item\":\"https:\\\/\\\/atividademapa.com\\\/\"},{\"@type\":\"ListItem\",\"position\":2,\"name\":\"MAPAS\",\"item\":\"https:\\\/\\\/atividademapa.com\\\/?page_id=5\"},{\"@type\":\"ListItem\",\"position\":3,\"name\":\"ATIVIDADE 1 &#8211; BIO &#8211; BIOQUIMICA CLINICA &#8211; 51_2025\"}]},{\"@type\":\"WebSite\",\"@id\":\"https:\\\/\\\/atividademapa.com\\\/#website\",\"url\":\"https:\\\/\\\/atividademapa.com\\\/\",\"name\":\"Atividade Mapa\",\"description\":\"StudeO | Unicesumar\",\"publisher\":{\"@id\":\"https:\\\/\\\/atividademapa.com\\\/#organization\"},\"potentialAction\":[{\"@type\":\"SearchAction\",\"target\":{\"@type\":\"EntryPoint\",\"urlTemplate\":\"https:\\\/\\\/atividademapa.com\\\/?s={search_term_string}\"},\"query-input\":{\"@type\":\"PropertyValueSpecification\",\"valueRequired\":true,\"valueName\":\"search_term_string\"}}],\"inLanguage\":\"pt-BR\"},{\"@type\":\"Organization\",\"@id\":\"https:\\\/\\\/atividademapa.com\\\/#organization\",\"name\":\"Atividade MAPA\",\"url\":\"https:\\\/\\\/atividademapa.com\\\/\",\"logo\":{\"@type\":\"ImageObject\",\"inLanguage\":\"pt-BR\",\"@id\":\"https:\\\/\\\/atividademapa.com\\\/#\\\/schema\\\/logo\\\/image\\\/\",\"url\":\"https:\\\/\\\/i0.wp.com\\\/atividademapa.com\\\/wp-content\\\/uploads\\\/2023\\\/02\\\/ATIVIDADE.png?fit=600%2C300&ssl=1\",\"contentUrl\":\"https:\\\/\\\/i0.wp.com\\\/atividademapa.com\\\/wp-content\\\/uploads\\\/2023\\\/02\\\/ATIVIDADE.png?fit=600%2C300&ssl=1\",\"width\":600,\"height\":300,\"caption\":\"Atividade MAPA\"},\"image\":{\"@id\":\"https:\\\/\\\/atividademapa.com\\\/#\\\/schema\\\/logo\\\/image\\\/\"}}]}<\/script>\n<!-- \/ Yoast SEO plugin. -->","yoast_head_json":{"title":"ATIVIDADE 1 - BIO - BIOQUIMICA CLINICA - 51_2025","description":"Atividade ATIVIDADE 1 - BIO - BIOQUIMICA CLINICA - 51_2025 &#8902; Unicesumar. Baixe agora mesmo um Mapa Pronto resolvido!","robots":{"index":"index","follow":"follow","max-snippet":"max-snippet:-1","max-image-preview":"max-image-preview:large","max-video-preview":"max-video-preview:-1"},"canonical":"https:\/\/atividademapa.com\/?product=atividade-1-bio-bioquimica-clinica-51_2025","og_locale":"pt_BR","og_type":"article","og_title":"ATIVIDADE 1 - BIO - BIOQUIMICA CLINICA - 51_2025","og_description":"Atividade ATIVIDADE 1 - BIO - BIOQUIMICA CLINICA - 51_2025 &#8902; Unicesumar. Baixe agora mesmo um Mapa Pronto resolvido!","og_url":"https:\/\/atividademapa.com\/?product=atividade-1-bio-bioquimica-clinica-51_2025","og_site_name":"Atividade Mapa","article_modified_time":"2025-04-05T15:19:24+00:00","og_image":[{"width":300,"height":300,"url":"https:\/\/i0.wp.com\/atividademapa.com\/wp-content\/uploads\/2023\/03\/Atividade-M.A.P.A-3.png?fit=300%2C300&ssl=1","type":"image\/png"}],"twitter_card":"summary_large_image","twitter_misc":{"Est. tempo de leitura":"2 minutos"},"schema":{"@context":"https:\/\/schema.org","@graph":[{"@type":"WebPage","@id":"https:\/\/atividademapa.com\/?product=atividade-1-bio-bioquimica-clinica-51_2025","url":"https:\/\/atividademapa.com\/?product=atividade-1-bio-bioquimica-clinica-51_2025","name":"ATIVIDADE 1 - BIO - BIOQUIMICA CLINICA - 51_2025","isPartOf":{"@id":"https:\/\/atividademapa.com\/#website"},"primaryImageOfPage":{"@id":"https:\/\/atividademapa.com\/?product=atividade-1-bio-bioquimica-clinica-51_2025#primaryimage"},"image":{"@id":"https:\/\/atividademapa.com\/?product=atividade-1-bio-bioquimica-clinica-51_2025#primaryimage"},"thumbnailUrl":"https:\/\/i0.wp.com\/atividademapa.com\/wp-content\/uploads\/2023\/03\/Atividade-M.A.P.A-3.png?fit=300%2C300&ssl=1","datePublished":"2025-04-05T15:19:23+00:00","dateModified":"2025-04-05T15:19:24+00:00","description":"Atividade ATIVIDADE 1 - BIO - BIOQUIMICA CLINICA - 51_2025 &#8902; Unicesumar. Baixe agora mesmo um Mapa Pronto resolvido!","breadcrumb":{"@id":"https:\/\/atividademapa.com\/?product=atividade-1-bio-bioquimica-clinica-51_2025#breadcrumb"},"inLanguage":"pt-BR","potentialAction":[{"@type":"ReadAction","target":["https:\/\/atividademapa.com\/?product=atividade-1-bio-bioquimica-clinica-51_2025"]}]},{"@type":"ImageObject","inLanguage":"pt-BR","@id":"https:\/\/atividademapa.com\/?product=atividade-1-bio-bioquimica-clinica-51_2025#primaryimage","url":"https:\/\/i0.wp.com\/atividademapa.com\/wp-content\/uploads\/2023\/03\/Atividade-M.A.P.A-3.png?fit=300%2C300&ssl=1","contentUrl":"https:\/\/i0.wp.com\/atividademapa.com\/wp-content\/uploads\/2023\/03\/Atividade-M.A.P.A-3.png?fit=300%2C300&ssl=1","width":300,"height":300,"caption":"Mapa Unicesumar Atividade"},{"@type":"BreadcrumbList","@id":"https:\/\/atividademapa.com\/?product=atividade-1-bio-bioquimica-clinica-51_2025#breadcrumb","itemListElement":[{"@type":"ListItem","position":1,"name":"In\u00edcio","item":"https:\/\/atividademapa.com\/"},{"@type":"ListItem","position":2,"name":"MAPAS","item":"https:\/\/atividademapa.com\/?page_id=5"},{"@type":"ListItem","position":3,"name":"ATIVIDADE 1 &#8211; BIO &#8211; BIOQUIMICA CLINICA &#8211; 51_2025"}]},{"@type":"WebSite","@id":"https:\/\/atividademapa.com\/#website","url":"https:\/\/atividademapa.com\/","name":"Atividade Mapa","description":"StudeO | Unicesumar","publisher":{"@id":"https:\/\/atividademapa.com\/#organization"},"potentialAction":[{"@type":"SearchAction","target":{"@type":"EntryPoint","urlTemplate":"https:\/\/atividademapa.com\/?s={search_term_string}"},"query-input":{"@type":"PropertyValueSpecification","valueRequired":true,"valueName":"search_term_string"}}],"inLanguage":"pt-BR"},{"@type":"Organization","@id":"https:\/\/atividademapa.com\/#organization","name":"Atividade MAPA","url":"https:\/\/atividademapa.com\/","logo":{"@type":"ImageObject","inLanguage":"pt-BR","@id":"https:\/\/atividademapa.com\/#\/schema\/logo\/image\/","url":"https:\/\/i0.wp.com\/atividademapa.com\/wp-content\/uploads\/2023\/02\/ATIVIDADE.png?fit=600%2C300&ssl=1","contentUrl":"https:\/\/i0.wp.com\/atividademapa.com\/wp-content\/uploads\/2023\/02\/ATIVIDADE.png?fit=600%2C300&ssl=1","width":600,"height":300,"caption":"Atividade MAPA"},"image":{"@id":"https:\/\/atividademapa.com\/#\/schema\/logo\/image\/"}}]}},"_links":{"self":[{"href":"https:\/\/atividademapa.com\/index.php?rest_route=\/wp\/v2\/product\/5507","targetHints":{"allow":["GET"]}}],"collection":[{"href":"https:\/\/atividademapa.com\/index.php?rest_route=\/wp\/v2\/product"}],"about":[{"href":"https:\/\/atividademapa.com\/index.php?rest_route=\/wp\/v2\/types\/product"}],"version-history":[{"count":1,"href":"https:\/\/atividademapa.com\/index.php?rest_route=\/wp\/v2\/product\/5507\/revisions"}],"predecessor-version":[{"id":5509,"href":"https:\/\/atividademapa.com\/index.php?rest_route=\/wp\/v2\/product\/5507\/revisions\/5509"}],"wp:featuredmedia":[{"embeddable":true,"href":"https:\/\/atividademapa.com\/index.php?rest_route=\/wp\/v2\/media\/2326"}],"wp:attachment":[{"href":"https:\/\/atividademapa.com\/index.php?rest_route=%2Fwp%2Fv2%2Fmedia&parent=5507"}],"wp:term":[{"taxonomy":"product_brand","embeddable":true,"href":"https:\/\/atividademapa.com\/index.php?rest_route=%2Fwp%2Fv2%2Fproduct_brand&post=5507"},{"taxonomy":"product_cat","embeddable":true,"href":"https:\/\/atividademapa.com\/index.php?rest_route=%2Fwp%2Fv2%2Fproduct_cat&post=5507"},{"taxonomy":"product_tag","embeddable":true,"href":"https:\/\/atividademapa.com\/index.php?rest_route=%2Fwp%2Fv2%2Fproduct_tag&post=5507"}],"curies":[{"name":"wp","href":"https:\/\/api.w.org\/{rel}","templated":true}]}}