{"id":5527,"date":"2025-04-11T21:51:12","date_gmt":"2025-04-12T00:51:12","guid":{"rendered":"https:\/\/atividademapa.com\/?post_type=product&#038;p=5527"},"modified":"2025-04-11T21:51:13","modified_gmt":"2025-04-12T00:51:13","slug":"mapa-elaboracao-e-analise-de-projeto-51-2025","status":"publish","type":"product","link":"https:\/\/atividademapa.com\/?product=mapa-elaboracao-e-analise-de-projeto-51-2025","title":{"rendered":"MAPA &#8211; Elabora\u00e7\u00e3o e An\u00e1lise de Projeto &#8211; 51\/2025"},"content":{"rendered":"<p><strong>Passo 1: Ler o texto de apoio:<\/strong><\/p>\n<p><strong>Mandioca: oferta deve seguir elevada no Centro-Sul em 2024<\/strong><\/p>\n<p>Segundo dados preliminares do IBGE, a produ\u00e7\u00e3o estimada da raiz deve chegar a 18,4 milh\u00f5es de toneladas em 2024<br \/>\nPesquisas do Cepea apontam que, apesar dos pre\u00e7os mais baixos praticados na mandiocultura em 2023, os menores custos de produ\u00e7\u00e3o, decorrentes principalmente da queda nos valores dos arrendamentos, estimularam o aumento na \u00e1rea plantada nos estados do Centro-Sul. No balan\u00e7o, dados preliminares do IBGE indicam estabilidade na \u00e1rea a ser colhida com mandioca no Brasil em 2024, em 1,2 milh\u00e3o de hectares, com produtividade m\u00e9dia de 15,4 t\/ha e produ\u00e7\u00e3o estimada em 18,4 milh\u00f5es de toneladas.<\/p>\n<p>Fonte: https:\/\/www.canalrural.com.br\/agricultura\/mandioca-oferta-deve-seguir-elevada-no-centro-sul-em-2024. Acesso em: 28 jan. 2025.<\/p>\n<p><strong>Passo 2: Analisar a situa\u00e7\u00e3o-problema da atividade:<\/strong><\/p>\n<p>Suponha que voc\u00ea tenha uma propriedade rural de 40 hectares perto da cidade de Loanda, no Paran\u00e1, que tem v\u00e1rias fecularias, e pretende utilizar 20 hectares de sua propriedade para produzir mandioca para a venda nas ind\u00fastrias locais. Para isso, voc\u00ea fez v\u00e1rias pesquisas para entender o mercado, o valor do investimento inicial, os pre\u00e7os de venda do produto e os custos operacionais do neg\u00f3cio.<\/p>\n<p>Com base em informa\u00e7\u00f5es da EMPRAPA, tem-se as seguintes informa\u00e7\u00f5es sobre produtividade da \u00e1rea:<\/p>\n<p>Em 01 (um) hectare de \u00e1rea se produz em m\u00e9dia 20 toneladas de mandioca, ou seja, para uma \u00e1rea de 20 hectares h\u00e1 uma capacidade instalada de se produzir 400 toneladas. O prazo para colheita \u00e9 a partir do oitavo m\u00eas, dessa forma a propriedade ter\u00e1 uma colheita por ano e o pre\u00e7o de venda da raiz da mandioca \u00e0s fecularias da regi\u00e3o \u00e9 em torno de R$ 420,00 a tonelada.<\/p>\n<p>Para iniciar a produ\u00e7\u00e3o da mandioca, \u00e9 necess\u00e1rio um investimento inicial no valor de R$ 35 mil, sendo R$ 18.500 na compra de m\u00e1quinas e equipamentos, R$ 10.000 em capital de giro inicial e R$ 6.500 em gastos pr\u00e9-operacionais.<\/p>\n<p>A Demonstra\u00e7\u00e3o do Resultado do Exerc\u00edcios projetado para os pr\u00f3ximos 5 anos est\u00e1 apresentada na tabela a seguir:<\/p>\n<p>&nbsp;<\/p>\n<p>&nbsp;<\/p>\n<p>&nbsp;<\/p>\n<p>&nbsp;<\/p>\n<p>&nbsp;<\/p>\n<p>&nbsp;<\/p>\n<table width=\"571\">\n<tbody>\n<tr>\n<td width=\"255\">DEMONSTRA\u00c7\u00c3O DO RESULTADO DO EXERC\u00cdCIO<\/td>\n<td colspan=\"5\" width=\"316\">&nbsp;<\/td>\n<\/tr>\n<tr>\n<td width=\"255\">Item<\/td>\n<td width=\"64\">Ano 1<\/td>\n<td width=\"58\">Ano 2<\/td>\n<td width=\"65\">Ano 3<\/td>\n<td width=\"65\">Ano 4<\/td>\n<td width=\"65\">Ano 5<\/td>\n<\/tr>\n<tr>\n<td width=\"255\">1. Receita total com vendas<\/td>\n<td width=\"64\">180000<\/td>\n<td width=\"58\">189000<\/td>\n<td width=\"65\">198900<\/td>\n<td width=\"65\">208372,5<\/td>\n<td width=\"65\">218791,1<\/td>\n<\/tr>\n<tr>\n<td width=\"255\">2. Custos Vari\u00e1veis<\/td>\n<td width=\"64\">45360<\/td>\n<td width=\"58\">47628,6<\/td>\n<td width=\"65\">50009,03<\/td>\n<td width=\"65\">52509,48<\/td>\n<td width=\"65\">55135,98<\/td>\n<\/tr>\n<tr>\n<td width=\"255\">2.1. Custo de produ\u00e7\u00e3o<\/td>\n<td width=\"64\">&nbsp;<\/td>\n<td width=\"58\">&nbsp;<\/td>\n<td width=\"65\">&nbsp;<\/td>\n<td width=\"65\">&nbsp;<\/td>\n<td width=\"65\">&nbsp;<\/td>\n<\/tr>\n<tr>\n<td width=\"255\">2.2. Imposto sobre vendas (1,2%)<\/td>\n<td width=\"64\">&nbsp;<\/td>\n<td width=\"58\">&nbsp;<\/td>\n<td width=\"65\">&nbsp;<\/td>\n<td width=\"65\">&nbsp;<\/td>\n<td width=\"65\">&nbsp;<\/td>\n<\/tr>\n<tr>\n<td width=\"255\">2.3. Transporte<\/td>\n<td width=\"64\">&nbsp;<\/td>\n<td width=\"58\">&nbsp;<\/td>\n<td width=\"65\">&nbsp;<\/td>\n<td width=\"65\">&nbsp;<\/td>\n<td width=\"65\">&nbsp;<\/td>\n<\/tr>\n<tr>\n<td width=\"255\">3. Custos Fixos operacionais totais<\/td>\n<td width=\"64\">71060<\/td>\n<td width=\"58\">74613,3<\/td>\n<td width=\"65\">78344<\/td>\n<td width=\"65\">82237,3<\/td>\n<td width=\"65\">86337,38<\/td>\n<\/tr>\n<tr>\n<td width=\"255\">3.1. m\u00e3o de obra tempor\u00e1ria + benef\u00edcios + imposto (3 pessoas)<\/td>\n<td width=\"64\">&nbsp;<\/td>\n<td width=\"58\">&nbsp;<\/td>\n<td width=\"65\">&nbsp;<\/td>\n<td width=\"65\">&nbsp;<\/td>\n<td width=\"65\">&nbsp;<\/td>\n<\/tr>\n<tr>\n<td width=\"255\">3.2. pro-labore<\/td>\n<td width=\"64\">&nbsp;<\/td>\n<td width=\"58\">&nbsp;<\/td>\n<td width=\"65\">&nbsp;<\/td>\n<td width=\"65\">&nbsp;<\/td>\n<td width=\"65\">&nbsp;<\/td>\n<\/tr>\n<tr>\n<td width=\"255\">3.3. materiais de limpeza<\/td>\n<td width=\"64\">&nbsp;<\/td>\n<td width=\"58\">&nbsp;<\/td>\n<td width=\"65\">&nbsp;<\/td>\n<td width=\"65\">&nbsp;<\/td>\n<td width=\"65\">&nbsp;<\/td>\n<\/tr>\n<tr>\n<td width=\"255\">3.4. contador<\/td>\n<td width=\"64\">&nbsp;<\/td>\n<td width=\"58\">&nbsp;<\/td>\n<td width=\"65\">&nbsp;<\/td>\n<td width=\"65\">&nbsp;<\/td>\n<td width=\"65\">&nbsp;<\/td>\n<\/tr>\n<tr>\n<td width=\"255\">Resultado Operacional ou Lucro L\u00edquido<\/td>\n<td width=\"64\">63580<\/td>\n<td width=\"58\">60877,6<\/td>\n<td width=\"65\">70059,95<\/td>\n<td width=\"65\">79308,91<\/td>\n<td width=\"65\">86964,51<\/td>\n<\/tr>\n<\/tbody>\n<\/table>\n<p>Fonte: o autor.<br \/>\n<strong>Passo 3: Resolver o exerc\u00edcio:<\/strong><\/p>\n<p>Com base no valor do investimento inicial e do resultado operacinal l\u00edquido ou lucro l\u00edquido, verifique se o projeto \u00e9 vi\u00e1vel, calculando e analisando os seguintes indicadores:<\/p>\n<p>&#8211;\u00a0Valor Presente L\u00edquido.<br \/>\n&#8211; Taxa Interna de Retorno.<br \/>\n&#8211; O Tempo de Investimento do Projeto pelo M\u00e9todo do Payback Descontado.<\/p>\n<p><strong>Aten\u00e7\u00e3o:<\/strong>\u00a0os calculos devem ser apresantados tanto utilizando o excel quanto a calculadora HP, conforme formul\u00e1rio dispon\u00edvel.<br \/>\nPara os estudantes que n\u00e3o t\u00eam a calculadora HP, utilizar on-line. Segue o link:\u00a0https:\/\/simulado.estacio.br\/img\/Hp.<\/p>\n","protected":false},"excerpt":{"rendered":"<p>Passo 1: Ler o texto de apoio: Mandioca: oferta deve seguir elevada no Centro-Sul em 2024 Segundo dados preliminares do<\/p>\n","protected":false},"featured_media":2326,"template":"","meta":{"_monsterinsights_skip_tracking":false,"_monsterinsights_sitenote_active":false,"_monsterinsights_sitenote_note":"","_monsterinsights_sitenote_category":0},"product_brand":[],"product_cat":[49],"product_tag":[],"class_list":{"0":"post-5527","1":"product","2":"type-product","3":"status-publish","4":"has-post-thumbnail","6":"product_cat-agronomia","8":"first","9":"instock","10":"downloadable","11":"virtual","12":"purchasable","13":"product-type-simple"},"yoast_head":"<!-- This site is optimized with the Yoast SEO plugin v27.4 - https:\/\/yoast.com\/product\/yoast-seo-wordpress\/ -->\n<title>MAPA - Elabora\u00e7\u00e3o e An\u00e1lise de Projeto - 51\/2025<\/title>\n<meta name=\"description\" content=\"Atividade MAPA - Elabora\u00e7\u00e3o e An\u00e1lise de Projeto - 51\/2025 &#8902; Unicesumar. Baixe agora mesmo um Mapa Pronto resolvido!\" \/>\n<meta name=\"robots\" content=\"index, follow, max-snippet:-1, max-image-preview:large, max-video-preview:-1\" \/>\n<link rel=\"canonical\" href=\"https:\/\/atividademapa.com\/?product=mapa-elaboracao-e-analise-de-projeto-51-2025\" \/>\n<meta property=\"og:locale\" content=\"pt_BR\" \/>\n<meta property=\"og:type\" content=\"article\" \/>\n<meta property=\"og:title\" content=\"MAPA - Elabora\u00e7\u00e3o e An\u00e1lise de Projeto - 51\/2025\" \/>\n<meta property=\"og:description\" content=\"Atividade MAPA - Elabora\u00e7\u00e3o e An\u00e1lise de Projeto - 51\/2025 &#8902; Unicesumar. Baixe agora mesmo um Mapa Pronto resolvido!\" \/>\n<meta property=\"og:url\" content=\"https:\/\/atividademapa.com\/?product=mapa-elaboracao-e-analise-de-projeto-51-2025\" \/>\n<meta property=\"og:site_name\" content=\"Atividade Mapa\" \/>\n<meta property=\"article:modified_time\" content=\"2025-04-12T00:51:13+00:00\" \/>\n<meta property=\"og:image\" content=\"https:\/\/i0.wp.com\/atividademapa.com\/wp-content\/uploads\/2023\/03\/Atividade-M.A.P.A-3.png?fit=300%2C300&ssl=1\" \/>\n\t<meta property=\"og:image:width\" content=\"300\" \/>\n\t<meta property=\"og:image:height\" content=\"300\" \/>\n\t<meta property=\"og:image:type\" content=\"image\/png\" \/>\n<meta name=\"twitter:card\" content=\"summary_large_image\" \/>\n<meta name=\"twitter:label1\" content=\"Est. tempo de leitura\" \/>\n\t<meta name=\"twitter:data1\" content=\"3 minutos\" \/>\n<script type=\"application\/ld+json\" class=\"yoast-schema-graph\">{\"@context\":\"https:\\\/\\\/schema.org\",\"@graph\":[{\"@type\":\"WebPage\",\"@id\":\"https:\\\/\\\/atividademapa.com\\\/?product=mapa-elaboracao-e-analise-de-projeto-51-2025\",\"url\":\"https:\\\/\\\/atividademapa.com\\\/?product=mapa-elaboracao-e-analise-de-projeto-51-2025\",\"name\":\"MAPA - Elabora\u00e7\u00e3o e An\u00e1lise de Projeto - 51\\\/2025\",\"isPartOf\":{\"@id\":\"https:\\\/\\\/atividademapa.com\\\/#website\"},\"primaryImageOfPage\":{\"@id\":\"https:\\\/\\\/atividademapa.com\\\/?product=mapa-elaboracao-e-analise-de-projeto-51-2025#primaryimage\"},\"image\":{\"@id\":\"https:\\\/\\\/atividademapa.com\\\/?product=mapa-elaboracao-e-analise-de-projeto-51-2025#primaryimage\"},\"thumbnailUrl\":\"https:\\\/\\\/i0.wp.com\\\/atividademapa.com\\\/wp-content\\\/uploads\\\/2023\\\/03\\\/Atividade-M.A.P.A-3.png?fit=300%2C300&ssl=1\",\"datePublished\":\"2025-04-12T00:51:12+00:00\",\"dateModified\":\"2025-04-12T00:51:13+00:00\",\"description\":\"Atividade MAPA - Elabora\u00e7\u00e3o e An\u00e1lise de Projeto - 51\\\/2025 &#8902; Unicesumar. Baixe agora mesmo um Mapa Pronto resolvido!\",\"breadcrumb\":{\"@id\":\"https:\\\/\\\/atividademapa.com\\\/?product=mapa-elaboracao-e-analise-de-projeto-51-2025#breadcrumb\"},\"inLanguage\":\"pt-BR\",\"potentialAction\":[{\"@type\":\"ReadAction\",\"target\":[\"https:\\\/\\\/atividademapa.com\\\/?product=mapa-elaboracao-e-analise-de-projeto-51-2025\"]}]},{\"@type\":\"ImageObject\",\"inLanguage\":\"pt-BR\",\"@id\":\"https:\\\/\\\/atividademapa.com\\\/?product=mapa-elaboracao-e-analise-de-projeto-51-2025#primaryimage\",\"url\":\"https:\\\/\\\/i0.wp.com\\\/atividademapa.com\\\/wp-content\\\/uploads\\\/2023\\\/03\\\/Atividade-M.A.P.A-3.png?fit=300%2C300&ssl=1\",\"contentUrl\":\"https:\\\/\\\/i0.wp.com\\\/atividademapa.com\\\/wp-content\\\/uploads\\\/2023\\\/03\\\/Atividade-M.A.P.A-3.png?fit=300%2C300&ssl=1\",\"width\":300,\"height\":300,\"caption\":\"Mapa Unicesumar Atividade\"},{\"@type\":\"BreadcrumbList\",\"@id\":\"https:\\\/\\\/atividademapa.com\\\/?product=mapa-elaboracao-e-analise-de-projeto-51-2025#breadcrumb\",\"itemListElement\":[{\"@type\":\"ListItem\",\"position\":1,\"name\":\"In\u00edcio\",\"item\":\"https:\\\/\\\/atividademapa.com\\\/\"},{\"@type\":\"ListItem\",\"position\":2,\"name\":\"MAPAS\",\"item\":\"https:\\\/\\\/atividademapa.com\\\/?page_id=5\"},{\"@type\":\"ListItem\",\"position\":3,\"name\":\"MAPA &#8211; Elabora\u00e7\u00e3o e An\u00e1lise de Projeto &#8211; 51\\\/2025\"}]},{\"@type\":\"WebSite\",\"@id\":\"https:\\\/\\\/atividademapa.com\\\/#website\",\"url\":\"https:\\\/\\\/atividademapa.com\\\/\",\"name\":\"Atividade Mapa\",\"description\":\"StudeO | Unicesumar\",\"publisher\":{\"@id\":\"https:\\\/\\\/atividademapa.com\\\/#organization\"},\"potentialAction\":[{\"@type\":\"SearchAction\",\"target\":{\"@type\":\"EntryPoint\",\"urlTemplate\":\"https:\\\/\\\/atividademapa.com\\\/?s={search_term_string}\"},\"query-input\":{\"@type\":\"PropertyValueSpecification\",\"valueRequired\":true,\"valueName\":\"search_term_string\"}}],\"inLanguage\":\"pt-BR\"},{\"@type\":\"Organization\",\"@id\":\"https:\\\/\\\/atividademapa.com\\\/#organization\",\"name\":\"Atividade MAPA\",\"url\":\"https:\\\/\\\/atividademapa.com\\\/\",\"logo\":{\"@type\":\"ImageObject\",\"inLanguage\":\"pt-BR\",\"@id\":\"https:\\\/\\\/atividademapa.com\\\/#\\\/schema\\\/logo\\\/image\\\/\",\"url\":\"https:\\\/\\\/i0.wp.com\\\/atividademapa.com\\\/wp-content\\\/uploads\\\/2023\\\/02\\\/ATIVIDADE.png?fit=600%2C300&ssl=1\",\"contentUrl\":\"https:\\\/\\\/i0.wp.com\\\/atividademapa.com\\\/wp-content\\\/uploads\\\/2023\\\/02\\\/ATIVIDADE.png?fit=600%2C300&ssl=1\",\"width\":600,\"height\":300,\"caption\":\"Atividade MAPA\"},\"image\":{\"@id\":\"https:\\\/\\\/atividademapa.com\\\/#\\\/schema\\\/logo\\\/image\\\/\"}}]}<\/script>\n<!-- \/ Yoast SEO plugin. -->","yoast_head_json":{"title":"MAPA - Elabora\u00e7\u00e3o e An\u00e1lise de Projeto - 51\/2025","description":"Atividade MAPA - Elabora\u00e7\u00e3o e An\u00e1lise de Projeto - 51\/2025 &#8902; Unicesumar. Baixe agora mesmo um Mapa Pronto resolvido!","robots":{"index":"index","follow":"follow","max-snippet":"max-snippet:-1","max-image-preview":"max-image-preview:large","max-video-preview":"max-video-preview:-1"},"canonical":"https:\/\/atividademapa.com\/?product=mapa-elaboracao-e-analise-de-projeto-51-2025","og_locale":"pt_BR","og_type":"article","og_title":"MAPA - Elabora\u00e7\u00e3o e An\u00e1lise de Projeto - 51\/2025","og_description":"Atividade MAPA - Elabora\u00e7\u00e3o e An\u00e1lise de Projeto - 51\/2025 &#8902; Unicesumar. Baixe agora mesmo um Mapa Pronto resolvido!","og_url":"https:\/\/atividademapa.com\/?product=mapa-elaboracao-e-analise-de-projeto-51-2025","og_site_name":"Atividade Mapa","article_modified_time":"2025-04-12T00:51:13+00:00","og_image":[{"width":300,"height":300,"url":"https:\/\/i0.wp.com\/atividademapa.com\/wp-content\/uploads\/2023\/03\/Atividade-M.A.P.A-3.png?fit=300%2C300&ssl=1","type":"image\/png"}],"twitter_card":"summary_large_image","twitter_misc":{"Est. tempo de leitura":"3 minutos"},"schema":{"@context":"https:\/\/schema.org","@graph":[{"@type":"WebPage","@id":"https:\/\/atividademapa.com\/?product=mapa-elaboracao-e-analise-de-projeto-51-2025","url":"https:\/\/atividademapa.com\/?product=mapa-elaboracao-e-analise-de-projeto-51-2025","name":"MAPA - Elabora\u00e7\u00e3o e An\u00e1lise de Projeto - 51\/2025","isPartOf":{"@id":"https:\/\/atividademapa.com\/#website"},"primaryImageOfPage":{"@id":"https:\/\/atividademapa.com\/?product=mapa-elaboracao-e-analise-de-projeto-51-2025#primaryimage"},"image":{"@id":"https:\/\/atividademapa.com\/?product=mapa-elaboracao-e-analise-de-projeto-51-2025#primaryimage"},"thumbnailUrl":"https:\/\/i0.wp.com\/atividademapa.com\/wp-content\/uploads\/2023\/03\/Atividade-M.A.P.A-3.png?fit=300%2C300&ssl=1","datePublished":"2025-04-12T00:51:12+00:00","dateModified":"2025-04-12T00:51:13+00:00","description":"Atividade MAPA - Elabora\u00e7\u00e3o e An\u00e1lise de Projeto - 51\/2025 &#8902; Unicesumar. Baixe agora mesmo um Mapa Pronto resolvido!","breadcrumb":{"@id":"https:\/\/atividademapa.com\/?product=mapa-elaboracao-e-analise-de-projeto-51-2025#breadcrumb"},"inLanguage":"pt-BR","potentialAction":[{"@type":"ReadAction","target":["https:\/\/atividademapa.com\/?product=mapa-elaboracao-e-analise-de-projeto-51-2025"]}]},{"@type":"ImageObject","inLanguage":"pt-BR","@id":"https:\/\/atividademapa.com\/?product=mapa-elaboracao-e-analise-de-projeto-51-2025#primaryimage","url":"https:\/\/i0.wp.com\/atividademapa.com\/wp-content\/uploads\/2023\/03\/Atividade-M.A.P.A-3.png?fit=300%2C300&ssl=1","contentUrl":"https:\/\/i0.wp.com\/atividademapa.com\/wp-content\/uploads\/2023\/03\/Atividade-M.A.P.A-3.png?fit=300%2C300&ssl=1","width":300,"height":300,"caption":"Mapa Unicesumar Atividade"},{"@type":"BreadcrumbList","@id":"https:\/\/atividademapa.com\/?product=mapa-elaboracao-e-analise-de-projeto-51-2025#breadcrumb","itemListElement":[{"@type":"ListItem","position":1,"name":"In\u00edcio","item":"https:\/\/atividademapa.com\/"},{"@type":"ListItem","position":2,"name":"MAPAS","item":"https:\/\/atividademapa.com\/?page_id=5"},{"@type":"ListItem","position":3,"name":"MAPA &#8211; Elabora\u00e7\u00e3o e An\u00e1lise de Projeto &#8211; 51\/2025"}]},{"@type":"WebSite","@id":"https:\/\/atividademapa.com\/#website","url":"https:\/\/atividademapa.com\/","name":"Atividade Mapa","description":"StudeO | Unicesumar","publisher":{"@id":"https:\/\/atividademapa.com\/#organization"},"potentialAction":[{"@type":"SearchAction","target":{"@type":"EntryPoint","urlTemplate":"https:\/\/atividademapa.com\/?s={search_term_string}"},"query-input":{"@type":"PropertyValueSpecification","valueRequired":true,"valueName":"search_term_string"}}],"inLanguage":"pt-BR"},{"@type":"Organization","@id":"https:\/\/atividademapa.com\/#organization","name":"Atividade MAPA","url":"https:\/\/atividademapa.com\/","logo":{"@type":"ImageObject","inLanguage":"pt-BR","@id":"https:\/\/atividademapa.com\/#\/schema\/logo\/image\/","url":"https:\/\/i0.wp.com\/atividademapa.com\/wp-content\/uploads\/2023\/02\/ATIVIDADE.png?fit=600%2C300&ssl=1","contentUrl":"https:\/\/i0.wp.com\/atividademapa.com\/wp-content\/uploads\/2023\/02\/ATIVIDADE.png?fit=600%2C300&ssl=1","width":600,"height":300,"caption":"Atividade MAPA"},"image":{"@id":"https:\/\/atividademapa.com\/#\/schema\/logo\/image\/"}}]}},"_links":{"self":[{"href":"https:\/\/atividademapa.com\/index.php?rest_route=\/wp\/v2\/product\/5527","targetHints":{"allow":["GET"]}}],"collection":[{"href":"https:\/\/atividademapa.com\/index.php?rest_route=\/wp\/v2\/product"}],"about":[{"href":"https:\/\/atividademapa.com\/index.php?rest_route=\/wp\/v2\/types\/product"}],"version-history":[{"count":1,"href":"https:\/\/atividademapa.com\/index.php?rest_route=\/wp\/v2\/product\/5527\/revisions"}],"predecessor-version":[{"id":5529,"href":"https:\/\/atividademapa.com\/index.php?rest_route=\/wp\/v2\/product\/5527\/revisions\/5529"}],"wp:featuredmedia":[{"embeddable":true,"href":"https:\/\/atividademapa.com\/index.php?rest_route=\/wp\/v2\/media\/2326"}],"wp:attachment":[{"href":"https:\/\/atividademapa.com\/index.php?rest_route=%2Fwp%2Fv2%2Fmedia&parent=5527"}],"wp:term":[{"taxonomy":"product_brand","embeddable":true,"href":"https:\/\/atividademapa.com\/index.php?rest_route=%2Fwp%2Fv2%2Fproduct_brand&post=5527"},{"taxonomy":"product_cat","embeddable":true,"href":"https:\/\/atividademapa.com\/index.php?rest_route=%2Fwp%2Fv2%2Fproduct_cat&post=5527"},{"taxonomy":"product_tag","embeddable":true,"href":"https:\/\/atividademapa.com\/index.php?rest_route=%2Fwp%2Fv2%2Fproduct_tag&post=5527"}],"curies":[{"name":"wp","href":"https:\/\/api.w.org\/{rel}","templated":true}]}}