{"id":5535,"date":"2025-04-11T22:05:09","date_gmt":"2025-04-12T01:05:09","guid":{"rendered":"https:\/\/atividademapa.com\/?post_type=product&#038;p=5535"},"modified":"2025-04-13T08:58:57","modified_gmt":"2025-04-13T11:58:57","slug":"mapa-fundamentos-de-marketing-51_2025","status":"publish","type":"product","link":"https:\/\/atividademapa.com\/?product=mapa-fundamentos-de-marketing-51_2025","title":{"rendered":"MAPA &#8211; Fundamentos de Marketing &#8211; 51_2025"},"content":{"rendered":"<div class=\"enunciado\">\n<div class=\"panel-body p-t-20 b-t b-grey\">\n<div class=\"painel-questao\">\n<div class=\"painel-questao-titulo cursor\">QUEST\u00c3O 1<\/div>\n<\/div>\n<\/div>\n<\/div>\n<div class=\"enunciado ng-binding\">\n<div class=\"ng-scope\">Ol\u00e1, estudante!<br \/>\nChegou a hora de elaborarmos nossa atividade MAPA, da disciplina de Fundamentos de Marketing.Agora, \u00e9 o momento de colocar em pr\u00e1tica aquilo que vimos, estudamos e discutimos na teoria. Isso mesmo, voc\u00ea ir\u00e1 aprender um pouco mais sobre como o consumidor se comporta no mercado.<\/p>\n<p><strong>Atividade:<\/strong>\u00a0Canais de Distribui\u00e7\u00e3o.<\/p>\n<p>Os canais de distribui\u00e7\u00e3o auxiliam as organiza\u00e7\u00f5es a levarem seus produtos e servi\u00e7os at\u00e9 os consumidores finais, proporcionando acesso e conhecimento de suas marcas em diversos pontos de venda. E, para isso, conta tanto com locais pr\u00f3prios de venda, quanto com parceiros, chamados de intermedi\u00e1rios.<br \/>\nA inova\u00e7\u00e3o no ponto de venda \u00e9 algo que vem chamando a aten\u00e7\u00e3o dos consumidores. Observe o exemplo a seguir de uma marca de sorvetes da cidade de Maring\u00e1 (PR), e que, no ano de 2024, expandiu seus neg\u00f3cios com um novo formato de canal de distribui\u00e7\u00e3o e vendas.<br \/>\nA empresa Gela Boca lan\u00e7ou uma loja de autoatendimento, ou seja, um ponto de venda sem a presen\u00e7a de colaboradores, apenas com o uso da tecnologia para a venda de seus produtos.<br \/>\n<img data-recalc-dims=\"1\" decoding=\"async\" src=\"https:\/\/i0.wp.com\/sistemasead.unicesumar.edu.br\/flex\/amfphp\/services\/Portal\/ImagemQuestionario2\/QUE_251160_634619_1.jpg?ssl=1\" alt=\"\" \/><br \/>\nFonte: https:\/\/www.instagram.com\/gelaboca.maringa\/. Acesso em: 18 fev. 2025.<\/p>\n<p>Funcionando 24 horas por dia e sem funcion\u00e1rios, o ponto de venda est\u00e1 instalado em uma via p\u00fablica da cidade, e, para o cliente realizar a compra, basta instalar o aplicativo da marca, acessar a loja pelo app, escolher o \u201ctake home\u201d, feitos para consumir em casa, como potes de sorvetes, de a\u00e7a\u00eds e picol\u00e9s, e realizar o pagamento via aplicativo.<br \/>\n<img data-recalc-dims=\"1\" decoding=\"async\" src=\"https:\/\/i0.wp.com\/sistemasead.unicesumar.edu.br\/flex\/amfphp\/services\/Portal\/ImagemQuestionario2\/QUE_251160_634619_2.jpg\" alt=\"\" \/><br \/>\nFonte: https:\/\/www.instagram.com\/gelaboca.maringa\/. Acesso em: 18 fev. 2025.<\/p>\n<p>O empreendimento apresenta uma nova forma de canal de distribui\u00e7\u00e3o, e apresenta grande aceita\u00e7\u00e3o na cidade, j\u00e1 possuindo outras unidades, desde a sua inaugura\u00e7\u00e3o. Para saber mais sobre essa empresa e seu ponto de venda, acesse o link: https:\/\/revistapegn.globo.com\/franquias\/noticia\/2023\/08\/franquia-de-sorvetes-abre-loja-sem-atendentes-no-parana-e-vende-r-3-mil-por-dia.ghtml<\/p>\n<p>Agora \u00e9 sua vez de entender e colocar em pr\u00e1tica o estudo sobre os Canais de Distribui\u00e7\u00e3o, buscando analisar de que maneira as empresas vem realizando a venda e entrega de seus produtos e\/ou servi\u00e7os no mercado a seus consumidores. Vamos l\u00e1?<\/p>\n<p>Para realizar a atividade MAPA, responda \u00e0s quest\u00f5es a seguir. N\u00e3o se esque\u00e7a de usar o formul\u00e1rio padr\u00e3o da atividade, dispon\u00edvel a voc\u00ea.<\/p>\n<p>1) Os canais de distribui\u00e7\u00e3o buscam alcan\u00e7ar novos p\u00fablicos ou intensificar a distribui\u00e7\u00e3o existente. Al\u00e9m disso, \u00e9 preciso compreender sua fun\u00e7\u00e3o no mercado. Assim, comece revisando o material da disciplina, na Unidade II, quando se discute a Fun\u00e7\u00e3o dos Canais de Distribui\u00e7\u00e3o.<br \/>\nEm seguida, elabore um texto, entre 7 e 10 linhas explicando as Fun\u00e7\u00f5es dos Canais de Distribui\u00e7\u00e3o, sendo essas: (1) Montagem de sortimento; (2) Transporte e armazenagem; (3) Promocional; (4) Negocia\u00e7\u00e3o e vendas; (5) Servi\u00e7os de apoio.<\/p>\n<p>2) Agora, \u00e9 hora de colocar em pr\u00e1tica o que voc\u00ea estudou e aprendeu sobre os Canais de Distribui\u00e7\u00e3o. Para a realiza\u00e7\u00e3o da atividade voc\u00ea dever\u00e1 pesquisar e escolher uma empresa real e que voc\u00ea tenha acesso para realizar a atividade, pois, ser\u00e1 necess\u00e1rio coletar informa\u00e7\u00f5es junta a essa, quanto a realiza\u00e7\u00e3o da distribui\u00e7\u00e3o dos produtos. O ponto de venda pode ser f\u00edsico e\/ou virtual. Pesquise o que est\u00e1 sendo vendido, ponto de venda, e, em seguida, preencha a tabela a seguir:<br \/>\nObs.: N\u00e3o esque\u00e7a de citar as fontes de pesquisa.<\/p>\n<\/div>\n<div class=\"table-responsive no-border ng-scope\">\n<table border=\"1\" cellspacing=\"0\" cellpadding=\"0\">\n<tbody>\n<tr>\n<td><strong>Empresa\/Produto\/Servi\u00e7o<\/strong><\/td>\n<\/tr>\n<tr>\n<td>(Apresente, brevemente, a empresa, produto e\/ou servi\u00e7o escolhido, apresentando suas caracter\u00edsticas, pre\u00e7o e local de venda. Elabore um texto entre 5 e 7 linhas).<\/td>\n<\/tr>\n<tr>\n<td><strong>Ponto de Venda<\/strong><\/td>\n<\/tr>\n<tr>\n<td>(Apresente o ponto de venda da organiza\u00e7\u00e3o \u2013 se \u00e9 f\u00edsico e\/ou virtual, onde est\u00e1 localizado, quantos pontos de venda possui. Em seguida anexe uma foto e\/ou print do ponto de venda da empresa).<\/td>\n<\/tr>\n<\/tbody>\n<\/table>\n<\/div>\n<div class=\"ng-scope\">3 \u2013 Agora, \u00e9 o momento de conhecer de que maneira ocorre a distribui\u00e7\u00e3o dos produtos e\/ou servi\u00e7os na empresa que voc\u00ea escolheu para o estudo. Questione a organiza\u00e7\u00e3o, por meio de um breve bate-papo (por isso a necessidade de que voc\u00ea tenha acesso \u00e0 empresa escolhida), sobre a maneira como ocorre a distribui\u00e7\u00e3o dos produtos que a empresa vende (desde a sua produ\u00e7\u00e3o at\u00e9 a venda ao consumidor final).<br \/>\nCom essas informa\u00e7\u00f5es em m\u00e3os, elabore um fluxograma que explique todas as etapas que o produto percorre at\u00e9 chegar nas m\u00e3os do consumidor final.<br \/>\nNa Unidade II, p\u00e1gina 66, voc\u00ea encontrar\u00e1 uma ilustra\u00e7\u00e3o que te ajudar\u00e1 na elabora\u00e7\u00e3o desse fluxograma. Apresente ao fluxograma aqui, e elabore um texto, entre 5 e 7 linhas explicando todo esse processo.<u>Para auxili\u00e1-lo na execu\u00e7\u00e3o desta atividade, seguem algumas orienta\u00e7\u00f5es<\/u>:<br \/>\n&#8211; Assista ao v\u00eddeo explicativo, dispon\u00edvel na pasta &#8220;Material da disciplina&#8221;.<br \/>\n&#8211; Caso fa\u00e7a uso de fontes como livros, internet, revistas e artigos, informe-as nas Refer\u00eancias ao final de seu texto.<br \/>\n&#8211; Realize uma cuidadosa corre\u00e7\u00e3o ortogr\u00e1fica em seu texto, e o copie no\u00a0<em>template<\/em>\/formul\u00e1rio (modelo), dispon\u00edvel na pasta\u00a0<u>Material da Disciplina.<\/u><br \/>\n&#8211; Anexe o arquivo no ambiente da atividade, clicando sobre o bot\u00e3o\u00a0<u>Selecionar arquivo<\/u><br \/>\n&#8211; Ap\u00f3s anexar o trabalho,\u00a0<u>certifique-se de que seja o arquivo correto<\/u>. Clique no bot\u00e3o\u00a0<u>Responder<\/u>\u00a0e, posteriormente, em\u00a0<u>Finalizar Question\u00e1rio<\/u>\u00a0(ap\u00f3s &#8220;Finalizar o Question\u00e1rio&#8221;, n\u00e3o ser\u00e1 poss\u00edvel reenviar a atividade ou realizar qualquer modifica\u00e7\u00e3o no arquivo enviado).<\/p>\n<p>Bons estudos!<\/p>\n<\/div>\n<\/div>\n","protected":false},"excerpt":{"rendered":"<p>QUEST\u00c3O 1 Ol\u00e1, estudante! Chegou a hora de elaborarmos nossa atividade MAPA, da disciplina de Fundamentos de Marketing.Agora, \u00e9 o<\/p>\n","protected":false},"featured_media":2326,"template":"","meta":{"_monsterinsights_skip_tracking":false,"_monsterinsights_sitenote_active":false,"_monsterinsights_sitenote_note":"","_monsterinsights_sitenote_category":0},"product_brand":[],"product_cat":[22],"product_tag":[],"class_list":{"0":"post-5535","1":"product","2":"type-product","3":"status-publish","4":"has-post-thumbnail","6":"product_cat-administracao","8":"first","9":"instock","10":"downloadable","11":"virtual","12":"purchasable","13":"product-type-simple"},"yoast_head":"<!-- This site is optimized with the Yoast SEO plugin v27.4 - https:\/\/yoast.com\/product\/yoast-seo-wordpress\/ -->\n<title>MAPA - Fundamentos de Marketing - 51_2025<\/title>\n<meta name=\"description\" content=\"Atividade MAPA - Fundamentos de Marketing - 51_2025 &#8902; Unicesumar. Baixe agora mesmo um Mapa Pronto resolvido!\" \/>\n<meta name=\"robots\" content=\"index, follow, max-snippet:-1, max-image-preview:large, max-video-preview:-1\" \/>\n<link rel=\"canonical\" href=\"https:\/\/atividademapa.com\/?product=mapa-fundamentos-de-marketing-51_2025\" \/>\n<meta property=\"og:locale\" content=\"pt_BR\" \/>\n<meta property=\"og:type\" content=\"article\" \/>\n<meta property=\"og:title\" content=\"MAPA - Fundamentos de Marketing - 51_2025\" \/>\n<meta property=\"og:description\" content=\"Atividade MAPA - Fundamentos de Marketing - 51_2025 &#8902; Unicesumar. Baixe agora mesmo um Mapa Pronto resolvido!\" \/>\n<meta property=\"og:url\" content=\"https:\/\/atividademapa.com\/?product=mapa-fundamentos-de-marketing-51_2025\" \/>\n<meta property=\"og:site_name\" content=\"Atividade Mapa\" \/>\n<meta property=\"article:modified_time\" content=\"2025-04-13T11:58:57+00:00\" \/>\n<meta property=\"og:image\" content=\"https:\/\/i0.wp.com\/atividademapa.com\/wp-content\/uploads\/2023\/03\/Atividade-M.A.P.A-3.png?fit=300%2C300&ssl=1\" \/>\n\t<meta property=\"og:image:width\" content=\"300\" \/>\n\t<meta property=\"og:image:height\" content=\"300\" \/>\n\t<meta property=\"og:image:type\" content=\"image\/png\" \/>\n<meta name=\"twitter:card\" content=\"summary_large_image\" \/>\n<meta name=\"twitter:label1\" content=\"Est. tempo de leitura\" \/>\n\t<meta name=\"twitter:data1\" content=\"5 minutos\" \/>\n<script type=\"application\/ld+json\" class=\"yoast-schema-graph\">{\"@context\":\"https:\\\/\\\/schema.org\",\"@graph\":[{\"@type\":\"WebPage\",\"@id\":\"https:\\\/\\\/atividademapa.com\\\/?product=mapa-fundamentos-de-marketing-51_2025\",\"url\":\"https:\\\/\\\/atividademapa.com\\\/?product=mapa-fundamentos-de-marketing-51_2025\",\"name\":\"MAPA - Fundamentos de Marketing - 51_2025\",\"isPartOf\":{\"@id\":\"https:\\\/\\\/atividademapa.com\\\/#website\"},\"primaryImageOfPage\":{\"@id\":\"https:\\\/\\\/atividademapa.com\\\/?product=mapa-fundamentos-de-marketing-51_2025#primaryimage\"},\"image\":{\"@id\":\"https:\\\/\\\/atividademapa.com\\\/?product=mapa-fundamentos-de-marketing-51_2025#primaryimage\"},\"thumbnailUrl\":\"https:\\\/\\\/i0.wp.com\\\/atividademapa.com\\\/wp-content\\\/uploads\\\/2023\\\/03\\\/Atividade-M.A.P.A-3.png?fit=300%2C300&ssl=1\",\"datePublished\":\"2025-04-12T01:05:09+00:00\",\"dateModified\":\"2025-04-13T11:58:57+00:00\",\"description\":\"Atividade MAPA - Fundamentos de Marketing - 51_2025 &#8902; Unicesumar. Baixe agora mesmo um Mapa Pronto resolvido!\",\"breadcrumb\":{\"@id\":\"https:\\\/\\\/atividademapa.com\\\/?product=mapa-fundamentos-de-marketing-51_2025#breadcrumb\"},\"inLanguage\":\"pt-BR\",\"potentialAction\":[{\"@type\":\"ReadAction\",\"target\":[\"https:\\\/\\\/atividademapa.com\\\/?product=mapa-fundamentos-de-marketing-51_2025\"]}]},{\"@type\":\"ImageObject\",\"inLanguage\":\"pt-BR\",\"@id\":\"https:\\\/\\\/atividademapa.com\\\/?product=mapa-fundamentos-de-marketing-51_2025#primaryimage\",\"url\":\"https:\\\/\\\/i0.wp.com\\\/atividademapa.com\\\/wp-content\\\/uploads\\\/2023\\\/03\\\/Atividade-M.A.P.A-3.png?fit=300%2C300&ssl=1\",\"contentUrl\":\"https:\\\/\\\/i0.wp.com\\\/atividademapa.com\\\/wp-content\\\/uploads\\\/2023\\\/03\\\/Atividade-M.A.P.A-3.png?fit=300%2C300&ssl=1\",\"width\":300,\"height\":300,\"caption\":\"Mapa Unicesumar Atividade\"},{\"@type\":\"BreadcrumbList\",\"@id\":\"https:\\\/\\\/atividademapa.com\\\/?product=mapa-fundamentos-de-marketing-51_2025#breadcrumb\",\"itemListElement\":[{\"@type\":\"ListItem\",\"position\":1,\"name\":\"In\u00edcio\",\"item\":\"https:\\\/\\\/atividademapa.com\\\/\"},{\"@type\":\"ListItem\",\"position\":2,\"name\":\"MAPAS\",\"item\":\"https:\\\/\\\/atividademapa.com\\\/?page_id=5\"},{\"@type\":\"ListItem\",\"position\":3,\"name\":\"MAPA &#8211; Fundamentos de Marketing &#8211; 51_2025\"}]},{\"@type\":\"WebSite\",\"@id\":\"https:\\\/\\\/atividademapa.com\\\/#website\",\"url\":\"https:\\\/\\\/atividademapa.com\\\/\",\"name\":\"Atividade Mapa\",\"description\":\"StudeO | Unicesumar\",\"publisher\":{\"@id\":\"https:\\\/\\\/atividademapa.com\\\/#organization\"},\"potentialAction\":[{\"@type\":\"SearchAction\",\"target\":{\"@type\":\"EntryPoint\",\"urlTemplate\":\"https:\\\/\\\/atividademapa.com\\\/?s={search_term_string}\"},\"query-input\":{\"@type\":\"PropertyValueSpecification\",\"valueRequired\":true,\"valueName\":\"search_term_string\"}}],\"inLanguage\":\"pt-BR\"},{\"@type\":\"Organization\",\"@id\":\"https:\\\/\\\/atividademapa.com\\\/#organization\",\"name\":\"Atividade MAPA\",\"url\":\"https:\\\/\\\/atividademapa.com\\\/\",\"logo\":{\"@type\":\"ImageObject\",\"inLanguage\":\"pt-BR\",\"@id\":\"https:\\\/\\\/atividademapa.com\\\/#\\\/schema\\\/logo\\\/image\\\/\",\"url\":\"https:\\\/\\\/i0.wp.com\\\/atividademapa.com\\\/wp-content\\\/uploads\\\/2023\\\/02\\\/ATIVIDADE.png?fit=600%2C300&ssl=1\",\"contentUrl\":\"https:\\\/\\\/i0.wp.com\\\/atividademapa.com\\\/wp-content\\\/uploads\\\/2023\\\/02\\\/ATIVIDADE.png?fit=600%2C300&ssl=1\",\"width\":600,\"height\":300,\"caption\":\"Atividade MAPA\"},\"image\":{\"@id\":\"https:\\\/\\\/atividademapa.com\\\/#\\\/schema\\\/logo\\\/image\\\/\"}}]}<\/script>\n<!-- \/ Yoast SEO plugin. -->","yoast_head_json":{"title":"MAPA - Fundamentos de Marketing - 51_2025","description":"Atividade MAPA - Fundamentos de Marketing - 51_2025 &#8902; Unicesumar. Baixe agora mesmo um Mapa Pronto resolvido!","robots":{"index":"index","follow":"follow","max-snippet":"max-snippet:-1","max-image-preview":"max-image-preview:large","max-video-preview":"max-video-preview:-1"},"canonical":"https:\/\/atividademapa.com\/?product=mapa-fundamentos-de-marketing-51_2025","og_locale":"pt_BR","og_type":"article","og_title":"MAPA - Fundamentos de Marketing - 51_2025","og_description":"Atividade MAPA - Fundamentos de Marketing - 51_2025 &#8902; Unicesumar. Baixe agora mesmo um Mapa Pronto resolvido!","og_url":"https:\/\/atividademapa.com\/?product=mapa-fundamentos-de-marketing-51_2025","og_site_name":"Atividade Mapa","article_modified_time":"2025-04-13T11:58:57+00:00","og_image":[{"width":300,"height":300,"url":"https:\/\/i0.wp.com\/atividademapa.com\/wp-content\/uploads\/2023\/03\/Atividade-M.A.P.A-3.png?fit=300%2C300&ssl=1","type":"image\/png"}],"twitter_card":"summary_large_image","twitter_misc":{"Est. tempo de leitura":"5 minutos"},"schema":{"@context":"https:\/\/schema.org","@graph":[{"@type":"WebPage","@id":"https:\/\/atividademapa.com\/?product=mapa-fundamentos-de-marketing-51_2025","url":"https:\/\/atividademapa.com\/?product=mapa-fundamentos-de-marketing-51_2025","name":"MAPA - Fundamentos de Marketing - 51_2025","isPartOf":{"@id":"https:\/\/atividademapa.com\/#website"},"primaryImageOfPage":{"@id":"https:\/\/atividademapa.com\/?product=mapa-fundamentos-de-marketing-51_2025#primaryimage"},"image":{"@id":"https:\/\/atividademapa.com\/?product=mapa-fundamentos-de-marketing-51_2025#primaryimage"},"thumbnailUrl":"https:\/\/i0.wp.com\/atividademapa.com\/wp-content\/uploads\/2023\/03\/Atividade-M.A.P.A-3.png?fit=300%2C300&ssl=1","datePublished":"2025-04-12T01:05:09+00:00","dateModified":"2025-04-13T11:58:57+00:00","description":"Atividade MAPA - Fundamentos de Marketing - 51_2025 &#8902; Unicesumar. Baixe agora mesmo um Mapa Pronto resolvido!","breadcrumb":{"@id":"https:\/\/atividademapa.com\/?product=mapa-fundamentos-de-marketing-51_2025#breadcrumb"},"inLanguage":"pt-BR","potentialAction":[{"@type":"ReadAction","target":["https:\/\/atividademapa.com\/?product=mapa-fundamentos-de-marketing-51_2025"]}]},{"@type":"ImageObject","inLanguage":"pt-BR","@id":"https:\/\/atividademapa.com\/?product=mapa-fundamentos-de-marketing-51_2025#primaryimage","url":"https:\/\/i0.wp.com\/atividademapa.com\/wp-content\/uploads\/2023\/03\/Atividade-M.A.P.A-3.png?fit=300%2C300&ssl=1","contentUrl":"https:\/\/i0.wp.com\/atividademapa.com\/wp-content\/uploads\/2023\/03\/Atividade-M.A.P.A-3.png?fit=300%2C300&ssl=1","width":300,"height":300,"caption":"Mapa Unicesumar Atividade"},{"@type":"BreadcrumbList","@id":"https:\/\/atividademapa.com\/?product=mapa-fundamentos-de-marketing-51_2025#breadcrumb","itemListElement":[{"@type":"ListItem","position":1,"name":"In\u00edcio","item":"https:\/\/atividademapa.com\/"},{"@type":"ListItem","position":2,"name":"MAPAS","item":"https:\/\/atividademapa.com\/?page_id=5"},{"@type":"ListItem","position":3,"name":"MAPA &#8211; Fundamentos de Marketing &#8211; 51_2025"}]},{"@type":"WebSite","@id":"https:\/\/atividademapa.com\/#website","url":"https:\/\/atividademapa.com\/","name":"Atividade Mapa","description":"StudeO | Unicesumar","publisher":{"@id":"https:\/\/atividademapa.com\/#organization"},"potentialAction":[{"@type":"SearchAction","target":{"@type":"EntryPoint","urlTemplate":"https:\/\/atividademapa.com\/?s={search_term_string}"},"query-input":{"@type":"PropertyValueSpecification","valueRequired":true,"valueName":"search_term_string"}}],"inLanguage":"pt-BR"},{"@type":"Organization","@id":"https:\/\/atividademapa.com\/#organization","name":"Atividade MAPA","url":"https:\/\/atividademapa.com\/","logo":{"@type":"ImageObject","inLanguage":"pt-BR","@id":"https:\/\/atividademapa.com\/#\/schema\/logo\/image\/","url":"https:\/\/i0.wp.com\/atividademapa.com\/wp-content\/uploads\/2023\/02\/ATIVIDADE.png?fit=600%2C300&ssl=1","contentUrl":"https:\/\/i0.wp.com\/atividademapa.com\/wp-content\/uploads\/2023\/02\/ATIVIDADE.png?fit=600%2C300&ssl=1","width":600,"height":300,"caption":"Atividade MAPA"},"image":{"@id":"https:\/\/atividademapa.com\/#\/schema\/logo\/image\/"}}]}},"_links":{"self":[{"href":"https:\/\/atividademapa.com\/index.php?rest_route=\/wp\/v2\/product\/5535","targetHints":{"allow":["GET"]}}],"collection":[{"href":"https:\/\/atividademapa.com\/index.php?rest_route=\/wp\/v2\/product"}],"about":[{"href":"https:\/\/atividademapa.com\/index.php?rest_route=\/wp\/v2\/types\/product"}],"version-history":[{"count":2,"href":"https:\/\/atividademapa.com\/index.php?rest_route=\/wp\/v2\/product\/5535\/revisions"}],"predecessor-version":[{"id":5538,"href":"https:\/\/atividademapa.com\/index.php?rest_route=\/wp\/v2\/product\/5535\/revisions\/5538"}],"wp:featuredmedia":[{"embeddable":true,"href":"https:\/\/atividademapa.com\/index.php?rest_route=\/wp\/v2\/media\/2326"}],"wp:attachment":[{"href":"https:\/\/atividademapa.com\/index.php?rest_route=%2Fwp%2Fv2%2Fmedia&parent=5535"}],"wp:term":[{"taxonomy":"product_brand","embeddable":true,"href":"https:\/\/atividademapa.com\/index.php?rest_route=%2Fwp%2Fv2%2Fproduct_brand&post=5535"},{"taxonomy":"product_cat","embeddable":true,"href":"https:\/\/atividademapa.com\/index.php?rest_route=%2Fwp%2Fv2%2Fproduct_cat&post=5535"},{"taxonomy":"product_tag","embeddable":true,"href":"https:\/\/atividademapa.com\/index.php?rest_route=%2Fwp%2Fv2%2Fproduct_tag&post=5535"}],"curies":[{"name":"wp","href":"https:\/\/api.w.org\/{rel}","templated":true}]}}