{"id":5542,"date":"2025-04-13T09:12:30","date_gmt":"2025-04-13T12:12:30","guid":{"rendered":"https:\/\/atividademapa.com\/?post_type=product&#038;p=5542"},"modified":"2025-04-13T09:12:31","modified_gmt":"2025-04-13T12:12:31","slug":"mapa-logistica-empresarial-51-2025","status":"publish","type":"product","link":"https:\/\/atividademapa.com\/?product=mapa-logistica-empresarial-51-2025","title":{"rendered":"MAPA &#8211; Log\u00edstica Empresarial &#8211; 51\/2025"},"content":{"rendered":"<p>\u201cAntes de partir para a cria\u00e7\u00e3o do com\u00e9rcio eletr\u00f4nico, \u00e9 necess\u00e1rio ter uma estrutura empresarial e um planejamento log\u00edstico que tenham peculiaridades quando comparados ao do com\u00e9rcio tradicional. A log\u00edstica tem a mesma defini\u00e7\u00e3o para qualquer tipo de neg\u00f3cio: \u00e9 o processo de planejar, executar e controlar eficientemente o transporte, a movimenta\u00e7\u00e3o e o armazenamento de produtos dentro e fora das empresas, garantindo a integridade e os prazos de entrega dos produtos aos clientes\u201d.<\/p>\n<p>Fonte: https:\/\/sebrae.com.br\/sites\/PortalSebrae\/artigos\/logistica-e-um-dos-pontos-chave-no-comercio-eletronico,b30e438af1c92410VgnVCM100000b272010aRCRD. Acesso em: 13 jan. 2025.<\/p>\n<p>O planejamento log\u00edstico \u00e9 essencial para qualquer tipo de neg\u00f3cio, ainda mais o neg\u00f3cio eletr\u00f4nico, que requer agilidade e efici\u00eancia operacional. Atuar na \u00e1rea da log\u00edstica e opera\u00e7\u00e3o das empresas imp\u00f5e dinamismo nas tomadas de decis\u00e3o. Entender, compreender e implantar atividades e processos log\u00edsticos eficientes fazem com que o processo de atendimento dos pedidos e entrega seja conclu\u00eddo com \u00eaxito.<\/p>\n<p>Assim surge a nossa disciplina de log\u00edstica empresarial para trazer at\u00e9 voc\u00ea ainda mais significado, permitindo compreender detalhes sobre o planejamento log\u00edstico e as atividades e processos que ocorrem em um com\u00e9rcio eletr\u00f4nico e em opera\u00e7\u00f5es log\u00edsticas gerais. Ao aplicar os conceitos da log\u00edstica empresarial, voc\u00ea, futuro profissional da \u00e1rea, dever\u00e1 otimizar as opera\u00e7\u00f5es da empresa em que estiver atuando.<\/p>\n<p>Bom, que tal experimentar um caso pr\u00e1tico de uma grande organiza\u00e7\u00e3o que planeja e executa a sua opera\u00e7\u00e3o log\u00edstica voltada para uma entrega eficiente em um com\u00e9rcio eletr\u00f4nico?!<\/p>\n<p>Assim, convido-o a assistir ao v\u00eddeo no link a seguir: https:\/\/www.youtube.com\/watch?v=7AHLNGUSeGQ<\/p>\n<p>Vamos experimentar esse caso e aprender!!!<\/p>\n<p>Ap\u00f3s essa experimenta\u00e7\u00e3o, gostaria que voc\u00ea refletisse sobre suas experi\u00eancias com compras realizadas pela internet no fator da log\u00edstica. Foram positivas? Foram negativas? Reflita sobre isso. Ser\u00e1 que a entrega ocorreu no prazo? O produto chegou em boas condi\u00e7\u00f5es? Ser\u00e1 que faltou planejamento log\u00edstico?<\/p>\n<p>No nosso pr\u00f3prio livro did\u00e1tico de log\u00edstica empresarial, estudamos e aprendemos sobre conceitos que direcionam a busca de uma log\u00edstica planejada e estruturada para o com\u00e9rcio eletr\u00f4nico.<\/p>\n<p>\u201c\u00c9 evidente que a log\u00edstica, por tr\u00e1s do com\u00e9rcio eletr\u00f4nico, n\u00e3o \u00e9 apenas o prazo de entrega: essa atividade \u00e9 apenas a mais vis\u00edvel ao cliente. Existem outras atividades e processos log\u00edsticos que precisam ser planejados e estruturados. \u00c9 nesse contexto que est\u00e1 a diferen\u00e7a entre a empresa que se aventura no com\u00e9rcio eletr\u00f4nico e aquela que realmente est\u00e1 para ficar\u201d (Pai\u00e3o, 2023, p. 136).<\/p>\n<p>Fonte: PAI\u00c3O, L. S. Log\u00edstica empresarial. Indaial: Arqu\u00e9, 2023.<\/p>\n<p>Chegou o momento mais esperado em sua atividade MAPA, aquele em que voc\u00ea colocar\u00e1 a m\u00e3o na massa e partir para a A\u00e7\u00e3o. Nessa atividade MAPA, voc\u00ea ser\u00e1 convidado a ter uma experi\u00eancia de uma situa\u00e7\u00e3o profissional para desenvolver suas habilidades sobre log\u00edstica empresarial. Sendo assim, atrav\u00e9s do caso real da experimenta\u00e7\u00e3o apresentada, voc\u00ea ter\u00e1 que assumir o papel de um futuro profissional de log\u00edstica e fornecer os cuidados ao se planejar os processos log\u00edsticos para uma empresa e compreender os processos log\u00edsticos da empresa do v\u00eddeo. Para atingir o seu objetivo nessa atividade, voc\u00ea ter\u00e1 algumas a\u00e7\u00f5es; vamos para cada uma delas.<\/p>\n<p>A\u00e7\u00e3o 1 &#8211; Cuidados na plataforma de com\u00e9rcio eletr\u00f4nico para colaborar com o planejamento e a estrutura\u00e7\u00e3o da log\u00edstica.<br \/>\nNessa primeira a\u00e7\u00e3o, voc\u00ea ter\u00e1 que apresentar os principais cuidados necess\u00e1rios em uma plataforma de com\u00e9rcio eletr\u00f4nico para colaborar com o planejamento e a estrutura\u00e7\u00e3o da log\u00edstica. Aqui, sua fonte de pesquisa ser\u00e1 o seu livro did\u00e1tico.<\/p>\n<p>A\u00e7\u00e3o 2 &#8211; Dois grandes fluxos e passos no fluxo do fornecedor at\u00e9 o centro de distribui\u00e7\u00e3o da empresa do v\u00eddeo.<br \/>\nNessa segunda a\u00e7\u00e3o, ap\u00f3s assistir com aten\u00e7\u00e3o o v\u00eddeo da experimenta\u00e7\u00e3o, voc\u00ea dever\u00e1 descrever quais s\u00e3o e como ocorrem os dois grandes fluxos de como os produtos s\u00e3o organizados na opera\u00e7\u00e3o da empresa. Al\u00e9m disso, forne\u00e7a e detalhe os tr\u00eas passos entre o fluxo do fornecedor at\u00e9 o centro de distribui\u00e7\u00e3o. Aqui, sua fonte de pesquisa ser\u00e1 o v\u00eddeo da experimenta\u00e7\u00e3o assistido anteriormente.<\/p>\n<p>A\u00e7\u00e3o 3 &#8211; Apresentar as atividades e os processos log\u00edsticos que ocorrem em um com\u00e9rcio eletr\u00f4nico.<br \/>\nNessa terceira a\u00e7\u00e3o, voc\u00ea ter\u00e1 que apresentar por t\u00f3picos quais s\u00e3o, de maneira geral, as atividades e os processos log\u00edsticos que ocorrem em um com\u00e9rcio eletr\u00f4nico. Aqui, sua fonte de pesquisa ser\u00e1 o seu livro did\u00e1tico.<\/p>\n<p>A\u00e7\u00e3o 4 &#8211; Relacionar atividade ou processo log\u00edstico utilizados na opera\u00e7\u00e3o da empresa do v\u00eddeo.<br \/>\nNessa quarta a\u00e7\u00e3o, ap\u00f3s assistir com aten\u00e7\u00e3o o v\u00eddeo da experimenta\u00e7\u00e3o, voc\u00ea dever\u00e1 relacionar pelo menos duas atividades ou processos log\u00edsticos listados na a\u00e7\u00e3o anterior com a opera\u00e7\u00e3o da empresa do v\u00eddeo. Para cada atividade, relacione com uma pr\u00e1tica que a empresa realiza. Aqui, sua fonte de pesquisa ser\u00e1 o v\u00eddeo da experimenta\u00e7\u00e3o assistido anteriormente.<\/p>\n<p>O seu desafio nessa atividade MAPA \u00e9 entregar um material com as respostas \u00e0s quest\u00f5es das a\u00e7\u00f5es descritas anteriormente. Ser\u00e1 disponibilizado um modelo de arquivo no Material da Disciplina que voc\u00ea dever\u00e1 utilizar para inser\u00e7\u00e3o das respostas \u00e0s quest\u00f5es.<\/p>\n<p>Esse material constitui a entrega da atividade MAPA, que deve ser realizada individualmente.<\/p>\n<p>A equipe de professores mediadores est\u00e1 \u00e0 sua disposi\u00e7\u00e3o para o atendimento das d\u00favidas por meio do \u201cFale com o Mediador\u201d em seu Studeo. Aproveite essa ferramenta!<\/p>\n<p>Bom trabalho!<\/p>\n","protected":false},"excerpt":{"rendered":"<p>\u201cAntes de partir para a cria\u00e7\u00e3o do com\u00e9rcio eletr\u00f4nico, \u00e9 necess\u00e1rio ter uma estrutura empresarial e um planejamento log\u00edstico que<\/p>\n","protected":false},"featured_media":2326,"template":"","meta":{"_monsterinsights_skip_tracking":false,"_monsterinsights_sitenote_active":false,"_monsterinsights_sitenote_note":"","_monsterinsights_sitenote_category":0},"product_brand":[],"product_cat":[32],"product_tag":[],"class_list":{"0":"post-5542","1":"product","2":"type-product","3":"status-publish","4":"has-post-thumbnail","6":"product_cat-logistica","8":"first","9":"instock","10":"downloadable","11":"virtual","12":"purchasable","13":"product-type-simple"},"yoast_head":"<!-- This site is optimized with the Yoast SEO plugin v27.4 - https:\/\/yoast.com\/product\/yoast-seo-wordpress\/ -->\n<title>MAPA - Log\u00edstica Empresarial - 51\/2025<\/title>\n<meta name=\"description\" content=\"Atividade MAPA - Log\u00edstica Empresarial - 51\/2025 &#8902; Unicesumar. Baixe agora mesmo um Mapa Pronto resolvido!\" \/>\n<meta name=\"robots\" content=\"index, follow, max-snippet:-1, max-image-preview:large, max-video-preview:-1\" \/>\n<link rel=\"canonical\" href=\"https:\/\/atividademapa.com\/?product=mapa-logistica-empresarial-51-2025\" \/>\n<meta property=\"og:locale\" content=\"pt_BR\" \/>\n<meta property=\"og:type\" content=\"article\" \/>\n<meta property=\"og:title\" content=\"MAPA - Log\u00edstica Empresarial - 51\/2025\" \/>\n<meta property=\"og:description\" content=\"Atividade MAPA - Log\u00edstica Empresarial - 51\/2025 &#8902; Unicesumar. Baixe agora mesmo um Mapa Pronto resolvido!\" \/>\n<meta property=\"og:url\" content=\"https:\/\/atividademapa.com\/?product=mapa-logistica-empresarial-51-2025\" \/>\n<meta property=\"og:site_name\" content=\"Atividade Mapa\" \/>\n<meta property=\"article:modified_time\" content=\"2025-04-13T12:12:31+00:00\" \/>\n<meta property=\"og:image\" content=\"https:\/\/i0.wp.com\/atividademapa.com\/wp-content\/uploads\/2023\/03\/Atividade-M.A.P.A-3.png?fit=300%2C300&ssl=1\" \/>\n\t<meta property=\"og:image:width\" content=\"300\" \/>\n\t<meta property=\"og:image:height\" content=\"300\" \/>\n\t<meta property=\"og:image:type\" content=\"image\/png\" \/>\n<meta name=\"twitter:card\" content=\"summary_large_image\" \/>\n<meta name=\"twitter:label1\" content=\"Est. tempo de leitura\" \/>\n\t<meta name=\"twitter:data1\" content=\"5 minutos\" \/>\n<script type=\"application\/ld+json\" class=\"yoast-schema-graph\">{\"@context\":\"https:\\\/\\\/schema.org\",\"@graph\":[{\"@type\":\"WebPage\",\"@id\":\"https:\\\/\\\/atividademapa.com\\\/?product=mapa-logistica-empresarial-51-2025\",\"url\":\"https:\\\/\\\/atividademapa.com\\\/?product=mapa-logistica-empresarial-51-2025\",\"name\":\"MAPA - Log\u00edstica Empresarial - 51\\\/2025\",\"isPartOf\":{\"@id\":\"https:\\\/\\\/atividademapa.com\\\/#website\"},\"primaryImageOfPage\":{\"@id\":\"https:\\\/\\\/atividademapa.com\\\/?product=mapa-logistica-empresarial-51-2025#primaryimage\"},\"image\":{\"@id\":\"https:\\\/\\\/atividademapa.com\\\/?product=mapa-logistica-empresarial-51-2025#primaryimage\"},\"thumbnailUrl\":\"https:\\\/\\\/i0.wp.com\\\/atividademapa.com\\\/wp-content\\\/uploads\\\/2023\\\/03\\\/Atividade-M.A.P.A-3.png?fit=300%2C300&ssl=1\",\"datePublished\":\"2025-04-13T12:12:30+00:00\",\"dateModified\":\"2025-04-13T12:12:31+00:00\",\"description\":\"Atividade MAPA - Log\u00edstica Empresarial - 51\\\/2025 &#8902; Unicesumar. Baixe agora mesmo um Mapa Pronto resolvido!\",\"breadcrumb\":{\"@id\":\"https:\\\/\\\/atividademapa.com\\\/?product=mapa-logistica-empresarial-51-2025#breadcrumb\"},\"inLanguage\":\"pt-BR\",\"potentialAction\":[{\"@type\":\"ReadAction\",\"target\":[\"https:\\\/\\\/atividademapa.com\\\/?product=mapa-logistica-empresarial-51-2025\"]}]},{\"@type\":\"ImageObject\",\"inLanguage\":\"pt-BR\",\"@id\":\"https:\\\/\\\/atividademapa.com\\\/?product=mapa-logistica-empresarial-51-2025#primaryimage\",\"url\":\"https:\\\/\\\/i0.wp.com\\\/atividademapa.com\\\/wp-content\\\/uploads\\\/2023\\\/03\\\/Atividade-M.A.P.A-3.png?fit=300%2C300&ssl=1\",\"contentUrl\":\"https:\\\/\\\/i0.wp.com\\\/atividademapa.com\\\/wp-content\\\/uploads\\\/2023\\\/03\\\/Atividade-M.A.P.A-3.png?fit=300%2C300&ssl=1\",\"width\":300,\"height\":300,\"caption\":\"Mapa Unicesumar Atividade\"},{\"@type\":\"BreadcrumbList\",\"@id\":\"https:\\\/\\\/atividademapa.com\\\/?product=mapa-logistica-empresarial-51-2025#breadcrumb\",\"itemListElement\":[{\"@type\":\"ListItem\",\"position\":1,\"name\":\"In\u00edcio\",\"item\":\"https:\\\/\\\/atividademapa.com\\\/\"},{\"@type\":\"ListItem\",\"position\":2,\"name\":\"MAPAS\",\"item\":\"https:\\\/\\\/atividademapa.com\\\/?page_id=5\"},{\"@type\":\"ListItem\",\"position\":3,\"name\":\"MAPA &#8211; Log\u00edstica Empresarial &#8211; 51\\\/2025\"}]},{\"@type\":\"WebSite\",\"@id\":\"https:\\\/\\\/atividademapa.com\\\/#website\",\"url\":\"https:\\\/\\\/atividademapa.com\\\/\",\"name\":\"Atividade Mapa\",\"description\":\"StudeO | Unicesumar\",\"publisher\":{\"@id\":\"https:\\\/\\\/atividademapa.com\\\/#organization\"},\"potentialAction\":[{\"@type\":\"SearchAction\",\"target\":{\"@type\":\"EntryPoint\",\"urlTemplate\":\"https:\\\/\\\/atividademapa.com\\\/?s={search_term_string}\"},\"query-input\":{\"@type\":\"PropertyValueSpecification\",\"valueRequired\":true,\"valueName\":\"search_term_string\"}}],\"inLanguage\":\"pt-BR\"},{\"@type\":\"Organization\",\"@id\":\"https:\\\/\\\/atividademapa.com\\\/#organization\",\"name\":\"Atividade MAPA\",\"url\":\"https:\\\/\\\/atividademapa.com\\\/\",\"logo\":{\"@type\":\"ImageObject\",\"inLanguage\":\"pt-BR\",\"@id\":\"https:\\\/\\\/atividademapa.com\\\/#\\\/schema\\\/logo\\\/image\\\/\",\"url\":\"https:\\\/\\\/i0.wp.com\\\/atividademapa.com\\\/wp-content\\\/uploads\\\/2023\\\/02\\\/ATIVIDADE.png?fit=600%2C300&ssl=1\",\"contentUrl\":\"https:\\\/\\\/i0.wp.com\\\/atividademapa.com\\\/wp-content\\\/uploads\\\/2023\\\/02\\\/ATIVIDADE.png?fit=600%2C300&ssl=1\",\"width\":600,\"height\":300,\"caption\":\"Atividade MAPA\"},\"image\":{\"@id\":\"https:\\\/\\\/atividademapa.com\\\/#\\\/schema\\\/logo\\\/image\\\/\"}}]}<\/script>\n<!-- \/ Yoast SEO plugin. -->","yoast_head_json":{"title":"MAPA - Log\u00edstica Empresarial - 51\/2025","description":"Atividade MAPA - Log\u00edstica Empresarial - 51\/2025 &#8902; Unicesumar. Baixe agora mesmo um Mapa Pronto resolvido!","robots":{"index":"index","follow":"follow","max-snippet":"max-snippet:-1","max-image-preview":"max-image-preview:large","max-video-preview":"max-video-preview:-1"},"canonical":"https:\/\/atividademapa.com\/?product=mapa-logistica-empresarial-51-2025","og_locale":"pt_BR","og_type":"article","og_title":"MAPA - Log\u00edstica Empresarial - 51\/2025","og_description":"Atividade MAPA - Log\u00edstica Empresarial - 51\/2025 &#8902; Unicesumar. Baixe agora mesmo um Mapa Pronto resolvido!","og_url":"https:\/\/atividademapa.com\/?product=mapa-logistica-empresarial-51-2025","og_site_name":"Atividade Mapa","article_modified_time":"2025-04-13T12:12:31+00:00","og_image":[{"width":300,"height":300,"url":"https:\/\/i0.wp.com\/atividademapa.com\/wp-content\/uploads\/2023\/03\/Atividade-M.A.P.A-3.png?fit=300%2C300&ssl=1","type":"image\/png"}],"twitter_card":"summary_large_image","twitter_misc":{"Est. tempo de leitura":"5 minutos"},"schema":{"@context":"https:\/\/schema.org","@graph":[{"@type":"WebPage","@id":"https:\/\/atividademapa.com\/?product=mapa-logistica-empresarial-51-2025","url":"https:\/\/atividademapa.com\/?product=mapa-logistica-empresarial-51-2025","name":"MAPA - Log\u00edstica Empresarial - 51\/2025","isPartOf":{"@id":"https:\/\/atividademapa.com\/#website"},"primaryImageOfPage":{"@id":"https:\/\/atividademapa.com\/?product=mapa-logistica-empresarial-51-2025#primaryimage"},"image":{"@id":"https:\/\/atividademapa.com\/?product=mapa-logistica-empresarial-51-2025#primaryimage"},"thumbnailUrl":"https:\/\/i0.wp.com\/atividademapa.com\/wp-content\/uploads\/2023\/03\/Atividade-M.A.P.A-3.png?fit=300%2C300&ssl=1","datePublished":"2025-04-13T12:12:30+00:00","dateModified":"2025-04-13T12:12:31+00:00","description":"Atividade MAPA - Log\u00edstica Empresarial - 51\/2025 &#8902; Unicesumar. Baixe agora mesmo um Mapa Pronto resolvido!","breadcrumb":{"@id":"https:\/\/atividademapa.com\/?product=mapa-logistica-empresarial-51-2025#breadcrumb"},"inLanguage":"pt-BR","potentialAction":[{"@type":"ReadAction","target":["https:\/\/atividademapa.com\/?product=mapa-logistica-empresarial-51-2025"]}]},{"@type":"ImageObject","inLanguage":"pt-BR","@id":"https:\/\/atividademapa.com\/?product=mapa-logistica-empresarial-51-2025#primaryimage","url":"https:\/\/i0.wp.com\/atividademapa.com\/wp-content\/uploads\/2023\/03\/Atividade-M.A.P.A-3.png?fit=300%2C300&ssl=1","contentUrl":"https:\/\/i0.wp.com\/atividademapa.com\/wp-content\/uploads\/2023\/03\/Atividade-M.A.P.A-3.png?fit=300%2C300&ssl=1","width":300,"height":300,"caption":"Mapa Unicesumar Atividade"},{"@type":"BreadcrumbList","@id":"https:\/\/atividademapa.com\/?product=mapa-logistica-empresarial-51-2025#breadcrumb","itemListElement":[{"@type":"ListItem","position":1,"name":"In\u00edcio","item":"https:\/\/atividademapa.com\/"},{"@type":"ListItem","position":2,"name":"MAPAS","item":"https:\/\/atividademapa.com\/?page_id=5"},{"@type":"ListItem","position":3,"name":"MAPA &#8211; Log\u00edstica Empresarial &#8211; 51\/2025"}]},{"@type":"WebSite","@id":"https:\/\/atividademapa.com\/#website","url":"https:\/\/atividademapa.com\/","name":"Atividade Mapa","description":"StudeO | Unicesumar","publisher":{"@id":"https:\/\/atividademapa.com\/#organization"},"potentialAction":[{"@type":"SearchAction","target":{"@type":"EntryPoint","urlTemplate":"https:\/\/atividademapa.com\/?s={search_term_string}"},"query-input":{"@type":"PropertyValueSpecification","valueRequired":true,"valueName":"search_term_string"}}],"inLanguage":"pt-BR"},{"@type":"Organization","@id":"https:\/\/atividademapa.com\/#organization","name":"Atividade MAPA","url":"https:\/\/atividademapa.com\/","logo":{"@type":"ImageObject","inLanguage":"pt-BR","@id":"https:\/\/atividademapa.com\/#\/schema\/logo\/image\/","url":"https:\/\/i0.wp.com\/atividademapa.com\/wp-content\/uploads\/2023\/02\/ATIVIDADE.png?fit=600%2C300&ssl=1","contentUrl":"https:\/\/i0.wp.com\/atividademapa.com\/wp-content\/uploads\/2023\/02\/ATIVIDADE.png?fit=600%2C300&ssl=1","width":600,"height":300,"caption":"Atividade MAPA"},"image":{"@id":"https:\/\/atividademapa.com\/#\/schema\/logo\/image\/"}}]}},"_links":{"self":[{"href":"https:\/\/atividademapa.com\/index.php?rest_route=\/wp\/v2\/product\/5542","targetHints":{"allow":["GET"]}}],"collection":[{"href":"https:\/\/atividademapa.com\/index.php?rest_route=\/wp\/v2\/product"}],"about":[{"href":"https:\/\/atividademapa.com\/index.php?rest_route=\/wp\/v2\/types\/product"}],"version-history":[{"count":1,"href":"https:\/\/atividademapa.com\/index.php?rest_route=\/wp\/v2\/product\/5542\/revisions"}],"predecessor-version":[{"id":5544,"href":"https:\/\/atividademapa.com\/index.php?rest_route=\/wp\/v2\/product\/5542\/revisions\/5544"}],"wp:featuredmedia":[{"embeddable":true,"href":"https:\/\/atividademapa.com\/index.php?rest_route=\/wp\/v2\/media\/2326"}],"wp:attachment":[{"href":"https:\/\/atividademapa.com\/index.php?rest_route=%2Fwp%2Fv2%2Fmedia&parent=5542"}],"wp:term":[{"taxonomy":"product_brand","embeddable":true,"href":"https:\/\/atividademapa.com\/index.php?rest_route=%2Fwp%2Fv2%2Fproduct_brand&post=5542"},{"taxonomy":"product_cat","embeddable":true,"href":"https:\/\/atividademapa.com\/index.php?rest_route=%2Fwp%2Fv2%2Fproduct_cat&post=5542"},{"taxonomy":"product_tag","embeddable":true,"href":"https:\/\/atividademapa.com\/index.php?rest_route=%2Fwp%2Fv2%2Fproduct_tag&post=5542"}],"curies":[{"name":"wp","href":"https:\/\/api.w.org\/{rel}","templated":true}]}}