{"id":5569,"date":"2025-04-17T20:57:53","date_gmt":"2025-04-17T23:57:53","guid":{"rendered":"https:\/\/atividademapa.com\/?post_type=product&#038;p=5569"},"modified":"2025-04-17T20:57:54","modified_gmt":"2025-04-17T23:57:54","slug":"mapa-mapeamento-de-processo-51-2025","status":"publish","type":"product","link":"https:\/\/atividademapa.com\/?product=mapa-mapeamento-de-processo-51-2025","title":{"rendered":"MAPA &#8211; Mapeamento de Processo &#8211; 51\/2025"},"content":{"rendered":"<p>Bem-vindo \u00e0 nossa atividade de estudos na disciplina de Mapeamento de Processos!<br \/>\nNeste m\u00f3dulo, voc\u00ea foi incentivado a aprender t\u00e9cnicas e fundamentos de mapeamento de processos, uma atividade essencial para compreender, analisar e melhorar a efici\u00eancia operacional de uma organiza\u00e7\u00e3o.<br \/>\nO mapeamento de processos \u00e9 uma poderosa ferramenta de gest\u00e3o que permite visualizar de forma clara e estruturada os passos, atividades e fluxos de trabalho envolvidos em processos produtivos ou administrativos. Por meio dessa abordagem visual e simples, \u00e9 poss\u00edvel identificar gargalos, desperd\u00edcios, inefici\u00eancias e oportunidades de melhoria na linha produtiva.<br \/>\nEntre as metodologias amplamente utilizadas no mapeamento de processos, destaca-se a filosofia Lean Manufacturing. Mais do que uma metodologia, o Lean \u00e9 uma filosofia de gest\u00e3o que busca eliminar desperd\u00edcios e otimizar processos produtivos, promovendo melhorias cont\u00ednuas em todas as \u00e1reas da organiza\u00e7\u00e3o.<br \/>\nAl\u00e9m disso, o mapeamento de processos abrange o Mapeamento do Fluxo de Valor (MFV), tamb\u00e9m conhecido como Value Stream Mapping (VSM). Essa ferramenta permite ao gestor identificar gargalos, tempos de espera e outras fontes de desperd\u00edcio nos processos organizacionais, fornecendo uma vis\u00e3o detalhada do fluxo de valor.<\/p>\n<p>A disciplina tamb\u00e9m aborda conceitos-chave do mapeamento de processos, como:<br \/>\nIdentifica\u00e7\u00e3o e defini\u00e7\u00e3o dos processos a serem mapeados.<br \/>\nAn\u00e1lise de atividades e fluxos de trabalho.<br \/>\nColeta de informa\u00e7\u00f5es relevantes.<br \/>\nRepresenta\u00e7\u00e3o gr\u00e1fica de processos, utilizando ferramentas como fluxogramas, mapas de processos, modelagem de processos por BPM e nota\u00e7\u00e3o BPMN.<\/p>\n<p>Assim, nesta atividade de estudo, voc\u00ea ter\u00e1 a oportunidade de demonstrar seu conhecimento sobre mapeamento de processos. Nosso objetivo \u00e9 avaliar sua capacidade de identificar oportunidades de melhoria, melhorar a efici\u00eancia operacional e alinhar as atividades organizacionais aos objetivos estrat\u00e9gicos. Essas habilidades s\u00e3o altamente valorizadas em \u00e1reas como gest\u00e3o de opera\u00e7\u00f5es, melhoria cont\u00ednua, consultoria e gest\u00e3o de projetos.<\/p>\n<p>Fonte: SLACK, N.; BRANDON-JONES, A.; JOHNSTON, R. Administra\u00e7\u00e3o da produ\u00e7\u00e3o. 8. ed. S\u00e3o Paulo: Atlas, 2018.<\/p>\n<p>Ap\u00f3s entender um pouco mais sobre o Mapeamento de Processos, fica evidente a ampla gama de oportunidades dispon\u00edveis para os profissionais das \u00e1reas de Qualidade e Produ\u00e7\u00e3o. No entanto, o sucesso no setor produtivo s\u00f3 ser\u00e1 alcan\u00e7ado se houver um alto n\u00edvel de qualidade aliado ao menor custo poss\u00edvel, atendendo aos principais requisitos produtivos.<br \/>\nAssim, com base nesse contexto, imagine que voc\u00ea \u00e9 o profissional de qualidade respons\u00e1vel pelo setor produtivo de montagem de mesas. Sua miss\u00e3o \u00e9 melhorar o prazo de entrega dos produtos, pois a empresa tem reclama\u00e7\u00f5es de atrasos nas entregas. Para resolver esse problema, voc\u00ea decidiu acompanhar de perto o processo produtivo.<br \/>\nPara isso, \u00e9 poss\u00edvel visualizar o processo bruto por meio do laborat\u00f3rio virtual dispon\u00edvel no seu Studeo. Por meio do laborat\u00f3rio, voc\u00ea visualizar\u00e1 algumas altera\u00e7\u00f5es realizadas ap\u00f3s um mapeamento de processo com base no Lean Manufacturing realizado pelo setor de engenharia. Portanto, voc\u00ea possui dispon\u00edvel para acesso \u00e0 Din\u00e2mica Lean Manufacturing e voc\u00ea dever\u00e1 realizar o experimento duas vezes.<\/p>\n<p>No experimento, voc\u00ea passar\u00e1 por 4 rodadas e em cada uma ter\u00e1 melhorias realizadas. Nesse sentido, com base nas suas simula\u00e7\u00f5es e seus resultados, responda:<\/p>\n<p>a) Descreva as diferen\u00e7as observadas entre cada rodada, realizando a compara\u00e7\u00e3o com os desperd\u00edcios de produ\u00e7\u00e3o apresentadas no Lean Manufacturing.<br \/>\nb) Realize o experimento duas vezes e tire print dos resultados finais, em seguida descreva a diferen\u00e7a entre elas, considerando: Produ\u00e7\u00e3o; Lucro\/preju\u00edzo e Tempo.<br \/>\nc) Por meio da simula\u00e7\u00e3o apresentada, o problema de atrasos na entrega foram resolvidos? Como voc\u00ea explicaria isso.<br \/>\nd) Ao final do experimento, o que voc\u00ea observou e aprendeu?<br \/>\ne) Por fim, descreva a import\u00e2ncia do Mapeamento de Processos para ganhos produtivos e de qualidade nas empresas e quais benef\u00edcios podem ser adquiridos.<\/p>\n","protected":false},"excerpt":{"rendered":"<p>Bem-vindo \u00e0 nossa atividade de estudos na disciplina de Mapeamento de Processos! Neste m\u00f3dulo, voc\u00ea foi incentivado a aprender t\u00e9cnicas<\/p>\n","protected":false},"featured_media":2326,"template":"","meta":{"_monsterinsights_skip_tracking":false,"_monsterinsights_sitenote_active":false,"_monsterinsights_sitenote_note":"","_monsterinsights_sitenote_category":0},"product_brand":[],"product_cat":[29],"product_tag":[],"class_list":{"0":"post-5569","1":"product","2":"type-product","3":"status-publish","4":"has-post-thumbnail","6":"product_cat-gestao-de-qualidade","8":"first","9":"instock","10":"downloadable","11":"virtual","12":"purchasable","13":"product-type-simple"},"yoast_head":"<!-- This site is optimized with the Yoast SEO plugin v27.4 - https:\/\/yoast.com\/product\/yoast-seo-wordpress\/ -->\n<title>MAPA - Mapeamento de Processo - 51\/2025<\/title>\n<meta name=\"description\" content=\"Atividade MAPA - Mapeamento de Processo - 51\/2025 &#8902; Unicesumar. Baixe agora mesmo um Mapa Pronto resolvido!\" \/>\n<meta name=\"robots\" content=\"index, follow, max-snippet:-1, max-image-preview:large, max-video-preview:-1\" \/>\n<link rel=\"canonical\" href=\"https:\/\/atividademapa.com\/?product=mapa-mapeamento-de-processo-51-2025\" \/>\n<meta property=\"og:locale\" content=\"pt_BR\" \/>\n<meta property=\"og:type\" content=\"article\" \/>\n<meta property=\"og:title\" content=\"MAPA - Mapeamento de Processo - 51\/2025\" \/>\n<meta property=\"og:description\" content=\"Atividade MAPA - Mapeamento de Processo - 51\/2025 &#8902; Unicesumar. Baixe agora mesmo um Mapa Pronto resolvido!\" \/>\n<meta property=\"og:url\" content=\"https:\/\/atividademapa.com\/?product=mapa-mapeamento-de-processo-51-2025\" \/>\n<meta property=\"og:site_name\" content=\"Atividade Mapa\" \/>\n<meta property=\"article:modified_time\" content=\"2025-04-17T23:57:54+00:00\" \/>\n<meta property=\"og:image\" content=\"https:\/\/i0.wp.com\/atividademapa.com\/wp-content\/uploads\/2023\/03\/Atividade-M.A.P.A-3.png?fit=300%2C300&ssl=1\" \/>\n\t<meta property=\"og:image:width\" content=\"300\" \/>\n\t<meta property=\"og:image:height\" content=\"300\" \/>\n\t<meta property=\"og:image:type\" content=\"image\/png\" \/>\n<meta name=\"twitter:card\" content=\"summary_large_image\" \/>\n<meta name=\"twitter:label1\" content=\"Est. tempo de leitura\" \/>\n\t<meta name=\"twitter:data1\" content=\"3 minutos\" \/>\n<script type=\"application\/ld+json\" class=\"yoast-schema-graph\">{\"@context\":\"https:\\\/\\\/schema.org\",\"@graph\":[{\"@type\":\"WebPage\",\"@id\":\"https:\\\/\\\/atividademapa.com\\\/?product=mapa-mapeamento-de-processo-51-2025\",\"url\":\"https:\\\/\\\/atividademapa.com\\\/?product=mapa-mapeamento-de-processo-51-2025\",\"name\":\"MAPA - Mapeamento de Processo - 51\\\/2025\",\"isPartOf\":{\"@id\":\"https:\\\/\\\/atividademapa.com\\\/#website\"},\"primaryImageOfPage\":{\"@id\":\"https:\\\/\\\/atividademapa.com\\\/?product=mapa-mapeamento-de-processo-51-2025#primaryimage\"},\"image\":{\"@id\":\"https:\\\/\\\/atividademapa.com\\\/?product=mapa-mapeamento-de-processo-51-2025#primaryimage\"},\"thumbnailUrl\":\"https:\\\/\\\/i0.wp.com\\\/atividademapa.com\\\/wp-content\\\/uploads\\\/2023\\\/03\\\/Atividade-M.A.P.A-3.png?fit=300%2C300&ssl=1\",\"datePublished\":\"2025-04-17T23:57:53+00:00\",\"dateModified\":\"2025-04-17T23:57:54+00:00\",\"description\":\"Atividade MAPA - Mapeamento de Processo - 51\\\/2025 &#8902; Unicesumar. Baixe agora mesmo um Mapa Pronto resolvido!\",\"breadcrumb\":{\"@id\":\"https:\\\/\\\/atividademapa.com\\\/?product=mapa-mapeamento-de-processo-51-2025#breadcrumb\"},\"inLanguage\":\"pt-BR\",\"potentialAction\":[{\"@type\":\"ReadAction\",\"target\":[\"https:\\\/\\\/atividademapa.com\\\/?product=mapa-mapeamento-de-processo-51-2025\"]}]},{\"@type\":\"ImageObject\",\"inLanguage\":\"pt-BR\",\"@id\":\"https:\\\/\\\/atividademapa.com\\\/?product=mapa-mapeamento-de-processo-51-2025#primaryimage\",\"url\":\"https:\\\/\\\/i0.wp.com\\\/atividademapa.com\\\/wp-content\\\/uploads\\\/2023\\\/03\\\/Atividade-M.A.P.A-3.png?fit=300%2C300&ssl=1\",\"contentUrl\":\"https:\\\/\\\/i0.wp.com\\\/atividademapa.com\\\/wp-content\\\/uploads\\\/2023\\\/03\\\/Atividade-M.A.P.A-3.png?fit=300%2C300&ssl=1\",\"width\":300,\"height\":300,\"caption\":\"Mapa Unicesumar Atividade\"},{\"@type\":\"BreadcrumbList\",\"@id\":\"https:\\\/\\\/atividademapa.com\\\/?product=mapa-mapeamento-de-processo-51-2025#breadcrumb\",\"itemListElement\":[{\"@type\":\"ListItem\",\"position\":1,\"name\":\"In\u00edcio\",\"item\":\"https:\\\/\\\/atividademapa.com\\\/\"},{\"@type\":\"ListItem\",\"position\":2,\"name\":\"MAPAS\",\"item\":\"https:\\\/\\\/atividademapa.com\\\/?page_id=5\"},{\"@type\":\"ListItem\",\"position\":3,\"name\":\"MAPA &#8211; Mapeamento de Processo &#8211; 51\\\/2025\"}]},{\"@type\":\"WebSite\",\"@id\":\"https:\\\/\\\/atividademapa.com\\\/#website\",\"url\":\"https:\\\/\\\/atividademapa.com\\\/\",\"name\":\"Atividade Mapa\",\"description\":\"StudeO | Unicesumar\",\"publisher\":{\"@id\":\"https:\\\/\\\/atividademapa.com\\\/#organization\"},\"potentialAction\":[{\"@type\":\"SearchAction\",\"target\":{\"@type\":\"EntryPoint\",\"urlTemplate\":\"https:\\\/\\\/atividademapa.com\\\/?s={search_term_string}\"},\"query-input\":{\"@type\":\"PropertyValueSpecification\",\"valueRequired\":true,\"valueName\":\"search_term_string\"}}],\"inLanguage\":\"pt-BR\"},{\"@type\":\"Organization\",\"@id\":\"https:\\\/\\\/atividademapa.com\\\/#organization\",\"name\":\"Atividade MAPA\",\"url\":\"https:\\\/\\\/atividademapa.com\\\/\",\"logo\":{\"@type\":\"ImageObject\",\"inLanguage\":\"pt-BR\",\"@id\":\"https:\\\/\\\/atividademapa.com\\\/#\\\/schema\\\/logo\\\/image\\\/\",\"url\":\"https:\\\/\\\/i0.wp.com\\\/atividademapa.com\\\/wp-content\\\/uploads\\\/2023\\\/02\\\/ATIVIDADE.png?fit=600%2C300&ssl=1\",\"contentUrl\":\"https:\\\/\\\/i0.wp.com\\\/atividademapa.com\\\/wp-content\\\/uploads\\\/2023\\\/02\\\/ATIVIDADE.png?fit=600%2C300&ssl=1\",\"width\":600,\"height\":300,\"caption\":\"Atividade MAPA\"},\"image\":{\"@id\":\"https:\\\/\\\/atividademapa.com\\\/#\\\/schema\\\/logo\\\/image\\\/\"}}]}<\/script>\n<!-- \/ Yoast SEO plugin. -->","yoast_head_json":{"title":"MAPA - Mapeamento de Processo - 51\/2025","description":"Atividade MAPA - Mapeamento de Processo - 51\/2025 &#8902; Unicesumar. Baixe agora mesmo um Mapa Pronto resolvido!","robots":{"index":"index","follow":"follow","max-snippet":"max-snippet:-1","max-image-preview":"max-image-preview:large","max-video-preview":"max-video-preview:-1"},"canonical":"https:\/\/atividademapa.com\/?product=mapa-mapeamento-de-processo-51-2025","og_locale":"pt_BR","og_type":"article","og_title":"MAPA - Mapeamento de Processo - 51\/2025","og_description":"Atividade MAPA - Mapeamento de Processo - 51\/2025 &#8902; Unicesumar. Baixe agora mesmo um Mapa Pronto resolvido!","og_url":"https:\/\/atividademapa.com\/?product=mapa-mapeamento-de-processo-51-2025","og_site_name":"Atividade Mapa","article_modified_time":"2025-04-17T23:57:54+00:00","og_image":[{"width":300,"height":300,"url":"https:\/\/i0.wp.com\/atividademapa.com\/wp-content\/uploads\/2023\/03\/Atividade-M.A.P.A-3.png?fit=300%2C300&ssl=1","type":"image\/png"}],"twitter_card":"summary_large_image","twitter_misc":{"Est. tempo de leitura":"3 minutos"},"schema":{"@context":"https:\/\/schema.org","@graph":[{"@type":"WebPage","@id":"https:\/\/atividademapa.com\/?product=mapa-mapeamento-de-processo-51-2025","url":"https:\/\/atividademapa.com\/?product=mapa-mapeamento-de-processo-51-2025","name":"MAPA - Mapeamento de Processo - 51\/2025","isPartOf":{"@id":"https:\/\/atividademapa.com\/#website"},"primaryImageOfPage":{"@id":"https:\/\/atividademapa.com\/?product=mapa-mapeamento-de-processo-51-2025#primaryimage"},"image":{"@id":"https:\/\/atividademapa.com\/?product=mapa-mapeamento-de-processo-51-2025#primaryimage"},"thumbnailUrl":"https:\/\/i0.wp.com\/atividademapa.com\/wp-content\/uploads\/2023\/03\/Atividade-M.A.P.A-3.png?fit=300%2C300&ssl=1","datePublished":"2025-04-17T23:57:53+00:00","dateModified":"2025-04-17T23:57:54+00:00","description":"Atividade MAPA - Mapeamento de Processo - 51\/2025 &#8902; Unicesumar. Baixe agora mesmo um Mapa Pronto resolvido!","breadcrumb":{"@id":"https:\/\/atividademapa.com\/?product=mapa-mapeamento-de-processo-51-2025#breadcrumb"},"inLanguage":"pt-BR","potentialAction":[{"@type":"ReadAction","target":["https:\/\/atividademapa.com\/?product=mapa-mapeamento-de-processo-51-2025"]}]},{"@type":"ImageObject","inLanguage":"pt-BR","@id":"https:\/\/atividademapa.com\/?product=mapa-mapeamento-de-processo-51-2025#primaryimage","url":"https:\/\/i0.wp.com\/atividademapa.com\/wp-content\/uploads\/2023\/03\/Atividade-M.A.P.A-3.png?fit=300%2C300&ssl=1","contentUrl":"https:\/\/i0.wp.com\/atividademapa.com\/wp-content\/uploads\/2023\/03\/Atividade-M.A.P.A-3.png?fit=300%2C300&ssl=1","width":300,"height":300,"caption":"Mapa Unicesumar Atividade"},{"@type":"BreadcrumbList","@id":"https:\/\/atividademapa.com\/?product=mapa-mapeamento-de-processo-51-2025#breadcrumb","itemListElement":[{"@type":"ListItem","position":1,"name":"In\u00edcio","item":"https:\/\/atividademapa.com\/"},{"@type":"ListItem","position":2,"name":"MAPAS","item":"https:\/\/atividademapa.com\/?page_id=5"},{"@type":"ListItem","position":3,"name":"MAPA &#8211; Mapeamento de Processo &#8211; 51\/2025"}]},{"@type":"WebSite","@id":"https:\/\/atividademapa.com\/#website","url":"https:\/\/atividademapa.com\/","name":"Atividade Mapa","description":"StudeO | Unicesumar","publisher":{"@id":"https:\/\/atividademapa.com\/#organization"},"potentialAction":[{"@type":"SearchAction","target":{"@type":"EntryPoint","urlTemplate":"https:\/\/atividademapa.com\/?s={search_term_string}"},"query-input":{"@type":"PropertyValueSpecification","valueRequired":true,"valueName":"search_term_string"}}],"inLanguage":"pt-BR"},{"@type":"Organization","@id":"https:\/\/atividademapa.com\/#organization","name":"Atividade MAPA","url":"https:\/\/atividademapa.com\/","logo":{"@type":"ImageObject","inLanguage":"pt-BR","@id":"https:\/\/atividademapa.com\/#\/schema\/logo\/image\/","url":"https:\/\/i0.wp.com\/atividademapa.com\/wp-content\/uploads\/2023\/02\/ATIVIDADE.png?fit=600%2C300&ssl=1","contentUrl":"https:\/\/i0.wp.com\/atividademapa.com\/wp-content\/uploads\/2023\/02\/ATIVIDADE.png?fit=600%2C300&ssl=1","width":600,"height":300,"caption":"Atividade MAPA"},"image":{"@id":"https:\/\/atividademapa.com\/#\/schema\/logo\/image\/"}}]}},"_links":{"self":[{"href":"https:\/\/atividademapa.com\/index.php?rest_route=\/wp\/v2\/product\/5569","targetHints":{"allow":["GET"]}}],"collection":[{"href":"https:\/\/atividademapa.com\/index.php?rest_route=\/wp\/v2\/product"}],"about":[{"href":"https:\/\/atividademapa.com\/index.php?rest_route=\/wp\/v2\/types\/product"}],"version-history":[{"count":1,"href":"https:\/\/atividademapa.com\/index.php?rest_route=\/wp\/v2\/product\/5569\/revisions"}],"predecessor-version":[{"id":5571,"href":"https:\/\/atividademapa.com\/index.php?rest_route=\/wp\/v2\/product\/5569\/revisions\/5571"}],"wp:featuredmedia":[{"embeddable":true,"href":"https:\/\/atividademapa.com\/index.php?rest_route=\/wp\/v2\/media\/2326"}],"wp:attachment":[{"href":"https:\/\/atividademapa.com\/index.php?rest_route=%2Fwp%2Fv2%2Fmedia&parent=5569"}],"wp:term":[{"taxonomy":"product_brand","embeddable":true,"href":"https:\/\/atividademapa.com\/index.php?rest_route=%2Fwp%2Fv2%2Fproduct_brand&post=5569"},{"taxonomy":"product_cat","embeddable":true,"href":"https:\/\/atividademapa.com\/index.php?rest_route=%2Fwp%2Fv2%2Fproduct_cat&post=5569"},{"taxonomy":"product_tag","embeddable":true,"href":"https:\/\/atividademapa.com\/index.php?rest_route=%2Fwp%2Fv2%2Fproduct_tag&post=5569"}],"curies":[{"name":"wp","href":"https:\/\/api.w.org\/{rel}","templated":true}]}}