{"id":5583,"date":"2025-04-21T20:41:38","date_gmt":"2025-04-21T23:41:38","guid":{"rendered":"https:\/\/atividademapa.com\/?post_type=product&#038;p=5583"},"modified":"2025-04-21T20:41:40","modified_gmt":"2025-04-21T23:41:40","slug":"mapa-fisica-geral-e-experimental-51-2025","status":"publish","type":"product","link":"https:\/\/atividademapa.com\/?product=mapa-fisica-geral-e-experimental-51-2025","title":{"rendered":"MAPA &#8211; F\u00edsica Geral e experimental &#8211; 51\/2025"},"content":{"rendered":"<p class=\"ng-scope\"><strong>MAPA \u2013 Material de Avalia\u00e7\u00e3o Pr\u00e1tica da Aprendizagem<\/strong><\/p>\n<p><strong>Instru\u00e7\u00f5es para realiza\u00e7\u00e3o e entrega da atividade<\/strong><\/p>\n<p>1. Todos os campos acima dever\u00e3o ser devidamente preenchidos.<br \/>\n2. \u00c9 obrigat\u00f3ria a utiliza\u00e7\u00e3o deste formul\u00e1rio para a realiza\u00e7\u00e3o do MAPA (<em>template<\/em>).<br \/>\n3. Esta \u00e9 uma atividade individual, visto que trabalhos copiados da internet ou de outros(as) alunos(as) ser\u00e3o zerados.<br \/>\n4. O trabalho pode ter quantas p\u00e1ginas voc\u00ea precisar para respond\u00ea-lo, desde que siga a sua estrutura. Preferencialmente, utilizar a formata\u00e7\u00e3o: fonte Arial 12, espa\u00e7amento entre linhas 1,5 linhas e texto justificado.<br \/>\n5. Ao utilizar quaisquer materiais de pesquisa apresente as refer\u00eancias no final do trabalho em ordem alfab\u00e9tica e conforme as normas da ABNT NBR 6023:2018. Voc\u00ea pode utilizar este site para orienta\u00e7\u00e3o: https:\/\/usp.br\/sddarquivos\/aulasmetodologia\/abnt6023.pdf<br \/>\n6. Ap\u00f3s inteiramente respondido, coloque um nome simples no seu arquivo para n\u00e3o haver confus\u00e3o no momento do envio. Se o\u00a0nome\u00a0tiver\u00a0caracteres\u00a0estranhos, principalmente pontos ou for\u00a0muito grande, \u00e9 poss\u00edvel que a equipe de corre\u00e7\u00e3o n\u00e3o consiga abrir o seu trabalho e ele seja zerado;<br \/>\n7. Voc\u00ea ir\u00e1 entregar apenas UM ARQUIVO com suas respostas, o trabalho deve ser enviado para corre\u00e7\u00e3o pelo seu Studeo em formato de arquivo doc\/docx ou PDF, na forma de anexo no campo de resposta da atividade MAPA. Caso voc\u00ea utilize OPEN OFFICE ou MAC, transforme o arquivo em PDF para evitar incompatibilidade.<br \/>\n8. Ao final do enunciado desta atividade, aqui, no Studeo, h\u00e1 uma caixa de envio de arquivo. Basta clicar e selecionar sua atividade ou arrastar o arquivo at\u00e9 ela.<br \/>\n9. Antes de clicar em\u00a0FINALIZAR, certifique-se de que est\u00e1 tudo certo,\u00a0pois uma vez\u00a0finalizado voc\u00ea n\u00e3o poder\u00e1 mais modificar o arquivo. Sugerimos que voc\u00ea fa\u00e7a o download para conferir se est\u00e1 de acordo com o arquivo entregue.<\/p>\n<p><strong>Em caso de d\u00favidas, entre em contato com seu Professor Mediador.<\/strong><br \/>\n<strong>Desejamos<\/strong><strong>\u00a0a voc\u00ea um excelente trabalho<\/strong><\/p>\n<p>Dois fatores s\u00e3o importantes para o estudo de arrancadas e freadas: a varia\u00e7\u00e3o da velocidade e o tempo. Da\u00ed a import\u00e2ncia da acelera\u00e7\u00e3o.<br \/>\nFonte: F\u00edsica Geral e Experimental I. Luis Ricardo Arruda de Andrade. Maring\u00e1-PR.: Unicesumar, 2019. p. 46.<\/p>\n<p>No contexto da rob\u00f3tica e sistemas automatizados, velocidade, espa\u00e7o e a acelera\u00e7\u00e3o s\u00e3o par\u00e2metros cruciais para garantir a precis\u00e3o e a efici\u00eancia das opera\u00e7\u00f5es realizadas pelos dispositivos. Um exemplo interessante de aplica\u00e7\u00e3o ocorre em bra\u00e7os rob\u00f3ticos utilizados na montagem de componentes eletr\u00f4nicos sens\u00edveis.<br \/>\nEsses bra\u00e7os rob\u00f3ticos s\u00e3o frequentemente programados para realizar tarefas delicadas, como a montagem de microchips em circuitos impressos. Nesse cen\u00e1rio, a precis\u00e3o e o controle da movimenta\u00e7\u00e3o s\u00e3o essenciais para evitar danos aos componentes e garantir que o processo seja realizado com a mais alta qualidade.<br \/>\nVantagens da Acelera\u00e7\u00e3o Controlada: Precis\u00e3o no Posicionamento, Redu\u00e7\u00e3o de Danos aos Componentes, Efici\u00eancia e Confiabilidade.<\/p>\n<p><strong>1)\u00a0<\/strong>Voc\u00ea est\u00e1 trabalhando para dimensionar um novo bra\u00e7o rob\u00f3tico e, para isso, deve obter alguns dados em que este equipamento deve ser projetado. Sabe-se a forma em que este bra\u00e7o rob\u00f3tico deve se mover e voc\u00ea consegue simular tal movimento. Utilizando-se dos equipamentos das Maletas Experimentais e o Roteiro do Atlas das Engenharias, realize o experimento de Movimento Retil\u00edneo Uniforme e responda, com os dados obtidos, os itens a seguir:<\/p>\n<p>a) Preencha a tabela abaixo durante a realiza\u00e7\u00e3o do experimento:<\/p>\n<p class=\"ng-scope\"><img data-recalc-dims=\"1\" decoding=\"async\" src=\"https:\/\/i0.wp.com\/sistemasead.unicesumar.edu.br\/flex\/amfphp\/services\/Portal\/ImagemQuestionario2\/QUE_245396_635567_1.png?ssl=1\" alt=\"\" \/><\/p>\n<p>b)\u00a0Com os dados anteriores, realize os c\u00e1lculos e preencha as tabelas a seguir:<\/p>\n<p class=\"ng-scope\"><img data-recalc-dims=\"1\" decoding=\"async\" src=\"https:\/\/i0.wp.com\/sistemasead.unicesumar.edu.br\/flex\/amfphp\/services\/Portal\/ImagemQuestionario2\/QUE_245396_635567_2.png\" alt=\"\" \/><br \/>\n<img data-recalc-dims=\"1\" decoding=\"async\" src=\"https:\/\/i0.wp.com\/sistemasead.unicesumar.edu.br\/flex\/amfphp\/services\/Portal\/ImagemQuestionario2\/QUE_245396_635567_3.png\" alt=\"\" \/><\/p>\n<p>c)\u00a0Utilizando os valores\u00a0obtidos de espa\u00e7o (m) e tempo m\u00e9dio (s), construa um gr\u00e1fico de espa\u00e7o (m) versus tempo (s).<\/p>\n<p>d) Utilizando os valores obtidos de velocidade m\u00e9dia (m\/s) e tempo m\u00e9dio (s), construa um gr\u00e1fico de velocidade (m\/s) versus tempo (s).<\/p>\n<p>e) Os gr\u00e1ficos obtidos nos itens anteriores (c\/d) est\u00e3o de acordo com o esperado pela teoria? Caso afirmativo, justifique. Caso contr\u00e1rio, quais poss\u00edveis erros experimentais podem ter causado as discrep\u00e2ncias observadas?<\/p>\n","protected":false},"excerpt":{"rendered":"<p>MAPA \u2013 Material de Avalia\u00e7\u00e3o Pr\u00e1tica da Aprendizagem Instru\u00e7\u00f5es para realiza\u00e7\u00e3o e entrega da atividade 1. Todos os campos acima<\/p>\n","protected":false},"featured_media":2326,"template":"","meta":{"_monsterinsights_skip_tracking":false,"_monsterinsights_sitenote_active":false,"_monsterinsights_sitenote_note":"","_monsterinsights_sitenote_category":0},"product_brand":[],"product_cat":[147],"product_tag":[],"class_list":{"0":"post-5583","1":"product","2":"type-product","3":"status-publish","4":"has-post-thumbnail","6":"product_cat-fisica","8":"first","9":"instock","10":"downloadable","11":"virtual","12":"purchasable","13":"product-type-simple"},"yoast_head":"<!-- This site is optimized with the Yoast SEO plugin v27.4 - https:\/\/yoast.com\/product\/yoast-seo-wordpress\/ -->\n<title>MAPA - F\u00edsica Geral e experimental - 51\/2025<\/title>\n<meta name=\"description\" content=\"Atividade MAPA - F\u00edsica Geral e experimental - 51\/2025 &#8902; Unicesumar. Baixe agora mesmo um Mapa Pronto resolvido!\" \/>\n<meta name=\"robots\" content=\"index, follow, max-snippet:-1, max-image-preview:large, max-video-preview:-1\" \/>\n<link rel=\"canonical\" href=\"https:\/\/atividademapa.com\/?product=mapa-fisica-geral-e-experimental-51-2025\" \/>\n<meta property=\"og:locale\" content=\"pt_BR\" \/>\n<meta property=\"og:type\" content=\"article\" \/>\n<meta property=\"og:title\" content=\"MAPA - F\u00edsica Geral e experimental - 51\/2025\" \/>\n<meta property=\"og:description\" content=\"Atividade MAPA - F\u00edsica Geral e experimental - 51\/2025 &#8902; Unicesumar. Baixe agora mesmo um Mapa Pronto resolvido!\" \/>\n<meta property=\"og:url\" content=\"https:\/\/atividademapa.com\/?product=mapa-fisica-geral-e-experimental-51-2025\" \/>\n<meta property=\"og:site_name\" content=\"Atividade Mapa\" \/>\n<meta property=\"article:modified_time\" content=\"2025-04-21T23:41:40+00:00\" \/>\n<meta property=\"og:image\" content=\"https:\/\/i0.wp.com\/atividademapa.com\/wp-content\/uploads\/2023\/03\/Atividade-M.A.P.A-3.png?fit=300%2C300&ssl=1\" \/>\n\t<meta property=\"og:image:width\" content=\"300\" \/>\n\t<meta property=\"og:image:height\" content=\"300\" \/>\n\t<meta property=\"og:image:type\" content=\"image\/png\" \/>\n<meta name=\"twitter:card\" content=\"summary_large_image\" \/>\n<meta name=\"twitter:label1\" content=\"Est. tempo de leitura\" \/>\n\t<meta name=\"twitter:data1\" content=\"3 minutos\" \/>\n<script type=\"application\/ld+json\" class=\"yoast-schema-graph\">{\"@context\":\"https:\\\/\\\/schema.org\",\"@graph\":[{\"@type\":\"WebPage\",\"@id\":\"https:\\\/\\\/atividademapa.com\\\/?product=mapa-fisica-geral-e-experimental-51-2025\",\"url\":\"https:\\\/\\\/atividademapa.com\\\/?product=mapa-fisica-geral-e-experimental-51-2025\",\"name\":\"MAPA - F\u00edsica Geral e experimental - 51\\\/2025\",\"isPartOf\":{\"@id\":\"https:\\\/\\\/atividademapa.com\\\/#website\"},\"primaryImageOfPage\":{\"@id\":\"https:\\\/\\\/atividademapa.com\\\/?product=mapa-fisica-geral-e-experimental-51-2025#primaryimage\"},\"image\":{\"@id\":\"https:\\\/\\\/atividademapa.com\\\/?product=mapa-fisica-geral-e-experimental-51-2025#primaryimage\"},\"thumbnailUrl\":\"https:\\\/\\\/i0.wp.com\\\/atividademapa.com\\\/wp-content\\\/uploads\\\/2023\\\/03\\\/Atividade-M.A.P.A-3.png?fit=300%2C300&ssl=1\",\"datePublished\":\"2025-04-21T23:41:38+00:00\",\"dateModified\":\"2025-04-21T23:41:40+00:00\",\"description\":\"Atividade MAPA - F\u00edsica Geral e experimental - 51\\\/2025 &#8902; Unicesumar. Baixe agora mesmo um Mapa Pronto resolvido!\",\"breadcrumb\":{\"@id\":\"https:\\\/\\\/atividademapa.com\\\/?product=mapa-fisica-geral-e-experimental-51-2025#breadcrumb\"},\"inLanguage\":\"pt-BR\",\"potentialAction\":[{\"@type\":\"ReadAction\",\"target\":[\"https:\\\/\\\/atividademapa.com\\\/?product=mapa-fisica-geral-e-experimental-51-2025\"]}]},{\"@type\":\"ImageObject\",\"inLanguage\":\"pt-BR\",\"@id\":\"https:\\\/\\\/atividademapa.com\\\/?product=mapa-fisica-geral-e-experimental-51-2025#primaryimage\",\"url\":\"https:\\\/\\\/i0.wp.com\\\/atividademapa.com\\\/wp-content\\\/uploads\\\/2023\\\/03\\\/Atividade-M.A.P.A-3.png?fit=300%2C300&ssl=1\",\"contentUrl\":\"https:\\\/\\\/i0.wp.com\\\/atividademapa.com\\\/wp-content\\\/uploads\\\/2023\\\/03\\\/Atividade-M.A.P.A-3.png?fit=300%2C300&ssl=1\",\"width\":300,\"height\":300,\"caption\":\"Mapa Unicesumar Atividade\"},{\"@type\":\"BreadcrumbList\",\"@id\":\"https:\\\/\\\/atividademapa.com\\\/?product=mapa-fisica-geral-e-experimental-51-2025#breadcrumb\",\"itemListElement\":[{\"@type\":\"ListItem\",\"position\":1,\"name\":\"In\u00edcio\",\"item\":\"https:\\\/\\\/atividademapa.com\\\/\"},{\"@type\":\"ListItem\",\"position\":2,\"name\":\"MAPAS\",\"item\":\"https:\\\/\\\/atividademapa.com\\\/?page_id=5\"},{\"@type\":\"ListItem\",\"position\":3,\"name\":\"MAPA &#8211; F\u00edsica Geral e experimental &#8211; 51\\\/2025\"}]},{\"@type\":\"WebSite\",\"@id\":\"https:\\\/\\\/atividademapa.com\\\/#website\",\"url\":\"https:\\\/\\\/atividademapa.com\\\/\",\"name\":\"Atividade Mapa\",\"description\":\"StudeO | Unicesumar\",\"publisher\":{\"@id\":\"https:\\\/\\\/atividademapa.com\\\/#organization\"},\"potentialAction\":[{\"@type\":\"SearchAction\",\"target\":{\"@type\":\"EntryPoint\",\"urlTemplate\":\"https:\\\/\\\/atividademapa.com\\\/?s={search_term_string}\"},\"query-input\":{\"@type\":\"PropertyValueSpecification\",\"valueRequired\":true,\"valueName\":\"search_term_string\"}}],\"inLanguage\":\"pt-BR\"},{\"@type\":\"Organization\",\"@id\":\"https:\\\/\\\/atividademapa.com\\\/#organization\",\"name\":\"Atividade MAPA\",\"url\":\"https:\\\/\\\/atividademapa.com\\\/\",\"logo\":{\"@type\":\"ImageObject\",\"inLanguage\":\"pt-BR\",\"@id\":\"https:\\\/\\\/atividademapa.com\\\/#\\\/schema\\\/logo\\\/image\\\/\",\"url\":\"https:\\\/\\\/i0.wp.com\\\/atividademapa.com\\\/wp-content\\\/uploads\\\/2023\\\/02\\\/ATIVIDADE.png?fit=600%2C300&ssl=1\",\"contentUrl\":\"https:\\\/\\\/i0.wp.com\\\/atividademapa.com\\\/wp-content\\\/uploads\\\/2023\\\/02\\\/ATIVIDADE.png?fit=600%2C300&ssl=1\",\"width\":600,\"height\":300,\"caption\":\"Atividade MAPA\"},\"image\":{\"@id\":\"https:\\\/\\\/atividademapa.com\\\/#\\\/schema\\\/logo\\\/image\\\/\"}}]}<\/script>\n<!-- \/ Yoast SEO plugin. -->","yoast_head_json":{"title":"MAPA - F\u00edsica Geral e experimental - 51\/2025","description":"Atividade MAPA - F\u00edsica Geral e experimental - 51\/2025 &#8902; Unicesumar. Baixe agora mesmo um Mapa Pronto resolvido!","robots":{"index":"index","follow":"follow","max-snippet":"max-snippet:-1","max-image-preview":"max-image-preview:large","max-video-preview":"max-video-preview:-1"},"canonical":"https:\/\/atividademapa.com\/?product=mapa-fisica-geral-e-experimental-51-2025","og_locale":"pt_BR","og_type":"article","og_title":"MAPA - F\u00edsica Geral e experimental - 51\/2025","og_description":"Atividade MAPA - F\u00edsica Geral e experimental - 51\/2025 &#8902; Unicesumar. Baixe agora mesmo um Mapa Pronto resolvido!","og_url":"https:\/\/atividademapa.com\/?product=mapa-fisica-geral-e-experimental-51-2025","og_site_name":"Atividade Mapa","article_modified_time":"2025-04-21T23:41:40+00:00","og_image":[{"width":300,"height":300,"url":"https:\/\/i0.wp.com\/atividademapa.com\/wp-content\/uploads\/2023\/03\/Atividade-M.A.P.A-3.png?fit=300%2C300&ssl=1","type":"image\/png"}],"twitter_card":"summary_large_image","twitter_misc":{"Est. tempo de leitura":"3 minutos"},"schema":{"@context":"https:\/\/schema.org","@graph":[{"@type":"WebPage","@id":"https:\/\/atividademapa.com\/?product=mapa-fisica-geral-e-experimental-51-2025","url":"https:\/\/atividademapa.com\/?product=mapa-fisica-geral-e-experimental-51-2025","name":"MAPA - F\u00edsica Geral e experimental - 51\/2025","isPartOf":{"@id":"https:\/\/atividademapa.com\/#website"},"primaryImageOfPage":{"@id":"https:\/\/atividademapa.com\/?product=mapa-fisica-geral-e-experimental-51-2025#primaryimage"},"image":{"@id":"https:\/\/atividademapa.com\/?product=mapa-fisica-geral-e-experimental-51-2025#primaryimage"},"thumbnailUrl":"https:\/\/i0.wp.com\/atividademapa.com\/wp-content\/uploads\/2023\/03\/Atividade-M.A.P.A-3.png?fit=300%2C300&ssl=1","datePublished":"2025-04-21T23:41:38+00:00","dateModified":"2025-04-21T23:41:40+00:00","description":"Atividade MAPA - F\u00edsica Geral e experimental - 51\/2025 &#8902; Unicesumar. Baixe agora mesmo um Mapa Pronto resolvido!","breadcrumb":{"@id":"https:\/\/atividademapa.com\/?product=mapa-fisica-geral-e-experimental-51-2025#breadcrumb"},"inLanguage":"pt-BR","potentialAction":[{"@type":"ReadAction","target":["https:\/\/atividademapa.com\/?product=mapa-fisica-geral-e-experimental-51-2025"]}]},{"@type":"ImageObject","inLanguage":"pt-BR","@id":"https:\/\/atividademapa.com\/?product=mapa-fisica-geral-e-experimental-51-2025#primaryimage","url":"https:\/\/i0.wp.com\/atividademapa.com\/wp-content\/uploads\/2023\/03\/Atividade-M.A.P.A-3.png?fit=300%2C300&ssl=1","contentUrl":"https:\/\/i0.wp.com\/atividademapa.com\/wp-content\/uploads\/2023\/03\/Atividade-M.A.P.A-3.png?fit=300%2C300&ssl=1","width":300,"height":300,"caption":"Mapa Unicesumar Atividade"},{"@type":"BreadcrumbList","@id":"https:\/\/atividademapa.com\/?product=mapa-fisica-geral-e-experimental-51-2025#breadcrumb","itemListElement":[{"@type":"ListItem","position":1,"name":"In\u00edcio","item":"https:\/\/atividademapa.com\/"},{"@type":"ListItem","position":2,"name":"MAPAS","item":"https:\/\/atividademapa.com\/?page_id=5"},{"@type":"ListItem","position":3,"name":"MAPA &#8211; F\u00edsica Geral e experimental &#8211; 51\/2025"}]},{"@type":"WebSite","@id":"https:\/\/atividademapa.com\/#website","url":"https:\/\/atividademapa.com\/","name":"Atividade Mapa","description":"StudeO | Unicesumar","publisher":{"@id":"https:\/\/atividademapa.com\/#organization"},"potentialAction":[{"@type":"SearchAction","target":{"@type":"EntryPoint","urlTemplate":"https:\/\/atividademapa.com\/?s={search_term_string}"},"query-input":{"@type":"PropertyValueSpecification","valueRequired":true,"valueName":"search_term_string"}}],"inLanguage":"pt-BR"},{"@type":"Organization","@id":"https:\/\/atividademapa.com\/#organization","name":"Atividade MAPA","url":"https:\/\/atividademapa.com\/","logo":{"@type":"ImageObject","inLanguage":"pt-BR","@id":"https:\/\/atividademapa.com\/#\/schema\/logo\/image\/","url":"https:\/\/i0.wp.com\/atividademapa.com\/wp-content\/uploads\/2023\/02\/ATIVIDADE.png?fit=600%2C300&ssl=1","contentUrl":"https:\/\/i0.wp.com\/atividademapa.com\/wp-content\/uploads\/2023\/02\/ATIVIDADE.png?fit=600%2C300&ssl=1","width":600,"height":300,"caption":"Atividade MAPA"},"image":{"@id":"https:\/\/atividademapa.com\/#\/schema\/logo\/image\/"}}]}},"_links":{"self":[{"href":"https:\/\/atividademapa.com\/index.php?rest_route=\/wp\/v2\/product\/5583","targetHints":{"allow":["GET"]}}],"collection":[{"href":"https:\/\/atividademapa.com\/index.php?rest_route=\/wp\/v2\/product"}],"about":[{"href":"https:\/\/atividademapa.com\/index.php?rest_route=\/wp\/v2\/types\/product"}],"version-history":[{"count":1,"href":"https:\/\/atividademapa.com\/index.php?rest_route=\/wp\/v2\/product\/5583\/revisions"}],"predecessor-version":[{"id":5585,"href":"https:\/\/atividademapa.com\/index.php?rest_route=\/wp\/v2\/product\/5583\/revisions\/5585"}],"wp:featuredmedia":[{"embeddable":true,"href":"https:\/\/atividademapa.com\/index.php?rest_route=\/wp\/v2\/media\/2326"}],"wp:attachment":[{"href":"https:\/\/atividademapa.com\/index.php?rest_route=%2Fwp%2Fv2%2Fmedia&parent=5583"}],"wp:term":[{"taxonomy":"product_brand","embeddable":true,"href":"https:\/\/atividademapa.com\/index.php?rest_route=%2Fwp%2Fv2%2Fproduct_brand&post=5583"},{"taxonomy":"product_cat","embeddable":true,"href":"https:\/\/atividademapa.com\/index.php?rest_route=%2Fwp%2Fv2%2Fproduct_cat&post=5583"},{"taxonomy":"product_tag","embeddable":true,"href":"https:\/\/atividademapa.com\/index.php?rest_route=%2Fwp%2Fv2%2Fproduct_tag&post=5583"}],"curies":[{"name":"wp","href":"https:\/\/api.w.org\/{rel}","templated":true}]}}