{"id":5586,"date":"2025-04-21T20:47:40","date_gmt":"2025-04-21T23:47:40","guid":{"rendered":"https:\/\/atividademapa.com\/?post_type=product&#038;p=5586"},"modified":"2025-04-21T20:50:06","modified_gmt":"2025-04-21T23:50:06","slug":"mapa-analise-ergonomica-do-trabalho-51-2025","status":"publish","type":"product","link":"https:\/\/atividademapa.com\/?product=mapa-analise-ergonomica-do-trabalho-51-2025","title":{"rendered":"MAPA &#8211; An\u00e1lise Ergon\u00f4mica do Trabalho &#8211; 51\/2025"},"content":{"rendered":"<div class=\"panel-heading\">\n<div class=\"panel-title cursor ng-binding\" data-toggle=\"collapse\">Quest\u00e3o 1<\/div>\n<div class=\"panel-controls\">\n<ul>\n<li><\/li>\n<\/ul>\n<\/div>\n<\/div>\n<div class=\"panel-body p-t-20 b-t b-grey\">\n<div class=\"enunciado ng-binding\">\n<div class=\"ng-scope\">\n<p>Ol\u00e1, estudante! Seja bem-vindo \u00e0 atividade MAPA da disciplina de AN\u00c1LISE ERGON\u00d4MICA DO TRABALHO. O tema dessa atividade \u00e9 &#8220;Auditoria ergon\u00f4mica do trabalho para uma ind\u00fastria fict\u00edcia&#8221;. Inicialmente, apresentaremos instru\u00e7\u00f5es gerais sobre a realiza\u00e7\u00e3o e entrega da atividade, seguidas por uma contextualiza\u00e7\u00e3o sobre a tem\u00e1tica abordada e, finalmente, o desenvolvimento da sua atividade.<\/p>\n<p>Orienta\u00e7\u00f5es adicionais:<br \/>\n&#8211; Essa \u00e9 uma atividade individual. Portanto, trabalhos com pl\u00e1gio, copiados da internet ou de outros estudantes ser\u00e3o desconsiderados.<br \/>\n&#8211; Fa\u00e7a o download do Formul\u00e1rio Padr\u00e3o para resposta (obrigat\u00f3rio) do MAPA, dispon\u00edvel no &#8220;Material da Disciplina&#8221;.<br \/>\n&#8211; Assista ao v\u00eddeo de explica\u00e7\u00e3o da atividade, dispon\u00edvel na &#8220;Sala do Caf\u00e9&#8221;.<br \/>\n&#8211; Leia atentamente o case apresentado.<br \/>\n&#8211; Responda a todos os itens solicitados, conforme a estrutura apresentada no Formul\u00e1rio Padr\u00e3o.<br \/>\n&#8211; Fundamente suas respostas com cita\u00e7\u00f5es de autores e\/ou documentos da \u00e1rea de ergonomia e seguran\u00e7a do trabalho, incluindo corretamente as refer\u00eancias.<br \/>\n&#8211; Salve o formul\u00e1rio padr\u00e3o com um nome simples para evitar confus\u00f5es no momento do envio.<br \/>\n&#8211; Anexe seu arquivo no espa\u00e7o designado para a atividade MAPA e clique em &#8220;Responder&#8221;.<br \/>\n&#8211; Certifique-se de que o arquivo enviado \u00e9 o correto. Sugerimos que voc\u00ea clique no link gerado da sua atividade, fa\u00e7a o download e confira o arquivo antes de clicar em \u201cFinalizar\u201d.<br \/>\n&#8211; Trabalhos que apresentarem c\u00f3pia indevida n\u00e3o ser\u00e3o avaliados.<br \/>\n&#8211; A equipe de media\u00e7\u00e3o est\u00e1 \u00e0 sua disposi\u00e7\u00e3o para o atendimento das d\u00favidas por meio do \u201cFale com o Mediador\u201d em seu Studeo. Aproveite essa ferramenta!<\/p>\n<p>A an\u00e1lise ergon\u00f4mica do trabalho \u00e9 uma ferramenta poderosa para identificar e corrigir falhas que comprometem a sa\u00fade dos trabalhadores e a efici\u00eancia dos processos produtivos. Em ind\u00fastrias que lidam com ferramentas e transporte de cargas, os desafios ergon\u00f4micos s\u00e3o amplificados devido \u00e0 exposi\u00e7\u00e3o frequente a esfor\u00e7os f\u00edsicos, posturas inadequadas e uso intensivo de equipamentos. Esses cen\u00e1rios exigem uma abordagem met\u00f3dica para avaliar riscos, propor interven\u00e7\u00f5es e garantir que as condi\u00e7\u00f5es de trabalho estejam alinhadas \u00e0s normas regulamentadoras e aos princ\u00edpios ergon\u00f4micos.<\/p>\n<p>Com isso em mente, voc\u00eas ter\u00e3o a oportunidade de colocar em pr\u00e1tica os conceitos aprendidos ao realizar uma auditoria ergon\u00f4mica em uma ind\u00fastria fict\u00edcia do setor de ferramentas e transporte de cargas. A proposta \u00e9 que voc\u00eas desenvolvam habilidades anal\u00edticas e cr\u00edticas, compreendendo as demandas reais dos ambientes industriais.<\/p>\n<p>Atividade:Sua tarefa ser\u00e1 realizar uma auditoria ergon\u00f4mica na ind\u00fastria fict\u00edcia \u201cIron Industrial\u201d, especializada na produ\u00e7\u00e3o de ferramentas e na presta\u00e7\u00e3o de servi\u00e7os de transporte de cargas.<br \/>\nPara isso, utilizaremos nosso ambiente virtual:<br \/>\nVoc\u00ea tem dispon\u00edvel os laborat\u00f3rios virtuais na aba esquerda do seu Studeo e acesse: &#8211;&gt; SEGURAN\u00c7A DO TRABALHO &#8211;&gt; ERGONOMIA E SEGURAN\u00c7A INDUSTRIAL &#8211; VERIFICA\u00c7\u00c3O DE INCONFORMIDADES EM UM AMBIENTE INDUSTRIAL &#8211; ID 169. Ap\u00f3s realizar a leitura da apresenta\u00e7\u00e3o do experimento, do sum\u00e1rio te\u00f3rico, do roteiro e de realizar o pr\u00e9-teste, fa\u00e7a a pr\u00e1tica virtual, responda \u00e0s quest\u00f5es do teste e, por fim:<\/p>\n<p>Elabore um relat\u00f3rio da sua auditoria contendo:<\/p>\n<p>Introdu\u00e7\u00e3o com a descri\u00e7\u00e3o da ind\u00fastria e o objetivo da auditoria.<br \/>\nAn\u00e1lise das condi\u00e7\u00f5es de trabalho encontradas, utilizando evid\u00eancias registradas (prints da tela da pr\u00e1tica).<br \/>\nPropostas de melhorias e justificativas t\u00e9cnicas para as recomenda\u00e7\u00f5es.<br \/>\nConclus\u00e3o destacando os impactos esperados das melhorias propostas em termos de sa\u00fade e produtividade.Se preferir, pode realizar a atividade &#8211; Levantamento ao Cumprimento das Exig\u00eancias da NR 17 (Checklist) &#8211; ID 1219 &#8211; no ambiente virtual, para se familiarizar com uma auditoria.<\/p>\n<\/div>\n<\/div>\n<\/div>\n","protected":false},"excerpt":{"rendered":"<p>Quest\u00e3o 1 Ol\u00e1, estudante! Seja bem-vindo \u00e0 atividade MAPA da disciplina de AN\u00c1LISE ERGON\u00d4MICA DO TRABALHO. O tema dessa atividade<\/p>\n","protected":false},"featured_media":2326,"template":"","meta":{"_monsterinsights_skip_tracking":false,"_monsterinsights_sitenote_active":false,"_monsterinsights_sitenote_note":"","_monsterinsights_sitenote_category":0},"product_brand":[],"product_cat":[29],"product_tag":[],"class_list":{"0":"post-5586","1":"product","2":"type-product","3":"status-publish","4":"has-post-thumbnail","6":"product_cat-gestao-de-qualidade","8":"first","9":"instock","10":"downloadable","11":"virtual","12":"purchasable","13":"product-type-simple"},"yoast_head":"<!-- This site is optimized with the Yoast SEO plugin v27.4 - https:\/\/yoast.com\/product\/yoast-seo-wordpress\/ -->\n<title>MAPA - An\u00e1lise Ergon\u00f4mica do Trabalho - 51\/2025<\/title>\n<meta name=\"description\" content=\"Atividade MAPA - An\u00e1lise Ergon\u00f4mica do Trabalho - 51\/2025 &#8902; Unicesumar. Baixe agora mesmo um Mapa Pronto resolvido!\" \/>\n<meta name=\"robots\" content=\"index, follow, max-snippet:-1, max-image-preview:large, max-video-preview:-1\" \/>\n<link rel=\"canonical\" href=\"https:\/\/atividademapa.com\/?product=mapa-analise-ergonomica-do-trabalho-51-2025\" \/>\n<meta property=\"og:locale\" content=\"pt_BR\" \/>\n<meta property=\"og:type\" content=\"article\" \/>\n<meta property=\"og:title\" content=\"MAPA - An\u00e1lise Ergon\u00f4mica do Trabalho - 51\/2025\" \/>\n<meta property=\"og:description\" content=\"Atividade MAPA - An\u00e1lise Ergon\u00f4mica do Trabalho - 51\/2025 &#8902; Unicesumar. Baixe agora mesmo um Mapa Pronto resolvido!\" \/>\n<meta property=\"og:url\" content=\"https:\/\/atividademapa.com\/?product=mapa-analise-ergonomica-do-trabalho-51-2025\" \/>\n<meta property=\"og:site_name\" content=\"Atividade Mapa\" \/>\n<meta property=\"article:modified_time\" content=\"2025-04-21T23:50:06+00:00\" \/>\n<meta property=\"og:image\" content=\"https:\/\/i0.wp.com\/atividademapa.com\/wp-content\/uploads\/2023\/03\/Atividade-M.A.P.A-3.png?fit=300%2C300&ssl=1\" \/>\n\t<meta property=\"og:image:width\" content=\"300\" \/>\n\t<meta property=\"og:image:height\" content=\"300\" \/>\n\t<meta property=\"og:image:type\" content=\"image\/png\" \/>\n<meta name=\"twitter:card\" content=\"summary_large_image\" \/>\n<meta name=\"twitter:label1\" content=\"Est. tempo de leitura\" \/>\n\t<meta name=\"twitter:data1\" content=\"3 minutos\" \/>\n<script type=\"application\/ld+json\" class=\"yoast-schema-graph\">{\"@context\":\"https:\\\/\\\/schema.org\",\"@graph\":[{\"@type\":\"WebPage\",\"@id\":\"https:\\\/\\\/atividademapa.com\\\/?product=mapa-analise-ergonomica-do-trabalho-51-2025\",\"url\":\"https:\\\/\\\/atividademapa.com\\\/?product=mapa-analise-ergonomica-do-trabalho-51-2025\",\"name\":\"MAPA - An\u00e1lise Ergon\u00f4mica do Trabalho - 51\\\/2025\",\"isPartOf\":{\"@id\":\"https:\\\/\\\/atividademapa.com\\\/#website\"},\"primaryImageOfPage\":{\"@id\":\"https:\\\/\\\/atividademapa.com\\\/?product=mapa-analise-ergonomica-do-trabalho-51-2025#primaryimage\"},\"image\":{\"@id\":\"https:\\\/\\\/atividademapa.com\\\/?product=mapa-analise-ergonomica-do-trabalho-51-2025#primaryimage\"},\"thumbnailUrl\":\"https:\\\/\\\/i0.wp.com\\\/atividademapa.com\\\/wp-content\\\/uploads\\\/2023\\\/03\\\/Atividade-M.A.P.A-3.png?fit=300%2C300&ssl=1\",\"datePublished\":\"2025-04-21T23:47:40+00:00\",\"dateModified\":\"2025-04-21T23:50:06+00:00\",\"description\":\"Atividade MAPA - An\u00e1lise Ergon\u00f4mica do Trabalho - 51\\\/2025 &#8902; Unicesumar. Baixe agora mesmo um Mapa Pronto resolvido!\",\"breadcrumb\":{\"@id\":\"https:\\\/\\\/atividademapa.com\\\/?product=mapa-analise-ergonomica-do-trabalho-51-2025#breadcrumb\"},\"inLanguage\":\"pt-BR\",\"potentialAction\":[{\"@type\":\"ReadAction\",\"target\":[\"https:\\\/\\\/atividademapa.com\\\/?product=mapa-analise-ergonomica-do-trabalho-51-2025\"]}]},{\"@type\":\"ImageObject\",\"inLanguage\":\"pt-BR\",\"@id\":\"https:\\\/\\\/atividademapa.com\\\/?product=mapa-analise-ergonomica-do-trabalho-51-2025#primaryimage\",\"url\":\"https:\\\/\\\/i0.wp.com\\\/atividademapa.com\\\/wp-content\\\/uploads\\\/2023\\\/03\\\/Atividade-M.A.P.A-3.png?fit=300%2C300&ssl=1\",\"contentUrl\":\"https:\\\/\\\/i0.wp.com\\\/atividademapa.com\\\/wp-content\\\/uploads\\\/2023\\\/03\\\/Atividade-M.A.P.A-3.png?fit=300%2C300&ssl=1\",\"width\":300,\"height\":300,\"caption\":\"Mapa Unicesumar Atividade\"},{\"@type\":\"BreadcrumbList\",\"@id\":\"https:\\\/\\\/atividademapa.com\\\/?product=mapa-analise-ergonomica-do-trabalho-51-2025#breadcrumb\",\"itemListElement\":[{\"@type\":\"ListItem\",\"position\":1,\"name\":\"In\u00edcio\",\"item\":\"https:\\\/\\\/atividademapa.com\\\/\"},{\"@type\":\"ListItem\",\"position\":2,\"name\":\"MAPAS\",\"item\":\"https:\\\/\\\/atividademapa.com\\\/?page_id=5\"},{\"@type\":\"ListItem\",\"position\":3,\"name\":\"MAPA &#8211; An\u00e1lise Ergon\u00f4mica do Trabalho &#8211; 51\\\/2025\"}]},{\"@type\":\"WebSite\",\"@id\":\"https:\\\/\\\/atividademapa.com\\\/#website\",\"url\":\"https:\\\/\\\/atividademapa.com\\\/\",\"name\":\"Atividade Mapa\",\"description\":\"StudeO | Unicesumar\",\"publisher\":{\"@id\":\"https:\\\/\\\/atividademapa.com\\\/#organization\"},\"potentialAction\":[{\"@type\":\"SearchAction\",\"target\":{\"@type\":\"EntryPoint\",\"urlTemplate\":\"https:\\\/\\\/atividademapa.com\\\/?s={search_term_string}\"},\"query-input\":{\"@type\":\"PropertyValueSpecification\",\"valueRequired\":true,\"valueName\":\"search_term_string\"}}],\"inLanguage\":\"pt-BR\"},{\"@type\":\"Organization\",\"@id\":\"https:\\\/\\\/atividademapa.com\\\/#organization\",\"name\":\"Atividade MAPA\",\"url\":\"https:\\\/\\\/atividademapa.com\\\/\",\"logo\":{\"@type\":\"ImageObject\",\"inLanguage\":\"pt-BR\",\"@id\":\"https:\\\/\\\/atividademapa.com\\\/#\\\/schema\\\/logo\\\/image\\\/\",\"url\":\"https:\\\/\\\/i0.wp.com\\\/atividademapa.com\\\/wp-content\\\/uploads\\\/2023\\\/02\\\/ATIVIDADE.png?fit=600%2C300&ssl=1\",\"contentUrl\":\"https:\\\/\\\/i0.wp.com\\\/atividademapa.com\\\/wp-content\\\/uploads\\\/2023\\\/02\\\/ATIVIDADE.png?fit=600%2C300&ssl=1\",\"width\":600,\"height\":300,\"caption\":\"Atividade MAPA\"},\"image\":{\"@id\":\"https:\\\/\\\/atividademapa.com\\\/#\\\/schema\\\/logo\\\/image\\\/\"}}]}<\/script>\n<!-- \/ Yoast SEO plugin. -->","yoast_head_json":{"title":"MAPA - An\u00e1lise Ergon\u00f4mica do Trabalho - 51\/2025","description":"Atividade MAPA - An\u00e1lise Ergon\u00f4mica do Trabalho - 51\/2025 &#8902; Unicesumar. Baixe agora mesmo um Mapa Pronto resolvido!","robots":{"index":"index","follow":"follow","max-snippet":"max-snippet:-1","max-image-preview":"max-image-preview:large","max-video-preview":"max-video-preview:-1"},"canonical":"https:\/\/atividademapa.com\/?product=mapa-analise-ergonomica-do-trabalho-51-2025","og_locale":"pt_BR","og_type":"article","og_title":"MAPA - An\u00e1lise Ergon\u00f4mica do Trabalho - 51\/2025","og_description":"Atividade MAPA - An\u00e1lise Ergon\u00f4mica do Trabalho - 51\/2025 &#8902; Unicesumar. Baixe agora mesmo um Mapa Pronto resolvido!","og_url":"https:\/\/atividademapa.com\/?product=mapa-analise-ergonomica-do-trabalho-51-2025","og_site_name":"Atividade Mapa","article_modified_time":"2025-04-21T23:50:06+00:00","og_image":[{"width":300,"height":300,"url":"https:\/\/i0.wp.com\/atividademapa.com\/wp-content\/uploads\/2023\/03\/Atividade-M.A.P.A-3.png?fit=300%2C300&ssl=1","type":"image\/png"}],"twitter_card":"summary_large_image","twitter_misc":{"Est. tempo de leitura":"3 minutos"},"schema":{"@context":"https:\/\/schema.org","@graph":[{"@type":"WebPage","@id":"https:\/\/atividademapa.com\/?product=mapa-analise-ergonomica-do-trabalho-51-2025","url":"https:\/\/atividademapa.com\/?product=mapa-analise-ergonomica-do-trabalho-51-2025","name":"MAPA - An\u00e1lise Ergon\u00f4mica do Trabalho - 51\/2025","isPartOf":{"@id":"https:\/\/atividademapa.com\/#website"},"primaryImageOfPage":{"@id":"https:\/\/atividademapa.com\/?product=mapa-analise-ergonomica-do-trabalho-51-2025#primaryimage"},"image":{"@id":"https:\/\/atividademapa.com\/?product=mapa-analise-ergonomica-do-trabalho-51-2025#primaryimage"},"thumbnailUrl":"https:\/\/i0.wp.com\/atividademapa.com\/wp-content\/uploads\/2023\/03\/Atividade-M.A.P.A-3.png?fit=300%2C300&ssl=1","datePublished":"2025-04-21T23:47:40+00:00","dateModified":"2025-04-21T23:50:06+00:00","description":"Atividade MAPA - An\u00e1lise Ergon\u00f4mica do Trabalho - 51\/2025 &#8902; Unicesumar. Baixe agora mesmo um Mapa Pronto resolvido!","breadcrumb":{"@id":"https:\/\/atividademapa.com\/?product=mapa-analise-ergonomica-do-trabalho-51-2025#breadcrumb"},"inLanguage":"pt-BR","potentialAction":[{"@type":"ReadAction","target":["https:\/\/atividademapa.com\/?product=mapa-analise-ergonomica-do-trabalho-51-2025"]}]},{"@type":"ImageObject","inLanguage":"pt-BR","@id":"https:\/\/atividademapa.com\/?product=mapa-analise-ergonomica-do-trabalho-51-2025#primaryimage","url":"https:\/\/i0.wp.com\/atividademapa.com\/wp-content\/uploads\/2023\/03\/Atividade-M.A.P.A-3.png?fit=300%2C300&ssl=1","contentUrl":"https:\/\/i0.wp.com\/atividademapa.com\/wp-content\/uploads\/2023\/03\/Atividade-M.A.P.A-3.png?fit=300%2C300&ssl=1","width":300,"height":300,"caption":"Mapa Unicesumar Atividade"},{"@type":"BreadcrumbList","@id":"https:\/\/atividademapa.com\/?product=mapa-analise-ergonomica-do-trabalho-51-2025#breadcrumb","itemListElement":[{"@type":"ListItem","position":1,"name":"In\u00edcio","item":"https:\/\/atividademapa.com\/"},{"@type":"ListItem","position":2,"name":"MAPAS","item":"https:\/\/atividademapa.com\/?page_id=5"},{"@type":"ListItem","position":3,"name":"MAPA &#8211; An\u00e1lise Ergon\u00f4mica do Trabalho &#8211; 51\/2025"}]},{"@type":"WebSite","@id":"https:\/\/atividademapa.com\/#website","url":"https:\/\/atividademapa.com\/","name":"Atividade Mapa","description":"StudeO | Unicesumar","publisher":{"@id":"https:\/\/atividademapa.com\/#organization"},"potentialAction":[{"@type":"SearchAction","target":{"@type":"EntryPoint","urlTemplate":"https:\/\/atividademapa.com\/?s={search_term_string}"},"query-input":{"@type":"PropertyValueSpecification","valueRequired":true,"valueName":"search_term_string"}}],"inLanguage":"pt-BR"},{"@type":"Organization","@id":"https:\/\/atividademapa.com\/#organization","name":"Atividade MAPA","url":"https:\/\/atividademapa.com\/","logo":{"@type":"ImageObject","inLanguage":"pt-BR","@id":"https:\/\/atividademapa.com\/#\/schema\/logo\/image\/","url":"https:\/\/i0.wp.com\/atividademapa.com\/wp-content\/uploads\/2023\/02\/ATIVIDADE.png?fit=600%2C300&ssl=1","contentUrl":"https:\/\/i0.wp.com\/atividademapa.com\/wp-content\/uploads\/2023\/02\/ATIVIDADE.png?fit=600%2C300&ssl=1","width":600,"height":300,"caption":"Atividade MAPA"},"image":{"@id":"https:\/\/atividademapa.com\/#\/schema\/logo\/image\/"}}]}},"_links":{"self":[{"href":"https:\/\/atividademapa.com\/index.php?rest_route=\/wp\/v2\/product\/5586","targetHints":{"allow":["GET"]}}],"collection":[{"href":"https:\/\/atividademapa.com\/index.php?rest_route=\/wp\/v2\/product"}],"about":[{"href":"https:\/\/atividademapa.com\/index.php?rest_route=\/wp\/v2\/types\/product"}],"version-history":[{"count":2,"href":"https:\/\/atividademapa.com\/index.php?rest_route=\/wp\/v2\/product\/5586\/revisions"}],"predecessor-version":[{"id":5589,"href":"https:\/\/atividademapa.com\/index.php?rest_route=\/wp\/v2\/product\/5586\/revisions\/5589"}],"wp:featuredmedia":[{"embeddable":true,"href":"https:\/\/atividademapa.com\/index.php?rest_route=\/wp\/v2\/media\/2326"}],"wp:attachment":[{"href":"https:\/\/atividademapa.com\/index.php?rest_route=%2Fwp%2Fv2%2Fmedia&parent=5586"}],"wp:term":[{"taxonomy":"product_brand","embeddable":true,"href":"https:\/\/atividademapa.com\/index.php?rest_route=%2Fwp%2Fv2%2Fproduct_brand&post=5586"},{"taxonomy":"product_cat","embeddable":true,"href":"https:\/\/atividademapa.com\/index.php?rest_route=%2Fwp%2Fv2%2Fproduct_cat&post=5586"},{"taxonomy":"product_tag","embeddable":true,"href":"https:\/\/atividademapa.com\/index.php?rest_route=%2Fwp%2Fv2%2Fproduct_tag&post=5586"}],"curies":[{"name":"wp","href":"https:\/\/api.w.org\/{rel}","templated":true}]}}